{"id":86208,"date":"2021-09-02T18:48:05","date_gmt":"2021-09-02T16:48:05","guid":{"rendered":"https:\/\/svetslik.si\/uncategorized\/moderna-slika-karnelije\/"},"modified":"2024-07-04T17:26:22","modified_gmt":"2024-07-04T15:26:22","slug":"art-for-wall-carnations","status":"publish","type":"product","link":"https:\/\/svetslik.si\/en\/wall-art-paintings-on-canvas-single-panel\/art-for-wall-carnations\/","title":{"rendered":"Art for wall &#8211; Carnations"},"content":{"rendered":"<div class=\"wpb-content-wrapper\">[vc_row css=&#8221;.vc_custom_1677159534983{margin-bottom: 10px !important;}&#8221;][vc_column]\t<div class=\"et-image-941 et-image     et_image_link\">\n\t\t<div class=\"et-image-inner \">\n\t\t\t\t\t\t\t<div class=\"et-image-thumb \">\n\t\t\t\t\t<img decoding=\"async\" width=\"2560\" height=\"1441\" src=\"https:\/\/svetslik.si\/wp-content\/uploads\/2021\/09\/slike-na-platnu-kernelije-scaled.jpg\" class=\"attachment-full\" alt=\"Art for wall - Carnations\" title=\"Art for wall - Carnations\" srcset=\"https:\/\/svetslik.si\/wp-content\/uploads\/2021\/09\/slike-na-platnu-kernelije-scaled.jpg 2560w, https:\/\/svetslik.si\/wp-content\/uploads\/2021\/09\/slike-na-platnu-kernelije-scaled-600x338.jpg 600w, https:\/\/svetslik.si\/wp-content\/uploads\/2021\/09\/slike-na-platnu-kernelije-scaled-1200x675.jpg 1200w, https:\/\/svetslik.si\/wp-content\/uploads\/2021\/09\/slike-na-platnu-kernelije-300x169.jpg 300w, https:\/\/svetslik.si\/wp-content\/uploads\/2021\/09\/slike-na-platnu-kernelije-1024x577.jpg 1024w, https:\/\/svetslik.si\/wp-content\/uploads\/2021\/09\/slike-na-platnu-kernelije-768x432.jpg 768w, https:\/\/svetslik.si\/wp-content\/uploads\/2021\/09\/slike-na-platnu-kernelije-1536x865.jpg 1536w, https:\/\/svetslik.si\/wp-content\/uploads\/2021\/09\/slike-na-platnu-kernelije-2048x1153.jpg 2048w, https:\/\/svetslik.si\/wp-content\/uploads\/2021\/09\/slike-na-platnu-kernelije-18x10.jpg 18w, https:\/\/svetslik.si\/wp-content\/uploads\/2021\/09\/slike-na-platnu-kernelije-150x84.jpg 150w\" sizes=\"(max-width: 2560px) 100vw, 2560px\" \/>\t\t\t\t<\/div>\n\t\t\t\t\t\t\t\t\t\t\t<\/div>\n\t<\/div>\n  [\/vc_column][\/vc_row][vc_row css=&#8221;.vc_custom_1677159534983{margin-bottom: 10px !important;}&#8221;][vc_column]\t<div class=\"et-image-40 et-image     et_image_link\">\n\t\t<div class=\"et-image-inner \">\n\t\t\t\t\t\t\t<div class=\"et-image-thumb \">\n\t\t\t\t\t<img decoding=\"async\" width=\"2560\" height=\"1441\" src=\"https:\/\/svetslik.si\/wp-content\/uploads\/2021\/09\/slike-na-platnu-kernelije1-scaled.jpg\" class=\"attachment-full\" alt=\"Art for wall - Carnations\" title=\"Art for wall - Carnations\" srcset=\"https:\/\/svetslik.si\/wp-content\/uploads\/2021\/09\/slike-na-platnu-kernelije1-scaled.jpg 2560w, https:\/\/svetslik.si\/wp-content\/uploads\/2021\/09\/slike-na-platnu-kernelije1-scaled-600x338.jpg 600w, https:\/\/svetslik.si\/wp-content\/uploads\/2021\/09\/slike-na-platnu-kernelije1-scaled-1200x675.jpg 1200w, https:\/\/svetslik.si\/wp-content\/uploads\/2021\/09\/slike-na-platnu-kernelije1-300x169.jpg 300w, https:\/\/svetslik.si\/wp-content\/uploads\/2021\/09\/slike-na-platnu-kernelije1-1024x577.jpg 1024w, https:\/\/svetslik.si\/wp-content\/uploads\/2021\/09\/slike-na-platnu-kernelije1-768x432.jpg 768w, https:\/\/svetslik.si\/wp-content\/uploads\/2021\/09\/slike-na-platnu-kernelije1-1536x865.jpg 1536w, https:\/\/svetslik.si\/wp-content\/uploads\/2021\/09\/slike-na-platnu-kernelije1-2048x1153.jpg 2048w, https:\/\/svetslik.si\/wp-content\/uploads\/2021\/09\/slike-na-platnu-kernelije1-18x10.jpg 18w, https:\/\/svetslik.si\/wp-content\/uploads\/2021\/09\/slike-na-platnu-kernelije1-150x84.jpg 150w\" sizes=\"(max-width: 2560px) 100vw, 2560px\" \/>\t\t\t\t<\/div>\n\t\t\t\t\t\t\t\t\t\t\t<\/div>\n\t<\/div>\n  [\/vc_column][\/vc_row][vc_row css=&#8221;.vc_custom_1677159534983{margin-bottom: 10px !important;}&#8221;][vc_column]\t<div class=\"et-image-459 et-image     et_image_link\">\n\t\t<div class=\"et-image-inner \">\n\t\t\t\t\t\t\t<div class=\"et-image-thumb \">\n\t\t\t\t\t<img decoding=\"async\" width=\"2560\" height=\"1441\" src=\"https:\/\/svetslik.si\/wp-content\/uploads\/2021\/09\/slike-na-platnu-kernelije2-scaled.jpg\" class=\"attachment-full\" alt=\"Art for wall - Carnations\" title=\"Art for wall - Carnations\" srcset=\"https:\/\/svetslik.si\/wp-content\/uploads\/2021\/09\/slike-na-platnu-kernelije2-scaled.jpg 2560w, https:\/\/svetslik.si\/wp-content\/uploads\/2021\/09\/slike-na-platnu-kernelije2-scaled-600x338.jpg 600w, https:\/\/svetslik.si\/wp-content\/uploads\/2021\/09\/slike-na-platnu-kernelije2-scaled-1200x675.jpg 1200w, https:\/\/svetslik.si\/wp-content\/uploads\/2021\/09\/slike-na-platnu-kernelije2-300x169.jpg 300w, https:\/\/svetslik.si\/wp-content\/uploads\/2021\/09\/slike-na-platnu-kernelije2-1024x577.jpg 1024w, https:\/\/svetslik.si\/wp-content\/uploads\/2021\/09\/slike-na-platnu-kernelije2-768x432.jpg 768w, https:\/\/svetslik.si\/wp-content\/uploads\/2021\/09\/slike-na-platnu-kernelije2-1536x865.jpg 1536w, https:\/\/svetslik.si\/wp-content\/uploads\/2021\/09\/slike-na-platnu-kernelije2-2048x1153.jpg 2048w, https:\/\/svetslik.si\/wp-content\/uploads\/2021\/09\/slike-na-platnu-kernelije2-18x10.jpg 18w, https:\/\/svetslik.si\/wp-content\/uploads\/2021\/09\/slike-na-platnu-kernelije2-150x84.jpg 150w\" sizes=\"(max-width: 2560px) 100vw, 2560px\" \/>\t\t\t\t<\/div>\n\t\t\t\t\t\t\t\t\t\t\t<\/div>\n\t<\/div>\n  [\/vc_column][\/vc_row]\n<\/div>","protected":false},"excerpt":{"rendered":"<p>[vc_row css=&#8221;.vc_custom_1677159534983{margin-bottom: 10px !important;}&#8221;][vc_column][\/vc_column][\/vc_row][vc_row css=&#8221;.vc_custom_1677159534983{margin-bottom: 10px !important;}&#8221;][vc_column][\/vc_column][\/vc_row][vc_row css=&#8221;.vc_custom_1677159534983{margin-bottom: 10px !important;}&#8221;][vc_column][\/vc_column][\/vc_row]<\/p>\n","protected":false},"featured_media":78908,"template":"","meta":{"_acf_changed":false},"product_brand":[],"product_cat":[9818],"product_tag":[9825,9847,9833,9876,9882,9872,9874,9859,9878,9873,9871,9879],"class_list":{"0":"post-86208","1":"product","2":"type-product","3":"status-publish","4":"has-post-thumbnail","6":"product_cat-wall-art-paintings-on-canvas-single-panel","7":"product_tag-abstract-wall-art","8":"product_tag-modern-paintings","9":"product_tag-modern-wall-art","10":"product_tag-online-gallery","11":"product_tag-paintings","12":"product_tag-paintings-for-livingroom","13":"product_tag-paintings-for-the-living-room","14":"product_tag-sale-of-paintings","15":"product_tag-wall-art-en","16":"product_tag-wall-art","17":"product_tag-wall-art-on-canvas","18":"product_tag-wall-artwork","19":"pa_dimenzija-150-x-50-cm-en","20":"pa_dimenzija-180-x-60-cm-en","21":"pa_dimenzija-40-x-100-cm-en","22":"pa_oblika-horizontal","23":"pa_okvir-without-frame","24":"pa_podokvir-without","25":"pa_podokvir-yes","27":"first","28":"onbackorder","29":"purchasable","30":"product-type-variable","31":"has-default-attributes"},"acf":[],"yoast_head":"<!-- This site is optimized with the Yoast SEO Premium plugin v26.0 (Yoast SEO v27.2) - https:\/\/yoast.com\/product\/yoast-seo-premium-wordpress\/ -->\n<title>Art for wall - Carnations - SVETSLIK.SI - 100% hand painted<\/title>\n<meta name=\"description\" content=\"Art for wall - Carnations - 100% hand-painted painting on canvas. Wall art, abstract paintings, reproduction of famous painting and custom paintings made by order.\" \/>\n<meta name=\"robots\" content=\"index, follow, max-snippet:-1, max-image-preview:large, max-video-preview:-1\" \/>\n<link rel=\"canonical\" href=\"https:\/\/svetslik.si\/en\/wall-art-paintings-on-canvas-single-panel\/art-for-wall-carnations\/\" \/>\n<meta property=\"og:locale\" content=\"en_US\" \/>\n<meta property=\"og:type\" content=\"article\" \/>\n<meta property=\"og:title\" content=\"Art for wall - Carnations\" \/>\n<meta property=\"og:description\" content=\"100% ro\u010dno naslikane slike na platnu, reprodukcije znanih slikarjev in umetni\u0161ke slike po naro\u010dilu.\" \/>\n<meta property=\"og:url\" content=\"https:\/\/svetslik.si\/en\/wall-art-paintings-on-canvas-single-panel\/art-for-wall-carnations\/\" \/>\n<meta property=\"og:site_name\" content=\"SVETSLIK.SI\" \/>\n<meta property=\"article:publisher\" content=\"https:\/\/www.facebook.com\/svetslik.si\" \/>\n<meta property=\"article:modified_time\" content=\"2024-07-04T15:26:22+00:00\" \/>\n<meta property=\"og:image\" content=\"https:\/\/svetslik.si\/wp-content\/uploads\/2021\/08\/image_Moderna-slika-Karnelije_680.jpg\" \/>\n\t<meta property=\"og:image:width\" content=\"680\" \/>\n\t<meta property=\"og:image:height\" content=\"228\" \/>\n\t<meta property=\"og:image:type\" content=\"image\/jpeg\" \/>\n<meta name=\"twitter:card\" content=\"summary_large_image\" \/>\n<meta name=\"twitter:site\" content=\"@svetslik\" \/>\n<meta name=\"twitter:label1\" content=\"Availability\" \/>\n\t<meta name=\"twitter:data1\" content=\"On backorder\" \/>\n<script type=\"application\/ld+json\" class=\"yoast-schema-graph\">{\"@context\":\"https:\/\/schema.org\",\"@graph\":[{\"@type\":[\"WebPage\",\"ItemPage\"],\"@id\":\"https:\/\/svetslik.si\/en\/wall-art-paintings-on-canvas-single-panel\/art-for-wall-carnations\/\",\"url\":\"https:\/\/svetslik.si\/en\/wall-art-paintings-on-canvas-single-panel\/art-for-wall-carnations\/\",\"name\":\"Art for wall - Carnations - SVETSLIK.SI - 100% hand painted\",\"isPartOf\":{\"@id\":\"https:\/\/svetslik.si\/en\/#website\"},\"primaryImageOfPage\":{\"@id\":\"https:\/\/svetslik.si\/en\/wall-art-paintings-on-canvas-single-panel\/art-for-wall-carnations\/#primaryimage\"},\"image\":{\"@id\":\"https:\/\/svetslik.si\/en\/wall-art-paintings-on-canvas-single-panel\/art-for-wall-carnations\/#primaryimage\"},\"thumbnailUrl\":\"https:\/\/svetslik.si\/wp-content\/uploads\/2021\/08\/image_Moderna-slika-Karnelije_680.jpg\",\"datePublished\":\"2021-09-02T16:48:05+00:00\",\"dateModified\":\"2024-07-04T15:26:22+00:00\",\"description\":\"Art for wall - Carnations - 100% hand-painted painting on canvas. Wall art, abstract paintings, reproduction of famous painting and custom paintings made by order.\",\"breadcrumb\":{\"@id\":\"https:\/\/svetslik.si\/en\/wall-art-paintings-on-canvas-single-panel\/art-for-wall-carnations\/#breadcrumb\"},\"inLanguage\":\"en-US\",\"potentialAction\":[{\"@type\":\"ReadAction\",\"target\":[\"https:\/\/svetslik.si\/en\/wall-art-paintings-on-canvas-single-panel\/art-for-wall-carnations\/\"]}]},{\"@type\":\"ImageObject\",\"inLanguage\":\"en-US\",\"@id\":\"https:\/\/svetslik.si\/en\/wall-art-paintings-on-canvas-single-panel\/art-for-wall-carnations\/#primaryimage\",\"url\":\"https:\/\/svetslik.si\/wp-content\/uploads\/2021\/08\/image_Moderna-slika-Karnelije_680.jpg\",\"contentUrl\":\"https:\/\/svetslik.si\/wp-content\/uploads\/2021\/08\/image_Moderna-slika-Karnelije_680.jpg\",\"width\":680,\"height\":228,\"caption\":\"Canvas Wall Art - Modern Painting Carnelians - modern paintings, ambient paintings for the wall, abstract paintings, decorative wall paintings, purchase and sale of paintings\"},{\"@type\":\"BreadcrumbList\",\"@id\":\"https:\/\/svetslik.si\/en\/wall-art-paintings-on-canvas-single-panel\/art-for-wall-carnations\/#breadcrumb\",\"itemListElement\":[{\"@type\":\"ListItem\",\"position\":1,\"name\":\"Wall art and paintings on canvas\",\"item\":\"https:\/\/svetslik.si\/en\/\"},{\"@type\":\"ListItem\",\"position\":2,\"name\":\"Sale of paintings\",\"item\":\"https:\/\/svetslik.si\/prodaja-slik\/\"},{\"@type\":\"ListItem\",\"position\":3,\"name\":\"Art for wall &#8211; Carnations\"}]},{\"@type\":\"WebSite\",\"@id\":\"https:\/\/svetslik.si\/en\/#website\",\"url\":\"https:\/\/svetslik.si\/en\/\",\"name\":\"SVETSLIK.SI\",\"description\":\"100% ru\u010dno naslikane reprodukcije slika poznatih slikara in umjetni\u010dke zidne slike na platnu.\",\"publisher\":{\"@id\":\"https:\/\/svetslik.si\/en\/#organization\"},\"potentialAction\":[{\"@type\":\"SearchAction\",\"target\":{\"@type\":\"EntryPoint\",\"urlTemplate\":\"https:\/\/svetslik.si\/en\/?s={search_term_string}\"},\"query-input\":{\"@type\":\"PropertyValueSpecification\",\"valueRequired\":true,\"valueName\":\"search_term_string\"}}],\"inLanguage\":\"en-US\"},{\"@type\":\"Organization\",\"@id\":\"https:\/\/svetslik.si\/en\/#organization\",\"name\":\"SvetSlik.si\",\"url\":\"https:\/\/svetslik.si\/en\/\",\"logo\":{\"@type\":\"ImageObject\",\"inLanguage\":\"en-US\",\"@id\":\"https:\/\/svetslik.si\/en\/#\/schema\/logo\/image\/\",\"url\":\"https:\/\/svetslik.si\/wp-content\/uploads\/2020\/12\/logo-512.png\",\"contentUrl\":\"https:\/\/svetslik.si\/wp-content\/uploads\/2020\/12\/logo-512.png\",\"width\":512,\"height\":512,\"caption\":\"SvetSlik.si\"},\"image\":{\"@id\":\"https:\/\/svetslik.si\/en\/#\/schema\/logo\/image\/\"},\"sameAs\":[\"https:\/\/www.facebook.com\/svetslik.si\",\"https:\/\/x.com\/svetslik\",\"https:\/\/www.instagram.com\/svetslik.si\/\",\"https:\/\/www.linkedin.com\/company\/svetslik-si\"]}]}<\/script>\n<meta property=\"og:availability\" content=\"backorder\" \/>\n<meta property=\"product:availability\" content=\"available for order\" \/>\n<meta property=\"product:retailer_item_id\" content=\"741__\" \/>\n<meta property=\"product:condition\" content=\"new\" \/>\n<!-- \/ Yoast SEO Premium plugin. -->","yoast_head_json":{"title":"Art for wall - Carnations - SVETSLIK.SI - 100% hand painted","description":"Art for wall - Carnations - 100% hand-painted painting on canvas. Wall art, abstract paintings, reproduction of famous painting and custom paintings made by order.","robots":{"index":"index","follow":"follow","max-snippet":"max-snippet:-1","max-image-preview":"max-image-preview:large","max-video-preview":"max-video-preview:-1"},"canonical":"https:\/\/svetslik.si\/en\/wall-art-paintings-on-canvas-single-panel\/art-for-wall-carnations\/","og_locale":"en_US","og_type":"article","og_title":"Art for wall - Carnations","og_description":"100% ro\u010dno naslikane slike na platnu, reprodukcije znanih slikarjev in umetni\u0161ke slike po naro\u010dilu.","og_url":"https:\/\/svetslik.si\/en\/wall-art-paintings-on-canvas-single-panel\/art-for-wall-carnations\/","og_site_name":"SVETSLIK.SI","article_publisher":"https:\/\/www.facebook.com\/svetslik.si","article_modified_time":"2024-07-04T15:26:22+00:00","og_image":[{"width":680,"height":228,"url":"https:\/\/svetslik.si\/wp-content\/uploads\/2021\/08\/image_Moderna-slika-Karnelije_680.jpg","type":"image\/jpeg"}],"twitter_card":"summary_large_image","twitter_site":"@svetslik","twitter_misc":{"Availability":"On backorder"},"schema":{"@context":"https:\/\/schema.org","@graph":[{"@type":["WebPage","ItemPage"],"@id":"https:\/\/svetslik.si\/en\/wall-art-paintings-on-canvas-single-panel\/art-for-wall-carnations\/","url":"https:\/\/svetslik.si\/en\/wall-art-paintings-on-canvas-single-panel\/art-for-wall-carnations\/","name":"Art for wall - Carnations - SVETSLIK.SI - 100% hand painted","isPartOf":{"@id":"https:\/\/svetslik.si\/en\/#website"},"primaryImageOfPage":{"@id":"https:\/\/svetslik.si\/en\/wall-art-paintings-on-canvas-single-panel\/art-for-wall-carnations\/#primaryimage"},"image":{"@id":"https:\/\/svetslik.si\/en\/wall-art-paintings-on-canvas-single-panel\/art-for-wall-carnations\/#primaryimage"},"thumbnailUrl":"https:\/\/svetslik.si\/wp-content\/uploads\/2021\/08\/image_Moderna-slika-Karnelije_680.jpg","datePublished":"2021-09-02T16:48:05+00:00","dateModified":"2024-07-04T15:26:22+00:00","description":"Art for wall - Carnations - 100% hand-painted painting on canvas. Wall art, abstract paintings, reproduction of famous painting and custom paintings made by order.","breadcrumb":{"@id":"https:\/\/svetslik.si\/en\/wall-art-paintings-on-canvas-single-panel\/art-for-wall-carnations\/#breadcrumb"},"inLanguage":"en-US","potentialAction":[{"@type":"ReadAction","target":["https:\/\/svetslik.si\/en\/wall-art-paintings-on-canvas-single-panel\/art-for-wall-carnations\/"]}]},{"@type":"ImageObject","inLanguage":"en-US","@id":"https:\/\/svetslik.si\/en\/wall-art-paintings-on-canvas-single-panel\/art-for-wall-carnations\/#primaryimage","url":"https:\/\/svetslik.si\/wp-content\/uploads\/2021\/08\/image_Moderna-slika-Karnelije_680.jpg","contentUrl":"https:\/\/svetslik.si\/wp-content\/uploads\/2021\/08\/image_Moderna-slika-Karnelije_680.jpg","width":680,"height":228,"caption":"Canvas Wall Art - Modern Painting Carnelians - modern paintings, ambient paintings for the wall, abstract paintings, decorative wall paintings, purchase and sale of paintings"},{"@type":"BreadcrumbList","@id":"https:\/\/svetslik.si\/en\/wall-art-paintings-on-canvas-single-panel\/art-for-wall-carnations\/#breadcrumb","itemListElement":[{"@type":"ListItem","position":1,"name":"Wall art and paintings on canvas","item":"https:\/\/svetslik.si\/en\/"},{"@type":"ListItem","position":2,"name":"Sale of paintings","item":"https:\/\/svetslik.si\/prodaja-slik\/"},{"@type":"ListItem","position":3,"name":"Art for wall &#8211; Carnations"}]},{"@type":"WebSite","@id":"https:\/\/svetslik.si\/en\/#website","url":"https:\/\/svetslik.si\/en\/","name":"SVETSLIK.SI","description":"100% ru\u010dno naslikane reprodukcije slika poznatih slikara in umjetni\u010dke zidne slike na platnu.","publisher":{"@id":"https:\/\/svetslik.si\/en\/#organization"},"potentialAction":[{"@type":"SearchAction","target":{"@type":"EntryPoint","urlTemplate":"https:\/\/svetslik.si\/en\/?s={search_term_string}"},"query-input":{"@type":"PropertyValueSpecification","valueRequired":true,"valueName":"search_term_string"}}],"inLanguage":"en-US"},{"@type":"Organization","@id":"https:\/\/svetslik.si\/en\/#organization","name":"SvetSlik.si","url":"https:\/\/svetslik.si\/en\/","logo":{"@type":"ImageObject","inLanguage":"en-US","@id":"https:\/\/svetslik.si\/en\/#\/schema\/logo\/image\/","url":"https:\/\/svetslik.si\/wp-content\/uploads\/2020\/12\/logo-512.png","contentUrl":"https:\/\/svetslik.si\/wp-content\/uploads\/2020\/12\/logo-512.png","width":512,"height":512,"caption":"SvetSlik.si"},"image":{"@id":"https:\/\/svetslik.si\/en\/#\/schema\/logo\/image\/"},"sameAs":["https:\/\/www.facebook.com\/svetslik.si","https:\/\/x.com\/svetslik","https:\/\/www.instagram.com\/svetslik.si\/","https:\/\/www.linkedin.com\/company\/svetslik-si"]}]},"og_availability":"backorder","product_availability":"available for order","product_retailer_item_id":"741__","product_condition":"new"},"jetpack_sharing_enabled":true,"_links":{"self":[{"href":"https:\/\/svetslik.si\/en\/wp-json\/wp\/v2\/product\/86208","targetHints":{"allow":["GET"]}}],"collection":[{"href":"https:\/\/svetslik.si\/en\/wp-json\/wp\/v2\/product"}],"about":[{"href":"https:\/\/svetslik.si\/en\/wp-json\/wp\/v2\/types\/product"}],"wp:featuredmedia":[{"embeddable":true,"href":"https:\/\/svetslik.si\/en\/wp-json\/wp\/v2\/media\/78908"}],"wp:attachment":[{"href":"https:\/\/svetslik.si\/en\/wp-json\/wp\/v2\/media?parent=86208"}],"wp:term":[{"taxonomy":"product_brand","embeddable":true,"href":"https:\/\/svetslik.si\/en\/wp-json\/wp\/v2\/product_brand?post=86208"},{"taxonomy":"product_cat","embeddable":true,"href":"https:\/\/svetslik.si\/en\/wp-json\/wp\/v2\/product_cat?post=86208"},{"taxonomy":"product_tag","embeddable":true,"href":"https:\/\/svetslik.si\/en\/wp-json\/wp\/v2\/product_tag?post=86208"}],"curies":[{"name":"wp","href":"https:\/\/api.w.org\/{rel}","templated":true}]}}