{"id":86260,"date":"2021-09-02T18:49:19","date_gmt":"2021-09-02T16:49:19","guid":{"rendered":"https:\/\/svetslik.si\/uncategorized\/slika-na-platnu-sanje\/"},"modified":"2026-03-22T17:46:16","modified_gmt":"2026-03-22T16:46:16","slug":"painting-dreams","status":"publish","type":"product","link":"https:\/\/svetslik.si\/en\/wall-art-paintings-on-canvas-multi-panels\/painting-dreams\/","title":{"rendered":"Painting &#8211; Dreams"},"content":{"rendered":"<div class=\"wpb-content-wrapper\">[vc_row css=&#8221;.vc_custom_1722758108573{margin-bottom: 10px !important;}&#8221;][vc_column]\t<div class=\"et-image-242 et-image  full   et_image_link\">\n\t\t<div class=\"et-image-inner \">\n\t\t\t\t\t\t\t<a  class=\"mfp-image et-lightbox\" data-mfp-type=\"image\" data-mfp-src=\"https:\/\/svetslik.si\/wp-content\/uploads\/2021\/09\/Slika-na-platnu-\u2013-Sanje-2.jpg\"  title=\"Painting &#8211; Dreams\">\n\t\t\t\t\t\t\t<div class=\"et-image-thumb \">\n\t\t\t\t\t<img decoding=\"async\" width=\"1000\" height=\"497\" src=\"https:\/\/svetslik.si\/wp-content\/uploads\/2021\/09\/Slika-na-platnu-\u2013-Sanje-2.jpg\" class=\"attachment-full\" alt=\"Painting - Dreams\" title=\"Painting - Dreams\" srcset=\"https:\/\/svetslik.si\/wp-content\/uploads\/2021\/09\/Slika-na-platnu-\u2013-Sanje-2.jpg 1000w, https:\/\/svetslik.si\/wp-content\/uploads\/2021\/09\/Slika-na-platnu-\u2013-Sanje-2-600x298.jpg 600w, https:\/\/svetslik.si\/wp-content\/uploads\/2021\/09\/Slika-na-platnu-\u2013-Sanje-2-300x149.jpg 300w, https:\/\/svetslik.si\/wp-content\/uploads\/2021\/09\/Slika-na-platnu-\u2013-Sanje-2-768x382.jpg 768w, https:\/\/svetslik.si\/wp-content\/uploads\/2021\/09\/Slika-na-platnu-\u2013-Sanje-2-150x75.jpg 150w, https:\/\/svetslik.si\/wp-content\/uploads\/2021\/09\/Slika-na-platnu-\u2013-Sanje-2-900x447.jpg 900w\" sizes=\"(max-width: 1000px) 100vw, 1000px\" \/>\t\t\t\t<\/div>\n\t\t\t\t\t\t\t<\/a>\n\t\t\t\t\t\t\t\t\t\t\t<\/div>\n\t<\/div>\n  [\/vc_column][\/vc_row][vc_row css=&#8221;.vc_custom_1722758108573{margin-bottom: 10px !important;}&#8221;][vc_column]\t<div class=\"et-image-482 et-image  full   et_image_link\">\n\t\t<div class=\"et-image-inner \">\n\t\t\t\t\t\t\t<a  class=\"mfp-image et-lightbox\" data-mfp-type=\"image\" data-mfp-src=\"https:\/\/svetslik.si\/wp-content\/uploads\/2021\/09\/Slika-na-platnu-\u2013-Sanje-3.jpg\"  title=\"Painting &#8211; Dreams\">\n\t\t\t\t\t\t\t<div class=\"et-image-thumb \">\n\t\t\t\t\t<img decoding=\"async\" width=\"1000\" height=\"835\" src=\"https:\/\/svetslik.si\/wp-content\/uploads\/2021\/09\/Slika-na-platnu-\u2013-Sanje-3.jpg\" class=\"attachment-full\" alt=\"Painting - Dreams\" title=\"Painting - Dreams\" srcset=\"https:\/\/svetslik.si\/wp-content\/uploads\/2021\/09\/Slika-na-platnu-\u2013-Sanje-3.jpg 1000w, https:\/\/svetslik.si\/wp-content\/uploads\/2021\/09\/Slika-na-platnu-\u2013-Sanje-3-600x501.jpg 600w, https:\/\/svetslik.si\/wp-content\/uploads\/2021\/09\/Slika-na-platnu-\u2013-Sanje-3-300x251.jpg 300w, https:\/\/svetslik.si\/wp-content\/uploads\/2021\/09\/Slika-na-platnu-\u2013-Sanje-3-768x641.jpg 768w, https:\/\/svetslik.si\/wp-content\/uploads\/2021\/09\/Slika-na-platnu-\u2013-Sanje-3-150x125.jpg 150w, https:\/\/svetslik.si\/wp-content\/uploads\/2021\/09\/Slika-na-platnu-\u2013-Sanje-3-900x752.jpg 900w\" sizes=\"(max-width: 1000px) 100vw, 1000px\" \/>\t\t\t\t<\/div>\n\t\t\t\t\t\t\t<\/a>\n\t\t\t\t\t\t\t\t\t\t\t<\/div>\n\t<\/div>\n  [\/vc_column][\/vc_row][vc_row css=&#8221;.vc_custom_1722758108573{margin-bottom: 10px !important;}&#8221;][vc_column]\t<div class=\"et-image-907 et-image  full   et_image_link\">\n\t\t<div class=\"et-image-inner \">\n\t\t\t\t\t\t\t<a  class=\"mfp-image et-lightbox\" data-mfp-type=\"image\" data-mfp-src=\"https:\/\/svetslik.si\/wp-content\/uploads\/2021\/09\/Slika-na-platnu-\u2013-Sanje-4.jpg\"  title=\"Painting &#8211; Dreams\">\n\t\t\t\t\t\t\t<div class=\"et-image-thumb \">\n\t\t\t\t\t<img decoding=\"async\" width=\"1000\" height=\"879\" src=\"https:\/\/svetslik.si\/wp-content\/uploads\/2021\/09\/Slika-na-platnu-\u2013-Sanje-4.jpg\" class=\"attachment-full\" alt=\"Painting - Dreams\" title=\"Painting - Dreams\" srcset=\"https:\/\/svetslik.si\/wp-content\/uploads\/2021\/09\/Slika-na-platnu-\u2013-Sanje-4.jpg 1000w, https:\/\/svetslik.si\/wp-content\/uploads\/2021\/09\/Slika-na-platnu-\u2013-Sanje-4-600x527.jpg 600w, https:\/\/svetslik.si\/wp-content\/uploads\/2021\/09\/Slika-na-platnu-\u2013-Sanje-4-300x264.jpg 300w, https:\/\/svetslik.si\/wp-content\/uploads\/2021\/09\/Slika-na-platnu-\u2013-Sanje-4-768x675.jpg 768w, https:\/\/svetslik.si\/wp-content\/uploads\/2021\/09\/Slika-na-platnu-\u2013-Sanje-4-150x132.jpg 150w, https:\/\/svetslik.si\/wp-content\/uploads\/2021\/09\/Slika-na-platnu-\u2013-Sanje-4-900x791.jpg 900w\" sizes=\"(max-width: 1000px) 100vw, 1000px\" \/>\t\t\t\t<\/div>\n\t\t\t\t\t\t\t<\/a>\n\t\t\t\t\t\t\t\t\t\t\t<\/div>\n\t<\/div>\n  [\/vc_column][\/vc_row][vc_row css=&#8221;.vc_custom_1722758108573{margin-bottom: 10px !important;}&#8221;][vc_column]\t<div class=\"et-image-232 et-image  full   et_image_link\">\n\t\t<div class=\"et-image-inner \">\n\t\t\t\t\t\t\t<a  class=\"mfp-image et-lightbox\" data-mfp-type=\"image\" data-mfp-src=\"https:\/\/svetslik.si\/wp-content\/uploads\/2021\/09\/Slika-na-platnu-\u2013-Sanje.jpg\"  title=\"Painting &#8211; Dreams\">\n\t\t\t\t\t\t\t<div class=\"et-image-thumb \">\n\t\t\t\t\t<img decoding=\"async\" width=\"1000\" height=\"563\" src=\"https:\/\/svetslik.si\/wp-content\/uploads\/2021\/09\/Slika-na-platnu-\u2013-Sanje.jpg\" class=\"attachment-full\" alt=\"Painting - Dreams\" title=\"Painting - Dreams\" srcset=\"https:\/\/svetslik.si\/wp-content\/uploads\/2021\/09\/Slika-na-platnu-\u2013-Sanje.jpg 1000w, https:\/\/svetslik.si\/wp-content\/uploads\/2021\/09\/Slika-na-platnu-\u2013-Sanje-600x338.jpg 600w, https:\/\/svetslik.si\/wp-content\/uploads\/2021\/09\/Slika-na-platnu-\u2013-Sanje-300x169.jpg 300w, https:\/\/svetslik.si\/wp-content\/uploads\/2021\/09\/Slika-na-platnu-\u2013-Sanje-768x432.jpg 768w, https:\/\/svetslik.si\/wp-content\/uploads\/2021\/09\/Slika-na-platnu-\u2013-Sanje-150x84.jpg 150w, https:\/\/svetslik.si\/wp-content\/uploads\/2021\/09\/Slika-na-platnu-\u2013-Sanje-900x507.jpg 900w\" sizes=\"(max-width: 1000px) 100vw, 1000px\" \/>\t\t\t\t<\/div>\n\t\t\t\t\t\t\t<\/a>\n\t\t\t\t\t\t\t\t\t\t\t<\/div>\n\t<\/div>\n  [\/vc_column][\/vc_row][vc_row css=&#8221;.vc_custom_1640012756982{margin-bottom: 30px !important;}&#8221;][vc_column][vc_column_text]\n[vc_row css=&#8221;.vc_custom_1640012756982{margin-bottom: 30px !important;}&#8221;][vc_column][vc_column_text]\nPainting\u2019s panels dimensions:e:<br \/>\n195 x 85 cm = 65 x 85 + 65 x 85 + 65 x 85<\/p>\n[\/vc_column_text]\t<div class=\"et-image-592 et-image  full   et_image_link\">\n\t\t<div class=\"et-image-inner \">\n\t\t\t\t\t\t\t<a  class=\"mfp-image et-lightbox\" data-mfp-type=\"image\" data-mfp-src=\"https:\/\/svetslik.si\/wp-content\/uploads\/2021\/09\/vecdena-slika-na-platnu.jpg\"  title=\"Multi-layered canvas painting\">\n\t\t\t\t\t\t\t<div class=\"et-image-thumb \">\n\t\t\t\t\t<img decoding=\"async\" width=\"2155\" height=\"1942\" src=\"https:\/\/svetslik.si\/wp-content\/uploads\/2021\/09\/vecdena-slika-na-platnu.jpg\" class=\"attachment-full\" alt=\"Multi-layered canvas painting\" title=\"Multi-layered canvas painting\" srcset=\"https:\/\/svetslik.si\/wp-content\/uploads\/2021\/09\/vecdena-slika-na-platnu.jpg 2155w, https:\/\/svetslik.si\/wp-content\/uploads\/2021\/09\/vecdena-slika-na-platnu-600x541.jpg 600w, https:\/\/svetslik.si\/wp-content\/uploads\/2021\/09\/vecdena-slika-na-platnu-1200x1081.jpg 1200w, https:\/\/svetslik.si\/wp-content\/uploads\/2021\/09\/vecdena-slika-na-platnu-300x270.jpg 300w, https:\/\/svetslik.si\/wp-content\/uploads\/2021\/09\/vecdena-slika-na-platnu-1024x923.jpg 1024w, https:\/\/svetslik.si\/wp-content\/uploads\/2021\/09\/vecdena-slika-na-platnu-768x692.jpg 768w, https:\/\/svetslik.si\/wp-content\/uploads\/2021\/09\/vecdena-slika-na-platnu-1536x1384.jpg 1536w, https:\/\/svetslik.si\/wp-content\/uploads\/2021\/09\/vecdena-slika-na-platnu-2048x1846.jpg 2048w, https:\/\/svetslik.si\/wp-content\/uploads\/2021\/09\/vecdena-slika-na-platnu-150x135.jpg 150w, https:\/\/svetslik.si\/wp-content\/uploads\/2021\/09\/vecdena-slika-na-platnu-1320x1190.jpg 1320w, https:\/\/svetslik.si\/wp-content\/uploads\/2021\/09\/vecdena-slika-na-platnu-900x811.jpg 900w\" sizes=\"(max-width: 2155px) 100vw, 2155px\" \/>\t\t\t\t<\/div>\n\t\t\t\t\t\t\t<\/a>\n\t\t\t\t\t\t\t\t\t\t\t<\/div>\n\t<\/div>\n  [\/vc_column][\/vc_row][vc_row][vc_column]\t<div class=\"et-image-908 et-image  full   et_image_link\">\n\t\t<div class=\"et-image-inner \">\n\t\t\t\t\t\t\t<a  class=\"mfp-image et-lightbox\" data-mfp-type=\"image\" data-mfp-src=\"https:\/\/svetslik.si\/wp-content\/uploads\/2021\/09\/Rocno-naslikane-umetniske-slike-na-platnu.-Moderne-abstraktne-dekorativne-slike-za-na-steno-3-scaled.jpg\"  title=\"Hand-Painted Art Canvas Paintings &#8211; Modern, Abstract, Decorative Paintings for the Wall 3\">\n\t\t\t\t\t\t\t<div class=\"et-image-thumb \">\n\t\t\t\t\t<img decoding=\"async\" width=\"2560\" height=\"1920\" src=\"https:\/\/svetslik.si\/wp-content\/uploads\/2021\/09\/Rocno-naslikane-umetniske-slike-na-platnu.-Moderne-abstraktne-dekorativne-slike-za-na-steno-3-scaled.jpg\" class=\"attachment-full\" alt=\"Hand-Painted Art Canvas Paintings - Modern, Abstract, Decorative Paintings for the Wall 3\" title=\"Hand-Painted Art Canvas Paintings - Modern, Abstract, Decorative Paintings for the Wall 3\" srcset=\"https:\/\/svetslik.si\/wp-content\/uploads\/2021\/09\/Rocno-naslikane-umetniske-slike-na-platnu.-Moderne-abstraktne-dekorativne-slike-za-na-steno-3-scaled.jpg 2560w, https:\/\/svetslik.si\/wp-content\/uploads\/2021\/09\/Rocno-naslikane-umetniske-slike-na-platnu.-Moderne-abstraktne-dekorativne-slike-za-na-steno-3-600x450.jpg 600w, https:\/\/svetslik.si\/wp-content\/uploads\/2021\/09\/Rocno-naslikane-umetniske-slike-na-platnu.-Moderne-abstraktne-dekorativne-slike-za-na-steno-3-scaled-1200x900.jpg 1200w, https:\/\/svetslik.si\/wp-content\/uploads\/2021\/09\/Rocno-naslikane-umetniske-slike-na-platnu.-Moderne-abstraktne-dekorativne-slike-za-na-steno-3-300x225.jpg 300w, https:\/\/svetslik.si\/wp-content\/uploads\/2021\/09\/Rocno-naslikane-umetniske-slike-na-platnu.-Moderne-abstraktne-dekorativne-slike-za-na-steno-3-1024x768.jpg 1024w, https:\/\/svetslik.si\/wp-content\/uploads\/2021\/09\/Rocno-naslikane-umetniske-slike-na-platnu.-Moderne-abstraktne-dekorativne-slike-za-na-steno-3-768x576.jpg 768w, https:\/\/svetslik.si\/wp-content\/uploads\/2021\/09\/Rocno-naslikane-umetniske-slike-na-platnu.-Moderne-abstraktne-dekorativne-slike-za-na-steno-3-1536x1152.jpg 1536w, https:\/\/svetslik.si\/wp-content\/uploads\/2021\/09\/Rocno-naslikane-umetniske-slike-na-platnu.-Moderne-abstraktne-dekorativne-slike-za-na-steno-3-2048x1536.jpg 2048w, https:\/\/svetslik.si\/wp-content\/uploads\/2021\/09\/Rocno-naslikane-umetniske-slike-na-platnu.-Moderne-abstraktne-dekorativne-slike-za-na-steno-3-150x113.jpg 150w, https:\/\/svetslik.si\/wp-content\/uploads\/2021\/09\/Rocno-naslikane-umetniske-slike-na-platnu.-Moderne-abstraktne-dekorativne-slike-za-na-steno-3-1320x990.jpg 1320w, https:\/\/svetslik.si\/wp-content\/uploads\/2021\/09\/Rocno-naslikane-umetniske-slike-na-platnu.-Moderne-abstraktne-dekorativne-slike-za-na-steno-3-900x675.jpg 900w\" sizes=\"(max-width: 2560px) 100vw, 2560px\" \/>\t\t\t\t<\/div>\n\t\t\t\t\t\t\t<\/a>\n\t\t\t\t\t\t\t\t\t\t\t<\/div>\n\t<\/div>\n  [\/vc_column][\/vc_row]\n<\/div>","protected":false},"excerpt":{"rendered":"<p>[vc_row css=&#8221;.vc_custom_1722758108573{margin-bottom: 10px !important;}&#8221;][vc_column][\/vc_column][\/vc_row][vc_row css=&#8221;.vc_custom_1722758108573{margin-bottom: 10px !important;}&#8221;][vc_column][\/vc_column][\/vc_row][vc_row css=&#8221;.vc_custom_1722758108573{margin-bottom: 10px !important;}&#8221;][vc_column][\/vc_column][\/vc_row][vc_row css=&#8221;.vc_custom_1722758108573{margin-bottom: 10px !important;}&#8221;][vc_column][\/vc_column][\/vc_row][vc_row css=&#8221;.vc_custom_1640012756982{margin-bottom: 30px !important;}&#8221;][vc_column][vc_column_text] [vc_row css=&#8221;.vc_custom_1640012756982{margin-bottom: 30px !important;}&#8221;][vc_column][vc_column_text] Painting\u2019s panels dimensions:e: 195 x 85 cm = 65 x 85 + 65 x 85 + 65 x 85 [\/vc_column_text][\/vc_column][\/vc_row][vc_row][vc_column][\/vc_column][\/vc_row]<\/p>\n","protected":false},"featured_media":79421,"template":"","meta":{"_acf_changed":false},"product_brand":[],"product_cat":[9819],"product_tag":[9825,9847,9885,9872,9874,9871,9879],"class_list":{"0":"post-86260","1":"product","2":"type-product","3":"status-publish","4":"has-post-thumbnail","6":"product_cat-wall-art-paintings-on-canvas-multi-panels","7":"product_tag-abstract-wall-art","8":"product_tag-modern-paintings","9":"product_tag-multi-panel-paintings","10":"product_tag-paintings-for-livingroom","11":"product_tag-paintings-for-the-living-room","12":"product_tag-wall-art-on-canvas","13":"product_tag-wall-artwork","14":"pa_dimenzija-120-x-50-cm","15":"pa_dimenzija-150-x-60-cm","16":"pa_dimenzija-180-x-70-cm","17":"pa_dimenzija-195-x-85-cm","18":"pa_oblika-horizontal","19":"pa_okvir-without-frame","20":"pa_pod-okvir-included-in-price","21":"pa_podokvir-without","22":"pa_podokvir-yes","24":"first","25":"onbackorder","26":"purchasable","27":"product-type-variable","28":"has-default-attributes"},"acf":[],"yoast_head":"<!-- This site is optimized with the Yoast SEO Premium plugin v26.0 (Yoast SEO v27.2) - https:\/\/yoast.com\/product\/yoast-seo-premium-wordpress\/ -->\n<title>Painting - Dreams - SVETSLIK.SI - 100% hand painted<\/title>\n<meta name=\"description\" content=\"Painting - Dreams - 100% hand-painted painting on canvas. Wall art, abstract paintings, reproduction of famous painting and custom paintings made by order.\" \/>\n<meta name=\"robots\" content=\"index, follow, max-snippet:-1, max-image-preview:large, max-video-preview:-1\" \/>\n<link rel=\"canonical\" href=\"https:\/\/svetslik.si\/en\/wall-art-paintings-on-canvas-multi-panels\/painting-dreams\/\" \/>\n<meta property=\"og:locale\" content=\"en_US\" \/>\n<meta property=\"og:type\" content=\"article\" \/>\n<meta property=\"og:title\" content=\"Painting - Dreams\" \/>\n<meta property=\"og:description\" content=\"100% ro\u010dno naslikane slike na platnu, reprodukcije znanih slikarjev in umetni\u0161ke slike po naro\u010dilu.\" \/>\n<meta property=\"og:url\" content=\"https:\/\/svetslik.si\/en\/wall-art-paintings-on-canvas-multi-panels\/painting-dreams\/\" \/>\n<meta property=\"og:site_name\" content=\"SVETSLIK.SI\" \/>\n<meta property=\"article:publisher\" content=\"https:\/\/www.facebook.com\/svetslik.si\" \/>\n<meta property=\"article:modified_time\" content=\"2026-03-22T16:46:16+00:00\" \/>\n<meta property=\"og:image\" content=\"https:\/\/svetslik.si\/wp-content\/uploads\/2021\/08\/image_vecdelna-ambientalna-Slika-Sanje_680.png\" \/>\n\t<meta property=\"og:image:width\" content=\"680\" \/>\n\t<meta property=\"og:image:height\" content=\"284\" \/>\n\t<meta property=\"og:image:type\" content=\"image\/png\" \/>\n<meta name=\"twitter:card\" content=\"summary_large_image\" \/>\n<meta name=\"twitter:site\" content=\"@svetslik\" \/>\n<meta name=\"twitter:label1\" content=\"Availability\" \/>\n\t<meta name=\"twitter:data1\" content=\"On backorder\" \/>\n<script type=\"application\/ld+json\" class=\"yoast-schema-graph\">{\"@context\":\"https:\/\/schema.org\",\"@graph\":[{\"@type\":[\"WebPage\",\"ItemPage\"],\"@id\":\"https:\/\/svetslik.si\/en\/wall-art-paintings-on-canvas-multi-panels\/painting-dreams\/\",\"url\":\"https:\/\/svetslik.si\/en\/wall-art-paintings-on-canvas-multi-panels\/painting-dreams\/\",\"name\":\"Painting - Dreams - SVETSLIK.SI - 100% hand painted\",\"isPartOf\":{\"@id\":\"https:\/\/svetslik.si\/en\/#website\"},\"primaryImageOfPage\":{\"@id\":\"https:\/\/svetslik.si\/en\/wall-art-paintings-on-canvas-multi-panels\/painting-dreams\/#primaryimage\"},\"image\":{\"@id\":\"https:\/\/svetslik.si\/en\/wall-art-paintings-on-canvas-multi-panels\/painting-dreams\/#primaryimage\"},\"thumbnailUrl\":\"https:\/\/svetslik.si\/wp-content\/uploads\/2021\/08\/image_vecdelna-ambientalna-Slika-Sanje_680.png\",\"datePublished\":\"2021-09-02T16:49:19+00:00\",\"dateModified\":\"2026-03-22T16:46:16+00:00\",\"description\":\"Painting - Dreams - 100% hand-painted painting on canvas. Wall art, abstract paintings, reproduction of famous painting and custom paintings made by order.\",\"breadcrumb\":{\"@id\":\"https:\/\/svetslik.si\/en\/wall-art-paintings-on-canvas-multi-panels\/painting-dreams\/#breadcrumb\"},\"inLanguage\":\"en-US\",\"potentialAction\":[{\"@type\":\"ReadAction\",\"target\":[\"https:\/\/svetslik.si\/en\/wall-art-paintings-on-canvas-multi-panels\/painting-dreams\/\"]}]},{\"@type\":\"ImageObject\",\"inLanguage\":\"en-US\",\"@id\":\"https:\/\/svetslik.si\/en\/wall-art-paintings-on-canvas-multi-panels\/painting-dreams\/#primaryimage\",\"url\":\"https:\/\/svetslik.si\/wp-content\/uploads\/2021\/08\/image_vecdelna-ambientalna-Slika-Sanje_680.png\",\"contentUrl\":\"https:\/\/svetslik.si\/wp-content\/uploads\/2021\/08\/image_vecdelna-ambientalna-Slika-Sanje_680.png\",\"width\":680,\"height\":284,\"caption\":\"Hand-painted reproductions of famous painters, modern wall art, artistic paintings for the wall.\"},{\"@type\":\"BreadcrumbList\",\"@id\":\"https:\/\/svetslik.si\/en\/wall-art-paintings-on-canvas-multi-panels\/painting-dreams\/#breadcrumb\",\"itemListElement\":[{\"@type\":\"ListItem\",\"position\":1,\"name\":\"Wall art and paintings on canvas\",\"item\":\"https:\/\/svetslik.si\/en\/\"},{\"@type\":\"ListItem\",\"position\":2,\"name\":\"Sale of paintings\",\"item\":\"https:\/\/svetslik.si\/prodaja-slik\/\"},{\"@type\":\"ListItem\",\"position\":3,\"name\":\"Painting &#8211; Dreams\"}]},{\"@type\":\"WebSite\",\"@id\":\"https:\/\/svetslik.si\/en\/#website\",\"url\":\"https:\/\/svetslik.si\/en\/\",\"name\":\"SVETSLIK.SI\",\"description\":\"100% ru\u010dno naslikane reprodukcije slika poznatih slikara in umjetni\u010dke zidne slike na platnu.\",\"publisher\":{\"@id\":\"https:\/\/svetslik.si\/en\/#organization\"},\"potentialAction\":[{\"@type\":\"SearchAction\",\"target\":{\"@type\":\"EntryPoint\",\"urlTemplate\":\"https:\/\/svetslik.si\/en\/?s={search_term_string}\"},\"query-input\":{\"@type\":\"PropertyValueSpecification\",\"valueRequired\":true,\"valueName\":\"search_term_string\"}}],\"inLanguage\":\"en-US\"},{\"@type\":\"Organization\",\"@id\":\"https:\/\/svetslik.si\/en\/#organization\",\"name\":\"SvetSlik.si\",\"url\":\"https:\/\/svetslik.si\/en\/\",\"logo\":{\"@type\":\"ImageObject\",\"inLanguage\":\"en-US\",\"@id\":\"https:\/\/svetslik.si\/en\/#\/schema\/logo\/image\/\",\"url\":\"https:\/\/svetslik.si\/wp-content\/uploads\/2020\/12\/logo-512.png\",\"contentUrl\":\"https:\/\/svetslik.si\/wp-content\/uploads\/2020\/12\/logo-512.png\",\"width\":512,\"height\":512,\"caption\":\"SvetSlik.si\"},\"image\":{\"@id\":\"https:\/\/svetslik.si\/en\/#\/schema\/logo\/image\/\"},\"sameAs\":[\"https:\/\/www.facebook.com\/svetslik.si\",\"https:\/\/x.com\/svetslik\",\"https:\/\/www.instagram.com\/svetslik.si\/\",\"https:\/\/www.linkedin.com\/company\/svetslik-si\"]}]}<\/script>\n<meta property=\"og:availability\" content=\"backorder\" \/>\n<meta property=\"product:availability\" content=\"available for order\" \/>\n<meta property=\"product:retailer_item_id\" content=\"757__\" \/>\n<meta property=\"product:condition\" content=\"new\" \/>\n<!-- \/ Yoast SEO Premium plugin. -->","yoast_head_json":{"title":"Painting - Dreams - SVETSLIK.SI - 100% hand painted","description":"Painting - Dreams - 100% hand-painted painting on canvas. Wall art, abstract paintings, reproduction of famous painting and custom paintings made by order.","robots":{"index":"index","follow":"follow","max-snippet":"max-snippet:-1","max-image-preview":"max-image-preview:large","max-video-preview":"max-video-preview:-1"},"canonical":"https:\/\/svetslik.si\/en\/wall-art-paintings-on-canvas-multi-panels\/painting-dreams\/","og_locale":"en_US","og_type":"article","og_title":"Painting - Dreams","og_description":"100% ro\u010dno naslikane slike na platnu, reprodukcije znanih slikarjev in umetni\u0161ke slike po naro\u010dilu.","og_url":"https:\/\/svetslik.si\/en\/wall-art-paintings-on-canvas-multi-panels\/painting-dreams\/","og_site_name":"SVETSLIK.SI","article_publisher":"https:\/\/www.facebook.com\/svetslik.si","article_modified_time":"2026-03-22T16:46:16+00:00","og_image":[{"width":680,"height":284,"url":"https:\/\/svetslik.si\/wp-content\/uploads\/2021\/08\/image_vecdelna-ambientalna-Slika-Sanje_680.png","type":"image\/png"}],"twitter_card":"summary_large_image","twitter_site":"@svetslik","twitter_misc":{"Availability":"On backorder"},"schema":{"@context":"https:\/\/schema.org","@graph":[{"@type":["WebPage","ItemPage"],"@id":"https:\/\/svetslik.si\/en\/wall-art-paintings-on-canvas-multi-panels\/painting-dreams\/","url":"https:\/\/svetslik.si\/en\/wall-art-paintings-on-canvas-multi-panels\/painting-dreams\/","name":"Painting - Dreams - SVETSLIK.SI - 100% hand painted","isPartOf":{"@id":"https:\/\/svetslik.si\/en\/#website"},"primaryImageOfPage":{"@id":"https:\/\/svetslik.si\/en\/wall-art-paintings-on-canvas-multi-panels\/painting-dreams\/#primaryimage"},"image":{"@id":"https:\/\/svetslik.si\/en\/wall-art-paintings-on-canvas-multi-panels\/painting-dreams\/#primaryimage"},"thumbnailUrl":"https:\/\/svetslik.si\/wp-content\/uploads\/2021\/08\/image_vecdelna-ambientalna-Slika-Sanje_680.png","datePublished":"2021-09-02T16:49:19+00:00","dateModified":"2026-03-22T16:46:16+00:00","description":"Painting - Dreams - 100% hand-painted painting on canvas. Wall art, abstract paintings, reproduction of famous painting and custom paintings made by order.","breadcrumb":{"@id":"https:\/\/svetslik.si\/en\/wall-art-paintings-on-canvas-multi-panels\/painting-dreams\/#breadcrumb"},"inLanguage":"en-US","potentialAction":[{"@type":"ReadAction","target":["https:\/\/svetslik.si\/en\/wall-art-paintings-on-canvas-multi-panels\/painting-dreams\/"]}]},{"@type":"ImageObject","inLanguage":"en-US","@id":"https:\/\/svetslik.si\/en\/wall-art-paintings-on-canvas-multi-panels\/painting-dreams\/#primaryimage","url":"https:\/\/svetslik.si\/wp-content\/uploads\/2021\/08\/image_vecdelna-ambientalna-Slika-Sanje_680.png","contentUrl":"https:\/\/svetslik.si\/wp-content\/uploads\/2021\/08\/image_vecdelna-ambientalna-Slika-Sanje_680.png","width":680,"height":284,"caption":"Hand-painted reproductions of famous painters, modern wall art, artistic paintings for the wall."},{"@type":"BreadcrumbList","@id":"https:\/\/svetslik.si\/en\/wall-art-paintings-on-canvas-multi-panels\/painting-dreams\/#breadcrumb","itemListElement":[{"@type":"ListItem","position":1,"name":"Wall art and paintings on canvas","item":"https:\/\/svetslik.si\/en\/"},{"@type":"ListItem","position":2,"name":"Sale of paintings","item":"https:\/\/svetslik.si\/prodaja-slik\/"},{"@type":"ListItem","position":3,"name":"Painting &#8211; Dreams"}]},{"@type":"WebSite","@id":"https:\/\/svetslik.si\/en\/#website","url":"https:\/\/svetslik.si\/en\/","name":"SVETSLIK.SI","description":"100% ru\u010dno naslikane reprodukcije slika poznatih slikara in umjetni\u010dke zidne slike na platnu.","publisher":{"@id":"https:\/\/svetslik.si\/en\/#organization"},"potentialAction":[{"@type":"SearchAction","target":{"@type":"EntryPoint","urlTemplate":"https:\/\/svetslik.si\/en\/?s={search_term_string}"},"query-input":{"@type":"PropertyValueSpecification","valueRequired":true,"valueName":"search_term_string"}}],"inLanguage":"en-US"},{"@type":"Organization","@id":"https:\/\/svetslik.si\/en\/#organization","name":"SvetSlik.si","url":"https:\/\/svetslik.si\/en\/","logo":{"@type":"ImageObject","inLanguage":"en-US","@id":"https:\/\/svetslik.si\/en\/#\/schema\/logo\/image\/","url":"https:\/\/svetslik.si\/wp-content\/uploads\/2020\/12\/logo-512.png","contentUrl":"https:\/\/svetslik.si\/wp-content\/uploads\/2020\/12\/logo-512.png","width":512,"height":512,"caption":"SvetSlik.si"},"image":{"@id":"https:\/\/svetslik.si\/en\/#\/schema\/logo\/image\/"},"sameAs":["https:\/\/www.facebook.com\/svetslik.si","https:\/\/x.com\/svetslik","https:\/\/www.instagram.com\/svetslik.si\/","https:\/\/www.linkedin.com\/company\/svetslik-si"]}]},"og_availability":"backorder","product_availability":"available for order","product_retailer_item_id":"757__","product_condition":"new"},"jetpack_sharing_enabled":true,"_links":{"self":[{"href":"https:\/\/svetslik.si\/en\/wp-json\/wp\/v2\/product\/86260","targetHints":{"allow":["GET"]}}],"collection":[{"href":"https:\/\/svetslik.si\/en\/wp-json\/wp\/v2\/product"}],"about":[{"href":"https:\/\/svetslik.si\/en\/wp-json\/wp\/v2\/types\/product"}],"wp:featuredmedia":[{"embeddable":true,"href":"https:\/\/svetslik.si\/en\/wp-json\/wp\/v2\/media\/79421"}],"wp:attachment":[{"href":"https:\/\/svetslik.si\/en\/wp-json\/wp\/v2\/media?parent=86260"}],"wp:term":[{"taxonomy":"product_brand","embeddable":true,"href":"https:\/\/svetslik.si\/en\/wp-json\/wp\/v2\/product_brand?post=86260"},{"taxonomy":"product_cat","embeddable":true,"href":"https:\/\/svetslik.si\/en\/wp-json\/wp\/v2\/product_cat?post=86260"},{"taxonomy":"product_tag","embeddable":true,"href":"https:\/\/svetslik.si\/en\/wp-json\/wp\/v2\/product_tag?post=86260"}],"curies":[{"name":"wp","href":"https:\/\/api.w.org\/{rel}","templated":true}]}}