{"id":86278,"date":"2021-09-02T18:51:44","date_gmt":"2021-09-02T16:51:44","guid":{"rendered":"https:\/\/svetslik.si\/uncategorized\/energija-za-polno-ljubezensko-zivljenje\/"},"modified":"2026-03-22T17:47:00","modified_gmt":"2026-03-22T16:47:00","slug":"energy-paintings-energy-for-a-fulfilling-love-life","status":"publish","type":"product","link":"https:\/\/svetslik.si\/en\/energy-paintings\/energy-paintings-energy-for-a-fulfilling-love-life\/","title":{"rendered":"Energy Paintings &#8211; Energy for a Fulfilling Love Life"},"content":{"rendered":"<h1>Energy Paintings &#8211; Energy for a fulfilling love life<\/h1>\n<p>The painting we present carries a powerful message and is created to bring an abundance of love into your life and completely flood you with divine vibration. The energy of love has a tremendous impact on our physical being, giving it new meaning and true value.This unique painting is designed with a special technique that combines colours, shapes and symbols associated with love and energy. Each brushstroke is thoughtfully chosen to express and channel the positive energy of love, which is so powerful that it can transform our lives.Admire this beautiful work of art and watch as the energy of love overflows from the painting, filling the space and spilling into your consciousness. Paintings of this kind have an incredible ability to ennoble us and awaken our inner love. When we connect with this deepest essence that is within us, we begin to shine and blossom in all its beauty.This energy painting for a fulfilling love life is perfect for those who want to strengthen their relationships, attract a loving partner, or simply experience more love and happiness in their daily lives. Place it in a prominent place in your home or work space and allow it to fill you with love and create harmony and a positive vibe in your environment.Don&#8217;t miss the opportunity to allow yourself this extraordinary energetic painting that will enrich your life with the fullness of love. Open your heart to the divine vibration emanating from this painting and allow love to completely overwhelm you. Live the full and loving life you deserve!<\/p>\n","protected":false},"excerpt":{"rendered":"<p>Energy Paintings &#8211; Energy for a fulfilling love life The painting we present carries a powerful message and is created to bring an abundance of love into your life and completely flood you with divine vibration. The energy of love has a tremendous impact on our physical being, giving it [&hellip;]<\/p>\n","protected":false},"featured_media":78722,"template":"","meta":{"_acf_changed":false},"product_brand":[],"product_cat":[9786,9787],"product_tag":[9835],"class_list":{"0":"post-86278","1":"product","2":"type-product","3":"status-publish","4":"has-post-thumbnail","6":"product_cat-energy-art-paintings","7":"product_cat-energy-paintings","8":"product_tag-energy-painting","9":"pa_dimenzija-100-x-100-cm","10":"pa_dimenzija-120-x-120-cm","11":"pa_dimenzija-50-x-50-cm","12":"pa_dimenzija-80-x-80-cm","13":"pa_oblika-square","14":"pa_okvir-without-frame","15":"pa_podokvir-without","16":"pa_podokvir-yes","18":"first","19":"instock","20":"purchasable","21":"product-type-variable","22":"has-default-attributes"},"acf":[],"yoast_head":"<!-- This site is optimized with the Yoast SEO Premium plugin v26.0 (Yoast SEO v27.2) - https:\/\/yoast.com\/product\/yoast-seo-premium-wordpress\/ -->\n<title>Energy Paintings - Energy for a Fulfilling Love Life - SVETSLIK.SI - 100% hand painted<\/title>\n<meta name=\"description\" content=\"100 % hand-painted energy painting on canvas - Energy Paintings - Energy for a Fulfilling Love Life -.\" \/>\n<meta name=\"robots\" content=\"index, follow, max-snippet:-1, max-image-preview:large, max-video-preview:-1\" \/>\n<link rel=\"canonical\" href=\"https:\/\/svetslik.si\/en\/energy-paintings\/energy-paintings-energy-for-a-fulfilling-love-life\/\" \/>\n<meta property=\"og:locale\" content=\"en_US\" \/>\n<meta property=\"og:type\" content=\"article\" \/>\n<meta property=\"og:title\" content=\"Energy Paintings - Energy for a Fulfilling Love Life\" \/>\n<meta property=\"og:description\" content=\"100% ro\u010dno naslikane slike na platnu, reprodukcije znanih slikarjev in umetni\u0161ke slike po naro\u010dilu.\" \/>\n<meta property=\"og:url\" content=\"https:\/\/svetslik.si\/en\/energy-paintings\/energy-paintings-energy-for-a-fulfilling-love-life\/\" \/>\n<meta property=\"og:site_name\" content=\"SVETSLIK.SI\" \/>\n<meta property=\"article:publisher\" content=\"https:\/\/www.facebook.com\/svetslik.si\" \/>\n<meta property=\"article:modified_time\" content=\"2026-03-22T16:47:00+00:00\" \/>\n<meta property=\"og:image\" content=\"https:\/\/svetslik.si\/wp-content\/uploads\/2021\/08\/image_energijska-1_680.jpg\" \/>\n\t<meta property=\"og:image:width\" content=\"680\" \/>\n\t<meta property=\"og:image:height\" content=\"680\" \/>\n\t<meta property=\"og:image:type\" content=\"image\/jpeg\" \/>\n<meta name=\"twitter:card\" content=\"summary_large_image\" \/>\n<meta name=\"twitter:site\" content=\"@svetslik\" \/>\n<meta name=\"twitter:label1\" content=\"Availability\" \/>\n\t<meta name=\"twitter:data1\" content=\"In stock\" \/>\n<script type=\"application\/ld+json\" class=\"yoast-schema-graph\">{\"@context\":\"https:\/\/schema.org\",\"@graph\":[{\"@type\":[\"WebPage\",\"ItemPage\"],\"@id\":\"https:\/\/svetslik.si\/en\/energy-paintings\/energy-paintings-energy-for-a-fulfilling-love-life\/\",\"url\":\"https:\/\/svetslik.si\/en\/energy-paintings\/energy-paintings-energy-for-a-fulfilling-love-life\/\",\"name\":\"Energy Paintings - Energy for a Fulfilling Love Life - SVETSLIK.SI - 100% hand painted\",\"isPartOf\":{\"@id\":\"https:\/\/svetslik.si\/en\/#website\"},\"primaryImageOfPage\":{\"@id\":\"https:\/\/svetslik.si\/en\/energy-paintings\/energy-paintings-energy-for-a-fulfilling-love-life\/#primaryimage\"},\"image\":{\"@id\":\"https:\/\/svetslik.si\/en\/energy-paintings\/energy-paintings-energy-for-a-fulfilling-love-life\/#primaryimage\"},\"thumbnailUrl\":\"https:\/\/svetslik.si\/wp-content\/uploads\/2021\/08\/image_energijska-1_680.jpg\",\"datePublished\":\"2021-09-02T16:51:44+00:00\",\"dateModified\":\"2026-03-22T16:47:00+00:00\",\"description\":\"100 % hand-painted energy painting on canvas - Energy Paintings - Energy for a Fulfilling Love Life -.\",\"breadcrumb\":{\"@id\":\"https:\/\/svetslik.si\/en\/energy-paintings\/energy-paintings-energy-for-a-fulfilling-love-life\/#breadcrumb\"},\"inLanguage\":\"en-US\",\"potentialAction\":[{\"@type\":\"ReadAction\",\"target\":[\"https:\/\/svetslik.si\/en\/energy-paintings\/energy-paintings-energy-for-a-fulfilling-love-life\/\"]}]},{\"@type\":\"ImageObject\",\"inLanguage\":\"en-US\",\"@id\":\"https:\/\/svetslik.si\/en\/energy-paintings\/energy-paintings-energy-for-a-fulfilling-love-life\/#primaryimage\",\"url\":\"https:\/\/svetslik.si\/wp-content\/uploads\/2021\/08\/image_energijska-1_680.jpg\",\"contentUrl\":\"https:\/\/svetslik.si\/wp-content\/uploads\/2021\/08\/image_energijska-1_680.jpg\",\"width\":680,\"height\":680,\"caption\":\"Energy Wall Paintings on Canvas - Energy for a Fulfilling Love Life - Artistic Painting - Modern Paintings, Ambient Wall Paintings, Abstract Paintings, Decorative Wall Paintings, Purchase and Sale of Paintings.\"},{\"@type\":\"BreadcrumbList\",\"@id\":\"https:\/\/svetslik.si\/en\/energy-paintings\/energy-paintings-energy-for-a-fulfilling-love-life\/#breadcrumb\",\"itemListElement\":[{\"@type\":\"ListItem\",\"position\":1,\"name\":\"Wall art and paintings on canvas\",\"item\":\"https:\/\/svetslik.si\/en\/\"},{\"@type\":\"ListItem\",\"position\":2,\"name\":\"Sale of paintings\",\"item\":\"https:\/\/svetslik.si\/prodaja-slik\/\"},{\"@type\":\"ListItem\",\"position\":3,\"name\":\"Energy Paintings &#8211; Energy for a Fulfilling Love Life\"}]},{\"@type\":\"WebSite\",\"@id\":\"https:\/\/svetslik.si\/en\/#website\",\"url\":\"https:\/\/svetslik.si\/en\/\",\"name\":\"SVETSLIK.SI\",\"description\":\"100% ru\u010dno naslikane reprodukcije slika poznatih slikara in umjetni\u010dke zidne slike na platnu.\",\"publisher\":{\"@id\":\"https:\/\/svetslik.si\/en\/#organization\"},\"potentialAction\":[{\"@type\":\"SearchAction\",\"target\":{\"@type\":\"EntryPoint\",\"urlTemplate\":\"https:\/\/svetslik.si\/en\/?s={search_term_string}\"},\"query-input\":{\"@type\":\"PropertyValueSpecification\",\"valueRequired\":true,\"valueName\":\"search_term_string\"}}],\"inLanguage\":\"en-US\"},{\"@type\":\"Organization\",\"@id\":\"https:\/\/svetslik.si\/en\/#organization\",\"name\":\"SvetSlik.si\",\"url\":\"https:\/\/svetslik.si\/en\/\",\"logo\":{\"@type\":\"ImageObject\",\"inLanguage\":\"en-US\",\"@id\":\"https:\/\/svetslik.si\/en\/#\/schema\/logo\/image\/\",\"url\":\"https:\/\/svetslik.si\/wp-content\/uploads\/2020\/12\/logo-512.png\",\"contentUrl\":\"https:\/\/svetslik.si\/wp-content\/uploads\/2020\/12\/logo-512.png\",\"width\":512,\"height\":512,\"caption\":\"SvetSlik.si\"},\"image\":{\"@id\":\"https:\/\/svetslik.si\/en\/#\/schema\/logo\/image\/\"},\"sameAs\":[\"https:\/\/www.facebook.com\/svetslik.si\",\"https:\/\/x.com\/svetslik\",\"https:\/\/www.instagram.com\/svetslik.si\/\",\"https:\/\/www.linkedin.com\/company\/svetslik-si\"]}]}<\/script>\n<meta property=\"og:availability\" content=\"instock\" \/>\n<meta property=\"product:availability\" content=\"instock\" \/>\n<meta property=\"product:retailer_item_id\" content=\"786__\" \/>\n<meta property=\"product:condition\" content=\"new\" \/>\n<!-- \/ Yoast SEO Premium plugin. -->","yoast_head_json":{"title":"Energy Paintings - Energy for a Fulfilling Love Life - SVETSLIK.SI - 100% hand painted","description":"100 % hand-painted energy painting on canvas - Energy Paintings - Energy for a Fulfilling Love Life -.","robots":{"index":"index","follow":"follow","max-snippet":"max-snippet:-1","max-image-preview":"max-image-preview:large","max-video-preview":"max-video-preview:-1"},"canonical":"https:\/\/svetslik.si\/en\/energy-paintings\/energy-paintings-energy-for-a-fulfilling-love-life\/","og_locale":"en_US","og_type":"article","og_title":"Energy Paintings - Energy for a Fulfilling Love Life","og_description":"100% ro\u010dno naslikane slike na platnu, reprodukcije znanih slikarjev in umetni\u0161ke slike po naro\u010dilu.","og_url":"https:\/\/svetslik.si\/en\/energy-paintings\/energy-paintings-energy-for-a-fulfilling-love-life\/","og_site_name":"SVETSLIK.SI","article_publisher":"https:\/\/www.facebook.com\/svetslik.si","article_modified_time":"2026-03-22T16:47:00+00:00","og_image":[{"width":680,"height":680,"url":"https:\/\/svetslik.si\/wp-content\/uploads\/2021\/08\/image_energijska-1_680.jpg","type":"image\/jpeg"}],"twitter_card":"summary_large_image","twitter_site":"@svetslik","twitter_misc":{"Availability":"In stock"},"schema":{"@context":"https:\/\/schema.org","@graph":[{"@type":["WebPage","ItemPage"],"@id":"https:\/\/svetslik.si\/en\/energy-paintings\/energy-paintings-energy-for-a-fulfilling-love-life\/","url":"https:\/\/svetslik.si\/en\/energy-paintings\/energy-paintings-energy-for-a-fulfilling-love-life\/","name":"Energy Paintings - Energy for a Fulfilling Love Life - SVETSLIK.SI - 100% hand painted","isPartOf":{"@id":"https:\/\/svetslik.si\/en\/#website"},"primaryImageOfPage":{"@id":"https:\/\/svetslik.si\/en\/energy-paintings\/energy-paintings-energy-for-a-fulfilling-love-life\/#primaryimage"},"image":{"@id":"https:\/\/svetslik.si\/en\/energy-paintings\/energy-paintings-energy-for-a-fulfilling-love-life\/#primaryimage"},"thumbnailUrl":"https:\/\/svetslik.si\/wp-content\/uploads\/2021\/08\/image_energijska-1_680.jpg","datePublished":"2021-09-02T16:51:44+00:00","dateModified":"2026-03-22T16:47:00+00:00","description":"100 % hand-painted energy painting on canvas - Energy Paintings - Energy for a Fulfilling Love Life -.","breadcrumb":{"@id":"https:\/\/svetslik.si\/en\/energy-paintings\/energy-paintings-energy-for-a-fulfilling-love-life\/#breadcrumb"},"inLanguage":"en-US","potentialAction":[{"@type":"ReadAction","target":["https:\/\/svetslik.si\/en\/energy-paintings\/energy-paintings-energy-for-a-fulfilling-love-life\/"]}]},{"@type":"ImageObject","inLanguage":"en-US","@id":"https:\/\/svetslik.si\/en\/energy-paintings\/energy-paintings-energy-for-a-fulfilling-love-life\/#primaryimage","url":"https:\/\/svetslik.si\/wp-content\/uploads\/2021\/08\/image_energijska-1_680.jpg","contentUrl":"https:\/\/svetslik.si\/wp-content\/uploads\/2021\/08\/image_energijska-1_680.jpg","width":680,"height":680,"caption":"Energy Wall Paintings on Canvas - Energy for a Fulfilling Love Life - Artistic Painting - Modern Paintings, Ambient Wall Paintings, Abstract Paintings, Decorative Wall Paintings, Purchase and Sale of Paintings."},{"@type":"BreadcrumbList","@id":"https:\/\/svetslik.si\/en\/energy-paintings\/energy-paintings-energy-for-a-fulfilling-love-life\/#breadcrumb","itemListElement":[{"@type":"ListItem","position":1,"name":"Wall art and paintings on canvas","item":"https:\/\/svetslik.si\/en\/"},{"@type":"ListItem","position":2,"name":"Sale of paintings","item":"https:\/\/svetslik.si\/prodaja-slik\/"},{"@type":"ListItem","position":3,"name":"Energy Paintings &#8211; Energy for a Fulfilling Love Life"}]},{"@type":"WebSite","@id":"https:\/\/svetslik.si\/en\/#website","url":"https:\/\/svetslik.si\/en\/","name":"SVETSLIK.SI","description":"100% ru\u010dno naslikane reprodukcije slika poznatih slikara in umjetni\u010dke zidne slike na platnu.","publisher":{"@id":"https:\/\/svetslik.si\/en\/#organization"},"potentialAction":[{"@type":"SearchAction","target":{"@type":"EntryPoint","urlTemplate":"https:\/\/svetslik.si\/en\/?s={search_term_string}"},"query-input":{"@type":"PropertyValueSpecification","valueRequired":true,"valueName":"search_term_string"}}],"inLanguage":"en-US"},{"@type":"Organization","@id":"https:\/\/svetslik.si\/en\/#organization","name":"SvetSlik.si","url":"https:\/\/svetslik.si\/en\/","logo":{"@type":"ImageObject","inLanguage":"en-US","@id":"https:\/\/svetslik.si\/en\/#\/schema\/logo\/image\/","url":"https:\/\/svetslik.si\/wp-content\/uploads\/2020\/12\/logo-512.png","contentUrl":"https:\/\/svetslik.si\/wp-content\/uploads\/2020\/12\/logo-512.png","width":512,"height":512,"caption":"SvetSlik.si"},"image":{"@id":"https:\/\/svetslik.si\/en\/#\/schema\/logo\/image\/"},"sameAs":["https:\/\/www.facebook.com\/svetslik.si","https:\/\/x.com\/svetslik","https:\/\/www.instagram.com\/svetslik.si\/","https:\/\/www.linkedin.com\/company\/svetslik-si"]}]},"og_availability":"instock","product_availability":"instock","product_retailer_item_id":"786__","product_condition":"new"},"jetpack_sharing_enabled":true,"_links":{"self":[{"href":"https:\/\/svetslik.si\/en\/wp-json\/wp\/v2\/product\/86278","targetHints":{"allow":["GET"]}}],"collection":[{"href":"https:\/\/svetslik.si\/en\/wp-json\/wp\/v2\/product"}],"about":[{"href":"https:\/\/svetslik.si\/en\/wp-json\/wp\/v2\/types\/product"}],"wp:featuredmedia":[{"embeddable":true,"href":"https:\/\/svetslik.si\/en\/wp-json\/wp\/v2\/media\/78722"}],"wp:attachment":[{"href":"https:\/\/svetslik.si\/en\/wp-json\/wp\/v2\/media?parent=86278"}],"wp:term":[{"taxonomy":"product_brand","embeddable":true,"href":"https:\/\/svetslik.si\/en\/wp-json\/wp\/v2\/product_brand?post=86278"},{"taxonomy":"product_cat","embeddable":true,"href":"https:\/\/svetslik.si\/en\/wp-json\/wp\/v2\/product_cat?post=86278"},{"taxonomy":"product_tag","embeddable":true,"href":"https:\/\/svetslik.si\/en\/wp-json\/wp\/v2\/product_tag?post=86278"}],"curies":[{"name":"wp","href":"https:\/\/api.w.org\/{rel}","templated":true}]}}