{"id":86283,"date":"2021-09-02T18:52:08","date_gmt":"2021-09-02T16:52:08","guid":{"rendered":"https:\/\/svetslik.si\/uncategorized\/vzpostavitev-energijskega-ravnovesja-v-odnosih-pri-posamezniku-in-v-prostoru\/"},"modified":"2026-03-22T17:47:00","modified_gmt":"2026-03-22T16:47:00","slug":"energy-paintings-establishing-energetic-balance-in-relationships-individuals-and-spaces","status":"publish","type":"product","link":"https:\/\/svetslik.si\/en\/energy-paintings\/energy-paintings-establishing-energetic-balance-in-relationships-individuals-and-spaces\/","title":{"rendered":"Energy Paintings &#8211; Establishing Energetic Balance in Relationships, Individuals, and Spaces"},"content":{"rendered":"<h1>Energy Paintings &#8211; Creating energy balance in relationships, in the individual and in space<\/h1>\n<p>Humans are energy transducers, we are alive and we evolve in proportion to how much universal energy we receive and how freely it flows through us. The better we translate this energy, or allow it to flow through us, the higher the level we occupy and thus the more alive, content and effective we become.Energy paintings are special artworks created with a specific purpose &#8211; to establish and balance the energetic state within ourselves, our relationships and the space we live in. One of these extraordinary paintings, which attracts attention and radiates powerful energy, is available in our collection.This particular painting, which we call &#8220;Establishing Energy Balance in Relationships, in the Individual and in Space&#8221;, has been created to help people achieve harmony and balance in their lives. Its colours, shape and composition have been carefully chosen to encourage the flow of positive energy and to create an atmosphere that supports inner growth and harmonious relationships.As you admire this painting, you will be able to feel its vibration and strong energy presence. Every element in the painting has been carefully detailed and thought out to evoke a sense of balance and inner peace. The colour combinations used by the artist are designed to stimulate positive feelings, encourage creativity and promote the flow of energy in your space.The painting &#8220;Establishing Energy Balance in Relationships, in the Individual and in the Space&#8221; is hand drawn and painted with love and dedication. Each stroke helps to express the energy and purpose it carries. This unique artwork can be a great addition to your home, office or meditation space, where you can take a moment to yourself and focus on your inner growth and harmony in relationships.If you want to restore your energetic balance, connect to a higher level of consciousness and create a supportive environment for your life, take the time to go deeper.<\/p>\n","protected":false},"excerpt":{"rendered":"<p>Energy Paintings &#8211; Creating energy balance in relationships, in the individual and in space Humans are energy transducers, we are alive and we evolve in proportion to how much universal energy we receive and how freely it flows through us. The better we translate this energy, or allow it to [&hellip;]<\/p>\n","protected":false},"featured_media":79458,"template":"","meta":{"_acf_changed":false},"product_brand":[],"product_cat":[9786,9787],"product_tag":[9835],"class_list":{"0":"post-86283","1":"product","2":"type-product","3":"status-publish","4":"has-post-thumbnail","6":"product_cat-energy-art-paintings","7":"product_cat-energy-paintings","8":"product_tag-energy-painting","9":"pa_dimenzija-100-x-80-cm","10":"pa_dimenzija-150-x-120-cm","11":"pa_dimenzija-60-x-50-cm","12":"pa_dimenzija-80-x-56-cm","13":"pa_oblika-vertical","14":"pa_okvir-without-frame","15":"pa_podokvir-without","16":"pa_podokvir-yes","18":"first","19":"instock","20":"purchasable","21":"product-type-variable","22":"has-default-attributes"},"acf":[],"yoast_head":"<!-- This site is optimized with the Yoast SEO Premium plugin v26.0 (Yoast SEO v27.2) - https:\/\/yoast.com\/product\/yoast-seo-premium-wordpress\/ -->\n<title>Energy Paintings - Establishing Energetic Balance in Relationships, Individuals, and Spaces - SVETSLIK.SI - 100% hand painted<\/title>\n<meta name=\"description\" content=\"100 % hand-painted energy painting on canvas - Energy Paintings - Establishing Energetic Balance in Relationships, Individuals, and Spaces -.\" \/>\n<meta name=\"robots\" content=\"index, follow, max-snippet:-1, max-image-preview:large, max-video-preview:-1\" \/>\n<link rel=\"canonical\" href=\"https:\/\/svetslik.si\/en\/energy-paintings\/energy-paintings-establishing-energetic-balance-in-relationships-individuals-and-spaces\/\" \/>\n<meta property=\"og:locale\" content=\"en_US\" \/>\n<meta property=\"og:type\" content=\"article\" \/>\n<meta property=\"og:title\" content=\"Energy Paintings - Establishing Energetic Balance in Relationships, Individuals, and Spaces\" \/>\n<meta property=\"og:description\" content=\"100% ro\u010dno naslikane slike na platnu, reprodukcije znanih slikarjev in umetni\u0161ke slike po naro\u010dilu.\" \/>\n<meta property=\"og:url\" content=\"https:\/\/svetslik.si\/en\/energy-paintings\/energy-paintings-establishing-energetic-balance-in-relationships-individuals-and-spaces\/\" \/>\n<meta property=\"og:site_name\" content=\"SVETSLIK.SI\" \/>\n<meta property=\"article:publisher\" content=\"https:\/\/www.facebook.com\/svetslik.si\" \/>\n<meta property=\"article:modified_time\" content=\"2026-03-22T16:47:00+00:00\" \/>\n<meta property=\"og:image\" content=\"https:\/\/svetslik.si\/wp-content\/uploads\/2021\/08\/image_Vzpostavitev-energijskega-ravnovesja-v-odnosih-pri-posamezniku-in-v-prostoru_680.jpg\" \/>\n\t<meta property=\"og:image:width\" content=\"475\" \/>\n\t<meta property=\"og:image:height\" content=\"680\" \/>\n\t<meta property=\"og:image:type\" content=\"image\/jpeg\" \/>\n<meta name=\"twitter:card\" content=\"summary_large_image\" \/>\n<meta name=\"twitter:site\" content=\"@svetslik\" \/>\n<meta name=\"twitter:label1\" content=\"Availability\" \/>\n\t<meta name=\"twitter:data1\" content=\"In stock\" \/>\n<script type=\"application\/ld+json\" class=\"yoast-schema-graph\">{\"@context\":\"https:\/\/schema.org\",\"@graph\":[{\"@type\":[\"WebPage\",\"ItemPage\"],\"@id\":\"https:\/\/svetslik.si\/en\/energy-paintings\/energy-paintings-establishing-energetic-balance-in-relationships-individuals-and-spaces\/\",\"url\":\"https:\/\/svetslik.si\/en\/energy-paintings\/energy-paintings-establishing-energetic-balance-in-relationships-individuals-and-spaces\/\",\"name\":\"Energy Paintings - Establishing Energetic Balance in Relationships, Individuals, and Spaces - SVETSLIK.SI - 100% hand painted\",\"isPartOf\":{\"@id\":\"https:\/\/svetslik.si\/en\/#website\"},\"primaryImageOfPage\":{\"@id\":\"https:\/\/svetslik.si\/en\/energy-paintings\/energy-paintings-establishing-energetic-balance-in-relationships-individuals-and-spaces\/#primaryimage\"},\"image\":{\"@id\":\"https:\/\/svetslik.si\/en\/energy-paintings\/energy-paintings-establishing-energetic-balance-in-relationships-individuals-and-spaces\/#primaryimage\"},\"thumbnailUrl\":\"https:\/\/svetslik.si\/wp-content\/uploads\/2021\/08\/image_Vzpostavitev-energijskega-ravnovesja-v-odnosih-pri-posamezniku-in-v-prostoru_680.jpg\",\"datePublished\":\"2021-09-02T16:52:08+00:00\",\"dateModified\":\"2026-03-22T16:47:00+00:00\",\"description\":\"100 % hand-painted energy painting on canvas - Energy Paintings - Establishing Energetic Balance in Relationships, Individuals, and Spaces -.\",\"breadcrumb\":{\"@id\":\"https:\/\/svetslik.si\/en\/energy-paintings\/energy-paintings-establishing-energetic-balance-in-relationships-individuals-and-spaces\/#breadcrumb\"},\"inLanguage\":\"en-US\",\"potentialAction\":[{\"@type\":\"ReadAction\",\"target\":[\"https:\/\/svetslik.si\/en\/energy-paintings\/energy-paintings-establishing-energetic-balance-in-relationships-individuals-and-spaces\/\"]}]},{\"@type\":\"ImageObject\",\"inLanguage\":\"en-US\",\"@id\":\"https:\/\/svetslik.si\/en\/energy-paintings\/energy-paintings-establishing-energetic-balance-in-relationships-individuals-and-spaces\/#primaryimage\",\"url\":\"https:\/\/svetslik.si\/wp-content\/uploads\/2021\/08\/image_Vzpostavitev-energijskega-ravnovesja-v-odnosih-pri-posamezniku-in-v-prostoru_680.jpg\",\"contentUrl\":\"https:\/\/svetslik.si\/wp-content\/uploads\/2021\/08\/image_Vzpostavitev-energijskega-ravnovesja-v-odnosih-pri-posamezniku-in-v-prostoru_680.jpg\",\"width\":475,\"height\":680,\"caption\":\"Establishment of energy balance in relationships in an individual and in space Hand-painted reproductions of famous painters, modern wall art, artistic paintings for the wall\"},{\"@type\":\"BreadcrumbList\",\"@id\":\"https:\/\/svetslik.si\/en\/energy-paintings\/energy-paintings-establishing-energetic-balance-in-relationships-individuals-and-spaces\/#breadcrumb\",\"itemListElement\":[{\"@type\":\"ListItem\",\"position\":1,\"name\":\"Wall art and paintings on canvas\",\"item\":\"https:\/\/svetslik.si\/en\/\"},{\"@type\":\"ListItem\",\"position\":2,\"name\":\"Sale of paintings\",\"item\":\"https:\/\/svetslik.si\/prodaja-slik\/\"},{\"@type\":\"ListItem\",\"position\":3,\"name\":\"Energy Paintings &#8211; Establishing Energetic Balance in Relationships, Individuals, and Spaces\"}]},{\"@type\":\"WebSite\",\"@id\":\"https:\/\/svetslik.si\/en\/#website\",\"url\":\"https:\/\/svetslik.si\/en\/\",\"name\":\"SVETSLIK.SI\",\"description\":\"100% ru\u010dno naslikane reprodukcije slika poznatih slikara in umjetni\u010dke zidne slike na platnu.\",\"publisher\":{\"@id\":\"https:\/\/svetslik.si\/en\/#organization\"},\"potentialAction\":[{\"@type\":\"SearchAction\",\"target\":{\"@type\":\"EntryPoint\",\"urlTemplate\":\"https:\/\/svetslik.si\/en\/?s={search_term_string}\"},\"query-input\":{\"@type\":\"PropertyValueSpecification\",\"valueRequired\":true,\"valueName\":\"search_term_string\"}}],\"inLanguage\":\"en-US\"},{\"@type\":\"Organization\",\"@id\":\"https:\/\/svetslik.si\/en\/#organization\",\"name\":\"SvetSlik.si\",\"url\":\"https:\/\/svetslik.si\/en\/\",\"logo\":{\"@type\":\"ImageObject\",\"inLanguage\":\"en-US\",\"@id\":\"https:\/\/svetslik.si\/en\/#\/schema\/logo\/image\/\",\"url\":\"https:\/\/svetslik.si\/wp-content\/uploads\/2020\/12\/logo-512.png\",\"contentUrl\":\"https:\/\/svetslik.si\/wp-content\/uploads\/2020\/12\/logo-512.png\",\"width\":512,\"height\":512,\"caption\":\"SvetSlik.si\"},\"image\":{\"@id\":\"https:\/\/svetslik.si\/en\/#\/schema\/logo\/image\/\"},\"sameAs\":[\"https:\/\/www.facebook.com\/svetslik.si\",\"https:\/\/x.com\/svetslik\",\"https:\/\/www.instagram.com\/svetslik.si\/\",\"https:\/\/www.linkedin.com\/company\/svetslik-si\"]}]}<\/script>\n<meta property=\"og:availability\" content=\"instock\" \/>\n<meta property=\"product:availability\" content=\"instock\" \/>\n<meta property=\"product:retailer_item_id\" content=\"787__\" \/>\n<meta property=\"product:condition\" content=\"new\" \/>\n<!-- \/ Yoast SEO Premium plugin. -->","yoast_head_json":{"title":"Energy Paintings - Establishing Energetic Balance in Relationships, Individuals, and Spaces - SVETSLIK.SI - 100% hand painted","description":"100 % hand-painted energy painting on canvas - Energy Paintings - Establishing Energetic Balance in Relationships, Individuals, and Spaces -.","robots":{"index":"index","follow":"follow","max-snippet":"max-snippet:-1","max-image-preview":"max-image-preview:large","max-video-preview":"max-video-preview:-1"},"canonical":"https:\/\/svetslik.si\/en\/energy-paintings\/energy-paintings-establishing-energetic-balance-in-relationships-individuals-and-spaces\/","og_locale":"en_US","og_type":"article","og_title":"Energy Paintings - Establishing Energetic Balance in Relationships, Individuals, and Spaces","og_description":"100% ro\u010dno naslikane slike na platnu, reprodukcije znanih slikarjev in umetni\u0161ke slike po naro\u010dilu.","og_url":"https:\/\/svetslik.si\/en\/energy-paintings\/energy-paintings-establishing-energetic-balance-in-relationships-individuals-and-spaces\/","og_site_name":"SVETSLIK.SI","article_publisher":"https:\/\/www.facebook.com\/svetslik.si","article_modified_time":"2026-03-22T16:47:00+00:00","og_image":[{"width":475,"height":680,"url":"https:\/\/svetslik.si\/wp-content\/uploads\/2021\/08\/image_Vzpostavitev-energijskega-ravnovesja-v-odnosih-pri-posamezniku-in-v-prostoru_680.jpg","type":"image\/jpeg"}],"twitter_card":"summary_large_image","twitter_site":"@svetslik","twitter_misc":{"Availability":"In stock"},"schema":{"@context":"https:\/\/schema.org","@graph":[{"@type":["WebPage","ItemPage"],"@id":"https:\/\/svetslik.si\/en\/energy-paintings\/energy-paintings-establishing-energetic-balance-in-relationships-individuals-and-spaces\/","url":"https:\/\/svetslik.si\/en\/energy-paintings\/energy-paintings-establishing-energetic-balance-in-relationships-individuals-and-spaces\/","name":"Energy Paintings - Establishing Energetic Balance in Relationships, Individuals, and Spaces - SVETSLIK.SI - 100% hand painted","isPartOf":{"@id":"https:\/\/svetslik.si\/en\/#website"},"primaryImageOfPage":{"@id":"https:\/\/svetslik.si\/en\/energy-paintings\/energy-paintings-establishing-energetic-balance-in-relationships-individuals-and-spaces\/#primaryimage"},"image":{"@id":"https:\/\/svetslik.si\/en\/energy-paintings\/energy-paintings-establishing-energetic-balance-in-relationships-individuals-and-spaces\/#primaryimage"},"thumbnailUrl":"https:\/\/svetslik.si\/wp-content\/uploads\/2021\/08\/image_Vzpostavitev-energijskega-ravnovesja-v-odnosih-pri-posamezniku-in-v-prostoru_680.jpg","datePublished":"2021-09-02T16:52:08+00:00","dateModified":"2026-03-22T16:47:00+00:00","description":"100 % hand-painted energy painting on canvas - Energy Paintings - Establishing Energetic Balance in Relationships, Individuals, and Spaces -.","breadcrumb":{"@id":"https:\/\/svetslik.si\/en\/energy-paintings\/energy-paintings-establishing-energetic-balance-in-relationships-individuals-and-spaces\/#breadcrumb"},"inLanguage":"en-US","potentialAction":[{"@type":"ReadAction","target":["https:\/\/svetslik.si\/en\/energy-paintings\/energy-paintings-establishing-energetic-balance-in-relationships-individuals-and-spaces\/"]}]},{"@type":"ImageObject","inLanguage":"en-US","@id":"https:\/\/svetslik.si\/en\/energy-paintings\/energy-paintings-establishing-energetic-balance-in-relationships-individuals-and-spaces\/#primaryimage","url":"https:\/\/svetslik.si\/wp-content\/uploads\/2021\/08\/image_Vzpostavitev-energijskega-ravnovesja-v-odnosih-pri-posamezniku-in-v-prostoru_680.jpg","contentUrl":"https:\/\/svetslik.si\/wp-content\/uploads\/2021\/08\/image_Vzpostavitev-energijskega-ravnovesja-v-odnosih-pri-posamezniku-in-v-prostoru_680.jpg","width":475,"height":680,"caption":"Establishment of energy balance in relationships in an individual and in space Hand-painted reproductions of famous painters, modern wall art, artistic paintings for the wall"},{"@type":"BreadcrumbList","@id":"https:\/\/svetslik.si\/en\/energy-paintings\/energy-paintings-establishing-energetic-balance-in-relationships-individuals-and-spaces\/#breadcrumb","itemListElement":[{"@type":"ListItem","position":1,"name":"Wall art and paintings on canvas","item":"https:\/\/svetslik.si\/en\/"},{"@type":"ListItem","position":2,"name":"Sale of paintings","item":"https:\/\/svetslik.si\/prodaja-slik\/"},{"@type":"ListItem","position":3,"name":"Energy Paintings &#8211; Establishing Energetic Balance in Relationships, Individuals, and Spaces"}]},{"@type":"WebSite","@id":"https:\/\/svetslik.si\/en\/#website","url":"https:\/\/svetslik.si\/en\/","name":"SVETSLIK.SI","description":"100% ru\u010dno naslikane reprodukcije slika poznatih slikara in umjetni\u010dke zidne slike na platnu.","publisher":{"@id":"https:\/\/svetslik.si\/en\/#organization"},"potentialAction":[{"@type":"SearchAction","target":{"@type":"EntryPoint","urlTemplate":"https:\/\/svetslik.si\/en\/?s={search_term_string}"},"query-input":{"@type":"PropertyValueSpecification","valueRequired":true,"valueName":"search_term_string"}}],"inLanguage":"en-US"},{"@type":"Organization","@id":"https:\/\/svetslik.si\/en\/#organization","name":"SvetSlik.si","url":"https:\/\/svetslik.si\/en\/","logo":{"@type":"ImageObject","inLanguage":"en-US","@id":"https:\/\/svetslik.si\/en\/#\/schema\/logo\/image\/","url":"https:\/\/svetslik.si\/wp-content\/uploads\/2020\/12\/logo-512.png","contentUrl":"https:\/\/svetslik.si\/wp-content\/uploads\/2020\/12\/logo-512.png","width":512,"height":512,"caption":"SvetSlik.si"},"image":{"@id":"https:\/\/svetslik.si\/en\/#\/schema\/logo\/image\/"},"sameAs":["https:\/\/www.facebook.com\/svetslik.si","https:\/\/x.com\/svetslik","https:\/\/www.instagram.com\/svetslik.si\/","https:\/\/www.linkedin.com\/company\/svetslik-si"]}]},"og_availability":"instock","product_availability":"instock","product_retailer_item_id":"787__","product_condition":"new"},"jetpack_sharing_enabled":true,"_links":{"self":[{"href":"https:\/\/svetslik.si\/en\/wp-json\/wp\/v2\/product\/86283","targetHints":{"allow":["GET"]}}],"collection":[{"href":"https:\/\/svetslik.si\/en\/wp-json\/wp\/v2\/product"}],"about":[{"href":"https:\/\/svetslik.si\/en\/wp-json\/wp\/v2\/types\/product"}],"wp:featuredmedia":[{"embeddable":true,"href":"https:\/\/svetslik.si\/en\/wp-json\/wp\/v2\/media\/79458"}],"wp:attachment":[{"href":"https:\/\/svetslik.si\/en\/wp-json\/wp\/v2\/media?parent=86283"}],"wp:term":[{"taxonomy":"product_brand","embeddable":true,"href":"https:\/\/svetslik.si\/en\/wp-json\/wp\/v2\/product_brand?post=86283"},{"taxonomy":"product_cat","embeddable":true,"href":"https:\/\/svetslik.si\/en\/wp-json\/wp\/v2\/product_cat?post=86283"},{"taxonomy":"product_tag","embeddable":true,"href":"https:\/\/svetslik.si\/en\/wp-json\/wp\/v2\/product_tag?post=86283"}],"curies":[{"name":"wp","href":"https:\/\/api.w.org\/{rel}","templated":true}]}}