{"id":86409,"date":"2021-09-02T18:54:42","date_gmt":"2021-09-02T16:54:42","guid":{"rendered":"https:\/\/svetslik.si\/uncategorized\/nadangel-haniel\/"},"modified":"2026-03-22T14:22:19","modified_gmt":"2026-03-22T13:22:19","slug":"energy-paintings-archangel-haniel","status":"publish","type":"product","link":"https:\/\/svetslik.si\/en\/spiritual-paintings\/energy-paintings-archangel-haniel\/","title":{"rendered":"Energy Paintings &#8211; Archangel Haniel"},"content":{"rendered":"<p>He is the Archangel of Purity and Hope. Gabriel announced to Elizabeth and Mary, each separately, the news of the forthcoming births of their sons John the Baptist and Jesus of Nazareth, which is why he has become known as a messenger angel, helping parents to bring up their children, but also helping anyone whose purpose in life is related to art or communication. If you are an actor, writer, dancer, dancer, journalist, model, musician, reporter, singer, teacher, or in any way bring spiritual messages through your work and need guidance, call on him.<\/p>\n","protected":false},"excerpt":{"rendered":"<p>He is the Archangel of Purity and Hope. Gabriel announced to Elizabeth and Mary, each separately, the news of the forthcoming births of their sons John the Baptist and Jesus of Nazareth, which is why he has become known as a messenger angel, helping parents to bring up their children, [&hellip;]<\/p>\n","protected":false},"featured_media":78426,"template":"","meta":{"_acf_changed":false},"product_brand":[],"product_cat":[9786,9788],"product_tag":[9835],"class_list":{"0":"post-86409","1":"product","2":"type-product","3":"status-publish","4":"has-post-thumbnail","6":"product_cat-energy-art-paintings","7":"product_cat-spiritual-paintings","8":"product_tag-energy-painting","9":"pa_dimenzija-20-x-25-cm","10":"pa_dimenzija-30-x-40-cm","11":"pa_dimenzija-40-x-60-cm","12":"pa_dimenzija-90-x-120-cm","13":"pa_oblika-vertical","14":"pa_okvir-without-frame","15":"pa_podokvir-without","16":"pa_podokvir-yes","18":"first","19":"instock","20":"purchasable","21":"product-type-variable","22":"has-default-attributes"},"acf":[],"yoast_head":"<!-- This site is optimized with the Yoast SEO Premium plugin v26.0 (Yoast SEO v27.2) - https:\/\/yoast.com\/product\/yoast-seo-premium-wordpress\/ -->\n<title>Energy Paintings - Archangel Haniel - SVETSLIK.SI<\/title>\n<meta name=\"description\" content=\"100 % hand-painted energy painting on canvas - Energy Paintings - Archangel Haniel -.\" \/>\n<meta name=\"robots\" content=\"index, follow, max-snippet:-1, max-image-preview:large, max-video-preview:-1\" \/>\n<link rel=\"canonical\" href=\"https:\/\/svetslik.si\/en\/spiritual-paintings\/energy-paintings-archangel-haniel\/\" \/>\n<meta property=\"og:locale\" content=\"en_US\" \/>\n<meta property=\"og:type\" content=\"article\" \/>\n<meta property=\"og:title\" content=\"Energy Paintings - Archangel Haniel\" \/>\n<meta property=\"og:description\" content=\"100% ro\u010dno naslikane slike na platnu, reprodukcije znanih slikarjev in umetni\u0161ke slike po naro\u010dilu.\" \/>\n<meta property=\"og:url\" content=\"https:\/\/svetslik.si\/en\/spiritual-paintings\/energy-paintings-archangel-haniel\/\" \/>\n<meta property=\"og:site_name\" content=\"SVETSLIK.SI\" \/>\n<meta property=\"article:publisher\" content=\"https:\/\/www.facebook.com\/svetslik.si\" \/>\n<meta property=\"article:modified_time\" content=\"2026-03-22T13:22:19+00:00\" \/>\n<meta property=\"og:image\" content=\"https:\/\/svetslik.si\/wp-content\/uploads\/2021\/08\/image_1_680.jpg\" \/>\n\t<meta property=\"og:image:width\" content=\"537\" \/>\n\t<meta property=\"og:image:height\" content=\"680\" \/>\n\t<meta property=\"og:image:type\" content=\"image\/jpeg\" \/>\n<meta name=\"twitter:card\" content=\"summary_large_image\" \/>\n<meta name=\"twitter:site\" content=\"@svetslik\" \/>\n<meta name=\"twitter:label1\" content=\"Availability\" \/>\n\t<meta name=\"twitter:data1\" content=\"In stock\" \/>\n<script type=\"application\/ld+json\" class=\"yoast-schema-graph\">{\"@context\":\"https:\/\/schema.org\",\"@graph\":[{\"@type\":[\"WebPage\",\"ItemPage\"],\"@id\":\"https:\/\/svetslik.si\/en\/spiritual-paintings\/energy-paintings-archangel-haniel\/\",\"url\":\"https:\/\/svetslik.si\/en\/spiritual-paintings\/energy-paintings-archangel-haniel\/\",\"name\":\"Energy Paintings - Archangel Haniel - SVETSLIK.SI\",\"isPartOf\":{\"@id\":\"https:\/\/svetslik.si\/en\/#website\"},\"primaryImageOfPage\":{\"@id\":\"https:\/\/svetslik.si\/en\/spiritual-paintings\/energy-paintings-archangel-haniel\/#primaryimage\"},\"image\":{\"@id\":\"https:\/\/svetslik.si\/en\/spiritual-paintings\/energy-paintings-archangel-haniel\/#primaryimage\"},\"thumbnailUrl\":\"https:\/\/svetslik.si\/wp-content\/uploads\/2021\/08\/image_1_680.jpg\",\"datePublished\":\"2021-09-02T16:54:42+00:00\",\"dateModified\":\"2026-03-22T13:22:19+00:00\",\"description\":\"100 % hand-painted energy painting on canvas - Energy Paintings - Archangel Haniel -.\",\"breadcrumb\":{\"@id\":\"https:\/\/svetslik.si\/en\/spiritual-paintings\/energy-paintings-archangel-haniel\/#breadcrumb\"},\"inLanguage\":\"en-US\",\"potentialAction\":[{\"@type\":\"ReadAction\",\"target\":[\"https:\/\/svetslik.si\/en\/spiritual-paintings\/energy-paintings-archangel-haniel\/\"]}]},{\"@type\":\"ImageObject\",\"inLanguage\":\"en-US\",\"@id\":\"https:\/\/svetslik.si\/en\/spiritual-paintings\/energy-paintings-archangel-haniel\/#primaryimage\",\"url\":\"https:\/\/svetslik.si\/wp-content\/uploads\/2021\/08\/image_1_680.jpg\",\"contentUrl\":\"https:\/\/svetslik.si\/wp-content\/uploads\/2021\/08\/image_1_680.jpg\",\"width\":537,\"height\":680,\"caption\":\"Energy wall paintings on canvas, wall art, artistic paintings, modern paintings, ambient paintings, abstract paintings, decorative wall paintings, buying and selling paintings - Archangel Haniel\"},{\"@type\":\"BreadcrumbList\",\"@id\":\"https:\/\/svetslik.si\/en\/spiritual-paintings\/energy-paintings-archangel-haniel\/#breadcrumb\",\"itemListElement\":[{\"@type\":\"ListItem\",\"position\":1,\"name\":\"Wall art and paintings on canvas\",\"item\":\"https:\/\/svetslik.si\/en\/\"},{\"@type\":\"ListItem\",\"position\":2,\"name\":\"Sale of paintings\",\"item\":\"https:\/\/svetslik.si\/prodaja-slik\/\"},{\"@type\":\"ListItem\",\"position\":3,\"name\":\"Energy Paintings &#8211; Archangel Haniel\"}]},{\"@type\":\"WebSite\",\"@id\":\"https:\/\/svetslik.si\/en\/#website\",\"url\":\"https:\/\/svetslik.si\/en\/\",\"name\":\"SVETSLIK.SI\",\"description\":\"100% ru\u010dno naslikane reprodukcije slika poznatih slikara in umjetni\u010dke zidne slike na platnu.\",\"publisher\":{\"@id\":\"https:\/\/svetslik.si\/en\/#organization\"},\"potentialAction\":[{\"@type\":\"SearchAction\",\"target\":{\"@type\":\"EntryPoint\",\"urlTemplate\":\"https:\/\/svetslik.si\/en\/?s={search_term_string}\"},\"query-input\":{\"@type\":\"PropertyValueSpecification\",\"valueRequired\":true,\"valueName\":\"search_term_string\"}}],\"inLanguage\":\"en-US\"},{\"@type\":\"Organization\",\"@id\":\"https:\/\/svetslik.si\/en\/#organization\",\"name\":\"SvetSlik.si\",\"url\":\"https:\/\/svetslik.si\/en\/\",\"logo\":{\"@type\":\"ImageObject\",\"inLanguage\":\"en-US\",\"@id\":\"https:\/\/svetslik.si\/en\/#\/schema\/logo\/image\/\",\"url\":\"https:\/\/svetslik.si\/wp-content\/uploads\/2020\/12\/logo-512.png\",\"contentUrl\":\"https:\/\/svetslik.si\/wp-content\/uploads\/2020\/12\/logo-512.png\",\"width\":512,\"height\":512,\"caption\":\"SvetSlik.si\"},\"image\":{\"@id\":\"https:\/\/svetslik.si\/en\/#\/schema\/logo\/image\/\"},\"sameAs\":[\"https:\/\/www.facebook.com\/svetslik.si\",\"https:\/\/x.com\/svetslik\",\"https:\/\/www.instagram.com\/svetslik.si\/\",\"https:\/\/www.linkedin.com\/company\/svetslik-si\"]}]}<\/script>\n<meta property=\"og:availability\" content=\"instock\" \/>\n<meta property=\"product:availability\" content=\"instock\" \/>\n<meta property=\"product:retailer_item_id\" content=\"822__\" \/>\n<meta property=\"product:condition\" content=\"new\" \/>\n<!-- \/ Yoast SEO Premium plugin. -->","yoast_head_json":{"title":"Energy Paintings - Archangel Haniel - SVETSLIK.SI","description":"100 % hand-painted energy painting on canvas - Energy Paintings - Archangel Haniel -.","robots":{"index":"index","follow":"follow","max-snippet":"max-snippet:-1","max-image-preview":"max-image-preview:large","max-video-preview":"max-video-preview:-1"},"canonical":"https:\/\/svetslik.si\/en\/spiritual-paintings\/energy-paintings-archangel-haniel\/","og_locale":"en_US","og_type":"article","og_title":"Energy Paintings - Archangel Haniel","og_description":"100% ro\u010dno naslikane slike na platnu, reprodukcije znanih slikarjev in umetni\u0161ke slike po naro\u010dilu.","og_url":"https:\/\/svetslik.si\/en\/spiritual-paintings\/energy-paintings-archangel-haniel\/","og_site_name":"SVETSLIK.SI","article_publisher":"https:\/\/www.facebook.com\/svetslik.si","article_modified_time":"2026-03-22T13:22:19+00:00","og_image":[{"width":537,"height":680,"url":"https:\/\/svetslik.si\/wp-content\/uploads\/2021\/08\/image_1_680.jpg","type":"image\/jpeg"}],"twitter_card":"summary_large_image","twitter_site":"@svetslik","twitter_misc":{"Availability":"In stock"},"schema":{"@context":"https:\/\/schema.org","@graph":[{"@type":["WebPage","ItemPage"],"@id":"https:\/\/svetslik.si\/en\/spiritual-paintings\/energy-paintings-archangel-haniel\/","url":"https:\/\/svetslik.si\/en\/spiritual-paintings\/energy-paintings-archangel-haniel\/","name":"Energy Paintings - Archangel Haniel - SVETSLIK.SI","isPartOf":{"@id":"https:\/\/svetslik.si\/en\/#website"},"primaryImageOfPage":{"@id":"https:\/\/svetslik.si\/en\/spiritual-paintings\/energy-paintings-archangel-haniel\/#primaryimage"},"image":{"@id":"https:\/\/svetslik.si\/en\/spiritual-paintings\/energy-paintings-archangel-haniel\/#primaryimage"},"thumbnailUrl":"https:\/\/svetslik.si\/wp-content\/uploads\/2021\/08\/image_1_680.jpg","datePublished":"2021-09-02T16:54:42+00:00","dateModified":"2026-03-22T13:22:19+00:00","description":"100 % hand-painted energy painting on canvas - Energy Paintings - Archangel Haniel -.","breadcrumb":{"@id":"https:\/\/svetslik.si\/en\/spiritual-paintings\/energy-paintings-archangel-haniel\/#breadcrumb"},"inLanguage":"en-US","potentialAction":[{"@type":"ReadAction","target":["https:\/\/svetslik.si\/en\/spiritual-paintings\/energy-paintings-archangel-haniel\/"]}]},{"@type":"ImageObject","inLanguage":"en-US","@id":"https:\/\/svetslik.si\/en\/spiritual-paintings\/energy-paintings-archangel-haniel\/#primaryimage","url":"https:\/\/svetslik.si\/wp-content\/uploads\/2021\/08\/image_1_680.jpg","contentUrl":"https:\/\/svetslik.si\/wp-content\/uploads\/2021\/08\/image_1_680.jpg","width":537,"height":680,"caption":"Energy wall paintings on canvas, wall art, artistic paintings, modern paintings, ambient paintings, abstract paintings, decorative wall paintings, buying and selling paintings - Archangel Haniel"},{"@type":"BreadcrumbList","@id":"https:\/\/svetslik.si\/en\/spiritual-paintings\/energy-paintings-archangel-haniel\/#breadcrumb","itemListElement":[{"@type":"ListItem","position":1,"name":"Wall art and paintings on canvas","item":"https:\/\/svetslik.si\/en\/"},{"@type":"ListItem","position":2,"name":"Sale of paintings","item":"https:\/\/svetslik.si\/prodaja-slik\/"},{"@type":"ListItem","position":3,"name":"Energy Paintings &#8211; Archangel Haniel"}]},{"@type":"WebSite","@id":"https:\/\/svetslik.si\/en\/#website","url":"https:\/\/svetslik.si\/en\/","name":"SVETSLIK.SI","description":"100% ru\u010dno naslikane reprodukcije slika poznatih slikara in umjetni\u010dke zidne slike na platnu.","publisher":{"@id":"https:\/\/svetslik.si\/en\/#organization"},"potentialAction":[{"@type":"SearchAction","target":{"@type":"EntryPoint","urlTemplate":"https:\/\/svetslik.si\/en\/?s={search_term_string}"},"query-input":{"@type":"PropertyValueSpecification","valueRequired":true,"valueName":"search_term_string"}}],"inLanguage":"en-US"},{"@type":"Organization","@id":"https:\/\/svetslik.si\/en\/#organization","name":"SvetSlik.si","url":"https:\/\/svetslik.si\/en\/","logo":{"@type":"ImageObject","inLanguage":"en-US","@id":"https:\/\/svetslik.si\/en\/#\/schema\/logo\/image\/","url":"https:\/\/svetslik.si\/wp-content\/uploads\/2020\/12\/logo-512.png","contentUrl":"https:\/\/svetslik.si\/wp-content\/uploads\/2020\/12\/logo-512.png","width":512,"height":512,"caption":"SvetSlik.si"},"image":{"@id":"https:\/\/svetslik.si\/en\/#\/schema\/logo\/image\/"},"sameAs":["https:\/\/www.facebook.com\/svetslik.si","https:\/\/x.com\/svetslik","https:\/\/www.instagram.com\/svetslik.si\/","https:\/\/www.linkedin.com\/company\/svetslik-si"]}]},"og_availability":"instock","product_availability":"instock","product_retailer_item_id":"822__","product_condition":"new"},"jetpack_sharing_enabled":true,"_links":{"self":[{"href":"https:\/\/svetslik.si\/en\/wp-json\/wp\/v2\/product\/86409","targetHints":{"allow":["GET"]}}],"collection":[{"href":"https:\/\/svetslik.si\/en\/wp-json\/wp\/v2\/product"}],"about":[{"href":"https:\/\/svetslik.si\/en\/wp-json\/wp\/v2\/types\/product"}],"wp:featuredmedia":[{"embeddable":true,"href":"https:\/\/svetslik.si\/en\/wp-json\/wp\/v2\/media\/78426"}],"wp:attachment":[{"href":"https:\/\/svetslik.si\/en\/wp-json\/wp\/v2\/media?parent=86409"}],"wp:term":[{"taxonomy":"product_brand","embeddable":true,"href":"https:\/\/svetslik.si\/en\/wp-json\/wp\/v2\/product_brand?post=86409"},{"taxonomy":"product_cat","embeddable":true,"href":"https:\/\/svetslik.si\/en\/wp-json\/wp\/v2\/product_cat?post=86409"},{"taxonomy":"product_tag","embeddable":true,"href":"https:\/\/svetslik.si\/en\/wp-json\/wp\/v2\/product_tag?post=86409"}],"curies":[{"name":"wp","href":"https:\/\/api.w.org\/{rel}","templated":true}]}}