{"id":86433,"date":"2021-09-02T18:55:07","date_gmt":"2021-09-02T16:55:07","guid":{"rendered":"https:\/\/svetslik.si\/uncategorized\/dekorativna-slika-portal\/"},"modified":"2024-07-11T14:10:15","modified_gmt":"2024-07-11T12:10:15","slug":"wall-art-paintings-portal","status":"publish","type":"product","link":"https:\/\/svetslik.si\/en\/wall-art-paintings-on-canvas-two-panels\/wall-art-paintings-portal\/","title":{"rendered":"Wall art &#8211; paintings &#8211; Portal"},"content":{"rendered":"<div class=\"wpb-content-wrapper\">[vc_row][vc_column][vc_column_text]\nPanel&#8217;s dimensions:<br \/>\n100 cm x 50 cm ( 2 x 50 cm x 50 cm)<br \/>\n120 cm x 60 cm ( 2 x 60 cm x 60 cm)<br \/>\n160 cm x 80 cm ( 2 x 80 cm x 80 cm)<\/p>\n[\/vc_column_text][\/vc_column][\/vc_row][vc_row][vc_column]\t<div class=\"et-image-810 et-image  full   et_image_link\">\n\t\t<div class=\"et-image-inner \">\n\t\t\t\t\t\t\t<div class=\"et-image-thumb \">\n\t\t\t\t\t<img decoding=\"async\" width=\"1679\" height=\"2560\" src=\"https:\/\/svetslik.si\/wp-content\/uploads\/2021\/12\/vecdena-slika-na-platnu-7-scaled.jpg\" class=\"attachment-full\" alt=\"Wall paintings\" title=\"Wall paintings\" srcset=\"https:\/\/svetslik.si\/wp-content\/uploads\/2021\/12\/vecdena-slika-na-platnu-7-scaled.jpg 1679w, https:\/\/svetslik.si\/wp-content\/uploads\/2021\/12\/vecdena-slika-na-platnu-7-600x915.jpg 600w, https:\/\/svetslik.si\/wp-content\/uploads\/2021\/12\/vecdena-slika-na-platnu-7-scaled-1200x1830.jpg 1200w, https:\/\/svetslik.si\/wp-content\/uploads\/2021\/12\/vecdena-slika-na-platnu-7-197x300.jpg 197w, https:\/\/svetslik.si\/wp-content\/uploads\/2021\/12\/vecdena-slika-na-platnu-7-672x1024.jpg 672w, https:\/\/svetslik.si\/wp-content\/uploads\/2021\/12\/vecdena-slika-na-platnu-7-768x1171.jpg 768w, https:\/\/svetslik.si\/wp-content\/uploads\/2021\/12\/vecdena-slika-na-platnu-7-1007x1536.jpg 1007w, https:\/\/svetslik.si\/wp-content\/uploads\/2021\/12\/vecdena-slika-na-platnu-7-1343x2048.jpg 1343w, https:\/\/svetslik.si\/wp-content\/uploads\/2021\/12\/vecdena-slika-na-platnu-7-98x150.jpg 98w, https:\/\/svetslik.si\/wp-content\/uploads\/2021\/12\/vecdena-slika-na-platnu-7-1320x2013.jpg 1320w, https:\/\/svetslik.si\/wp-content\/uploads\/2021\/12\/vecdena-slika-na-platnu-7-900x1372.jpg 900w\" sizes=\"(max-width: 1679px) 100vw, 1679px\" \/>\t\t\t\t<\/div>\n\t\t\t\t\t\t\t\t\t\t\t<\/div>\n\t<\/div>\n  [\/vc_column][\/vc_row][vc_row][vc_column]\t<div class=\"et-image-283 et-image  full   et_image_link\">\n\t\t<div class=\"et-image-inner \">\n\t\t\t\t\t\t\t<div class=\"et-image-thumb \">\n\t\t\t\t\t<img decoding=\"async\" width=\"2336\" height=\"2252\" src=\"https:\/\/svetslik.si\/wp-content\/uploads\/2021\/09\/stenske-slike-Portal.jpg\" class=\"attachment-full\" alt=\"Wall art - paintings - Portal (wall art, canvas, painting, art for wall, wall paintings, abstract paintings, large wall art, frame, artwork, oversized painting, XXL painting, artstation, paintings for living room ideas, buy painting, frame, frame painting, famous paintings, modern paintings)\" title=\"Wall art - paintings - Portal (wall art, canvas, painting, art for wall, wall paintings, abstract paintings, large wall art, frame, artwork, oversized painting, XXL painting, artstation, paintings for living room ideas, buy painting, frame, frame painting, famous paintings, modern paintings)\" srcset=\"https:\/\/svetslik.si\/wp-content\/uploads\/2021\/09\/stenske-slike-Portal.jpg 2336w, https:\/\/svetslik.si\/wp-content\/uploads\/2021\/09\/stenske-slike-Portal-600x578.jpg 600w, https:\/\/svetslik.si\/wp-content\/uploads\/2021\/09\/stenske-slike-Portal-1200x1157.jpg 1200w, https:\/\/svetslik.si\/wp-content\/uploads\/2021\/09\/stenske-slike-Portal-300x289.jpg 300w, https:\/\/svetslik.si\/wp-content\/uploads\/2021\/09\/stenske-slike-Portal-1024x987.jpg 1024w, https:\/\/svetslik.si\/wp-content\/uploads\/2021\/09\/stenske-slike-Portal-768x740.jpg 768w, https:\/\/svetslik.si\/wp-content\/uploads\/2021\/09\/stenske-slike-Portal-1536x1481.jpg 1536w, https:\/\/svetslik.si\/wp-content\/uploads\/2021\/09\/stenske-slike-Portal-2048x1974.jpg 2048w, https:\/\/svetslik.si\/wp-content\/uploads\/2021\/09\/stenske-slike-Portal-12x12.jpg 12w, https:\/\/svetslik.si\/wp-content\/uploads\/2021\/09\/stenske-slike-Portal-150x145.jpg 150w\" sizes=\"(max-width: 2336px) 100vw, 2336px\" \/>\t\t\t\t<\/div>\n\t\t\t\t\t\t\t\t\t\t\t<\/div>\n\t<\/div>\n  [\/vc_column][\/vc_row][vc_row][vc_column]\t<div class=\"et-image-927 et-image  full   et_image_link\">\n\t\t<div class=\"et-image-inner \">\n\t\t\t\t\t\t\t<div class=\"et-image-thumb \">\n\t\t\t\t\t<img decoding=\"async\" width=\"1632\" height=\"2252\" src=\"https:\/\/svetslik.si\/wp-content\/uploads\/2021\/09\/stenske-slike-Portal-1.jpg\" class=\"attachment-full\" alt=\"Wall art - paintings - Portal (wall art, canvas, painting, art for wall, wall paintings, abstract paintings, large wall art, frame, artwork, oversized painting, XXL painting, artstation, paintings for living room ideas, buy painting, frame, frame painting, famous paintings, modern paintings)\" title=\"Wall art - paintings - Portal (wall art, canvas, painting, art for wall, wall paintings, abstract paintings, large wall art, frame, artwork, oversized painting, XXL painting, artstation, paintings for living room ideas, buy painting, frame, frame painting, famous paintings, modern paintings)\" srcset=\"https:\/\/svetslik.si\/wp-content\/uploads\/2021\/09\/stenske-slike-Portal-1.jpg 1632w, https:\/\/svetslik.si\/wp-content\/uploads\/2021\/09\/stenske-slike-Portal-1-600x828.jpg 600w, https:\/\/svetslik.si\/wp-content\/uploads\/2021\/09\/stenske-slike-Portal-1-1200x1656.jpg 1200w, https:\/\/svetslik.si\/wp-content\/uploads\/2021\/09\/stenske-slike-Portal-1-217x300.jpg 217w, https:\/\/svetslik.si\/wp-content\/uploads\/2021\/09\/stenske-slike-Portal-1-742x1024.jpg 742w, https:\/\/svetslik.si\/wp-content\/uploads\/2021\/09\/stenske-slike-Portal-1-768x1060.jpg 768w, https:\/\/svetslik.si\/wp-content\/uploads\/2021\/09\/stenske-slike-Portal-1-1113x1536.jpg 1113w, https:\/\/svetslik.si\/wp-content\/uploads\/2021\/09\/stenske-slike-Portal-1-1484x2048.jpg 1484w, https:\/\/svetslik.si\/wp-content\/uploads\/2021\/09\/stenske-slike-Portal-1-9x12.jpg 9w, https:\/\/svetslik.si\/wp-content\/uploads\/2021\/09\/stenske-slike-Portal-1-109x150.jpg 109w\" sizes=\"(max-width: 1632px) 100vw, 1632px\" \/>\t\t\t\t<\/div>\n\t\t\t\t\t\t\t\t\t\t\t<\/div>\n\t<\/div>\n  [\/vc_column][\/vc_row][vc_row][vc_column]\t<div class=\"et-image-601 et-image  full   et_image_link\">\n\t\t<div class=\"et-image-inner \">\n\t\t\t\t\t\t\t<div class=\"et-image-thumb \">\n\t\t\t\t\t<img decoding=\"async\" width=\"2312\" height=\"2252\" src=\"https:\/\/svetslik.si\/wp-content\/uploads\/2021\/09\/stenske-slike-Portal-2.jpg\" class=\"attachment-full\" alt=\"Wall art - paintings - Portal (wall art, canvas, painting, art for wall, wall paintings, abstract paintings, large wall art, frame, artwork, oversized painting, XXL painting, artstation, paintings for living room ideas, buy painting, frame, frame painting, famous paintings, modern paintings)\" title=\"Wall art - paintings - Portal (wall art, canvas, painting, art for wall, wall paintings, abstract paintings, large wall art, frame, artwork, oversized painting, XXL painting, artstation, paintings for living room ideas, buy painting, frame, frame painting, famous paintings, modern paintings)\" srcset=\"https:\/\/svetslik.si\/wp-content\/uploads\/2021\/09\/stenske-slike-Portal-2.jpg 2312w, https:\/\/svetslik.si\/wp-content\/uploads\/2021\/09\/stenske-slike-Portal-2-600x584.jpg 600w, https:\/\/svetslik.si\/wp-content\/uploads\/2021\/09\/stenske-slike-Portal-2-1200x1169.jpg 1200w, https:\/\/svetslik.si\/wp-content\/uploads\/2021\/09\/stenske-slike-Portal-2-300x292.jpg 300w, https:\/\/svetslik.si\/wp-content\/uploads\/2021\/09\/stenske-slike-Portal-2-1024x997.jpg 1024w, https:\/\/svetslik.si\/wp-content\/uploads\/2021\/09\/stenske-slike-Portal-2-768x748.jpg 768w, https:\/\/svetslik.si\/wp-content\/uploads\/2021\/09\/stenske-slike-Portal-2-1536x1496.jpg 1536w, https:\/\/svetslik.si\/wp-content\/uploads\/2021\/09\/stenske-slike-Portal-2-2048x1995.jpg 2048w, https:\/\/svetslik.si\/wp-content\/uploads\/2021\/09\/stenske-slike-Portal-2-12x12.jpg 12w, https:\/\/svetslik.si\/wp-content\/uploads\/2021\/09\/stenske-slike-Portal-2-150x146.jpg 150w\" sizes=\"(max-width: 2312px) 100vw, 2312px\" \/>\t\t\t\t<\/div>\n\t\t\t\t\t\t\t\t\t\t\t<\/div>\n\t<\/div>\n  [\/vc_column][\/vc_row][vc_row][vc_column]\t<div class=\"et-image-915 et-image  full   et_image_link\">\n\t\t<div class=\"et-image-inner \">\n\t\t\t\t\t\t\t<div class=\"et-image-thumb \">\n\t\t\t\t\t<img decoding=\"async\" width=\"1528\" height=\"2156\" src=\"https:\/\/svetslik.si\/wp-content\/uploads\/2021\/09\/stenske-slike-Portal-3.jpg\" class=\"attachment-full\" alt=\"Wall art - paintings - Portal (wall art, canvas, painting, art for wall, wall paintings, abstract paintings, large wall art, frame, artwork, oversized painting, XXL painting, artstation, paintings for living room ideas, buy painting, frame, frame painting, famous paintings, modern paintings)\" title=\"Wall art - paintings - Portal (wall art, canvas, painting, art for wall, wall paintings, abstract paintings, large wall art, frame, artwork, oversized painting, XXL painting, artstation, paintings for living room ideas, buy painting, frame, frame painting, famous paintings, modern paintings)\" srcset=\"https:\/\/svetslik.si\/wp-content\/uploads\/2021\/09\/stenske-slike-Portal-3.jpg 1528w, https:\/\/svetslik.si\/wp-content\/uploads\/2021\/09\/stenske-slike-Portal-3-600x847.jpg 600w, https:\/\/svetslik.si\/wp-content\/uploads\/2021\/09\/stenske-slike-Portal-3-1200x1693.jpg 1200w, https:\/\/svetslik.si\/wp-content\/uploads\/2021\/09\/stenske-slike-Portal-3-213x300.jpg 213w, https:\/\/svetslik.si\/wp-content\/uploads\/2021\/09\/stenske-slike-Portal-3-726x1024.jpg 726w, https:\/\/svetslik.si\/wp-content\/uploads\/2021\/09\/stenske-slike-Portal-3-768x1084.jpg 768w, https:\/\/svetslik.si\/wp-content\/uploads\/2021\/09\/stenske-slike-Portal-3-1089x1536.jpg 1089w, https:\/\/svetslik.si\/wp-content\/uploads\/2021\/09\/stenske-slike-Portal-3-1451x2048.jpg 1451w, https:\/\/svetslik.si\/wp-content\/uploads\/2021\/09\/stenske-slike-Portal-3-9x12.jpg 9w, https:\/\/svetslik.si\/wp-content\/uploads\/2021\/09\/stenske-slike-Portal-3-106x150.jpg 106w\" sizes=\"(max-width: 1528px) 100vw, 1528px\" \/>\t\t\t\t<\/div>\n\t\t\t\t\t\t\t\t\t\t\t<\/div>\n\t<\/div>\n  [\/vc_column][\/vc_row][vc_row][vc_column]\t<div class=\"et-image-566 et-image  full   et_image_link\">\n\t\t<div class=\"et-image-inner \">\n\t\t\t\t\t\t\t<div class=\"et-image-thumb \">\n\t\t\t\t\t<img decoding=\"async\" width=\"2560\" height=\"1441\" src=\"https:\/\/svetslik.si\/wp-content\/uploads\/2021\/09\/stenske-slike-Portal-5-scaled.jpg\" class=\"attachment-full\" alt=\"Wall art - paintings - Portal (wall art, canvas, painting, art for wall, wall paintings, abstract paintings, large wall art, frame, artwork, oversized painting, XXL painting, artstation, paintings for living room ideas, buy painting, frame, frame painting, famous paintings, modern paintings)\" title=\"Wall art - paintings - Portal (wall art, canvas, painting, art for wall, wall paintings, abstract paintings, large wall art, frame, artwork, oversized painting, XXL painting, artstation, paintings for living room ideas, buy painting, frame, frame painting, famous paintings, modern paintings)\" srcset=\"https:\/\/svetslik.si\/wp-content\/uploads\/2021\/09\/stenske-slike-Portal-5-scaled.jpg 2560w, https:\/\/svetslik.si\/wp-content\/uploads\/2021\/09\/stenske-slike-Portal-5-scaled-600x338.jpg 600w, https:\/\/svetslik.si\/wp-content\/uploads\/2021\/09\/stenske-slike-Portal-5-scaled-1200x675.jpg 1200w, https:\/\/svetslik.si\/wp-content\/uploads\/2021\/09\/stenske-slike-Portal-5-300x169.jpg 300w, https:\/\/svetslik.si\/wp-content\/uploads\/2021\/09\/stenske-slike-Portal-5-1024x577.jpg 1024w, https:\/\/svetslik.si\/wp-content\/uploads\/2021\/09\/stenske-slike-Portal-5-768x432.jpg 768w, https:\/\/svetslik.si\/wp-content\/uploads\/2021\/09\/stenske-slike-Portal-5-1536x865.jpg 1536w, https:\/\/svetslik.si\/wp-content\/uploads\/2021\/09\/stenske-slike-Portal-5-2048x1153.jpg 2048w, https:\/\/svetslik.si\/wp-content\/uploads\/2021\/09\/stenske-slike-Portal-5-18x10.jpg 18w, https:\/\/svetslik.si\/wp-content\/uploads\/2021\/09\/stenske-slike-Portal-5-150x84.jpg 150w\" sizes=\"(max-width: 2560px) 100vw, 2560px\" \/>\t\t\t\t<\/div>\n\t\t\t\t\t\t\t\t\t\t\t<\/div>\n\t<\/div>\n  [\/vc_column][\/vc_row]\n<\/div>","protected":false},"excerpt":{"rendered":"<p>[vc_row][vc_column][vc_column_text] Panel&#8217;s dimensions: 100 cm x 50 cm ( 2 x 50 cm x 50 cm) 120 cm x 60 cm ( 2 x 60 cm x 60 cm) 160 cm x 80 cm ( 2 x 80 cm x 80 cm) [\/vc_column_text][\/vc_column][\/vc_row][vc_row][vc_column][\/vc_column][\/vc_row][vc_row][vc_column][\/vc_column][\/vc_row][vc_row][vc_column][\/vc_column][\/vc_row][vc_row][vc_column][\/vc_column][\/vc_row][vc_row][vc_column][\/vc_column][\/vc_row][vc_row][vc_column][\/vc_column][\/vc_row]<\/p>\n","protected":false},"featured_media":78653,"template":"","meta":{"_acf_changed":false},"product_brand":[],"product_cat":[9817],"product_tag":[9825,9834,9847,9885,9872,9874,9871,9879],"class_list":{"0":"post-86433","1":"product","2":"type-product","3":"status-publish","4":"has-post-thumbnail","6":"product_cat-wall-art-paintings-on-canvas-two-panels","7":"product_tag-abstract-wall-art","8":"product_tag-double-panel-painting","9":"product_tag-modern-paintings","10":"product_tag-multi-panel-paintings","11":"product_tag-paintings-for-livingroom","12":"product_tag-paintings-for-the-living-room","13":"product_tag-wall-art-on-canvas","14":"product_tag-wall-artwork","15":"pa_dimenzija-100-x-50-cm-en","16":"pa_dimenzija-120-x-60-cm-en","17":"pa_dimenzija-140-x-70-cm-en","18":"pa_dimenzija-160-x-80-cm-en","19":"pa_dimenzija-180-x-90-cm-en","20":"pa_oblika-horizontal","21":"pa_okvir-without-frame","22":"pa_pod-okvir-included-in-price","23":"pa_podokvir-without","24":"pa_podokvir-yes","26":"first","27":"onbackorder","28":"purchasable","29":"product-type-variable","30":"has-default-attributes"},"acf":[],"yoast_head":"<!-- This site is optimized with the Yoast SEO Premium plugin v26.0 (Yoast SEO v27.2) - https:\/\/yoast.com\/product\/yoast-seo-premium-wordpress\/ -->\n<title>Wall art - paintings - Portal - SVETSLIK.SI - 100% hand painted<\/title>\n<meta name=\"description\" content=\"Wall art - paintings - Portal - 100% hand-painted painting on canvas. Wall art, abstract paintings, reproduction of famous painting and custom paintings made by order.\" \/>\n<meta name=\"robots\" content=\"index, follow, max-snippet:-1, max-image-preview:large, max-video-preview:-1\" \/>\n<link rel=\"canonical\" href=\"https:\/\/svetslik.si\/en\/wall-art-paintings-on-canvas-two-panels\/wall-art-paintings-portal\/\" \/>\n<meta property=\"og:locale\" content=\"en_US\" \/>\n<meta property=\"og:type\" content=\"article\" \/>\n<meta property=\"og:title\" content=\"Wall art - paintings - Portal\" \/>\n<meta property=\"og:description\" content=\"100% ro\u010dno naslikane slike na platnu, reprodukcije znanih slikarjev in umetni\u0161ke slike po naro\u010dilu.\" \/>\n<meta property=\"og:url\" content=\"https:\/\/svetslik.si\/en\/wall-art-paintings-on-canvas-two-panels\/wall-art-paintings-portal\/\" \/>\n<meta property=\"og:site_name\" content=\"SVETSLIK.SI\" \/>\n<meta property=\"article:publisher\" content=\"https:\/\/www.facebook.com\/svetslik.si\" \/>\n<meta property=\"article:modified_time\" content=\"2024-07-11T12:10:15+00:00\" \/>\n<meta property=\"og:image\" content=\"https:\/\/svetslik.si\/wp-content\/uploads\/2021\/08\/image_Dekorativna-slika-Portal-moderna-slika-stenska-slika_680.png\" \/>\n\t<meta property=\"og:image:width\" content=\"680\" \/>\n\t<meta property=\"og:image:height\" content=\"320\" \/>\n\t<meta property=\"og:image:type\" content=\"image\/png\" \/>\n<meta name=\"twitter:card\" content=\"summary_large_image\" \/>\n<meta name=\"twitter:site\" content=\"@svetslik\" \/>\n<meta name=\"twitter:label1\" content=\"Availability\" \/>\n\t<meta name=\"twitter:data1\" content=\"On backorder\" \/>\n<script type=\"application\/ld+json\" class=\"yoast-schema-graph\">{\"@context\":\"https:\/\/schema.org\",\"@graph\":[{\"@type\":[\"WebPage\",\"ItemPage\"],\"@id\":\"https:\/\/svetslik.si\/en\/wall-art-paintings-on-canvas-two-panels\/wall-art-paintings-portal\/\",\"url\":\"https:\/\/svetslik.si\/en\/wall-art-paintings-on-canvas-two-panels\/wall-art-paintings-portal\/\",\"name\":\"Wall art - paintings - Portal - SVETSLIK.SI - 100% hand painted\",\"isPartOf\":{\"@id\":\"https:\/\/svetslik.si\/en\/#website\"},\"primaryImageOfPage\":{\"@id\":\"https:\/\/svetslik.si\/en\/wall-art-paintings-on-canvas-two-panels\/wall-art-paintings-portal\/#primaryimage\"},\"image\":{\"@id\":\"https:\/\/svetslik.si\/en\/wall-art-paintings-on-canvas-two-panels\/wall-art-paintings-portal\/#primaryimage\"},\"thumbnailUrl\":\"https:\/\/svetslik.si\/wp-content\/uploads\/2021\/08\/image_Dekorativna-slika-Portal-moderna-slika-stenska-slika_680.png\",\"datePublished\":\"2021-09-02T16:55:07+00:00\",\"dateModified\":\"2024-07-11T12:10:15+00:00\",\"description\":\"Wall art - paintings - Portal - 100% hand-painted painting on canvas. Wall art, abstract paintings, reproduction of famous painting and custom paintings made by order.\",\"breadcrumb\":{\"@id\":\"https:\/\/svetslik.si\/en\/wall-art-paintings-on-canvas-two-panels\/wall-art-paintings-portal\/#breadcrumb\"},\"inLanguage\":\"en-US\",\"potentialAction\":[{\"@type\":\"ReadAction\",\"target\":[\"https:\/\/svetslik.si\/en\/wall-art-paintings-on-canvas-two-panels\/wall-art-paintings-portal\/\"]}]},{\"@type\":\"ImageObject\",\"inLanguage\":\"en-US\",\"@id\":\"https:\/\/svetslik.si\/en\/wall-art-paintings-on-canvas-two-panels\/wall-art-paintings-portal\/#primaryimage\",\"url\":\"https:\/\/svetslik.si\/wp-content\/uploads\/2021\/08\/image_Dekorativna-slika-Portal-moderna-slika-stenska-slika_680.png\",\"contentUrl\":\"https:\/\/svetslik.si\/wp-content\/uploads\/2021\/08\/image_Dekorativna-slika-Portal-moderna-slika-stenska-slika_680.png\",\"width\":680,\"height\":320,\"caption\":\"Canvas Wall Paintings, Artistic Paintings - Modern Paintings, Ambient Wall Art, Abstract Paintings, Decorative Wall Paintings, Buying and Selling Paintings - Multi-panel Painting Portal\"},{\"@type\":\"BreadcrumbList\",\"@id\":\"https:\/\/svetslik.si\/en\/wall-art-paintings-on-canvas-two-panels\/wall-art-paintings-portal\/#breadcrumb\",\"itemListElement\":[{\"@type\":\"ListItem\",\"position\":1,\"name\":\"Wall art and paintings on canvas\",\"item\":\"https:\/\/svetslik.si\/en\/\"},{\"@type\":\"ListItem\",\"position\":2,\"name\":\"Sale of paintings\",\"item\":\"https:\/\/svetslik.si\/prodaja-slik\/\"},{\"@type\":\"ListItem\",\"position\":3,\"name\":\"Wall art &#8211; paintings &#8211; Portal\"}]},{\"@type\":\"WebSite\",\"@id\":\"https:\/\/svetslik.si\/en\/#website\",\"url\":\"https:\/\/svetslik.si\/en\/\",\"name\":\"SVETSLIK.SI\",\"description\":\"100% ru\u010dno naslikane reprodukcije slika poznatih slikara in umjetni\u010dke zidne slike na platnu.\",\"publisher\":{\"@id\":\"https:\/\/svetslik.si\/en\/#organization\"},\"potentialAction\":[{\"@type\":\"SearchAction\",\"target\":{\"@type\":\"EntryPoint\",\"urlTemplate\":\"https:\/\/svetslik.si\/en\/?s={search_term_string}\"},\"query-input\":{\"@type\":\"PropertyValueSpecification\",\"valueRequired\":true,\"valueName\":\"search_term_string\"}}],\"inLanguage\":\"en-US\"},{\"@type\":\"Organization\",\"@id\":\"https:\/\/svetslik.si\/en\/#organization\",\"name\":\"SvetSlik.si\",\"url\":\"https:\/\/svetslik.si\/en\/\",\"logo\":{\"@type\":\"ImageObject\",\"inLanguage\":\"en-US\",\"@id\":\"https:\/\/svetslik.si\/en\/#\/schema\/logo\/image\/\",\"url\":\"https:\/\/svetslik.si\/wp-content\/uploads\/2020\/12\/logo-512.png\",\"contentUrl\":\"https:\/\/svetslik.si\/wp-content\/uploads\/2020\/12\/logo-512.png\",\"width\":512,\"height\":512,\"caption\":\"SvetSlik.si\"},\"image\":{\"@id\":\"https:\/\/svetslik.si\/en\/#\/schema\/logo\/image\/\"},\"sameAs\":[\"https:\/\/www.facebook.com\/svetslik.si\",\"https:\/\/x.com\/svetslik\",\"https:\/\/www.instagram.com\/svetslik.si\/\",\"https:\/\/www.linkedin.com\/company\/svetslik-si\"]}]}<\/script>\n<meta property=\"og:availability\" content=\"backorder\" \/>\n<meta property=\"product:availability\" content=\"available for order\" \/>\n<meta property=\"product:retailer_item_id\" content=\"827__\" \/>\n<meta property=\"product:condition\" content=\"new\" \/>\n<!-- \/ Yoast SEO Premium plugin. -->","yoast_head_json":{"title":"Wall art - paintings - Portal - SVETSLIK.SI - 100% hand painted","description":"Wall art - paintings - Portal - 100% hand-painted painting on canvas. Wall art, abstract paintings, reproduction of famous painting and custom paintings made by order.","robots":{"index":"index","follow":"follow","max-snippet":"max-snippet:-1","max-image-preview":"max-image-preview:large","max-video-preview":"max-video-preview:-1"},"canonical":"https:\/\/svetslik.si\/en\/wall-art-paintings-on-canvas-two-panels\/wall-art-paintings-portal\/","og_locale":"en_US","og_type":"article","og_title":"Wall art - paintings - Portal","og_description":"100% ro\u010dno naslikane slike na platnu, reprodukcije znanih slikarjev in umetni\u0161ke slike po naro\u010dilu.","og_url":"https:\/\/svetslik.si\/en\/wall-art-paintings-on-canvas-two-panels\/wall-art-paintings-portal\/","og_site_name":"SVETSLIK.SI","article_publisher":"https:\/\/www.facebook.com\/svetslik.si","article_modified_time":"2024-07-11T12:10:15+00:00","og_image":[{"width":680,"height":320,"url":"https:\/\/svetslik.si\/wp-content\/uploads\/2021\/08\/image_Dekorativna-slika-Portal-moderna-slika-stenska-slika_680.png","type":"image\/png"}],"twitter_card":"summary_large_image","twitter_site":"@svetslik","twitter_misc":{"Availability":"On backorder"},"schema":{"@context":"https:\/\/schema.org","@graph":[{"@type":["WebPage","ItemPage"],"@id":"https:\/\/svetslik.si\/en\/wall-art-paintings-on-canvas-two-panels\/wall-art-paintings-portal\/","url":"https:\/\/svetslik.si\/en\/wall-art-paintings-on-canvas-two-panels\/wall-art-paintings-portal\/","name":"Wall art - paintings - Portal - SVETSLIK.SI - 100% hand painted","isPartOf":{"@id":"https:\/\/svetslik.si\/en\/#website"},"primaryImageOfPage":{"@id":"https:\/\/svetslik.si\/en\/wall-art-paintings-on-canvas-two-panels\/wall-art-paintings-portal\/#primaryimage"},"image":{"@id":"https:\/\/svetslik.si\/en\/wall-art-paintings-on-canvas-two-panels\/wall-art-paintings-portal\/#primaryimage"},"thumbnailUrl":"https:\/\/svetslik.si\/wp-content\/uploads\/2021\/08\/image_Dekorativna-slika-Portal-moderna-slika-stenska-slika_680.png","datePublished":"2021-09-02T16:55:07+00:00","dateModified":"2024-07-11T12:10:15+00:00","description":"Wall art - paintings - Portal - 100% hand-painted painting on canvas. Wall art, abstract paintings, reproduction of famous painting and custom paintings made by order.","breadcrumb":{"@id":"https:\/\/svetslik.si\/en\/wall-art-paintings-on-canvas-two-panels\/wall-art-paintings-portal\/#breadcrumb"},"inLanguage":"en-US","potentialAction":[{"@type":"ReadAction","target":["https:\/\/svetslik.si\/en\/wall-art-paintings-on-canvas-two-panels\/wall-art-paintings-portal\/"]}]},{"@type":"ImageObject","inLanguage":"en-US","@id":"https:\/\/svetslik.si\/en\/wall-art-paintings-on-canvas-two-panels\/wall-art-paintings-portal\/#primaryimage","url":"https:\/\/svetslik.si\/wp-content\/uploads\/2021\/08\/image_Dekorativna-slika-Portal-moderna-slika-stenska-slika_680.png","contentUrl":"https:\/\/svetslik.si\/wp-content\/uploads\/2021\/08\/image_Dekorativna-slika-Portal-moderna-slika-stenska-slika_680.png","width":680,"height":320,"caption":"Canvas Wall Paintings, Artistic Paintings - Modern Paintings, Ambient Wall Art, Abstract Paintings, Decorative Wall Paintings, Buying and Selling Paintings - Multi-panel Painting Portal"},{"@type":"BreadcrumbList","@id":"https:\/\/svetslik.si\/en\/wall-art-paintings-on-canvas-two-panels\/wall-art-paintings-portal\/#breadcrumb","itemListElement":[{"@type":"ListItem","position":1,"name":"Wall art and paintings on canvas","item":"https:\/\/svetslik.si\/en\/"},{"@type":"ListItem","position":2,"name":"Sale of paintings","item":"https:\/\/svetslik.si\/prodaja-slik\/"},{"@type":"ListItem","position":3,"name":"Wall art &#8211; paintings &#8211; Portal"}]},{"@type":"WebSite","@id":"https:\/\/svetslik.si\/en\/#website","url":"https:\/\/svetslik.si\/en\/","name":"SVETSLIK.SI","description":"100% ru\u010dno naslikane reprodukcije slika poznatih slikara in umjetni\u010dke zidne slike na platnu.","publisher":{"@id":"https:\/\/svetslik.si\/en\/#organization"},"potentialAction":[{"@type":"SearchAction","target":{"@type":"EntryPoint","urlTemplate":"https:\/\/svetslik.si\/en\/?s={search_term_string}"},"query-input":{"@type":"PropertyValueSpecification","valueRequired":true,"valueName":"search_term_string"}}],"inLanguage":"en-US"},{"@type":"Organization","@id":"https:\/\/svetslik.si\/en\/#organization","name":"SvetSlik.si","url":"https:\/\/svetslik.si\/en\/","logo":{"@type":"ImageObject","inLanguage":"en-US","@id":"https:\/\/svetslik.si\/en\/#\/schema\/logo\/image\/","url":"https:\/\/svetslik.si\/wp-content\/uploads\/2020\/12\/logo-512.png","contentUrl":"https:\/\/svetslik.si\/wp-content\/uploads\/2020\/12\/logo-512.png","width":512,"height":512,"caption":"SvetSlik.si"},"image":{"@id":"https:\/\/svetslik.si\/en\/#\/schema\/logo\/image\/"},"sameAs":["https:\/\/www.facebook.com\/svetslik.si","https:\/\/x.com\/svetslik","https:\/\/www.instagram.com\/svetslik.si\/","https:\/\/www.linkedin.com\/company\/svetslik-si"]}]},"og_availability":"backorder","product_availability":"available for order","product_retailer_item_id":"827__","product_condition":"new"},"jetpack_sharing_enabled":true,"_links":{"self":[{"href":"https:\/\/svetslik.si\/en\/wp-json\/wp\/v2\/product\/86433","targetHints":{"allow":["GET"]}}],"collection":[{"href":"https:\/\/svetslik.si\/en\/wp-json\/wp\/v2\/product"}],"about":[{"href":"https:\/\/svetslik.si\/en\/wp-json\/wp\/v2\/types\/product"}],"wp:featuredmedia":[{"embeddable":true,"href":"https:\/\/svetslik.si\/en\/wp-json\/wp\/v2\/media\/78653"}],"wp:attachment":[{"href":"https:\/\/svetslik.si\/en\/wp-json\/wp\/v2\/media?parent=86433"}],"wp:term":[{"taxonomy":"product_brand","embeddable":true,"href":"https:\/\/svetslik.si\/en\/wp-json\/wp\/v2\/product_brand?post=86433"},{"taxonomy":"product_cat","embeddable":true,"href":"https:\/\/svetslik.si\/en\/wp-json\/wp\/v2\/product_cat?post=86433"},{"taxonomy":"product_tag","embeddable":true,"href":"https:\/\/svetslik.si\/en\/wp-json\/wp\/v2\/product_tag?post=86433"}],"curies":[{"name":"wp","href":"https:\/\/api.w.org\/{rel}","templated":true}]}}