{"id":86458,"date":"2021-09-02T18:55:59","date_gmt":"2021-09-02T16:55:59","guid":{"rendered":"https:\/\/svetslik.si\/uncategorized\/dekorativna-slika-veselje\/"},"modified":"2026-03-22T14:25:10","modified_gmt":"2026-03-22T13:25:10","slug":"wall-art-joy","status":"publish","type":"product","link":"https:\/\/svetslik.si\/en\/wall-art-paintings-on-canvas-multi-panels\/wall-art-joy\/","title":{"rendered":"Wall Art &#8211; Joy"},"content":{"rendered":"<p>Painting&#8217;s panels dimensions:<br \/>\n80 cm x 80 cm (3 x 20 cm x 80 cm + 20 cm x 60 cm)<br \/>\n120 cm x\u00a0110 cm (3 x 30 cm x 110 cm + 30 cm x\u00a090 cm)<br \/>\n160 cm x 140 cm (4 x 40 cm x 140 cm)<\/p>\n","protected":false},"excerpt":{"rendered":"<p>Painting&#8217;s panels dimensions: 80 cm x 80 cm (3 x 20 cm x 80 cm + 20 cm x 60 cm) 120 cm x\u00a0110 cm (3 x 30 cm x 110 cm + 30 cm x\u00a090 cm) 160 cm x 140 cm (4 x 40 cm x 140 cm)<\/p>\n","protected":false},"featured_media":78465,"template":"","meta":{"_acf_changed":false},"product_brand":[],"product_cat":[9819],"product_tag":[9825,9847,9885,9872,9874,9859,9871,9879],"class_list":{"0":"post-86458","1":"product","2":"type-product","3":"status-publish","4":"has-post-thumbnail","6":"product_cat-wall-art-paintings-on-canvas-multi-panels","7":"product_tag-abstract-wall-art","8":"product_tag-modern-paintings","9":"product_tag-multi-panel-paintings","10":"product_tag-paintings-for-livingroom","11":"product_tag-paintings-for-the-living-room","12":"product_tag-sale-of-paintings","13":"product_tag-wall-art-on-canvas","14":"product_tag-wall-artwork","15":"pa_dimenzija-120-x-110-cm-en","16":"pa_dimenzija-160-x-140-cm-en","17":"pa_dimenzija-80-x-80-cm-en","18":"pa_oblika-horizontal","19":"pa_okvir-without-frame","20":"pa_pod-okvir-included-in-price","21":"pa_podokvir-without","22":"pa_podokvir-yes","24":"first","25":"instock","26":"purchasable","27":"product-type-variable","28":"has-default-attributes"},"acf":[],"yoast_head":"<!-- This site is optimized with the Yoast SEO Premium plugin v26.0 (Yoast SEO v27.2) - https:\/\/yoast.com\/product\/yoast-seo-premium-wordpress\/ -->\n<title>Wall Art - Joy - SVETSLIK.SI - 100% hand painted<\/title>\n<meta name=\"description\" content=\"Wall Art - Joy - 100% hand-painted painting on canvas. Wall art, abstract paintings, reproduction of famous painting and custom paintings made by order.\" \/>\n<meta name=\"robots\" content=\"index, follow, max-snippet:-1, max-image-preview:large, max-video-preview:-1\" \/>\n<link rel=\"canonical\" href=\"https:\/\/svetslik.si\/en\/wall-art-paintings-on-canvas-multi-panels\/wall-art-joy\/\" \/>\n<meta property=\"og:locale\" content=\"en_US\" \/>\n<meta property=\"og:type\" content=\"article\" \/>\n<meta property=\"og:title\" content=\"Wall Art - Joy\" \/>\n<meta property=\"og:description\" content=\"100% ro\u010dno naslikane slike na platnu, reprodukcije znanih slikarjev in umetni\u0161ke slike po naro\u010dilu.\" \/>\n<meta property=\"og:url\" content=\"https:\/\/svetslik.si\/en\/wall-art-paintings-on-canvas-multi-panels\/wall-art-joy\/\" \/>\n<meta property=\"og:site_name\" content=\"SVETSLIK.SI\" \/>\n<meta property=\"article:publisher\" content=\"https:\/\/www.facebook.com\/svetslik.si\" \/>\n<meta property=\"article:modified_time\" content=\"2026-03-22T13:25:10+00:00\" \/>\n<meta property=\"og:image\" content=\"https:\/\/svetslik.si\/wp-content\/uploads\/2021\/08\/image_Ambientalna-okrasna-Dekorativna-slika-Veselje-moderna-slika-stenska-slika_680.png\" \/>\n\t<meta property=\"og:image:width\" content=\"680\" \/>\n\t<meta property=\"og:image:height\" content=\"666\" \/>\n\t<meta property=\"og:image:type\" content=\"image\/png\" \/>\n<meta name=\"twitter:card\" content=\"summary_large_image\" \/>\n<meta name=\"twitter:site\" content=\"@svetslik\" \/>\n<meta name=\"twitter:label1\" content=\"Availability\" \/>\n\t<meta name=\"twitter:data1\" content=\"In stock\" \/>\n<script type=\"application\/ld+json\" class=\"yoast-schema-graph\">{\"@context\":\"https:\/\/schema.org\",\"@graph\":[{\"@type\":[\"WebPage\",\"ItemPage\"],\"@id\":\"https:\/\/svetslik.si\/en\/wall-art-paintings-on-canvas-multi-panels\/wall-art-joy\/\",\"url\":\"https:\/\/svetslik.si\/en\/wall-art-paintings-on-canvas-multi-panels\/wall-art-joy\/\",\"name\":\"Wall Art - Joy - SVETSLIK.SI - 100% hand painted\",\"isPartOf\":{\"@id\":\"https:\/\/svetslik.si\/en\/#website\"},\"primaryImageOfPage\":{\"@id\":\"https:\/\/svetslik.si\/en\/wall-art-paintings-on-canvas-multi-panels\/wall-art-joy\/#primaryimage\"},\"image\":{\"@id\":\"https:\/\/svetslik.si\/en\/wall-art-paintings-on-canvas-multi-panels\/wall-art-joy\/#primaryimage\"},\"thumbnailUrl\":\"https:\/\/svetslik.si\/wp-content\/uploads\/2021\/08\/image_Ambientalna-okrasna-Dekorativna-slika-Veselje-moderna-slika-stenska-slika_680.png\",\"datePublished\":\"2021-09-02T16:55:59+00:00\",\"dateModified\":\"2026-03-22T13:25:10+00:00\",\"description\":\"Wall Art - Joy - 100% hand-painted painting on canvas. Wall art, abstract paintings, reproduction of famous painting and custom paintings made by order.\",\"breadcrumb\":{\"@id\":\"https:\/\/svetslik.si\/en\/wall-art-paintings-on-canvas-multi-panels\/wall-art-joy\/#breadcrumb\"},\"inLanguage\":\"en-US\",\"potentialAction\":[{\"@type\":\"ReadAction\",\"target\":[\"https:\/\/svetslik.si\/en\/wall-art-paintings-on-canvas-multi-panels\/wall-art-joy\/\"]}]},{\"@type\":\"ImageObject\",\"inLanguage\":\"en-US\",\"@id\":\"https:\/\/svetslik.si\/en\/wall-art-paintings-on-canvas-multi-panels\/wall-art-joy\/#primaryimage\",\"url\":\"https:\/\/svetslik.si\/wp-content\/uploads\/2021\/08\/image_Ambientalna-okrasna-Dekorativna-slika-Veselje-moderna-slika-stenska-slika_680.png\",\"contentUrl\":\"https:\/\/svetslik.si\/wp-content\/uploads\/2021\/08\/image_Ambientalna-okrasna-Dekorativna-slika-Veselje-moderna-slika-stenska-slika_680.png\",\"width\":680,\"height\":666,\"caption\":\"Canvas wall art, wall paintings, artistic paintings, modern paintings, ambient paintings, abstract paintings, decorative wall art, buying and selling paintings - Decorative painting \\\"Joy\\\"\"},{\"@type\":\"BreadcrumbList\",\"@id\":\"https:\/\/svetslik.si\/en\/wall-art-paintings-on-canvas-multi-panels\/wall-art-joy\/#breadcrumb\",\"itemListElement\":[{\"@type\":\"ListItem\",\"position\":1,\"name\":\"Wall art and paintings on canvas\",\"item\":\"https:\/\/svetslik.si\/en\/\"},{\"@type\":\"ListItem\",\"position\":2,\"name\":\"Sale of paintings\",\"item\":\"https:\/\/svetslik.si\/prodaja-slik\/\"},{\"@type\":\"ListItem\",\"position\":3,\"name\":\"Wall Art &#8211; Joy\"}]},{\"@type\":\"WebSite\",\"@id\":\"https:\/\/svetslik.si\/en\/#website\",\"url\":\"https:\/\/svetslik.si\/en\/\",\"name\":\"SVETSLIK.SI\",\"description\":\"100% ru\u010dno naslikane reprodukcije slika poznatih slikara in umjetni\u010dke zidne slike na platnu.\",\"publisher\":{\"@id\":\"https:\/\/svetslik.si\/en\/#organization\"},\"potentialAction\":[{\"@type\":\"SearchAction\",\"target\":{\"@type\":\"EntryPoint\",\"urlTemplate\":\"https:\/\/svetslik.si\/en\/?s={search_term_string}\"},\"query-input\":{\"@type\":\"PropertyValueSpecification\",\"valueRequired\":true,\"valueName\":\"search_term_string\"}}],\"inLanguage\":\"en-US\"},{\"@type\":\"Organization\",\"@id\":\"https:\/\/svetslik.si\/en\/#organization\",\"name\":\"SvetSlik.si\",\"url\":\"https:\/\/svetslik.si\/en\/\",\"logo\":{\"@type\":\"ImageObject\",\"inLanguage\":\"en-US\",\"@id\":\"https:\/\/svetslik.si\/en\/#\/schema\/logo\/image\/\",\"url\":\"https:\/\/svetslik.si\/wp-content\/uploads\/2020\/12\/logo-512.png\",\"contentUrl\":\"https:\/\/svetslik.si\/wp-content\/uploads\/2020\/12\/logo-512.png\",\"width\":512,\"height\":512,\"caption\":\"SvetSlik.si\"},\"image\":{\"@id\":\"https:\/\/svetslik.si\/en\/#\/schema\/logo\/image\/\"},\"sameAs\":[\"https:\/\/www.facebook.com\/svetslik.si\",\"https:\/\/x.com\/svetslik\",\"https:\/\/www.instagram.com\/svetslik.si\/\",\"https:\/\/www.linkedin.com\/company\/svetslik-si\"]}]}<\/script>\n<meta property=\"og:availability\" content=\"instock\" \/>\n<meta property=\"product:availability\" content=\"instock\" \/>\n<meta property=\"product:retailer_item_id\" content=\"835__\" \/>\n<meta property=\"product:condition\" content=\"new\" \/>\n<!-- \/ Yoast SEO Premium plugin. -->","yoast_head_json":{"title":"Wall Art - Joy - SVETSLIK.SI - 100% hand painted","description":"Wall Art - Joy - 100% hand-painted painting on canvas. Wall art, abstract paintings, reproduction of famous painting and custom paintings made by order.","robots":{"index":"index","follow":"follow","max-snippet":"max-snippet:-1","max-image-preview":"max-image-preview:large","max-video-preview":"max-video-preview:-1"},"canonical":"https:\/\/svetslik.si\/en\/wall-art-paintings-on-canvas-multi-panels\/wall-art-joy\/","og_locale":"en_US","og_type":"article","og_title":"Wall Art - Joy","og_description":"100% ro\u010dno naslikane slike na platnu, reprodukcije znanih slikarjev in umetni\u0161ke slike po naro\u010dilu.","og_url":"https:\/\/svetslik.si\/en\/wall-art-paintings-on-canvas-multi-panels\/wall-art-joy\/","og_site_name":"SVETSLIK.SI","article_publisher":"https:\/\/www.facebook.com\/svetslik.si","article_modified_time":"2026-03-22T13:25:10+00:00","og_image":[{"width":680,"height":666,"url":"https:\/\/svetslik.si\/wp-content\/uploads\/2021\/08\/image_Ambientalna-okrasna-Dekorativna-slika-Veselje-moderna-slika-stenska-slika_680.png","type":"image\/png"}],"twitter_card":"summary_large_image","twitter_site":"@svetslik","twitter_misc":{"Availability":"In stock"},"schema":{"@context":"https:\/\/schema.org","@graph":[{"@type":["WebPage","ItemPage"],"@id":"https:\/\/svetslik.si\/en\/wall-art-paintings-on-canvas-multi-panels\/wall-art-joy\/","url":"https:\/\/svetslik.si\/en\/wall-art-paintings-on-canvas-multi-panels\/wall-art-joy\/","name":"Wall Art - Joy - SVETSLIK.SI - 100% hand painted","isPartOf":{"@id":"https:\/\/svetslik.si\/en\/#website"},"primaryImageOfPage":{"@id":"https:\/\/svetslik.si\/en\/wall-art-paintings-on-canvas-multi-panels\/wall-art-joy\/#primaryimage"},"image":{"@id":"https:\/\/svetslik.si\/en\/wall-art-paintings-on-canvas-multi-panels\/wall-art-joy\/#primaryimage"},"thumbnailUrl":"https:\/\/svetslik.si\/wp-content\/uploads\/2021\/08\/image_Ambientalna-okrasna-Dekorativna-slika-Veselje-moderna-slika-stenska-slika_680.png","datePublished":"2021-09-02T16:55:59+00:00","dateModified":"2026-03-22T13:25:10+00:00","description":"Wall Art - Joy - 100% hand-painted painting on canvas. Wall art, abstract paintings, reproduction of famous painting and custom paintings made by order.","breadcrumb":{"@id":"https:\/\/svetslik.si\/en\/wall-art-paintings-on-canvas-multi-panels\/wall-art-joy\/#breadcrumb"},"inLanguage":"en-US","potentialAction":[{"@type":"ReadAction","target":["https:\/\/svetslik.si\/en\/wall-art-paintings-on-canvas-multi-panels\/wall-art-joy\/"]}]},{"@type":"ImageObject","inLanguage":"en-US","@id":"https:\/\/svetslik.si\/en\/wall-art-paintings-on-canvas-multi-panels\/wall-art-joy\/#primaryimage","url":"https:\/\/svetslik.si\/wp-content\/uploads\/2021\/08\/image_Ambientalna-okrasna-Dekorativna-slika-Veselje-moderna-slika-stenska-slika_680.png","contentUrl":"https:\/\/svetslik.si\/wp-content\/uploads\/2021\/08\/image_Ambientalna-okrasna-Dekorativna-slika-Veselje-moderna-slika-stenska-slika_680.png","width":680,"height":666,"caption":"Canvas wall art, wall paintings, artistic paintings, modern paintings, ambient paintings, abstract paintings, decorative wall art, buying and selling paintings - Decorative painting \"Joy\""},{"@type":"BreadcrumbList","@id":"https:\/\/svetslik.si\/en\/wall-art-paintings-on-canvas-multi-panels\/wall-art-joy\/#breadcrumb","itemListElement":[{"@type":"ListItem","position":1,"name":"Wall art and paintings on canvas","item":"https:\/\/svetslik.si\/en\/"},{"@type":"ListItem","position":2,"name":"Sale of paintings","item":"https:\/\/svetslik.si\/prodaja-slik\/"},{"@type":"ListItem","position":3,"name":"Wall Art &#8211; Joy"}]},{"@type":"WebSite","@id":"https:\/\/svetslik.si\/en\/#website","url":"https:\/\/svetslik.si\/en\/","name":"SVETSLIK.SI","description":"100% ru\u010dno naslikane reprodukcije slika poznatih slikara in umjetni\u010dke zidne slike na platnu.","publisher":{"@id":"https:\/\/svetslik.si\/en\/#organization"},"potentialAction":[{"@type":"SearchAction","target":{"@type":"EntryPoint","urlTemplate":"https:\/\/svetslik.si\/en\/?s={search_term_string}"},"query-input":{"@type":"PropertyValueSpecification","valueRequired":true,"valueName":"search_term_string"}}],"inLanguage":"en-US"},{"@type":"Organization","@id":"https:\/\/svetslik.si\/en\/#organization","name":"SvetSlik.si","url":"https:\/\/svetslik.si\/en\/","logo":{"@type":"ImageObject","inLanguage":"en-US","@id":"https:\/\/svetslik.si\/en\/#\/schema\/logo\/image\/","url":"https:\/\/svetslik.si\/wp-content\/uploads\/2020\/12\/logo-512.png","contentUrl":"https:\/\/svetslik.si\/wp-content\/uploads\/2020\/12\/logo-512.png","width":512,"height":512,"caption":"SvetSlik.si"},"image":{"@id":"https:\/\/svetslik.si\/en\/#\/schema\/logo\/image\/"},"sameAs":["https:\/\/www.facebook.com\/svetslik.si","https:\/\/x.com\/svetslik","https:\/\/www.instagram.com\/svetslik.si\/","https:\/\/www.linkedin.com\/company\/svetslik-si"]}]},"og_availability":"instock","product_availability":"instock","product_retailer_item_id":"835__","product_condition":"new"},"jetpack_sharing_enabled":true,"_links":{"self":[{"href":"https:\/\/svetslik.si\/en\/wp-json\/wp\/v2\/product\/86458","targetHints":{"allow":["GET"]}}],"collection":[{"href":"https:\/\/svetslik.si\/en\/wp-json\/wp\/v2\/product"}],"about":[{"href":"https:\/\/svetslik.si\/en\/wp-json\/wp\/v2\/types\/product"}],"wp:featuredmedia":[{"embeddable":true,"href":"https:\/\/svetslik.si\/en\/wp-json\/wp\/v2\/media\/78465"}],"wp:attachment":[{"href":"https:\/\/svetslik.si\/en\/wp-json\/wp\/v2\/media?parent=86458"}],"wp:term":[{"taxonomy":"product_brand","embeddable":true,"href":"https:\/\/svetslik.si\/en\/wp-json\/wp\/v2\/product_brand?post=86458"},{"taxonomy":"product_cat","embeddable":true,"href":"https:\/\/svetslik.si\/en\/wp-json\/wp\/v2\/product_cat?post=86458"},{"taxonomy":"product_tag","embeddable":true,"href":"https:\/\/svetslik.si\/en\/wp-json\/wp\/v2\/product_tag?post=86458"}],"curies":[{"name":"wp","href":"https:\/\/api.w.org\/{rel}","templated":true}]}}