{"id":87143,"date":"2021-09-02T19:12:10","date_gmt":"2021-09-02T17:12:10","guid":{"rendered":"https:\/\/svetslik.si\/uncategorized\/dekorativna-slika-crnobelo-drevo\/"},"modified":"2024-07-11T14:12:10","modified_gmt":"2024-07-11T12:12:10","slug":"wall-art-black-and-white-tree","status":"publish","type":"product","link":"https:\/\/svetslik.si\/en\/wall-art-paintings-on-canvas-single-panel\/wall-art-black-and-white-tree\/","title":{"rendered":"Wall Art &#8211; Black and White Tree"},"content":{"rendered":"<div class=\"wpb-content-wrapper\">[vc_row][vc_column]\t<div class=\"et-image-978 et-image  full   et_image_link\">\n\t\t<div class=\"et-image-inner \">\n\t\t\t\t\t\t\t<a  class=\"mfp-image et-lightbox\" data-mfp-type=\"image\" data-mfp-src=\"https:\/\/svetslik.si\/wp-content\/uploads\/2021\/09\/Rocno-naslikane-umetniske-slike-na-platnu.-Moderne-abstraktne-dekorativne-slike-za-na-steno-9-scaled.jpg\"  title=\"Hand-Painted Art Canvas Paintings &#8211; Modern, Abstract, Decorative Paintings for the Wall 9\">\n\t\t\t\t\t\t\t<div class=\"et-image-thumb \">\n\t\t\t\t\t<img decoding=\"async\" width=\"2560\" height=\"1830\" src=\"https:\/\/svetslik.si\/wp-content\/uploads\/2021\/09\/Rocno-naslikane-umetniske-slike-na-platnu.-Moderne-abstraktne-dekorativne-slike-za-na-steno-9-scaled.jpg\" class=\"attachment-full\" alt=\"Hand-Painted Art Canvas Paintings - Modern, Abstract, Decorative Paintings for the Wall 9\" title=\"Hand-Painted Art Canvas Paintings - Modern, Abstract, Decorative Paintings for the Wall 9\" srcset=\"https:\/\/svetslik.si\/wp-content\/uploads\/2021\/09\/Rocno-naslikane-umetniske-slike-na-platnu.-Moderne-abstraktne-dekorativne-slike-za-na-steno-9-scaled.jpg 2560w, https:\/\/svetslik.si\/wp-content\/uploads\/2021\/09\/Rocno-naslikane-umetniske-slike-na-platnu.-Moderne-abstraktne-dekorativne-slike-za-na-steno-9-600x429.jpg 600w, https:\/\/svetslik.si\/wp-content\/uploads\/2021\/09\/Rocno-naslikane-umetniske-slike-na-platnu.-Moderne-abstraktne-dekorativne-slike-za-na-steno-9-scaled-1200x858.jpg 1200w, https:\/\/svetslik.si\/wp-content\/uploads\/2021\/09\/Rocno-naslikane-umetniske-slike-na-platnu.-Moderne-abstraktne-dekorativne-slike-za-na-steno-9-300x214.jpg 300w, https:\/\/svetslik.si\/wp-content\/uploads\/2021\/09\/Rocno-naslikane-umetniske-slike-na-platnu.-Moderne-abstraktne-dekorativne-slike-za-na-steno-9-1024x732.jpg 1024w, https:\/\/svetslik.si\/wp-content\/uploads\/2021\/09\/Rocno-naslikane-umetniske-slike-na-platnu.-Moderne-abstraktne-dekorativne-slike-za-na-steno-9-768x549.jpg 768w, https:\/\/svetslik.si\/wp-content\/uploads\/2021\/09\/Rocno-naslikane-umetniske-slike-na-platnu.-Moderne-abstraktne-dekorativne-slike-za-na-steno-9-1536x1098.jpg 1536w, https:\/\/svetslik.si\/wp-content\/uploads\/2021\/09\/Rocno-naslikane-umetniske-slike-na-platnu.-Moderne-abstraktne-dekorativne-slike-za-na-steno-9-2048x1464.jpg 2048w, https:\/\/svetslik.si\/wp-content\/uploads\/2021\/09\/Rocno-naslikane-umetniske-slike-na-platnu.-Moderne-abstraktne-dekorativne-slike-za-na-steno-9-150x107.jpg 150w, https:\/\/svetslik.si\/wp-content\/uploads\/2021\/09\/Rocno-naslikane-umetniske-slike-na-platnu.-Moderne-abstraktne-dekorativne-slike-za-na-steno-9-1320x944.jpg 1320w, https:\/\/svetslik.si\/wp-content\/uploads\/2021\/09\/Rocno-naslikane-umetniske-slike-na-platnu.-Moderne-abstraktne-dekorativne-slike-za-na-steno-9-900x643.jpg 900w\" sizes=\"(max-width: 2560px) 100vw, 2560px\" \/>\t\t\t\t<\/div>\n\t\t\t\t\t\t\t<\/a>\n\t\t\t\t\t\t\t\t\t\t\t<\/div>\n\t<\/div>\n  [\/vc_column][\/vc_row]\n<\/div>","protected":false},"excerpt":{"rendered":"<p>[vc_row][vc_column][\/vc_column][\/vc_row]<\/p>\n","protected":false},"featured_media":78674,"template":"","meta":{"_acf_changed":false},"product_brand":[],"product_cat":[9818],"product_tag":[9825,9847,9833,9876,9882,9872,9874,9859,9873,9878,9871,9879],"class_list":{"0":"post-87143","1":"product","2":"type-product","3":"status-publish","4":"has-post-thumbnail","6":"product_cat-wall-art-paintings-on-canvas-single-panel","7":"product_tag-abstract-wall-art","8":"product_tag-modern-paintings","9":"product_tag-modern-wall-art","10":"product_tag-online-gallery","11":"product_tag-paintings","12":"product_tag-paintings-for-livingroom","13":"product_tag-paintings-for-the-living-room","14":"product_tag-sale-of-paintings","15":"product_tag-wall-art","16":"product_tag-wall-art-en","17":"product_tag-wall-art-on-canvas","18":"product_tag-wall-artwork","19":"pa_dimenzija-100-x-50-cm","20":"pa_dimenzija-120-x-60-cm","21":"pa_dimenzija-60-x-30-cm","22":"pa_dimenzija-80-x-40-cm","23":"pa_oblika-horizontal","24":"pa_okvir-without-frame","25":"pa_podokvir-without","26":"pa_podokvir-yes","28":"first","29":"onbackorder","30":"purchasable","31":"product-type-variable","32":"has-default-attributes"},"acf":[],"yoast_head":"<!-- This site is optimized with the Yoast SEO Premium plugin v26.0 (Yoast SEO v27.2) - https:\/\/yoast.com\/product\/yoast-seo-premium-wordpress\/ -->\n<title>Wall Art - Black and White Tree - SVETSLIK.SI - 100% hand painted<\/title>\n<meta name=\"description\" content=\"Wall Art - Black and White Tree - 100% hand-painted painting on canvas. Wall art, abstract paintings, reproduction of famous painting and custom paintings made by order.\" \/>\n<meta name=\"robots\" content=\"index, follow, max-snippet:-1, max-image-preview:large, max-video-preview:-1\" \/>\n<link rel=\"canonical\" href=\"https:\/\/svetslik.si\/en\/wall-art-paintings-on-canvas-single-panel\/wall-art-black-and-white-tree\/\" \/>\n<meta property=\"og:locale\" content=\"en_US\" \/>\n<meta property=\"og:type\" content=\"article\" \/>\n<meta property=\"og:title\" content=\"Wall Art - Black and White Tree\" \/>\n<meta property=\"og:description\" content=\"100% ro\u010dno naslikane slike na platnu, reprodukcije znanih slikarjev in umetni\u0161ke slike po naro\u010dilu.\" \/>\n<meta property=\"og:url\" content=\"https:\/\/svetslik.si\/en\/wall-art-paintings-on-canvas-single-panel\/wall-art-black-and-white-tree\/\" \/>\n<meta property=\"og:site_name\" content=\"SVETSLIK.SI\" \/>\n<meta property=\"article:publisher\" content=\"https:\/\/www.facebook.com\/svetslik.si\" \/>\n<meta property=\"article:modified_time\" content=\"2024-07-11T12:12:10+00:00\" \/>\n<meta property=\"og:image\" content=\"https:\/\/svetslik.si\/wp-content\/uploads\/2021\/08\/image_Dekorativna-slika-v-crnobelo-drevo_680.jpg\" \/>\n\t<meta property=\"og:image:width\" content=\"680\" \/>\n\t<meta property=\"og:image:height\" content=\"313\" \/>\n\t<meta property=\"og:image:type\" content=\"image\/jpeg\" \/>\n<meta name=\"twitter:card\" content=\"summary_large_image\" \/>\n<meta name=\"twitter:site\" content=\"@svetslik\" \/>\n<meta name=\"twitter:label1\" content=\"Availability\" \/>\n\t<meta name=\"twitter:data1\" content=\"On backorder\" \/>\n<script type=\"application\/ld+json\" class=\"yoast-schema-graph\">{\"@context\":\"https:\/\/schema.org\",\"@graph\":[{\"@type\":[\"WebPage\",\"ItemPage\"],\"@id\":\"https:\/\/svetslik.si\/en\/wall-art-paintings-on-canvas-single-panel\/wall-art-black-and-white-tree\/\",\"url\":\"https:\/\/svetslik.si\/en\/wall-art-paintings-on-canvas-single-panel\/wall-art-black-and-white-tree\/\",\"name\":\"Wall Art - Black and White Tree - SVETSLIK.SI - 100% hand painted\",\"isPartOf\":{\"@id\":\"https:\/\/svetslik.si\/en\/#website\"},\"primaryImageOfPage\":{\"@id\":\"https:\/\/svetslik.si\/en\/wall-art-paintings-on-canvas-single-panel\/wall-art-black-and-white-tree\/#primaryimage\"},\"image\":{\"@id\":\"https:\/\/svetslik.si\/en\/wall-art-paintings-on-canvas-single-panel\/wall-art-black-and-white-tree\/#primaryimage\"},\"thumbnailUrl\":\"https:\/\/svetslik.si\/wp-content\/uploads\/2021\/08\/image_Dekorativna-slika-v-crnobelo-drevo_680.jpg\",\"datePublished\":\"2021-09-02T17:12:10+00:00\",\"dateModified\":\"2024-07-11T12:12:10+00:00\",\"description\":\"Wall Art - Black and White Tree - 100% hand-painted painting on canvas. Wall art, abstract paintings, reproduction of famous painting and custom paintings made by order.\",\"breadcrumb\":{\"@id\":\"https:\/\/svetslik.si\/en\/wall-art-paintings-on-canvas-single-panel\/wall-art-black-and-white-tree\/#breadcrumb\"},\"inLanguage\":\"en-US\",\"potentialAction\":[{\"@type\":\"ReadAction\",\"target\":[\"https:\/\/svetslik.si\/en\/wall-art-paintings-on-canvas-single-panel\/wall-art-black-and-white-tree\/\"]}]},{\"@type\":\"ImageObject\",\"inLanguage\":\"en-US\",\"@id\":\"https:\/\/svetslik.si\/en\/wall-art-paintings-on-canvas-single-panel\/wall-art-black-and-white-tree\/#primaryimage\",\"url\":\"https:\/\/svetslik.si\/wp-content\/uploads\/2021\/08\/image_Dekorativna-slika-v-crnobelo-drevo_680.jpg\",\"contentUrl\":\"https:\/\/svetslik.si\/wp-content\/uploads\/2021\/08\/image_Dekorativna-slika-v-crnobelo-drevo_680.jpg\",\"width\":680,\"height\":313,\"caption\":\"Decorative Artwork Black and White Tree - Canvas Wall Art, Artwork - Modern Paintings, Decorative Canvas Wall Art, Abstract Paintings, Ambient Wall Art, Purchase and Sale of Paintings.\"},{\"@type\":\"BreadcrumbList\",\"@id\":\"https:\/\/svetslik.si\/en\/wall-art-paintings-on-canvas-single-panel\/wall-art-black-and-white-tree\/#breadcrumb\",\"itemListElement\":[{\"@type\":\"ListItem\",\"position\":1,\"name\":\"Wall art and paintings on canvas\",\"item\":\"https:\/\/svetslik.si\/en\/\"},{\"@type\":\"ListItem\",\"position\":2,\"name\":\"Sale of paintings\",\"item\":\"https:\/\/svetslik.si\/prodaja-slik\/\"},{\"@type\":\"ListItem\",\"position\":3,\"name\":\"Wall Art &#8211; Black and White Tree\"}]},{\"@type\":\"WebSite\",\"@id\":\"https:\/\/svetslik.si\/en\/#website\",\"url\":\"https:\/\/svetslik.si\/en\/\",\"name\":\"SVETSLIK.SI\",\"description\":\"100% ru\u010dno naslikane reprodukcije slika poznatih slikara in umjetni\u010dke zidne slike na platnu.\",\"publisher\":{\"@id\":\"https:\/\/svetslik.si\/en\/#organization\"},\"potentialAction\":[{\"@type\":\"SearchAction\",\"target\":{\"@type\":\"EntryPoint\",\"urlTemplate\":\"https:\/\/svetslik.si\/en\/?s={search_term_string}\"},\"query-input\":{\"@type\":\"PropertyValueSpecification\",\"valueRequired\":true,\"valueName\":\"search_term_string\"}}],\"inLanguage\":\"en-US\"},{\"@type\":\"Organization\",\"@id\":\"https:\/\/svetslik.si\/en\/#organization\",\"name\":\"SvetSlik.si\",\"url\":\"https:\/\/svetslik.si\/en\/\",\"logo\":{\"@type\":\"ImageObject\",\"inLanguage\":\"en-US\",\"@id\":\"https:\/\/svetslik.si\/en\/#\/schema\/logo\/image\/\",\"url\":\"https:\/\/svetslik.si\/wp-content\/uploads\/2020\/12\/logo-512.png\",\"contentUrl\":\"https:\/\/svetslik.si\/wp-content\/uploads\/2020\/12\/logo-512.png\",\"width\":512,\"height\":512,\"caption\":\"SvetSlik.si\"},\"image\":{\"@id\":\"https:\/\/svetslik.si\/en\/#\/schema\/logo\/image\/\"},\"sameAs\":[\"https:\/\/www.facebook.com\/svetslik.si\",\"https:\/\/x.com\/svetslik\",\"https:\/\/www.instagram.com\/svetslik.si\/\",\"https:\/\/www.linkedin.com\/company\/svetslik-si\"]}]}<\/script>\n<meta property=\"og:availability\" content=\"backorder\" \/>\n<meta property=\"product:availability\" content=\"available for order\" \/>\n<meta property=\"product:retailer_item_id\" content=\"1014__\" \/>\n<meta property=\"product:condition\" content=\"new\" \/>\n<!-- \/ Yoast SEO Premium plugin. -->","yoast_head_json":{"title":"Wall Art - Black and White Tree - SVETSLIK.SI - 100% hand painted","description":"Wall Art - Black and White Tree - 100% hand-painted painting on canvas. Wall art, abstract paintings, reproduction of famous painting and custom paintings made by order.","robots":{"index":"index","follow":"follow","max-snippet":"max-snippet:-1","max-image-preview":"max-image-preview:large","max-video-preview":"max-video-preview:-1"},"canonical":"https:\/\/svetslik.si\/en\/wall-art-paintings-on-canvas-single-panel\/wall-art-black-and-white-tree\/","og_locale":"en_US","og_type":"article","og_title":"Wall Art - Black and White Tree","og_description":"100% ro\u010dno naslikane slike na platnu, reprodukcije znanih slikarjev in umetni\u0161ke slike po naro\u010dilu.","og_url":"https:\/\/svetslik.si\/en\/wall-art-paintings-on-canvas-single-panel\/wall-art-black-and-white-tree\/","og_site_name":"SVETSLIK.SI","article_publisher":"https:\/\/www.facebook.com\/svetslik.si","article_modified_time":"2024-07-11T12:12:10+00:00","og_image":[{"width":680,"height":313,"url":"https:\/\/svetslik.si\/wp-content\/uploads\/2021\/08\/image_Dekorativna-slika-v-crnobelo-drevo_680.jpg","type":"image\/jpeg"}],"twitter_card":"summary_large_image","twitter_site":"@svetslik","twitter_misc":{"Availability":"On backorder"},"schema":{"@context":"https:\/\/schema.org","@graph":[{"@type":["WebPage","ItemPage"],"@id":"https:\/\/svetslik.si\/en\/wall-art-paintings-on-canvas-single-panel\/wall-art-black-and-white-tree\/","url":"https:\/\/svetslik.si\/en\/wall-art-paintings-on-canvas-single-panel\/wall-art-black-and-white-tree\/","name":"Wall Art - Black and White Tree - SVETSLIK.SI - 100% hand painted","isPartOf":{"@id":"https:\/\/svetslik.si\/en\/#website"},"primaryImageOfPage":{"@id":"https:\/\/svetslik.si\/en\/wall-art-paintings-on-canvas-single-panel\/wall-art-black-and-white-tree\/#primaryimage"},"image":{"@id":"https:\/\/svetslik.si\/en\/wall-art-paintings-on-canvas-single-panel\/wall-art-black-and-white-tree\/#primaryimage"},"thumbnailUrl":"https:\/\/svetslik.si\/wp-content\/uploads\/2021\/08\/image_Dekorativna-slika-v-crnobelo-drevo_680.jpg","datePublished":"2021-09-02T17:12:10+00:00","dateModified":"2024-07-11T12:12:10+00:00","description":"Wall Art - Black and White Tree - 100% hand-painted painting on canvas. Wall art, abstract paintings, reproduction of famous painting and custom paintings made by order.","breadcrumb":{"@id":"https:\/\/svetslik.si\/en\/wall-art-paintings-on-canvas-single-panel\/wall-art-black-and-white-tree\/#breadcrumb"},"inLanguage":"en-US","potentialAction":[{"@type":"ReadAction","target":["https:\/\/svetslik.si\/en\/wall-art-paintings-on-canvas-single-panel\/wall-art-black-and-white-tree\/"]}]},{"@type":"ImageObject","inLanguage":"en-US","@id":"https:\/\/svetslik.si\/en\/wall-art-paintings-on-canvas-single-panel\/wall-art-black-and-white-tree\/#primaryimage","url":"https:\/\/svetslik.si\/wp-content\/uploads\/2021\/08\/image_Dekorativna-slika-v-crnobelo-drevo_680.jpg","contentUrl":"https:\/\/svetslik.si\/wp-content\/uploads\/2021\/08\/image_Dekorativna-slika-v-crnobelo-drevo_680.jpg","width":680,"height":313,"caption":"Decorative Artwork Black and White Tree - Canvas Wall Art, Artwork - Modern Paintings, Decorative Canvas Wall Art, Abstract Paintings, Ambient Wall Art, Purchase and Sale of Paintings."},{"@type":"BreadcrumbList","@id":"https:\/\/svetslik.si\/en\/wall-art-paintings-on-canvas-single-panel\/wall-art-black-and-white-tree\/#breadcrumb","itemListElement":[{"@type":"ListItem","position":1,"name":"Wall art and paintings on canvas","item":"https:\/\/svetslik.si\/en\/"},{"@type":"ListItem","position":2,"name":"Sale of paintings","item":"https:\/\/svetslik.si\/prodaja-slik\/"},{"@type":"ListItem","position":3,"name":"Wall Art &#8211; Black and White Tree"}]},{"@type":"WebSite","@id":"https:\/\/svetslik.si\/en\/#website","url":"https:\/\/svetslik.si\/en\/","name":"SVETSLIK.SI","description":"100% ru\u010dno naslikane reprodukcije slika poznatih slikara in umjetni\u010dke zidne slike na platnu.","publisher":{"@id":"https:\/\/svetslik.si\/en\/#organization"},"potentialAction":[{"@type":"SearchAction","target":{"@type":"EntryPoint","urlTemplate":"https:\/\/svetslik.si\/en\/?s={search_term_string}"},"query-input":{"@type":"PropertyValueSpecification","valueRequired":true,"valueName":"search_term_string"}}],"inLanguage":"en-US"},{"@type":"Organization","@id":"https:\/\/svetslik.si\/en\/#organization","name":"SvetSlik.si","url":"https:\/\/svetslik.si\/en\/","logo":{"@type":"ImageObject","inLanguage":"en-US","@id":"https:\/\/svetslik.si\/en\/#\/schema\/logo\/image\/","url":"https:\/\/svetslik.si\/wp-content\/uploads\/2020\/12\/logo-512.png","contentUrl":"https:\/\/svetslik.si\/wp-content\/uploads\/2020\/12\/logo-512.png","width":512,"height":512,"caption":"SvetSlik.si"},"image":{"@id":"https:\/\/svetslik.si\/en\/#\/schema\/logo\/image\/"},"sameAs":["https:\/\/www.facebook.com\/svetslik.si","https:\/\/x.com\/svetslik","https:\/\/www.instagram.com\/svetslik.si\/","https:\/\/www.linkedin.com\/company\/svetslik-si"]}]},"og_availability":"backorder","product_availability":"available for order","product_retailer_item_id":"1014__","product_condition":"new"},"jetpack_sharing_enabled":true,"_links":{"self":[{"href":"https:\/\/svetslik.si\/en\/wp-json\/wp\/v2\/product\/87143","targetHints":{"allow":["GET"]}}],"collection":[{"href":"https:\/\/svetslik.si\/en\/wp-json\/wp\/v2\/product"}],"about":[{"href":"https:\/\/svetslik.si\/en\/wp-json\/wp\/v2\/types\/product"}],"wp:featuredmedia":[{"embeddable":true,"href":"https:\/\/svetslik.si\/en\/wp-json\/wp\/v2\/media\/78674"}],"wp:attachment":[{"href":"https:\/\/svetslik.si\/en\/wp-json\/wp\/v2\/media?parent=87143"}],"wp:term":[{"taxonomy":"product_brand","embeddable":true,"href":"https:\/\/svetslik.si\/en\/wp-json\/wp\/v2\/product_brand?post=87143"},{"taxonomy":"product_cat","embeddable":true,"href":"https:\/\/svetslik.si\/en\/wp-json\/wp\/v2\/product_cat?post=87143"},{"taxonomy":"product_tag","embeddable":true,"href":"https:\/\/svetslik.si\/en\/wp-json\/wp\/v2\/product_tag?post=87143"}],"curies":[{"name":"wp","href":"https:\/\/api.w.org\/{rel}","templated":true}]}}