{"id":87282,"date":"2021-09-02T19:16:13","date_gmt":"2021-09-02T17:16:13","guid":{"rendered":"https:\/\/svetslik.si\/uncategorized\/moderna-slika-valovi\/"},"modified":"2026-03-22T14:39:32","modified_gmt":"2026-03-22T13:39:32","slug":"paintings-waves","status":"publish","type":"product","link":"https:\/\/svetslik.si\/en\/wall-art-paintings-on-canvas-multi-panels\/paintings-waves\/","title":{"rendered":"Paintings &#8211; Waves"},"content":{"rendered":"<div class=\"wpb-content-wrapper\">[vc_row][vc_column][vc_column_text]\nPainting\u2019s panels dimensions:<br \/>\n160 x 60 cm = 4 x 40 x 60 cm<\/p>\n[\/vc_column_text][\/vc_column][\/vc_row][vc_row css=&#8221;.vc_custom_1641474815896{margin-bottom: 10px !important;}&#8221;][vc_column]\t<div class=\"et-image-831 et-image  full   et_image_link\">\n\t\t<div class=\"et-image-inner \">\n\t\t\t\t\t\t\t<a  class=\"mfp-image et-lightbox\" data-mfp-type=\"image\" data-mfp-src=\"https:\/\/svetslik.si\/wp-content\/uploads\/2021\/09\/moderna-vecdelna-umetniska-stenska-slika-na-platnu-valovi-scaled.jpg\"  title=\"Modern multi-panel &#8211; canvas wall painting &#8211; Dreams\">\n\t\t\t\t\t\t\t<div class=\"et-image-thumb \">\n\t\t\t\t\t<img decoding=\"async\" width=\"2560\" height=\"1011\" src=\"https:\/\/svetslik.si\/wp-content\/uploads\/2021\/09\/moderna-vecdelna-umetniska-stenska-slika-na-platnu-valovi-scaled.jpg\" class=\"attachment-full\" alt=\"Modern multi-panel - canvas wall painting - Dreams\" title=\"Modern multi-panel - canvas wall painting - Dreams\" srcset=\"https:\/\/svetslik.si\/wp-content\/uploads\/2021\/09\/moderna-vecdelna-umetniska-stenska-slika-na-platnu-valovi-scaled.jpg 2560w, https:\/\/svetslik.si\/wp-content\/uploads\/2021\/09\/moderna-vecdelna-umetniska-stenska-slika-na-platnu-valovi-600x237.jpg 600w, https:\/\/svetslik.si\/wp-content\/uploads\/2021\/09\/moderna-vecdelna-umetniska-stenska-slika-na-platnu-valovi-scaled-1200x474.jpg 1200w, https:\/\/svetslik.si\/wp-content\/uploads\/2021\/09\/moderna-vecdelna-umetniska-stenska-slika-na-platnu-valovi-300x118.jpg 300w, https:\/\/svetslik.si\/wp-content\/uploads\/2021\/09\/moderna-vecdelna-umetniska-stenska-slika-na-platnu-valovi-1024x404.jpg 1024w, https:\/\/svetslik.si\/wp-content\/uploads\/2021\/09\/moderna-vecdelna-umetniska-stenska-slika-na-platnu-valovi-768x303.jpg 768w, https:\/\/svetslik.si\/wp-content\/uploads\/2021\/09\/moderna-vecdelna-umetniska-stenska-slika-na-platnu-valovi-1536x606.jpg 1536w, https:\/\/svetslik.si\/wp-content\/uploads\/2021\/09\/moderna-vecdelna-umetniska-stenska-slika-na-platnu-valovi-2048x808.jpg 2048w, https:\/\/svetslik.si\/wp-content\/uploads\/2021\/09\/moderna-vecdelna-umetniska-stenska-slika-na-platnu-valovi-150x59.jpg 150w, https:\/\/svetslik.si\/wp-content\/uploads\/2021\/09\/moderna-vecdelna-umetniska-stenska-slika-na-platnu-valovi-1320x521.jpg 1320w, https:\/\/svetslik.si\/wp-content\/uploads\/2021\/09\/moderna-vecdelna-umetniska-stenska-slika-na-platnu-valovi-900x355.jpg 900w\" sizes=\"(max-width: 2560px) 100vw, 2560px\" \/>\t\t\t\t<\/div>\n\t\t\t\t\t\t\t<\/a>\n\t\t\t\t\t\t\t\t\t\t\t<\/div>\n\t<\/div>\n  [\/vc_column][\/vc_row][vc_row css=&#8221;.vc_custom_1641474815896{margin-bottom: 10px !important;}&#8221;][vc_column]\t<div class=\"et-image-764 et-image  full   et_image_link\">\n\t\t<div class=\"et-image-inner \">\n\t\t\t\t\t\t\t<a  class=\"mfp-image et-lightbox\" data-mfp-type=\"image\" data-mfp-src=\"https:\/\/svetslik.si\/wp-content\/uploads\/2021\/09\/20220106_105855-scaled.jpg\"  title=\"Paintings &#8211; Waves [wall art, painting, art for wall, wall paintings, artwork]\">\n\t\t\t\t\t\t\t<div class=\"et-image-thumb \">\n\t\t\t\t\t<img decoding=\"async\" width=\"2560\" height=\"1441\" src=\"https:\/\/svetslik.si\/wp-content\/uploads\/2021\/09\/20220106_105855-scaled.jpg\" class=\"attachment-full\" alt=\"Paintings - Waves [wall art, painting, art for wall, wall paintings, artwork]\" title=\"Paintings - Waves [wall art, painting, art for wall, wall paintings, artwork]\" srcset=\"https:\/\/svetslik.si\/wp-content\/uploads\/2021\/09\/20220106_105855-scaled.jpg 2560w, https:\/\/svetslik.si\/wp-content\/uploads\/2021\/09\/20220106_105855-600x338.jpg 600w, https:\/\/svetslik.si\/wp-content\/uploads\/2021\/09\/20220106_105855-scaled-1200x675.jpg 1200w, https:\/\/svetslik.si\/wp-content\/uploads\/2021\/09\/20220106_105855-300x169.jpg 300w, https:\/\/svetslik.si\/wp-content\/uploads\/2021\/09\/20220106_105855-1024x577.jpg 1024w, https:\/\/svetslik.si\/wp-content\/uploads\/2021\/09\/20220106_105855-768x432.jpg 768w, https:\/\/svetslik.si\/wp-content\/uploads\/2021\/09\/20220106_105855-1536x865.jpg 1536w, https:\/\/svetslik.si\/wp-content\/uploads\/2021\/09\/20220106_105855-2048x1153.jpg 2048w, https:\/\/svetslik.si\/wp-content\/uploads\/2021\/09\/20220106_105855-150x84.jpg 150w, https:\/\/svetslik.si\/wp-content\/uploads\/2021\/09\/20220106_105855-1320x743.jpg 1320w, https:\/\/svetslik.si\/wp-content\/uploads\/2021\/09\/20220106_105855-900x507.jpg 900w\" sizes=\"(max-width: 2560px) 100vw, 2560px\" \/>\t\t\t\t<\/div>\n\t\t\t\t\t\t\t<\/a>\n\t\t\t\t\t\t\t\t\t\t\t<\/div>\n\t<\/div>\n  [\/vc_column][\/vc_row][vc_row css=&#8221;.vc_custom_1641474815896{margin-bottom: 10px !important;}&#8221;][vc_column]\t<div class=\"et-image-138 et-image  full   et_image_link\">\n\t\t<div class=\"et-image-inner \">\n\t\t\t\t\t\t\t<a  class=\"mfp-image et-lightbox\" data-mfp-type=\"image\" data-mfp-src=\"https:\/\/svetslik.si\/wp-content\/uploads\/2021\/09\/20220106_105918-scaled.jpg\"  title=\"Paintings &#8211; Waves [wall art, painting, art for wall, wall paintings, artwork]\">\n\t\t\t\t\t\t\t<div class=\"et-image-thumb \">\n\t\t\t\t\t<img decoding=\"async\" width=\"2560\" height=\"1441\" src=\"https:\/\/svetslik.si\/wp-content\/uploads\/2021\/09\/20220106_105918-scaled.jpg\" class=\"attachment-full\" alt=\"Paintings - Waves [wall art, painting, art for wall, wall paintings, artwork]\" title=\"Paintings - Waves [wall art, painting, art for wall, wall paintings, artwork]\" srcset=\"https:\/\/svetslik.si\/wp-content\/uploads\/2021\/09\/20220106_105918-scaled.jpg 2560w, https:\/\/svetslik.si\/wp-content\/uploads\/2021\/09\/20220106_105918-600x338.jpg 600w, https:\/\/svetslik.si\/wp-content\/uploads\/2021\/09\/20220106_105918-scaled-1200x675.jpg 1200w, https:\/\/svetslik.si\/wp-content\/uploads\/2021\/09\/20220106_105918-300x169.jpg 300w, https:\/\/svetslik.si\/wp-content\/uploads\/2021\/09\/20220106_105918-1024x577.jpg 1024w, https:\/\/svetslik.si\/wp-content\/uploads\/2021\/09\/20220106_105918-768x432.jpg 768w, https:\/\/svetslik.si\/wp-content\/uploads\/2021\/09\/20220106_105918-1536x865.jpg 1536w, https:\/\/svetslik.si\/wp-content\/uploads\/2021\/09\/20220106_105918-2048x1153.jpg 2048w, https:\/\/svetslik.si\/wp-content\/uploads\/2021\/09\/20220106_105918-150x84.jpg 150w, https:\/\/svetslik.si\/wp-content\/uploads\/2021\/09\/20220106_105918-1320x743.jpg 1320w, https:\/\/svetslik.si\/wp-content\/uploads\/2021\/09\/20220106_105918-900x507.jpg 900w\" sizes=\"(max-width: 2560px) 100vw, 2560px\" \/>\t\t\t\t<\/div>\n\t\t\t\t\t\t\t<\/a>\n\t\t\t\t\t\t\t\t\t\t\t<\/div>\n\t<\/div>\n  [\/vc_column][\/vc_row]\n<\/div>","protected":false},"excerpt":{"rendered":"<p>[vc_row][vc_column][vc_column_text] Painting\u2019s panels dimensions: 160 x 60 cm = 4 x 40 x 60 cm [\/vc_column_text][\/vc_column][\/vc_row][vc_row css=&#8221;.vc_custom_1641474815896{margin-bottom: 10px !important;}&#8221;][vc_column][\/vc_column][\/vc_row][vc_row css=&#8221;.vc_custom_1641474815896{margin-bottom: 10px !important;}&#8221;][vc_column][\/vc_column][\/vc_row][vc_row css=&#8221;.vc_custom_1641474815896{margin-bottom: 10px !important;}&#8221;][vc_column][\/vc_column][\/vc_row]<\/p>\n","protected":false},"featured_media":78936,"template":"","meta":{"_acf_changed":false},"product_brand":[],"product_cat":[9819],"product_tag":[9825,9847,9885,9882,9872,9874,9859,9871,9879],"class_list":{"0":"post-87282","1":"product","2":"type-product","3":"status-publish","4":"has-post-thumbnail","6":"product_cat-wall-art-paintings-on-canvas-multi-panels","7":"product_tag-abstract-wall-art","8":"product_tag-modern-paintings","9":"product_tag-multi-panel-paintings","10":"product_tag-paintings","11":"product_tag-paintings-for-livingroom","12":"product_tag-paintings-for-the-living-room","13":"product_tag-sale-of-paintings","14":"product_tag-wall-art-on-canvas","15":"product_tag-wall-artwork","16":"pa_dimenzija-120-x-50-cm-en","17":"pa_dimenzija-140-x-55-cm-en","18":"pa_dimenzija-160-x-60-cm-en","19":"pa_dimenzija-180-x-65-cm-en","20":"pa_dimenzija-200-x-70-cm-en","21":"pa_dimenzija-240-x-80-cm-en","22":"pa_oblika-horizontal","23":"pa_pod-okvir-included-in-price","24":"pa_podokvir-without","25":"pa_podokvir-yes","27":"first","28":"onbackorder","29":"purchasable","30":"product-type-variable","31":"has-default-attributes"},"acf":[],"yoast_head":"<!-- This site is optimized with the Yoast SEO Premium plugin v26.0 (Yoast SEO v27.2) - https:\/\/yoast.com\/product\/yoast-seo-premium-wordpress\/ -->\n<title>Paintings - Waves - SVETSLIK.SI - 100% hand painted<\/title>\n<meta name=\"description\" content=\"Paintings - Waves - 100% hand-painted painting on canvas. Wall art, abstract paintings, reproduction of famous painting and custom paintings made by order.\" \/>\n<meta name=\"robots\" content=\"index, follow, max-snippet:-1, max-image-preview:large, max-video-preview:-1\" \/>\n<link rel=\"canonical\" href=\"https:\/\/svetslik.si\/en\/wall-art-paintings-on-canvas-multi-panels\/paintings-waves\/\" \/>\n<meta property=\"og:locale\" content=\"en_US\" \/>\n<meta property=\"og:type\" content=\"article\" \/>\n<meta property=\"og:title\" content=\"Paintings - Waves\" \/>\n<meta property=\"og:description\" content=\"100% ro\u010dno naslikane slike na platnu, reprodukcije znanih slikarjev in umetni\u0161ke slike po naro\u010dilu.\" \/>\n<meta property=\"og:url\" content=\"https:\/\/svetslik.si\/en\/wall-art-paintings-on-canvas-multi-panels\/paintings-waves\/\" \/>\n<meta property=\"og:site_name\" content=\"SVETSLIK.SI\" \/>\n<meta property=\"article:publisher\" content=\"https:\/\/www.facebook.com\/svetslik.si\" \/>\n<meta property=\"article:modified_time\" content=\"2026-03-22T13:39:32+00:00\" \/>\n<meta property=\"og:image\" content=\"https:\/\/svetslik.si\/wp-content\/uploads\/2021\/08\/image_Moderna-slika-Valovi_680.png\" \/>\n\t<meta property=\"og:image:width\" content=\"680\" \/>\n\t<meta property=\"og:image:height\" content=\"231\" \/>\n\t<meta property=\"og:image:type\" content=\"image\/png\" \/>\n<meta name=\"twitter:card\" content=\"summary_large_image\" \/>\n<meta name=\"twitter:site\" content=\"@svetslik\" \/>\n<meta name=\"twitter:label1\" content=\"Availability\" \/>\n\t<meta name=\"twitter:data1\" content=\"On backorder\" \/>\n<script type=\"application\/ld+json\" class=\"yoast-schema-graph\">{\"@context\":\"https:\/\/schema.org\",\"@graph\":[{\"@type\":[\"WebPage\",\"ItemPage\"],\"@id\":\"https:\/\/svetslik.si\/en\/wall-art-paintings-on-canvas-multi-panels\/paintings-waves\/\",\"url\":\"https:\/\/svetslik.si\/en\/wall-art-paintings-on-canvas-multi-panels\/paintings-waves\/\",\"name\":\"Paintings - Waves - SVETSLIK.SI - 100% hand painted\",\"isPartOf\":{\"@id\":\"https:\/\/svetslik.si\/en\/#website\"},\"primaryImageOfPage\":{\"@id\":\"https:\/\/svetslik.si\/en\/wall-art-paintings-on-canvas-multi-panels\/paintings-waves\/#primaryimage\"},\"image\":{\"@id\":\"https:\/\/svetslik.si\/en\/wall-art-paintings-on-canvas-multi-panels\/paintings-waves\/#primaryimage\"},\"thumbnailUrl\":\"https:\/\/svetslik.si\/wp-content\/uploads\/2021\/08\/image_Moderna-slika-Valovi_680.png\",\"datePublished\":\"2021-09-02T17:16:13+00:00\",\"dateModified\":\"2026-03-22T13:39:32+00:00\",\"description\":\"Paintings - Waves - 100% hand-painted painting on canvas. Wall art, abstract paintings, reproduction of famous painting and custom paintings made by order.\",\"breadcrumb\":{\"@id\":\"https:\/\/svetslik.si\/en\/wall-art-paintings-on-canvas-multi-panels\/paintings-waves\/#breadcrumb\"},\"inLanguage\":\"en-US\",\"potentialAction\":[{\"@type\":\"ReadAction\",\"target\":[\"https:\/\/svetslik.si\/en\/wall-art-paintings-on-canvas-multi-panels\/paintings-waves\/\"]}]},{\"@type\":\"ImageObject\",\"inLanguage\":\"en-US\",\"@id\":\"https:\/\/svetslik.si\/en\/wall-art-paintings-on-canvas-multi-panels\/paintings-waves\/#primaryimage\",\"url\":\"https:\/\/svetslik.si\/wp-content\/uploads\/2021\/08\/image_Moderna-slika-Valovi_680.png\",\"contentUrl\":\"https:\/\/svetslik.si\/wp-content\/uploads\/2021\/08\/image_Moderna-slika-Valovi_680.png\",\"width\":680,\"height\":231,\"caption\":\"Canvas Paintings - Modern Painting Sunrise I - Modern Paintings, Ambient Paintings for the Wall, Abstract Paintings, Decorative Wall Paintings, Purchase and Sale of Paintings.\"},{\"@type\":\"BreadcrumbList\",\"@id\":\"https:\/\/svetslik.si\/en\/wall-art-paintings-on-canvas-multi-panels\/paintings-waves\/#breadcrumb\",\"itemListElement\":[{\"@type\":\"ListItem\",\"position\":1,\"name\":\"Wall art and paintings on canvas\",\"item\":\"https:\/\/svetslik.si\/en\/\"},{\"@type\":\"ListItem\",\"position\":2,\"name\":\"Sale of paintings\",\"item\":\"https:\/\/svetslik.si\/prodaja-slik\/\"},{\"@type\":\"ListItem\",\"position\":3,\"name\":\"Paintings &#8211; Waves\"}]},{\"@type\":\"WebSite\",\"@id\":\"https:\/\/svetslik.si\/en\/#website\",\"url\":\"https:\/\/svetslik.si\/en\/\",\"name\":\"SVETSLIK.SI\",\"description\":\"100% ru\u010dno naslikane reprodukcije slika poznatih slikara in umjetni\u010dke zidne slike na platnu.\",\"publisher\":{\"@id\":\"https:\/\/svetslik.si\/en\/#organization\"},\"potentialAction\":[{\"@type\":\"SearchAction\",\"target\":{\"@type\":\"EntryPoint\",\"urlTemplate\":\"https:\/\/svetslik.si\/en\/?s={search_term_string}\"},\"query-input\":{\"@type\":\"PropertyValueSpecification\",\"valueRequired\":true,\"valueName\":\"search_term_string\"}}],\"inLanguage\":\"en-US\"},{\"@type\":\"Organization\",\"@id\":\"https:\/\/svetslik.si\/en\/#organization\",\"name\":\"SvetSlik.si\",\"url\":\"https:\/\/svetslik.si\/en\/\",\"logo\":{\"@type\":\"ImageObject\",\"inLanguage\":\"en-US\",\"@id\":\"https:\/\/svetslik.si\/en\/#\/schema\/logo\/image\/\",\"url\":\"https:\/\/svetslik.si\/wp-content\/uploads\/2020\/12\/logo-512.png\",\"contentUrl\":\"https:\/\/svetslik.si\/wp-content\/uploads\/2020\/12\/logo-512.png\",\"width\":512,\"height\":512,\"caption\":\"SvetSlik.si\"},\"image\":{\"@id\":\"https:\/\/svetslik.si\/en\/#\/schema\/logo\/image\/\"},\"sameAs\":[\"https:\/\/www.facebook.com\/svetslik.si\",\"https:\/\/x.com\/svetslik\",\"https:\/\/www.instagram.com\/svetslik.si\/\",\"https:\/\/www.linkedin.com\/company\/svetslik-si\"]}]}<\/script>\n<meta property=\"og:availability\" content=\"backorder\" \/>\n<meta property=\"product:availability\" content=\"available for order\" \/>\n<meta property=\"product:retailer_item_id\" content=\"1044__\" \/>\n<meta property=\"product:condition\" content=\"new\" \/>\n<!-- \/ Yoast SEO Premium plugin. -->","yoast_head_json":{"title":"Paintings - Waves - SVETSLIK.SI - 100% hand painted","description":"Paintings - Waves - 100% hand-painted painting on canvas. Wall art, abstract paintings, reproduction of famous painting and custom paintings made by order.","robots":{"index":"index","follow":"follow","max-snippet":"max-snippet:-1","max-image-preview":"max-image-preview:large","max-video-preview":"max-video-preview:-1"},"canonical":"https:\/\/svetslik.si\/en\/wall-art-paintings-on-canvas-multi-panels\/paintings-waves\/","og_locale":"en_US","og_type":"article","og_title":"Paintings - Waves","og_description":"100% ro\u010dno naslikane slike na platnu, reprodukcije znanih slikarjev in umetni\u0161ke slike po naro\u010dilu.","og_url":"https:\/\/svetslik.si\/en\/wall-art-paintings-on-canvas-multi-panels\/paintings-waves\/","og_site_name":"SVETSLIK.SI","article_publisher":"https:\/\/www.facebook.com\/svetslik.si","article_modified_time":"2026-03-22T13:39:32+00:00","og_image":[{"width":680,"height":231,"url":"https:\/\/svetslik.si\/wp-content\/uploads\/2021\/08\/image_Moderna-slika-Valovi_680.png","type":"image\/png"}],"twitter_card":"summary_large_image","twitter_site":"@svetslik","twitter_misc":{"Availability":"On backorder"},"schema":{"@context":"https:\/\/schema.org","@graph":[{"@type":["WebPage","ItemPage"],"@id":"https:\/\/svetslik.si\/en\/wall-art-paintings-on-canvas-multi-panels\/paintings-waves\/","url":"https:\/\/svetslik.si\/en\/wall-art-paintings-on-canvas-multi-panels\/paintings-waves\/","name":"Paintings - Waves - SVETSLIK.SI - 100% hand painted","isPartOf":{"@id":"https:\/\/svetslik.si\/en\/#website"},"primaryImageOfPage":{"@id":"https:\/\/svetslik.si\/en\/wall-art-paintings-on-canvas-multi-panels\/paintings-waves\/#primaryimage"},"image":{"@id":"https:\/\/svetslik.si\/en\/wall-art-paintings-on-canvas-multi-panels\/paintings-waves\/#primaryimage"},"thumbnailUrl":"https:\/\/svetslik.si\/wp-content\/uploads\/2021\/08\/image_Moderna-slika-Valovi_680.png","datePublished":"2021-09-02T17:16:13+00:00","dateModified":"2026-03-22T13:39:32+00:00","description":"Paintings - Waves - 100% hand-painted painting on canvas. Wall art, abstract paintings, reproduction of famous painting and custom paintings made by order.","breadcrumb":{"@id":"https:\/\/svetslik.si\/en\/wall-art-paintings-on-canvas-multi-panels\/paintings-waves\/#breadcrumb"},"inLanguage":"en-US","potentialAction":[{"@type":"ReadAction","target":["https:\/\/svetslik.si\/en\/wall-art-paintings-on-canvas-multi-panels\/paintings-waves\/"]}]},{"@type":"ImageObject","inLanguage":"en-US","@id":"https:\/\/svetslik.si\/en\/wall-art-paintings-on-canvas-multi-panels\/paintings-waves\/#primaryimage","url":"https:\/\/svetslik.si\/wp-content\/uploads\/2021\/08\/image_Moderna-slika-Valovi_680.png","contentUrl":"https:\/\/svetslik.si\/wp-content\/uploads\/2021\/08\/image_Moderna-slika-Valovi_680.png","width":680,"height":231,"caption":"Canvas Paintings - Modern Painting Sunrise I - Modern Paintings, Ambient Paintings for the Wall, Abstract Paintings, Decorative Wall Paintings, Purchase and Sale of Paintings."},{"@type":"BreadcrumbList","@id":"https:\/\/svetslik.si\/en\/wall-art-paintings-on-canvas-multi-panels\/paintings-waves\/#breadcrumb","itemListElement":[{"@type":"ListItem","position":1,"name":"Wall art and paintings on canvas","item":"https:\/\/svetslik.si\/en\/"},{"@type":"ListItem","position":2,"name":"Sale of paintings","item":"https:\/\/svetslik.si\/prodaja-slik\/"},{"@type":"ListItem","position":3,"name":"Paintings &#8211; Waves"}]},{"@type":"WebSite","@id":"https:\/\/svetslik.si\/en\/#website","url":"https:\/\/svetslik.si\/en\/","name":"SVETSLIK.SI","description":"100% ru\u010dno naslikane reprodukcije slika poznatih slikara in umjetni\u010dke zidne slike na platnu.","publisher":{"@id":"https:\/\/svetslik.si\/en\/#organization"},"potentialAction":[{"@type":"SearchAction","target":{"@type":"EntryPoint","urlTemplate":"https:\/\/svetslik.si\/en\/?s={search_term_string}"},"query-input":{"@type":"PropertyValueSpecification","valueRequired":true,"valueName":"search_term_string"}}],"inLanguage":"en-US"},{"@type":"Organization","@id":"https:\/\/svetslik.si\/en\/#organization","name":"SvetSlik.si","url":"https:\/\/svetslik.si\/en\/","logo":{"@type":"ImageObject","inLanguage":"en-US","@id":"https:\/\/svetslik.si\/en\/#\/schema\/logo\/image\/","url":"https:\/\/svetslik.si\/wp-content\/uploads\/2020\/12\/logo-512.png","contentUrl":"https:\/\/svetslik.si\/wp-content\/uploads\/2020\/12\/logo-512.png","width":512,"height":512,"caption":"SvetSlik.si"},"image":{"@id":"https:\/\/svetslik.si\/en\/#\/schema\/logo\/image\/"},"sameAs":["https:\/\/www.facebook.com\/svetslik.si","https:\/\/x.com\/svetslik","https:\/\/www.instagram.com\/svetslik.si\/","https:\/\/www.linkedin.com\/company\/svetslik-si"]}]},"og_availability":"backorder","product_availability":"available for order","product_retailer_item_id":"1044__","product_condition":"new"},"jetpack_sharing_enabled":true,"_links":{"self":[{"href":"https:\/\/svetslik.si\/en\/wp-json\/wp\/v2\/product\/87282","targetHints":{"allow":["GET"]}}],"collection":[{"href":"https:\/\/svetslik.si\/en\/wp-json\/wp\/v2\/product"}],"about":[{"href":"https:\/\/svetslik.si\/en\/wp-json\/wp\/v2\/types\/product"}],"wp:featuredmedia":[{"embeddable":true,"href":"https:\/\/svetslik.si\/en\/wp-json\/wp\/v2\/media\/78936"}],"wp:attachment":[{"href":"https:\/\/svetslik.si\/en\/wp-json\/wp\/v2\/media?parent=87282"}],"wp:term":[{"taxonomy":"product_brand","embeddable":true,"href":"https:\/\/svetslik.si\/en\/wp-json\/wp\/v2\/product_brand?post=87282"},{"taxonomy":"product_cat","embeddable":true,"href":"https:\/\/svetslik.si\/en\/wp-json\/wp\/v2\/product_cat?post=87282"},{"taxonomy":"product_tag","embeddable":true,"href":"https:\/\/svetslik.si\/en\/wp-json\/wp\/v2\/product_tag?post=87282"}],"curies":[{"name":"wp","href":"https:\/\/api.w.org\/{rel}","templated":true}]}}