{"id":87959,"date":"2021-09-03T14:23:04","date_gmt":"2021-09-03T12:23:04","guid":{"rendered":"https:\/\/svetslik.si\/uncategorized\/nighthawks\/"},"modified":"2025-11-02T20:59:19","modified_gmt":"2025-11-02T19:59:19","slug":"nighthawks","status":"publish","type":"product","link":"https:\/\/svetslik.si\/en\/edward-hopper-en\/nighthawks\/","title":{"rendered":"Edward Hopper &#8211; Nighthawks"},"content":{"rendered":"<div class=\"wpb-content-wrapper\">[vc_row][vc_column][vc_column_text css=&#8221;&#8221;]\n<p data-pm-slice=\"1 1 []\"><div class=\"yt-lazy-video ratio-square\" data-id=\"TsMUd-jfHPM\"><\/div>\n[\/vc_column_text][\/vc_column][\/vc_row][vc_row css=&#8221;.vc_custom_1697620747065{margin-bottom: 10px !important;}&#8221;][vc_column]\t<div class=\"et-image-253 et-image     et_image_link\">\n\t\t<div class=\"et-image-inner \">\n\t\t\t\t\t\t\t<div class=\"et-image-thumb \">\n\t\t\t\t\t<img decoding=\"async\" width=\"2560\" height=\"1734\" src=\"https:\/\/svetslik.si\/wp-content\/uploads\/2021\/09\/Edward-Hopper-Nighthawks-reprodukcija-slike-scaled.jpg\" class=\"attachment-full\" alt=\"Edward Hoppser - Nighthawks - reprodukcija slike\" title=\"Edward-Hopper-Nighthawks-reprodukcija-slike\" srcset=\"https:\/\/svetslik.si\/wp-content\/uploads\/2021\/09\/Edward-Hopper-Nighthawks-reprodukcija-slike-scaled.jpg 2560w, https:\/\/svetslik.si\/wp-content\/uploads\/2021\/09\/Edward-Hopper-Nighthawks-reprodukcija-slike-scaled-600x406.jpg 600w, https:\/\/svetslik.si\/wp-content\/uploads\/2021\/09\/Edward-Hopper-Nighthawks-reprodukcija-slike-scaled-1200x813.jpg 1200w, https:\/\/svetslik.si\/wp-content\/uploads\/2021\/09\/Edward-Hopper-Nighthawks-reprodukcija-slike-300x203.jpg 300w, https:\/\/svetslik.si\/wp-content\/uploads\/2021\/09\/Edward-Hopper-Nighthawks-reprodukcija-slike-1024x694.jpg 1024w, https:\/\/svetslik.si\/wp-content\/uploads\/2021\/09\/Edward-Hopper-Nighthawks-reprodukcija-slike-768x520.jpg 768w, https:\/\/svetslik.si\/wp-content\/uploads\/2021\/09\/Edward-Hopper-Nighthawks-reprodukcija-slike-1536x1041.jpg 1536w, https:\/\/svetslik.si\/wp-content\/uploads\/2021\/09\/Edward-Hopper-Nighthawks-reprodukcija-slike-2048x1388.jpg 2048w, https:\/\/svetslik.si\/wp-content\/uploads\/2021\/09\/Edward-Hopper-Nighthawks-reprodukcija-slike-150x102.jpg 150w\" sizes=\"(max-width: 2560px) 100vw, 2560px\" \/>\t\t\t\t<\/div>\n\t\t\t\t\t\t\t\t\t\t\t<\/div>\n\t<\/div>\n  [\/vc_column][\/vc_row][vc_row css=&#8221;.vc_custom_1697620747065{margin-bottom: 10px !important;}&#8221;][vc_column]\t<div class=\"et-image-403 et-image     et_image_link\">\n\t\t<div class=\"et-image-inner \">\n\t\t\t\t\t\t\t<div class=\"et-image-thumb \">\n\t\t\t\t\t<img decoding=\"async\" width=\"2560\" height=\"1658\" src=\"https:\/\/svetslik.si\/wp-content\/uploads\/2021\/09\/Edward-Hopper-nighthawks-scaled.jpg\" class=\"attachment-full\" alt=\"Edward Hoppser - Nighthawks - reprodukcija slike\" title=\"Edward-Hopper-nighthawks\" srcset=\"https:\/\/svetslik.si\/wp-content\/uploads\/2021\/09\/Edward-Hopper-nighthawks-scaled.jpg 2560w, https:\/\/svetslik.si\/wp-content\/uploads\/2021\/09\/Edward-Hopper-nighthawks-scaled-600x389.jpg 600w, https:\/\/svetslik.si\/wp-content\/uploads\/2021\/09\/Edward-Hopper-nighthawks-scaled-1200x777.jpg 1200w, https:\/\/svetslik.si\/wp-content\/uploads\/2021\/09\/Edward-Hopper-nighthawks-300x194.jpg 300w, https:\/\/svetslik.si\/wp-content\/uploads\/2021\/09\/Edward-Hopper-nighthawks-1024x663.jpg 1024w, https:\/\/svetslik.si\/wp-content\/uploads\/2021\/09\/Edward-Hopper-nighthawks-768x497.jpg 768w, https:\/\/svetslik.si\/wp-content\/uploads\/2021\/09\/Edward-Hopper-nighthawks-1536x995.jpg 1536w, https:\/\/svetslik.si\/wp-content\/uploads\/2021\/09\/Edward-Hopper-nighthawks-2048x1327.jpg 2048w, https:\/\/svetslik.si\/wp-content\/uploads\/2021\/09\/Edward-Hopper-nighthawks-150x97.jpg 150w\" sizes=\"(max-width: 2560px) 100vw, 2560px\" \/>\t\t\t\t<\/div>\n\t\t\t\t\t\t\t\t\t\t\t<\/div>\n\t<\/div>\n  [\/vc_column][\/vc_row][vc_row css=&#8221;.vc_custom_1697620747065{margin-bottom: 10px !important;}&#8221;][vc_column]\t<div class=\"et-image-194 et-image     et_image_link\">\n\t\t<div class=\"et-image-inner \">\n\t\t\t\t\t\t\t<div class=\"et-image-thumb \">\n\t\t\t\t\t<img decoding=\"async\" width=\"2560\" height=\"1441\" src=\"https:\/\/svetslik.si\/wp-content\/uploads\/2021\/09\/Edward-Hopper-nighthhawks-scaled.jpg\" class=\"attachment-full\" alt=\"Edward Hoppser - Nighthawks - reprodukcija slike\" title=\"Edward-Hopper-nighthhawks\" srcset=\"https:\/\/svetslik.si\/wp-content\/uploads\/2021\/09\/Edward-Hopper-nighthhawks-scaled.jpg 2560w, https:\/\/svetslik.si\/wp-content\/uploads\/2021\/09\/Edward-Hopper-nighthhawks-scaled-600x338.jpg 600w, https:\/\/svetslik.si\/wp-content\/uploads\/2021\/09\/Edward-Hopper-nighthhawks-scaled-1200x675.jpg 1200w, https:\/\/svetslik.si\/wp-content\/uploads\/2021\/09\/Edward-Hopper-nighthhawks-300x169.jpg 300w, https:\/\/svetslik.si\/wp-content\/uploads\/2021\/09\/Edward-Hopper-nighthhawks-1024x577.jpg 1024w, https:\/\/svetslik.si\/wp-content\/uploads\/2021\/09\/Edward-Hopper-nighthhawks-768x432.jpg 768w, https:\/\/svetslik.si\/wp-content\/uploads\/2021\/09\/Edward-Hopper-nighthhawks-1536x865.jpg 1536w, https:\/\/svetslik.si\/wp-content\/uploads\/2021\/09\/Edward-Hopper-nighthhawks-2048x1153.jpg 2048w, https:\/\/svetslik.si\/wp-content\/uploads\/2021\/09\/Edward-Hopper-nighthhawks-150x84.jpg 150w\" sizes=\"(max-width: 2560px) 100vw, 2560px\" \/>\t\t\t\t<\/div>\n\t\t\t\t\t\t\t\t\t\t\t<\/div>\n\t<\/div>\n  [\/vc_column][\/vc_row]\n<\/div>","protected":false},"excerpt":{"rendered":"<p>[vc_row][vc_column][vc_column_text css=&#8221;&#8221;] [\/vc_column_text][\/vc_column][\/vc_row][vc_row css=&#8221;.vc_custom_1697620747065{margin-bottom: 10px !important;}&#8221;][vc_column][\/vc_column][\/vc_row][vc_row css=&#8221;.vc_custom_1697620747065{margin-bottom: 10px !important;}&#8221;][vc_column][\/vc_column][\/vc_row][vc_row css=&#8221;.vc_custom_1697620747065{margin-bottom: 10px !important;}&#8221;][vc_column][\/vc_column][\/vc_row]<\/p>\n","protected":false},"featured_media":78982,"template":"","meta":{"_acf_changed":false},"product_brand":[],"product_cat":[12082],"product_tag":[9825,9847,9833,9876,9882,9872,9874,9859,9873,9878,9871,9879],"class_list":{"0":"post-87959","1":"product","2":"type-product","3":"status-publish","4":"has-post-thumbnail","6":"product_cat-edward-hopper-en","7":"product_tag-abstract-wall-art","8":"product_tag-modern-paintings","9":"product_tag-modern-wall-art","10":"product_tag-online-gallery","11":"product_tag-paintings","12":"product_tag-paintings-for-livingroom","13":"product_tag-paintings-for-the-living-room","14":"product_tag-sale-of-paintings","15":"product_tag-wall-art","16":"product_tag-wall-art-en","17":"product_tag-wall-art-on-canvas","18":"product_tag-wall-artwork","19":"pa_dimenzija-100-x-180-cm-en","20":"pa_dimenzija-110-x-200-cm-en","21":"pa_dimenzija-120-x-220-cm-en","22":"pa_dimenzija-40-x-70-cm-en","23":"pa_dimenzija-50-x-90-cm-en","24":"pa_dimenzija-60-x-110-cm-en","25":"pa_dimenzija-70-x-130-cm-en","26":"pa_dimenzija-80-x-145-cm-en","27":"pa_dimenzija-84-x-152-cm-en","28":"pa_dimenzija-84-x-46-cm-en","29":"pa_dimenzija-90-x-165-cm-en","30":"pa_oblika-horizontal","31":"pa_okvir-without-frame","32":"pa_podokvir-without","33":"pa_podokvir-yes","35":"first","36":"onbackorder","37":"purchasable","38":"product-type-variable","39":"has-default-attributes"},"acf":[],"yoast_head":"<!-- This site is optimized with the Yoast SEO Premium plugin v26.0 (Yoast SEO v27.2) - https:\/\/yoast.com\/product\/yoast-seo-premium-wordpress\/ -->\n<title>Edward Hopper - Nighthawks - SVETSLIK.SI - 100% hand-painted painting<\/title>\n<meta name=\"description\" content=\"Edward Hopper - Nighthawks - 100% hand painted paintings on canvas. Sale of reproductions of famous painters, custom painted paintings by order and framing.\" \/>\n<meta name=\"robots\" content=\"index, follow, max-snippet:-1, max-image-preview:large, max-video-preview:-1\" \/>\n<link rel=\"canonical\" href=\"https:\/\/svetslik.si\/en\/edward-hopper-en\/nighthawks\/\" \/>\n<meta property=\"og:locale\" content=\"en_US\" \/>\n<meta property=\"og:type\" content=\"article\" \/>\n<meta property=\"og:title\" content=\"Edward Hopper - Nighthawks\" \/>\n<meta property=\"og:description\" content=\"100% ro\u010dno naslikane slike na platnu, reprodukcije znanih slikarjev in umetni\u0161ke slike po naro\u010dilu.\" \/>\n<meta property=\"og:url\" content=\"https:\/\/svetslik.si\/en\/edward-hopper-en\/nighthawks\/\" \/>\n<meta property=\"og:site_name\" content=\"SVETSLIK.SI\" \/>\n<meta property=\"article:publisher\" content=\"https:\/\/www.facebook.com\/svetslik.si\" \/>\n<meta property=\"article:modified_time\" content=\"2025-11-02T19:59:19+00:00\" \/>\n<meta property=\"og:image\" content=\"https:\/\/svetslik.si\/wp-content\/uploads\/2021\/08\/image_Nighthawks_680.jpg\" \/>\n\t<meta property=\"og:image:width\" content=\"680\" \/>\n\t<meta property=\"og:image:height\" content=\"372\" \/>\n\t<meta property=\"og:image:type\" content=\"image\/jpeg\" \/>\n<meta name=\"twitter:card\" content=\"summary_large_image\" \/>\n<meta name=\"twitter:site\" content=\"@svetslik\" \/>\n<meta name=\"twitter:label1\" content=\"Availability\" \/>\n\t<meta name=\"twitter:data1\" content=\"On backorder\" \/>\n<script type=\"application\/ld+json\" class=\"yoast-schema-graph\">{\"@context\":\"https:\/\/schema.org\",\"@graph\":[{\"@type\":[\"WebPage\",\"ItemPage\"],\"@id\":\"https:\/\/svetslik.si\/en\/edward-hopper-en\/nighthawks\/\",\"url\":\"https:\/\/svetslik.si\/en\/edward-hopper-en\/nighthawks\/\",\"name\":\"Edward Hopper - Nighthawks - SVETSLIK.SI - 100% hand-painted painting\",\"isPartOf\":{\"@id\":\"https:\/\/svetslik.si\/en\/#website\"},\"primaryImageOfPage\":{\"@id\":\"https:\/\/svetslik.si\/en\/edward-hopper-en\/nighthawks\/#primaryimage\"},\"image\":{\"@id\":\"https:\/\/svetslik.si\/en\/edward-hopper-en\/nighthawks\/#primaryimage\"},\"thumbnailUrl\":\"https:\/\/svetslik.si\/wp-content\/uploads\/2021\/08\/image_Nighthawks_680.jpg\",\"datePublished\":\"2021-09-03T12:23:04+00:00\",\"dateModified\":\"2025-11-02T19:59:19+00:00\",\"description\":\"Edward Hopper - Nighthawks - 100% hand painted paintings on canvas. Sale of reproductions of famous painters, custom painted paintings by order and framing.\",\"breadcrumb\":{\"@id\":\"https:\/\/svetslik.si\/en\/edward-hopper-en\/nighthawks\/#breadcrumb\"},\"inLanguage\":\"en-US\",\"potentialAction\":[{\"@type\":\"ReadAction\",\"target\":[\"https:\/\/svetslik.si\/en\/edward-hopper-en\/nighthawks\/\"]}]},{\"@type\":\"ImageObject\",\"inLanguage\":\"en-US\",\"@id\":\"https:\/\/svetslik.si\/en\/edward-hopper-en\/nighthawks\/#primaryimage\",\"url\":\"https:\/\/svetslik.si\/wp-content\/uploads\/2021\/08\/image_Nighthawks_680.jpg\",\"contentUrl\":\"https:\/\/svetslik.si\/wp-content\/uploads\/2021\/08\/image_Nighthawks_680.jpg\",\"width\":680,\"height\":372,\"caption\":\"Nighthawks - reproduction of famous painting by famous artist, hand painted painting on canvas, American art, realism\"},{\"@type\":\"BreadcrumbList\",\"@id\":\"https:\/\/svetslik.si\/en\/edward-hopper-en\/nighthawks\/#breadcrumb\",\"itemListElement\":[{\"@type\":\"ListItem\",\"position\":1,\"name\":\"Wall art and paintings on canvas\",\"item\":\"https:\/\/svetslik.si\/en\/\"},{\"@type\":\"ListItem\",\"position\":2,\"name\":\"Sale of paintings\",\"item\":\"https:\/\/svetslik.si\/prodaja-slik\/\"},{\"@type\":\"ListItem\",\"position\":3,\"name\":\"Edward Hopper &#8211; Nighthawks\"}]},{\"@type\":\"WebSite\",\"@id\":\"https:\/\/svetslik.si\/en\/#website\",\"url\":\"https:\/\/svetslik.si\/en\/\",\"name\":\"SVETSLIK.SI\",\"description\":\"100% ru\u010dno naslikane reprodukcije slika poznatih slikara in umjetni\u010dke zidne slike na platnu.\",\"publisher\":{\"@id\":\"https:\/\/svetslik.si\/en\/#organization\"},\"potentialAction\":[{\"@type\":\"SearchAction\",\"target\":{\"@type\":\"EntryPoint\",\"urlTemplate\":\"https:\/\/svetslik.si\/en\/?s={search_term_string}\"},\"query-input\":{\"@type\":\"PropertyValueSpecification\",\"valueRequired\":true,\"valueName\":\"search_term_string\"}}],\"inLanguage\":\"en-US\"},{\"@type\":\"Organization\",\"@id\":\"https:\/\/svetslik.si\/en\/#organization\",\"name\":\"SvetSlik.si\",\"url\":\"https:\/\/svetslik.si\/en\/\",\"logo\":{\"@type\":\"ImageObject\",\"inLanguage\":\"en-US\",\"@id\":\"https:\/\/svetslik.si\/en\/#\/schema\/logo\/image\/\",\"url\":\"https:\/\/svetslik.si\/wp-content\/uploads\/2020\/12\/logo-512.png\",\"contentUrl\":\"https:\/\/svetslik.si\/wp-content\/uploads\/2020\/12\/logo-512.png\",\"width\":512,\"height\":512,\"caption\":\"SvetSlik.si\"},\"image\":{\"@id\":\"https:\/\/svetslik.si\/en\/#\/schema\/logo\/image\/\"},\"sameAs\":[\"https:\/\/www.facebook.com\/svetslik.si\",\"https:\/\/x.com\/svetslik\",\"https:\/\/www.instagram.com\/svetslik.si\/\",\"https:\/\/www.linkedin.com\/company\/svetslik-si\"]}]}<\/script>\n<meta property=\"og:availability\" content=\"backorder\" \/>\n<meta property=\"product:availability\" content=\"available for order\" \/>\n<meta property=\"product:retailer_item_id\" content=\"1099__\" \/>\n<meta property=\"product:condition\" content=\"new\" \/>\n<!-- \/ Yoast SEO Premium plugin. -->","yoast_head_json":{"title":"Edward Hopper - Nighthawks - SVETSLIK.SI - 100% hand-painted painting","description":"Edward Hopper - Nighthawks - 100% hand painted paintings on canvas. Sale of reproductions of famous painters, custom painted paintings by order and framing.","robots":{"index":"index","follow":"follow","max-snippet":"max-snippet:-1","max-image-preview":"max-image-preview:large","max-video-preview":"max-video-preview:-1"},"canonical":"https:\/\/svetslik.si\/en\/edward-hopper-en\/nighthawks\/","og_locale":"en_US","og_type":"article","og_title":"Edward Hopper - Nighthawks","og_description":"100% ro\u010dno naslikane slike na platnu, reprodukcije znanih slikarjev in umetni\u0161ke slike po naro\u010dilu.","og_url":"https:\/\/svetslik.si\/en\/edward-hopper-en\/nighthawks\/","og_site_name":"SVETSLIK.SI","article_publisher":"https:\/\/www.facebook.com\/svetslik.si","article_modified_time":"2025-11-02T19:59:19+00:00","og_image":[{"width":680,"height":372,"url":"https:\/\/svetslik.si\/wp-content\/uploads\/2021\/08\/image_Nighthawks_680.jpg","type":"image\/jpeg"}],"twitter_card":"summary_large_image","twitter_site":"@svetslik","twitter_misc":{"Availability":"On backorder"},"schema":{"@context":"https:\/\/schema.org","@graph":[{"@type":["WebPage","ItemPage"],"@id":"https:\/\/svetslik.si\/en\/edward-hopper-en\/nighthawks\/","url":"https:\/\/svetslik.si\/en\/edward-hopper-en\/nighthawks\/","name":"Edward Hopper - Nighthawks - SVETSLIK.SI - 100% hand-painted painting","isPartOf":{"@id":"https:\/\/svetslik.si\/en\/#website"},"primaryImageOfPage":{"@id":"https:\/\/svetslik.si\/en\/edward-hopper-en\/nighthawks\/#primaryimage"},"image":{"@id":"https:\/\/svetslik.si\/en\/edward-hopper-en\/nighthawks\/#primaryimage"},"thumbnailUrl":"https:\/\/svetslik.si\/wp-content\/uploads\/2021\/08\/image_Nighthawks_680.jpg","datePublished":"2021-09-03T12:23:04+00:00","dateModified":"2025-11-02T19:59:19+00:00","description":"Edward Hopper - Nighthawks - 100% hand painted paintings on canvas. Sale of reproductions of famous painters, custom painted paintings by order and framing.","breadcrumb":{"@id":"https:\/\/svetslik.si\/en\/edward-hopper-en\/nighthawks\/#breadcrumb"},"inLanguage":"en-US","potentialAction":[{"@type":"ReadAction","target":["https:\/\/svetslik.si\/en\/edward-hopper-en\/nighthawks\/"]}]},{"@type":"ImageObject","inLanguage":"en-US","@id":"https:\/\/svetslik.si\/en\/edward-hopper-en\/nighthawks\/#primaryimage","url":"https:\/\/svetslik.si\/wp-content\/uploads\/2021\/08\/image_Nighthawks_680.jpg","contentUrl":"https:\/\/svetslik.si\/wp-content\/uploads\/2021\/08\/image_Nighthawks_680.jpg","width":680,"height":372,"caption":"Nighthawks - reproduction of famous painting by famous artist, hand painted painting on canvas, American art, realism"},{"@type":"BreadcrumbList","@id":"https:\/\/svetslik.si\/en\/edward-hopper-en\/nighthawks\/#breadcrumb","itemListElement":[{"@type":"ListItem","position":1,"name":"Wall art and paintings on canvas","item":"https:\/\/svetslik.si\/en\/"},{"@type":"ListItem","position":2,"name":"Sale of paintings","item":"https:\/\/svetslik.si\/prodaja-slik\/"},{"@type":"ListItem","position":3,"name":"Edward Hopper &#8211; Nighthawks"}]},{"@type":"WebSite","@id":"https:\/\/svetslik.si\/en\/#website","url":"https:\/\/svetslik.si\/en\/","name":"SVETSLIK.SI","description":"100% ru\u010dno naslikane reprodukcije slika poznatih slikara in umjetni\u010dke zidne slike na platnu.","publisher":{"@id":"https:\/\/svetslik.si\/en\/#organization"},"potentialAction":[{"@type":"SearchAction","target":{"@type":"EntryPoint","urlTemplate":"https:\/\/svetslik.si\/en\/?s={search_term_string}"},"query-input":{"@type":"PropertyValueSpecification","valueRequired":true,"valueName":"search_term_string"}}],"inLanguage":"en-US"},{"@type":"Organization","@id":"https:\/\/svetslik.si\/en\/#organization","name":"SvetSlik.si","url":"https:\/\/svetslik.si\/en\/","logo":{"@type":"ImageObject","inLanguage":"en-US","@id":"https:\/\/svetslik.si\/en\/#\/schema\/logo\/image\/","url":"https:\/\/svetslik.si\/wp-content\/uploads\/2020\/12\/logo-512.png","contentUrl":"https:\/\/svetslik.si\/wp-content\/uploads\/2020\/12\/logo-512.png","width":512,"height":512,"caption":"SvetSlik.si"},"image":{"@id":"https:\/\/svetslik.si\/en\/#\/schema\/logo\/image\/"},"sameAs":["https:\/\/www.facebook.com\/svetslik.si","https:\/\/x.com\/svetslik","https:\/\/www.instagram.com\/svetslik.si\/","https:\/\/www.linkedin.com\/company\/svetslik-si"]}]},"og_availability":"backorder","product_availability":"available for order","product_retailer_item_id":"1099__","product_condition":"new"},"jetpack_sharing_enabled":true,"_links":{"self":[{"href":"https:\/\/svetslik.si\/en\/wp-json\/wp\/v2\/product\/87959","targetHints":{"allow":["GET"]}}],"collection":[{"href":"https:\/\/svetslik.si\/en\/wp-json\/wp\/v2\/product"}],"about":[{"href":"https:\/\/svetslik.si\/en\/wp-json\/wp\/v2\/types\/product"}],"wp:featuredmedia":[{"embeddable":true,"href":"https:\/\/svetslik.si\/en\/wp-json\/wp\/v2\/media\/78982"}],"wp:attachment":[{"href":"https:\/\/svetslik.si\/en\/wp-json\/wp\/v2\/media?parent=87959"}],"wp:term":[{"taxonomy":"product_brand","embeddable":true,"href":"https:\/\/svetslik.si\/en\/wp-json\/wp\/v2\/product_brand?post=87959"},{"taxonomy":"product_cat","embeddable":true,"href":"https:\/\/svetslik.si\/en\/wp-json\/wp\/v2\/product_cat?post=87959"},{"taxonomy":"product_tag","embeddable":true,"href":"https:\/\/svetslik.si\/en\/wp-json\/wp\/v2\/product_tag?post=87959"}],"curies":[{"name":"wp","href":"https:\/\/api.w.org\/{rel}","templated":true}]}}