{"id":88103,"date":"2021-09-20T15:12:25","date_gmt":"2021-09-20T13:12:25","guid":{"rendered":"https:\/\/svetslik.si\/uncategorized\/christ-2\/"},"modified":"2026-03-22T17:56:40","modified_gmt":"2026-03-22T16:56:40","slug":"christ-2","status":"publish","type":"product","link":"https:\/\/svetslik.si\/en\/fernando-botero-en\/christ-2\/","title":{"rendered":"Fernando Botero &#8211; Christ"},"content":{"rendered":"<div class=\"wpb-content-wrapper\">[vc_row css=&#8221;.vc_custom_1755602429576{margin-bottom: 5px !important;}&#8221;][vc_column]\t<div class=\"et-image-716 et-image     et_image_link\">\n\t\t<div class=\"et-image-inner \">\n\t\t\t\t\t\t\t<div class=\"et-image-thumb \">\n\t\t\t\t\t<img decoding=\"async\" width=\"1500\" height=\"1955\" src=\"https:\/\/svetslik.si\/wp-content\/uploads\/2021\/09\/Fernando-Botero-\u2013-Christ-slika-na-platnu-6.jpg\" class=\"attachment-full\" alt=\"Fernando Botero - Christ\" title=\"Fernando Botero - Christ\" srcset=\"https:\/\/svetslik.si\/wp-content\/uploads\/2021\/09\/Fernando-Botero-\u2013-Christ-slika-na-platnu-6.jpg 1500w, https:\/\/svetslik.si\/wp-content\/uploads\/2021\/09\/Fernando-Botero-\u2013-Christ-slika-na-platnu-6-600x782.jpg 600w, https:\/\/svetslik.si\/wp-content\/uploads\/2021\/09\/Fernando-Botero-\u2013-Christ-slika-na-platnu-6-1200x1564.jpg 1200w, https:\/\/svetslik.si\/wp-content\/uploads\/2021\/09\/Fernando-Botero-\u2013-Christ-slika-na-platnu-6-230x300.jpg 230w, https:\/\/svetslik.si\/wp-content\/uploads\/2021\/09\/Fernando-Botero-\u2013-Christ-slika-na-platnu-6-786x1024.jpg 786w, https:\/\/svetslik.si\/wp-content\/uploads\/2021\/09\/Fernando-Botero-\u2013-Christ-slika-na-platnu-6-768x1001.jpg 768w, https:\/\/svetslik.si\/wp-content\/uploads\/2021\/09\/Fernando-Botero-\u2013-Christ-slika-na-platnu-6-1179x1536.jpg 1179w, https:\/\/svetslik.si\/wp-content\/uploads\/2021\/09\/Fernando-Botero-\u2013-Christ-slika-na-platnu-6-115x150.jpg 115w\" sizes=\"(max-width: 1500px) 100vw, 1500px\" \/>\t\t\t\t<\/div>\n\t\t\t\t\t\t\t\t\t\t\t<\/div>\n\t<\/div>\n  [\/vc_column][\/vc_row][vc_row css=&#8221;.vc_custom_1755602429576{margin-bottom: 5px !important;}&#8221;][vc_column]\t<div class=\"et-image-531 et-image     et_image_link\">\n\t\t<div class=\"et-image-inner \">\n\t\t\t\t\t\t\t<div class=\"et-image-thumb \">\n\t\t\t\t\t<img decoding=\"async\" width=\"1500\" height=\"1940\" src=\"https:\/\/svetslik.si\/wp-content\/uploads\/2021\/09\/Fernando-Botero-\u2013-Christ-slika-na-platnu-2.jpg\" class=\"attachment-full\" alt=\"Fernando Botero - Christ\" title=\"Fernando Botero - Christ\" srcset=\"https:\/\/svetslik.si\/wp-content\/uploads\/2021\/09\/Fernando-Botero-\u2013-Christ-slika-na-platnu-2.jpg 1500w, https:\/\/svetslik.si\/wp-content\/uploads\/2021\/09\/Fernando-Botero-\u2013-Christ-slika-na-platnu-2-600x776.jpg 600w, https:\/\/svetslik.si\/wp-content\/uploads\/2021\/09\/Fernando-Botero-\u2013-Christ-slika-na-platnu-2-1200x1552.jpg 1200w, https:\/\/svetslik.si\/wp-content\/uploads\/2021\/09\/Fernando-Botero-\u2013-Christ-slika-na-platnu-2-232x300.jpg 232w, https:\/\/svetslik.si\/wp-content\/uploads\/2021\/09\/Fernando-Botero-\u2013-Christ-slika-na-platnu-2-792x1024.jpg 792w, https:\/\/svetslik.si\/wp-content\/uploads\/2021\/09\/Fernando-Botero-\u2013-Christ-slika-na-platnu-2-768x993.jpg 768w, https:\/\/svetslik.si\/wp-content\/uploads\/2021\/09\/Fernando-Botero-\u2013-Christ-slika-na-platnu-2-1188x1536.jpg 1188w, https:\/\/svetslik.si\/wp-content\/uploads\/2021\/09\/Fernando-Botero-\u2013-Christ-slika-na-platnu-2-116x150.jpg 116w\" sizes=\"(max-width: 1500px) 100vw, 1500px\" \/>\t\t\t\t<\/div>\n\t\t\t\t\t\t\t\t\t\t\t<\/div>\n\t<\/div>\n  [\/vc_column][\/vc_row][vc_row css=&#8221;.vc_custom_1755602429576{margin-bottom: 5px !important;}&#8221;][vc_column]\t<div class=\"et-image-803 et-image     et_image_link\">\n\t\t<div class=\"et-image-inner \">\n\t\t\t\t\t\t\t<div class=\"et-image-thumb \">\n\t\t\t\t\t<img decoding=\"async\" width=\"1500\" height=\"1838\" src=\"https:\/\/svetslik.si\/wp-content\/uploads\/2021\/09\/Fernando-Botero-\u2013-Christ-slika-na-platnu-3.jpg\" class=\"attachment-full\" alt=\"Fernando Botero - Christ\" title=\"Fernando Botero - Christ\" srcset=\"https:\/\/svetslik.si\/wp-content\/uploads\/2021\/09\/Fernando-Botero-\u2013-Christ-slika-na-platnu-3.jpg 1500w, https:\/\/svetslik.si\/wp-content\/uploads\/2021\/09\/Fernando-Botero-\u2013-Christ-slika-na-platnu-3-600x735.jpg 600w, https:\/\/svetslik.si\/wp-content\/uploads\/2021\/09\/Fernando-Botero-\u2013-Christ-slika-na-platnu-3-1200x1470.jpg 1200w, https:\/\/svetslik.si\/wp-content\/uploads\/2021\/09\/Fernando-Botero-\u2013-Christ-slika-na-platnu-3-245x300.jpg 245w, https:\/\/svetslik.si\/wp-content\/uploads\/2021\/09\/Fernando-Botero-\u2013-Christ-slika-na-platnu-3-836x1024.jpg 836w, https:\/\/svetslik.si\/wp-content\/uploads\/2021\/09\/Fernando-Botero-\u2013-Christ-slika-na-platnu-3-768x941.jpg 768w, https:\/\/svetslik.si\/wp-content\/uploads\/2021\/09\/Fernando-Botero-\u2013-Christ-slika-na-platnu-3-1254x1536.jpg 1254w, https:\/\/svetslik.si\/wp-content\/uploads\/2021\/09\/Fernando-Botero-\u2013-Christ-slika-na-platnu-3-122x150.jpg 122w\" sizes=\"(max-width: 1500px) 100vw, 1500px\" \/>\t\t\t\t<\/div>\n\t\t\t\t\t\t\t\t\t\t\t<\/div>\n\t<\/div>\n  [\/vc_column][\/vc_row][vc_row css=&#8221;.vc_custom_1755602429576{margin-bottom: 5px !important;}&#8221;][vc_column]\t<div class=\"et-image-629 et-image     et_image_link\">\n\t\t<div class=\"et-image-inner \">\n\t\t\t\t\t\t\t<div class=\"et-image-thumb \">\n\t\t\t\t\t<img decoding=\"async\" width=\"1500\" height=\"1125\" src=\"https:\/\/svetslik.si\/wp-content\/uploads\/2021\/09\/Fernando-Botero-\u2013-Christ-slika-na-platnu.jpg\" class=\"attachment-full\" alt=\"Fernando Botero - Christ\" title=\"Fernando Botero - Christ\" srcset=\"https:\/\/svetslik.si\/wp-content\/uploads\/2021\/09\/Fernando-Botero-\u2013-Christ-slika-na-platnu.jpg 1500w, https:\/\/svetslik.si\/wp-content\/uploads\/2021\/09\/Fernando-Botero-\u2013-Christ-slika-na-platnu-600x450.jpg 600w, https:\/\/svetslik.si\/wp-content\/uploads\/2021\/09\/Fernando-Botero-\u2013-Christ-slika-na-platnu-1200x900.jpg 1200w, https:\/\/svetslik.si\/wp-content\/uploads\/2021\/09\/Fernando-Botero-\u2013-Christ-slika-na-platnu-300x225.jpg 300w, https:\/\/svetslik.si\/wp-content\/uploads\/2021\/09\/Fernando-Botero-\u2013-Christ-slika-na-platnu-1024x768.jpg 1024w, https:\/\/svetslik.si\/wp-content\/uploads\/2021\/09\/Fernando-Botero-\u2013-Christ-slika-na-platnu-768x576.jpg 768w, https:\/\/svetslik.si\/wp-content\/uploads\/2021\/09\/Fernando-Botero-\u2013-Christ-slika-na-platnu-150x113.jpg 150w\" sizes=\"(max-width: 1500px) 100vw, 1500px\" \/>\t\t\t\t<\/div>\n\t\t\t\t\t\t\t\t\t\t\t<\/div>\n\t<\/div>\n  [\/vc_column][\/vc_row][vc_row css=&#8221;.vc_custom_1755602429576{margin-bottom: 5px !important;}&#8221;][vc_column]\t<div class=\"et-image-627 et-image     et_image_link\">\n\t\t<div class=\"et-image-inner \">\n\t\t\t\t\t\t\t<div class=\"et-image-thumb \">\n\t\t\t\t\t<img decoding=\"async\" width=\"1500\" height=\"1125\" src=\"https:\/\/svetslik.si\/wp-content\/uploads\/2021\/09\/Fernando-Botero-\u2013-Christ-slika-na-platnu-5.jpg\" class=\"attachment-full\" alt=\"Fernando Botero - Christ\" title=\"Fernando Botero - Christ\" srcset=\"https:\/\/svetslik.si\/wp-content\/uploads\/2021\/09\/Fernando-Botero-\u2013-Christ-slika-na-platnu-5.jpg 1500w, https:\/\/svetslik.si\/wp-content\/uploads\/2021\/09\/Fernando-Botero-\u2013-Christ-slika-na-platnu-5-600x450.jpg 600w, https:\/\/svetslik.si\/wp-content\/uploads\/2021\/09\/Fernando-Botero-\u2013-Christ-slika-na-platnu-5-1200x900.jpg 1200w, https:\/\/svetslik.si\/wp-content\/uploads\/2021\/09\/Fernando-Botero-\u2013-Christ-slika-na-platnu-5-300x225.jpg 300w, https:\/\/svetslik.si\/wp-content\/uploads\/2021\/09\/Fernando-Botero-\u2013-Christ-slika-na-platnu-5-1024x768.jpg 1024w, https:\/\/svetslik.si\/wp-content\/uploads\/2021\/09\/Fernando-Botero-\u2013-Christ-slika-na-platnu-5-768x576.jpg 768w, https:\/\/svetslik.si\/wp-content\/uploads\/2021\/09\/Fernando-Botero-\u2013-Christ-slika-na-platnu-5-150x113.jpg 150w\" sizes=\"(max-width: 1500px) 100vw, 1500px\" \/>\t\t\t\t<\/div>\n\t\t\t\t\t\t\t\t\t\t\t<\/div>\n\t<\/div>\n  [\/vc_column][\/vc_row][vc_row][vc_column][vc_column_text]\n<h1>Fernando Botero &#8211; Christ<\/h1>\n<\/div>","protected":false},"excerpt":{"rendered":"<p>[vc_row css=&#8221;.vc_custom_1755602429576{margin-bottom: 5px !important;}&#8221;][vc_column][\/vc_column][\/vc_row][vc_row css=&#8221;.vc_custom_1755602429576{margin-bottom: 5px !important;}&#8221;][vc_column][\/vc_column][\/vc_row][vc_row css=&#8221;.vc_custom_1755602429576{margin-bottom: 5px !important;}&#8221;][vc_column][\/vc_column][\/vc_row][vc_row css=&#8221;.vc_custom_1755602429576{margin-bottom: 5px !important;}&#8221;][vc_column][\/vc_column][\/vc_row][vc_row css=&#8221;.vc_custom_1755602429576{margin-bottom: 5px !important;}&#8221;][vc_column][\/vc_column][\/vc_row][vc_row][vc_column][vc_column_text] Fernando Botero &#8211; Christ<\/p>\n","protected":false},"featured_media":78563,"template":"","meta":{"_acf_changed":false},"product_brand":[],"product_cat":[9793],"product_tag":[9827,9870,9862,9863],"class_list":{"0":"post-88103","1":"product","2":"type-product","3":"status-publish","4":"has-post-thumbnail","6":"product_cat-fernando-botero-en","7":"product_tag-botero-en","8":"product_tag-painter","9":"product_tag-reproduction-en","10":"product_tag-reproductions","11":"pa_dimenzija-110-x-150-cm-en","12":"pa_dimenzija-130-x-170-cm-en","13":"pa_dimenzija-160-x-210-cm-en","14":"pa_dimenzija-192-x-255-cm-en","15":"pa_dimenzija-40-x-50-cm-en","16":"pa_dimenzija-50-x-65-cm-en","17":"pa_dimenzija-70-x-90-cm-en","18":"pa_dimenzija-90-x-120-cm-en","19":"pa_oblika-vertical","20":"pa_okvir-without-frame","21":"pa_podokvir-without","22":"pa_podokvir-yes","24":"first","25":"onbackorder","26":"purchasable","27":"product-type-variable","28":"has-default-attributes"},"acf":[],"yoast_head":"<!-- This site is optimized with the Yoast SEO Premium plugin v26.0 (Yoast SEO v27.2) - https:\/\/yoast.com\/product\/yoast-seo-premium-wordpress\/ -->\n<title>Fernando Botero - Christ - SVETSLIK.SI - 100% hand painted<\/title>\n<meta name=\"description\" content=\"Fernando Botero - Christ - 100% hand-painted reproduction of famous paintings by famous artists. Wall art, abstract paintings and custom painted paintings by order.\" \/>\n<meta name=\"robots\" content=\"index, follow, max-snippet:-1, max-image-preview:large, max-video-preview:-1\" \/>\n<link rel=\"canonical\" href=\"https:\/\/svetslik.si\/en\/fernando-botero-en\/christ-2\/\" \/>\n<meta property=\"og:locale\" content=\"en_US\" \/>\n<meta property=\"og:type\" content=\"article\" \/>\n<meta property=\"og:title\" content=\"Fernando Botero - Christ\" \/>\n<meta property=\"og:description\" content=\"100% ro\u010dno naslikane slike na platnu, reprodukcije znanih slikarjev in umetni\u0161ke slike po naro\u010dilu.\" \/>\n<meta property=\"og:url\" content=\"https:\/\/svetslik.si\/en\/fernando-botero-en\/christ-2\/\" \/>\n<meta property=\"og:site_name\" content=\"SVETSLIK.SI\" \/>\n<meta property=\"article:publisher\" content=\"https:\/\/www.facebook.com\/svetslik.si\" \/>\n<meta property=\"article:modified_time\" content=\"2026-03-22T16:56:40+00:00\" \/>\n<meta property=\"og:image\" content=\"https:\/\/svetslik.si\/wp-content\/uploads\/2021\/08\/image_Christ-1_680.jpg\" \/>\n\t<meta property=\"og:image:width\" content=\"675\" \/>\n\t<meta property=\"og:image:height\" content=\"900\" \/>\n\t<meta property=\"og:image:type\" content=\"image\/jpeg\" \/>\n<meta name=\"twitter:card\" content=\"summary_large_image\" \/>\n<meta name=\"twitter:site\" content=\"@svetslik\" \/>\n<meta name=\"twitter:label1\" content=\"Availability\" \/>\n\t<meta name=\"twitter:data1\" content=\"On backorder\" \/>\n<script type=\"application\/ld+json\" class=\"yoast-schema-graph\">{\"@context\":\"https:\/\/schema.org\",\"@graph\":[{\"@type\":[\"WebPage\",\"ItemPage\"],\"@id\":\"https:\/\/svetslik.si\/en\/fernando-botero-en\/christ-2\/\",\"url\":\"https:\/\/svetslik.si\/en\/fernando-botero-en\/christ-2\/\",\"name\":\"Fernando Botero - Christ - SVETSLIK.SI - 100% hand painted\",\"isPartOf\":{\"@id\":\"https:\/\/svetslik.si\/en\/#website\"},\"primaryImageOfPage\":{\"@id\":\"https:\/\/svetslik.si\/en\/fernando-botero-en\/christ-2\/#primaryimage\"},\"image\":{\"@id\":\"https:\/\/svetslik.si\/en\/fernando-botero-en\/christ-2\/#primaryimage\"},\"thumbnailUrl\":\"https:\/\/svetslik.si\/wp-content\/uploads\/2021\/08\/image_Christ-1_680.jpg\",\"datePublished\":\"2021-09-20T13:12:25+00:00\",\"dateModified\":\"2026-03-22T16:56:40+00:00\",\"description\":\"Fernando Botero - Christ - 100% hand-painted reproduction of famous paintings by famous artists. Wall art, abstract paintings and custom painted paintings by order.\",\"breadcrumb\":{\"@id\":\"https:\/\/svetslik.si\/en\/fernando-botero-en\/christ-2\/#breadcrumb\"},\"inLanguage\":\"en-US\",\"potentialAction\":[{\"@type\":\"ReadAction\",\"target\":[\"https:\/\/svetslik.si\/en\/fernando-botero-en\/christ-2\/\"]}]},{\"@type\":\"ImageObject\",\"inLanguage\":\"en-US\",\"@id\":\"https:\/\/svetslik.si\/en\/fernando-botero-en\/christ-2\/#primaryimage\",\"url\":\"https:\/\/svetslik.si\/wp-content\/uploads\/2021\/08\/image_Christ-1_680.jpg\",\"contentUrl\":\"https:\/\/svetslik.si\/wp-content\/uploads\/2021\/08\/image_Christ-1_680.jpg\",\"width\":675,\"height\":900,\"caption\":\"Fernando Botero - Christ - reproduction of famous painting by famous artist, hand painted painting on canvas - oil painting\"},{\"@type\":\"BreadcrumbList\",\"@id\":\"https:\/\/svetslik.si\/en\/fernando-botero-en\/christ-2\/#breadcrumb\",\"itemListElement\":[{\"@type\":\"ListItem\",\"position\":1,\"name\":\"Wall art and paintings on canvas\",\"item\":\"https:\/\/svetslik.si\/en\/\"},{\"@type\":\"ListItem\",\"position\":2,\"name\":\"Sale of paintings\",\"item\":\"https:\/\/svetslik.si\/prodaja-slik\/\"},{\"@type\":\"ListItem\",\"position\":3,\"name\":\"Fernando Botero &#8211; Christ\"}]},{\"@type\":\"WebSite\",\"@id\":\"https:\/\/svetslik.si\/en\/#website\",\"url\":\"https:\/\/svetslik.si\/en\/\",\"name\":\"SVETSLIK.SI\",\"description\":\"100% ru\u010dno naslikane reprodukcije slika poznatih slikara in umjetni\u010dke zidne slike na platnu.\",\"publisher\":{\"@id\":\"https:\/\/svetslik.si\/en\/#organization\"},\"potentialAction\":[{\"@type\":\"SearchAction\",\"target\":{\"@type\":\"EntryPoint\",\"urlTemplate\":\"https:\/\/svetslik.si\/en\/?s={search_term_string}\"},\"query-input\":{\"@type\":\"PropertyValueSpecification\",\"valueRequired\":true,\"valueName\":\"search_term_string\"}}],\"inLanguage\":\"en-US\"},{\"@type\":\"Organization\",\"@id\":\"https:\/\/svetslik.si\/en\/#organization\",\"name\":\"SvetSlik.si\",\"url\":\"https:\/\/svetslik.si\/en\/\",\"logo\":{\"@type\":\"ImageObject\",\"inLanguage\":\"en-US\",\"@id\":\"https:\/\/svetslik.si\/en\/#\/schema\/logo\/image\/\",\"url\":\"https:\/\/svetslik.si\/wp-content\/uploads\/2020\/12\/logo-512.png\",\"contentUrl\":\"https:\/\/svetslik.si\/wp-content\/uploads\/2020\/12\/logo-512.png\",\"width\":512,\"height\":512,\"caption\":\"SvetSlik.si\"},\"image\":{\"@id\":\"https:\/\/svetslik.si\/en\/#\/schema\/logo\/image\/\"},\"sameAs\":[\"https:\/\/www.facebook.com\/svetslik.si\",\"https:\/\/x.com\/svetslik\",\"https:\/\/www.instagram.com\/svetslik.si\/\",\"https:\/\/www.linkedin.com\/company\/svetslik-si\"]}]}<\/script>\n<meta property=\"og:availability\" content=\"backorder\" \/>\n<meta property=\"product:availability\" content=\"available for order\" \/>\n<meta property=\"product:retailer_item_id\" content=\"616__\" \/>\n<meta property=\"product:condition\" content=\"new\" \/>\n<!-- \/ Yoast SEO Premium plugin. -->","yoast_head_json":{"title":"Fernando Botero - Christ - SVETSLIK.SI - 100% hand painted","description":"Fernando Botero - Christ - 100% hand-painted reproduction of famous paintings by famous artists. Wall art, abstract paintings and custom painted paintings by order.","robots":{"index":"index","follow":"follow","max-snippet":"max-snippet:-1","max-image-preview":"max-image-preview:large","max-video-preview":"max-video-preview:-1"},"canonical":"https:\/\/svetslik.si\/en\/fernando-botero-en\/christ-2\/","og_locale":"en_US","og_type":"article","og_title":"Fernando Botero - Christ","og_description":"100% ro\u010dno naslikane slike na platnu, reprodukcije znanih slikarjev in umetni\u0161ke slike po naro\u010dilu.","og_url":"https:\/\/svetslik.si\/en\/fernando-botero-en\/christ-2\/","og_site_name":"SVETSLIK.SI","article_publisher":"https:\/\/www.facebook.com\/svetslik.si","article_modified_time":"2026-03-22T16:56:40+00:00","og_image":[{"width":675,"height":900,"url":"https:\/\/svetslik.si\/wp-content\/uploads\/2021\/08\/image_Christ-1_680.jpg","type":"image\/jpeg"}],"twitter_card":"summary_large_image","twitter_site":"@svetslik","twitter_misc":{"Availability":"On backorder"},"schema":{"@context":"https:\/\/schema.org","@graph":[{"@type":["WebPage","ItemPage"],"@id":"https:\/\/svetslik.si\/en\/fernando-botero-en\/christ-2\/","url":"https:\/\/svetslik.si\/en\/fernando-botero-en\/christ-2\/","name":"Fernando Botero - Christ - SVETSLIK.SI - 100% hand painted","isPartOf":{"@id":"https:\/\/svetslik.si\/en\/#website"},"primaryImageOfPage":{"@id":"https:\/\/svetslik.si\/en\/fernando-botero-en\/christ-2\/#primaryimage"},"image":{"@id":"https:\/\/svetslik.si\/en\/fernando-botero-en\/christ-2\/#primaryimage"},"thumbnailUrl":"https:\/\/svetslik.si\/wp-content\/uploads\/2021\/08\/image_Christ-1_680.jpg","datePublished":"2021-09-20T13:12:25+00:00","dateModified":"2026-03-22T16:56:40+00:00","description":"Fernando Botero - Christ - 100% hand-painted reproduction of famous paintings by famous artists. Wall art, abstract paintings and custom painted paintings by order.","breadcrumb":{"@id":"https:\/\/svetslik.si\/en\/fernando-botero-en\/christ-2\/#breadcrumb"},"inLanguage":"en-US","potentialAction":[{"@type":"ReadAction","target":["https:\/\/svetslik.si\/en\/fernando-botero-en\/christ-2\/"]}]},{"@type":"ImageObject","inLanguage":"en-US","@id":"https:\/\/svetslik.si\/en\/fernando-botero-en\/christ-2\/#primaryimage","url":"https:\/\/svetslik.si\/wp-content\/uploads\/2021\/08\/image_Christ-1_680.jpg","contentUrl":"https:\/\/svetslik.si\/wp-content\/uploads\/2021\/08\/image_Christ-1_680.jpg","width":675,"height":900,"caption":"Fernando Botero - Christ - reproduction of famous painting by famous artist, hand painted painting on canvas - oil painting"},{"@type":"BreadcrumbList","@id":"https:\/\/svetslik.si\/en\/fernando-botero-en\/christ-2\/#breadcrumb","itemListElement":[{"@type":"ListItem","position":1,"name":"Wall art and paintings on canvas","item":"https:\/\/svetslik.si\/en\/"},{"@type":"ListItem","position":2,"name":"Sale of paintings","item":"https:\/\/svetslik.si\/prodaja-slik\/"},{"@type":"ListItem","position":3,"name":"Fernando Botero &#8211; Christ"}]},{"@type":"WebSite","@id":"https:\/\/svetslik.si\/en\/#website","url":"https:\/\/svetslik.si\/en\/","name":"SVETSLIK.SI","description":"100% ru\u010dno naslikane reprodukcije slika poznatih slikara in umjetni\u010dke zidne slike na platnu.","publisher":{"@id":"https:\/\/svetslik.si\/en\/#organization"},"potentialAction":[{"@type":"SearchAction","target":{"@type":"EntryPoint","urlTemplate":"https:\/\/svetslik.si\/en\/?s={search_term_string}"},"query-input":{"@type":"PropertyValueSpecification","valueRequired":true,"valueName":"search_term_string"}}],"inLanguage":"en-US"},{"@type":"Organization","@id":"https:\/\/svetslik.si\/en\/#organization","name":"SvetSlik.si","url":"https:\/\/svetslik.si\/en\/","logo":{"@type":"ImageObject","inLanguage":"en-US","@id":"https:\/\/svetslik.si\/en\/#\/schema\/logo\/image\/","url":"https:\/\/svetslik.si\/wp-content\/uploads\/2020\/12\/logo-512.png","contentUrl":"https:\/\/svetslik.si\/wp-content\/uploads\/2020\/12\/logo-512.png","width":512,"height":512,"caption":"SvetSlik.si"},"image":{"@id":"https:\/\/svetslik.si\/en\/#\/schema\/logo\/image\/"},"sameAs":["https:\/\/www.facebook.com\/svetslik.si","https:\/\/x.com\/svetslik","https:\/\/www.instagram.com\/svetslik.si\/","https:\/\/www.linkedin.com\/company\/svetslik-si"]}]},"og_availability":"backorder","product_availability":"available for order","product_retailer_item_id":"616__","product_condition":"new"},"jetpack_sharing_enabled":true,"_links":{"self":[{"href":"https:\/\/svetslik.si\/en\/wp-json\/wp\/v2\/product\/88103","targetHints":{"allow":["GET"]}}],"collection":[{"href":"https:\/\/svetslik.si\/en\/wp-json\/wp\/v2\/product"}],"about":[{"href":"https:\/\/svetslik.si\/en\/wp-json\/wp\/v2\/types\/product"}],"wp:featuredmedia":[{"embeddable":true,"href":"https:\/\/svetslik.si\/en\/wp-json\/wp\/v2\/media\/78563"}],"wp:attachment":[{"href":"https:\/\/svetslik.si\/en\/wp-json\/wp\/v2\/media?parent=88103"}],"wp:term":[{"taxonomy":"product_brand","embeddable":true,"href":"https:\/\/svetslik.si\/en\/wp-json\/wp\/v2\/product_brand?post=88103"},{"taxonomy":"product_cat","embeddable":true,"href":"https:\/\/svetslik.si\/en\/wp-json\/wp\/v2\/product_cat?post=88103"},{"taxonomy":"product_tag","embeddable":true,"href":"https:\/\/svetslik.si\/en\/wp-json\/wp\/v2\/product_tag?post=88103"}],"curies":[{"name":"wp","href":"https:\/\/api.w.org\/{rel}","templated":true}]}}