{"id":88223,"date":"2021-12-26T11:58:36","date_gmt":"2021-12-26T10:58:36","guid":{"rendered":"https:\/\/svetslik.si\/uncategorized\/judith-ii-salome\/"},"modified":"2026-03-22T17:58:11","modified_gmt":"2026-03-22T16:58:11","slug":"judith-ii-salome","status":"publish","type":"product","link":"https:\/\/svetslik.si\/en\/gustav-klimt-en\/judith-ii-salome\/","title":{"rendered":"Gustav Klimt &#8211; Judith II Salom\u00e8"},"content":{"rendered":"<div class=\"wpb-content-wrapper\">[vc_row][vc_column][vc_column_text]\n<h1>Gustav Klimt &#8211; Judith II Salom\u00e8<\/h1>\n<p>&#8220;Judith II (Salome)&#8221;, painted in 1909 by the Austrian artist Gustav Klimt, is considered one of the artist&#8217;s most controversial and provocative works. The painting depicts the biblical figure of Judith at the beheading of Holofernes, a scene that is also associated in Christian and Jewish tradition with Solomon, Herodias&#8217; daughter.<\/p>\n<p>The painting is an excellent example of Klimt&#8217;s Art Nouveau style, which was characterized by the use of ornate patterns, bold colors and sensual subject matter. Judith is depicted in a highly stylized manner, with elongated limbs and simplified facial features, which gives the picture an otherworldly and dreamlike quality.<\/p>\n<p>One of the most striking features of &#8220;Judith II (Salome)&#8221; is the use of bold colors and intricate patterns. The painting is a riot of color, with Judith, Holofernes, and a background made up of swirling, interlocking patterns. The use of color and pattern creates a sense of movement and fluidity, which is appropriate given the image&#8217;s theme of violence and death.<\/p>\n<p>The symbolism of the painting is also rich. Judith is often seen as a symbol of courage, strength and liberation, while Holofernes is seen as a symbol of tyranny and oppression. The act of beheading in the painting could represent the triumph of good over evil and the victory of the oppressed over the oppressor.<\/p>\n<p>The picture was not well received by critics when it was first exhibited, and because of its erotic and violent nature, it was considered too controversial. He was also heavily criticized for portraying a biblical figure in such a sensual and provocative manner. Despite the controversy, the painting has since become one of Klimt&#8217;s most recognizable and celebrated works. It is currently housed in the \u00d6sterreichische Galerie Belvedere in Vienna, Austria.<\/p>\n<p>In short, &#8220;Judith II (Salome)&#8221; is a controversial and provocative painting that displays the ornate patterns, bold colors and sensual theme that are the hallmarks of Gustav Klimt&#8217;s art nouveau style. The use of color and pattern in the painting creates a sense of movement and fluidity, while the beheading scene symbolizes the triumph of good over evil and the victory of the oppressed over the oppressor. Despite the controversy, the painting has since become one of Klimt&#8217;s most recognizable and celebrated works and is currently housed in the \u00d6sterreichische Galerie Belvedere in Vienna, Austria.<\/p>\n[\/vc_column_text][\/vc_column][\/vc_row]\n<\/div>","protected":false},"excerpt":{"rendered":"<p>[vc_row][vc_column][vc_column_text] Gustav Klimt &#8211; Judith II Salom\u00e8 &#8220;Judith II (Salome)&#8221;, painted in 1909 by the Austrian artist Gustav Klimt, is considered one of the artist&#8217;s most controversial and provocative works. The painting depicts the biblical figure of Judith at the beheading of Holofernes, a scene that is also associated in [&hellip;]<\/p>\n","protected":false},"featured_media":78823,"template":"","meta":{"_acf_changed":false},"product_brand":[],"product_cat":[9808],"product_tag":[9837,9841,9870,9862,9863],"class_list":{"0":"post-88223","1":"product","2":"type-product","3":"status-publish","4":"has-post-thumbnail","6":"product_cat-gustav-klimt-en","7":"product_tag-gustav-klimt-en","8":"product_tag-klimt-en","9":"product_tag-painter","10":"product_tag-reproduction-en","11":"product_tag-reproductions","12":"pa_dimenzija-100-x-270-cm-en","13":"pa_dimenzija-30-x-80-cm-en","14":"pa_dimenzija-40-x-110-cm-en","15":"pa_dimenzija-50-x-140-cm-en","16":"pa_dimenzija-60-x-165-cm-en","17":"pa_dimenzija-66-x-181-cm-en","18":"pa_dimenzija-80-x-220-cm-en","19":"pa_dimenzija-90-x-250-cm-en","20":"pa_oblika-vertical","21":"pa_okvir-without-frame","22":"pa_podokvir-without","23":"pa_podokvir-yes","25":"first","26":"instock","27":"purchasable","28":"product-type-variable","29":"has-default-attributes"},"acf":[],"yoast_head":"<!-- This site is optimized with the Yoast SEO Premium plugin v26.0 (Yoast SEO v27.2) - https:\/\/yoast.com\/product\/yoast-seo-premium-wordpress\/ -->\n<title>Gustav Klimt - Judith II Salom\u00e8 - SVETSLIK.SI - 100% hand painted<\/title>\n<meta name=\"description\" content=\"Gustav Klimt - Judith II Salom\u00e8 - 100% hand-painted reproduction of famous paintings by famous artists. Wall art, abstract paintings and custom painted paintings by order.\" \/>\n<meta name=\"robots\" content=\"index, follow, max-snippet:-1, max-image-preview:large, max-video-preview:-1\" \/>\n<link rel=\"canonical\" href=\"https:\/\/svetslik.si\/en\/gustav-klimt-en\/judith-ii-salome\/\" \/>\n<meta property=\"og:locale\" content=\"en_US\" \/>\n<meta property=\"og:type\" content=\"article\" \/>\n<meta property=\"og:title\" content=\"Gustav Klimt - Judith II Salom\u00e8\" \/>\n<meta property=\"og:description\" content=\"100% ro\u010dno naslikane slike na platnu, reprodukcije znanih slikarjev in umetni\u0161ke slike po naro\u010dilu.\" \/>\n<meta property=\"og:url\" content=\"https:\/\/svetslik.si\/en\/gustav-klimt-en\/judith-ii-salome\/\" \/>\n<meta property=\"og:site_name\" content=\"SVETSLIK.SI\" \/>\n<meta property=\"article:publisher\" content=\"https:\/\/www.facebook.com\/svetslik.si\" \/>\n<meta property=\"article:modified_time\" content=\"2026-03-22T16:58:11+00:00\" \/>\n<meta property=\"og:image\" content=\"https:\/\/svetslik.si\/wp-content\/uploads\/2021\/08\/image_Judith-II-Salome_680-e1640515975286.jpg\" \/>\n\t<meta property=\"og:image:width\" content=\"297\" \/>\n\t<meta property=\"og:image:height\" content=\"1143\" \/>\n\t<meta property=\"og:image:type\" content=\"image\/jpeg\" \/>\n<meta name=\"twitter:card\" content=\"summary_large_image\" \/>\n<meta name=\"twitter:site\" content=\"@svetslik\" \/>\n<meta name=\"twitter:label1\" content=\"Availability\" \/>\n\t<meta name=\"twitter:data1\" content=\"In stock\" \/>\n<script type=\"application\/ld+json\" class=\"yoast-schema-graph\">{\"@context\":\"https:\/\/schema.org\",\"@graph\":[{\"@type\":[\"WebPage\",\"ItemPage\"],\"@id\":\"https:\/\/svetslik.si\/en\/gustav-klimt-en\/judith-ii-salome\/\",\"url\":\"https:\/\/svetslik.si\/en\/gustav-klimt-en\/judith-ii-salome\/\",\"name\":\"Gustav Klimt - Judith II Salom\u00e8 - SVETSLIK.SI - 100% hand painted\",\"isPartOf\":{\"@id\":\"https:\/\/svetslik.si\/en\/#website\"},\"primaryImageOfPage\":{\"@id\":\"https:\/\/svetslik.si\/en\/gustav-klimt-en\/judith-ii-salome\/#primaryimage\"},\"image\":{\"@id\":\"https:\/\/svetslik.si\/en\/gustav-klimt-en\/judith-ii-salome\/#primaryimage\"},\"thumbnailUrl\":\"https:\/\/svetslik.si\/wp-content\/uploads\/2021\/08\/image_Judith-II-Salome_680-e1640515975286.jpg\",\"datePublished\":\"2021-12-26T10:58:36+00:00\",\"dateModified\":\"2026-03-22T16:58:11+00:00\",\"description\":\"Gustav Klimt - Judith II Salom\u00e8 - 100% hand-painted reproduction of famous paintings by famous artists. Wall art, abstract paintings and custom painted paintings by order.\",\"breadcrumb\":{\"@id\":\"https:\/\/svetslik.si\/en\/gustav-klimt-en\/judith-ii-salome\/#breadcrumb\"},\"inLanguage\":\"en-US\",\"potentialAction\":[{\"@type\":\"ReadAction\",\"target\":[\"https:\/\/svetslik.si\/en\/gustav-klimt-en\/judith-ii-salome\/\"]}]},{\"@type\":\"ImageObject\",\"inLanguage\":\"en-US\",\"@id\":\"https:\/\/svetslik.si\/en\/gustav-klimt-en\/judith-ii-salome\/#primaryimage\",\"url\":\"https:\/\/svetslik.si\/wp-content\/uploads\/2021\/08\/image_Judith-II-Salome_680-e1640515975286.jpg\",\"contentUrl\":\"https:\/\/svetslik.si\/wp-content\/uploads\/2021\/08\/image_Judith-II-Salome_680-e1640515975286.jpg\",\"width\":297,\"height\":1143,\"caption\":\"Canvas Wall Art - Gustav Klimt - Judith II Salome - Hand-painted paintings, reproductions of famous paintings, oil on canvas, oil paintings, modern wall paintings, artistic paintings for the wall, ambient, abstract, decorative wall paintings.\"},{\"@type\":\"BreadcrumbList\",\"@id\":\"https:\/\/svetslik.si\/en\/gustav-klimt-en\/judith-ii-salome\/#breadcrumb\",\"itemListElement\":[{\"@type\":\"ListItem\",\"position\":1,\"name\":\"Wall art and paintings on canvas\",\"item\":\"https:\/\/svetslik.si\/en\/\"},{\"@type\":\"ListItem\",\"position\":2,\"name\":\"Sale of paintings\",\"item\":\"https:\/\/svetslik.si\/prodaja-slik\/\"},{\"@type\":\"ListItem\",\"position\":3,\"name\":\"Gustav Klimt &#8211; Judith II Salom\u00e8\"}]},{\"@type\":\"WebSite\",\"@id\":\"https:\/\/svetslik.si\/en\/#website\",\"url\":\"https:\/\/svetslik.si\/en\/\",\"name\":\"SVETSLIK.SI\",\"description\":\"100% ru\u010dno naslikane reprodukcije slika poznatih slikara in umjetni\u010dke zidne slike na platnu.\",\"publisher\":{\"@id\":\"https:\/\/svetslik.si\/en\/#organization\"},\"potentialAction\":[{\"@type\":\"SearchAction\",\"target\":{\"@type\":\"EntryPoint\",\"urlTemplate\":\"https:\/\/svetslik.si\/en\/?s={search_term_string}\"},\"query-input\":{\"@type\":\"PropertyValueSpecification\",\"valueRequired\":true,\"valueName\":\"search_term_string\"}}],\"inLanguage\":\"en-US\"},{\"@type\":\"Organization\",\"@id\":\"https:\/\/svetslik.si\/en\/#organization\",\"name\":\"SvetSlik.si\",\"url\":\"https:\/\/svetslik.si\/en\/\",\"logo\":{\"@type\":\"ImageObject\",\"inLanguage\":\"en-US\",\"@id\":\"https:\/\/svetslik.si\/en\/#\/schema\/logo\/image\/\",\"url\":\"https:\/\/svetslik.si\/wp-content\/uploads\/2020\/12\/logo-512.png\",\"contentUrl\":\"https:\/\/svetslik.si\/wp-content\/uploads\/2020\/12\/logo-512.png\",\"width\":512,\"height\":512,\"caption\":\"SvetSlik.si\"},\"image\":{\"@id\":\"https:\/\/svetslik.si\/en\/#\/schema\/logo\/image\/\"},\"sameAs\":[\"https:\/\/www.facebook.com\/svetslik.si\",\"https:\/\/x.com\/svetslik\",\"https:\/\/www.instagram.com\/svetslik.si\/\",\"https:\/\/www.linkedin.com\/company\/svetslik-si\"]}]}<\/script>\n<meta property=\"og:availability\" content=\"instock\" \/>\n<meta property=\"product:availability\" content=\"instock\" \/>\n<meta property=\"product:retailer_item_id\" content=\"558__-1\" \/>\n<meta property=\"product:condition\" content=\"new\" \/>\n<!-- \/ Yoast SEO Premium plugin. -->","yoast_head_json":{"title":"Gustav Klimt - Judith II Salom\u00e8 - SVETSLIK.SI - 100% hand painted","description":"Gustav Klimt - Judith II Salom\u00e8 - 100% hand-painted reproduction of famous paintings by famous artists. Wall art, abstract paintings and custom painted paintings by order.","robots":{"index":"index","follow":"follow","max-snippet":"max-snippet:-1","max-image-preview":"max-image-preview:large","max-video-preview":"max-video-preview:-1"},"canonical":"https:\/\/svetslik.si\/en\/gustav-klimt-en\/judith-ii-salome\/","og_locale":"en_US","og_type":"article","og_title":"Gustav Klimt - Judith II Salom\u00e8","og_description":"100% ro\u010dno naslikane slike na platnu, reprodukcije znanih slikarjev in umetni\u0161ke slike po naro\u010dilu.","og_url":"https:\/\/svetslik.si\/en\/gustav-klimt-en\/judith-ii-salome\/","og_site_name":"SVETSLIK.SI","article_publisher":"https:\/\/www.facebook.com\/svetslik.si","article_modified_time":"2026-03-22T16:58:11+00:00","og_image":[{"width":297,"height":1143,"url":"https:\/\/svetslik.si\/wp-content\/uploads\/2021\/08\/image_Judith-II-Salome_680-e1640515975286.jpg","type":"image\/jpeg"}],"twitter_card":"summary_large_image","twitter_site":"@svetslik","twitter_misc":{"Availability":"In stock"},"schema":{"@context":"https:\/\/schema.org","@graph":[{"@type":["WebPage","ItemPage"],"@id":"https:\/\/svetslik.si\/en\/gustav-klimt-en\/judith-ii-salome\/","url":"https:\/\/svetslik.si\/en\/gustav-klimt-en\/judith-ii-salome\/","name":"Gustav Klimt - Judith II Salom\u00e8 - SVETSLIK.SI - 100% hand painted","isPartOf":{"@id":"https:\/\/svetslik.si\/en\/#website"},"primaryImageOfPage":{"@id":"https:\/\/svetslik.si\/en\/gustav-klimt-en\/judith-ii-salome\/#primaryimage"},"image":{"@id":"https:\/\/svetslik.si\/en\/gustav-klimt-en\/judith-ii-salome\/#primaryimage"},"thumbnailUrl":"https:\/\/svetslik.si\/wp-content\/uploads\/2021\/08\/image_Judith-II-Salome_680-e1640515975286.jpg","datePublished":"2021-12-26T10:58:36+00:00","dateModified":"2026-03-22T16:58:11+00:00","description":"Gustav Klimt - Judith II Salom\u00e8 - 100% hand-painted reproduction of famous paintings by famous artists. Wall art, abstract paintings and custom painted paintings by order.","breadcrumb":{"@id":"https:\/\/svetslik.si\/en\/gustav-klimt-en\/judith-ii-salome\/#breadcrumb"},"inLanguage":"en-US","potentialAction":[{"@type":"ReadAction","target":["https:\/\/svetslik.si\/en\/gustav-klimt-en\/judith-ii-salome\/"]}]},{"@type":"ImageObject","inLanguage":"en-US","@id":"https:\/\/svetslik.si\/en\/gustav-klimt-en\/judith-ii-salome\/#primaryimage","url":"https:\/\/svetslik.si\/wp-content\/uploads\/2021\/08\/image_Judith-II-Salome_680-e1640515975286.jpg","contentUrl":"https:\/\/svetslik.si\/wp-content\/uploads\/2021\/08\/image_Judith-II-Salome_680-e1640515975286.jpg","width":297,"height":1143,"caption":"Canvas Wall Art - Gustav Klimt - Judith II Salome - Hand-painted paintings, reproductions of famous paintings, oil on canvas, oil paintings, modern wall paintings, artistic paintings for the wall, ambient, abstract, decorative wall paintings."},{"@type":"BreadcrumbList","@id":"https:\/\/svetslik.si\/en\/gustav-klimt-en\/judith-ii-salome\/#breadcrumb","itemListElement":[{"@type":"ListItem","position":1,"name":"Wall art and paintings on canvas","item":"https:\/\/svetslik.si\/en\/"},{"@type":"ListItem","position":2,"name":"Sale of paintings","item":"https:\/\/svetslik.si\/prodaja-slik\/"},{"@type":"ListItem","position":3,"name":"Gustav Klimt &#8211; Judith II Salom\u00e8"}]},{"@type":"WebSite","@id":"https:\/\/svetslik.si\/en\/#website","url":"https:\/\/svetslik.si\/en\/","name":"SVETSLIK.SI","description":"100% ru\u010dno naslikane reprodukcije slika poznatih slikara in umjetni\u010dke zidne slike na platnu.","publisher":{"@id":"https:\/\/svetslik.si\/en\/#organization"},"potentialAction":[{"@type":"SearchAction","target":{"@type":"EntryPoint","urlTemplate":"https:\/\/svetslik.si\/en\/?s={search_term_string}"},"query-input":{"@type":"PropertyValueSpecification","valueRequired":true,"valueName":"search_term_string"}}],"inLanguage":"en-US"},{"@type":"Organization","@id":"https:\/\/svetslik.si\/en\/#organization","name":"SvetSlik.si","url":"https:\/\/svetslik.si\/en\/","logo":{"@type":"ImageObject","inLanguage":"en-US","@id":"https:\/\/svetslik.si\/en\/#\/schema\/logo\/image\/","url":"https:\/\/svetslik.si\/wp-content\/uploads\/2020\/12\/logo-512.png","contentUrl":"https:\/\/svetslik.si\/wp-content\/uploads\/2020\/12\/logo-512.png","width":512,"height":512,"caption":"SvetSlik.si"},"image":{"@id":"https:\/\/svetslik.si\/en\/#\/schema\/logo\/image\/"},"sameAs":["https:\/\/www.facebook.com\/svetslik.si","https:\/\/x.com\/svetslik","https:\/\/www.instagram.com\/svetslik.si\/","https:\/\/www.linkedin.com\/company\/svetslik-si"]}]},"og_availability":"instock","product_availability":"instock","product_retailer_item_id":"558__-1","product_condition":"new"},"jetpack_sharing_enabled":true,"_links":{"self":[{"href":"https:\/\/svetslik.si\/en\/wp-json\/wp\/v2\/product\/88223","targetHints":{"allow":["GET"]}}],"collection":[{"href":"https:\/\/svetslik.si\/en\/wp-json\/wp\/v2\/product"}],"about":[{"href":"https:\/\/svetslik.si\/en\/wp-json\/wp\/v2\/types\/product"}],"wp:featuredmedia":[{"embeddable":true,"href":"https:\/\/svetslik.si\/en\/wp-json\/wp\/v2\/media\/78823"}],"wp:attachment":[{"href":"https:\/\/svetslik.si\/en\/wp-json\/wp\/v2\/media?parent=88223"}],"wp:term":[{"taxonomy":"product_brand","embeddable":true,"href":"https:\/\/svetslik.si\/en\/wp-json\/wp\/v2\/product_brand?post=88223"},{"taxonomy":"product_cat","embeddable":true,"href":"https:\/\/svetslik.si\/en\/wp-json\/wp\/v2\/product_cat?post=88223"},{"taxonomy":"product_tag","embeddable":true,"href":"https:\/\/svetslik.si\/en\/wp-json\/wp\/v2\/product_tag?post=88223"}],"curies":[{"name":"wp","href":"https:\/\/api.w.org\/{rel}","templated":true}]}}