{"id":88384,"date":"2022-08-23T12:09:25","date_gmt":"2022-08-23T10:09:25","guid":{"rendered":"https:\/\/svetslik.si\/uncategorized\/darilni-bon\/"},"modified":"2026-03-22T17:58:52","modified_gmt":"2026-03-22T16:58:52","slug":"voucher","status":"publish","type":"product","link":"https:\/\/svetslik.si\/en\/wall-art-voucher\/voucher\/","title":{"rendered":"Voucher"},"content":{"rendered":"<div class=\"wpb-content-wrapper\">[vc_row][vc_column][vc_column_text]\n<h3>GIFT VOUCHER and VALUE VOUCHER<\/h3>\n<p>We offer you the possibility of making TWO types of vouchers:<\/p>\n<p>&nbsp;<\/p>\n<h4>VOUCHER FOR THE PURCHASE OF AN ART PICTURE<\/h4>\n<p>If you want to leave the selection of the painting to the recipient, give a <strong>VOUCHER FOR PICTURE<\/strong>, which contains the <em><strong>desired amount<\/strong> <\/em>and a <strong><em>code with the value of the voucher<\/em><\/strong>.<\/p>\n<p>Order the voucher on this website. Select the value of the voucher and complete the order. If you want an additional dedication on the back page, write your dedication in the comments at the end of the order. You will receive the voucher in an envelope by post.<\/p>\n<p>The voucher will look like this:[\/vc_column_text][\/vc_column][\/vc_row][vc_row][vc_column]\t<div id=\"et-image-slider-914\" class=\"et-image-slider slick slick-slider slick-dotted slick-dots-centered centered   \" data-adaptive-height=\"false\" variable-width=\"true\" data-pagination=\"true\" data-navigation=\"true\" data-center=\"\" data-fade=\"\" data-columns=\"1\" data-infinite=\"false\" data-autoplay=\"true\" data-autoplay-speed=\"\" data-pause=\"true\">\n\t\t\n\t\t\t\t\t<div class=\"gallery-item\">\n\t\t\t\t\t\t\t\t\t\t\t\t\t<div class=\"et-image-inner\">\n\t\t\t\t\t\t\t\t<div class=\"et_image_slider-wrapper\"><img decoding=\"async\" width=\"1240\" height=\"585\" src=\"https:\/\/svetslik.si\/wp-content\/uploads\/2022\/08\/Vrednostni-bon2.jpg\" class=\"et_image_slider-img attachment-full\" alt=\"painting value vaucher\" title=\"painting value vaucher\" srcset=\"https:\/\/svetslik.si\/wp-content\/uploads\/2022\/08\/Vrednostni-bon2.jpg 1240w, https:\/\/svetslik.si\/wp-content\/uploads\/2022\/08\/Vrednostni-bon2-600x283.jpg 600w, https:\/\/svetslik.si\/wp-content\/uploads\/2022\/08\/Vrednostni-bon2-1200x566.jpg 1200w, https:\/\/svetslik.si\/wp-content\/uploads\/2022\/08\/Vrednostni-bon2-300x142.jpg 300w, https:\/\/svetslik.si\/wp-content\/uploads\/2022\/08\/Vrednostni-bon2-1024x483.jpg 1024w, https:\/\/svetslik.si\/wp-content\/uploads\/2022\/08\/Vrednostni-bon2-768x362.jpg 768w, https:\/\/svetslik.si\/wp-content\/uploads\/2022\/08\/Vrednostni-bon2-18x8.jpg 18w, https:\/\/svetslik.si\/wp-content\/uploads\/2022\/08\/Vrednostni-bon2-150x71.jpg 150w, https:\/\/svetslik.si\/wp-content\/uploads\/2022\/08\/Vrednostni-bon2-900x425.jpg 900w\" sizes=\"(max-width: 1240px) 100vw, 1240px\" \/><\/div>\t\t\t\t\t\t\t\t\t\t\t\t\t\t\t\t\t\t\t\t\t\t\t<\/div>\n\t\t\t\t\t\t\t\t\t\t\t<\/div>\n\t\t\t\t\n\t\t\t\t\n\t\t\t\t\t<div class=\"gallery-item\">\n\t\t\t\t\t\t\t\t\t\t\t\t\t<div class=\"et-image-inner\">\n\t\t\t\t\t\t\t\t<div class=\"et_image_slider-wrapper\"><img decoding=\"async\" width=\"1240\" height=\"585\" src=\"https:\/\/svetslik.si\/wp-content\/uploads\/2022\/08\/Vrednostni-bon.jpg\" class=\"et_image_slider-img attachment-full\" alt=\"Vrednostni bon za umetni\u0161ko sliko\" title=\"Vrednostni bon za umetni\u0161ko sliko\" srcset=\"https:\/\/svetslik.si\/wp-content\/uploads\/2022\/08\/Vrednostni-bon.jpg 1240w, https:\/\/svetslik.si\/wp-content\/uploads\/2022\/08\/Vrednostni-bon-600x283.jpg 600w, https:\/\/svetslik.si\/wp-content\/uploads\/2022\/08\/Vrednostni-bon-1200x566.jpg 1200w, https:\/\/svetslik.si\/wp-content\/uploads\/2022\/08\/Vrednostni-bon-300x142.jpg 300w, https:\/\/svetslik.si\/wp-content\/uploads\/2022\/08\/Vrednostni-bon-1024x483.jpg 1024w, https:\/\/svetslik.si\/wp-content\/uploads\/2022\/08\/Vrednostni-bon-768x362.jpg 768w, https:\/\/svetslik.si\/wp-content\/uploads\/2022\/08\/Vrednostni-bon-18x8.jpg 18w, https:\/\/svetslik.si\/wp-content\/uploads\/2022\/08\/Vrednostni-bon-150x71.jpg 150w, https:\/\/svetslik.si\/wp-content\/uploads\/2022\/08\/Vrednostni-bon-900x425.jpg 900w\" sizes=\"(max-width: 1240px) 100vw, 1240px\" \/><\/div>\t\t\t\t\t\t\t\t\t\t\t\t\t\t\t\t\t\t\t\t\t\t\t<\/div>\n\t\t\t\t\t\t\t\t\t\t\t<\/div>\n\t\t\t\t\n\t\t\t\t\t<\/div>\n\t[\/vc_column][\/vc_row][vc_row][vc_column][vc_column_text]\n<h4>A GIFT VOUCHER FOR AN ART PICTURE<\/h4>\n<p>Do you want to give a picture as a gift, but it is not possible to deliver the painting by the birthday date? We have a solution&#8230;<\/p>\n<p>We print and send you a <strong>unique GIFT VOUCHER<\/strong>, which can contain a personal <strong><em>dedication<\/em><\/strong> and a <strong><em>photograph of the ordered painting<\/em><\/strong>.<\/p>\n<p><strong>Give the recipient a gift certificate, and the painting will follow when it is completed.<\/strong><\/p>\n<p>To create this voucher, contact us at info@svetslik.si or call 051 675 637 and let us know:<\/p>\n<ol>\n<li>which picture do you want to donate (we can also paint pictures that are not in our offer)<\/li>\n<li>dimension of the ordered image<\/li>\n<li>possible frame (it can be chosen by the recipient himself afterwards, and we will inform him about it when the painting is finished)<\/li>\n<li>text brightened<\/li>\n<li>gift voucher delivery address<\/li>\n<li>Address of recipient for image delivery<\/li>\n<li>contact of the recipient for a possible agreement on the choice of frame<\/li>\n<\/ol>\n<p>In response, you receive an offer for the image. You receive a personalized gift certificate in an envelope by post, and the painting is sent to the recipient after it has been painted and framed.<\/p>\n<p>You can make the payment in advance according to the estimate or we will send you the final payment amount before the delivery of the painting.<\/p>\n<p>The voucher will look like this:[\/vc_column_text][\/vc_column][\/vc_row][vc_row][vc_column]\t<div id=\"et-image-slider-979\" class=\"et-image-slider slick slick-slider slick-dotted slick-dots-centered centered   \" data-adaptive-height=\"false\" variable-width=\"true\" data-pagination=\"true\" data-navigation=\"true\" data-center=\"\" data-fade=\"\" data-columns=\"1\" data-infinite=\"false\" data-autoplay=\"true\" data-autoplay-speed=\"\" data-pause=\"true\">\n\t\t\n\t\t\t\t\t<div class=\"gallery-item\">\n\t\t\t\t\t\t\t\t\t\t\t\t\t<div class=\"et-image-inner\">\n\t\t\t\t\t\t\t\t<div class=\"et_image_slider-wrapper\"><img decoding=\"async\" width=\"1240\" height=\"585\" src=\"https:\/\/svetslik.si\/wp-content\/uploads\/2022\/08\/Darilni-bon2.jpg\" class=\"et_image_slider-img attachment-full\" alt=\"painting value vaucher\" title=\"painting value vaucher\" srcset=\"https:\/\/svetslik.si\/wp-content\/uploads\/2022\/08\/Darilni-bon2.jpg 1240w, https:\/\/svetslik.si\/wp-content\/uploads\/2022\/08\/Darilni-bon2-600x283.jpg 600w, https:\/\/svetslik.si\/wp-content\/uploads\/2022\/08\/Darilni-bon2-1200x566.jpg 1200w, https:\/\/svetslik.si\/wp-content\/uploads\/2022\/08\/Darilni-bon2-300x142.jpg 300w, https:\/\/svetslik.si\/wp-content\/uploads\/2022\/08\/Darilni-bon2-1024x483.jpg 1024w, https:\/\/svetslik.si\/wp-content\/uploads\/2022\/08\/Darilni-bon2-768x362.jpg 768w, https:\/\/svetslik.si\/wp-content\/uploads\/2022\/08\/Darilni-bon2-18x8.jpg 18w, https:\/\/svetslik.si\/wp-content\/uploads\/2022\/08\/Darilni-bon2-150x71.jpg 150w, https:\/\/svetslik.si\/wp-content\/uploads\/2022\/08\/Darilni-bon2-900x425.jpg 900w\" sizes=\"(max-width: 1240px) 100vw, 1240px\" \/><\/div>\t\t\t\t\t\t\t\t\t\t\t\t\t\t\t\t\t\t\t\t\t\t\t<\/div>\n\t\t\t\t\t\t\t\t\t\t\t<\/div>\n\t\t\t\t\n\t\t\t\t\n\t\t\t\t\t<div class=\"gallery-item\">\n\t\t\t\t\t\t\t\t\t\t\t\t\t<div class=\"et-image-inner\">\n\t\t\t\t\t\t\t\t<div class=\"et_image_slider-wrapper\"><img decoding=\"async\" width=\"1240\" height=\"585\" src=\"https:\/\/svetslik.si\/wp-content\/uploads\/2022\/08\/Darilni-bon.jpg\" class=\"et_image_slider-img attachment-full\" alt=\"Darilni bon\" title=\"Darilni bon\" srcset=\"https:\/\/svetslik.si\/wp-content\/uploads\/2022\/08\/Darilni-bon.jpg 1240w, https:\/\/svetslik.si\/wp-content\/uploads\/2022\/08\/Darilni-bon-600x283.jpg 600w, https:\/\/svetslik.si\/wp-content\/uploads\/2022\/08\/Darilni-bon-1200x566.jpg 1200w, https:\/\/svetslik.si\/wp-content\/uploads\/2022\/08\/Darilni-bon-300x142.jpg 300w, https:\/\/svetslik.si\/wp-content\/uploads\/2022\/08\/Darilni-bon-1024x483.jpg 1024w, https:\/\/svetslik.si\/wp-content\/uploads\/2022\/08\/Darilni-bon-768x362.jpg 768w, https:\/\/svetslik.si\/wp-content\/uploads\/2022\/08\/Darilni-bon-18x8.jpg 18w, https:\/\/svetslik.si\/wp-content\/uploads\/2022\/08\/Darilni-bon-150x71.jpg 150w, https:\/\/svetslik.si\/wp-content\/uploads\/2022\/08\/Darilni-bon-900x425.jpg 900w\" sizes=\"(max-width: 1240px) 100vw, 1240px\" \/><\/div>\t\t\t\t\t\t\t\t\t\t\t\t\t\t\t\t\t\t\t\t\t\t\t<\/div>\n\t\t\t\t\t\t\t\t\t\t\t<\/div>\n\t\t\t\t\n\t\t\t\t\t<\/div>\n\t[\/vc_column][\/vc_row][vc_row][vc_column][\/vc_column][\/vc_row]\n<\/div>","protected":false},"excerpt":{"rendered":"<p>[vc_row][vc_column][vc_column_text] GIFT VOUCHER and VALUE VOUCHER We offer you the possibility of making TWO types of vouchers: &nbsp; VOUCHER FOR THE PURCHASE OF AN ART PICTURE If you want to leave the selection of the painting to the recipient, give a VOUCHER FOR PICTURE, which contains the desired amount and [&hellip;]<\/p>\n","protected":false},"featured_media":80054,"template":"","meta":{"_acf_changed":false},"product_brand":[],"product_cat":[9823],"product_tag":[],"class_list":{"0":"post-88384","1":"product","2":"type-product","3":"status-publish","4":"has-post-thumbnail","6":"product_cat-wall-art-voucher","7":"product_shipping_class-posiljanje-za-darilni-bon-en","8":"pa_dimenzija-20-x-25-cm","9":"pa_dimenzija-30-x-40-cm","10":"pa_dimenzija-40-x-60-cm","11":"pa_dimenzija-90-x-120-cm","12":"pa_oblika-horizontal","14":"first","15":"instock","16":"purchasable","17":"product-type-variable","18":"has-default-attributes"},"acf":[],"yoast_head":"<!-- This site is optimized with the Yoast SEO Premium plugin v26.0 (Yoast SEO v27.2) - https:\/\/yoast.com\/product\/yoast-seo-premium-wordpress\/ -->\n<title>Voucher - SVETSLIK.SI - 100% hand painted<\/title>\n<meta name=\"description\" content=\"Voucher for hand painted artwork. A solution for everyone who forgot about a birthday :) or it is not possible to deliver the painting by the date.\" \/>\n<meta name=\"robots\" content=\"index, follow, max-snippet:-1, max-image-preview:large, max-video-preview:-1\" \/>\n<link rel=\"canonical\" href=\"https:\/\/svetslik.si\/en\/wall-art-voucher\/voucher\/\" \/>\n<meta property=\"og:locale\" content=\"en_US\" \/>\n<meta property=\"og:type\" content=\"article\" \/>\n<meta property=\"og:title\" content=\"Voucher\" \/>\n<meta property=\"og:description\" content=\"100% ro\u010dno naslikane slike na platnu, reprodukcije znanih slikarjev in umetni\u0161ke slike po naro\u010dilu.\" \/>\n<meta property=\"og:url\" content=\"https:\/\/svetslik.si\/en\/wall-art-voucher\/voucher\/\" \/>\n<meta property=\"og:site_name\" content=\"SVETSLIK.SI\" \/>\n<meta property=\"article:publisher\" content=\"https:\/\/www.facebook.com\/svetslik.si\" \/>\n<meta property=\"article:modified_time\" content=\"2026-03-22T16:58:52+00:00\" \/>\n<meta property=\"og:image\" content=\"https:\/\/svetslik.si\/wp-content\/uploads\/2022\/08\/Vrednostni-bon2.jpg\" \/>\n\t<meta property=\"og:image:width\" content=\"1240\" \/>\n\t<meta property=\"og:image:height\" content=\"585\" \/>\n\t<meta property=\"og:image:type\" content=\"image\/jpeg\" \/>\n<meta name=\"twitter:card\" content=\"summary_large_image\" \/>\n<meta name=\"twitter:site\" content=\"@svetslik\" \/>\n<meta name=\"twitter:label1\" content=\"Availability\" \/>\n\t<meta name=\"twitter:data1\" content=\"In stock\" \/>\n<script type=\"application\/ld+json\" class=\"yoast-schema-graph\">{\"@context\":\"https:\/\/schema.org\",\"@graph\":[{\"@type\":[\"WebPage\",\"ItemPage\"],\"@id\":\"https:\/\/svetslik.si\/en\/wall-art-voucher\/voucher\/\",\"url\":\"https:\/\/svetslik.si\/en\/wall-art-voucher\/voucher\/\",\"name\":\"Voucher - SVETSLIK.SI - 100% hand painted\",\"isPartOf\":{\"@id\":\"https:\/\/svetslik.si\/en\/#website\"},\"primaryImageOfPage\":{\"@id\":\"https:\/\/svetslik.si\/en\/wall-art-voucher\/voucher\/#primaryimage\"},\"image\":{\"@id\":\"https:\/\/svetslik.si\/en\/wall-art-voucher\/voucher\/#primaryimage\"},\"thumbnailUrl\":\"https:\/\/svetslik.si\/wp-content\/uploads\/2022\/08\/Vrednostni-bon2.jpg\",\"datePublished\":\"2022-08-23T10:09:25+00:00\",\"dateModified\":\"2026-03-22T16:58:52+00:00\",\"description\":\"Voucher for hand painted artwork. A solution for everyone who forgot about a birthday :) or it is not possible to deliver the painting by the date.\",\"breadcrumb\":{\"@id\":\"https:\/\/svetslik.si\/en\/wall-art-voucher\/voucher\/#breadcrumb\"},\"inLanguage\":\"en-US\",\"potentialAction\":[{\"@type\":\"ReadAction\",\"target\":[\"https:\/\/svetslik.si\/en\/wall-art-voucher\/voucher\/\"]}]},{\"@type\":\"ImageObject\",\"inLanguage\":\"en-US\",\"@id\":\"https:\/\/svetslik.si\/en\/wall-art-voucher\/voucher\/#primaryimage\",\"url\":\"https:\/\/svetslik.si\/wp-content\/uploads\/2022\/08\/Vrednostni-bon2.jpg\",\"contentUrl\":\"https:\/\/svetslik.si\/wp-content\/uploads\/2022\/08\/Vrednostni-bon2.jpg\",\"width\":1240,\"height\":585,\"caption\":\"painting value vaucher\"},{\"@type\":\"BreadcrumbList\",\"@id\":\"https:\/\/svetslik.si\/en\/wall-art-voucher\/voucher\/#breadcrumb\",\"itemListElement\":[{\"@type\":\"ListItem\",\"position\":1,\"name\":\"Wall art and paintings on canvas\",\"item\":\"https:\/\/svetslik.si\/en\/\"},{\"@type\":\"ListItem\",\"position\":2,\"name\":\"Sale of paintings\",\"item\":\"https:\/\/svetslik.si\/prodaja-slik\/\"},{\"@type\":\"ListItem\",\"position\":3,\"name\":\"Voucher\"}]},{\"@type\":\"WebSite\",\"@id\":\"https:\/\/svetslik.si\/en\/#website\",\"url\":\"https:\/\/svetslik.si\/en\/\",\"name\":\"SVETSLIK.SI\",\"description\":\"100% ru\u010dno naslikane reprodukcije slika poznatih slikara in umjetni\u010dke zidne slike na platnu.\",\"publisher\":{\"@id\":\"https:\/\/svetslik.si\/en\/#organization\"},\"potentialAction\":[{\"@type\":\"SearchAction\",\"target\":{\"@type\":\"EntryPoint\",\"urlTemplate\":\"https:\/\/svetslik.si\/en\/?s={search_term_string}\"},\"query-input\":{\"@type\":\"PropertyValueSpecification\",\"valueRequired\":true,\"valueName\":\"search_term_string\"}}],\"inLanguage\":\"en-US\"},{\"@type\":\"Organization\",\"@id\":\"https:\/\/svetslik.si\/en\/#organization\",\"name\":\"SvetSlik.si\",\"url\":\"https:\/\/svetslik.si\/en\/\",\"logo\":{\"@type\":\"ImageObject\",\"inLanguage\":\"en-US\",\"@id\":\"https:\/\/svetslik.si\/en\/#\/schema\/logo\/image\/\",\"url\":\"https:\/\/svetslik.si\/wp-content\/uploads\/2020\/12\/logo-512.png\",\"contentUrl\":\"https:\/\/svetslik.si\/wp-content\/uploads\/2020\/12\/logo-512.png\",\"width\":512,\"height\":512,\"caption\":\"SvetSlik.si\"},\"image\":{\"@id\":\"https:\/\/svetslik.si\/en\/#\/schema\/logo\/image\/\"},\"sameAs\":[\"https:\/\/www.facebook.com\/svetslik.si\",\"https:\/\/x.com\/svetslik\",\"https:\/\/www.instagram.com\/svetslik.si\/\",\"https:\/\/www.linkedin.com\/company\/svetslik-si\"]}]}<\/script>\n<meta property=\"og:availability\" content=\"instock\" \/>\n<meta property=\"product:availability\" content=\"instock\" \/>\n<meta property=\"product:retailer_item_id\" content=\"824__-1\" \/>\n<meta property=\"product:condition\" content=\"new\" \/>\n<!-- \/ Yoast SEO Premium plugin. -->","yoast_head_json":{"title":"Voucher - SVETSLIK.SI - 100% hand painted","description":"Voucher for hand painted artwork. A solution for everyone who forgot about a birthday :) or it is not possible to deliver the painting by the date.","robots":{"index":"index","follow":"follow","max-snippet":"max-snippet:-1","max-image-preview":"max-image-preview:large","max-video-preview":"max-video-preview:-1"},"canonical":"https:\/\/svetslik.si\/en\/wall-art-voucher\/voucher\/","og_locale":"en_US","og_type":"article","og_title":"Voucher","og_description":"100% ro\u010dno naslikane slike na platnu, reprodukcije znanih slikarjev in umetni\u0161ke slike po naro\u010dilu.","og_url":"https:\/\/svetslik.si\/en\/wall-art-voucher\/voucher\/","og_site_name":"SVETSLIK.SI","article_publisher":"https:\/\/www.facebook.com\/svetslik.si","article_modified_time":"2026-03-22T16:58:52+00:00","og_image":[{"width":1240,"height":585,"url":"https:\/\/svetslik.si\/wp-content\/uploads\/2022\/08\/Vrednostni-bon2.jpg","type":"image\/jpeg"}],"twitter_card":"summary_large_image","twitter_site":"@svetslik","twitter_misc":{"Availability":"In stock"},"schema":{"@context":"https:\/\/schema.org","@graph":[{"@type":["WebPage","ItemPage"],"@id":"https:\/\/svetslik.si\/en\/wall-art-voucher\/voucher\/","url":"https:\/\/svetslik.si\/en\/wall-art-voucher\/voucher\/","name":"Voucher - SVETSLIK.SI - 100% hand painted","isPartOf":{"@id":"https:\/\/svetslik.si\/en\/#website"},"primaryImageOfPage":{"@id":"https:\/\/svetslik.si\/en\/wall-art-voucher\/voucher\/#primaryimage"},"image":{"@id":"https:\/\/svetslik.si\/en\/wall-art-voucher\/voucher\/#primaryimage"},"thumbnailUrl":"https:\/\/svetslik.si\/wp-content\/uploads\/2022\/08\/Vrednostni-bon2.jpg","datePublished":"2022-08-23T10:09:25+00:00","dateModified":"2026-03-22T16:58:52+00:00","description":"Voucher for hand painted artwork. A solution for everyone who forgot about a birthday :) or it is not possible to deliver the painting by the date.","breadcrumb":{"@id":"https:\/\/svetslik.si\/en\/wall-art-voucher\/voucher\/#breadcrumb"},"inLanguage":"en-US","potentialAction":[{"@type":"ReadAction","target":["https:\/\/svetslik.si\/en\/wall-art-voucher\/voucher\/"]}]},{"@type":"ImageObject","inLanguage":"en-US","@id":"https:\/\/svetslik.si\/en\/wall-art-voucher\/voucher\/#primaryimage","url":"https:\/\/svetslik.si\/wp-content\/uploads\/2022\/08\/Vrednostni-bon2.jpg","contentUrl":"https:\/\/svetslik.si\/wp-content\/uploads\/2022\/08\/Vrednostni-bon2.jpg","width":1240,"height":585,"caption":"painting value vaucher"},{"@type":"BreadcrumbList","@id":"https:\/\/svetslik.si\/en\/wall-art-voucher\/voucher\/#breadcrumb","itemListElement":[{"@type":"ListItem","position":1,"name":"Wall art and paintings on canvas","item":"https:\/\/svetslik.si\/en\/"},{"@type":"ListItem","position":2,"name":"Sale of paintings","item":"https:\/\/svetslik.si\/prodaja-slik\/"},{"@type":"ListItem","position":3,"name":"Voucher"}]},{"@type":"WebSite","@id":"https:\/\/svetslik.si\/en\/#website","url":"https:\/\/svetslik.si\/en\/","name":"SVETSLIK.SI","description":"100% ru\u010dno naslikane reprodukcije slika poznatih slikara in umjetni\u010dke zidne slike na platnu.","publisher":{"@id":"https:\/\/svetslik.si\/en\/#organization"},"potentialAction":[{"@type":"SearchAction","target":{"@type":"EntryPoint","urlTemplate":"https:\/\/svetslik.si\/en\/?s={search_term_string}"},"query-input":{"@type":"PropertyValueSpecification","valueRequired":true,"valueName":"search_term_string"}}],"inLanguage":"en-US"},{"@type":"Organization","@id":"https:\/\/svetslik.si\/en\/#organization","name":"SvetSlik.si","url":"https:\/\/svetslik.si\/en\/","logo":{"@type":"ImageObject","inLanguage":"en-US","@id":"https:\/\/svetslik.si\/en\/#\/schema\/logo\/image\/","url":"https:\/\/svetslik.si\/wp-content\/uploads\/2020\/12\/logo-512.png","contentUrl":"https:\/\/svetslik.si\/wp-content\/uploads\/2020\/12\/logo-512.png","width":512,"height":512,"caption":"SvetSlik.si"},"image":{"@id":"https:\/\/svetslik.si\/en\/#\/schema\/logo\/image\/"},"sameAs":["https:\/\/www.facebook.com\/svetslik.si","https:\/\/x.com\/svetslik","https:\/\/www.instagram.com\/svetslik.si\/","https:\/\/www.linkedin.com\/company\/svetslik-si"]}]},"og_availability":"instock","product_availability":"instock","product_retailer_item_id":"824__-1","product_condition":"new"},"jetpack_sharing_enabled":true,"_links":{"self":[{"href":"https:\/\/svetslik.si\/en\/wp-json\/wp\/v2\/product\/88384","targetHints":{"allow":["GET"]}}],"collection":[{"href":"https:\/\/svetslik.si\/en\/wp-json\/wp\/v2\/product"}],"about":[{"href":"https:\/\/svetslik.si\/en\/wp-json\/wp\/v2\/types\/product"}],"wp:featuredmedia":[{"embeddable":true,"href":"https:\/\/svetslik.si\/en\/wp-json\/wp\/v2\/media\/80054"}],"wp:attachment":[{"href":"https:\/\/svetslik.si\/en\/wp-json\/wp\/v2\/media?parent=88384"}],"wp:term":[{"taxonomy":"product_brand","embeddable":true,"href":"https:\/\/svetslik.si\/en\/wp-json\/wp\/v2\/product_brand?post=88384"},{"taxonomy":"product_cat","embeddable":true,"href":"https:\/\/svetslik.si\/en\/wp-json\/wp\/v2\/product_cat?post=88384"},{"taxonomy":"product_tag","embeddable":true,"href":"https:\/\/svetslik.si\/en\/wp-json\/wp\/v2\/product_tag?post=88384"}],"curies":[{"name":"wp","href":"https:\/\/api.w.org\/{rel}","templated":true}]}}