{"id":88461,"date":"2022-08-25T11:15:30","date_gmt":"2022-08-25T09:15:30","guid":{"rendered":"https:\/\/svetslik.si\/uncategorized\/dvodelne-slike-na-platnu-d124-1\/"},"modified":"2023-11-04T12:16:37","modified_gmt":"2023-11-04T11:16:37","slug":"wall-art-d124-1","status":"publish","type":"product","link":"https:\/\/svetslik.si\/en\/wall-art-paintings-on-canvas-two-panels\/wall-art-d124-1\/","title":{"rendered":"Wall art &#8211; D124-1"},"content":{"rendered":"<div class=\"wpb-content-wrapper\">[vc_row css=&#8221;.vc_custom_1661420408540{margin-bottom: 10px !important;}&#8221;][vc_column]\t<div class=\"et-image-741 et-image     et_image_link\">\n\t\t<div class=\"et-image-inner \">\n\t\t\t\t\t\t\t<div class=\"et-image-thumb \">\n\t\t\t\t\t<img decoding=\"async\" width=\"1000\" height=\"625\" src=\"https:\/\/svetslik.si\/wp-content\/uploads\/2022\/08\/Dvodelne-slike-na-platnu-\u2013-D124-1.jpg\" class=\"attachment-full\" alt=\"Wall art - D124-1\" title=\"Wall art - D124-1\" srcset=\"https:\/\/svetslik.si\/wp-content\/uploads\/2022\/08\/Dvodelne-slike-na-platnu-\u2013-D124-1.jpg 1000w, https:\/\/svetslik.si\/wp-content\/uploads\/2022\/08\/Dvodelne-slike-na-platnu-\u2013-D124-1-600x375.jpg 600w, https:\/\/svetslik.si\/wp-content\/uploads\/2022\/08\/Dvodelne-slike-na-platnu-\u2013-D124-1-300x188.jpg 300w, https:\/\/svetslik.si\/wp-content\/uploads\/2022\/08\/Dvodelne-slike-na-platnu-\u2013-D124-1-768x480.jpg 768w, https:\/\/svetslik.si\/wp-content\/uploads\/2022\/08\/Dvodelne-slike-na-platnu-\u2013-D124-1-150x94.jpg 150w, https:\/\/svetslik.si\/wp-content\/uploads\/2022\/08\/Dvodelne-slike-na-platnu-\u2013-D124-1-900x563.jpg 900w\" sizes=\"(max-width: 1000px) 100vw, 1000px\" \/>\t\t\t\t<\/div>\n\t\t\t\t\t\t\t\t\t\t\t<\/div>\n\t<\/div>\n  [\/vc_column][\/vc_row][vc_row css=&#8221;.vc_custom_1661420408540{margin-bottom: 10px !important;}&#8221;][vc_column]\t<div class=\"et-image-604 et-image     et_image_link\">\n\t\t<div class=\"et-image-inner \">\n\t\t\t\t\t\t\t<div class=\"et-image-thumb \">\n\t\t\t\t\t<img decoding=\"async\" width=\"1000\" height=\"1526\" src=\"https:\/\/svetslik.si\/wp-content\/uploads\/2022\/08\/Dvodelne-slike-na-platnu-\u2013-D124-11.jpg\" class=\"attachment-full\" alt=\"Wall art - D124-1\" title=\"Wall art - D124-1\" srcset=\"https:\/\/svetslik.si\/wp-content\/uploads\/2022\/08\/Dvodelne-slike-na-platnu-\u2013-D124-11.jpg 1000w, https:\/\/svetslik.si\/wp-content\/uploads\/2022\/08\/Dvodelne-slike-na-platnu-\u2013-D124-11-600x916.jpg 600w, https:\/\/svetslik.si\/wp-content\/uploads\/2022\/08\/Dvodelne-slike-na-platnu-\u2013-D124-11-197x300.jpg 197w, https:\/\/svetslik.si\/wp-content\/uploads\/2022\/08\/Dvodelne-slike-na-platnu-\u2013-D124-11-671x1024.jpg 671w, https:\/\/svetslik.si\/wp-content\/uploads\/2022\/08\/Dvodelne-slike-na-platnu-\u2013-D124-11-768x1172.jpg 768w, https:\/\/svetslik.si\/wp-content\/uploads\/2022\/08\/Dvodelne-slike-na-platnu-\u2013-D124-11-98x150.jpg 98w, https:\/\/svetslik.si\/wp-content\/uploads\/2022\/08\/Dvodelne-slike-na-platnu-\u2013-D124-11-900x1373.jpg 900w\" sizes=\"(max-width: 1000px) 100vw, 1000px\" \/>\t\t\t\t<\/div>\n\t\t\t\t\t\t\t\t\t\t\t<\/div>\n\t<\/div>\n  [\/vc_column][\/vc_row][vc_row css=&#8221;.vc_custom_1661420408540{margin-bottom: 10px !important;}&#8221;][vc_column]\t<div class=\"et-image-754 et-image     et_image_link\">\n\t\t<div class=\"et-image-inner \">\n\t\t\t\t\t\t\t<div class=\"et-image-thumb \">\n\t\t\t\t\t<img decoding=\"async\" width=\"1000\" height=\"1620\" src=\"https:\/\/svetslik.si\/wp-content\/uploads\/2022\/08\/Dvodelne-slike-na-platnu-\u2013-D124-13.jpg\" class=\"attachment-full\" alt=\"Wall art - D124-1\" title=\"Wall art - D124-1\" srcset=\"https:\/\/svetslik.si\/wp-content\/uploads\/2022\/08\/Dvodelne-slike-na-platnu-\u2013-D124-13.jpg 1000w, https:\/\/svetslik.si\/wp-content\/uploads\/2022\/08\/Dvodelne-slike-na-platnu-\u2013-D124-13-600x972.jpg 600w, https:\/\/svetslik.si\/wp-content\/uploads\/2022\/08\/Dvodelne-slike-na-platnu-\u2013-D124-13-185x300.jpg 185w, https:\/\/svetslik.si\/wp-content\/uploads\/2022\/08\/Dvodelne-slike-na-platnu-\u2013-D124-13-632x1024.jpg 632w, https:\/\/svetslik.si\/wp-content\/uploads\/2022\/08\/Dvodelne-slike-na-platnu-\u2013-D124-13-768x1244.jpg 768w, https:\/\/svetslik.si\/wp-content\/uploads\/2022\/08\/Dvodelne-slike-na-platnu-\u2013-D124-13-948x1536.jpg 948w, https:\/\/svetslik.si\/wp-content\/uploads\/2022\/08\/Dvodelne-slike-na-platnu-\u2013-D124-13-93x150.jpg 93w, https:\/\/svetslik.si\/wp-content\/uploads\/2022\/08\/Dvodelne-slike-na-platnu-\u2013-D124-13-900x1458.jpg 900w\" sizes=\"(max-width: 1000px) 100vw, 1000px\" \/>\t\t\t\t<\/div>\n\t\t\t\t\t\t\t\t\t\t\t<\/div>\n\t<\/div>\n  [\/vc_column][\/vc_row][vc_row css=&#8221;.vc_custom_1661420408540{margin-bottom: 10px !important;}&#8221;][vc_column]\t<div class=\"et-image-36 et-image     et_image_link\">\n\t\t<div class=\"et-image-inner \">\n\t\t\t\t\t\t\t<div class=\"et-image-thumb \">\n\t\t\t\t\t<img decoding=\"async\" width=\"800\" height=\"692\" src=\"https:\/\/svetslik.si\/wp-content\/uploads\/2022\/08\/dvodelne-slike-na-platnu-D124-3-1.jpg\" class=\"attachment-full\" alt=\"Wall art - D124-1 (art for wall, wall paintings, abstract paintings, large wall art, frame, artwork, oversized painting, XXL painting, artstation, paintings for living room ideas, buy painting, frame, frame painting, famous paintings, modern paintings)\" title=\"Wall art - D124-1 (art for wall, wall paintings, abstract paintings, large wall art, frame, artwork, oversized painting, XXL painting, artstation, paintings for living room ideas, buy painting, frame, frame painting, famous paintings, modern paintings)\" srcset=\"https:\/\/svetslik.si\/wp-content\/uploads\/2022\/08\/dvodelne-slike-na-platnu-D124-3-1.jpg 800w, https:\/\/svetslik.si\/wp-content\/uploads\/2022\/08\/dvodelne-slike-na-platnu-D124-3-1-600x519.jpg 600w, https:\/\/svetslik.si\/wp-content\/uploads\/2022\/08\/dvodelne-slike-na-platnu-D124-3-1-300x260.jpg 300w, https:\/\/svetslik.si\/wp-content\/uploads\/2022\/08\/dvodelne-slike-na-platnu-D124-3-1-768x664.jpg 768w, https:\/\/svetslik.si\/wp-content\/uploads\/2022\/08\/dvodelne-slike-na-platnu-D124-3-1-14x12.jpg 14w, https:\/\/svetslik.si\/wp-content\/uploads\/2022\/08\/dvodelne-slike-na-platnu-D124-3-1-150x130.jpg 150w\" sizes=\"(max-width: 800px) 100vw, 800px\" \/>\t\t\t\t<\/div>\n\t\t\t\t\t\t\t\t\t\t\t<\/div>\n\t<\/div>\n  [\/vc_column][\/vc_row][vc_row css=&#8221;.vc_custom_1661420408540{margin-bottom: 10px !important;}&#8221;][vc_column]\t<div class=\"et-image-605 et-image     et_image_link\">\n\t\t<div class=\"et-image-inner \">\n\t\t\t\t\t\t\t<div class=\"et-image-thumb \">\n\t\t\t\t\t<img decoding=\"async\" width=\"800\" height=\"692\" src=\"https:\/\/svetslik.si\/wp-content\/uploads\/2022\/08\/dvodelne-slike-na-platnu-D124-1-1.jpg\" class=\"attachment-full\" alt=\"Wall art - D124-1 (canvas, painting, art for wall, abstract paintings, large wall art, frame, artwork, oversized painting, XXL painting, artstation, buy painting, frame, famous paintings, modern paintings)\" title=\"Wall art - D124-1 (canvas, painting, art for wall, abstract paintings, large wall art, frame, artwork, oversized painting, XXL painting, artstation, buy painting, frame, famous paintings, modern paintings)\" srcset=\"https:\/\/svetslik.si\/wp-content\/uploads\/2022\/08\/dvodelne-slike-na-platnu-D124-1-1.jpg 800w, https:\/\/svetslik.si\/wp-content\/uploads\/2022\/08\/dvodelne-slike-na-platnu-D124-1-1-600x519.jpg 600w, https:\/\/svetslik.si\/wp-content\/uploads\/2022\/08\/dvodelne-slike-na-platnu-D124-1-1-300x260.jpg 300w, https:\/\/svetslik.si\/wp-content\/uploads\/2022\/08\/dvodelne-slike-na-platnu-D124-1-1-768x664.jpg 768w, https:\/\/svetslik.si\/wp-content\/uploads\/2022\/08\/dvodelne-slike-na-platnu-D124-1-1-14x12.jpg 14w, https:\/\/svetslik.si\/wp-content\/uploads\/2022\/08\/dvodelne-slike-na-platnu-D124-1-1-150x130.jpg 150w\" sizes=\"(max-width: 800px) 100vw, 800px\" \/>\t\t\t\t<\/div>\n\t\t\t\t\t\t\t\t\t\t\t<\/div>\n\t<\/div>\n  [\/vc_column][\/vc_row]\n<\/div>","protected":false},"excerpt":{"rendered":"<p>[vc_row css=&#8221;.vc_custom_1661420408540{margin-bottom: 10px !important;}&#8221;][vc_column][\/vc_column][\/vc_row][vc_row css=&#8221;.vc_custom_1661420408540{margin-bottom: 10px !important;}&#8221;][vc_column][\/vc_column][\/vc_row][vc_row css=&#8221;.vc_custom_1661420408540{margin-bottom: 10px !important;}&#8221;][vc_column][\/vc_column][\/vc_row][vc_row css=&#8221;.vc_custom_1661420408540{margin-bottom: 10px !important;}&#8221;][vc_column][\/vc_column][\/vc_row][vc_row css=&#8221;.vc_custom_1661420408540{margin-bottom: 10px !important;}&#8221;][vc_column][\/vc_column][\/vc_row]<\/p>\n","protected":false},"featured_media":103188,"template":"","meta":{"_acf_changed":false},"product_brand":[],"product_cat":[9817],"product_tag":[9825,9834,9847,9885,9872,9874,9871,9879],"class_list":{"0":"post-88461","1":"product","2":"type-product","3":"status-publish","4":"has-post-thumbnail","6":"product_cat-wall-art-paintings-on-canvas-two-panels","7":"product_tag-abstract-wall-art","8":"product_tag-double-panel-painting","9":"product_tag-modern-paintings","10":"product_tag-multi-panel-paintings","11":"product_tag-paintings-for-livingroom","12":"product_tag-paintings-for-the-living-room","13":"product_tag-wall-art-on-canvas","14":"product_tag-wall-artwork","15":"pa_dimenzija-100-cm-x-140-cm-2-x-100-x-70","16":"pa_dimenzija-70-cm-x-100-cm-2-x-70-x-50","17":"pa_dimenzija-75-cm-x-110-cm-2-x-75-x-55","18":"pa_dimenzija-85-cm-x-120-cm-2-x-85-x-60","19":"pa_dimenzija-90-cm-x-130-cm-2-x-90-x-65","20":"pa_oblika-horizontal","21":"pa_pod-okvir-included-in-price","22":"pa_podokvir-without","23":"pa_podokvir-yes","25":"first","26":"onbackorder","27":"purchasable","28":"product-type-variable"},"acf":[],"yoast_head":"<!-- This site is optimized with the Yoast SEO Premium plugin v26.0 (Yoast SEO v27.2) - https:\/\/yoast.com\/product\/yoast-seo-premium-wordpress\/ -->\n<title>Wall art - D124-1 - SVETSLIK.SI - 100% hand painted<\/title>\n<meta name=\"description\" content=\"Wall art - D124-1 - 100% hand-painted painting on canvas. Wall art, abstract paintings, reproduction of famous painting and custom paintings made by order.\" \/>\n<meta name=\"robots\" content=\"index, follow, max-snippet:-1, max-image-preview:large, max-video-preview:-1\" \/>\n<link rel=\"canonical\" href=\"https:\/\/svetslik.si\/en\/wall-art-paintings-on-canvas-two-panels\/wall-art-d124-1\/\" \/>\n<meta property=\"og:locale\" content=\"en_US\" \/>\n<meta property=\"og:type\" content=\"article\" \/>\n<meta property=\"og:title\" content=\"Wall art - D124-1\" \/>\n<meta property=\"og:description\" content=\"100% ro\u010dno naslikane slike na platnu, reprodukcije znanih slikarjev in umetni\u0161ke slike po naro\u010dilu.\" \/>\n<meta property=\"og:url\" content=\"https:\/\/svetslik.si\/en\/wall-art-paintings-on-canvas-two-panels\/wall-art-d124-1\/\" \/>\n<meta property=\"og:site_name\" content=\"SVETSLIK.SI\" \/>\n<meta property=\"article:publisher\" content=\"https:\/\/www.facebook.com\/svetslik.si\" \/>\n<meta property=\"article:modified_time\" content=\"2023-11-04T11:16:37+00:00\" \/>\n<meta property=\"og:image\" content=\"https:\/\/svetslik.si\/wp-content\/uploads\/2022\/08\/Dvodelne-slike-na-platnu-\u2013-D124-1.png\" \/>\n\t<meta property=\"og:image:width\" content=\"1500\" \/>\n\t<meta property=\"og:image:height\" content=\"1034\" \/>\n\t<meta property=\"og:image:type\" content=\"image\/png\" \/>\n<meta name=\"twitter:card\" content=\"summary_large_image\" \/>\n<meta name=\"twitter:site\" content=\"@svetslik\" \/>\n<meta name=\"twitter:label1\" content=\"Availability\" \/>\n\t<meta name=\"twitter:data1\" content=\"On backorder\" \/>\n<script type=\"application\/ld+json\" class=\"yoast-schema-graph\">{\"@context\":\"https:\/\/schema.org\",\"@graph\":[{\"@type\":[\"WebPage\",\"ItemPage\"],\"@id\":\"https:\/\/svetslik.si\/en\/wall-art-paintings-on-canvas-two-panels\/wall-art-d124-1\/\",\"url\":\"https:\/\/svetslik.si\/en\/wall-art-paintings-on-canvas-two-panels\/wall-art-d124-1\/\",\"name\":\"Wall art - D124-1 - SVETSLIK.SI - 100% hand painted\",\"isPartOf\":{\"@id\":\"https:\/\/svetslik.si\/en\/#website\"},\"primaryImageOfPage\":{\"@id\":\"https:\/\/svetslik.si\/en\/wall-art-paintings-on-canvas-two-panels\/wall-art-d124-1\/#primaryimage\"},\"image\":{\"@id\":\"https:\/\/svetslik.si\/en\/wall-art-paintings-on-canvas-two-panels\/wall-art-d124-1\/#primaryimage\"},\"thumbnailUrl\":\"https:\/\/svetslik.si\/wp-content\/uploads\/2022\/08\/Dvodelne-slike-na-platnu-\u2013-D124-1.png\",\"datePublished\":\"2022-08-25T09:15:30+00:00\",\"dateModified\":\"2023-11-04T11:16:37+00:00\",\"description\":\"Wall art - D124-1 - 100% hand-painted painting on canvas. Wall art, abstract paintings, reproduction of famous painting and custom paintings made by order.\",\"breadcrumb\":{\"@id\":\"https:\/\/svetslik.si\/en\/wall-art-paintings-on-canvas-two-panels\/wall-art-d124-1\/#breadcrumb\"},\"inLanguage\":\"en-US\",\"potentialAction\":[{\"@type\":\"ReadAction\",\"target\":[\"https:\/\/svetslik.si\/en\/wall-art-paintings-on-canvas-two-panels\/wall-art-d124-1\/\"]}]},{\"@type\":\"ImageObject\",\"inLanguage\":\"en-US\",\"@id\":\"https:\/\/svetslik.si\/en\/wall-art-paintings-on-canvas-two-panels\/wall-art-d124-1\/#primaryimage\",\"url\":\"https:\/\/svetslik.si\/wp-content\/uploads\/2022\/08\/Dvodelne-slike-na-platnu-\u2013-D124-1.png\",\"contentUrl\":\"https:\/\/svetslik.si\/wp-content\/uploads\/2022\/08\/Dvodelne-slike-na-platnu-\u2013-D124-1.png\",\"width\":1500,\"height\":1034,\"caption\":\"\\\"D124-1\\\" is a two-panel canvas painting that intertwines elements of form and color, creating a harmonious visual narrative that engages the viewer.\"},{\"@type\":\"BreadcrumbList\",\"@id\":\"https:\/\/svetslik.si\/en\/wall-art-paintings-on-canvas-two-panels\/wall-art-d124-1\/#breadcrumb\",\"itemListElement\":[{\"@type\":\"ListItem\",\"position\":1,\"name\":\"Wall art and paintings on canvas\",\"item\":\"https:\/\/svetslik.si\/en\/\"},{\"@type\":\"ListItem\",\"position\":2,\"name\":\"Sale of paintings\",\"item\":\"https:\/\/svetslik.si\/prodaja-slik\/\"},{\"@type\":\"ListItem\",\"position\":3,\"name\":\"Wall art &#8211; D124-1\"}]},{\"@type\":\"WebSite\",\"@id\":\"https:\/\/svetslik.si\/en\/#website\",\"url\":\"https:\/\/svetslik.si\/en\/\",\"name\":\"SVETSLIK.SI\",\"description\":\"100% ru\u010dno naslikane reprodukcije slika poznatih slikara in umjetni\u010dke zidne slike na platnu.\",\"publisher\":{\"@id\":\"https:\/\/svetslik.si\/en\/#organization\"},\"potentialAction\":[{\"@type\":\"SearchAction\",\"target\":{\"@type\":\"EntryPoint\",\"urlTemplate\":\"https:\/\/svetslik.si\/en\/?s={search_term_string}\"},\"query-input\":{\"@type\":\"PropertyValueSpecification\",\"valueRequired\":true,\"valueName\":\"search_term_string\"}}],\"inLanguage\":\"en-US\"},{\"@type\":\"Organization\",\"@id\":\"https:\/\/svetslik.si\/en\/#organization\",\"name\":\"SvetSlik.si\",\"url\":\"https:\/\/svetslik.si\/en\/\",\"logo\":{\"@type\":\"ImageObject\",\"inLanguage\":\"en-US\",\"@id\":\"https:\/\/svetslik.si\/en\/#\/schema\/logo\/image\/\",\"url\":\"https:\/\/svetslik.si\/wp-content\/uploads\/2020\/12\/logo-512.png\",\"contentUrl\":\"https:\/\/svetslik.si\/wp-content\/uploads\/2020\/12\/logo-512.png\",\"width\":512,\"height\":512,\"caption\":\"SvetSlik.si\"},\"image\":{\"@id\":\"https:\/\/svetslik.si\/en\/#\/schema\/logo\/image\/\"},\"sameAs\":[\"https:\/\/www.facebook.com\/svetslik.si\",\"https:\/\/x.com\/svetslik\",\"https:\/\/www.instagram.com\/svetslik.si\/\",\"https:\/\/www.linkedin.com\/company\/svetslik-si\"]}]}<\/script>\n<meta property=\"og:availability\" content=\"backorder\" \/>\n<meta property=\"product:availability\" content=\"available for order\" \/>\n<meta property=\"product:retailer_item_id\" content=\"979__-1-5\" \/>\n<meta property=\"product:condition\" content=\"new\" \/>\n<!-- \/ Yoast SEO Premium plugin. -->","yoast_head_json":{"title":"Wall art - D124-1 - SVETSLIK.SI - 100% hand painted","description":"Wall art - D124-1 - 100% hand-painted painting on canvas. Wall art, abstract paintings, reproduction of famous painting and custom paintings made by order.","robots":{"index":"index","follow":"follow","max-snippet":"max-snippet:-1","max-image-preview":"max-image-preview:large","max-video-preview":"max-video-preview:-1"},"canonical":"https:\/\/svetslik.si\/en\/wall-art-paintings-on-canvas-two-panels\/wall-art-d124-1\/","og_locale":"en_US","og_type":"article","og_title":"Wall art - D124-1","og_description":"100% ro\u010dno naslikane slike na platnu, reprodukcije znanih slikarjev in umetni\u0161ke slike po naro\u010dilu.","og_url":"https:\/\/svetslik.si\/en\/wall-art-paintings-on-canvas-two-panels\/wall-art-d124-1\/","og_site_name":"SVETSLIK.SI","article_publisher":"https:\/\/www.facebook.com\/svetslik.si","article_modified_time":"2023-11-04T11:16:37+00:00","og_image":[{"width":1500,"height":1034,"url":"https:\/\/svetslik.si\/wp-content\/uploads\/2022\/08\/Dvodelne-slike-na-platnu-\u2013-D124-1.png","type":"image\/png"}],"twitter_card":"summary_large_image","twitter_site":"@svetslik","twitter_misc":{"Availability":"On backorder"},"schema":{"@context":"https:\/\/schema.org","@graph":[{"@type":["WebPage","ItemPage"],"@id":"https:\/\/svetslik.si\/en\/wall-art-paintings-on-canvas-two-panels\/wall-art-d124-1\/","url":"https:\/\/svetslik.si\/en\/wall-art-paintings-on-canvas-two-panels\/wall-art-d124-1\/","name":"Wall art - D124-1 - SVETSLIK.SI - 100% hand painted","isPartOf":{"@id":"https:\/\/svetslik.si\/en\/#website"},"primaryImageOfPage":{"@id":"https:\/\/svetslik.si\/en\/wall-art-paintings-on-canvas-two-panels\/wall-art-d124-1\/#primaryimage"},"image":{"@id":"https:\/\/svetslik.si\/en\/wall-art-paintings-on-canvas-two-panels\/wall-art-d124-1\/#primaryimage"},"thumbnailUrl":"https:\/\/svetslik.si\/wp-content\/uploads\/2022\/08\/Dvodelne-slike-na-platnu-\u2013-D124-1.png","datePublished":"2022-08-25T09:15:30+00:00","dateModified":"2023-11-04T11:16:37+00:00","description":"Wall art - D124-1 - 100% hand-painted painting on canvas. Wall art, abstract paintings, reproduction of famous painting and custom paintings made by order.","breadcrumb":{"@id":"https:\/\/svetslik.si\/en\/wall-art-paintings-on-canvas-two-panels\/wall-art-d124-1\/#breadcrumb"},"inLanguage":"en-US","potentialAction":[{"@type":"ReadAction","target":["https:\/\/svetslik.si\/en\/wall-art-paintings-on-canvas-two-panels\/wall-art-d124-1\/"]}]},{"@type":"ImageObject","inLanguage":"en-US","@id":"https:\/\/svetslik.si\/en\/wall-art-paintings-on-canvas-two-panels\/wall-art-d124-1\/#primaryimage","url":"https:\/\/svetslik.si\/wp-content\/uploads\/2022\/08\/Dvodelne-slike-na-platnu-\u2013-D124-1.png","contentUrl":"https:\/\/svetslik.si\/wp-content\/uploads\/2022\/08\/Dvodelne-slike-na-platnu-\u2013-D124-1.png","width":1500,"height":1034,"caption":"\"D124-1\" is a two-panel canvas painting that intertwines elements of form and color, creating a harmonious visual narrative that engages the viewer."},{"@type":"BreadcrumbList","@id":"https:\/\/svetslik.si\/en\/wall-art-paintings-on-canvas-two-panels\/wall-art-d124-1\/#breadcrumb","itemListElement":[{"@type":"ListItem","position":1,"name":"Wall art and paintings on canvas","item":"https:\/\/svetslik.si\/en\/"},{"@type":"ListItem","position":2,"name":"Sale of paintings","item":"https:\/\/svetslik.si\/prodaja-slik\/"},{"@type":"ListItem","position":3,"name":"Wall art &#8211; D124-1"}]},{"@type":"WebSite","@id":"https:\/\/svetslik.si\/en\/#website","url":"https:\/\/svetslik.si\/en\/","name":"SVETSLIK.SI","description":"100% ru\u010dno naslikane reprodukcije slika poznatih slikara in umjetni\u010dke zidne slike na platnu.","publisher":{"@id":"https:\/\/svetslik.si\/en\/#organization"},"potentialAction":[{"@type":"SearchAction","target":{"@type":"EntryPoint","urlTemplate":"https:\/\/svetslik.si\/en\/?s={search_term_string}"},"query-input":{"@type":"PropertyValueSpecification","valueRequired":true,"valueName":"search_term_string"}}],"inLanguage":"en-US"},{"@type":"Organization","@id":"https:\/\/svetslik.si\/en\/#organization","name":"SvetSlik.si","url":"https:\/\/svetslik.si\/en\/","logo":{"@type":"ImageObject","inLanguage":"en-US","@id":"https:\/\/svetslik.si\/en\/#\/schema\/logo\/image\/","url":"https:\/\/svetslik.si\/wp-content\/uploads\/2020\/12\/logo-512.png","contentUrl":"https:\/\/svetslik.si\/wp-content\/uploads\/2020\/12\/logo-512.png","width":512,"height":512,"caption":"SvetSlik.si"},"image":{"@id":"https:\/\/svetslik.si\/en\/#\/schema\/logo\/image\/"},"sameAs":["https:\/\/www.facebook.com\/svetslik.si","https:\/\/x.com\/svetslik","https:\/\/www.instagram.com\/svetslik.si\/","https:\/\/www.linkedin.com\/company\/svetslik-si"]}]},"og_availability":"backorder","product_availability":"available for order","product_retailer_item_id":"979__-1-5","product_condition":"new"},"jetpack_sharing_enabled":true,"_links":{"self":[{"href":"https:\/\/svetslik.si\/en\/wp-json\/wp\/v2\/product\/88461","targetHints":{"allow":["GET"]}}],"collection":[{"href":"https:\/\/svetslik.si\/en\/wp-json\/wp\/v2\/product"}],"about":[{"href":"https:\/\/svetslik.si\/en\/wp-json\/wp\/v2\/types\/product"}],"wp:featuredmedia":[{"embeddable":true,"href":"https:\/\/svetslik.si\/en\/wp-json\/wp\/v2\/media\/103188"}],"wp:attachment":[{"href":"https:\/\/svetslik.si\/en\/wp-json\/wp\/v2\/media?parent=88461"}],"wp:term":[{"taxonomy":"product_brand","embeddable":true,"href":"https:\/\/svetslik.si\/en\/wp-json\/wp\/v2\/product_brand?post=88461"},{"taxonomy":"product_cat","embeddable":true,"href":"https:\/\/svetslik.si\/en\/wp-json\/wp\/v2\/product_cat?post=88461"},{"taxonomy":"product_tag","embeddable":true,"href":"https:\/\/svetslik.si\/en\/wp-json\/wp\/v2\/product_tag?post=88461"}],"curies":[{"name":"wp","href":"https:\/\/api.w.org\/{rel}","templated":true}]}}