{"id":88860,"date":"2022-10-20T17:58:30","date_gmt":"2022-10-20T15:58:30","guid":{"rendered":"https:\/\/svetslik.si\/uncategorized\/mark-rothko-no-10\/"},"modified":"2025-12-19T15:20:37","modified_gmt":"2025-12-19T14:20:37","slug":"mark-rothko-no-10","status":"publish","type":"product","link":"https:\/\/svetslik.si\/en\/mark-rothko-en\/mark-rothko-no-10\/","title":{"rendered":"Mark Rothko &#8211; No.10"},"content":{"rendered":"<div class=\"wpb-content-wrapper\">[vc_row css=&#8221;.vc_custom_1766153241844{margin-bottom: 5px !important;}&#8221;][vc_column]\t<div class=\"et-image-112 et-image     et_image_link\">\n\t\t<div class=\"et-image-inner \">\n\t\t\t\t\t\t\t<div class=\"et-image-thumb \">\n\t\t\t\t\t<img decoding=\"async\" width=\"1500\" height=\"1671\" src=\"https:\/\/svetslik.si\/wp-content\/uploads\/2022\/10\/Mark-Rothko-\u2013-No.10-umetniske-slike-na-platnu.webp\" class=\"attachment-full\" alt=\"Mark Rothko - No.10\" title=\"Mark Rothko - No.10\" srcset=\"https:\/\/svetslik.si\/wp-content\/uploads\/2022\/10\/Mark-Rothko-\u2013-No.10-umetniske-slike-na-platnu.webp 1500w, https:\/\/svetslik.si\/wp-content\/uploads\/2022\/10\/Mark-Rothko-\u2013-No.10-umetniske-slike-na-platnu-269x300.webp 269w, https:\/\/svetslik.si\/wp-content\/uploads\/2022\/10\/Mark-Rothko-\u2013-No.10-umetniske-slike-na-platnu-919x1024.webp 919w, https:\/\/svetslik.si\/wp-content\/uploads\/2022\/10\/Mark-Rothko-\u2013-No.10-umetniske-slike-na-platnu-768x856.webp 768w, https:\/\/svetslik.si\/wp-content\/uploads\/2022\/10\/Mark-Rothko-\u2013-No.10-umetniske-slike-na-platnu-1379x1536.webp 1379w, https:\/\/svetslik.si\/wp-content\/uploads\/2022\/10\/Mark-Rothko-\u2013-No.10-umetniske-slike-na-platnu-135x150.webp 135w, https:\/\/svetslik.si\/wp-content\/uploads\/2022\/10\/Mark-Rothko-\u2013-No.10-umetniske-slike-na-platnu-600x668.webp 600w, https:\/\/svetslik.si\/wp-content\/uploads\/2022\/10\/Mark-Rothko-\u2013-No.10-umetniske-slike-na-platnu-1200x1337.webp 1200w\" sizes=\"(max-width: 1500px) 100vw, 1500px\" \/>\t\t\t\t<\/div>\n\t\t\t\t\t\t\t\t\t\t\t<\/div>\n\t<\/div>\n  [\/vc_column][\/vc_row][vc_row css=&#8221;.vc_custom_1766153241844{margin-bottom: 5px !important;}&#8221;][vc_column]\t<div class=\"et-image-197 et-image     et_image_link\">\n\t\t<div class=\"et-image-inner \">\n\t\t\t\t\t\t\t<div class=\"et-image-thumb \">\n\t\t\t\t\t<img decoding=\"async\" width=\"1500\" height=\"1784\" src=\"https:\/\/svetslik.si\/wp-content\/uploads\/2022\/10\/Mark-Rothko-\u2013-No.10-umetniske-slike-na-platnu-2.webp\" class=\"attachment-full\" alt=\"Mark Rothko - No.10\" title=\"Mark Rothko - No.10\" srcset=\"https:\/\/svetslik.si\/wp-content\/uploads\/2022\/10\/Mark-Rothko-\u2013-No.10-umetniske-slike-na-platnu-2.webp 1500w, https:\/\/svetslik.si\/wp-content\/uploads\/2022\/10\/Mark-Rothko-\u2013-No.10-umetniske-slike-na-platnu-2-252x300.webp 252w, https:\/\/svetslik.si\/wp-content\/uploads\/2022\/10\/Mark-Rothko-\u2013-No.10-umetniske-slike-na-platnu-2-861x1024.webp 861w, https:\/\/svetslik.si\/wp-content\/uploads\/2022\/10\/Mark-Rothko-\u2013-No.10-umetniske-slike-na-platnu-2-768x913.webp 768w, https:\/\/svetslik.si\/wp-content\/uploads\/2022\/10\/Mark-Rothko-\u2013-No.10-umetniske-slike-na-platnu-2-1291x1536.webp 1291w, https:\/\/svetslik.si\/wp-content\/uploads\/2022\/10\/Mark-Rothko-\u2013-No.10-umetniske-slike-na-platnu-2-126x150.webp 126w, https:\/\/svetslik.si\/wp-content\/uploads\/2022\/10\/Mark-Rothko-\u2013-No.10-umetniske-slike-na-platnu-2-600x714.webp 600w, https:\/\/svetslik.si\/wp-content\/uploads\/2022\/10\/Mark-Rothko-\u2013-No.10-umetniske-slike-na-platnu-2-1200x1427.webp 1200w\" sizes=\"(max-width: 1500px) 100vw, 1500px\" \/>\t\t\t\t<\/div>\n\t\t\t\t\t\t\t\t\t\t\t<\/div>\n\t<\/div>\n  [\/vc_column][\/vc_row][vc_row css=&#8221;.vc_custom_1766153241844{margin-bottom: 5px !important;}&#8221;][vc_column]\t<div class=\"et-image-854 et-image     et_image_link\">\n\t\t<div class=\"et-image-inner \">\n\t\t\t\t\t\t\t<div class=\"et-image-thumb \">\n\t\t\t\t\t<img decoding=\"async\" width=\"1500\" height=\"1650\" src=\"https:\/\/svetslik.si\/wp-content\/uploads\/2022\/10\/Mark-Rothko-\u2013-No.10-umetniske-slike-na-platnu-3.jpg\" class=\"attachment-full\" alt=\"Mark Rothko - No.10\" title=\"Mark Rothko - No.10\" srcset=\"https:\/\/svetslik.si\/wp-content\/uploads\/2022\/10\/Mark-Rothko-\u2013-No.10-umetniske-slike-na-platnu-3.jpg 1500w, https:\/\/svetslik.si\/wp-content\/uploads\/2022\/10\/Mark-Rothko-\u2013-No.10-umetniske-slike-na-platnu-3-273x300.jpg 273w, https:\/\/svetslik.si\/wp-content\/uploads\/2022\/10\/Mark-Rothko-\u2013-No.10-umetniske-slike-na-platnu-3-931x1024.jpg 931w, https:\/\/svetslik.si\/wp-content\/uploads\/2022\/10\/Mark-Rothko-\u2013-No.10-umetniske-slike-na-platnu-3-768x845.jpg 768w, https:\/\/svetslik.si\/wp-content\/uploads\/2022\/10\/Mark-Rothko-\u2013-No.10-umetniske-slike-na-platnu-3-1396x1536.jpg 1396w, https:\/\/svetslik.si\/wp-content\/uploads\/2022\/10\/Mark-Rothko-\u2013-No.10-umetniske-slike-na-platnu-3-136x150.jpg 136w, https:\/\/svetslik.si\/wp-content\/uploads\/2022\/10\/Mark-Rothko-\u2013-No.10-umetniske-slike-na-platnu-3-600x660.jpg 600w, https:\/\/svetslik.si\/wp-content\/uploads\/2022\/10\/Mark-Rothko-\u2013-No.10-umetniske-slike-na-platnu-3-1200x1320.jpg 1200w\" sizes=\"(max-width: 1500px) 100vw, 1500px\" \/>\t\t\t\t<\/div>\n\t\t\t\t\t\t\t\t\t\t\t<\/div>\n\t<\/div>\n  [\/vc_column][\/vc_row][vc_row css=&#8221;.vc_custom_1766153241844{margin-bottom: 5px !important;}&#8221;][vc_column]\t<div class=\"et-image-805 et-image     et_image_link\">\n\t\t<div class=\"et-image-inner \">\n\t\t\t\t\t\t\t<div class=\"et-image-thumb \">\n\t\t\t\t\t<img decoding=\"async\" width=\"1500\" height=\"1125\" src=\"https:\/\/svetslik.si\/wp-content\/uploads\/2022\/10\/Mark-Rothko-\u2013-No.10-umetniske-slike-na-platnu-4.jpg\" class=\"attachment-full\" alt=\"Mark Rothko - No.10\" title=\"Mark Rothko - No.10\" srcset=\"https:\/\/svetslik.si\/wp-content\/uploads\/2022\/10\/Mark-Rothko-\u2013-No.10-umetniske-slike-na-platnu-4.jpg 1500w, https:\/\/svetslik.si\/wp-content\/uploads\/2022\/10\/Mark-Rothko-\u2013-No.10-umetniske-slike-na-platnu-4-300x225.jpg 300w, https:\/\/svetslik.si\/wp-content\/uploads\/2022\/10\/Mark-Rothko-\u2013-No.10-umetniske-slike-na-platnu-4-1024x768.jpg 1024w, https:\/\/svetslik.si\/wp-content\/uploads\/2022\/10\/Mark-Rothko-\u2013-No.10-umetniske-slike-na-platnu-4-768x576.jpg 768w, https:\/\/svetslik.si\/wp-content\/uploads\/2022\/10\/Mark-Rothko-\u2013-No.10-umetniske-slike-na-platnu-4-150x113.jpg 150w, https:\/\/svetslik.si\/wp-content\/uploads\/2022\/10\/Mark-Rothko-\u2013-No.10-umetniske-slike-na-platnu-4-600x450.jpg 600w, https:\/\/svetslik.si\/wp-content\/uploads\/2022\/10\/Mark-Rothko-\u2013-No.10-umetniske-slike-na-platnu-4-1200x900.jpg 1200w\" sizes=\"(max-width: 1500px) 100vw, 1500px\" \/>\t\t\t\t<\/div>\n\t\t\t\t\t\t\t\t\t\t\t<\/div>\n\t<\/div>\n  [\/vc_column][\/vc_row][vc_row][vc_column][vc_column_text]\n<h1>Mark Rothko &#8211; No.10<\/h1>\n<p>&nbsp;<\/p>\n<table style=\"width: 673px;\" border=\"0\" width=\"673\" cellspacing=\"0\" cellpadding=\"0\">\n<tbody>\n<tr>\n<td style=\"width: 180px; height: 21px;\" height=\"21\">Year of Creation:<\/td>\n<td style=\"width: 493px;\">1950<\/td>\n<\/tr>\n<tr>\n<td style=\"width: 180px; height: 21px;\" height=\"21\">Original size:<\/td>\n<td style=\"width: 493px;\">229.6 cm x 145.1 cm<\/td>\n<\/tr>\n<tr>\n<td style=\"width: 180px; height: 21px;\" height=\"21\">Paint style:<\/td>\n<td style=\"width: 493px;\">Abstraction<\/td>\n<\/tr>\n<tr>\n<td style=\"width: 180px; height: 21px;\" height=\"21\">Original technique:<\/td>\n<td>Oil on canvas<\/td>\n<\/tr>\n<tr>\n<td style=\"width: 180px; height: 21px;\" height=\"21\">Located:<\/td>\n<td><em>New York<\/em><\/td>\n<\/tr>\n<\/tbody>\n<colgroup>\n<col \/>\n<col \/> <\/colgroup>\n<\/table>\n<p>Image no. 10 is an image with a large central black rectangle surrounded by smaller white and gray rectangles. The central black rectangle is bordered on the left and right by a thin white rectangle, and above and below by a thin gray rectangle. The image is characterized by simplicity, where the focus is exclusively on the interweaving of three colors.<\/p>\n<p>The painting was created in 1958 and is considered one of Rothko&#8217;s most powerful and striking works. It is a stunning work that demonstrates Rothko&#8217;s ability to use color to create a sense of depth and movement in an image. The use of a central black rectangle surrounded by white and gray rectangles creates a sense of tension and drama in the image.<\/p>\n<p>Rothko&#8217;s works are known for their emotional impact and ability to evoke a sense of contemplation in the viewer. Image no. 10 is no exception, as it is strong and suggestive due to the simplicity of the composition and the use of only three colors, black, white and gray.<\/p>\n<p>Image no. 10 is currently in the collection of the National Gallery of Art in Washington, USA, and is considered one of the most important works of Rothko&#8217;s career. She is still celebrated and admired by art lovers and critics alike.<\/p>\n<p>In short, Mark Rothko was an American painter who was one of the leading representatives of the Color Field movement. One of his most famous works is work no. 10, also known as &#8220;Black, White and Grey&#8221;. This painting is a powerful and evocative work that demonstrates Rothko&#8217;s ability to use color to create a sense of depth and movement in an image. It is still celebrated and admired by art lovers and critics alike, and is considered one of the most important works of Rothko&#8217;s career.<\/p>\n<\/div>","protected":false},"excerpt":{"rendered":"<p>[vc_row css=&#8221;.vc_custom_1766153241844{margin-bottom: 5px !important;}&#8221;][vc_column][\/vc_column][\/vc_row][vc_row css=&#8221;.vc_custom_1766153241844{margin-bottom: 5px !important;}&#8221;][vc_column][\/vc_column][\/vc_row][vc_row css=&#8221;.vc_custom_1766153241844{margin-bottom: 5px !important;}&#8221;][vc_column][\/vc_column][\/vc_row][vc_row css=&#8221;.vc_custom_1766153241844{margin-bottom: 5px !important;}&#8221;][vc_column][\/vc_column][\/vc_row][vc_row][vc_column][vc_column_text] Mark Rothko &#8211; No.10 &nbsp; Year of Creation: 1950 Original size: 229.6 cm x 145.1 cm Paint style: Abstraction Original technique: Oil on canvas Located: New York Image no. 10 is an image with a large central [&hellip;]<\/p>\n","protected":false},"featured_media":80281,"template":"","meta":{"_acf_changed":false},"product_brand":[],"product_cat":[9797],"product_tag":[9870,9862,9863,9865],"class_list":{"0":"post-88860","1":"product","2":"type-product","3":"status-publish","4":"has-post-thumbnail","6":"product_cat-mark-rothko-en","7":"product_tag-painter","8":"product_tag-reproduction-en","9":"product_tag-reproductions","10":"product_tag-rothko-en","11":"pa_dimenzija-100-cm-x-66-cm-en","12":"pa_dimenzija-110-cm-x-72-cm-en","13":"pa_dimenzija-120-cm-x-78-cm-en","14":"pa_dimenzija-130-cm-x-84-cm-en","15":"pa_dimenzija-150-cm-x-96-cm-en","16":"pa_dimenzija-175-cm-x-112-cm-en","17":"pa_dimenzija-200-cm-x-128-cm-en","18":"pa_dimenzija-230-cm-x-145-cm-en","19":"pa_dimenzija-250-cm-x-159-cm-en","20":"pa_dimenzija-40-cm-x-28-cm-en","21":"pa_dimenzija-50-cm-x-35-cm-en","22":"pa_dimenzija-60-cm-x-42-cm-en","23":"pa_dimenzija-70-cm-x-48-cm-en","24":"pa_dimenzija-80-cm-x-54-cm-en","25":"pa_dimenzija-90-cm-x-60-cm-en","26":"pa_oblika-vertical","27":"pa_okvir-without-frame","28":"pa_podokvir-without","29":"pa_podokvir-yes","31":"first","32":"onbackorder","33":"purchasable","34":"product-type-variable","35":"has-default-attributes"},"acf":[],"yoast_head":"<!-- This site is optimized with the Yoast SEO Premium plugin v26.0 (Yoast SEO v27.2) - https:\/\/yoast.com\/product\/yoast-seo-premium-wordpress\/ -->\n<title>Mark Rothko - No.10 - SVETSLIK.SI - 100% hand painted<\/title>\n<meta name=\"description\" content=\"Mark Rothko - No.10 - 100% hand-painted reproduction of famous paintings by famous artists. Wall art, abstract paintings and custom painted paintings by order.\" \/>\n<meta name=\"robots\" content=\"index, follow, max-snippet:-1, max-image-preview:large, max-video-preview:-1\" \/>\n<link rel=\"canonical\" href=\"https:\/\/svetslik.si\/en\/mark-rothko-en\/mark-rothko-no-10\/\" \/>\n<meta property=\"og:locale\" content=\"en_US\" \/>\n<meta property=\"og:type\" content=\"article\" \/>\n<meta property=\"og:title\" content=\"Mark Rothko - No.10\" \/>\n<meta property=\"og:description\" content=\"100% ro\u010dno naslikane slike na platnu, reprodukcije znanih slikarjev in umetni\u0161ke slike po naro\u010dilu.\" \/>\n<meta property=\"og:url\" content=\"https:\/\/svetslik.si\/en\/mark-rothko-en\/mark-rothko-no-10\/\" \/>\n<meta property=\"og:site_name\" content=\"SVETSLIK.SI\" \/>\n<meta property=\"article:publisher\" content=\"https:\/\/www.facebook.com\/svetslik.si\" \/>\n<meta property=\"article:modified_time\" content=\"2025-12-19T14:20:37+00:00\" \/>\n<meta property=\"og:image\" content=\"https:\/\/svetslik.si\/wp-content\/uploads\/2022\/10\/Mark-Rothko-No.10.jpg\" \/>\n\t<meta property=\"og:image:width\" content=\"959\" \/>\n\t<meta property=\"og:image:height\" content=\"1500\" \/>\n\t<meta property=\"og:image:type\" content=\"image\/jpeg\" \/>\n<meta name=\"twitter:card\" content=\"summary_large_image\" \/>\n<meta name=\"twitter:site\" content=\"@svetslik\" \/>\n<meta name=\"twitter:label1\" content=\"Availability\" \/>\n\t<meta name=\"twitter:data1\" content=\"On backorder\" \/>\n<script type=\"application\/ld+json\" class=\"yoast-schema-graph\">{\"@context\":\"https:\/\/schema.org\",\"@graph\":[{\"@type\":[\"WebPage\",\"ItemPage\"],\"@id\":\"https:\/\/svetslik.si\/en\/mark-rothko-en\/mark-rothko-no-10\/\",\"url\":\"https:\/\/svetslik.si\/en\/mark-rothko-en\/mark-rothko-no-10\/\",\"name\":\"Mark Rothko - No.10 - SVETSLIK.SI - 100% hand painted\",\"isPartOf\":{\"@id\":\"https:\/\/svetslik.si\/en\/#website\"},\"primaryImageOfPage\":{\"@id\":\"https:\/\/svetslik.si\/en\/mark-rothko-en\/mark-rothko-no-10\/#primaryimage\"},\"image\":{\"@id\":\"https:\/\/svetslik.si\/en\/mark-rothko-en\/mark-rothko-no-10\/#primaryimage\"},\"thumbnailUrl\":\"https:\/\/svetslik.si\/wp-content\/uploads\/2022\/10\/Mark-Rothko-No.10.jpg\",\"datePublished\":\"2022-10-20T15:58:30+00:00\",\"dateModified\":\"2025-12-19T14:20:37+00:00\",\"description\":\"Mark Rothko - No.10 - 100% hand-painted reproduction of famous paintings by famous artists. Wall art, abstract paintings and custom painted paintings by order.\",\"breadcrumb\":{\"@id\":\"https:\/\/svetslik.si\/en\/mark-rothko-en\/mark-rothko-no-10\/#breadcrumb\"},\"inLanguage\":\"en-US\",\"potentialAction\":[{\"@type\":\"ReadAction\",\"target\":[\"https:\/\/svetslik.si\/en\/mark-rothko-en\/mark-rothko-no-10\/\"]}]},{\"@type\":\"ImageObject\",\"inLanguage\":\"en-US\",\"@id\":\"https:\/\/svetslik.si\/en\/mark-rothko-en\/mark-rothko-no-10\/#primaryimage\",\"url\":\"https:\/\/svetslik.si\/wp-content\/uploads\/2022\/10\/Mark-Rothko-No.10.jpg\",\"contentUrl\":\"https:\/\/svetslik.si\/wp-content\/uploads\/2022\/10\/Mark-Rothko-No.10.jpg\",\"width\":959,\"height\":1500,\"caption\":\"Mark Rothko - No.10 (reproduction, famous painting, famous artist)\"},{\"@type\":\"BreadcrumbList\",\"@id\":\"https:\/\/svetslik.si\/en\/mark-rothko-en\/mark-rothko-no-10\/#breadcrumb\",\"itemListElement\":[{\"@type\":\"ListItem\",\"position\":1,\"name\":\"Wall art and paintings on canvas\",\"item\":\"https:\/\/svetslik.si\/en\/\"},{\"@type\":\"ListItem\",\"position\":2,\"name\":\"Sale of paintings\",\"item\":\"https:\/\/svetslik.si\/prodaja-slik\/\"},{\"@type\":\"ListItem\",\"position\":3,\"name\":\"Mark Rothko &#8211; No.10\"}]},{\"@type\":\"WebSite\",\"@id\":\"https:\/\/svetslik.si\/en\/#website\",\"url\":\"https:\/\/svetslik.si\/en\/\",\"name\":\"SVETSLIK.SI\",\"description\":\"100% ru\u010dno naslikane reprodukcije slika poznatih slikara in umjetni\u010dke zidne slike na platnu.\",\"publisher\":{\"@id\":\"https:\/\/svetslik.si\/en\/#organization\"},\"potentialAction\":[{\"@type\":\"SearchAction\",\"target\":{\"@type\":\"EntryPoint\",\"urlTemplate\":\"https:\/\/svetslik.si\/en\/?s={search_term_string}\"},\"query-input\":{\"@type\":\"PropertyValueSpecification\",\"valueRequired\":true,\"valueName\":\"search_term_string\"}}],\"inLanguage\":\"en-US\"},{\"@type\":\"Organization\",\"@id\":\"https:\/\/svetslik.si\/en\/#organization\",\"name\":\"SvetSlik.si\",\"url\":\"https:\/\/svetslik.si\/en\/\",\"logo\":{\"@type\":\"ImageObject\",\"inLanguage\":\"en-US\",\"@id\":\"https:\/\/svetslik.si\/en\/#\/schema\/logo\/image\/\",\"url\":\"https:\/\/svetslik.si\/wp-content\/uploads\/2020\/12\/logo-512.png\",\"contentUrl\":\"https:\/\/svetslik.si\/wp-content\/uploads\/2020\/12\/logo-512.png\",\"width\":512,\"height\":512,\"caption\":\"SvetSlik.si\"},\"image\":{\"@id\":\"https:\/\/svetslik.si\/en\/#\/schema\/logo\/image\/\"},\"sameAs\":[\"https:\/\/www.facebook.com\/svetslik.si\",\"https:\/\/x.com\/svetslik\",\"https:\/\/www.instagram.com\/svetslik.si\/\",\"https:\/\/www.linkedin.com\/company\/svetslik-si\"]}]}<\/script>\n<meta property=\"og:availability\" content=\"backorder\" \/>\n<meta property=\"product:availability\" content=\"available for order\" \/>\n<meta property=\"product:retailer_item_id\" content=\"405_1_-1-1-1\" \/>\n<meta property=\"product:condition\" content=\"new\" \/>\n<!-- \/ Yoast SEO Premium plugin. -->","yoast_head_json":{"title":"Mark Rothko - No.10 - SVETSLIK.SI - 100% hand painted","description":"Mark Rothko - No.10 - 100% hand-painted reproduction of famous paintings by famous artists. Wall art, abstract paintings and custom painted paintings by order.","robots":{"index":"index","follow":"follow","max-snippet":"max-snippet:-1","max-image-preview":"max-image-preview:large","max-video-preview":"max-video-preview:-1"},"canonical":"https:\/\/svetslik.si\/en\/mark-rothko-en\/mark-rothko-no-10\/","og_locale":"en_US","og_type":"article","og_title":"Mark Rothko - No.10","og_description":"100% ro\u010dno naslikane slike na platnu, reprodukcije znanih slikarjev in umetni\u0161ke slike po naro\u010dilu.","og_url":"https:\/\/svetslik.si\/en\/mark-rothko-en\/mark-rothko-no-10\/","og_site_name":"SVETSLIK.SI","article_publisher":"https:\/\/www.facebook.com\/svetslik.si","article_modified_time":"2025-12-19T14:20:37+00:00","og_image":[{"width":959,"height":1500,"url":"https:\/\/svetslik.si\/wp-content\/uploads\/2022\/10\/Mark-Rothko-No.10.jpg","type":"image\/jpeg"}],"twitter_card":"summary_large_image","twitter_site":"@svetslik","twitter_misc":{"Availability":"On backorder"},"schema":{"@context":"https:\/\/schema.org","@graph":[{"@type":["WebPage","ItemPage"],"@id":"https:\/\/svetslik.si\/en\/mark-rothko-en\/mark-rothko-no-10\/","url":"https:\/\/svetslik.si\/en\/mark-rothko-en\/mark-rothko-no-10\/","name":"Mark Rothko - No.10 - SVETSLIK.SI - 100% hand painted","isPartOf":{"@id":"https:\/\/svetslik.si\/en\/#website"},"primaryImageOfPage":{"@id":"https:\/\/svetslik.si\/en\/mark-rothko-en\/mark-rothko-no-10\/#primaryimage"},"image":{"@id":"https:\/\/svetslik.si\/en\/mark-rothko-en\/mark-rothko-no-10\/#primaryimage"},"thumbnailUrl":"https:\/\/svetslik.si\/wp-content\/uploads\/2022\/10\/Mark-Rothko-No.10.jpg","datePublished":"2022-10-20T15:58:30+00:00","dateModified":"2025-12-19T14:20:37+00:00","description":"Mark Rothko - No.10 - 100% hand-painted reproduction of famous paintings by famous artists. Wall art, abstract paintings and custom painted paintings by order.","breadcrumb":{"@id":"https:\/\/svetslik.si\/en\/mark-rothko-en\/mark-rothko-no-10\/#breadcrumb"},"inLanguage":"en-US","potentialAction":[{"@type":"ReadAction","target":["https:\/\/svetslik.si\/en\/mark-rothko-en\/mark-rothko-no-10\/"]}]},{"@type":"ImageObject","inLanguage":"en-US","@id":"https:\/\/svetslik.si\/en\/mark-rothko-en\/mark-rothko-no-10\/#primaryimage","url":"https:\/\/svetslik.si\/wp-content\/uploads\/2022\/10\/Mark-Rothko-No.10.jpg","contentUrl":"https:\/\/svetslik.si\/wp-content\/uploads\/2022\/10\/Mark-Rothko-No.10.jpg","width":959,"height":1500,"caption":"Mark Rothko - No.10 (reproduction, famous painting, famous artist)"},{"@type":"BreadcrumbList","@id":"https:\/\/svetslik.si\/en\/mark-rothko-en\/mark-rothko-no-10\/#breadcrumb","itemListElement":[{"@type":"ListItem","position":1,"name":"Wall art and paintings on canvas","item":"https:\/\/svetslik.si\/en\/"},{"@type":"ListItem","position":2,"name":"Sale of paintings","item":"https:\/\/svetslik.si\/prodaja-slik\/"},{"@type":"ListItem","position":3,"name":"Mark Rothko &#8211; No.10"}]},{"@type":"WebSite","@id":"https:\/\/svetslik.si\/en\/#website","url":"https:\/\/svetslik.si\/en\/","name":"SVETSLIK.SI","description":"100% ru\u010dno naslikane reprodukcije slika poznatih slikara in umjetni\u010dke zidne slike na platnu.","publisher":{"@id":"https:\/\/svetslik.si\/en\/#organization"},"potentialAction":[{"@type":"SearchAction","target":{"@type":"EntryPoint","urlTemplate":"https:\/\/svetslik.si\/en\/?s={search_term_string}"},"query-input":{"@type":"PropertyValueSpecification","valueRequired":true,"valueName":"search_term_string"}}],"inLanguage":"en-US"},{"@type":"Organization","@id":"https:\/\/svetslik.si\/en\/#organization","name":"SvetSlik.si","url":"https:\/\/svetslik.si\/en\/","logo":{"@type":"ImageObject","inLanguage":"en-US","@id":"https:\/\/svetslik.si\/en\/#\/schema\/logo\/image\/","url":"https:\/\/svetslik.si\/wp-content\/uploads\/2020\/12\/logo-512.png","contentUrl":"https:\/\/svetslik.si\/wp-content\/uploads\/2020\/12\/logo-512.png","width":512,"height":512,"caption":"SvetSlik.si"},"image":{"@id":"https:\/\/svetslik.si\/en\/#\/schema\/logo\/image\/"},"sameAs":["https:\/\/www.facebook.com\/svetslik.si","https:\/\/x.com\/svetslik","https:\/\/www.instagram.com\/svetslik.si\/","https:\/\/www.linkedin.com\/company\/svetslik-si"]}]},"og_availability":"backorder","product_availability":"available for order","product_retailer_item_id":"405_1_-1-1-1","product_condition":"new"},"jetpack_sharing_enabled":true,"_links":{"self":[{"href":"https:\/\/svetslik.si\/en\/wp-json\/wp\/v2\/product\/88860","targetHints":{"allow":["GET"]}}],"collection":[{"href":"https:\/\/svetslik.si\/en\/wp-json\/wp\/v2\/product"}],"about":[{"href":"https:\/\/svetslik.si\/en\/wp-json\/wp\/v2\/types\/product"}],"wp:featuredmedia":[{"embeddable":true,"href":"https:\/\/svetslik.si\/en\/wp-json\/wp\/v2\/media\/80281"}],"wp:attachment":[{"href":"https:\/\/svetslik.si\/en\/wp-json\/wp\/v2\/media?parent=88860"}],"wp:term":[{"taxonomy":"product_brand","embeddable":true,"href":"https:\/\/svetslik.si\/en\/wp-json\/wp\/v2\/product_brand?post=88860"},{"taxonomy":"product_cat","embeddable":true,"href":"https:\/\/svetslik.si\/en\/wp-json\/wp\/v2\/product_cat?post=88860"},{"taxonomy":"product_tag","embeddable":true,"href":"https:\/\/svetslik.si\/en\/wp-json\/wp\/v2\/product_tag?post=88860"}],"curies":[{"name":"wp","href":"https:\/\/api.w.org\/{rel}","templated":true}]}}