{"id":89158,"date":"2022-12-13T18:29:30","date_gmt":"2022-12-13T17:29:30","guid":{"rendered":"https:\/\/svetslik.si\/uncategorized\/amedeo-modigliani-reclining-nude-iii\/"},"modified":"2026-03-22T17:59:31","modified_gmt":"2026-03-22T16:59:31","slug":"amedeo-modigliani-reclining-nude-iii","status":"publish","type":"product","link":"https:\/\/svetslik.si\/en\/amedeo-modigliani-en\/amedeo-modigliani-reclining-nude-iii\/","title":{"rendered":"Amedeo Modigliani &#8211; Reclining Nude III"},"content":{"rendered":"<div class=\"wpb-content-wrapper\">[vc_row css=&#8221;.vc_custom_1670952860781{margin-bottom: 10px !important;}&#8221;][vc_column]\t<div class=\"et-image-60 et-image     et_image_link\">\n\t\t<div class=\"et-image-inner \">\n\t\t\t\t\t\t\t<div class=\"et-image-thumb \">\n\t\t\t\t\t<img decoding=\"async\" width=\"2560\" height=\"1782\" src=\"https:\/\/svetslik.si\/wp-content\/uploads\/2022\/12\/Amedeo-Modigliani-Reclining-Nude-III-scaled.jpg\" class=\"attachment-full\" alt=\"Amedeo Modigliani - Reclining Nude III: reproduction of famous painting, painting on canvas, Amedeo Modigliani, Reclining Nude III\" title=\"Amedeo Modigliani - Reclining Nude III: reproduction of famous painting, painting on canvas, Amedeo Modigliani, Reclining Nude III\" srcset=\"https:\/\/svetslik.si\/wp-content\/uploads\/2022\/12\/Amedeo-Modigliani-Reclining-Nude-III-scaled.jpg 2560w, https:\/\/svetslik.si\/wp-content\/uploads\/2022\/12\/Amedeo-Modigliani-Reclining-Nude-III-scaled-600x418.jpg 600w, https:\/\/svetslik.si\/wp-content\/uploads\/2022\/12\/Amedeo-Modigliani-Reclining-Nude-III-scaled-1200x835.jpg 1200w, https:\/\/svetslik.si\/wp-content\/uploads\/2022\/12\/Amedeo-Modigliani-Reclining-Nude-III-300x209.jpg 300w, https:\/\/svetslik.si\/wp-content\/uploads\/2022\/12\/Amedeo-Modigliani-Reclining-Nude-III-1024x713.jpg 1024w, https:\/\/svetslik.si\/wp-content\/uploads\/2022\/12\/Amedeo-Modigliani-Reclining-Nude-III-768x535.jpg 768w, https:\/\/svetslik.si\/wp-content\/uploads\/2022\/12\/Amedeo-Modigliani-Reclining-Nude-III-1536x1069.jpg 1536w, https:\/\/svetslik.si\/wp-content\/uploads\/2022\/12\/Amedeo-Modigliani-Reclining-Nude-III-2048x1426.jpg 2048w, https:\/\/svetslik.si\/wp-content\/uploads\/2022\/12\/Amedeo-Modigliani-Reclining-Nude-III-18x12.jpg 18w, https:\/\/svetslik.si\/wp-content\/uploads\/2022\/12\/Amedeo-Modigliani-Reclining-Nude-III-150x104.jpg 150w, https:\/\/svetslik.si\/wp-content\/uploads\/2022\/12\/Amedeo-Modigliani-Reclining-Nude-III-1320x919.jpg 1320w\" sizes=\"(max-width: 2560px) 100vw, 2560px\" \/>\t\t\t\t<\/div>\n\t\t\t\t\t\t\t\t\t\t\t<\/div>\n\t<\/div>\n  [\/vc_column][\/vc_row] [vc_row css=&#8221;.vc_custom_1670952860781{margin-bottom: 10px !important;}&#8221;][vc_column]\t<div class=\"et-image-337 et-image     et_image_link\">\n\t\t<div class=\"et-image-inner \">\n\t\t\t\t\t\t\t<div class=\"et-image-thumb \">\n\t\t\t\t\t<img decoding=\"async\" width=\"2189\" height=\"2252\" src=\"https:\/\/svetslik.si\/wp-content\/uploads\/2022\/12\/Amedeo-Modigliani-Reclining-Nude-III-2.jpg\" class=\"attachment-full\" alt=\"Amedeo Modigliani - Reclining Nude III: reproduction of famous painting, painting on canvas, Amedeo Modigliani, Reclining Nude III\" title=\"Amedeo Modigliani - Reclining Nude III: reproduction of famous painting, painting on canvas, Amedeo Modigliani, Reclining Nude III\" srcset=\"https:\/\/svetslik.si\/wp-content\/uploads\/2022\/12\/Amedeo-Modigliani-Reclining-Nude-III-2.jpg 2189w, https:\/\/svetslik.si\/wp-content\/uploads\/2022\/12\/Amedeo-Modigliani-Reclining-Nude-III-2-600x617.jpg 600w, https:\/\/svetslik.si\/wp-content\/uploads\/2022\/12\/Amedeo-Modigliani-Reclining-Nude-III-2-1200x1235.jpg 1200w, https:\/\/svetslik.si\/wp-content\/uploads\/2022\/12\/Amedeo-Modigliani-Reclining-Nude-III-2-292x300.jpg 292w, https:\/\/svetslik.si\/wp-content\/uploads\/2022\/12\/Amedeo-Modigliani-Reclining-Nude-III-2-995x1024.jpg 995w, https:\/\/svetslik.si\/wp-content\/uploads\/2022\/12\/Amedeo-Modigliani-Reclining-Nude-III-2-768x790.jpg 768w, https:\/\/svetslik.si\/wp-content\/uploads\/2022\/12\/Amedeo-Modigliani-Reclining-Nude-III-2-1493x1536.jpg 1493w, https:\/\/svetslik.si\/wp-content\/uploads\/2022\/12\/Amedeo-Modigliani-Reclining-Nude-III-2-1991x2048.jpg 1991w, https:\/\/svetslik.si\/wp-content\/uploads\/2022\/12\/Amedeo-Modigliani-Reclining-Nude-III-2-12x12.jpg 12w, https:\/\/svetslik.si\/wp-content\/uploads\/2022\/12\/Amedeo-Modigliani-Reclining-Nude-III-2-146x150.jpg 146w, https:\/\/svetslik.si\/wp-content\/uploads\/2022\/12\/Amedeo-Modigliani-Reclining-Nude-III-2-1320x1358.jpg 1320w\" sizes=\"(max-width: 2189px) 100vw, 2189px\" \/>\t\t\t\t<\/div>\n\t\t\t\t\t\t\t\t\t\t\t<\/div>\n\t<\/div>\n  [\/vc_column][\/vc_row][vc_row css =&#8221;.vc_custom_1670952860781{margin-bottom: 10px !important;}&#8221;][vc_column]\t<div class=\"et-image-170 et-image     et_image_link\">\n\t\t<div class=\"et-image-inner \">\n\t\t\t\t\t\t\t<div class=\"et-image-thumb \">\n\t\t\t\t\t<img decoding=\"async\" width=\"2560\" height=\"1441\" src=\"https:\/\/svetslik.si\/wp-content\/uploads\/2022\/12\/Amedeo-Modigliani-Reclining-Nude-III-3-scaled.jpg\" class=\"attachment-full\" alt=\"Amedeo Modigliani - Reclining Nude III: reproduction of famous painting, painting on canvas, Amedeo Modigliani, Reclining Nude III\" title=\"Amedeo Modigliani - Reclining Nude III: reproduction of famous painting, painting on canvas, Amedeo Modigliani, Reclining Nude III\" srcset=\"https:\/\/svetslik.si\/wp-content\/uploads\/2022\/12\/Amedeo-Modigliani-Reclining-Nude-III-3-scaled.jpg 2560w, https:\/\/svetslik.si\/wp-content\/uploads\/2022\/12\/Amedeo-Modigliani-Reclining-Nude-III-3-scaled-600x338.jpg 600w, https:\/\/svetslik.si\/wp-content\/uploads\/2022\/12\/Amedeo-Modigliani-Reclining-Nude-III-3-scaled-1200x675.jpg 1200w, https:\/\/svetslik.si\/wp-content\/uploads\/2022\/12\/Amedeo-Modigliani-Reclining-Nude-III-3-300x169.jpg 300w, https:\/\/svetslik.si\/wp-content\/uploads\/2022\/12\/Amedeo-Modigliani-Reclining-Nude-III-3-1024x577.jpg 1024w, https:\/\/svetslik.si\/wp-content\/uploads\/2022\/12\/Amedeo-Modigliani-Reclining-Nude-III-3-768x432.jpg 768w, https:\/\/svetslik.si\/wp-content\/uploads\/2022\/12\/Amedeo-Modigliani-Reclining-Nude-III-3-1536x865.jpg 1536w, https:\/\/svetslik.si\/wp-content\/uploads\/2022\/12\/Amedeo-Modigliani-Reclining-Nude-III-3-2048x1153.jpg 2048w, https:\/\/svetslik.si\/wp-content\/uploads\/2022\/12\/Amedeo-Modigliani-Reclining-Nude-III-3-18x10.jpg 18w, https:\/\/svetslik.si\/wp-content\/uploads\/2022\/12\/Amedeo-Modigliani-Reclining-Nude-III-3-150x84.jpg 150w, https:\/\/svetslik.si\/wp-content\/uploads\/2022\/12\/Amedeo-Modigliani-Reclining-Nude-III-3-1320x743.jpg 1320w\" sizes=\"(max-width: 2560px) 100vw, 2560px\" \/>\t\t\t\t<\/div>\n\t\t\t\t\t\t\t\t\t\t\t<\/div>\n\t<\/div>\n  [\/vc_column][\/vc_row][vc_row css=&#8221;. vc_custom_1670952860781{margin-bottom: 10px !important;}&#8221;][vc_column]\t<div class=\"et-image-38 et-image     et_image_link\">\n\t\t<div class=\"et-image-inner \">\n\t\t\t\t\t\t\t<div class=\"et-image-thumb \">\n\t\t\t\t\t<img decoding=\"async\" width=\"2560\" height=\"1441\" src=\"https:\/\/svetslik.si\/wp-content\/uploads\/2022\/12\/Amedeo-Modigliani-Reclining-Nude-III-4-scaled.jpg\" class=\"attachment-full\" alt=\"Amedeo Modigliani - Reclining Nude III: reproduction of famous painting, painting on canvas, Amedeo Modigliani, Reclining Nude III\" title=\"Amedeo Modigliani - Reclining Nude III: reproduction of famous painting, painting on canvas, Amedeo Modigliani, Reclining Nude III\" srcset=\"https:\/\/svetslik.si\/wp-content\/uploads\/2022\/12\/Amedeo-Modigliani-Reclining-Nude-III-4-scaled.jpg 2560w, https:\/\/svetslik.si\/wp-content\/uploads\/2022\/12\/Amedeo-Modigliani-Reclining-Nude-III-4-scaled-600x338.jpg 600w, https:\/\/svetslik.si\/wp-content\/uploads\/2022\/12\/Amedeo-Modigliani-Reclining-Nude-III-4-scaled-1200x675.jpg 1200w, https:\/\/svetslik.si\/wp-content\/uploads\/2022\/12\/Amedeo-Modigliani-Reclining-Nude-III-4-300x169.jpg 300w, https:\/\/svetslik.si\/wp-content\/uploads\/2022\/12\/Amedeo-Modigliani-Reclining-Nude-III-4-1024x577.jpg 1024w, https:\/\/svetslik.si\/wp-content\/uploads\/2022\/12\/Amedeo-Modigliani-Reclining-Nude-III-4-768x432.jpg 768w, https:\/\/svetslik.si\/wp-content\/uploads\/2022\/12\/Amedeo-Modigliani-Reclining-Nude-III-4-1536x865.jpg 1536w, https:\/\/svetslik.si\/wp-content\/uploads\/2022\/12\/Amedeo-Modigliani-Reclining-Nude-III-4-2048x1153.jpg 2048w, https:\/\/svetslik.si\/wp-content\/uploads\/2022\/12\/Amedeo-Modigliani-Reclining-Nude-III-4-18x10.jpg 18w, https:\/\/svetslik.si\/wp-content\/uploads\/2022\/12\/Amedeo-Modigliani-Reclining-Nude-III-4-150x84.jpg 150w, https:\/\/svetslik.si\/wp-content\/uploads\/2022\/12\/Amedeo-Modigliani-Reclining-Nude-III-4-1320x743.jpg 1320w\" sizes=\"(max-width: 2560px) 100vw, 2560px\" \/>\t\t\t\t<\/div>\n\t\t\t\t\t\t\t\t\t\t\t<\/div>\n\t<\/div>\n  [\/vc_column][\/vc_row][vc_row][vc_column][vc_column_text] <\/p>\n<h1>Amedeo Modigliani &#8211; Reclining Nude III<\/h1>\n<p>&nbsp;<\/p>\n<table style=\"width: 632px\" border=\"0\" width=\"632\" cellspacing=\"0\" cellpadding=\"0\">\n<tbody>\n<tr>\n<td style=\"width: 180px;height: 21px\" height=\"21\">Year of creation:<\/td>\n<td style=\"width: 452px\">1917<\/td>\n<\/tr>\n<tr>\n<td style=\"width: 180px;height: 21px\" height=\"21\">Original size:<\/td>\n<td style=\"width: 452px\">92.7 cm x 60.6 cm<\/td>\n<\/tr>\n<tr>\n<td style=\"width: 180px;height: 21px\" height=\"21\">Paint style:<\/td>\n<td style=\"width: 452px\">Expressionism<\/td>\n<\/tr>\n<tr>\n<td style=\"width: 180px;height: 21px\" height=\"21\">Original technique:<\/td>\n<td>Oil on canvas<\/td>\n<\/tr>\n<tr>\n<td style=\"width: 180px;height: 21px\" height=\"21\">Located:<\/td>\n<td style=\"width: 452px\">Private collection, Klaus G. Perls<\/td>\n<\/tr>\n<\/tbody>\n<colgroup>\n<col \/> <\/colgroup>\n<\/table>\n<p>&nbsp;<\/p>\n<div>\n<p>The extremely appreciated series of paintings with the motif of naked reclining women began to be created in 1916. In these works, the painter continues the tradition of depicting Venus in a slightly different way &#8211; the eroticism of the early traditional figures in the paintings is always involved in a mythological or comic context, while Modigliani he can&#8217;t deal with that &#8211; his women on screen are directly frank and provocative. In a series of around two dozen paintings, in which the artist depicted always professional models and never girlfriends or lovers, the figures lie on a dark bedspread that emphasizes the tone of their skin; we see them up close and usually from above. Their stylized bodies occupy almost the entire canvas, and their hands and feet are often outside the frame of the picture. Sometimes sleeping, often facing the viewer, as well as this graceful figure of a woman in one of the most famous paintings from this artist&#8217;s series.<\/p>\n<\/div>\n<div>\n<p>&nbsp;<\/p>\n<\/div>\n[\/vc_column_text][\/vc_column][\/vc_row]\n<\/div>","protected":false},"excerpt":{"rendered":"<p>[vc_row css=&#8221;.vc_custom_1670952860781{margin-bottom: 10px !important;}&#8221;][vc_column][\/vc_column][\/vc_row] [vc_row css=&#8221;.vc_custom_1670952860781{margin-bottom: 10px !important;}&#8221;][vc_column][\/vc_column][\/vc_row][vc_row css =&#8221;.vc_custom_1670952860781{margin-bottom: 10px !important;}&#8221;][vc_column][\/vc_column][\/vc_row][vc_row css=&#8221;. vc_custom_1670952860781{margin-bottom: 10px !important;}&#8221;][vc_column][\/vc_column][\/vc_row][vc_row][vc_column][vc_column_text] Amedeo Modigliani &#8211; Reclining Nude III &nbsp; Year of creation: 1917 Original size: 92.7 cm x 60.6 cm Paint style: Expressionism Original technique: Oil on canvas Located: Private collection, Klaus G. Perls &nbsp; The [&hellip;]<\/p>\n","protected":false},"featured_media":80419,"template":"","meta":{"_acf_changed":false},"product_brand":[],"product_cat":[9802],"product_tag":[9848,9870,9862,9863],"class_list":{"0":"post-89158","1":"product","2":"type-product","3":"status-publish","4":"has-post-thumbnail","6":"product_cat-amedeo-modigliani-en","7":"product_tag-modigliani-en","8":"product_tag-painter","9":"product_tag-reproduction-en","10":"product_tag-reproductions","11":"pa_dimenzija-100-x-70-cm-en","12":"pa_dimenzija-120-x-80-cm-en","13":"pa_dimenzija-150-x-100-cm-en","14":"pa_dimenzija-180-x-120-cm-en","15":"pa_dimenzija-60-x-40-cm-en","16":"pa_dimenzija-70-x-45-cm-en","17":"pa_dimenzija-80-x-50-cm-en","18":"pa_dimenzija-93-x-61-cm-en","19":"pa_oblika-horizontal","20":"pa_okvir-without-frame","21":"pa_podokvir-without","22":"pa_podokvir-yes","24":"first","25":"onbackorder","26":"purchasable","27":"product-type-variable","28":"has-default-attributes"},"acf":[],"yoast_head":"<!-- This site is optimized with the Yoast SEO Premium plugin v26.0 (Yoast SEO v27.2) - https:\/\/yoast.com\/product\/yoast-seo-premium-wordpress\/ -->\n<title>Amedeo Modigliani - Reclining Nude III - SVETSLIK.SI - 100% hand painted<\/title>\n<meta name=\"description\" content=\"Amedeo Modigliani - Reclining Nude III - 100% hand-painted reproduction of famous paintings by famous artists. Wall art, abstract paintings and custom painted paintings by order.\" \/>\n<meta name=\"robots\" content=\"index, follow, max-snippet:-1, max-image-preview:large, max-video-preview:-1\" \/>\n<link rel=\"canonical\" href=\"https:\/\/svetslik.si\/en\/amedeo-modigliani-en\/amedeo-modigliani-reclining-nude-iii\/\" \/>\n<meta property=\"og:locale\" content=\"en_US\" \/>\n<meta property=\"og:type\" content=\"article\" \/>\n<meta property=\"og:title\" content=\"Amedeo Modigliani - Reclining Nude III\" \/>\n<meta property=\"og:description\" content=\"100% ro\u010dno naslikane slike na platnu, reprodukcije znanih slikarjev in umetni\u0161ke slike po naro\u010dilu.\" \/>\n<meta property=\"og:url\" content=\"https:\/\/svetslik.si\/en\/amedeo-modigliani-en\/amedeo-modigliani-reclining-nude-iii\/\" \/>\n<meta property=\"og:site_name\" content=\"SVETSLIK.SI\" \/>\n<meta property=\"article:publisher\" content=\"https:\/\/www.facebook.com\/svetslik.si\" \/>\n<meta property=\"article:modified_time\" content=\"2026-03-22T16:59:31+00:00\" \/>\n<meta property=\"og:image\" content=\"https:\/\/svetslik.si\/wp-content\/uploads\/2022\/12\/Amadeo-Modigliani-Speci-Akt....jpg-1024x630.png\" \/>\n\t<meta property=\"og:image:width\" content=\"1024\" \/>\n\t<meta property=\"og:image:height\" content=\"630\" \/>\n\t<meta property=\"og:image:type\" content=\"image\/png\" \/>\n<meta name=\"twitter:card\" content=\"summary_large_image\" \/>\n<meta name=\"twitter:site\" content=\"@svetslik\" \/>\n<meta name=\"twitter:label1\" content=\"Availability\" \/>\n\t<meta name=\"twitter:data1\" content=\"On backorder\" \/>\n<script type=\"application\/ld+json\" class=\"yoast-schema-graph\">{\"@context\":\"https:\/\/schema.org\",\"@graph\":[{\"@type\":[\"WebPage\",\"ItemPage\"],\"@id\":\"https:\/\/svetslik.si\/en\/amedeo-modigliani-en\/amedeo-modigliani-reclining-nude-iii\/\",\"url\":\"https:\/\/svetslik.si\/en\/amedeo-modigliani-en\/amedeo-modigliani-reclining-nude-iii\/\",\"name\":\"Amedeo Modigliani - Reclining Nude III - SVETSLIK.SI - 100% hand painted\",\"isPartOf\":{\"@id\":\"https:\/\/svetslik.si\/en\/#website\"},\"primaryImageOfPage\":{\"@id\":\"https:\/\/svetslik.si\/en\/amedeo-modigliani-en\/amedeo-modigliani-reclining-nude-iii\/#primaryimage\"},\"image\":{\"@id\":\"https:\/\/svetslik.si\/en\/amedeo-modigliani-en\/amedeo-modigliani-reclining-nude-iii\/#primaryimage\"},\"thumbnailUrl\":\"https:\/\/svetslik.si\/wp-content\/uploads\/2022\/12\/Amadeo-Modigliani-Speci-Akt....jpg-scaled.png\",\"datePublished\":\"2022-12-13T17:29:30+00:00\",\"dateModified\":\"2026-03-22T16:59:31+00:00\",\"description\":\"Amedeo Modigliani - Reclining Nude III - 100% hand-painted reproduction of famous paintings by famous artists. Wall art, abstract paintings and custom painted paintings by order.\",\"breadcrumb\":{\"@id\":\"https:\/\/svetslik.si\/en\/amedeo-modigliani-en\/amedeo-modigliani-reclining-nude-iii\/#breadcrumb\"},\"inLanguage\":\"en-US\",\"potentialAction\":[{\"@type\":\"ReadAction\",\"target\":[\"https:\/\/svetslik.si\/en\/amedeo-modigliani-en\/amedeo-modigliani-reclining-nude-iii\/\"]}]},{\"@type\":\"ImageObject\",\"inLanguage\":\"en-US\",\"@id\":\"https:\/\/svetslik.si\/en\/amedeo-modigliani-en\/amedeo-modigliani-reclining-nude-iii\/#primaryimage\",\"url\":\"https:\/\/svetslik.si\/wp-content\/uploads\/2022\/12\/Amadeo-Modigliani-Speci-Akt....jpg-scaled.png\",\"contentUrl\":\"https:\/\/svetslik.si\/wp-content\/uploads\/2022\/12\/Amadeo-Modigliani-Speci-Akt....jpg-scaled.png\",\"width\":2560,\"height\":1575,\"caption\":\"Amedeo Modigliani - Reclining Nude III: reproduction of famous painting, painting on canvas, Amedeo Modigliani, Reclining Nude III\"},{\"@type\":\"BreadcrumbList\",\"@id\":\"https:\/\/svetslik.si\/en\/amedeo-modigliani-en\/amedeo-modigliani-reclining-nude-iii\/#breadcrumb\",\"itemListElement\":[{\"@type\":\"ListItem\",\"position\":1,\"name\":\"Wall art and paintings on canvas\",\"item\":\"https:\/\/svetslik.si\/en\/\"},{\"@type\":\"ListItem\",\"position\":2,\"name\":\"Sale of paintings\",\"item\":\"https:\/\/svetslik.si\/prodaja-slik\/\"},{\"@type\":\"ListItem\",\"position\":3,\"name\":\"Amedeo Modigliani &#8211; Reclining Nude III\"}]},{\"@type\":\"WebSite\",\"@id\":\"https:\/\/svetslik.si\/en\/#website\",\"url\":\"https:\/\/svetslik.si\/en\/\",\"name\":\"SVETSLIK.SI\",\"description\":\"100% ru\u010dno naslikane reprodukcije slika poznatih slikara in umjetni\u010dke zidne slike na platnu.\",\"publisher\":{\"@id\":\"https:\/\/svetslik.si\/en\/#organization\"},\"potentialAction\":[{\"@type\":\"SearchAction\",\"target\":{\"@type\":\"EntryPoint\",\"urlTemplate\":\"https:\/\/svetslik.si\/en\/?s={search_term_string}\"},\"query-input\":{\"@type\":\"PropertyValueSpecification\",\"valueRequired\":true,\"valueName\":\"search_term_string\"}}],\"inLanguage\":\"en-US\"},{\"@type\":\"Organization\",\"@id\":\"https:\/\/svetslik.si\/en\/#organization\",\"name\":\"SvetSlik.si\",\"url\":\"https:\/\/svetslik.si\/en\/\",\"logo\":{\"@type\":\"ImageObject\",\"inLanguage\":\"en-US\",\"@id\":\"https:\/\/svetslik.si\/en\/#\/schema\/logo\/image\/\",\"url\":\"https:\/\/svetslik.si\/wp-content\/uploads\/2020\/12\/logo-512.png\",\"contentUrl\":\"https:\/\/svetslik.si\/wp-content\/uploads\/2020\/12\/logo-512.png\",\"width\":512,\"height\":512,\"caption\":\"SvetSlik.si\"},\"image\":{\"@id\":\"https:\/\/svetslik.si\/en\/#\/schema\/logo\/image\/\"},\"sameAs\":[\"https:\/\/www.facebook.com\/svetslik.si\",\"https:\/\/x.com\/svetslik\",\"https:\/\/www.instagram.com\/svetslik.si\/\",\"https:\/\/www.linkedin.com\/company\/svetslik-si\"]}]}<\/script>\n<meta property=\"og:availability\" content=\"backorder\" \/>\n<meta property=\"product:availability\" content=\"available for order\" \/>\n<meta property=\"product:retailer_item_id\" content=\"201__-1\" \/>\n<meta property=\"product:condition\" content=\"new\" \/>\n<!-- \/ Yoast SEO Premium plugin. -->","yoast_head_json":{"title":"Amedeo Modigliani - Reclining Nude III - SVETSLIK.SI - 100% hand painted","description":"Amedeo Modigliani - Reclining Nude III - 100% hand-painted reproduction of famous paintings by famous artists. Wall art, abstract paintings and custom painted paintings by order.","robots":{"index":"index","follow":"follow","max-snippet":"max-snippet:-1","max-image-preview":"max-image-preview:large","max-video-preview":"max-video-preview:-1"},"canonical":"https:\/\/svetslik.si\/en\/amedeo-modigliani-en\/amedeo-modigliani-reclining-nude-iii\/","og_locale":"en_US","og_type":"article","og_title":"Amedeo Modigliani - Reclining Nude III","og_description":"100% ro\u010dno naslikane slike na platnu, reprodukcije znanih slikarjev in umetni\u0161ke slike po naro\u010dilu.","og_url":"https:\/\/svetslik.si\/en\/amedeo-modigliani-en\/amedeo-modigliani-reclining-nude-iii\/","og_site_name":"SVETSLIK.SI","article_publisher":"https:\/\/www.facebook.com\/svetslik.si","article_modified_time":"2026-03-22T16:59:31+00:00","og_image":[{"width":1024,"height":630,"url":"https:\/\/svetslik.si\/wp-content\/uploads\/2022\/12\/Amadeo-Modigliani-Speci-Akt....jpg-1024x630.png","type":"image\/png"}],"twitter_card":"summary_large_image","twitter_site":"@svetslik","twitter_misc":{"Availability":"On backorder"},"schema":{"@context":"https:\/\/schema.org","@graph":[{"@type":["WebPage","ItemPage"],"@id":"https:\/\/svetslik.si\/en\/amedeo-modigliani-en\/amedeo-modigliani-reclining-nude-iii\/","url":"https:\/\/svetslik.si\/en\/amedeo-modigliani-en\/amedeo-modigliani-reclining-nude-iii\/","name":"Amedeo Modigliani - Reclining Nude III - SVETSLIK.SI - 100% hand painted","isPartOf":{"@id":"https:\/\/svetslik.si\/en\/#website"},"primaryImageOfPage":{"@id":"https:\/\/svetslik.si\/en\/amedeo-modigliani-en\/amedeo-modigliani-reclining-nude-iii\/#primaryimage"},"image":{"@id":"https:\/\/svetslik.si\/en\/amedeo-modigliani-en\/amedeo-modigliani-reclining-nude-iii\/#primaryimage"},"thumbnailUrl":"https:\/\/svetslik.si\/wp-content\/uploads\/2022\/12\/Amadeo-Modigliani-Speci-Akt....jpg-scaled.png","datePublished":"2022-12-13T17:29:30+00:00","dateModified":"2026-03-22T16:59:31+00:00","description":"Amedeo Modigliani - Reclining Nude III - 100% hand-painted reproduction of famous paintings by famous artists. Wall art, abstract paintings and custom painted paintings by order.","breadcrumb":{"@id":"https:\/\/svetslik.si\/en\/amedeo-modigliani-en\/amedeo-modigliani-reclining-nude-iii\/#breadcrumb"},"inLanguage":"en-US","potentialAction":[{"@type":"ReadAction","target":["https:\/\/svetslik.si\/en\/amedeo-modigliani-en\/amedeo-modigliani-reclining-nude-iii\/"]}]},{"@type":"ImageObject","inLanguage":"en-US","@id":"https:\/\/svetslik.si\/en\/amedeo-modigliani-en\/amedeo-modigliani-reclining-nude-iii\/#primaryimage","url":"https:\/\/svetslik.si\/wp-content\/uploads\/2022\/12\/Amadeo-Modigliani-Speci-Akt....jpg-scaled.png","contentUrl":"https:\/\/svetslik.si\/wp-content\/uploads\/2022\/12\/Amadeo-Modigliani-Speci-Akt....jpg-scaled.png","width":2560,"height":1575,"caption":"Amedeo Modigliani - Reclining Nude III: reproduction of famous painting, painting on canvas, Amedeo Modigliani, Reclining Nude III"},{"@type":"BreadcrumbList","@id":"https:\/\/svetslik.si\/en\/amedeo-modigliani-en\/amedeo-modigliani-reclining-nude-iii\/#breadcrumb","itemListElement":[{"@type":"ListItem","position":1,"name":"Wall art and paintings on canvas","item":"https:\/\/svetslik.si\/en\/"},{"@type":"ListItem","position":2,"name":"Sale of paintings","item":"https:\/\/svetslik.si\/prodaja-slik\/"},{"@type":"ListItem","position":3,"name":"Amedeo Modigliani &#8211; Reclining Nude III"}]},{"@type":"WebSite","@id":"https:\/\/svetslik.si\/en\/#website","url":"https:\/\/svetslik.si\/en\/","name":"SVETSLIK.SI","description":"100% ru\u010dno naslikane reprodukcije slika poznatih slikara in umjetni\u010dke zidne slike na platnu.","publisher":{"@id":"https:\/\/svetslik.si\/en\/#organization"},"potentialAction":[{"@type":"SearchAction","target":{"@type":"EntryPoint","urlTemplate":"https:\/\/svetslik.si\/en\/?s={search_term_string}"},"query-input":{"@type":"PropertyValueSpecification","valueRequired":true,"valueName":"search_term_string"}}],"inLanguage":"en-US"},{"@type":"Organization","@id":"https:\/\/svetslik.si\/en\/#organization","name":"SvetSlik.si","url":"https:\/\/svetslik.si\/en\/","logo":{"@type":"ImageObject","inLanguage":"en-US","@id":"https:\/\/svetslik.si\/en\/#\/schema\/logo\/image\/","url":"https:\/\/svetslik.si\/wp-content\/uploads\/2020\/12\/logo-512.png","contentUrl":"https:\/\/svetslik.si\/wp-content\/uploads\/2020\/12\/logo-512.png","width":512,"height":512,"caption":"SvetSlik.si"},"image":{"@id":"https:\/\/svetslik.si\/en\/#\/schema\/logo\/image\/"},"sameAs":["https:\/\/www.facebook.com\/svetslik.si","https:\/\/x.com\/svetslik","https:\/\/www.instagram.com\/svetslik.si\/","https:\/\/www.linkedin.com\/company\/svetslik-si"]}]},"og_availability":"backorder","product_availability":"available for order","product_retailer_item_id":"201__-1","product_condition":"new"},"jetpack_sharing_enabled":true,"_links":{"self":[{"href":"https:\/\/svetslik.si\/en\/wp-json\/wp\/v2\/product\/89158","targetHints":{"allow":["GET"]}}],"collection":[{"href":"https:\/\/svetslik.si\/en\/wp-json\/wp\/v2\/product"}],"about":[{"href":"https:\/\/svetslik.si\/en\/wp-json\/wp\/v2\/types\/product"}],"wp:featuredmedia":[{"embeddable":true,"href":"https:\/\/svetslik.si\/en\/wp-json\/wp\/v2\/media\/80419"}],"wp:attachment":[{"href":"https:\/\/svetslik.si\/en\/wp-json\/wp\/v2\/media?parent=89158"}],"wp:term":[{"taxonomy":"product_brand","embeddable":true,"href":"https:\/\/svetslik.si\/en\/wp-json\/wp\/v2\/product_brand?post=89158"},{"taxonomy":"product_cat","embeddable":true,"href":"https:\/\/svetslik.si\/en\/wp-json\/wp\/v2\/product_cat?post=89158"},{"taxonomy":"product_tag","embeddable":true,"href":"https:\/\/svetslik.si\/en\/wp-json\/wp\/v2\/product_tag?post=89158"}],"curies":[{"name":"wp","href":"https:\/\/api.w.org\/{rel}","templated":true}]}}