{"id":89205,"date":"2023-02-20T11:02:12","date_gmt":"2023-02-20T10:02:12","guid":{"rendered":"https:\/\/svetslik.si\/uncategorized\/stenske-slike-d21\/"},"modified":"2023-06-22T11:50:05","modified_gmt":"2023-06-22T09:50:05","slug":"wall-paintings-d18","status":"publish","type":"product","link":"https:\/\/svetslik.si\/en\/wall-art-paintings-on-canvas-two-panels\/wall-paintings-d18\/","title":{"rendered":"Wall paintings &#8211; D18"},"content":{"rendered":"<div class=\"wpb-content-wrapper\">[vc_row css=&#8221;.vc_custom_1676887392013{margin-bottom: 10px !important;}&#8221;][vc_column]\t<div class=\"et-image-194 et-image     et_image_link\">\n\t\t<div class=\"et-image-inner \">\n\t\t\t\t\t\t\t<div class=\"et-image-thumb \">\n\t\t\t\t\t<img decoding=\"async\" width=\"784\" height=\"632\" src=\"https:\/\/svetslik.si\/wp-content\/uploads\/2023\/02\/stenske-slike-D21-1-1.jpg\" class=\"attachment-full\" alt=\"Wall paintings - D18 (wall art, canvas, painting, art for wall, wall paintings, abstract paintings, large wall art, frame, artwork, oversized painting, XXL painting, artstation, paintings for living room ideas, buy painting, frame, frame painting, famous paintings, modern paintings)\" title=\"Wall paintings - D18 (wall art, canvas, painting, art for wall, wall paintings, abstract paintings, large wall art, frame, artwork, oversized painting, XXL painting, artstation, paintings for living room ideas, buy painting, frame, frame painting, famous paintings, modern paintings)\" srcset=\"https:\/\/svetslik.si\/wp-content\/uploads\/2023\/02\/stenske-slike-D21-1-1.jpg 784w, https:\/\/svetslik.si\/wp-content\/uploads\/2023\/02\/stenske-slike-D21-1-1-600x484.jpg 600w, https:\/\/svetslik.si\/wp-content\/uploads\/2023\/02\/stenske-slike-D21-1-1-300x242.jpg 300w, https:\/\/svetslik.si\/wp-content\/uploads\/2023\/02\/stenske-slike-D21-1-1-768x619.jpg 768w, https:\/\/svetslik.si\/wp-content\/uploads\/2023\/02\/stenske-slike-D21-1-1-15x12.jpg 15w, https:\/\/svetslik.si\/wp-content\/uploads\/2023\/02\/stenske-slike-D21-1-1-150x121.jpg 150w\" sizes=\"(max-width: 784px) 100vw, 784px\" \/>\t\t\t\t<\/div>\n\t\t\t\t\t\t\t\t\t\t\t<\/div>\n\t<\/div>\n  [\/vc_column][\/vc_row][vc_row css=&#8221;.vc_custom_1676887392013{margin-bottom: 10px !important;}&#8221;][vc_column]\t<div class=\"et-image-728 et-image     et_image_link\">\n\t\t<div class=\"et-image-inner \">\n\t\t\t\t\t\t\t<div class=\"et-image-thumb \">\n\t\t\t\t\t<img decoding=\"async\" width=\"1080\" height=\"1440\" src=\"https:\/\/svetslik.si\/wp-content\/uploads\/2023\/02\/stenske-slike-D21-2.webp\" class=\"attachment-full\" alt=\"Wall paintings - D18 (wall art, canvas, painting, art for wall, wall paintings, abstract paintings, large wall art, frame, artwork, oversized painting, XXL painting, artstation, paintings for living room ideas, buy painting, frame, frame painting, famous paintings, modern paintings)\" title=\"Wall paintings - D18 (wall art, canvas, painting, art for wall, wall paintings, abstract paintings, large wall art, frame, artwork, oversized painting, XXL painting, artstation, paintings for living room ideas, buy painting, frame, frame painting, famous paintings, modern paintings)\" srcset=\"https:\/\/svetslik.si\/wp-content\/uploads\/2023\/02\/stenske-slike-D21-2.webp 1080w, https:\/\/svetslik.si\/wp-content\/uploads\/2023\/02\/stenske-slike-D21-2-600x800.webp 600w, https:\/\/svetslik.si\/wp-content\/uploads\/2023\/02\/stenske-slike-D21-2-225x300.webp 225w, https:\/\/svetslik.si\/wp-content\/uploads\/2023\/02\/stenske-slike-D21-2-768x1024.webp 768w, https:\/\/svetslik.si\/wp-content\/uploads\/2023\/02\/stenske-slike-D21-2-9x12.webp 9w, https:\/\/svetslik.si\/wp-content\/uploads\/2023\/02\/stenske-slike-D21-2-113x150.webp 113w, https:\/\/svetslik.si\/wp-content\/uploads\/2023\/02\/stenske-slike-D21-2-900x1200.webp 900w\" sizes=\"(max-width: 1080px) 100vw, 1080px\" \/>\t\t\t\t<\/div>\n\t\t\t\t\t\t\t\t\t\t\t<\/div>\n\t<\/div>\n  [\/vc_column][\/vc_row][vc_row css=&#8221;.vc_custom_1676887392013{margin-bottom: 10px !important;}&#8221;][vc_column]\t<div class=\"et-image-232 et-image     et_image_link\">\n\t\t<div class=\"et-image-inner \">\n\t\t\t\t\t\t\t<div class=\"et-image-thumb \">\n\t\t\t\t\t<img decoding=\"async\" width=\"1080\" height=\"1440\" src=\"https:\/\/svetslik.si\/wp-content\/uploads\/2023\/02\/stenske-slike-D21-3.webp\" class=\"attachment-full\" alt=\"Wall paintings - D18 (wall art, canvas, painting, art for wall, wall paintings, abstract paintings, large wall art, frame, artwork, oversized painting, XXL painting, artstation, paintings for living room ideas, buy painting, frame, frame painting, famous paintings, modern paintings)\" title=\"Wall paintings - D18 (wall art, canvas, painting, art for wall, wall paintings, abstract paintings, large wall art, frame, artwork, oversized painting, XXL painting, artstation, paintings for living room ideas, buy painting, frame, frame painting, famous paintings, modern paintings)\" srcset=\"https:\/\/svetslik.si\/wp-content\/uploads\/2023\/02\/stenske-slike-D21-3.webp 1080w, https:\/\/svetslik.si\/wp-content\/uploads\/2023\/02\/stenske-slike-D21-3-600x800.webp 600w, https:\/\/svetslik.si\/wp-content\/uploads\/2023\/02\/stenske-slike-D21-3-225x300.webp 225w, https:\/\/svetslik.si\/wp-content\/uploads\/2023\/02\/stenske-slike-D21-3-768x1024.webp 768w, https:\/\/svetslik.si\/wp-content\/uploads\/2023\/02\/stenske-slike-D21-3-9x12.webp 9w, https:\/\/svetslik.si\/wp-content\/uploads\/2023\/02\/stenske-slike-D21-3-113x150.webp 113w, https:\/\/svetslik.si\/wp-content\/uploads\/2023\/02\/stenske-slike-D21-3-900x1200.webp 900w\" sizes=\"(max-width: 1080px) 100vw, 1080px\" \/>\t\t\t\t<\/div>\n\t\t\t\t\t\t\t\t\t\t\t<\/div>\n\t<\/div>\n  [\/vc_column][\/vc_row][vc_row css=&#8221;.vc_custom_1676887392013{margin-bottom: 10px !important;}&#8221;][vc_column]\t<div class=\"et-image-539 et-image     et_image_link\">\n\t\t<div class=\"et-image-inner \">\n\t\t\t\t\t\t\t<div class=\"et-image-thumb \">\n\t\t\t\t\t<img decoding=\"async\" width=\"1080\" height=\"1440\" src=\"https:\/\/svetslik.si\/wp-content\/uploads\/2023\/02\/stenske-slike-D21-1-4.jpg\" class=\"attachment-full\" alt=\"Wall paintings - D18 (wall art, canvas, painting, art for wall, wall paintings, abstract paintings, large wall art, frame, artwork, oversized painting, XXL painting, artstation, paintings for living room ideas, buy painting, frame, frame painting, famous paintings, modern paintings)\" title=\"Wall paintings - D18 (wall art, canvas, painting, art for wall, wall paintings, abstract paintings, large wall art, frame, artwork, oversized painting, XXL painting, artstation, paintings for living room ideas, buy painting, frame, frame painting, famous paintings, modern paintings)\" srcset=\"https:\/\/svetslik.si\/wp-content\/uploads\/2023\/02\/stenske-slike-D21-1-4.jpg 1080w, https:\/\/svetslik.si\/wp-content\/uploads\/2023\/02\/stenske-slike-D21-1-4-600x800.jpg 600w, https:\/\/svetslik.si\/wp-content\/uploads\/2023\/02\/stenske-slike-D21-1-4-225x300.jpg 225w, https:\/\/svetslik.si\/wp-content\/uploads\/2023\/02\/stenske-slike-D21-1-4-768x1024.jpg 768w, https:\/\/svetslik.si\/wp-content\/uploads\/2023\/02\/stenske-slike-D21-1-4-9x12.jpg 9w, https:\/\/svetslik.si\/wp-content\/uploads\/2023\/02\/stenske-slike-D21-1-4-113x150.jpg 113w, https:\/\/svetslik.si\/wp-content\/uploads\/2023\/02\/stenske-slike-D21-1-4-900x1200.jpg 900w\" sizes=\"(max-width: 1080px) 100vw, 1080px\" \/>\t\t\t\t<\/div>\n\t\t\t\t\t\t\t\t\t\t\t<\/div>\n\t<\/div>\n  [\/vc_column][\/vc_row]\n<\/div>","protected":false},"excerpt":{"rendered":"<p>[vc_row css=&#8221;.vc_custom_1676887392013{margin-bottom: 10px !important;}&#8221;][vc_column][\/vc_column][\/vc_row][vc_row css=&#8221;.vc_custom_1676887392013{margin-bottom: 10px !important;}&#8221;][vc_column][\/vc_column][\/vc_row][vc_row css=&#8221;.vc_custom_1676887392013{margin-bottom: 10px !important;}&#8221;][vc_column][\/vc_column][\/vc_row][vc_row css=&#8221;.vc_custom_1676887392013{margin-bottom: 10px !important;}&#8221;][vc_column][\/vc_column][\/vc_row]<\/p>\n","protected":false},"featured_media":80488,"template":"","meta":{"_acf_changed":false},"product_brand":[],"product_cat":[9817],"product_tag":[9825,9834,9847,9885,9872,9874,9871,9879],"class_list":{"0":"post-89205","1":"product","2":"type-product","3":"status-publish","4":"has-post-thumbnail","6":"product_cat-wall-art-paintings-on-canvas-two-panels","7":"product_tag-abstract-wall-art","8":"product_tag-double-panel-painting","9":"product_tag-modern-paintings","10":"product_tag-multi-panel-paintings","11":"product_tag-paintings-for-livingroom","12":"product_tag-paintings-for-the-living-room","13":"product_tag-wall-art-on-canvas","14":"product_tag-wall-artwork","15":"pa_dimenzija-100-x-80-cm-en","16":"pa_dimenzija-120-x-95-en","17":"pa_dimenzija-140-x-110-cm-en","18":"pa_dimenzija-160-x-100-cm-en","19":"pa_dimenzija-160-x-125-cm-en","20":"pa_dimenzija-180-x-135-cm-en","21":"pa_dimenzija-200-x-150-cm-en","22":"pa_dimenzija-60-x-45-cm-en","23":"pa_dimenzija-80-x-65-cm-en","24":"pa_oblika-horizontal","25":"pa_okvir-without-frame","26":"pa_pod-okvir-included-in-price","27":"pa_podokvir-without","28":"pa_podokvir-yes","30":"first","31":"onbackorder","32":"purchasable","33":"product-type-variable"},"acf":[],"yoast_head":"<!-- This site is optimized with the Yoast SEO Premium plugin v26.0 (Yoast SEO v27.2) - https:\/\/yoast.com\/product\/yoast-seo-premium-wordpress\/ -->\n<title>Wall paintings - D18 - SVETSLIK.SI - 100% hand painted<\/title>\n<meta name=\"description\" content=\"Wall paintings - D18 - 100% hand-painted painting on canvas. Wall art, abstract paintings, reproduction of famous painting and custom paintings made by order.\" \/>\n<meta name=\"robots\" content=\"index, follow, max-snippet:-1, max-image-preview:large, max-video-preview:-1\" \/>\n<link rel=\"canonical\" href=\"https:\/\/svetslik.si\/en\/wall-art-paintings-on-canvas-two-panels\/wall-paintings-d18\/\" \/>\n<meta property=\"og:locale\" content=\"en_US\" \/>\n<meta property=\"og:type\" content=\"article\" \/>\n<meta property=\"og:title\" content=\"Wall paintings - D18\" \/>\n<meta property=\"og:description\" content=\"100% ro\u010dno naslikane slike na platnu, reprodukcije znanih slikarjev in umetni\u0161ke slike po naro\u010dilu.\" \/>\n<meta property=\"og:url\" content=\"https:\/\/svetslik.si\/en\/wall-art-paintings-on-canvas-two-panels\/wall-paintings-d18\/\" \/>\n<meta property=\"og:site_name\" content=\"SVETSLIK.SI\" \/>\n<meta property=\"article:publisher\" content=\"https:\/\/www.facebook.com\/svetslik.si\" \/>\n<meta property=\"article:modified_time\" content=\"2023-06-22T09:50:05+00:00\" \/>\n<meta property=\"og:image\" content=\"https:\/\/svetslik.si\/wp-content\/uploads\/2023\/02\/stenske-slike-d21.png\" \/>\n\t<meta property=\"og:image:width\" content=\"624\" \/>\n\t<meta property=\"og:image:height\" content=\"491\" \/>\n\t<meta property=\"og:image:type\" content=\"image\/png\" \/>\n<meta name=\"twitter:card\" content=\"summary_large_image\" \/>\n<meta name=\"twitter:site\" content=\"@svetslik\" \/>\n<meta name=\"twitter:label1\" content=\"Availability\" \/>\n\t<meta name=\"twitter:data1\" content=\"On backorder\" \/>\n<script type=\"application\/ld+json\" class=\"yoast-schema-graph\">{\"@context\":\"https:\/\/schema.org\",\"@graph\":[{\"@type\":[\"WebPage\",\"ItemPage\"],\"@id\":\"https:\/\/svetslik.si\/en\/wall-art-paintings-on-canvas-two-panels\/wall-paintings-d18\/\",\"url\":\"https:\/\/svetslik.si\/en\/wall-art-paintings-on-canvas-two-panels\/wall-paintings-d18\/\",\"name\":\"Wall paintings - D18 - SVETSLIK.SI - 100% hand painted\",\"isPartOf\":{\"@id\":\"https:\/\/svetslik.si\/en\/#website\"},\"primaryImageOfPage\":{\"@id\":\"https:\/\/svetslik.si\/en\/wall-art-paintings-on-canvas-two-panels\/wall-paintings-d18\/#primaryimage\"},\"image\":{\"@id\":\"https:\/\/svetslik.si\/en\/wall-art-paintings-on-canvas-two-panels\/wall-paintings-d18\/#primaryimage\"},\"thumbnailUrl\":\"https:\/\/svetslik.si\/wp-content\/uploads\/2023\/02\/stenske-slike-d21.png\",\"datePublished\":\"2023-02-20T10:02:12+00:00\",\"dateModified\":\"2023-06-22T09:50:05+00:00\",\"description\":\"Wall paintings - D18 - 100% hand-painted painting on canvas. Wall art, abstract paintings, reproduction of famous painting and custom paintings made by order.\",\"breadcrumb\":{\"@id\":\"https:\/\/svetslik.si\/en\/wall-art-paintings-on-canvas-two-panels\/wall-paintings-d18\/#breadcrumb\"},\"inLanguage\":\"en-US\",\"potentialAction\":[{\"@type\":\"ReadAction\",\"target\":[\"https:\/\/svetslik.si\/en\/wall-art-paintings-on-canvas-two-panels\/wall-paintings-d18\/\"]}]},{\"@type\":\"ImageObject\",\"inLanguage\":\"en-US\",\"@id\":\"https:\/\/svetslik.si\/en\/wall-art-paintings-on-canvas-two-panels\/wall-paintings-d18\/#primaryimage\",\"url\":\"https:\/\/svetslik.si\/wp-content\/uploads\/2023\/02\/stenske-slike-d21.png\",\"contentUrl\":\"https:\/\/svetslik.si\/wp-content\/uploads\/2023\/02\/stenske-slike-d21.png\",\"width\":624,\"height\":491,\"caption\":\"Wall paintings - D23 (wall art, canvas, painting, art for wall, wall paintings, abstract paintings, large wall art, frame, artwork, oversized painting, XXL painting, artstation, paintings for living room ideas, buy painting, frame, frame painting, famous paintings, modern paintings)\"},{\"@type\":\"BreadcrumbList\",\"@id\":\"https:\/\/svetslik.si\/en\/wall-art-paintings-on-canvas-two-panels\/wall-paintings-d18\/#breadcrumb\",\"itemListElement\":[{\"@type\":\"ListItem\",\"position\":1,\"name\":\"Wall art and paintings on canvas\",\"item\":\"https:\/\/svetslik.si\/en\/\"},{\"@type\":\"ListItem\",\"position\":2,\"name\":\"Sale of paintings\",\"item\":\"https:\/\/svetslik.si\/prodaja-slik\/\"},{\"@type\":\"ListItem\",\"position\":3,\"name\":\"Wall paintings &#8211; D18\"}]},{\"@type\":\"WebSite\",\"@id\":\"https:\/\/svetslik.si\/en\/#website\",\"url\":\"https:\/\/svetslik.si\/en\/\",\"name\":\"SVETSLIK.SI\",\"description\":\"100% ru\u010dno naslikane reprodukcije slika poznatih slikara in umjetni\u010dke zidne slike na platnu.\",\"publisher\":{\"@id\":\"https:\/\/svetslik.si\/en\/#organization\"},\"potentialAction\":[{\"@type\":\"SearchAction\",\"target\":{\"@type\":\"EntryPoint\",\"urlTemplate\":\"https:\/\/svetslik.si\/en\/?s={search_term_string}\"},\"query-input\":{\"@type\":\"PropertyValueSpecification\",\"valueRequired\":true,\"valueName\":\"search_term_string\"}}],\"inLanguage\":\"en-US\"},{\"@type\":\"Organization\",\"@id\":\"https:\/\/svetslik.si\/en\/#organization\",\"name\":\"SvetSlik.si\",\"url\":\"https:\/\/svetslik.si\/en\/\",\"logo\":{\"@type\":\"ImageObject\",\"inLanguage\":\"en-US\",\"@id\":\"https:\/\/svetslik.si\/en\/#\/schema\/logo\/image\/\",\"url\":\"https:\/\/svetslik.si\/wp-content\/uploads\/2020\/12\/logo-512.png\",\"contentUrl\":\"https:\/\/svetslik.si\/wp-content\/uploads\/2020\/12\/logo-512.png\",\"width\":512,\"height\":512,\"caption\":\"SvetSlik.si\"},\"image\":{\"@id\":\"https:\/\/svetslik.si\/en\/#\/schema\/logo\/image\/\"},\"sameAs\":[\"https:\/\/www.facebook.com\/svetslik.si\",\"https:\/\/x.com\/svetslik\",\"https:\/\/www.instagram.com\/svetslik.si\/\",\"https:\/\/www.linkedin.com\/company\/svetslik-si\"]}]}<\/script>\n<meta property=\"og:availability\" content=\"backorder\" \/>\n<meta property=\"product:availability\" content=\"available for order\" \/>\n<meta property=\"product:retailer_item_id\" content=\"980_\" \/>\n<meta property=\"product:condition\" content=\"new\" \/>\n<!-- \/ Yoast SEO Premium plugin. -->","yoast_head_json":{"title":"Wall paintings - D18 - SVETSLIK.SI - 100% hand painted","description":"Wall paintings - D18 - 100% hand-painted painting on canvas. Wall art, abstract paintings, reproduction of famous painting and custom paintings made by order.","robots":{"index":"index","follow":"follow","max-snippet":"max-snippet:-1","max-image-preview":"max-image-preview:large","max-video-preview":"max-video-preview:-1"},"canonical":"https:\/\/svetslik.si\/en\/wall-art-paintings-on-canvas-two-panels\/wall-paintings-d18\/","og_locale":"en_US","og_type":"article","og_title":"Wall paintings - D18","og_description":"100% ro\u010dno naslikane slike na platnu, reprodukcije znanih slikarjev in umetni\u0161ke slike po naro\u010dilu.","og_url":"https:\/\/svetslik.si\/en\/wall-art-paintings-on-canvas-two-panels\/wall-paintings-d18\/","og_site_name":"SVETSLIK.SI","article_publisher":"https:\/\/www.facebook.com\/svetslik.si","article_modified_time":"2023-06-22T09:50:05+00:00","og_image":[{"width":624,"height":491,"url":"https:\/\/svetslik.si\/wp-content\/uploads\/2023\/02\/stenske-slike-d21.png","type":"image\/png"}],"twitter_card":"summary_large_image","twitter_site":"@svetslik","twitter_misc":{"Availability":"On backorder"},"schema":{"@context":"https:\/\/schema.org","@graph":[{"@type":["WebPage","ItemPage"],"@id":"https:\/\/svetslik.si\/en\/wall-art-paintings-on-canvas-two-panels\/wall-paintings-d18\/","url":"https:\/\/svetslik.si\/en\/wall-art-paintings-on-canvas-two-panels\/wall-paintings-d18\/","name":"Wall paintings - D18 - SVETSLIK.SI - 100% hand painted","isPartOf":{"@id":"https:\/\/svetslik.si\/en\/#website"},"primaryImageOfPage":{"@id":"https:\/\/svetslik.si\/en\/wall-art-paintings-on-canvas-two-panels\/wall-paintings-d18\/#primaryimage"},"image":{"@id":"https:\/\/svetslik.si\/en\/wall-art-paintings-on-canvas-two-panels\/wall-paintings-d18\/#primaryimage"},"thumbnailUrl":"https:\/\/svetslik.si\/wp-content\/uploads\/2023\/02\/stenske-slike-d21.png","datePublished":"2023-02-20T10:02:12+00:00","dateModified":"2023-06-22T09:50:05+00:00","description":"Wall paintings - D18 - 100% hand-painted painting on canvas. Wall art, abstract paintings, reproduction of famous painting and custom paintings made by order.","breadcrumb":{"@id":"https:\/\/svetslik.si\/en\/wall-art-paintings-on-canvas-two-panels\/wall-paintings-d18\/#breadcrumb"},"inLanguage":"en-US","potentialAction":[{"@type":"ReadAction","target":["https:\/\/svetslik.si\/en\/wall-art-paintings-on-canvas-two-panels\/wall-paintings-d18\/"]}]},{"@type":"ImageObject","inLanguage":"en-US","@id":"https:\/\/svetslik.si\/en\/wall-art-paintings-on-canvas-two-panels\/wall-paintings-d18\/#primaryimage","url":"https:\/\/svetslik.si\/wp-content\/uploads\/2023\/02\/stenske-slike-d21.png","contentUrl":"https:\/\/svetslik.si\/wp-content\/uploads\/2023\/02\/stenske-slike-d21.png","width":624,"height":491,"caption":"Wall paintings - D23 (wall art, canvas, painting, art for wall, wall paintings, abstract paintings, large wall art, frame, artwork, oversized painting, XXL painting, artstation, paintings for living room ideas, buy painting, frame, frame painting, famous paintings, modern paintings)"},{"@type":"BreadcrumbList","@id":"https:\/\/svetslik.si\/en\/wall-art-paintings-on-canvas-two-panels\/wall-paintings-d18\/#breadcrumb","itemListElement":[{"@type":"ListItem","position":1,"name":"Wall art and paintings on canvas","item":"https:\/\/svetslik.si\/en\/"},{"@type":"ListItem","position":2,"name":"Sale of paintings","item":"https:\/\/svetslik.si\/prodaja-slik\/"},{"@type":"ListItem","position":3,"name":"Wall paintings &#8211; D18"}]},{"@type":"WebSite","@id":"https:\/\/svetslik.si\/en\/#website","url":"https:\/\/svetslik.si\/en\/","name":"SVETSLIK.SI","description":"100% ru\u010dno naslikane reprodukcije slika poznatih slikara in umjetni\u010dke zidne slike na platnu.","publisher":{"@id":"https:\/\/svetslik.si\/en\/#organization"},"potentialAction":[{"@type":"SearchAction","target":{"@type":"EntryPoint","urlTemplate":"https:\/\/svetslik.si\/en\/?s={search_term_string}"},"query-input":{"@type":"PropertyValueSpecification","valueRequired":true,"valueName":"search_term_string"}}],"inLanguage":"en-US"},{"@type":"Organization","@id":"https:\/\/svetslik.si\/en\/#organization","name":"SvetSlik.si","url":"https:\/\/svetslik.si\/en\/","logo":{"@type":"ImageObject","inLanguage":"en-US","@id":"https:\/\/svetslik.si\/en\/#\/schema\/logo\/image\/","url":"https:\/\/svetslik.si\/wp-content\/uploads\/2020\/12\/logo-512.png","contentUrl":"https:\/\/svetslik.si\/wp-content\/uploads\/2020\/12\/logo-512.png","width":512,"height":512,"caption":"SvetSlik.si"},"image":{"@id":"https:\/\/svetslik.si\/en\/#\/schema\/logo\/image\/"},"sameAs":["https:\/\/www.facebook.com\/svetslik.si","https:\/\/x.com\/svetslik","https:\/\/www.instagram.com\/svetslik.si\/","https:\/\/www.linkedin.com\/company\/svetslik-si"]}]},"og_availability":"backorder","product_availability":"available for order","product_retailer_item_id":"980_","product_condition":"new"},"jetpack_sharing_enabled":true,"_links":{"self":[{"href":"https:\/\/svetslik.si\/en\/wp-json\/wp\/v2\/product\/89205","targetHints":{"allow":["GET"]}}],"collection":[{"href":"https:\/\/svetslik.si\/en\/wp-json\/wp\/v2\/product"}],"about":[{"href":"https:\/\/svetslik.si\/en\/wp-json\/wp\/v2\/types\/product"}],"wp:featuredmedia":[{"embeddable":true,"href":"https:\/\/svetslik.si\/en\/wp-json\/wp\/v2\/media\/80488"}],"wp:attachment":[{"href":"https:\/\/svetslik.si\/en\/wp-json\/wp\/v2\/media?parent=89205"}],"wp:term":[{"taxonomy":"product_brand","embeddable":true,"href":"https:\/\/svetslik.si\/en\/wp-json\/wp\/v2\/product_brand?post=89205"},{"taxonomy":"product_cat","embeddable":true,"href":"https:\/\/svetslik.si\/en\/wp-json\/wp\/v2\/product_cat?post=89205"},{"taxonomy":"product_tag","embeddable":true,"href":"https:\/\/svetslik.si\/en\/wp-json\/wp\/v2\/product_tag?post=89205"}],"curies":[{"name":"wp","href":"https:\/\/api.w.org\/{rel}","templated":true}]}}