{"id":89352,"date":"2023-02-20T16:39:58","date_gmt":"2023-02-20T15:39:58","guid":{"rendered":"https:\/\/svetslik.si\/uncategorized\/stenske-slike-d50\/"},"modified":"2023-06-22T11:53:46","modified_gmt":"2023-06-22T09:53:46","slug":"wall-paintings-d50","status":"publish","type":"product","link":"https:\/\/svetslik.si\/en\/wall-art-paintings-on-canvas-two-panels\/wall-paintings-d50\/","title":{"rendered":"Wall paintings &#8211; D50"},"content":{"rendered":"<div class=\"wpb-content-wrapper\">[vc_row css=&#8221;.vc_custom_1676907694543{margin-bottom: 10px !important;}&#8221;][vc_column]\t<div class=\"et-image-770 et-image     et_image_link\">\n\t\t<div class=\"et-image-inner \">\n\t\t\t\t\t\t\t<div class=\"et-image-thumb \">\n\t\t\t\t\t<img decoding=\"async\" width=\"1080\" height=\"1080\" src=\"https:\/\/svetslik.si\/wp-content\/uploads\/2023\/02\/stenske-slike-D50-1.jpg\" class=\"attachment-full\" alt=\"Wall paintings - D50 (wall art, canvas, painting, art for wall, wall paintings, abstract paintings, large wall art, frame, artwork, oversized painting, XXL painting, artstation, paintings for living room ideas, buy painting, frame, frame painting, famous paintings, modern paintings)\" title=\"Wall paintings - D50 (wall art, canvas, painting, art for wall, wall paintings, abstract paintings, large wall art, frame, artwork, oversized painting, XXL painting, artstation, paintings for living room ideas, buy painting, frame, frame painting, famous paintings, modern paintings)\" srcset=\"https:\/\/svetslik.si\/wp-content\/uploads\/2023\/02\/stenske-slike-D50-1.jpg 1080w, https:\/\/svetslik.si\/wp-content\/uploads\/2023\/02\/stenske-slike-D50-1-600x600.jpg 600w, https:\/\/svetslik.si\/wp-content\/uploads\/2023\/02\/stenske-slike-D50-1-100x100.jpg 100w, https:\/\/svetslik.si\/wp-content\/uploads\/2023\/02\/stenske-slike-D50-1-300x300.jpg 300w, https:\/\/svetslik.si\/wp-content\/uploads\/2023\/02\/stenske-slike-D50-1-1024x1024.jpg 1024w, https:\/\/svetslik.si\/wp-content\/uploads\/2023\/02\/stenske-slike-D50-1-150x150.jpg 150w, https:\/\/svetslik.si\/wp-content\/uploads\/2023\/02\/stenske-slike-D50-1-768x768.jpg 768w, https:\/\/svetslik.si\/wp-content\/uploads\/2023\/02\/stenske-slike-D50-1-12x12.jpg 12w, https:\/\/svetslik.si\/wp-content\/uploads\/2023\/02\/stenske-slike-D50-1-900x900.jpg 900w\" sizes=\"(max-width: 1080px) 100vw, 1080px\" \/>\t\t\t\t<\/div>\n\t\t\t\t\t\t\t\t\t\t\t<\/div>\n\t<\/div>\n  [\/vc_column][\/vc_row][vc_row css=&#8221;.vc_custom_1676907694543{margin-bottom: 10px !important;}&#8221;][vc_column]\t<div class=\"et-image-456 et-image     et_image_link\">\n\t\t<div class=\"et-image-inner \">\n\t\t\t\t\t\t\t<div class=\"et-image-thumb \">\n\t\t\t\t\t<img decoding=\"async\" width=\"1080\" height=\"1080\" src=\"https:\/\/svetslik.si\/wp-content\/uploads\/2023\/02\/stenske-slike-D50-2.webp\" class=\"attachment-full\" alt=\"Wall paintings - D50 (wall art, canvas, painting, art for wall, wall paintings, abstract paintings, large wall art, frame, artwork, oversized painting, XXL painting, artstation, paintings for living room ideas, buy painting, frame, frame painting, famous paintings, modern paintings)\" title=\"Wall paintings - D50 (wall art, canvas, painting, art for wall, wall paintings, abstract paintings, large wall art, frame, artwork, oversized painting, XXL painting, artstation, paintings for living room ideas, buy painting, frame, frame painting, famous paintings, modern paintings)\" srcset=\"https:\/\/svetslik.si\/wp-content\/uploads\/2023\/02\/stenske-slike-D50-2.webp 1080w, https:\/\/svetslik.si\/wp-content\/uploads\/2023\/02\/stenske-slike-D50-2-600x600.webp 600w, https:\/\/svetslik.si\/wp-content\/uploads\/2023\/02\/stenske-slike-D50-2-100x100.webp 100w, https:\/\/svetslik.si\/wp-content\/uploads\/2023\/02\/stenske-slike-D50-2-300x300.webp 300w, https:\/\/svetslik.si\/wp-content\/uploads\/2023\/02\/stenske-slike-D50-2-1024x1024.webp 1024w, https:\/\/svetslik.si\/wp-content\/uploads\/2023\/02\/stenske-slike-D50-2-150x150.webp 150w, https:\/\/svetslik.si\/wp-content\/uploads\/2023\/02\/stenske-slike-D50-2-768x768.webp 768w, https:\/\/svetslik.si\/wp-content\/uploads\/2023\/02\/stenske-slike-D50-2-12x12.webp 12w, https:\/\/svetslik.si\/wp-content\/uploads\/2023\/02\/stenske-slike-D50-2-900x900.webp 900w\" sizes=\"(max-width: 1080px) 100vw, 1080px\" \/>\t\t\t\t<\/div>\n\t\t\t\t\t\t\t\t\t\t\t<\/div>\n\t<\/div>\n  [\/vc_column][\/vc_row]\n<\/div>","protected":false},"excerpt":{"rendered":"<p>[vc_row css=&#8221;.vc_custom_1676907694543{margin-bottom: 10px !important;}&#8221;][vc_column][\/vc_column][\/vc_row][vc_row css=&#8221;.vc_custom_1676907694543{margin-bottom: 10px !important;}&#8221;][vc_column][\/vc_column][\/vc_row]<\/p>\n","protected":false},"featured_media":80533,"template":"","meta":{"_acf_changed":false},"product_brand":[],"product_cat":[9817],"product_tag":[9825,9834,9847,9885,9872,9874,9871,9879],"class_list":{"0":"post-89352","1":"product","2":"type-product","3":"status-publish","4":"has-post-thumbnail","6":"product_cat-wall-art-paintings-on-canvas-two-panels","7":"product_tag-abstract-wall-art","8":"product_tag-double-panel-painting","9":"product_tag-modern-paintings","10":"product_tag-multi-panel-paintings","11":"product_tag-paintings-for-livingroom","12":"product_tag-paintings-for-the-living-room","13":"product_tag-wall-art-on-canvas","14":"product_tag-wall-artwork","15":"pa_dimenzija-100-x-50-cm","16":"pa_dimenzija-120-x-60-cm","17":"pa_dimenzija-140-x-70-cm","18":"pa_dimenzija-180-x-90-cm","19":"pa_dimenzija-200-x-100-cm","20":"pa_dimenzija-220-x-110-cm","21":"pa_dimenzija-240-x-120-cm","22":"pa_dimenzija-260-x-130-cm","23":"pa_dimenzija-280-x-140-cm","24":"pa_dimenzija-300-x-150-cm","25":"pa_oblika-horizontal","26":"pa_pod-okvir-included-in-price","27":"pa_podokvir-without","28":"pa_podokvir-yes","30":"first","31":"onbackorder","32":"purchasable","33":"product-type-variable","34":"has-default-attributes"},"acf":[],"yoast_head":"<!-- This site is optimized with the Yoast SEO Premium plugin v26.0 (Yoast SEO v27.2) - https:\/\/yoast.com\/product\/yoast-seo-premium-wordpress\/ -->\n<title>Wall paintings - D50 - SVETSLIK.SI - 100% hand painted<\/title>\n<meta name=\"description\" content=\"Wall paintings - D50 - 100% hand-painted painting on canvas. Wall art, abstract paintings, reproduction of famous painting and custom paintings made by order.\" \/>\n<meta name=\"robots\" content=\"index, follow, max-snippet:-1, max-image-preview:large, max-video-preview:-1\" \/>\n<link rel=\"canonical\" href=\"https:\/\/svetslik.si\/en\/wall-art-paintings-on-canvas-two-panels\/wall-paintings-d50\/\" \/>\n<meta property=\"og:locale\" content=\"en_US\" \/>\n<meta property=\"og:type\" content=\"article\" \/>\n<meta property=\"og:title\" content=\"Wall paintings - D50\" \/>\n<meta property=\"og:description\" content=\"100% ro\u010dno naslikane slike na platnu, reprodukcije znanih slikarjev in umetni\u0161ke slike po naro\u010dilu.\" \/>\n<meta property=\"og:url\" content=\"https:\/\/svetslik.si\/en\/wall-art-paintings-on-canvas-two-panels\/wall-paintings-d50\/\" \/>\n<meta property=\"og:site_name\" content=\"SVETSLIK.SI\" \/>\n<meta property=\"article:publisher\" content=\"https:\/\/www.facebook.com\/svetslik.si\" \/>\n<meta property=\"article:modified_time\" content=\"2023-06-22T09:53:46+00:00\" \/>\n<meta property=\"og:image\" content=\"https:\/\/svetslik.si\/wp-content\/uploads\/2023\/02\/stenske-slike-D50.png\" \/>\n\t<meta property=\"og:image:width\" content=\"878\" \/>\n\t<meta property=\"og:image:height\" content=\"395\" \/>\n\t<meta property=\"og:image:type\" content=\"image\/png\" \/>\n<meta name=\"twitter:card\" content=\"summary_large_image\" \/>\n<meta name=\"twitter:site\" content=\"@svetslik\" \/>\n<meta name=\"twitter:label1\" content=\"Availability\" \/>\n\t<meta name=\"twitter:data1\" content=\"On backorder\" \/>\n<script type=\"application\/ld+json\" class=\"yoast-schema-graph\">{\"@context\":\"https:\/\/schema.org\",\"@graph\":[{\"@type\":[\"WebPage\",\"ItemPage\"],\"@id\":\"https:\/\/svetslik.si\/en\/wall-art-paintings-on-canvas-two-panels\/wall-paintings-d50\/\",\"url\":\"https:\/\/svetslik.si\/en\/wall-art-paintings-on-canvas-two-panels\/wall-paintings-d50\/\",\"name\":\"Wall paintings - D50 - SVETSLIK.SI - 100% hand painted\",\"isPartOf\":{\"@id\":\"https:\/\/svetslik.si\/en\/#website\"},\"primaryImageOfPage\":{\"@id\":\"https:\/\/svetslik.si\/en\/wall-art-paintings-on-canvas-two-panels\/wall-paintings-d50\/#primaryimage\"},\"image\":{\"@id\":\"https:\/\/svetslik.si\/en\/wall-art-paintings-on-canvas-two-panels\/wall-paintings-d50\/#primaryimage\"},\"thumbnailUrl\":\"https:\/\/svetslik.si\/wp-content\/uploads\/2023\/02\/stenske-slike-D50.png\",\"datePublished\":\"2023-02-20T15:39:58+00:00\",\"dateModified\":\"2023-06-22T09:53:46+00:00\",\"description\":\"Wall paintings - D50 - 100% hand-painted painting on canvas. Wall art, abstract paintings, reproduction of famous painting and custom paintings made by order.\",\"breadcrumb\":{\"@id\":\"https:\/\/svetslik.si\/en\/wall-art-paintings-on-canvas-two-panels\/wall-paintings-d50\/#breadcrumb\"},\"inLanguage\":\"en-US\",\"potentialAction\":[{\"@type\":\"ReadAction\",\"target\":[\"https:\/\/svetslik.si\/en\/wall-art-paintings-on-canvas-two-panels\/wall-paintings-d50\/\"]}]},{\"@type\":\"ImageObject\",\"inLanguage\":\"en-US\",\"@id\":\"https:\/\/svetslik.si\/en\/wall-art-paintings-on-canvas-two-panels\/wall-paintings-d50\/#primaryimage\",\"url\":\"https:\/\/svetslik.si\/wp-content\/uploads\/2023\/02\/stenske-slike-D50.png\",\"contentUrl\":\"https:\/\/svetslik.si\/wp-content\/uploads\/2023\/02\/stenske-slike-D50.png\",\"width\":878,\"height\":395,\"caption\":\"Wall paintings - D50 (wall art, canvas, painting, art for wall, wall paintings, abstract paintings, large wall art, frame, artwork, oversized painting, XXL painting, artstation, paintings for living room ideas, buy painting, frame, frame painting, famous paintings, modern paintings)\"},{\"@type\":\"BreadcrumbList\",\"@id\":\"https:\/\/svetslik.si\/en\/wall-art-paintings-on-canvas-two-panels\/wall-paintings-d50\/#breadcrumb\",\"itemListElement\":[{\"@type\":\"ListItem\",\"position\":1,\"name\":\"Wall art and paintings on canvas\",\"item\":\"https:\/\/svetslik.si\/en\/\"},{\"@type\":\"ListItem\",\"position\":2,\"name\":\"Sale of paintings\",\"item\":\"https:\/\/svetslik.si\/prodaja-slik\/\"},{\"@type\":\"ListItem\",\"position\":3,\"name\":\"Wall paintings &#8211; D50\"}]},{\"@type\":\"WebSite\",\"@id\":\"https:\/\/svetslik.si\/en\/#website\",\"url\":\"https:\/\/svetslik.si\/en\/\",\"name\":\"SVETSLIK.SI\",\"description\":\"100% ru\u010dno naslikane reprodukcije slika poznatih slikara in umjetni\u010dke zidne slike na platnu.\",\"publisher\":{\"@id\":\"https:\/\/svetslik.si\/en\/#organization\"},\"potentialAction\":[{\"@type\":\"SearchAction\",\"target\":{\"@type\":\"EntryPoint\",\"urlTemplate\":\"https:\/\/svetslik.si\/en\/?s={search_term_string}\"},\"query-input\":{\"@type\":\"PropertyValueSpecification\",\"valueRequired\":true,\"valueName\":\"search_term_string\"}}],\"inLanguage\":\"en-US\"},{\"@type\":\"Organization\",\"@id\":\"https:\/\/svetslik.si\/en\/#organization\",\"name\":\"SvetSlik.si\",\"url\":\"https:\/\/svetslik.si\/en\/\",\"logo\":{\"@type\":\"ImageObject\",\"inLanguage\":\"en-US\",\"@id\":\"https:\/\/svetslik.si\/en\/#\/schema\/logo\/image\/\",\"url\":\"https:\/\/svetslik.si\/wp-content\/uploads\/2020\/12\/logo-512.png\",\"contentUrl\":\"https:\/\/svetslik.si\/wp-content\/uploads\/2020\/12\/logo-512.png\",\"width\":512,\"height\":512,\"caption\":\"SvetSlik.si\"},\"image\":{\"@id\":\"https:\/\/svetslik.si\/en\/#\/schema\/logo\/image\/\"},\"sameAs\":[\"https:\/\/www.facebook.com\/svetslik.si\",\"https:\/\/x.com\/svetslik\",\"https:\/\/www.instagram.com\/svetslik.si\/\",\"https:\/\/www.linkedin.com\/company\/svetslik-si\"]}]}<\/script>\n<meta property=\"og:availability\" content=\"backorder\" \/>\n<meta property=\"product:availability\" content=\"available for order\" \/>\n<meta property=\"product:retailer_item_id\" content=\"1077__-1-2\" \/>\n<meta property=\"product:condition\" content=\"new\" \/>\n<!-- \/ Yoast SEO Premium plugin. -->","yoast_head_json":{"title":"Wall paintings - D50 - SVETSLIK.SI - 100% hand painted","description":"Wall paintings - D50 - 100% hand-painted painting on canvas. Wall art, abstract paintings, reproduction of famous painting and custom paintings made by order.","robots":{"index":"index","follow":"follow","max-snippet":"max-snippet:-1","max-image-preview":"max-image-preview:large","max-video-preview":"max-video-preview:-1"},"canonical":"https:\/\/svetslik.si\/en\/wall-art-paintings-on-canvas-two-panels\/wall-paintings-d50\/","og_locale":"en_US","og_type":"article","og_title":"Wall paintings - D50","og_description":"100% ro\u010dno naslikane slike na platnu, reprodukcije znanih slikarjev in umetni\u0161ke slike po naro\u010dilu.","og_url":"https:\/\/svetslik.si\/en\/wall-art-paintings-on-canvas-two-panels\/wall-paintings-d50\/","og_site_name":"SVETSLIK.SI","article_publisher":"https:\/\/www.facebook.com\/svetslik.si","article_modified_time":"2023-06-22T09:53:46+00:00","og_image":[{"width":878,"height":395,"url":"https:\/\/svetslik.si\/wp-content\/uploads\/2023\/02\/stenske-slike-D50.png","type":"image\/png"}],"twitter_card":"summary_large_image","twitter_site":"@svetslik","twitter_misc":{"Availability":"On backorder"},"schema":{"@context":"https:\/\/schema.org","@graph":[{"@type":["WebPage","ItemPage"],"@id":"https:\/\/svetslik.si\/en\/wall-art-paintings-on-canvas-two-panels\/wall-paintings-d50\/","url":"https:\/\/svetslik.si\/en\/wall-art-paintings-on-canvas-two-panels\/wall-paintings-d50\/","name":"Wall paintings - D50 - SVETSLIK.SI - 100% hand painted","isPartOf":{"@id":"https:\/\/svetslik.si\/en\/#website"},"primaryImageOfPage":{"@id":"https:\/\/svetslik.si\/en\/wall-art-paintings-on-canvas-two-panels\/wall-paintings-d50\/#primaryimage"},"image":{"@id":"https:\/\/svetslik.si\/en\/wall-art-paintings-on-canvas-two-panels\/wall-paintings-d50\/#primaryimage"},"thumbnailUrl":"https:\/\/svetslik.si\/wp-content\/uploads\/2023\/02\/stenske-slike-D50.png","datePublished":"2023-02-20T15:39:58+00:00","dateModified":"2023-06-22T09:53:46+00:00","description":"Wall paintings - D50 - 100% hand-painted painting on canvas. Wall art, abstract paintings, reproduction of famous painting and custom paintings made by order.","breadcrumb":{"@id":"https:\/\/svetslik.si\/en\/wall-art-paintings-on-canvas-two-panels\/wall-paintings-d50\/#breadcrumb"},"inLanguage":"en-US","potentialAction":[{"@type":"ReadAction","target":["https:\/\/svetslik.si\/en\/wall-art-paintings-on-canvas-two-panels\/wall-paintings-d50\/"]}]},{"@type":"ImageObject","inLanguage":"en-US","@id":"https:\/\/svetslik.si\/en\/wall-art-paintings-on-canvas-two-panels\/wall-paintings-d50\/#primaryimage","url":"https:\/\/svetslik.si\/wp-content\/uploads\/2023\/02\/stenske-slike-D50.png","contentUrl":"https:\/\/svetslik.si\/wp-content\/uploads\/2023\/02\/stenske-slike-D50.png","width":878,"height":395,"caption":"Wall paintings - D50 (wall art, canvas, painting, art for wall, wall paintings, abstract paintings, large wall art, frame, artwork, oversized painting, XXL painting, artstation, paintings for living room ideas, buy painting, frame, frame painting, famous paintings, modern paintings)"},{"@type":"BreadcrumbList","@id":"https:\/\/svetslik.si\/en\/wall-art-paintings-on-canvas-two-panels\/wall-paintings-d50\/#breadcrumb","itemListElement":[{"@type":"ListItem","position":1,"name":"Wall art and paintings on canvas","item":"https:\/\/svetslik.si\/en\/"},{"@type":"ListItem","position":2,"name":"Sale of paintings","item":"https:\/\/svetslik.si\/prodaja-slik\/"},{"@type":"ListItem","position":3,"name":"Wall paintings &#8211; D50"}]},{"@type":"WebSite","@id":"https:\/\/svetslik.si\/en\/#website","url":"https:\/\/svetslik.si\/en\/","name":"SVETSLIK.SI","description":"100% ru\u010dno naslikane reprodukcije slika poznatih slikara in umjetni\u010dke zidne slike na platnu.","publisher":{"@id":"https:\/\/svetslik.si\/en\/#organization"},"potentialAction":[{"@type":"SearchAction","target":{"@type":"EntryPoint","urlTemplate":"https:\/\/svetslik.si\/en\/?s={search_term_string}"},"query-input":{"@type":"PropertyValueSpecification","valueRequired":true,"valueName":"search_term_string"}}],"inLanguage":"en-US"},{"@type":"Organization","@id":"https:\/\/svetslik.si\/en\/#organization","name":"SvetSlik.si","url":"https:\/\/svetslik.si\/en\/","logo":{"@type":"ImageObject","inLanguage":"en-US","@id":"https:\/\/svetslik.si\/en\/#\/schema\/logo\/image\/","url":"https:\/\/svetslik.si\/wp-content\/uploads\/2020\/12\/logo-512.png","contentUrl":"https:\/\/svetslik.si\/wp-content\/uploads\/2020\/12\/logo-512.png","width":512,"height":512,"caption":"SvetSlik.si"},"image":{"@id":"https:\/\/svetslik.si\/en\/#\/schema\/logo\/image\/"},"sameAs":["https:\/\/www.facebook.com\/svetslik.si","https:\/\/x.com\/svetslik","https:\/\/www.instagram.com\/svetslik.si\/","https:\/\/www.linkedin.com\/company\/svetslik-si"]}]},"og_availability":"backorder","product_availability":"available for order","product_retailer_item_id":"1077__-1-2","product_condition":"new"},"jetpack_sharing_enabled":true,"_links":{"self":[{"href":"https:\/\/svetslik.si\/en\/wp-json\/wp\/v2\/product\/89352","targetHints":{"allow":["GET"]}}],"collection":[{"href":"https:\/\/svetslik.si\/en\/wp-json\/wp\/v2\/product"}],"about":[{"href":"https:\/\/svetslik.si\/en\/wp-json\/wp\/v2\/types\/product"}],"wp:featuredmedia":[{"embeddable":true,"href":"https:\/\/svetslik.si\/en\/wp-json\/wp\/v2\/media\/80533"}],"wp:attachment":[{"href":"https:\/\/svetslik.si\/en\/wp-json\/wp\/v2\/media?parent=89352"}],"wp:term":[{"taxonomy":"product_brand","embeddable":true,"href":"https:\/\/svetslik.si\/en\/wp-json\/wp\/v2\/product_brand?post=89352"},{"taxonomy":"product_cat","embeddable":true,"href":"https:\/\/svetslik.si\/en\/wp-json\/wp\/v2\/product_cat?post=89352"},{"taxonomy":"product_tag","embeddable":true,"href":"https:\/\/svetslik.si\/en\/wp-json\/wp\/v2\/product_tag?post=89352"}],"curies":[{"name":"wp","href":"https:\/\/api.w.org\/{rel}","templated":true}]}}