{"id":90448,"date":"2023-03-06T09:16:27","date_gmt":"2023-03-06T08:16:27","guid":{"rendered":"https:\/\/svetslik.si\/uncategorized\/abstraktne-slike-e81\/"},"modified":"2025-11-02T20:40:47","modified_gmt":"2025-11-02T19:40:47","slug":"abstract-paintings-e81","status":"publish","type":"product","link":"https:\/\/svetslik.si\/en\/wall-art-paintings-on-canvas-single-panel\/abstract-paintings-e81\/","title":{"rendered":"Abstract Paintings &#8211; E81"},"content":{"rendered":"<div class=\"wpb-content-wrapper\">[vc_row][vc_column][vc_column_text css=&#8221;&#8221;]\n<p data-pm-slice=\"1 1 []\"><div class=\"yt-lazy-video ratio-square\" data-id=\"pXRZR6_58_k\"><\/div>\n[\/vc_column][\/vc_row][vc_row css=&#8221;.vc_custom_1661405884285{margin-bottom: 10px !important;}&#8221;][vc_column]\t<div class=\"et-image-245 et-image     et_image_link\">\n\t\t<div class=\"et-image-inner \">\n\t\t\t\t\t\t\t<div class=\"et-image-thumb \">\n\t\t\t\t\t<img decoding=\"async\" width=\"638\" height=\"636\" src=\"https:\/\/svetslik.si\/wp-content\/uploads\/2023\/03\/Abstraktna-slika-E81a.jpg\" class=\"attachment-full\" alt=\"Abstract painting E81\" title=\"Abstract painting E81\" srcset=\"https:\/\/svetslik.si\/wp-content\/uploads\/2023\/03\/Abstraktna-slika-E81a.jpg 638w, https:\/\/svetslik.si\/wp-content\/uploads\/2023\/03\/Abstraktna-slika-E81a-600x598.jpg 600w, https:\/\/svetslik.si\/wp-content\/uploads\/2023\/03\/Abstraktna-slika-E81a-100x100.jpg 100w, https:\/\/svetslik.si\/wp-content\/uploads\/2023\/03\/Abstraktna-slika-E81a-300x300.jpg 300w, https:\/\/svetslik.si\/wp-content\/uploads\/2023\/03\/Abstraktna-slika-E81a-150x150.jpg 150w, https:\/\/svetslik.si\/wp-content\/uploads\/2023\/03\/Abstraktna-slika-E81a-12x12.jpg 12w\" sizes=\"(max-width: 638px) 100vw, 638px\" \/>\t\t\t\t<\/div>\n\t\t\t\t\t\t\t\t\t\t\t<\/div>\n\t<\/div>\n  [\/vc_column][\/vc_row][vc_row css=&#8221;.vc_custom_1661405884285{margin-bottom: 10px !important;}&#8221;][vc_column]\t<div class=\"et-image-284 et-image     et_image_link\">\n\t\t<div class=\"et-image-inner \">\n\t\t\t\t\t\t\t<div class=\"et-image-thumb \">\n\t\t\t\t\t<img decoding=\"async\" width=\"1000\" height=\"1211\" src=\"https:\/\/svetslik.si\/wp-content\/uploads\/2023\/03\/slika-na-platnu-E81.jpg\" class=\"attachment-full\" alt=\"Abstract Paintings - E81\" title=\"Abstract Paintings - E81\" srcset=\"https:\/\/svetslik.si\/wp-content\/uploads\/2023\/03\/slika-na-platnu-E81.jpg 1000w, https:\/\/svetslik.si\/wp-content\/uploads\/2023\/03\/slika-na-platnu-E81-600x727.jpg 600w, https:\/\/svetslik.si\/wp-content\/uploads\/2023\/03\/slika-na-platnu-E81-248x300.jpg 248w, https:\/\/svetslik.si\/wp-content\/uploads\/2023\/03\/slika-na-platnu-E81-846x1024.jpg 846w, https:\/\/svetslik.si\/wp-content\/uploads\/2023\/03\/slika-na-platnu-E81-768x930.jpg 768w, https:\/\/svetslik.si\/wp-content\/uploads\/2023\/03\/slika-na-platnu-E81-124x150.jpg 124w, https:\/\/svetslik.si\/wp-content\/uploads\/2023\/03\/slika-na-platnu-E81-900x1090.jpg 900w\" sizes=\"(max-width: 1000px) 100vw, 1000px\" \/>\t\t\t\t<\/div>\n\t\t\t\t\t\t\t\t\t\t\t<\/div>\n\t<\/div>\n  [\/vc_column][\/vc_row][vc_row css=&#8221;.vc_custom_1661405884285{margin-bottom: 10px !important;}&#8221;][vc_column]\t<div class=\"et-image-140 et-image     et_image_link\">\n\t\t<div class=\"et-image-inner \">\n\t\t\t\t\t\t\t<div class=\"et-image-thumb \">\n\t\t\t\t\t<img decoding=\"async\" width=\"1000\" height=\"1408\" src=\"https:\/\/svetslik.si\/wp-content\/uploads\/2023\/03\/slika-na-platnu-E81-2.jpg\" class=\"attachment-full\" alt=\"Abstract Paintings - E81\" title=\"Abstract Paintings - E81\" srcset=\"https:\/\/svetslik.si\/wp-content\/uploads\/2023\/03\/slika-na-platnu-E81-2.jpg 1000w, https:\/\/svetslik.si\/wp-content\/uploads\/2023\/03\/slika-na-platnu-E81-2-600x845.jpg 600w, https:\/\/svetslik.si\/wp-content\/uploads\/2023\/03\/slika-na-platnu-E81-2-213x300.jpg 213w, https:\/\/svetslik.si\/wp-content\/uploads\/2023\/03\/slika-na-platnu-E81-2-727x1024.jpg 727w, https:\/\/svetslik.si\/wp-content\/uploads\/2023\/03\/slika-na-platnu-E81-2-768x1081.jpg 768w, https:\/\/svetslik.si\/wp-content\/uploads\/2023\/03\/slika-na-platnu-E81-2-107x150.jpg 107w, https:\/\/svetslik.si\/wp-content\/uploads\/2023\/03\/slika-na-platnu-E81-2-900x1267.jpg 900w\" sizes=\"(max-width: 1000px) 100vw, 1000px\" \/>\t\t\t\t<\/div>\n\t\t\t\t\t\t\t\t\t\t\t<\/div>\n\t<\/div>\n  [\/vc_column][\/vc_row][vc_row css=&#8221;.vc_custom_1661405884285{margin-bottom: 10px !important;}&#8221;][vc_column]\t<div class=\"et-image-589 et-image     et_image_link\">\n\t\t<div class=\"et-image-inner \">\n\t\t\t\t\t\t\t<div class=\"et-image-thumb \">\n\t\t\t\t\t<img decoding=\"async\" width=\"1000\" height=\"563\" src=\"https:\/\/svetslik.si\/wp-content\/uploads\/2023\/03\/slika-na-platnu-E81-3.jpg\" class=\"attachment-full\" alt=\"Abstract Paintings - E81\" title=\"Abstract Paintings - E81\" srcset=\"https:\/\/svetslik.si\/wp-content\/uploads\/2023\/03\/slika-na-platnu-E81-3.jpg 1000w, https:\/\/svetslik.si\/wp-content\/uploads\/2023\/03\/slika-na-platnu-E81-3-600x338.jpg 600w, https:\/\/svetslik.si\/wp-content\/uploads\/2023\/03\/slika-na-platnu-E81-3-300x169.jpg 300w, https:\/\/svetslik.si\/wp-content\/uploads\/2023\/03\/slika-na-platnu-E81-3-768x432.jpg 768w, https:\/\/svetslik.si\/wp-content\/uploads\/2023\/03\/slika-na-platnu-E81-3-150x84.jpg 150w, https:\/\/svetslik.si\/wp-content\/uploads\/2023\/03\/slika-na-platnu-E81-3-900x507.jpg 900w\" sizes=\"(max-width: 1000px) 100vw, 1000px\" \/>\t\t\t\t<\/div>\n\t\t\t\t\t\t\t\t\t\t\t<\/div>\n\t<\/div>\n  [\/vc_column][\/vc_row]\n<\/div>","protected":false},"excerpt":{"rendered":"<p>[vc_row][vc_column][vc_column_text css=&#8221;&#8221;] [\/vc_column][\/vc_row][vc_row css=&#8221;.vc_custom_1661405884285{margin-bottom: 10px !important;}&#8221;][vc_column][\/vc_column][\/vc_row][vc_row css=&#8221;.vc_custom_1661405884285{margin-bottom: 10px !important;}&#8221;][vc_column][\/vc_column][\/vc_row][vc_row css=&#8221;.vc_custom_1661405884285{margin-bottom: 10px !important;}&#8221;][vc_column][\/vc_column][\/vc_row][vc_row css=&#8221;.vc_custom_1661405884285{margin-bottom: 10px !important;}&#8221;][vc_column][\/vc_column][\/vc_row]<\/p>\n","protected":false},"featured_media":80786,"template":"","meta":{"_acf_changed":false},"product_brand":[],"product_cat":[9818],"product_tag":[9825,9847,9833,9876,9882,9872,9874,9859,9878,9873,9871,9879],"class_list":{"0":"post-90448","1":"product","2":"type-product","3":"status-publish","4":"has-post-thumbnail","6":"product_cat-wall-art-paintings-on-canvas-single-panel","7":"product_tag-abstract-wall-art","8":"product_tag-modern-paintings","9":"product_tag-modern-wall-art","10":"product_tag-online-gallery","11":"product_tag-paintings","12":"product_tag-paintings-for-livingroom","13":"product_tag-paintings-for-the-living-room","14":"product_tag-sale-of-paintings","15":"product_tag-wall-art-en","16":"product_tag-wall-art","17":"product_tag-wall-art-on-canvas","18":"product_tag-wall-artwork","19":"pa_dimenzija-100-cm-x-159-cm","20":"pa_dimenzija-110-cm-x-175-cm","21":"pa_dimenzija-120-cm-x-191-cm","22":"pa_dimenzija-130-cm-x-207-cm","23":"pa_dimenzija-140-cm-x-223-cm","24":"pa_dimenzija-150-cm-x-239-cm","25":"pa_dimenzija-160-cm-x-255-cm","26":"pa_dimenzija-170-cm-x-271-cm","27":"pa_dimenzija-180-cm-x-287-cm","28":"pa_dimenzija-200-cm-x-319-cm","29":"pa_dimenzija-40-cm-x-63-cm","30":"pa_dimenzija-50-cm-x-79-cm","31":"pa_dimenzija-60-cm-x-95-cm","32":"pa_dimenzija-70-cm-x-111-cm","33":"pa_dimenzija-80-cm-x-127-cm","34":"pa_dimenzija-90-cm-x-143-cm","35":"pa_oblika-vertical","36":"pa_okvir-without-frame","37":"pa_podokvir-without","38":"pa_podokvir-yes","40":"first","41":"onbackorder","42":"purchasable","43":"product-type-variable","44":"has-default-attributes"},"acf":[],"yoast_head":"<!-- This site is optimized with the Yoast SEO Premium plugin v26.0 (Yoast SEO v27.2) - https:\/\/yoast.com\/product\/yoast-seo-premium-wordpress\/ -->\n<title>Abstract Paintings - E81 - SVETSLIK.SI - 100% hand painted<\/title>\n<meta name=\"description\" content=\"Abstract Paintings - E81 - 100% hand-painted painting on canvas. Wall art, abstract paintings, reproduction of famous painting and custom paintings made by order.\" \/>\n<meta name=\"robots\" content=\"index, follow, max-snippet:-1, max-image-preview:large, max-video-preview:-1\" \/>\n<link rel=\"canonical\" href=\"https:\/\/svetslik.si\/en\/wall-art-paintings-on-canvas-single-panel\/abstract-paintings-e81\/\" \/>\n<meta property=\"og:locale\" content=\"en_US\" \/>\n<meta property=\"og:type\" content=\"article\" \/>\n<meta property=\"og:title\" content=\"Abstract Paintings - E81\" \/>\n<meta property=\"og:description\" content=\"100% ro\u010dno naslikane slike na platnu, reprodukcije znanih slikarjev in umetni\u0161ke slike po naro\u010dilu.\" \/>\n<meta property=\"og:url\" content=\"https:\/\/svetslik.si\/en\/wall-art-paintings-on-canvas-single-panel\/abstract-paintings-e81\/\" \/>\n<meta property=\"og:site_name\" content=\"SVETSLIK.SI\" \/>\n<meta property=\"article:publisher\" content=\"https:\/\/www.facebook.com\/svetslik.si\" \/>\n<meta property=\"article:modified_time\" content=\"2025-11-02T19:40:47+00:00\" \/>\n<meta property=\"og:image\" content=\"https:\/\/svetslik.si\/wp-content\/uploads\/2023\/03\/Abstraktna-slika-E81.jpg\" \/>\n\t<meta property=\"og:image:width\" content=\"566\" \/>\n\t<meta property=\"og:image:height\" content=\"849\" \/>\n\t<meta property=\"og:image:type\" content=\"image\/jpeg\" \/>\n<meta name=\"twitter:card\" content=\"summary_large_image\" \/>\n<meta name=\"twitter:site\" content=\"@svetslik\" \/>\n<meta name=\"twitter:label1\" content=\"Availability\" \/>\n\t<meta name=\"twitter:data1\" content=\"On backorder\" \/>\n<script type=\"application\/ld+json\" class=\"yoast-schema-graph\">{\"@context\":\"https:\/\/schema.org\",\"@graph\":[{\"@type\":[\"WebPage\",\"ItemPage\"],\"@id\":\"https:\/\/svetslik.si\/en\/wall-art-paintings-on-canvas-single-panel\/abstract-paintings-e81\/\",\"url\":\"https:\/\/svetslik.si\/en\/wall-art-paintings-on-canvas-single-panel\/abstract-paintings-e81\/\",\"name\":\"Abstract Paintings - E81 - SVETSLIK.SI - 100% hand painted\",\"isPartOf\":{\"@id\":\"https:\/\/svetslik.si\/en\/#website\"},\"primaryImageOfPage\":{\"@id\":\"https:\/\/svetslik.si\/en\/wall-art-paintings-on-canvas-single-panel\/abstract-paintings-e81\/#primaryimage\"},\"image\":{\"@id\":\"https:\/\/svetslik.si\/en\/wall-art-paintings-on-canvas-single-panel\/abstract-paintings-e81\/#primaryimage\"},\"thumbnailUrl\":\"https:\/\/svetslik.si\/wp-content\/uploads\/2023\/03\/Abstraktna-slika-E81.jpg\",\"datePublished\":\"2023-03-06T08:16:27+00:00\",\"dateModified\":\"2025-11-02T19:40:47+00:00\",\"description\":\"Abstract Paintings - E81 - 100% hand-painted painting on canvas. Wall art, abstract paintings, reproduction of famous painting and custom paintings made by order.\",\"breadcrumb\":{\"@id\":\"https:\/\/svetslik.si\/en\/wall-art-paintings-on-canvas-single-panel\/abstract-paintings-e81\/#breadcrumb\"},\"inLanguage\":\"en-US\",\"potentialAction\":[{\"@type\":\"ReadAction\",\"target\":[\"https:\/\/svetslik.si\/en\/wall-art-paintings-on-canvas-single-panel\/abstract-paintings-e81\/\"]}]},{\"@type\":\"ImageObject\",\"inLanguage\":\"en-US\",\"@id\":\"https:\/\/svetslik.si\/en\/wall-art-paintings-on-canvas-single-panel\/abstract-paintings-e81\/#primaryimage\",\"url\":\"https:\/\/svetslik.si\/wp-content\/uploads\/2023\/03\/Abstraktna-slika-E81.jpg\",\"contentUrl\":\"https:\/\/svetslik.si\/wp-content\/uploads\/2023\/03\/Abstraktna-slika-E81.jpg\",\"width\":566,\"height\":849,\"caption\":\"Abstract painting E81\"},{\"@type\":\"BreadcrumbList\",\"@id\":\"https:\/\/svetslik.si\/en\/wall-art-paintings-on-canvas-single-panel\/abstract-paintings-e81\/#breadcrumb\",\"itemListElement\":[{\"@type\":\"ListItem\",\"position\":1,\"name\":\"Wall art and paintings on canvas\",\"item\":\"https:\/\/svetslik.si\/en\/\"},{\"@type\":\"ListItem\",\"position\":2,\"name\":\"Sale of paintings\",\"item\":\"https:\/\/svetslik.si\/prodaja-slik\/\"},{\"@type\":\"ListItem\",\"position\":3,\"name\":\"Abstract Paintings &#8211; E81\"}]},{\"@type\":\"WebSite\",\"@id\":\"https:\/\/svetslik.si\/en\/#website\",\"url\":\"https:\/\/svetslik.si\/en\/\",\"name\":\"SVETSLIK.SI\",\"description\":\"100% ru\u010dno naslikane reprodukcije slika poznatih slikara in umjetni\u010dke zidne slike na platnu.\",\"publisher\":{\"@id\":\"https:\/\/svetslik.si\/en\/#organization\"},\"potentialAction\":[{\"@type\":\"SearchAction\",\"target\":{\"@type\":\"EntryPoint\",\"urlTemplate\":\"https:\/\/svetslik.si\/en\/?s={search_term_string}\"},\"query-input\":{\"@type\":\"PropertyValueSpecification\",\"valueRequired\":true,\"valueName\":\"search_term_string\"}}],\"inLanguage\":\"en-US\"},{\"@type\":\"Organization\",\"@id\":\"https:\/\/svetslik.si\/en\/#organization\",\"name\":\"SvetSlik.si\",\"url\":\"https:\/\/svetslik.si\/en\/\",\"logo\":{\"@type\":\"ImageObject\",\"inLanguage\":\"en-US\",\"@id\":\"https:\/\/svetslik.si\/en\/#\/schema\/logo\/image\/\",\"url\":\"https:\/\/svetslik.si\/wp-content\/uploads\/2020\/12\/logo-512.png\",\"contentUrl\":\"https:\/\/svetslik.si\/wp-content\/uploads\/2020\/12\/logo-512.png\",\"width\":512,\"height\":512,\"caption\":\"SvetSlik.si\"},\"image\":{\"@id\":\"https:\/\/svetslik.si\/en\/#\/schema\/logo\/image\/\"},\"sameAs\":[\"https:\/\/www.facebook.com\/svetslik.si\",\"https:\/\/x.com\/svetslik\",\"https:\/\/www.instagram.com\/svetslik.si\/\",\"https:\/\/www.linkedin.com\/company\/svetslik-si\"]}]}<\/script>\n<meta property=\"og:availability\" content=\"backorder\" \/>\n<meta property=\"product:availability\" content=\"available for order\" \/>\n<meta property=\"product:retailer_item_id\" content=\"1130_b-5-1\" \/>\n<meta property=\"product:condition\" content=\"new\" \/>\n<!-- \/ Yoast SEO Premium plugin. -->","yoast_head_json":{"title":"Abstract Paintings - E81 - SVETSLIK.SI - 100% hand painted","description":"Abstract Paintings - E81 - 100% hand-painted painting on canvas. Wall art, abstract paintings, reproduction of famous painting and custom paintings made by order.","robots":{"index":"index","follow":"follow","max-snippet":"max-snippet:-1","max-image-preview":"max-image-preview:large","max-video-preview":"max-video-preview:-1"},"canonical":"https:\/\/svetslik.si\/en\/wall-art-paintings-on-canvas-single-panel\/abstract-paintings-e81\/","og_locale":"en_US","og_type":"article","og_title":"Abstract Paintings - E81","og_description":"100% ro\u010dno naslikane slike na platnu, reprodukcije znanih slikarjev in umetni\u0161ke slike po naro\u010dilu.","og_url":"https:\/\/svetslik.si\/en\/wall-art-paintings-on-canvas-single-panel\/abstract-paintings-e81\/","og_site_name":"SVETSLIK.SI","article_publisher":"https:\/\/www.facebook.com\/svetslik.si","article_modified_time":"2025-11-02T19:40:47+00:00","og_image":[{"width":566,"height":849,"url":"https:\/\/svetslik.si\/wp-content\/uploads\/2023\/03\/Abstraktna-slika-E81.jpg","type":"image\/jpeg"}],"twitter_card":"summary_large_image","twitter_site":"@svetslik","twitter_misc":{"Availability":"On backorder"},"schema":{"@context":"https:\/\/schema.org","@graph":[{"@type":["WebPage","ItemPage"],"@id":"https:\/\/svetslik.si\/en\/wall-art-paintings-on-canvas-single-panel\/abstract-paintings-e81\/","url":"https:\/\/svetslik.si\/en\/wall-art-paintings-on-canvas-single-panel\/abstract-paintings-e81\/","name":"Abstract Paintings - E81 - SVETSLIK.SI - 100% hand painted","isPartOf":{"@id":"https:\/\/svetslik.si\/en\/#website"},"primaryImageOfPage":{"@id":"https:\/\/svetslik.si\/en\/wall-art-paintings-on-canvas-single-panel\/abstract-paintings-e81\/#primaryimage"},"image":{"@id":"https:\/\/svetslik.si\/en\/wall-art-paintings-on-canvas-single-panel\/abstract-paintings-e81\/#primaryimage"},"thumbnailUrl":"https:\/\/svetslik.si\/wp-content\/uploads\/2023\/03\/Abstraktna-slika-E81.jpg","datePublished":"2023-03-06T08:16:27+00:00","dateModified":"2025-11-02T19:40:47+00:00","description":"Abstract Paintings - E81 - 100% hand-painted painting on canvas. Wall art, abstract paintings, reproduction of famous painting and custom paintings made by order.","breadcrumb":{"@id":"https:\/\/svetslik.si\/en\/wall-art-paintings-on-canvas-single-panel\/abstract-paintings-e81\/#breadcrumb"},"inLanguage":"en-US","potentialAction":[{"@type":"ReadAction","target":["https:\/\/svetslik.si\/en\/wall-art-paintings-on-canvas-single-panel\/abstract-paintings-e81\/"]}]},{"@type":"ImageObject","inLanguage":"en-US","@id":"https:\/\/svetslik.si\/en\/wall-art-paintings-on-canvas-single-panel\/abstract-paintings-e81\/#primaryimage","url":"https:\/\/svetslik.si\/wp-content\/uploads\/2023\/03\/Abstraktna-slika-E81.jpg","contentUrl":"https:\/\/svetslik.si\/wp-content\/uploads\/2023\/03\/Abstraktna-slika-E81.jpg","width":566,"height":849,"caption":"Abstract painting E81"},{"@type":"BreadcrumbList","@id":"https:\/\/svetslik.si\/en\/wall-art-paintings-on-canvas-single-panel\/abstract-paintings-e81\/#breadcrumb","itemListElement":[{"@type":"ListItem","position":1,"name":"Wall art and paintings on canvas","item":"https:\/\/svetslik.si\/en\/"},{"@type":"ListItem","position":2,"name":"Sale of paintings","item":"https:\/\/svetslik.si\/prodaja-slik\/"},{"@type":"ListItem","position":3,"name":"Abstract Paintings &#8211; E81"}]},{"@type":"WebSite","@id":"https:\/\/svetslik.si\/en\/#website","url":"https:\/\/svetslik.si\/en\/","name":"SVETSLIK.SI","description":"100% ru\u010dno naslikane reprodukcije slika poznatih slikara in umjetni\u010dke zidne slike na platnu.","publisher":{"@id":"https:\/\/svetslik.si\/en\/#organization"},"potentialAction":[{"@type":"SearchAction","target":{"@type":"EntryPoint","urlTemplate":"https:\/\/svetslik.si\/en\/?s={search_term_string}"},"query-input":{"@type":"PropertyValueSpecification","valueRequired":true,"valueName":"search_term_string"}}],"inLanguage":"en-US"},{"@type":"Organization","@id":"https:\/\/svetslik.si\/en\/#organization","name":"SvetSlik.si","url":"https:\/\/svetslik.si\/en\/","logo":{"@type":"ImageObject","inLanguage":"en-US","@id":"https:\/\/svetslik.si\/en\/#\/schema\/logo\/image\/","url":"https:\/\/svetslik.si\/wp-content\/uploads\/2020\/12\/logo-512.png","contentUrl":"https:\/\/svetslik.si\/wp-content\/uploads\/2020\/12\/logo-512.png","width":512,"height":512,"caption":"SvetSlik.si"},"image":{"@id":"https:\/\/svetslik.si\/en\/#\/schema\/logo\/image\/"},"sameAs":["https:\/\/www.facebook.com\/svetslik.si","https:\/\/x.com\/svetslik","https:\/\/www.instagram.com\/svetslik.si\/","https:\/\/www.linkedin.com\/company\/svetslik-si"]}]},"og_availability":"backorder","product_availability":"available for order","product_retailer_item_id":"1130_b-5-1","product_condition":"new"},"jetpack_sharing_enabled":true,"_links":{"self":[{"href":"https:\/\/svetslik.si\/en\/wp-json\/wp\/v2\/product\/90448","targetHints":{"allow":["GET"]}}],"collection":[{"href":"https:\/\/svetslik.si\/en\/wp-json\/wp\/v2\/product"}],"about":[{"href":"https:\/\/svetslik.si\/en\/wp-json\/wp\/v2\/types\/product"}],"wp:featuredmedia":[{"embeddable":true,"href":"https:\/\/svetslik.si\/en\/wp-json\/wp\/v2\/media\/80786"}],"wp:attachment":[{"href":"https:\/\/svetslik.si\/en\/wp-json\/wp\/v2\/media?parent=90448"}],"wp:term":[{"taxonomy":"product_brand","embeddable":true,"href":"https:\/\/svetslik.si\/en\/wp-json\/wp\/v2\/product_brand?post=90448"},{"taxonomy":"product_cat","embeddable":true,"href":"https:\/\/svetslik.si\/en\/wp-json\/wp\/v2\/product_cat?post=90448"},{"taxonomy":"product_tag","embeddable":true,"href":"https:\/\/svetslik.si\/en\/wp-json\/wp\/v2\/product_tag?post=90448"}],"curies":[{"name":"wp","href":"https:\/\/api.w.org\/{rel}","templated":true}]}}