{"id":90858,"date":"2023-03-06T19:18:32","date_gmt":"2023-03-06T18:18:32","guid":{"rendered":"https:\/\/svetslik.si\/uncategorized\/stenske-slike-d28\/"},"modified":"2023-08-10T09:03:11","modified_gmt":"2023-08-10T07:03:11","slug":"wall-paintings-d28","status":"publish","type":"product","link":"https:\/\/svetslik.si\/en\/wall-art-paintings-on-canvas-two-panels\/wall-paintings-d28\/","title":{"rendered":"Wall paintings &#8211; D28"},"content":{"rendered":"<div class=\"wpb-content-wrapper\">[vc_row css=&#8221;.vc_custom_1676892297018{margin-bottom: 10px !important;}&#8221;][vc_column]\t<div class=\"et-image-63 et-image     et_image_link\">\n\t\t<div class=\"et-image-inner \">\n\t\t\t\t\t\t\t<div class=\"et-image-thumb \">\n\t\t\t\t\t<img decoding=\"async\" width=\"1006\" height=\"1006\" src=\"https:\/\/svetslik.si\/wp-content\/uploads\/2023\/03\/stenske-slike-D58.webp\" class=\"attachment-full\" alt=\"Wall paintings D28\" title=\"Wall paintings D28\" srcset=\"https:\/\/svetslik.si\/wp-content\/uploads\/2023\/03\/stenske-slike-D58.webp 1006w, https:\/\/svetslik.si\/wp-content\/uploads\/2023\/03\/stenske-slike-D58-600x600.webp 600w, https:\/\/svetslik.si\/wp-content\/uploads\/2023\/03\/stenske-slike-D58-100x100.webp 100w, https:\/\/svetslik.si\/wp-content\/uploads\/2023\/03\/stenske-slike-D58-300x300.webp 300w, https:\/\/svetslik.si\/wp-content\/uploads\/2023\/03\/stenske-slike-D58-150x150.webp 150w, https:\/\/svetslik.si\/wp-content\/uploads\/2023\/03\/stenske-slike-D58-768x768.webp 768w, https:\/\/svetslik.si\/wp-content\/uploads\/2023\/03\/stenske-slike-D58-12x12.webp 12w, https:\/\/svetslik.si\/wp-content\/uploads\/2023\/03\/stenske-slike-D58-900x900.webp 900w\" sizes=\"(max-width: 1006px) 100vw, 1006px\" \/>\t\t\t\t<\/div>\n\t\t\t\t\t\t\t\t\t\t\t<\/div>\n\t<\/div>\n  [\/vc_column][\/vc_row][vc_row css=&#8221;.vc_custom_1676892297018{margin-bottom: 10px !important;}&#8221;][vc_column]\t<div class=\"et-image-819 et-image     et_image_link\">\n\t\t<div class=\"et-image-inner \">\n\t\t\t\t\t\t\t<div class=\"et-image-thumb \">\n\t\t\t\t\t<img decoding=\"async\" width=\"1080\" height=\"1080\" src=\"https:\/\/svetslik.si\/wp-content\/uploads\/2023\/03\/stenske-slike-D58a.webp\" class=\"attachment-full\" alt=\"Wall paintings D28\" title=\"Wall paintings D28\" srcset=\"https:\/\/svetslik.si\/wp-content\/uploads\/2023\/03\/stenske-slike-D58a.webp 1080w, https:\/\/svetslik.si\/wp-content\/uploads\/2023\/03\/stenske-slike-D58a-600x600.webp 600w, https:\/\/svetslik.si\/wp-content\/uploads\/2023\/03\/stenske-slike-D58a-100x100.webp 100w, https:\/\/svetslik.si\/wp-content\/uploads\/2023\/03\/stenske-slike-D58a-300x300.webp 300w, https:\/\/svetslik.si\/wp-content\/uploads\/2023\/03\/stenske-slike-D58a-1024x1024.webp 1024w, https:\/\/svetslik.si\/wp-content\/uploads\/2023\/03\/stenske-slike-D58a-150x150.webp 150w, https:\/\/svetslik.si\/wp-content\/uploads\/2023\/03\/stenske-slike-D58a-768x768.webp 768w, https:\/\/svetslik.si\/wp-content\/uploads\/2023\/03\/stenske-slike-D58a-12x12.webp 12w, https:\/\/svetslik.si\/wp-content\/uploads\/2023\/03\/stenske-slike-D58a-900x900.webp 900w\" sizes=\"(max-width: 1080px) 100vw, 1080px\" \/>\t\t\t\t<\/div>\n\t\t\t\t\t\t\t\t\t\t\t<\/div>\n\t<\/div>\n  [\/vc_column][\/vc_row][vc_row css=&#8221;.vc_custom_1676892297018{margin-bottom: 10px !important;}&#8221;][vc_column]\t<div class=\"et-image-245 et-image     et_image_link\">\n\t\t<div class=\"et-image-inner \">\n\t\t\t\t\t\t\t<div class=\"et-image-thumb \">\n\t\t\t\t\t<img decoding=\"async\" width=\"1080\" height=\"1080\" src=\"https:\/\/svetslik.si\/wp-content\/uploads\/2023\/03\/stenske-slike-D58c.webp\" class=\"attachment-full\" alt=\"Wall paintings D28\" title=\"Wall paintings D28\" srcset=\"https:\/\/svetslik.si\/wp-content\/uploads\/2023\/03\/stenske-slike-D58c.webp 1080w, https:\/\/svetslik.si\/wp-content\/uploads\/2023\/03\/stenske-slike-D58c-600x600.webp 600w, https:\/\/svetslik.si\/wp-content\/uploads\/2023\/03\/stenske-slike-D58c-100x100.webp 100w, https:\/\/svetslik.si\/wp-content\/uploads\/2023\/03\/stenske-slike-D58c-300x300.webp 300w, https:\/\/svetslik.si\/wp-content\/uploads\/2023\/03\/stenske-slike-D58c-1024x1024.webp 1024w, https:\/\/svetslik.si\/wp-content\/uploads\/2023\/03\/stenske-slike-D58c-150x150.webp 150w, https:\/\/svetslik.si\/wp-content\/uploads\/2023\/03\/stenske-slike-D58c-768x768.webp 768w, https:\/\/svetslik.si\/wp-content\/uploads\/2023\/03\/stenske-slike-D58c-12x12.webp 12w, https:\/\/svetslik.si\/wp-content\/uploads\/2023\/03\/stenske-slike-D58c-900x900.webp 900w\" sizes=\"(max-width: 1080px) 100vw, 1080px\" \/>\t\t\t\t<\/div>\n\t\t\t\t\t\t\t\t\t\t\t<\/div>\n\t<\/div>\n  [\/vc_column][\/vc_row]\n<\/div>","protected":false},"excerpt":{"rendered":"<p>[vc_row css=&#8221;.vc_custom_1676892297018{margin-bottom: 10px !important;}&#8221;][vc_column][\/vc_column][\/vc_row][vc_row css=&#8221;.vc_custom_1676892297018{margin-bottom: 10px !important;}&#8221;][vc_column][\/vc_column][\/vc_row][vc_row css=&#8221;.vc_custom_1676892297018{margin-bottom: 10px !important;}&#8221;][vc_column][\/vc_column][\/vc_row]<\/p>\n","protected":false},"featured_media":80821,"template":"","meta":{"_acf_changed":false},"product_brand":[],"product_cat":[9817],"product_tag":[9825,9834,9847,9885,9872,9874,9871,9879],"class_list":{"0":"post-90858","1":"product","2":"type-product","3":"status-publish","4":"has-post-thumbnail","6":"product_cat-wall-art-paintings-on-canvas-two-panels","7":"product_tag-abstract-wall-art","8":"product_tag-double-panel-painting","9":"product_tag-modern-paintings","10":"product_tag-multi-panel-paintings","11":"product_tag-paintings-for-livingroom","12":"product_tag-paintings-for-the-living-room","13":"product_tag-wall-art-on-canvas","14":"product_tag-wall-artwork","15":"pa_dimenzija-100-x-160-cm","16":"pa_dimenzija-120-x-190-cm","17":"pa_dimenzija-140-x-220-cm","18":"pa_dimenzija-160-x-250-cm","19":"pa_dimenzija-180-x-290-cm","20":"pa_dimenzija-200-x-320-cm","21":"pa_dimenzija-50-x-80-cm","22":"pa_dimenzija-60-x-100-cm","23":"pa_dimenzija-70-x-110-cm","24":"pa_dimenzija-80-x-130-cm","25":"pa_dimenzija-90-x-140-cm","26":"pa_oblika-horizontal","27":"pa_pod-okvir-included-in-price","28":"pa_podokvir-without","29":"pa_podokvir-yes","31":"first","32":"onbackorder","33":"purchasable","34":"product-type-variable"},"acf":[],"yoast_head":"<!-- This site is optimized with the Yoast SEO Premium plugin v26.0 (Yoast SEO v27.2) - https:\/\/yoast.com\/product\/yoast-seo-premium-wordpress\/ -->\n<title>Wall paintings - D28 - SVETSLIK.SI - 100% hand painted<\/title>\n<meta name=\"description\" content=\"Wall paintings - D28 - 100% hand-painted painting on canvas. Wall art, abstract paintings, reproduction of famous painting and custom paintings made by order.\" \/>\n<meta name=\"robots\" content=\"index, follow, max-snippet:-1, max-image-preview:large, max-video-preview:-1\" \/>\n<link rel=\"canonical\" href=\"https:\/\/svetslik.si\/en\/wall-art-paintings-on-canvas-two-panels\/wall-paintings-d28\/\" \/>\n<meta property=\"og:locale\" content=\"en_US\" \/>\n<meta property=\"og:type\" content=\"article\" \/>\n<meta property=\"og:title\" content=\"Wall paintings - D28\" \/>\n<meta property=\"og:description\" content=\"100% ro\u010dno naslikane slike na platnu, reprodukcije znanih slikarjev in umetni\u0161ke slike po naro\u010dilu.\" \/>\n<meta property=\"og:url\" content=\"https:\/\/svetslik.si\/en\/wall-art-paintings-on-canvas-two-panels\/wall-paintings-d28\/\" \/>\n<meta property=\"og:site_name\" content=\"SVETSLIK.SI\" \/>\n<meta property=\"article:publisher\" content=\"https:\/\/www.facebook.com\/svetslik.si\" \/>\n<meta property=\"article:modified_time\" content=\"2023-08-10T07:03:11+00:00\" \/>\n<meta property=\"og:image\" content=\"https:\/\/svetslik.si\/wp-content\/uploads\/2023\/03\/stenske-slike-28.png\" \/>\n\t<meta property=\"og:image:width\" content=\"947\" \/>\n\t<meta property=\"og:image:height\" content=\"601\" \/>\n\t<meta property=\"og:image:type\" content=\"image\/png\" \/>\n<meta name=\"twitter:card\" content=\"summary_large_image\" \/>\n<meta name=\"twitter:site\" content=\"@svetslik\" \/>\n<meta name=\"twitter:label1\" content=\"Availability\" \/>\n\t<meta name=\"twitter:data1\" content=\"On backorder\" \/>\n<script type=\"application\/ld+json\" class=\"yoast-schema-graph\">{\"@context\":\"https:\/\/schema.org\",\"@graph\":[{\"@type\":[\"WebPage\",\"ItemPage\"],\"@id\":\"https:\/\/svetslik.si\/en\/wall-art-paintings-on-canvas-two-panels\/wall-paintings-d28\/\",\"url\":\"https:\/\/svetslik.si\/en\/wall-art-paintings-on-canvas-two-panels\/wall-paintings-d28\/\",\"name\":\"Wall paintings - D28 - SVETSLIK.SI - 100% hand painted\",\"isPartOf\":{\"@id\":\"https:\/\/svetslik.si\/en\/#website\"},\"primaryImageOfPage\":{\"@id\":\"https:\/\/svetslik.si\/en\/wall-art-paintings-on-canvas-two-panels\/wall-paintings-d28\/#primaryimage\"},\"image\":{\"@id\":\"https:\/\/svetslik.si\/en\/wall-art-paintings-on-canvas-two-panels\/wall-paintings-d28\/#primaryimage\"},\"thumbnailUrl\":\"https:\/\/svetslik.si\/wp-content\/uploads\/2023\/03\/stenske-slike-28.png\",\"datePublished\":\"2023-03-06T18:18:32+00:00\",\"dateModified\":\"2023-08-10T07:03:11+00:00\",\"description\":\"Wall paintings - D28 - 100% hand-painted painting on canvas. Wall art, abstract paintings, reproduction of famous painting and custom paintings made by order.\",\"breadcrumb\":{\"@id\":\"https:\/\/svetslik.si\/en\/wall-art-paintings-on-canvas-two-panels\/wall-paintings-d28\/#breadcrumb\"},\"inLanguage\":\"en-US\",\"potentialAction\":[{\"@type\":\"ReadAction\",\"target\":[\"https:\/\/svetslik.si\/en\/wall-art-paintings-on-canvas-two-panels\/wall-paintings-d28\/\"]}]},{\"@type\":\"ImageObject\",\"inLanguage\":\"en-US\",\"@id\":\"https:\/\/svetslik.si\/en\/wall-art-paintings-on-canvas-two-panels\/wall-paintings-d28\/#primaryimage\",\"url\":\"https:\/\/svetslik.si\/wp-content\/uploads\/2023\/03\/stenske-slike-28.png\",\"contentUrl\":\"https:\/\/svetslik.si\/wp-content\/uploads\/2023\/03\/stenske-slike-28.png\",\"width\":947,\"height\":601,\"caption\":\"Wall paintings D28\"},{\"@type\":\"BreadcrumbList\",\"@id\":\"https:\/\/svetslik.si\/en\/wall-art-paintings-on-canvas-two-panels\/wall-paintings-d28\/#breadcrumb\",\"itemListElement\":[{\"@type\":\"ListItem\",\"position\":1,\"name\":\"Wall art and paintings on canvas\",\"item\":\"https:\/\/svetslik.si\/en\/\"},{\"@type\":\"ListItem\",\"position\":2,\"name\":\"Sale of paintings\",\"item\":\"https:\/\/svetslik.si\/prodaja-slik\/\"},{\"@type\":\"ListItem\",\"position\":3,\"name\":\"Wall paintings &#8211; D28\"}]},{\"@type\":\"WebSite\",\"@id\":\"https:\/\/svetslik.si\/en\/#website\",\"url\":\"https:\/\/svetslik.si\/en\/\",\"name\":\"SVETSLIK.SI\",\"description\":\"100% ru\u010dno naslikane reprodukcije slika poznatih slikara in umjetni\u010dke zidne slike na platnu.\",\"publisher\":{\"@id\":\"https:\/\/svetslik.si\/en\/#organization\"},\"potentialAction\":[{\"@type\":\"SearchAction\",\"target\":{\"@type\":\"EntryPoint\",\"urlTemplate\":\"https:\/\/svetslik.si\/en\/?s={search_term_string}\"},\"query-input\":{\"@type\":\"PropertyValueSpecification\",\"valueRequired\":true,\"valueName\":\"search_term_string\"}}],\"inLanguage\":\"en-US\"},{\"@type\":\"Organization\",\"@id\":\"https:\/\/svetslik.si\/en\/#organization\",\"name\":\"SvetSlik.si\",\"url\":\"https:\/\/svetslik.si\/en\/\",\"logo\":{\"@type\":\"ImageObject\",\"inLanguage\":\"en-US\",\"@id\":\"https:\/\/svetslik.si\/en\/#\/schema\/logo\/image\/\",\"url\":\"https:\/\/svetslik.si\/wp-content\/uploads\/2020\/12\/logo-512.png\",\"contentUrl\":\"https:\/\/svetslik.si\/wp-content\/uploads\/2020\/12\/logo-512.png\",\"width\":512,\"height\":512,\"caption\":\"SvetSlik.si\"},\"image\":{\"@id\":\"https:\/\/svetslik.si\/en\/#\/schema\/logo\/image\/\"},\"sameAs\":[\"https:\/\/www.facebook.com\/svetslik.si\",\"https:\/\/x.com\/svetslik\",\"https:\/\/www.instagram.com\/svetslik.si\/\",\"https:\/\/www.linkedin.com\/company\/svetslik-si\"]}]}<\/script>\n<meta property=\"og:availability\" content=\"backorder\" \/>\n<meta property=\"product:availability\" content=\"available for order\" \/>\n<meta property=\"product:retailer_item_id\" content=\"979d-2-2-2\" \/>\n<meta property=\"product:condition\" content=\"new\" \/>\n<!-- \/ Yoast SEO Premium plugin. -->","yoast_head_json":{"title":"Wall paintings - D28 - SVETSLIK.SI - 100% hand painted","description":"Wall paintings - D28 - 100% hand-painted painting on canvas. Wall art, abstract paintings, reproduction of famous painting and custom paintings made by order.","robots":{"index":"index","follow":"follow","max-snippet":"max-snippet:-1","max-image-preview":"max-image-preview:large","max-video-preview":"max-video-preview:-1"},"canonical":"https:\/\/svetslik.si\/en\/wall-art-paintings-on-canvas-two-panels\/wall-paintings-d28\/","og_locale":"en_US","og_type":"article","og_title":"Wall paintings - D28","og_description":"100% ro\u010dno naslikane slike na platnu, reprodukcije znanih slikarjev in umetni\u0161ke slike po naro\u010dilu.","og_url":"https:\/\/svetslik.si\/en\/wall-art-paintings-on-canvas-two-panels\/wall-paintings-d28\/","og_site_name":"SVETSLIK.SI","article_publisher":"https:\/\/www.facebook.com\/svetslik.si","article_modified_time":"2023-08-10T07:03:11+00:00","og_image":[{"width":947,"height":601,"url":"https:\/\/svetslik.si\/wp-content\/uploads\/2023\/03\/stenske-slike-28.png","type":"image\/png"}],"twitter_card":"summary_large_image","twitter_site":"@svetslik","twitter_misc":{"Availability":"On backorder"},"schema":{"@context":"https:\/\/schema.org","@graph":[{"@type":["WebPage","ItemPage"],"@id":"https:\/\/svetslik.si\/en\/wall-art-paintings-on-canvas-two-panels\/wall-paintings-d28\/","url":"https:\/\/svetslik.si\/en\/wall-art-paintings-on-canvas-two-panels\/wall-paintings-d28\/","name":"Wall paintings - D28 - SVETSLIK.SI - 100% hand painted","isPartOf":{"@id":"https:\/\/svetslik.si\/en\/#website"},"primaryImageOfPage":{"@id":"https:\/\/svetslik.si\/en\/wall-art-paintings-on-canvas-two-panels\/wall-paintings-d28\/#primaryimage"},"image":{"@id":"https:\/\/svetslik.si\/en\/wall-art-paintings-on-canvas-two-panels\/wall-paintings-d28\/#primaryimage"},"thumbnailUrl":"https:\/\/svetslik.si\/wp-content\/uploads\/2023\/03\/stenske-slike-28.png","datePublished":"2023-03-06T18:18:32+00:00","dateModified":"2023-08-10T07:03:11+00:00","description":"Wall paintings - D28 - 100% hand-painted painting on canvas. Wall art, abstract paintings, reproduction of famous painting and custom paintings made by order.","breadcrumb":{"@id":"https:\/\/svetslik.si\/en\/wall-art-paintings-on-canvas-two-panels\/wall-paintings-d28\/#breadcrumb"},"inLanguage":"en-US","potentialAction":[{"@type":"ReadAction","target":["https:\/\/svetslik.si\/en\/wall-art-paintings-on-canvas-two-panels\/wall-paintings-d28\/"]}]},{"@type":"ImageObject","inLanguage":"en-US","@id":"https:\/\/svetslik.si\/en\/wall-art-paintings-on-canvas-two-panels\/wall-paintings-d28\/#primaryimage","url":"https:\/\/svetslik.si\/wp-content\/uploads\/2023\/03\/stenske-slike-28.png","contentUrl":"https:\/\/svetslik.si\/wp-content\/uploads\/2023\/03\/stenske-slike-28.png","width":947,"height":601,"caption":"Wall paintings D28"},{"@type":"BreadcrumbList","@id":"https:\/\/svetslik.si\/en\/wall-art-paintings-on-canvas-two-panels\/wall-paintings-d28\/#breadcrumb","itemListElement":[{"@type":"ListItem","position":1,"name":"Wall art and paintings on canvas","item":"https:\/\/svetslik.si\/en\/"},{"@type":"ListItem","position":2,"name":"Sale of paintings","item":"https:\/\/svetslik.si\/prodaja-slik\/"},{"@type":"ListItem","position":3,"name":"Wall paintings &#8211; D28"}]},{"@type":"WebSite","@id":"https:\/\/svetslik.si\/en\/#website","url":"https:\/\/svetslik.si\/en\/","name":"SVETSLIK.SI","description":"100% ru\u010dno naslikane reprodukcije slika poznatih slikara in umjetni\u010dke zidne slike na platnu.","publisher":{"@id":"https:\/\/svetslik.si\/en\/#organization"},"potentialAction":[{"@type":"SearchAction","target":{"@type":"EntryPoint","urlTemplate":"https:\/\/svetslik.si\/en\/?s={search_term_string}"},"query-input":{"@type":"PropertyValueSpecification","valueRequired":true,"valueName":"search_term_string"}}],"inLanguage":"en-US"},{"@type":"Organization","@id":"https:\/\/svetslik.si\/en\/#organization","name":"SvetSlik.si","url":"https:\/\/svetslik.si\/en\/","logo":{"@type":"ImageObject","inLanguage":"en-US","@id":"https:\/\/svetslik.si\/en\/#\/schema\/logo\/image\/","url":"https:\/\/svetslik.si\/wp-content\/uploads\/2020\/12\/logo-512.png","contentUrl":"https:\/\/svetslik.si\/wp-content\/uploads\/2020\/12\/logo-512.png","width":512,"height":512,"caption":"SvetSlik.si"},"image":{"@id":"https:\/\/svetslik.si\/en\/#\/schema\/logo\/image\/"},"sameAs":["https:\/\/www.facebook.com\/svetslik.si","https:\/\/x.com\/svetslik","https:\/\/www.instagram.com\/svetslik.si\/","https:\/\/www.linkedin.com\/company\/svetslik-si"]}]},"og_availability":"backorder","product_availability":"available for order","product_retailer_item_id":"979d-2-2-2","product_condition":"new"},"jetpack_sharing_enabled":true,"_links":{"self":[{"href":"https:\/\/svetslik.si\/en\/wp-json\/wp\/v2\/product\/90858","targetHints":{"allow":["GET"]}}],"collection":[{"href":"https:\/\/svetslik.si\/en\/wp-json\/wp\/v2\/product"}],"about":[{"href":"https:\/\/svetslik.si\/en\/wp-json\/wp\/v2\/types\/product"}],"wp:featuredmedia":[{"embeddable":true,"href":"https:\/\/svetslik.si\/en\/wp-json\/wp\/v2\/media\/80821"}],"wp:attachment":[{"href":"https:\/\/svetslik.si\/en\/wp-json\/wp\/v2\/media?parent=90858"}],"wp:term":[{"taxonomy":"product_brand","embeddable":true,"href":"https:\/\/svetslik.si\/en\/wp-json\/wp\/v2\/product_brand?post=90858"},{"taxonomy":"product_cat","embeddable":true,"href":"https:\/\/svetslik.si\/en\/wp-json\/wp\/v2\/product_cat?post=90858"},{"taxonomy":"product_tag","embeddable":true,"href":"https:\/\/svetslik.si\/en\/wp-json\/wp\/v2\/product_tag?post=90858"}],"curies":[{"name":"wp","href":"https:\/\/api.w.org\/{rel}","templated":true}]}}