{"id":90949,"date":"2023-03-07T11:30:16","date_gmt":"2023-03-07T10:30:16","guid":{"rendered":"https:\/\/svetslik.si\/uncategorized\/abstraktna-slika-d64\/"},"modified":"2025-01-04T11:12:53","modified_gmt":"2025-01-04T10:12:53","slug":"abstract-painting-d64","status":"publish","type":"product","link":"https:\/\/svetslik.si\/en\/wall-art-paintings-on-canvas-two-panels\/abstract-painting-d64\/","title":{"rendered":"Abstract painting &#8211; D64"},"content":{"rendered":"<div class=\"wpb-content-wrapper\">[vc_row css=&#8221;.vc_custom_1735985454500{margin-bottom: 10px !important;}&#8221;][vc_column]\t<div class=\"et-image-402 et-image     et_image_link\">\n\t\t<div class=\"et-image-inner \">\n\t\t\t\t\t\t\t<div class=\"et-image-thumb \">\n\t\t\t\t\t<img decoding=\"async\" width=\"1000\" height=\"609\" src=\"https:\/\/svetslik.si\/wp-content\/uploads\/2023\/03\/Abstraktna-slika-\u2013-D64-1.jpg\" class=\"attachment-full\" alt=\"Abstract painting - D64\" title=\"Abstract painting - D64\" srcset=\"https:\/\/svetslik.si\/wp-content\/uploads\/2023\/03\/Abstraktna-slika-\u2013-D64-1.jpg 1000w, https:\/\/svetslik.si\/wp-content\/uploads\/2023\/03\/Abstraktna-slika-\u2013-D64-1-600x365.jpg 600w, https:\/\/svetslik.si\/wp-content\/uploads\/2023\/03\/Abstraktna-slika-\u2013-D64-1-300x183.jpg 300w, https:\/\/svetslik.si\/wp-content\/uploads\/2023\/03\/Abstraktna-slika-\u2013-D64-1-768x468.jpg 768w, https:\/\/svetslik.si\/wp-content\/uploads\/2023\/03\/Abstraktna-slika-\u2013-D64-1-150x91.jpg 150w, https:\/\/svetslik.si\/wp-content\/uploads\/2023\/03\/Abstraktna-slika-\u2013-D64-1-900x548.jpg 900w\" sizes=\"(max-width: 1000px) 100vw, 1000px\" \/>\t\t\t\t<\/div>\n\t\t\t\t\t\t\t\t\t\t\t<\/div>\n\t<\/div>\n  [\/vc_column][\/vc_row][vc_row css=&#8221;.vc_custom_1735985454500{margin-bottom: 10px !important;}&#8221;][vc_column]\t<div class=\"et-image-839 et-image     et_image_link\">\n\t\t<div class=\"et-image-inner \">\n\t\t\t\t\t\t\t<div class=\"et-image-thumb \">\n\t\t\t\t\t<img decoding=\"async\" width=\"1000\" height=\"980\" src=\"https:\/\/svetslik.si\/wp-content\/uploads\/2023\/03\/Abstraktna-slika-\u2013-D64-3.jpg\" class=\"attachment-full\" alt=\"Abstract painting - D64\" title=\"Abstract painting - D64\" srcset=\"https:\/\/svetslik.si\/wp-content\/uploads\/2023\/03\/Abstraktna-slika-\u2013-D64-3.jpg 1000w, https:\/\/svetslik.si\/wp-content\/uploads\/2023\/03\/Abstraktna-slika-\u2013-D64-3-600x588.jpg 600w, https:\/\/svetslik.si\/wp-content\/uploads\/2023\/03\/Abstraktna-slika-\u2013-D64-3-300x294.jpg 300w, https:\/\/svetslik.si\/wp-content\/uploads\/2023\/03\/Abstraktna-slika-\u2013-D64-3-768x753.jpg 768w, https:\/\/svetslik.si\/wp-content\/uploads\/2023\/03\/Abstraktna-slika-\u2013-D64-3-150x147.jpg 150w, https:\/\/svetslik.si\/wp-content\/uploads\/2023\/03\/Abstraktna-slika-\u2013-D64-3-900x882.jpg 900w\" sizes=\"(max-width: 1000px) 100vw, 1000px\" \/>\t\t\t\t<\/div>\n\t\t\t\t\t\t\t\t\t\t\t<\/div>\n\t<\/div>\n  [\/vc_column][\/vc_row][vc_row css=&#8221;.vc_custom_1735985454500{margin-bottom: 10px !important;}&#8221;][vc_column]\t<div class=\"et-image-618 et-image     et_image_link\">\n\t\t<div class=\"et-image-inner \">\n\t\t\t\t\t\t\t<div class=\"et-image-thumb \">\n\t\t\t\t\t<img decoding=\"async\" width=\"1000\" height=\"867\" src=\"https:\/\/svetslik.si\/wp-content\/uploads\/2023\/03\/Abstraktna-slika-\u2013-D64-2.jpg\" class=\"attachment-full\" alt=\"Abstract painting - D64\" title=\"Abstract painting - D64\" srcset=\"https:\/\/svetslik.si\/wp-content\/uploads\/2023\/03\/Abstraktna-slika-\u2013-D64-2.jpg 1000w, https:\/\/svetslik.si\/wp-content\/uploads\/2023\/03\/Abstraktna-slika-\u2013-D64-2-600x520.jpg 600w, https:\/\/svetslik.si\/wp-content\/uploads\/2023\/03\/Abstraktna-slika-\u2013-D64-2-300x260.jpg 300w, https:\/\/svetslik.si\/wp-content\/uploads\/2023\/03\/Abstraktna-slika-\u2013-D64-2-768x666.jpg 768w, https:\/\/svetslik.si\/wp-content\/uploads\/2023\/03\/Abstraktna-slika-\u2013-D64-2-150x130.jpg 150w, https:\/\/svetslik.si\/wp-content\/uploads\/2023\/03\/Abstraktna-slika-\u2013-D64-2-900x780.jpg 900w\" sizes=\"(max-width: 1000px) 100vw, 1000px\" \/>\t\t\t\t<\/div>\n\t\t\t\t\t\t\t\t\t\t\t<\/div>\n\t<\/div>\n  [\/vc_column][\/vc_row][vc_row css=&#8221;.vc_custom_1735985454500{margin-bottom: 10px !important;}&#8221;][vc_column]\t<div class=\"et-image-833 et-image     et_image_link\">\n\t\t<div class=\"et-image-inner \">\n\t\t\t\t\t\t\t<div class=\"et-image-thumb \">\n\t\t\t\t\t<img decoding=\"async\" width=\"1000\" height=\"750\" src=\"https:\/\/svetslik.si\/wp-content\/uploads\/2023\/03\/Abstraktna-slika-\u2013-D64-5.jpg\" class=\"attachment-full\" alt=\"Abstract painting - D64\" title=\"Abstract painting - D64\" srcset=\"https:\/\/svetslik.si\/wp-content\/uploads\/2023\/03\/Abstraktna-slika-\u2013-D64-5.jpg 1000w, https:\/\/svetslik.si\/wp-content\/uploads\/2023\/03\/Abstraktna-slika-\u2013-D64-5-600x450.jpg 600w, https:\/\/svetslik.si\/wp-content\/uploads\/2023\/03\/Abstraktna-slika-\u2013-D64-5-300x225.jpg 300w, https:\/\/svetslik.si\/wp-content\/uploads\/2023\/03\/Abstraktna-slika-\u2013-D64-5-768x576.jpg 768w, https:\/\/svetslik.si\/wp-content\/uploads\/2023\/03\/Abstraktna-slika-\u2013-D64-5-150x113.jpg 150w, https:\/\/svetslik.si\/wp-content\/uploads\/2023\/03\/Abstraktna-slika-\u2013-D64-5-900x675.jpg 900w\" sizes=\"(max-width: 1000px) 100vw, 1000px\" \/>\t\t\t\t<\/div>\n\t\t\t\t\t\t\t\t\t\t\t<\/div>\n\t<\/div>\n  [\/vc_column][\/vc_row]\n<\/div>","protected":false},"excerpt":{"rendered":"<p>[vc_row css=&#8221;.vc_custom_1735985454500{margin-bottom: 10px !important;}&#8221;][vc_column][\/vc_column][\/vc_row][vc_row css=&#8221;.vc_custom_1735985454500{margin-bottom: 10px !important;}&#8221;][vc_column][\/vc_column][\/vc_row][vc_row css=&#8221;.vc_custom_1735985454500{margin-bottom: 10px !important;}&#8221;][vc_column][\/vc_column][\/vc_row][vc_row css=&#8221;.vc_custom_1735985454500{margin-bottom: 10px !important;}&#8221;][vc_column][\/vc_column][\/vc_row]<\/p>\n","protected":false},"featured_media":80848,"template":"","meta":{"_acf_changed":false},"product_brand":[],"product_cat":[9817],"product_tag":[9825,9834,9847,9885,9872,9874,9871,9879],"class_list":{"0":"post-90949","1":"product","2":"type-product","3":"status-publish","4":"has-post-thumbnail","6":"product_cat-wall-art-paintings-on-canvas-two-panels","7":"product_tag-abstract-wall-art","8":"product_tag-double-panel-painting","9":"product_tag-modern-paintings","10":"product_tag-multi-panel-paintings","11":"product_tag-paintings-for-livingroom","12":"product_tag-paintings-for-the-living-room","13":"product_tag-wall-art-on-canvas","14":"product_tag-wall-artwork","15":"pa_dimenzija-100-x-160-cm-en","16":"pa_dimenzija-120-x-190-cm-en","17":"pa_dimenzija-140-x-220-cm-en","18":"pa_dimenzija-160-x-250-cm-en","19":"pa_dimenzija-180-x-290-cm-en","20":"pa_dimenzija-200-x-320-cm-en","21":"pa_dimenzija-50-x-80-cm-en","22":"pa_dimenzija-60-x-100-cm-en","23":"pa_dimenzija-70-x-110-cm-en","24":"pa_dimenzija-80-x-130-cm-en","25":"pa_dimenzija-90-x-140-cm-en","26":"pa_oblika-horizontal","27":"pa_okvir-without-frame","28":"pa_pod-okvir-included-in-price","29":"pa_podokvir-without","30":"pa_podokvir-yes","32":"first","33":"onbackorder","34":"purchasable","35":"product-type-variable"},"acf":[],"yoast_head":"<!-- This site is optimized with the Yoast SEO Premium plugin v26.0 (Yoast SEO v27.2) - https:\/\/yoast.com\/product\/yoast-seo-premium-wordpress\/ -->\n<title>Abstract painting - D64 - SVETSLIK.SI - 100% hand painted<\/title>\n<meta name=\"description\" content=\"Abstract painting - D64 - 100% hand-painted painting on canvas. Wall art, abstract paintings, reproduction of famous painting and custom paintings made by order.\" \/>\n<meta name=\"robots\" content=\"index, follow, max-snippet:-1, max-image-preview:large, max-video-preview:-1\" \/>\n<link rel=\"canonical\" href=\"https:\/\/svetslik.si\/en\/wall-art-paintings-on-canvas-two-panels\/abstract-painting-d64\/\" \/>\n<meta property=\"og:locale\" content=\"en_US\" \/>\n<meta property=\"og:type\" content=\"article\" \/>\n<meta property=\"og:title\" content=\"Abstract painting - D64\" \/>\n<meta property=\"og:description\" content=\"100% ro\u010dno naslikane slike na platnu, reprodukcije znanih slikarjev in umetni\u0161ke slike po naro\u010dilu.\" \/>\n<meta property=\"og:url\" content=\"https:\/\/svetslik.si\/en\/wall-art-paintings-on-canvas-two-panels\/abstract-painting-d64\/\" \/>\n<meta property=\"og:site_name\" content=\"SVETSLIK.SI\" \/>\n<meta property=\"article:publisher\" content=\"https:\/\/www.facebook.com\/svetslik.si\" \/>\n<meta property=\"article:modified_time\" content=\"2025-01-04T10:12:53+00:00\" \/>\n<meta property=\"og:image\" content=\"https:\/\/svetslik.si\/wp-content\/uploads\/2023\/03\/abstraktne-slike-D63.png\" \/>\n\t<meta property=\"og:image:width\" content=\"1000\" \/>\n\t<meta property=\"og:image:height\" content=\"635\" \/>\n\t<meta property=\"og:image:type\" content=\"image\/png\" \/>\n<meta name=\"twitter:card\" content=\"summary_large_image\" \/>\n<meta name=\"twitter:site\" content=\"@svetslik\" \/>\n<meta name=\"twitter:label1\" content=\"Availability\" \/>\n\t<meta name=\"twitter:data1\" content=\"On backorder\" \/>\n<script type=\"application\/ld+json\" class=\"yoast-schema-graph\">{\"@context\":\"https:\/\/schema.org\",\"@graph\":[{\"@type\":[\"WebPage\",\"ItemPage\"],\"@id\":\"https:\/\/svetslik.si\/en\/wall-art-paintings-on-canvas-two-panels\/abstract-painting-d64\/\",\"url\":\"https:\/\/svetslik.si\/en\/wall-art-paintings-on-canvas-two-panels\/abstract-painting-d64\/\",\"name\":\"Abstract painting - D64 - SVETSLIK.SI - 100% hand painted\",\"isPartOf\":{\"@id\":\"https:\/\/svetslik.si\/en\/#website\"},\"primaryImageOfPage\":{\"@id\":\"https:\/\/svetslik.si\/en\/wall-art-paintings-on-canvas-two-panels\/abstract-painting-d64\/#primaryimage\"},\"image\":{\"@id\":\"https:\/\/svetslik.si\/en\/wall-art-paintings-on-canvas-two-panels\/abstract-painting-d64\/#primaryimage\"},\"thumbnailUrl\":\"https:\/\/svetslik.si\/wp-content\/uploads\/2023\/03\/abstraktne-slike-D63.png\",\"datePublished\":\"2023-03-07T10:30:16+00:00\",\"dateModified\":\"2025-01-04T10:12:53+00:00\",\"description\":\"Abstract painting - D64 - 100% hand-painted painting on canvas. Wall art, abstract paintings, reproduction of famous painting and custom paintings made by order.\",\"breadcrumb\":{\"@id\":\"https:\/\/svetslik.si\/en\/wall-art-paintings-on-canvas-two-panels\/abstract-painting-d64\/#breadcrumb\"},\"inLanguage\":\"en-US\",\"potentialAction\":[{\"@type\":\"ReadAction\",\"target\":[\"https:\/\/svetslik.si\/en\/wall-art-paintings-on-canvas-two-panels\/abstract-painting-d64\/\"]}]},{\"@type\":\"ImageObject\",\"inLanguage\":\"en-US\",\"@id\":\"https:\/\/svetslik.si\/en\/wall-art-paintings-on-canvas-two-panels\/abstract-painting-d64\/#primaryimage\",\"url\":\"https:\/\/svetslik.si\/wp-content\/uploads\/2023\/03\/abstraktne-slike-D63.png\",\"contentUrl\":\"https:\/\/svetslik.si\/wp-content\/uploads\/2023\/03\/abstraktne-slike-D63.png\",\"width\":1000,\"height\":635,\"caption\":\"Abstract painting - D64\"},{\"@type\":\"BreadcrumbList\",\"@id\":\"https:\/\/svetslik.si\/en\/wall-art-paintings-on-canvas-two-panels\/abstract-painting-d64\/#breadcrumb\",\"itemListElement\":[{\"@type\":\"ListItem\",\"position\":1,\"name\":\"Wall art and paintings on canvas\",\"item\":\"https:\/\/svetslik.si\/en\/\"},{\"@type\":\"ListItem\",\"position\":2,\"name\":\"Sale of paintings\",\"item\":\"https:\/\/svetslik.si\/prodaja-slik\/\"},{\"@type\":\"ListItem\",\"position\":3,\"name\":\"Abstract painting &#8211; D64\"}]},{\"@type\":\"WebSite\",\"@id\":\"https:\/\/svetslik.si\/en\/#website\",\"url\":\"https:\/\/svetslik.si\/en\/\",\"name\":\"SVETSLIK.SI\",\"description\":\"100% ru\u010dno naslikane reprodukcije slika poznatih slikara in umjetni\u010dke zidne slike na platnu.\",\"publisher\":{\"@id\":\"https:\/\/svetslik.si\/en\/#organization\"},\"potentialAction\":[{\"@type\":\"SearchAction\",\"target\":{\"@type\":\"EntryPoint\",\"urlTemplate\":\"https:\/\/svetslik.si\/en\/?s={search_term_string}\"},\"query-input\":{\"@type\":\"PropertyValueSpecification\",\"valueRequired\":true,\"valueName\":\"search_term_string\"}}],\"inLanguage\":\"en-US\"},{\"@type\":\"Organization\",\"@id\":\"https:\/\/svetslik.si\/en\/#organization\",\"name\":\"SvetSlik.si\",\"url\":\"https:\/\/svetslik.si\/en\/\",\"logo\":{\"@type\":\"ImageObject\",\"inLanguage\":\"en-US\",\"@id\":\"https:\/\/svetslik.si\/en\/#\/schema\/logo\/image\/\",\"url\":\"https:\/\/svetslik.si\/wp-content\/uploads\/2020\/12\/logo-512.png\",\"contentUrl\":\"https:\/\/svetslik.si\/wp-content\/uploads\/2020\/12\/logo-512.png\",\"width\":512,\"height\":512,\"caption\":\"SvetSlik.si\"},\"image\":{\"@id\":\"https:\/\/svetslik.si\/en\/#\/schema\/logo\/image\/\"},\"sameAs\":[\"https:\/\/www.facebook.com\/svetslik.si\",\"https:\/\/x.com\/svetslik\",\"https:\/\/www.instagram.com\/svetslik.si\/\",\"https:\/\/www.linkedin.com\/company\/svetslik-si\"]}]}<\/script>\n<meta property=\"og:availability\" content=\"backorder\" \/>\n<meta property=\"product:availability\" content=\"available for order\" \/>\n<meta property=\"product:retailer_item_id\" content=\"979d-2-1-1-1\" \/>\n<meta property=\"product:condition\" content=\"new\" \/>\n<!-- \/ Yoast SEO Premium plugin. -->","yoast_head_json":{"title":"Abstract painting - D64 - SVETSLIK.SI - 100% hand painted","description":"Abstract painting - D64 - 100% hand-painted painting on canvas. Wall art, abstract paintings, reproduction of famous painting and custom paintings made by order.","robots":{"index":"index","follow":"follow","max-snippet":"max-snippet:-1","max-image-preview":"max-image-preview:large","max-video-preview":"max-video-preview:-1"},"canonical":"https:\/\/svetslik.si\/en\/wall-art-paintings-on-canvas-two-panels\/abstract-painting-d64\/","og_locale":"en_US","og_type":"article","og_title":"Abstract painting - D64","og_description":"100% ro\u010dno naslikane slike na platnu, reprodukcije znanih slikarjev in umetni\u0161ke slike po naro\u010dilu.","og_url":"https:\/\/svetslik.si\/en\/wall-art-paintings-on-canvas-two-panels\/abstract-painting-d64\/","og_site_name":"SVETSLIK.SI","article_publisher":"https:\/\/www.facebook.com\/svetslik.si","article_modified_time":"2025-01-04T10:12:53+00:00","og_image":[{"width":1000,"height":635,"url":"https:\/\/svetslik.si\/wp-content\/uploads\/2023\/03\/abstraktne-slike-D63.png","type":"image\/png"}],"twitter_card":"summary_large_image","twitter_site":"@svetslik","twitter_misc":{"Availability":"On backorder"},"schema":{"@context":"https:\/\/schema.org","@graph":[{"@type":["WebPage","ItemPage"],"@id":"https:\/\/svetslik.si\/en\/wall-art-paintings-on-canvas-two-panels\/abstract-painting-d64\/","url":"https:\/\/svetslik.si\/en\/wall-art-paintings-on-canvas-two-panels\/abstract-painting-d64\/","name":"Abstract painting - D64 - SVETSLIK.SI - 100% hand painted","isPartOf":{"@id":"https:\/\/svetslik.si\/en\/#website"},"primaryImageOfPage":{"@id":"https:\/\/svetslik.si\/en\/wall-art-paintings-on-canvas-two-panels\/abstract-painting-d64\/#primaryimage"},"image":{"@id":"https:\/\/svetslik.si\/en\/wall-art-paintings-on-canvas-two-panels\/abstract-painting-d64\/#primaryimage"},"thumbnailUrl":"https:\/\/svetslik.si\/wp-content\/uploads\/2023\/03\/abstraktne-slike-D63.png","datePublished":"2023-03-07T10:30:16+00:00","dateModified":"2025-01-04T10:12:53+00:00","description":"Abstract painting - D64 - 100% hand-painted painting on canvas. Wall art, abstract paintings, reproduction of famous painting and custom paintings made by order.","breadcrumb":{"@id":"https:\/\/svetslik.si\/en\/wall-art-paintings-on-canvas-two-panels\/abstract-painting-d64\/#breadcrumb"},"inLanguage":"en-US","potentialAction":[{"@type":"ReadAction","target":["https:\/\/svetslik.si\/en\/wall-art-paintings-on-canvas-two-panels\/abstract-painting-d64\/"]}]},{"@type":"ImageObject","inLanguage":"en-US","@id":"https:\/\/svetslik.si\/en\/wall-art-paintings-on-canvas-two-panels\/abstract-painting-d64\/#primaryimage","url":"https:\/\/svetslik.si\/wp-content\/uploads\/2023\/03\/abstraktne-slike-D63.png","contentUrl":"https:\/\/svetslik.si\/wp-content\/uploads\/2023\/03\/abstraktne-slike-D63.png","width":1000,"height":635,"caption":"Abstract painting - D64"},{"@type":"BreadcrumbList","@id":"https:\/\/svetslik.si\/en\/wall-art-paintings-on-canvas-two-panels\/abstract-painting-d64\/#breadcrumb","itemListElement":[{"@type":"ListItem","position":1,"name":"Wall art and paintings on canvas","item":"https:\/\/svetslik.si\/en\/"},{"@type":"ListItem","position":2,"name":"Sale of paintings","item":"https:\/\/svetslik.si\/prodaja-slik\/"},{"@type":"ListItem","position":3,"name":"Abstract painting &#8211; D64"}]},{"@type":"WebSite","@id":"https:\/\/svetslik.si\/en\/#website","url":"https:\/\/svetslik.si\/en\/","name":"SVETSLIK.SI","description":"100% ru\u010dno naslikane reprodukcije slika poznatih slikara in umjetni\u010dke zidne slike na platnu.","publisher":{"@id":"https:\/\/svetslik.si\/en\/#organization"},"potentialAction":[{"@type":"SearchAction","target":{"@type":"EntryPoint","urlTemplate":"https:\/\/svetslik.si\/en\/?s={search_term_string}"},"query-input":{"@type":"PropertyValueSpecification","valueRequired":true,"valueName":"search_term_string"}}],"inLanguage":"en-US"},{"@type":"Organization","@id":"https:\/\/svetslik.si\/en\/#organization","name":"SvetSlik.si","url":"https:\/\/svetslik.si\/en\/","logo":{"@type":"ImageObject","inLanguage":"en-US","@id":"https:\/\/svetslik.si\/en\/#\/schema\/logo\/image\/","url":"https:\/\/svetslik.si\/wp-content\/uploads\/2020\/12\/logo-512.png","contentUrl":"https:\/\/svetslik.si\/wp-content\/uploads\/2020\/12\/logo-512.png","width":512,"height":512,"caption":"SvetSlik.si"},"image":{"@id":"https:\/\/svetslik.si\/en\/#\/schema\/logo\/image\/"},"sameAs":["https:\/\/www.facebook.com\/svetslik.si","https:\/\/x.com\/svetslik","https:\/\/www.instagram.com\/svetslik.si\/","https:\/\/www.linkedin.com\/company\/svetslik-si"]}]},"og_availability":"backorder","product_availability":"available for order","product_retailer_item_id":"979d-2-1-1-1","product_condition":"new"},"jetpack_sharing_enabled":true,"_links":{"self":[{"href":"https:\/\/svetslik.si\/en\/wp-json\/wp\/v2\/product\/90949","targetHints":{"allow":["GET"]}}],"collection":[{"href":"https:\/\/svetslik.si\/en\/wp-json\/wp\/v2\/product"}],"about":[{"href":"https:\/\/svetslik.si\/en\/wp-json\/wp\/v2\/types\/product"}],"wp:featuredmedia":[{"embeddable":true,"href":"https:\/\/svetslik.si\/en\/wp-json\/wp\/v2\/media\/80848"}],"wp:attachment":[{"href":"https:\/\/svetslik.si\/en\/wp-json\/wp\/v2\/media?parent=90949"}],"wp:term":[{"taxonomy":"product_brand","embeddable":true,"href":"https:\/\/svetslik.si\/en\/wp-json\/wp\/v2\/product_brand?post=90949"},{"taxonomy":"product_cat","embeddable":true,"href":"https:\/\/svetslik.si\/en\/wp-json\/wp\/v2\/product_cat?post=90949"},{"taxonomy":"product_tag","embeddable":true,"href":"https:\/\/svetslik.si\/en\/wp-json\/wp\/v2\/product_tag?post=90949"}],"curies":[{"name":"wp","href":"https:\/\/api.w.org\/{rel}","templated":true}]}}