{"id":91280,"date":"2021-09-02T18:50:06","date_gmt":"2021-09-02T16:50:06","guid":{"rendered":"https:\/\/svetslik.si\/uncategorized\/sandro-botticelli-rojstvo-venere\/"},"modified":"2026-03-22T18:05:32","modified_gmt":"2026-03-22T17:05:32","slug":"sandro-botticelli-the-birth-of-venus","status":"publish","type":"product","link":"https:\/\/svetslik.si\/en\/religious-paintings\/sandro-botticelli-the-birth-of-venus\/","title":{"rendered":"Sandro Botticelli &#8211; The Birth of Venus"},"content":{"rendered":"<div class=\"wpb-content-wrapper\">[vc_row][vc_column]\t<div class=\"et-image-218 et-image     et_image_link\">\n\t\t<div class=\"et-image-inner \">\n\t\t\t\t\t\t\t<div class=\"et-image-thumb \">\n\t\t\t\t\t<img decoding=\"async\" width=\"2560\" height=\"1441\" src=\"https:\/\/svetslik.si\/wp-content\/uploads\/2021\/09\/20220525_102904-scaled.jpg\" class=\"attachment-full\" alt=\"Sandro Botticelli - The Birth of Venus - reproduction of famous painting by Sandro Botticelli, hand painted painting on canvas\" title=\"Sandro Botticelli - The Birth of Venus - reproduction of famous painting by Sandro Botticelli, hand painted painting on canvas\" srcset=\"https:\/\/svetslik.si\/wp-content\/uploads\/2021\/09\/20220525_102904-scaled.jpg 2560w, https:\/\/svetslik.si\/wp-content\/uploads\/2021\/09\/20220525_102904-600x338.jpg 600w, https:\/\/svetslik.si\/wp-content\/uploads\/2021\/09\/20220525_102904-scaled-1200x675.jpg 1200w, https:\/\/svetslik.si\/wp-content\/uploads\/2021\/09\/20220525_102904-300x169.jpg 300w, https:\/\/svetslik.si\/wp-content\/uploads\/2021\/09\/20220525_102904-1024x577.jpg 1024w, https:\/\/svetslik.si\/wp-content\/uploads\/2021\/09\/20220525_102904-768x432.jpg 768w, https:\/\/svetslik.si\/wp-content\/uploads\/2021\/09\/20220525_102904-1536x865.jpg 1536w, https:\/\/svetslik.si\/wp-content\/uploads\/2021\/09\/20220525_102904-2048x1153.jpg 2048w, https:\/\/svetslik.si\/wp-content\/uploads\/2021\/09\/20220525_102904-18x10.jpg 18w, https:\/\/svetslik.si\/wp-content\/uploads\/2021\/09\/20220525_102904-150x84.jpg 150w, https:\/\/svetslik.si\/wp-content\/uploads\/2021\/09\/20220525_102904-1320x743.jpg 1320w, https:\/\/svetslik.si\/wp-content\/uploads\/2021\/09\/20220525_102904-900x507.jpg 900w\" sizes=\"(max-width: 2560px) 100vw, 2560px\" \/>\t\t\t\t<\/div>\n\t\t\t\t\t\t\t\t\t\t\t<\/div>\n\t<\/div>\n  [\/vc_column][\/vc_row][vc_row][vc_column]\t<div class=\"et-image-196 et-image     et_image_link\">\n\t\t<div class=\"et-image-inner \">\n\t\t\t\t\t\t\t<div class=\"et-image-thumb \">\n\t\t\t\t\t<img decoding=\"async\" width=\"2344\" height=\"2252\" src=\"https:\/\/svetslik.si\/wp-content\/uploads\/2021\/09\/Sandro-Botticelli-\u2013-Rojstvo-venere.jpg\" class=\"attachment-full\" alt=\"Sandro Botticelli - The Birth of Venus 2 - reproduction of famous painting by Sandro Botticelli, hand painted painting on canvas\" title=\"Sandro Botticelli - The Birth of Venus 2 - reproduction of famous painting by Sandro Botticelli, hand painted painting on canvas\" srcset=\"https:\/\/svetslik.si\/wp-content\/uploads\/2021\/09\/Sandro-Botticelli-\u2013-Rojstvo-venere.jpg 2344w, https:\/\/svetslik.si\/wp-content\/uploads\/2021\/09\/Sandro-Botticelli-\u2013-Rojstvo-venere-600x576.jpg 600w, https:\/\/svetslik.si\/wp-content\/uploads\/2021\/09\/Sandro-Botticelli-\u2013-Rojstvo-venere-1200x1153.jpg 1200w, https:\/\/svetslik.si\/wp-content\/uploads\/2021\/09\/Sandro-Botticelli-\u2013-Rojstvo-venere-300x288.jpg 300w, https:\/\/svetslik.si\/wp-content\/uploads\/2021\/09\/Sandro-Botticelli-\u2013-Rojstvo-venere-1024x984.jpg 1024w, https:\/\/svetslik.si\/wp-content\/uploads\/2021\/09\/Sandro-Botticelli-\u2013-Rojstvo-venere-768x738.jpg 768w, https:\/\/svetslik.si\/wp-content\/uploads\/2021\/09\/Sandro-Botticelli-\u2013-Rojstvo-venere-1536x1476.jpg 1536w, https:\/\/svetslik.si\/wp-content\/uploads\/2021\/09\/Sandro-Botticelli-\u2013-Rojstvo-venere-2048x1968.jpg 2048w, https:\/\/svetslik.si\/wp-content\/uploads\/2021\/09\/Sandro-Botticelli-\u2013-Rojstvo-venere-12x12.jpg 12w, https:\/\/svetslik.si\/wp-content\/uploads\/2021\/09\/Sandro-Botticelli-\u2013-Rojstvo-venere-150x144.jpg 150w, https:\/\/svetslik.si\/wp-content\/uploads\/2021\/09\/Sandro-Botticelli-\u2013-Rojstvo-venere-1320x1268.jpg 1320w, https:\/\/svetslik.si\/wp-content\/uploads\/2021\/09\/Sandro-Botticelli-\u2013-Rojstvo-venere-900x865.jpg 900w\" sizes=\"(max-width: 2344px) 100vw, 2344px\" \/>\t\t\t\t<\/div>\n\t\t\t\t\t\t\t\t\t\t\t<\/div>\n\t<\/div>\n  [\/vc_column][\/vc_row][vc_row][vc_column]\t<div class=\"et-image-211 et-image     et_image_link\">\n\t\t<div class=\"et-image-inner \">\n\t\t\t\t\t\t\t<div class=\"et-image-thumb \">\n\t\t\t\t\t<img decoding=\"async\" width=\"2312\" height=\"2252\" src=\"https:\/\/svetslik.si\/wp-content\/uploads\/2021\/09\/Sandro-Botticelli-\u2013-Rojstvo-venere-1.jpg\" class=\"attachment-full\" alt=\"Sandro Botticelli - The Birth of Venus 3 - reproduction of famous painting by Sandro Botticelli, hand painted painting on canvas\" title=\"Sandro Botticelli - The Birth of Venus 3 - reproduction of famous painting by Sandro Botticelli, hand painted painting on canvas\" srcset=\"https:\/\/svetslik.si\/wp-content\/uploads\/2021\/09\/Sandro-Botticelli-\u2013-Rojstvo-venere-1.jpg 2312w, https:\/\/svetslik.si\/wp-content\/uploads\/2021\/09\/Sandro-Botticelli-\u2013-Rojstvo-venere-1-600x584.jpg 600w, https:\/\/svetslik.si\/wp-content\/uploads\/2021\/09\/Sandro-Botticelli-\u2013-Rojstvo-venere-1-1200x1169.jpg 1200w, https:\/\/svetslik.si\/wp-content\/uploads\/2021\/09\/Sandro-Botticelli-\u2013-Rojstvo-venere-1-300x292.jpg 300w, https:\/\/svetslik.si\/wp-content\/uploads\/2021\/09\/Sandro-Botticelli-\u2013-Rojstvo-venere-1-1024x997.jpg 1024w, https:\/\/svetslik.si\/wp-content\/uploads\/2021\/09\/Sandro-Botticelli-\u2013-Rojstvo-venere-1-768x748.jpg 768w, https:\/\/svetslik.si\/wp-content\/uploads\/2021\/09\/Sandro-Botticelli-\u2013-Rojstvo-venere-1-1536x1496.jpg 1536w, https:\/\/svetslik.si\/wp-content\/uploads\/2021\/09\/Sandro-Botticelli-\u2013-Rojstvo-venere-1-2048x1995.jpg 2048w, https:\/\/svetslik.si\/wp-content\/uploads\/2021\/09\/Sandro-Botticelli-\u2013-Rojstvo-venere-1-12x12.jpg 12w, https:\/\/svetslik.si\/wp-content\/uploads\/2021\/09\/Sandro-Botticelli-\u2013-Rojstvo-venere-1-150x146.jpg 150w, https:\/\/svetslik.si\/wp-content\/uploads\/2021\/09\/Sandro-Botticelli-\u2013-Rojstvo-venere-1-1320x1286.jpg 1320w, https:\/\/svetslik.si\/wp-content\/uploads\/2021\/09\/Sandro-Botticelli-\u2013-Rojstvo-venere-1-900x877.jpg 900w\" sizes=\"(max-width: 2312px) 100vw, 2312px\" \/>\t\t\t\t<\/div>\n\t\t\t\t\t\t\t\t\t\t\t<\/div>\n\t<\/div>\n  [\/vc_column][\/vc_row]\n<\/div>","protected":false},"excerpt":{"rendered":"<p>[vc_row][vc_column][\/vc_column][\/vc_row][vc_row][vc_column][\/vc_column][\/vc_row][vc_row][vc_column][\/vc_column][\/vc_row]<\/p>\n","protected":false},"featured_media":79115,"template":"","meta":{"_acf_changed":false},"product_brand":[],"product_cat":[9821],"product_tag":[9828,9860,9884],"class_list":{"0":"post-91280","1":"product","2":"type-product","3":"status-publish","4":"has-post-thumbnail","6":"product_cat-religious-paintings","7":"product_tag-botticelli-en","8":"product_tag-religious-paintings","9":"product_tag-religious-paintings-en","10":"pa_dimenzija-100-x-60-cm-en","11":"pa_dimenzija-130-x-80-cm-en","12":"pa_dimenzija-60-x-40-cm-en","13":"pa_dimenzija-80-x-50-cm-en","14":"pa_oblika-horizontal","15":"pa_okvir-without-frame","16":"pa_podokvir-without","17":"pa_podokvir-yes","19":"first","20":"onbackorder","21":"purchasable","22":"product-type-variable","23":"has-default-attributes"},"acf":[],"yoast_head":"<!-- This site is optimized with the Yoast SEO Premium plugin v26.0 (Yoast SEO v27.2) - https:\/\/yoast.com\/product\/yoast-seo-premium-wordpress\/ -->\n<title>Sandro Botticelli - The Birth of Venus - SVETSLIK.SI - 100% hand painted<\/title>\n<meta name=\"description\" content=\"Sandro Botticelli - The Birth of Venus - 100% hand-painted reproduction of famous paintings by famous artists. Wall art, abstract paintings and custom painted paintings by order.\" \/>\n<meta name=\"robots\" content=\"index, follow, max-snippet:-1, max-image-preview:large, max-video-preview:-1\" \/>\n<link rel=\"canonical\" href=\"https:\/\/svetslik.si\/en\/religious-paintings\/sandro-botticelli-the-birth-of-venus\/\" \/>\n<meta property=\"og:locale\" content=\"en_US\" \/>\n<meta property=\"og:type\" content=\"article\" \/>\n<meta property=\"og:title\" content=\"Sandro Botticelli - The Birth of Venus\" \/>\n<meta property=\"og:description\" content=\"100% ro\u010dno naslikane slike na platnu, reprodukcije znanih slikarjev in umetni\u0161ke slike po naro\u010dilu.\" \/>\n<meta property=\"og:url\" content=\"https:\/\/svetslik.si\/en\/religious-paintings\/sandro-botticelli-the-birth-of-venus\/\" \/>\n<meta property=\"og:site_name\" content=\"SVETSLIK.SI\" \/>\n<meta property=\"article:publisher\" content=\"https:\/\/www.facebook.com\/svetslik.si\" \/>\n<meta property=\"article:modified_time\" content=\"2026-03-22T17:05:32+00:00\" \/>\n<meta property=\"og:image\" content=\"https:\/\/svetslik.si\/wp-content\/uploads\/2021\/08\/image_Sandro-Botticelli-Rojstvo-venere_680.jpg\" \/>\n\t<meta property=\"og:image:width\" content=\"2435\" \/>\n\t<meta property=\"og:image:height\" content=\"1560\" \/>\n\t<meta property=\"og:image:type\" content=\"image\/jpeg\" \/>\n<meta name=\"twitter:card\" content=\"summary_large_image\" \/>\n<meta name=\"twitter:site\" content=\"@svetslik\" \/>\n<meta name=\"twitter:label1\" content=\"Availability\" \/>\n\t<meta name=\"twitter:data1\" content=\"On backorder\" \/>\n<script type=\"application\/ld+json\" class=\"yoast-schema-graph\">{\"@context\":\"https:\/\/schema.org\",\"@graph\":[{\"@type\":[\"WebPage\",\"ItemPage\"],\"@id\":\"https:\/\/svetslik.si\/en\/religious-paintings\/sandro-botticelli-the-birth-of-venus\/\",\"url\":\"https:\/\/svetslik.si\/en\/religious-paintings\/sandro-botticelli-the-birth-of-venus\/\",\"name\":\"Sandro Botticelli - The Birth of Venus - SVETSLIK.SI - 100% hand painted\",\"isPartOf\":{\"@id\":\"https:\/\/svetslik.si\/en\/#website\"},\"primaryImageOfPage\":{\"@id\":\"https:\/\/svetslik.si\/en\/religious-paintings\/sandro-botticelli-the-birth-of-venus\/#primaryimage\"},\"image\":{\"@id\":\"https:\/\/svetslik.si\/en\/religious-paintings\/sandro-botticelli-the-birth-of-venus\/#primaryimage\"},\"thumbnailUrl\":\"https:\/\/svetslik.si\/wp-content\/uploads\/2021\/08\/image_Sandro-Botticelli-Rojstvo-venere_680.jpg\",\"datePublished\":\"2021-09-02T16:50:06+00:00\",\"dateModified\":\"2026-03-22T17:05:32+00:00\",\"description\":\"Sandro Botticelli - The Birth of Venus - 100% hand-painted reproduction of famous paintings by famous artists. Wall art, abstract paintings and custom painted paintings by order.\",\"breadcrumb\":{\"@id\":\"https:\/\/svetslik.si\/en\/religious-paintings\/sandro-botticelli-the-birth-of-venus\/#breadcrumb\"},\"inLanguage\":\"en-US\",\"potentialAction\":[{\"@type\":\"ReadAction\",\"target\":[\"https:\/\/svetslik.si\/en\/religious-paintings\/sandro-botticelli-the-birth-of-venus\/\"]}]},{\"@type\":\"ImageObject\",\"inLanguage\":\"en-US\",\"@id\":\"https:\/\/svetslik.si\/en\/religious-paintings\/sandro-botticelli-the-birth-of-venus\/#primaryimage\",\"url\":\"https:\/\/svetslik.si\/wp-content\/uploads\/2021\/08\/image_Sandro-Botticelli-Rojstvo-venere_680.jpg\",\"contentUrl\":\"https:\/\/svetslik.si\/wp-content\/uploads\/2021\/08\/image_Sandro-Botticelli-Rojstvo-venere_680.jpg\",\"width\":2435,\"height\":1560,\"caption\":\"Painting: Sandro Botticelli - The Birth of Venus - Hand-painted Reproductions of Famous Paintings, Modern Wall Art, Art Paintings for Wall\"},{\"@type\":\"BreadcrumbList\",\"@id\":\"https:\/\/svetslik.si\/en\/religious-paintings\/sandro-botticelli-the-birth-of-venus\/#breadcrumb\",\"itemListElement\":[{\"@type\":\"ListItem\",\"position\":1,\"name\":\"Wall art and paintings on canvas\",\"item\":\"https:\/\/svetslik.si\/en\/\"},{\"@type\":\"ListItem\",\"position\":2,\"name\":\"Sale of paintings\",\"item\":\"https:\/\/svetslik.si\/prodaja-slik\/\"},{\"@type\":\"ListItem\",\"position\":3,\"name\":\"Sandro Botticelli &#8211; The Birth of Venus\"}]},{\"@type\":\"WebSite\",\"@id\":\"https:\/\/svetslik.si\/en\/#website\",\"url\":\"https:\/\/svetslik.si\/en\/\",\"name\":\"SVETSLIK.SI\",\"description\":\"100% ru\u010dno naslikane reprodukcije slika poznatih slikara in umjetni\u010dke zidne slike na platnu.\",\"publisher\":{\"@id\":\"https:\/\/svetslik.si\/en\/#organization\"},\"potentialAction\":[{\"@type\":\"SearchAction\",\"target\":{\"@type\":\"EntryPoint\",\"urlTemplate\":\"https:\/\/svetslik.si\/en\/?s={search_term_string}\"},\"query-input\":{\"@type\":\"PropertyValueSpecification\",\"valueRequired\":true,\"valueName\":\"search_term_string\"}}],\"inLanguage\":\"en-US\"},{\"@type\":\"Organization\",\"@id\":\"https:\/\/svetslik.si\/en\/#organization\",\"name\":\"SvetSlik.si\",\"url\":\"https:\/\/svetslik.si\/en\/\",\"logo\":{\"@type\":\"ImageObject\",\"inLanguage\":\"en-US\",\"@id\":\"https:\/\/svetslik.si\/en\/#\/schema\/logo\/image\/\",\"url\":\"https:\/\/svetslik.si\/wp-content\/uploads\/2020\/12\/logo-512.png\",\"contentUrl\":\"https:\/\/svetslik.si\/wp-content\/uploads\/2020\/12\/logo-512.png\",\"width\":512,\"height\":512,\"caption\":\"SvetSlik.si\"},\"image\":{\"@id\":\"https:\/\/svetslik.si\/en\/#\/schema\/logo\/image\/\"},\"sameAs\":[\"https:\/\/www.facebook.com\/svetslik.si\",\"https:\/\/x.com\/svetslik\",\"https:\/\/www.instagram.com\/svetslik.si\/\",\"https:\/\/www.linkedin.com\/company\/svetslik-si\"]}]}<\/script>\n<meta property=\"og:availability\" content=\"backorder\" \/>\n<meta property=\"product:availability\" content=\"available for order\" \/>\n<meta property=\"product:retailer_item_id\" content=\"764__\" \/>\n<meta property=\"product:condition\" content=\"new\" \/>\n<!-- \/ Yoast SEO Premium plugin. -->","yoast_head_json":{"title":"Sandro Botticelli - The Birth of Venus - SVETSLIK.SI - 100% hand painted","description":"Sandro Botticelli - The Birth of Venus - 100% hand-painted reproduction of famous paintings by famous artists. Wall art, abstract paintings and custom painted paintings by order.","robots":{"index":"index","follow":"follow","max-snippet":"max-snippet:-1","max-image-preview":"max-image-preview:large","max-video-preview":"max-video-preview:-1"},"canonical":"https:\/\/svetslik.si\/en\/religious-paintings\/sandro-botticelli-the-birth-of-venus\/","og_locale":"en_US","og_type":"article","og_title":"Sandro Botticelli - The Birth of Venus","og_description":"100% ro\u010dno naslikane slike na platnu, reprodukcije znanih slikarjev in umetni\u0161ke slike po naro\u010dilu.","og_url":"https:\/\/svetslik.si\/en\/religious-paintings\/sandro-botticelli-the-birth-of-venus\/","og_site_name":"SVETSLIK.SI","article_publisher":"https:\/\/www.facebook.com\/svetslik.si","article_modified_time":"2026-03-22T17:05:32+00:00","og_image":[{"width":2435,"height":1560,"url":"https:\/\/svetslik.si\/wp-content\/uploads\/2021\/08\/image_Sandro-Botticelli-Rojstvo-venere_680.jpg","type":"image\/jpeg"}],"twitter_card":"summary_large_image","twitter_site":"@svetslik","twitter_misc":{"Availability":"On backorder"},"schema":{"@context":"https:\/\/schema.org","@graph":[{"@type":["WebPage","ItemPage"],"@id":"https:\/\/svetslik.si\/en\/religious-paintings\/sandro-botticelli-the-birth-of-venus\/","url":"https:\/\/svetslik.si\/en\/religious-paintings\/sandro-botticelli-the-birth-of-venus\/","name":"Sandro Botticelli - The Birth of Venus - SVETSLIK.SI - 100% hand painted","isPartOf":{"@id":"https:\/\/svetslik.si\/en\/#website"},"primaryImageOfPage":{"@id":"https:\/\/svetslik.si\/en\/religious-paintings\/sandro-botticelli-the-birth-of-venus\/#primaryimage"},"image":{"@id":"https:\/\/svetslik.si\/en\/religious-paintings\/sandro-botticelli-the-birth-of-venus\/#primaryimage"},"thumbnailUrl":"https:\/\/svetslik.si\/wp-content\/uploads\/2021\/08\/image_Sandro-Botticelli-Rojstvo-venere_680.jpg","datePublished":"2021-09-02T16:50:06+00:00","dateModified":"2026-03-22T17:05:32+00:00","description":"Sandro Botticelli - The Birth of Venus - 100% hand-painted reproduction of famous paintings by famous artists. Wall art, abstract paintings and custom painted paintings by order.","breadcrumb":{"@id":"https:\/\/svetslik.si\/en\/religious-paintings\/sandro-botticelli-the-birth-of-venus\/#breadcrumb"},"inLanguage":"en-US","potentialAction":[{"@type":"ReadAction","target":["https:\/\/svetslik.si\/en\/religious-paintings\/sandro-botticelli-the-birth-of-venus\/"]}]},{"@type":"ImageObject","inLanguage":"en-US","@id":"https:\/\/svetslik.si\/en\/religious-paintings\/sandro-botticelli-the-birth-of-venus\/#primaryimage","url":"https:\/\/svetslik.si\/wp-content\/uploads\/2021\/08\/image_Sandro-Botticelli-Rojstvo-venere_680.jpg","contentUrl":"https:\/\/svetslik.si\/wp-content\/uploads\/2021\/08\/image_Sandro-Botticelli-Rojstvo-venere_680.jpg","width":2435,"height":1560,"caption":"Painting: Sandro Botticelli - The Birth of Venus - Hand-painted Reproductions of Famous Paintings, Modern Wall Art, Art Paintings for Wall"},{"@type":"BreadcrumbList","@id":"https:\/\/svetslik.si\/en\/religious-paintings\/sandro-botticelli-the-birth-of-venus\/#breadcrumb","itemListElement":[{"@type":"ListItem","position":1,"name":"Wall art and paintings on canvas","item":"https:\/\/svetslik.si\/en\/"},{"@type":"ListItem","position":2,"name":"Sale of paintings","item":"https:\/\/svetslik.si\/prodaja-slik\/"},{"@type":"ListItem","position":3,"name":"Sandro Botticelli &#8211; The Birth of Venus"}]},{"@type":"WebSite","@id":"https:\/\/svetslik.si\/en\/#website","url":"https:\/\/svetslik.si\/en\/","name":"SVETSLIK.SI","description":"100% ru\u010dno naslikane reprodukcije slika poznatih slikara in umjetni\u010dke zidne slike na platnu.","publisher":{"@id":"https:\/\/svetslik.si\/en\/#organization"},"potentialAction":[{"@type":"SearchAction","target":{"@type":"EntryPoint","urlTemplate":"https:\/\/svetslik.si\/en\/?s={search_term_string}"},"query-input":{"@type":"PropertyValueSpecification","valueRequired":true,"valueName":"search_term_string"}}],"inLanguage":"en-US"},{"@type":"Organization","@id":"https:\/\/svetslik.si\/en\/#organization","name":"SvetSlik.si","url":"https:\/\/svetslik.si\/en\/","logo":{"@type":"ImageObject","inLanguage":"en-US","@id":"https:\/\/svetslik.si\/en\/#\/schema\/logo\/image\/","url":"https:\/\/svetslik.si\/wp-content\/uploads\/2020\/12\/logo-512.png","contentUrl":"https:\/\/svetslik.si\/wp-content\/uploads\/2020\/12\/logo-512.png","width":512,"height":512,"caption":"SvetSlik.si"},"image":{"@id":"https:\/\/svetslik.si\/en\/#\/schema\/logo\/image\/"},"sameAs":["https:\/\/www.facebook.com\/svetslik.si","https:\/\/x.com\/svetslik","https:\/\/www.instagram.com\/svetslik.si\/","https:\/\/www.linkedin.com\/company\/svetslik-si"]}]},"og_availability":"backorder","product_availability":"available for order","product_retailer_item_id":"764__","product_condition":"new"},"jetpack_sharing_enabled":true,"_links":{"self":[{"href":"https:\/\/svetslik.si\/en\/wp-json\/wp\/v2\/product\/91280","targetHints":{"allow":["GET"]}}],"collection":[{"href":"https:\/\/svetslik.si\/en\/wp-json\/wp\/v2\/product"}],"about":[{"href":"https:\/\/svetslik.si\/en\/wp-json\/wp\/v2\/types\/product"}],"wp:featuredmedia":[{"embeddable":true,"href":"https:\/\/svetslik.si\/en\/wp-json\/wp\/v2\/media\/79115"}],"wp:attachment":[{"href":"https:\/\/svetslik.si\/en\/wp-json\/wp\/v2\/media?parent=91280"}],"wp:term":[{"taxonomy":"product_brand","embeddable":true,"href":"https:\/\/svetslik.si\/en\/wp-json\/wp\/v2\/product_brand?post=91280"},{"taxonomy":"product_cat","embeddable":true,"href":"https:\/\/svetslik.si\/en\/wp-json\/wp\/v2\/product_cat?post=91280"},{"taxonomy":"product_tag","embeddable":true,"href":"https:\/\/svetslik.si\/en\/wp-json\/wp\/v2\/product_tag?post=91280"}],"curies":[{"name":"wp","href":"https:\/\/api.w.org\/{rel}","templated":true}]}}