{"id":91341,"date":"2023-03-01T10:16:10","date_gmt":"2023-03-01T09:16:10","guid":{"rendered":"https:\/\/svetslik.si\/uncategorized\/umetniska-slika-marija-z-jezusom-x\/"},"modified":"2026-03-22T18:06:13","modified_gmt":"2026-03-22T17:06:13","slug":"sacred-painting-mary-with-jesus-x","status":"publish","type":"product","link":"https:\/\/svetslik.si\/en\/religious-paintings\/sacred-painting-mary-with-jesus-x\/","title":{"rendered":"Sacred Painting &#8211; Mary with Jesus X"},"content":{"rendered":"<p><\/p>\n","protected":false},"excerpt":{"rendered":"","protected":false},"featured_media":80605,"template":"","meta":{"_acf_changed":false},"product_brand":[],"product_cat":[9821],"product_tag":[9860,9884,9867],"class_list":{"0":"post-91341","1":"product","2":"type-product","3":"status-publish","4":"has-post-thumbnail","6":"product_cat-religious-paintings","7":"product_tag-religious-paintings","8":"product_tag-religious-paintings-en","9":"product_tag-sacred-paintings","10":"pa_dimenzija-100-x-150-cm-en","11":"pa_dimenzija-40-x-60-cm-en","12":"pa_dimenzija-50-x-75-cm-en","13":"pa_dimenzija-60-x-90-cm-en","14":"pa_dimenzija-80-x-120-cm-en","15":"pa_oblika-vertical","16":"pa_okvir-without-frame","17":"pa_podokvir-without","18":"pa_podokvir-yes","20":"first","21":"instock","22":"purchasable","23":"product-type-variable","24":"has-default-attributes"},"acf":[],"yoast_head":"<!-- This site is optimized with the Yoast SEO Premium plugin v26.0 (Yoast SEO v27.2) - https:\/\/yoast.com\/product\/yoast-seo-premium-wordpress\/ -->\n<title>Sacred Painting - Mary with Jesus X - SVETSLIK.SI - 100% hand painted<\/title>\n<meta name=\"description\" content=\"Sacred Painting - Mary with Jesus X - 100% hand-painted painting on canvas. Wall art, abstract paintings, reproduction of famous painting and custom paintings made by order.\" \/>\n<meta name=\"robots\" content=\"index, follow, max-snippet:-1, max-image-preview:large, max-video-preview:-1\" \/>\n<link rel=\"canonical\" href=\"https:\/\/svetslik.si\/en\/religious-paintings\/sacred-painting-mary-with-jesus-x\/\" \/>\n<meta property=\"og:locale\" content=\"en_US\" \/>\n<meta property=\"og:type\" content=\"article\" \/>\n<meta property=\"og:title\" content=\"Sacred Painting - Mary with Jesus X\" \/>\n<meta property=\"og:description\" content=\"100% ro\u010dno naslikane slike na platnu, reprodukcije znanih slikarjev in umetni\u0161ke slike po naro\u010dilu.\" \/>\n<meta property=\"og:url\" content=\"https:\/\/svetslik.si\/en\/religious-paintings\/sacred-painting-mary-with-jesus-x\/\" \/>\n<meta property=\"og:site_name\" content=\"SVETSLIK.SI\" \/>\n<meta property=\"article:publisher\" content=\"https:\/\/www.facebook.com\/svetslik.si\" \/>\n<meta property=\"article:modified_time\" content=\"2026-03-22T17:06:13+00:00\" \/>\n<meta property=\"og:image\" content=\"https:\/\/svetslik.si\/wp-content\/uploads\/2023\/03\/umetniska-slika-marija-z-jezusom-2.jpg\" \/>\n\t<meta property=\"og:image:width\" content=\"682\" \/>\n\t<meta property=\"og:image:height\" content=\"1000\" \/>\n\t<meta property=\"og:image:type\" content=\"image\/jpeg\" \/>\n<meta name=\"twitter:card\" content=\"summary_large_image\" \/>\n<meta name=\"twitter:site\" content=\"@svetslik\" \/>\n<meta name=\"twitter:label1\" content=\"Availability\" \/>\n\t<meta name=\"twitter:data1\" content=\"In stock\" \/>\n<script type=\"application\/ld+json\" class=\"yoast-schema-graph\">{\"@context\":\"https:\/\/schema.org\",\"@graph\":[{\"@type\":[\"WebPage\",\"ItemPage\"],\"@id\":\"https:\/\/svetslik.si\/en\/religious-paintings\/sacred-painting-mary-with-jesus-x\/\",\"url\":\"https:\/\/svetslik.si\/en\/religious-paintings\/sacred-painting-mary-with-jesus-x\/\",\"name\":\"Sacred Painting - Mary with Jesus X - SVETSLIK.SI - 100% hand painted\",\"isPartOf\":{\"@id\":\"https:\/\/svetslik.si\/en\/#website\"},\"primaryImageOfPage\":{\"@id\":\"https:\/\/svetslik.si\/en\/religious-paintings\/sacred-painting-mary-with-jesus-x\/#primaryimage\"},\"image\":{\"@id\":\"https:\/\/svetslik.si\/en\/religious-paintings\/sacred-painting-mary-with-jesus-x\/#primaryimage\"},\"thumbnailUrl\":\"https:\/\/svetslik.si\/wp-content\/uploads\/2023\/03\/umetniska-slika-marija-z-jezusom-2.jpg\",\"datePublished\":\"2023-03-01T09:16:10+00:00\",\"dateModified\":\"2026-03-22T17:06:13+00:00\",\"description\":\"Sacred Painting - Mary with Jesus X - 100% hand-painted painting on canvas. Wall art, abstract paintings, reproduction of famous painting and custom paintings made by order.\",\"breadcrumb\":{\"@id\":\"https:\/\/svetslik.si\/en\/religious-paintings\/sacred-painting-mary-with-jesus-x\/#breadcrumb\"},\"inLanguage\":\"en-US\",\"potentialAction\":[{\"@type\":\"ReadAction\",\"target\":[\"https:\/\/svetslik.si\/en\/religious-paintings\/sacred-painting-mary-with-jesus-x\/\"]}]},{\"@type\":\"ImageObject\",\"inLanguage\":\"en-US\",\"@id\":\"https:\/\/svetslik.si\/en\/religious-paintings\/sacred-painting-mary-with-jesus-x\/#primaryimage\",\"url\":\"https:\/\/svetslik.si\/wp-content\/uploads\/2023\/03\/umetniska-slika-marija-z-jezusom-2.jpg\",\"contentUrl\":\"https:\/\/svetslik.si\/wp-content\/uploads\/2023\/03\/umetniska-slika-marija-z-jezusom-2.jpg\",\"width\":682,\"height\":1000,\"caption\":\"Sacred Painting - Mary with Jesus X (reproduction, famous painting)\"},{\"@type\":\"BreadcrumbList\",\"@id\":\"https:\/\/svetslik.si\/en\/religious-paintings\/sacred-painting-mary-with-jesus-x\/#breadcrumb\",\"itemListElement\":[{\"@type\":\"ListItem\",\"position\":1,\"name\":\"Wall art and paintings on canvas\",\"item\":\"https:\/\/svetslik.si\/en\/\"},{\"@type\":\"ListItem\",\"position\":2,\"name\":\"Sale of paintings\",\"item\":\"https:\/\/svetslik.si\/prodaja-slik\/\"},{\"@type\":\"ListItem\",\"position\":3,\"name\":\"Sacred Painting &#8211; Mary with Jesus X\"}]},{\"@type\":\"WebSite\",\"@id\":\"https:\/\/svetslik.si\/en\/#website\",\"url\":\"https:\/\/svetslik.si\/en\/\",\"name\":\"SVETSLIK.SI\",\"description\":\"100% ru\u010dno naslikane reprodukcije slika poznatih slikara in umjetni\u010dke zidne slike na platnu.\",\"publisher\":{\"@id\":\"https:\/\/svetslik.si\/en\/#organization\"},\"potentialAction\":[{\"@type\":\"SearchAction\",\"target\":{\"@type\":\"EntryPoint\",\"urlTemplate\":\"https:\/\/svetslik.si\/en\/?s={search_term_string}\"},\"query-input\":{\"@type\":\"PropertyValueSpecification\",\"valueRequired\":true,\"valueName\":\"search_term_string\"}}],\"inLanguage\":\"en-US\"},{\"@type\":\"Organization\",\"@id\":\"https:\/\/svetslik.si\/en\/#organization\",\"name\":\"SvetSlik.si\",\"url\":\"https:\/\/svetslik.si\/en\/\",\"logo\":{\"@type\":\"ImageObject\",\"inLanguage\":\"en-US\",\"@id\":\"https:\/\/svetslik.si\/en\/#\/schema\/logo\/image\/\",\"url\":\"https:\/\/svetslik.si\/wp-content\/uploads\/2020\/12\/logo-512.png\",\"contentUrl\":\"https:\/\/svetslik.si\/wp-content\/uploads\/2020\/12\/logo-512.png\",\"width\":512,\"height\":512,\"caption\":\"SvetSlik.si\"},\"image\":{\"@id\":\"https:\/\/svetslik.si\/en\/#\/schema\/logo\/image\/\"},\"sameAs\":[\"https:\/\/www.facebook.com\/svetslik.si\",\"https:\/\/x.com\/svetslik\",\"https:\/\/www.instagram.com\/svetslik.si\/\",\"https:\/\/www.linkedin.com\/company\/svetslik-si\"]}]}<\/script>\n<meta property=\"og:availability\" content=\"instock\" \/>\n<meta property=\"product:availability\" content=\"instock\" \/>\n<meta property=\"product:retailer_item_id\" content=\"760__-1\" \/>\n<meta property=\"product:condition\" content=\"new\" \/>\n<!-- \/ Yoast SEO Premium plugin. -->","yoast_head_json":{"title":"Sacred Painting - Mary with Jesus X - SVETSLIK.SI - 100% hand painted","description":"Sacred Painting - Mary with Jesus X - 100% hand-painted painting on canvas. Wall art, abstract paintings, reproduction of famous painting and custom paintings made by order.","robots":{"index":"index","follow":"follow","max-snippet":"max-snippet:-1","max-image-preview":"max-image-preview:large","max-video-preview":"max-video-preview:-1"},"canonical":"https:\/\/svetslik.si\/en\/religious-paintings\/sacred-painting-mary-with-jesus-x\/","og_locale":"en_US","og_type":"article","og_title":"Sacred Painting - Mary with Jesus X","og_description":"100% ro\u010dno naslikane slike na platnu, reprodukcije znanih slikarjev in umetni\u0161ke slike po naro\u010dilu.","og_url":"https:\/\/svetslik.si\/en\/religious-paintings\/sacred-painting-mary-with-jesus-x\/","og_site_name":"SVETSLIK.SI","article_publisher":"https:\/\/www.facebook.com\/svetslik.si","article_modified_time":"2026-03-22T17:06:13+00:00","og_image":[{"width":682,"height":1000,"url":"https:\/\/svetslik.si\/wp-content\/uploads\/2023\/03\/umetniska-slika-marija-z-jezusom-2.jpg","type":"image\/jpeg"}],"twitter_card":"summary_large_image","twitter_site":"@svetslik","twitter_misc":{"Availability":"In stock"},"schema":{"@context":"https:\/\/schema.org","@graph":[{"@type":["WebPage","ItemPage"],"@id":"https:\/\/svetslik.si\/en\/religious-paintings\/sacred-painting-mary-with-jesus-x\/","url":"https:\/\/svetslik.si\/en\/religious-paintings\/sacred-painting-mary-with-jesus-x\/","name":"Sacred Painting - Mary with Jesus X - SVETSLIK.SI - 100% hand painted","isPartOf":{"@id":"https:\/\/svetslik.si\/en\/#website"},"primaryImageOfPage":{"@id":"https:\/\/svetslik.si\/en\/religious-paintings\/sacred-painting-mary-with-jesus-x\/#primaryimage"},"image":{"@id":"https:\/\/svetslik.si\/en\/religious-paintings\/sacred-painting-mary-with-jesus-x\/#primaryimage"},"thumbnailUrl":"https:\/\/svetslik.si\/wp-content\/uploads\/2023\/03\/umetniska-slika-marija-z-jezusom-2.jpg","datePublished":"2023-03-01T09:16:10+00:00","dateModified":"2026-03-22T17:06:13+00:00","description":"Sacred Painting - Mary with Jesus X - 100% hand-painted painting on canvas. Wall art, abstract paintings, reproduction of famous painting and custom paintings made by order.","breadcrumb":{"@id":"https:\/\/svetslik.si\/en\/religious-paintings\/sacred-painting-mary-with-jesus-x\/#breadcrumb"},"inLanguage":"en-US","potentialAction":[{"@type":"ReadAction","target":["https:\/\/svetslik.si\/en\/religious-paintings\/sacred-painting-mary-with-jesus-x\/"]}]},{"@type":"ImageObject","inLanguage":"en-US","@id":"https:\/\/svetslik.si\/en\/religious-paintings\/sacred-painting-mary-with-jesus-x\/#primaryimage","url":"https:\/\/svetslik.si\/wp-content\/uploads\/2023\/03\/umetniska-slika-marija-z-jezusom-2.jpg","contentUrl":"https:\/\/svetslik.si\/wp-content\/uploads\/2023\/03\/umetniska-slika-marija-z-jezusom-2.jpg","width":682,"height":1000,"caption":"Sacred Painting - Mary with Jesus X (reproduction, famous painting)"},{"@type":"BreadcrumbList","@id":"https:\/\/svetslik.si\/en\/religious-paintings\/sacred-painting-mary-with-jesus-x\/#breadcrumb","itemListElement":[{"@type":"ListItem","position":1,"name":"Wall art and paintings on canvas","item":"https:\/\/svetslik.si\/en\/"},{"@type":"ListItem","position":2,"name":"Sale of paintings","item":"https:\/\/svetslik.si\/prodaja-slik\/"},{"@type":"ListItem","position":3,"name":"Sacred Painting &#8211; Mary with Jesus X"}]},{"@type":"WebSite","@id":"https:\/\/svetslik.si\/en\/#website","url":"https:\/\/svetslik.si\/en\/","name":"SVETSLIK.SI","description":"100% ru\u010dno naslikane reprodukcije slika poznatih slikara in umjetni\u010dke zidne slike na platnu.","publisher":{"@id":"https:\/\/svetslik.si\/en\/#organization"},"potentialAction":[{"@type":"SearchAction","target":{"@type":"EntryPoint","urlTemplate":"https:\/\/svetslik.si\/en\/?s={search_term_string}"},"query-input":{"@type":"PropertyValueSpecification","valueRequired":true,"valueName":"search_term_string"}}],"inLanguage":"en-US"},{"@type":"Organization","@id":"https:\/\/svetslik.si\/en\/#organization","name":"SvetSlik.si","url":"https:\/\/svetslik.si\/en\/","logo":{"@type":"ImageObject","inLanguage":"en-US","@id":"https:\/\/svetslik.si\/en\/#\/schema\/logo\/image\/","url":"https:\/\/svetslik.si\/wp-content\/uploads\/2020\/12\/logo-512.png","contentUrl":"https:\/\/svetslik.si\/wp-content\/uploads\/2020\/12\/logo-512.png","width":512,"height":512,"caption":"SvetSlik.si"},"image":{"@id":"https:\/\/svetslik.si\/en\/#\/schema\/logo\/image\/"},"sameAs":["https:\/\/www.facebook.com\/svetslik.si","https:\/\/x.com\/svetslik","https:\/\/www.instagram.com\/svetslik.si\/","https:\/\/www.linkedin.com\/company\/svetslik-si"]}]},"og_availability":"instock","product_availability":"instock","product_retailer_item_id":"760__-1","product_condition":"new"},"jetpack_sharing_enabled":true,"_links":{"self":[{"href":"https:\/\/svetslik.si\/en\/wp-json\/wp\/v2\/product\/91341","targetHints":{"allow":["GET"]}}],"collection":[{"href":"https:\/\/svetslik.si\/en\/wp-json\/wp\/v2\/product"}],"about":[{"href":"https:\/\/svetslik.si\/en\/wp-json\/wp\/v2\/types\/product"}],"wp:featuredmedia":[{"embeddable":true,"href":"https:\/\/svetslik.si\/en\/wp-json\/wp\/v2\/media\/80605"}],"wp:attachment":[{"href":"https:\/\/svetslik.si\/en\/wp-json\/wp\/v2\/media?parent=91341"}],"wp:term":[{"taxonomy":"product_brand","embeddable":true,"href":"https:\/\/svetslik.si\/en\/wp-json\/wp\/v2\/product_brand?post=91341"},{"taxonomy":"product_cat","embeddable":true,"href":"https:\/\/svetslik.si\/en\/wp-json\/wp\/v2\/product_cat?post=91341"},{"taxonomy":"product_tag","embeddable":true,"href":"https:\/\/svetslik.si\/en\/wp-json\/wp\/v2\/product_tag?post=91341"}],"curies":[{"name":"wp","href":"https:\/\/api.w.org\/{rel}","templated":true}]}}