{"id":99188,"date":"2023-09-14T15:34:57","date_gmt":"2023-09-14T13:34:57","guid":{"rendered":"https:\/\/svetslik.si\/uncategorized\/edward-hopper-ground-swell\/"},"modified":"2025-11-02T20:26:22","modified_gmt":"2025-11-02T19:26:22","slug":"edward-hopper-ground-swell","status":"publish","type":"product","link":"https:\/\/svetslik.si\/en\/edward-hopper-en\/edward-hopper-ground-swell\/","title":{"rendered":"Edward Hopper &#8211; Ground Swell"},"content":{"rendered":"<div class=\"wpb-content-wrapper\">[vc_row][vc_column][vc_column_text css=&#8221;&#8221;]\n<p data-pm-slice=\"1 1 []\"><div class=\"yt-lazy-video ratio-square\" data-id=\"3a4p8MU8OAY\"><\/div>\n[\/vc_column_text][\/vc_column][\/vc_row][vc_row css=&#8221;.vc_custom_1697613029044{margin-bottom: 10px !important;}&#8221;][vc_column]\t<div class=\"et-image-374 et-image     et_image_link\">\n\t\t<div class=\"et-image-inner \">\n\t\t\t\t\t\t\t<div class=\"et-image-thumb \">\n\t\t\t\t\t<img decoding=\"async\" width=\"2560\" height=\"1441\" src=\"https:\/\/svetslik.si\/wp-content\/uploads\/2023\/09\/Edwad-Hopper-Ground-swell-reprodukcija-scaled.jpg\" class=\"attachment-full\" alt=\"Edwad Hopper Ground swell reprodukcija slike na platnu\" title=\"Edwad-Hopper-Ground-swell-reprodukcija\" srcset=\"https:\/\/svetslik.si\/wp-content\/uploads\/2023\/09\/Edwad-Hopper-Ground-swell-reprodukcija-scaled.jpg 2560w, https:\/\/svetslik.si\/wp-content\/uploads\/2023\/09\/Edwad-Hopper-Ground-swell-reprodukcija-scaled-600x338.jpg 600w, https:\/\/svetslik.si\/wp-content\/uploads\/2023\/09\/Edwad-Hopper-Ground-swell-reprodukcija-scaled-1200x675.jpg 1200w, https:\/\/svetslik.si\/wp-content\/uploads\/2023\/09\/Edwad-Hopper-Ground-swell-reprodukcija-300x169.jpg 300w, https:\/\/svetslik.si\/wp-content\/uploads\/2023\/09\/Edwad-Hopper-Ground-swell-reprodukcija-1024x577.jpg 1024w, https:\/\/svetslik.si\/wp-content\/uploads\/2023\/09\/Edwad-Hopper-Ground-swell-reprodukcija-768x432.jpg 768w, https:\/\/svetslik.si\/wp-content\/uploads\/2023\/09\/Edwad-Hopper-Ground-swell-reprodukcija-1536x865.jpg 1536w, https:\/\/svetslik.si\/wp-content\/uploads\/2023\/09\/Edwad-Hopper-Ground-swell-reprodukcija-2048x1153.jpg 2048w, https:\/\/svetslik.si\/wp-content\/uploads\/2023\/09\/Edwad-Hopper-Ground-swell-reprodukcija-150x84.jpg 150w\" sizes=\"(max-width: 2560px) 100vw, 2560px\" \/>\t\t\t\t<\/div>\n\t\t\t\t\t\t\t\t\t\t\t<\/div>\n\t<\/div>\n  [\/vc_column][\/vc_row][vc_row css=&#8221;.vc_custom_1697613029044{margin-bottom: 10px !important;}&#8221;][vc_column]\t<div class=\"et-image-372 et-image     et_image_link\">\n\t\t<div class=\"et-image-inner \">\n\t\t\t\t\t\t\t<div class=\"et-image-thumb \">\n\t\t\t\t\t<img decoding=\"async\" width=\"2560\" height=\"1814\" src=\"https:\/\/svetslik.si\/wp-content\/uploads\/2023\/09\/Edwad-Hopper-Ground-swell-reprodukcija-slike-na-platnu-2-scaled.jpg\" class=\"attachment-full\" alt=\"Edwad Hopper Ground swell reprodukcija slike na platnu\" title=\"Edwad-Hopper-Ground-swell-reprodukcija-slike-na-platnu-2\" srcset=\"https:\/\/svetslik.si\/wp-content\/uploads\/2023\/09\/Edwad-Hopper-Ground-swell-reprodukcija-slike-na-platnu-2-scaled.jpg 2560w, https:\/\/svetslik.si\/wp-content\/uploads\/2023\/09\/Edwad-Hopper-Ground-swell-reprodukcija-slike-na-platnu-2-scaled-600x425.jpg 600w, https:\/\/svetslik.si\/wp-content\/uploads\/2023\/09\/Edwad-Hopper-Ground-swell-reprodukcija-slike-na-platnu-2-scaled-1200x850.jpg 1200w, https:\/\/svetslik.si\/wp-content\/uploads\/2023\/09\/Edwad-Hopper-Ground-swell-reprodukcija-slike-na-platnu-2-300x213.jpg 300w, https:\/\/svetslik.si\/wp-content\/uploads\/2023\/09\/Edwad-Hopper-Ground-swell-reprodukcija-slike-na-platnu-2-1024x726.jpg 1024w, https:\/\/svetslik.si\/wp-content\/uploads\/2023\/09\/Edwad-Hopper-Ground-swell-reprodukcija-slike-na-platnu-2-768x544.jpg 768w, https:\/\/svetslik.si\/wp-content\/uploads\/2023\/09\/Edwad-Hopper-Ground-swell-reprodukcija-slike-na-platnu-2-1536x1088.jpg 1536w, https:\/\/svetslik.si\/wp-content\/uploads\/2023\/09\/Edwad-Hopper-Ground-swell-reprodukcija-slike-na-platnu-2-2048x1451.jpg 2048w, https:\/\/svetslik.si\/wp-content\/uploads\/2023\/09\/Edwad-Hopper-Ground-swell-reprodukcija-slike-na-platnu-2-150x106.jpg 150w\" sizes=\"(max-width: 2560px) 100vw, 2560px\" \/>\t\t\t\t<\/div>\n\t\t\t\t\t\t\t\t\t\t\t<\/div>\n\t<\/div>\n  [\/vc_column][\/vc_row][vc_row css=&#8221;.vc_custom_1697613029044{margin-bottom: 10px !important;}&#8221;][vc_column]\t<div class=\"et-image-848 et-image     et_image_link\">\n\t\t<div class=\"et-image-inner \">\n\t\t\t\t\t\t\t<div class=\"et-image-thumb \">\n\t\t\t\t\t<img decoding=\"async\" width=\"2560\" height=\"1962\" src=\"https:\/\/svetslik.si\/wp-content\/uploads\/2023\/09\/Edwad-Hopper-Ground-swell-reprodukcija-slike-na-platnu-scaled.jpg\" class=\"attachment-full\" alt=\"Edwad Hopper Ground swell reprodukcija slike na platnu\" title=\"Edwad-Hopper-Ground-swell-reprodukcija-slike-na-platnu\" srcset=\"https:\/\/svetslik.si\/wp-content\/uploads\/2023\/09\/Edwad-Hopper-Ground-swell-reprodukcija-slike-na-platnu-scaled.jpg 2560w, https:\/\/svetslik.si\/wp-content\/uploads\/2023\/09\/Edwad-Hopper-Ground-swell-reprodukcija-slike-na-platnu-scaled-600x460.jpg 600w, https:\/\/svetslik.si\/wp-content\/uploads\/2023\/09\/Edwad-Hopper-Ground-swell-reprodukcija-slike-na-platnu-scaled-1200x920.jpg 1200w, https:\/\/svetslik.si\/wp-content\/uploads\/2023\/09\/Edwad-Hopper-Ground-swell-reprodukcija-slike-na-platnu-300x230.jpg 300w, https:\/\/svetslik.si\/wp-content\/uploads\/2023\/09\/Edwad-Hopper-Ground-swell-reprodukcija-slike-na-platnu-1024x785.jpg 1024w, https:\/\/svetslik.si\/wp-content\/uploads\/2023\/09\/Edwad-Hopper-Ground-swell-reprodukcija-slike-na-platnu-768x588.jpg 768w, https:\/\/svetslik.si\/wp-content\/uploads\/2023\/09\/Edwad-Hopper-Ground-swell-reprodukcija-slike-na-platnu-1536x1177.jpg 1536w, https:\/\/svetslik.si\/wp-content\/uploads\/2023\/09\/Edwad-Hopper-Ground-swell-reprodukcija-slike-na-platnu-2048x1569.jpg 2048w, https:\/\/svetslik.si\/wp-content\/uploads\/2023\/09\/Edwad-Hopper-Ground-swell-reprodukcija-slike-na-platnu-150x115.jpg 150w\" sizes=\"(max-width: 2560px) 100vw, 2560px\" \/>\t\t\t\t<\/div>\n\t\t\t\t\t\t\t\t\t\t\t<\/div>\n\t<\/div>\n  [\/vc_column][\/vc_row][vc_row css=&#8221;.vc_custom_1697613029044{margin-bottom: 10px !important;}&#8221;][vc_column]\t<div class=\"et-image-529 et-image     et_image_link\">\n\t\t<div class=\"et-image-inner \">\n\t\t\t\t\t\t\t<div class=\"et-image-thumb \">\n\t\t\t\t\t<img decoding=\"async\" width=\"2560\" height=\"1441\" src=\"https:\/\/svetslik.si\/wp-content\/uploads\/2023\/09\/Edwad-Hopper-Ground-swell-reprodukcija-slike-na-platnu-1-scaled.jpg\" class=\"attachment-full\" alt=\"Edwad Hopper Ground swell reprodukcija slike na platnu\" title=\"Edwad-Hopper-Ground-swell-reprodukcija-slike-na-platnu-1\" srcset=\"https:\/\/svetslik.si\/wp-content\/uploads\/2023\/09\/Edwad-Hopper-Ground-swell-reprodukcija-slike-na-platnu-1-scaled.jpg 2560w, https:\/\/svetslik.si\/wp-content\/uploads\/2023\/09\/Edwad-Hopper-Ground-swell-reprodukcija-slike-na-platnu-1-scaled-600x338.jpg 600w, https:\/\/svetslik.si\/wp-content\/uploads\/2023\/09\/Edwad-Hopper-Ground-swell-reprodukcija-slike-na-platnu-1-scaled-1200x675.jpg 1200w, https:\/\/svetslik.si\/wp-content\/uploads\/2023\/09\/Edwad-Hopper-Ground-swell-reprodukcija-slike-na-platnu-1-300x169.jpg 300w, https:\/\/svetslik.si\/wp-content\/uploads\/2023\/09\/Edwad-Hopper-Ground-swell-reprodukcija-slike-na-platnu-1-1024x577.jpg 1024w, https:\/\/svetslik.si\/wp-content\/uploads\/2023\/09\/Edwad-Hopper-Ground-swell-reprodukcija-slike-na-platnu-1-768x432.jpg 768w, https:\/\/svetslik.si\/wp-content\/uploads\/2023\/09\/Edwad-Hopper-Ground-swell-reprodukcija-slike-na-platnu-1-1536x865.jpg 1536w, https:\/\/svetslik.si\/wp-content\/uploads\/2023\/09\/Edwad-Hopper-Ground-swell-reprodukcija-slike-na-platnu-1-2048x1153.jpg 2048w, https:\/\/svetslik.si\/wp-content\/uploads\/2023\/09\/Edwad-Hopper-Ground-swell-reprodukcija-slike-na-platnu-1-150x84.jpg 150w\" sizes=\"(max-width: 2560px) 100vw, 2560px\" \/>\t\t\t\t<\/div>\n\t\t\t\t\t\t\t\t\t\t\t<\/div>\n\t<\/div>\n  [\/vc_column][\/vc_row][vc_row][vc_column][vc_column_text]\n[\/vc_column_text][\/vc_column][\/vc_row]\n<\/div>","protected":false},"excerpt":{"rendered":"<p>[vc_row][vc_column][vc_column_text css=&#8221;&#8221;] [\/vc_column_text][\/vc_column][\/vc_row][vc_row css=&#8221;.vc_custom_1697613029044{margin-bottom: 10px !important;}&#8221;][vc_column][\/vc_column][\/vc_row][vc_row css=&#8221;.vc_custom_1697613029044{margin-bottom: 10px !important;}&#8221;][vc_column][\/vc_column][\/vc_row][vc_row css=&#8221;.vc_custom_1697613029044{margin-bottom: 10px !important;}&#8221;][vc_column][\/vc_column][\/vc_row][vc_row css=&#8221;.vc_custom_1697613029044{margin-bottom: 10px !important;}&#8221;][vc_column][\/vc_column][\/vc_row][vc_row][vc_column][vc_column_text] [\/vc_column_text][\/vc_column][\/vc_row]<\/p>\n","protected":false},"featured_media":98687,"template":"","meta":{"_acf_changed":false},"product_brand":[],"product_cat":[12082],"product_tag":[],"class_list":{"0":"post-99188","1":"product","2":"type-product","3":"status-publish","4":"has-post-thumbnail","6":"product_cat-edward-hopper-en","7":"pa_dimenzija-100-x-140-cm-en","8":"pa_dimenzija-110-x-150-cm-en","9":"pa_dimenzija-120-x-160-cm-en","10":"pa_dimenzija-40-x-55-cm-en","11":"pa_dimenzija-50-x-70-cm-en","12":"pa_dimenzija-60-x-80-cm-en","13":"pa_dimenzija-70-x-100-cm-en","14":"pa_dimenzija-80-x-110-cm-en","15":"pa_dimenzija-92-x-127-cm-en","16":"pa_oblika-horizontal","17":"pa_okvir-without-frame","18":"pa_podokvir-without","19":"pa_podokvir-yes","21":"first","22":"onbackorder","23":"purchasable","24":"product-type-variable"},"acf":[],"yoast_head":"<!-- This site is optimized with the Yoast SEO Premium plugin v26.0 (Yoast SEO v27.2) - https:\/\/yoast.com\/product\/yoast-seo-premium-wordpress\/ -->\n<title>Edward Hopper - Ground Swell - SVETSLIK.SI - 100% hand-painted painting<\/title>\n<meta name=\"description\" content=\"Edward Hopper - Ground Swell - 100% hand painted paintings on canvas. Sale of reproductions of famous painters, custom painted paintings by order and framing.\" \/>\n<meta name=\"robots\" content=\"index, follow, max-snippet:-1, max-image-preview:large, max-video-preview:-1\" \/>\n<link rel=\"canonical\" href=\"https:\/\/svetslik.si\/en\/edward-hopper-en\/edward-hopper-ground-swell\/\" \/>\n<meta property=\"og:locale\" content=\"en_US\" \/>\n<meta property=\"og:type\" content=\"article\" \/>\n<meta property=\"og:title\" content=\"Edward Hopper - Ground Swell\" \/>\n<meta property=\"og:description\" content=\"100% ro\u010dno naslikane slike na platnu, reprodukcije znanih slikarjev in umetni\u0161ke slike po naro\u010dilu.\" \/>\n<meta property=\"og:url\" content=\"https:\/\/svetslik.si\/en\/edward-hopper-en\/edward-hopper-ground-swell\/\" \/>\n<meta property=\"og:site_name\" content=\"SVETSLIK.SI\" \/>\n<meta property=\"article:publisher\" content=\"https:\/\/www.facebook.com\/svetslik.si\" \/>\n<meta property=\"article:modified_time\" content=\"2025-11-02T19:26:22+00:00\" \/>\n<meta property=\"og:image\" content=\"https:\/\/svetslik.si\/wp-content\/uploads\/2023\/09\/Edward-Hopper-Ground-Swell.jpg\" \/>\n\t<meta property=\"og:image:width\" content=\"930\" \/>\n\t<meta property=\"og:image:height\" content=\"680\" \/>\n\t<meta property=\"og:image:type\" content=\"image\/jpeg\" \/>\n<meta name=\"twitter:card\" content=\"summary_large_image\" \/>\n<meta name=\"twitter:site\" content=\"@svetslik\" \/>\n<meta name=\"twitter:label1\" content=\"Availability\" \/>\n\t<meta name=\"twitter:data1\" content=\"On backorder\" \/>\n<script type=\"application\/ld+json\" class=\"yoast-schema-graph\">{\"@context\":\"https:\/\/schema.org\",\"@graph\":[{\"@type\":[\"WebPage\",\"ItemPage\"],\"@id\":\"https:\/\/svetslik.si\/en\/edward-hopper-en\/edward-hopper-ground-swell\/\",\"url\":\"https:\/\/svetslik.si\/en\/edward-hopper-en\/edward-hopper-ground-swell\/\",\"name\":\"Edward Hopper - Ground Swell - SVETSLIK.SI - 100% hand-painted painting\",\"isPartOf\":{\"@id\":\"https:\/\/svetslik.si\/en\/#website\"},\"primaryImageOfPage\":{\"@id\":\"https:\/\/svetslik.si\/en\/edward-hopper-en\/edward-hopper-ground-swell\/#primaryimage\"},\"image\":{\"@id\":\"https:\/\/svetslik.si\/en\/edward-hopper-en\/edward-hopper-ground-swell\/#primaryimage\"},\"thumbnailUrl\":\"https:\/\/svetslik.si\/wp-content\/uploads\/2023\/09\/Edward-Hopper-Ground-Swell.jpg\",\"datePublished\":\"2023-09-14T13:34:57+00:00\",\"dateModified\":\"2025-11-02T19:26:22+00:00\",\"description\":\"Edward Hopper - Ground Swell - 100% hand painted paintings on canvas. Sale of reproductions of famous painters, custom painted paintings by order and framing.\",\"breadcrumb\":{\"@id\":\"https:\/\/svetslik.si\/en\/edward-hopper-en\/edward-hopper-ground-swell\/#breadcrumb\"},\"inLanguage\":\"en-US\",\"potentialAction\":[{\"@type\":\"ReadAction\",\"target\":[\"https:\/\/svetslik.si\/en\/edward-hopper-en\/edward-hopper-ground-swell\/\"]}]},{\"@type\":\"ImageObject\",\"inLanguage\":\"en-US\",\"@id\":\"https:\/\/svetslik.si\/en\/edward-hopper-en\/edward-hopper-ground-swell\/#primaryimage\",\"url\":\"https:\/\/svetslik.si\/wp-content\/uploads\/2023\/09\/Edward-Hopper-Ground-Swell.jpg\",\"contentUrl\":\"https:\/\/svetslik.si\/wp-content\/uploads\/2023\/09\/Edward-Hopper-Ground-Swell.jpg\",\"width\":930,\"height\":680,\"caption\":\"Edward Hopper (American, 1882 - 1967 ), Ground Swell, 1939, oil on canvas, Corcoran Collection (Museum Purchase, William A. Clark Fund) 2014.79.23\"},{\"@type\":\"BreadcrumbList\",\"@id\":\"https:\/\/svetslik.si\/en\/edward-hopper-en\/edward-hopper-ground-swell\/#breadcrumb\",\"itemListElement\":[{\"@type\":\"ListItem\",\"position\":1,\"name\":\"Wall art and paintings on canvas\",\"item\":\"https:\/\/svetslik.si\/en\/\"},{\"@type\":\"ListItem\",\"position\":2,\"name\":\"Sale of paintings\",\"item\":\"https:\/\/svetslik.si\/prodaja-slik\/\"},{\"@type\":\"ListItem\",\"position\":3,\"name\":\"Edward Hopper &#8211; Ground Swell\"}]},{\"@type\":\"WebSite\",\"@id\":\"https:\/\/svetslik.si\/en\/#website\",\"url\":\"https:\/\/svetslik.si\/en\/\",\"name\":\"SVETSLIK.SI\",\"description\":\"100% ru\u010dno naslikane reprodukcije slika poznatih slikara in umjetni\u010dke zidne slike na platnu.\",\"publisher\":{\"@id\":\"https:\/\/svetslik.si\/en\/#organization\"},\"potentialAction\":[{\"@type\":\"SearchAction\",\"target\":{\"@type\":\"EntryPoint\",\"urlTemplate\":\"https:\/\/svetslik.si\/en\/?s={search_term_string}\"},\"query-input\":{\"@type\":\"PropertyValueSpecification\",\"valueRequired\":true,\"valueName\":\"search_term_string\"}}],\"inLanguage\":\"en-US\"},{\"@type\":\"Organization\",\"@id\":\"https:\/\/svetslik.si\/en\/#organization\",\"name\":\"SvetSlik.si\",\"url\":\"https:\/\/svetslik.si\/en\/\",\"logo\":{\"@type\":\"ImageObject\",\"inLanguage\":\"en-US\",\"@id\":\"https:\/\/svetslik.si\/en\/#\/schema\/logo\/image\/\",\"url\":\"https:\/\/svetslik.si\/wp-content\/uploads\/2020\/12\/logo-512.png\",\"contentUrl\":\"https:\/\/svetslik.si\/wp-content\/uploads\/2020\/12\/logo-512.png\",\"width\":512,\"height\":512,\"caption\":\"SvetSlik.si\"},\"image\":{\"@id\":\"https:\/\/svetslik.si\/en\/#\/schema\/logo\/image\/\"},\"sameAs\":[\"https:\/\/www.facebook.com\/svetslik.si\",\"https:\/\/x.com\/svetslik\",\"https:\/\/www.instagram.com\/svetslik.si\/\",\"https:\/\/www.linkedin.com\/company\/svetslik-si\"]}]}<\/script>\n<meta property=\"og:availability\" content=\"backorder\" \/>\n<meta property=\"product:availability\" content=\"available for order\" \/>\n<meta property=\"product:retailer_item_id\" content=\"252__8-1\" \/>\n<meta property=\"product:condition\" content=\"new\" \/>\n<!-- \/ Yoast SEO Premium plugin. -->","yoast_head_json":{"title":"Edward Hopper - Ground Swell - SVETSLIK.SI - 100% hand-painted painting","description":"Edward Hopper - Ground Swell - 100% hand painted paintings on canvas. Sale of reproductions of famous painters, custom painted paintings by order and framing.","robots":{"index":"index","follow":"follow","max-snippet":"max-snippet:-1","max-image-preview":"max-image-preview:large","max-video-preview":"max-video-preview:-1"},"canonical":"https:\/\/svetslik.si\/en\/edward-hopper-en\/edward-hopper-ground-swell\/","og_locale":"en_US","og_type":"article","og_title":"Edward Hopper - Ground Swell","og_description":"100% ro\u010dno naslikane slike na platnu, reprodukcije znanih slikarjev in umetni\u0161ke slike po naro\u010dilu.","og_url":"https:\/\/svetslik.si\/en\/edward-hopper-en\/edward-hopper-ground-swell\/","og_site_name":"SVETSLIK.SI","article_publisher":"https:\/\/www.facebook.com\/svetslik.si","article_modified_time":"2025-11-02T19:26:22+00:00","og_image":[{"width":930,"height":680,"url":"https:\/\/svetslik.si\/wp-content\/uploads\/2023\/09\/Edward-Hopper-Ground-Swell.jpg","type":"image\/jpeg"}],"twitter_card":"summary_large_image","twitter_site":"@svetslik","twitter_misc":{"Availability":"On backorder"},"schema":{"@context":"https:\/\/schema.org","@graph":[{"@type":["WebPage","ItemPage"],"@id":"https:\/\/svetslik.si\/en\/edward-hopper-en\/edward-hopper-ground-swell\/","url":"https:\/\/svetslik.si\/en\/edward-hopper-en\/edward-hopper-ground-swell\/","name":"Edward Hopper - Ground Swell - SVETSLIK.SI - 100% hand-painted painting","isPartOf":{"@id":"https:\/\/svetslik.si\/en\/#website"},"primaryImageOfPage":{"@id":"https:\/\/svetslik.si\/en\/edward-hopper-en\/edward-hopper-ground-swell\/#primaryimage"},"image":{"@id":"https:\/\/svetslik.si\/en\/edward-hopper-en\/edward-hopper-ground-swell\/#primaryimage"},"thumbnailUrl":"https:\/\/svetslik.si\/wp-content\/uploads\/2023\/09\/Edward-Hopper-Ground-Swell.jpg","datePublished":"2023-09-14T13:34:57+00:00","dateModified":"2025-11-02T19:26:22+00:00","description":"Edward Hopper - Ground Swell - 100% hand painted paintings on canvas. Sale of reproductions of famous painters, custom painted paintings by order and framing.","breadcrumb":{"@id":"https:\/\/svetslik.si\/en\/edward-hopper-en\/edward-hopper-ground-swell\/#breadcrumb"},"inLanguage":"en-US","potentialAction":[{"@type":"ReadAction","target":["https:\/\/svetslik.si\/en\/edward-hopper-en\/edward-hopper-ground-swell\/"]}]},{"@type":"ImageObject","inLanguage":"en-US","@id":"https:\/\/svetslik.si\/en\/edward-hopper-en\/edward-hopper-ground-swell\/#primaryimage","url":"https:\/\/svetslik.si\/wp-content\/uploads\/2023\/09\/Edward-Hopper-Ground-Swell.jpg","contentUrl":"https:\/\/svetslik.si\/wp-content\/uploads\/2023\/09\/Edward-Hopper-Ground-Swell.jpg","width":930,"height":680,"caption":"Edward Hopper (American, 1882 - 1967 ), Ground Swell, 1939, oil on canvas, Corcoran Collection (Museum Purchase, William A. Clark Fund) 2014.79.23"},{"@type":"BreadcrumbList","@id":"https:\/\/svetslik.si\/en\/edward-hopper-en\/edward-hopper-ground-swell\/#breadcrumb","itemListElement":[{"@type":"ListItem","position":1,"name":"Wall art and paintings on canvas","item":"https:\/\/svetslik.si\/en\/"},{"@type":"ListItem","position":2,"name":"Sale of paintings","item":"https:\/\/svetslik.si\/prodaja-slik\/"},{"@type":"ListItem","position":3,"name":"Edward Hopper &#8211; Ground Swell"}]},{"@type":"WebSite","@id":"https:\/\/svetslik.si\/en\/#website","url":"https:\/\/svetslik.si\/en\/","name":"SVETSLIK.SI","description":"100% ru\u010dno naslikane reprodukcije slika poznatih slikara in umjetni\u010dke zidne slike na platnu.","publisher":{"@id":"https:\/\/svetslik.si\/en\/#organization"},"potentialAction":[{"@type":"SearchAction","target":{"@type":"EntryPoint","urlTemplate":"https:\/\/svetslik.si\/en\/?s={search_term_string}"},"query-input":{"@type":"PropertyValueSpecification","valueRequired":true,"valueName":"search_term_string"}}],"inLanguage":"en-US"},{"@type":"Organization","@id":"https:\/\/svetslik.si\/en\/#organization","name":"SvetSlik.si","url":"https:\/\/svetslik.si\/en\/","logo":{"@type":"ImageObject","inLanguage":"en-US","@id":"https:\/\/svetslik.si\/en\/#\/schema\/logo\/image\/","url":"https:\/\/svetslik.si\/wp-content\/uploads\/2020\/12\/logo-512.png","contentUrl":"https:\/\/svetslik.si\/wp-content\/uploads\/2020\/12\/logo-512.png","width":512,"height":512,"caption":"SvetSlik.si"},"image":{"@id":"https:\/\/svetslik.si\/en\/#\/schema\/logo\/image\/"},"sameAs":["https:\/\/www.facebook.com\/svetslik.si","https:\/\/x.com\/svetslik","https:\/\/www.instagram.com\/svetslik.si\/","https:\/\/www.linkedin.com\/company\/svetslik-si"]}]},"og_availability":"backorder","product_availability":"available for order","product_retailer_item_id":"252__8-1","product_condition":"new"},"jetpack_sharing_enabled":true,"_links":{"self":[{"href":"https:\/\/svetslik.si\/en\/wp-json\/wp\/v2\/product\/99188","targetHints":{"allow":["GET"]}}],"collection":[{"href":"https:\/\/svetslik.si\/en\/wp-json\/wp\/v2\/product"}],"about":[{"href":"https:\/\/svetslik.si\/en\/wp-json\/wp\/v2\/types\/product"}],"wp:featuredmedia":[{"embeddable":true,"href":"https:\/\/svetslik.si\/en\/wp-json\/wp\/v2\/media\/98687"}],"wp:attachment":[{"href":"https:\/\/svetslik.si\/en\/wp-json\/wp\/v2\/media?parent=99188"}],"wp:term":[{"taxonomy":"product_brand","embeddable":true,"href":"https:\/\/svetslik.si\/en\/wp-json\/wp\/v2\/product_brand?post=99188"},{"taxonomy":"product_cat","embeddable":true,"href":"https:\/\/svetslik.si\/en\/wp-json\/wp\/v2\/product_cat?post=99188"},{"taxonomy":"product_tag","embeddable":true,"href":"https:\/\/svetslik.si\/en\/wp-json\/wp\/v2\/product_tag?post=99188"}],"curies":[{"name":"wp","href":"https:\/\/api.w.org\/{rel}","templated":true}]}}