{"id":114332,"date":"2026-01-31T23:06:58","date_gmt":"2026-01-31T22:06:58","guid":{"rendered":"https:\/\/svetslik.si\/?post_type=product&#038;p=114332"},"modified":"2026-03-22T13:50:28","modified_gmt":"2026-03-22T12:50:28","slug":"roberto-budicin-snow-in-the-karst","status":"publish","type":"product","link":"https:\/\/svetslik.si\/hr\/roberto-budicin\/roberto-budicin-snow-in-the-karst\/","title":{"rendered":"Roberto Budicin &#8211; Snow in the Karst"},"content":{"rendered":"","protected":false},"excerpt":{"rendered":"","protected":false},"featured_media":114345,"template":"","meta":{"_acf_changed":false},"product_brand":[],"product_cat":[12705],"product_tag":[3399,3405,3413,3408,3409,3410,3412,3411,3400,3416,3414,3415],"class_list":{"0":"post-114332","1":"product","2":"type-product","3":"status-publish","4":"has-post-thumbnail","6":"product_cat-roberto-budicin","7":"product_tag-apstraktne-slike","8":"product_tag-moderne-slike-hr","9":"product_tag-online-galerija","10":"product_tag-prodaja-slika","11":"product_tag-slike-na-platnu-hr","12":"product_tag-slike-za-dnevni-boravak","13":"product_tag-slike-za-dnevni-boravak-hr","14":"product_tag-slike-za-zid","15":"product_tag-ukrasne-slike","16":"product_tag-umjetnicke-slike","17":"product_tag-zidna-dekoracija","18":"product_tag-zidne-slike","19":"pa_dimenzija-31-x-45-cm","20":"pa_okvir-bez-okvira","21":"pa_podokvir-bez-podokvira","22":"pa_podokvir-sa-podokvirom","24":"first","25":"onbackorder","26":"purchasable","27":"product-type-variable","28":"has-default-attributes"},"acf":[],"yoast_head":"<!-- This site is optimized with the Yoast SEO Premium plugin v26.0 (Yoast SEO v27.2) - https:\/\/yoast.com\/product\/yoast-seo-premium-wordpress\/ -->\n<title>Roberto Budicin - Snow in the Karst - SVETSLIK.SI - 100% ru\u010dno naslikano<\/title>\n<meta name=\"description\" content=\"Roberto Budicin - Snow in the Karst - 100 % ru\u010dno naslikane umjetni\u010dke zidne slike na platnu. Prodaja reprodukcija poznatih slikara, izrada slika po naru\u0111bi i okviri za slike.\" \/>\n<meta name=\"robots\" content=\"index, follow, max-snippet:-1, max-image-preview:large, max-video-preview:-1\" \/>\n<link rel=\"canonical\" href=\"https:\/\/svetslik.si\/hr\/roberto-budicin\/roberto-budicin-snow-in-the-karst\/\" \/>\n<meta property=\"og:locale\" content=\"hr_HR\" \/>\n<meta property=\"og:type\" content=\"article\" \/>\n<meta property=\"og:title\" content=\"Roberto Budicin - Snow in the Karst\" \/>\n<meta property=\"og:description\" content=\"100% ro\u010dno naslikane slike na platnu, reprodukcije znanih slikarjev in umetni\u0161ke slike po naro\u010dilu.\" \/>\n<meta property=\"og:url\" content=\"https:\/\/svetslik.si\/hr\/roberto-budicin\/roberto-budicin-snow-in-the-karst\/\" \/>\n<meta property=\"og:site_name\" content=\"SVETSLIK.SI\" \/>\n<meta property=\"article:publisher\" content=\"https:\/\/www.facebook.com\/svetslik.si\" \/>\n<meta property=\"article:modified_time\" content=\"2026-03-22T12:50:28+00:00\" \/>\n<meta property=\"og:image\" content=\"https:\/\/svetslik.si\/wp-content\/uploads\/2026\/01\/12-Snow-in-the-Karst.jpg\" \/>\n\t<meta property=\"og:image:width\" content=\"1500\" \/>\n\t<meta property=\"og:image:height\" content=\"1052\" \/>\n\t<meta property=\"og:image:type\" content=\"image\/jpeg\" \/>\n<meta name=\"twitter:card\" content=\"summary_large_image\" \/>\n<meta name=\"twitter:site\" content=\"@svetslik\" \/>\n<meta name=\"twitter:label1\" content=\"Availability\" \/>\n\t<meta name=\"twitter:data1\" content=\"On backorder\" \/>\n<script type=\"application\/ld+json\" class=\"yoast-schema-graph\">{\"@context\":\"https:\/\/schema.org\",\"@graph\":[{\"@type\":[\"WebPage\",\"ItemPage\"],\"@id\":\"https:\/\/svetslik.si\/hr\/roberto-budicin\/roberto-budicin-snow-in-the-karst\/\",\"url\":\"https:\/\/svetslik.si\/hr\/roberto-budicin\/roberto-budicin-snow-in-the-karst\/\",\"name\":\"Roberto Budicin - Snow in the Karst - SVETSLIK.SI - 100% ru\u010dno naslikano\",\"isPartOf\":{\"@id\":\"https:\/\/svetslik.si\/hr\/#website\"},\"primaryImageOfPage\":{\"@id\":\"https:\/\/svetslik.si\/hr\/roberto-budicin\/roberto-budicin-snow-in-the-karst\/#primaryimage\"},\"image\":{\"@id\":\"https:\/\/svetslik.si\/hr\/roberto-budicin\/roberto-budicin-snow-in-the-karst\/#primaryimage\"},\"thumbnailUrl\":\"https:\/\/svetslik.si\/wp-content\/uploads\/2026\/01\/12-Snow-in-the-Karst.jpg\",\"datePublished\":\"2026-01-31T22:06:58+00:00\",\"dateModified\":\"2026-03-22T12:50:28+00:00\",\"description\":\"Roberto Budicin - Snow in the Karst - 100 % ru\u010dno naslikane umjetni\u010dke zidne slike na platnu. Prodaja reprodukcija poznatih slikara, izrada slika po naru\u0111bi i okviri za slike.\",\"breadcrumb\":{\"@id\":\"https:\/\/svetslik.si\/hr\/roberto-budicin\/roberto-budicin-snow-in-the-karst\/#breadcrumb\"},\"inLanguage\":\"hr\",\"potentialAction\":[{\"@type\":\"ReadAction\",\"target\":[\"https:\/\/svetslik.si\/hr\/roberto-budicin\/roberto-budicin-snow-in-the-karst\/\"]}]},{\"@type\":\"ImageObject\",\"inLanguage\":\"hr\",\"@id\":\"https:\/\/svetslik.si\/hr\/roberto-budicin\/roberto-budicin-snow-in-the-karst\/#primaryimage\",\"url\":\"https:\/\/svetslik.si\/wp-content\/uploads\/2026\/01\/12-Snow-in-the-Karst.jpg\",\"contentUrl\":\"https:\/\/svetslik.si\/wp-content\/uploads\/2026\/01\/12-Snow-in-the-Karst.jpg\",\"width\":1500,\"height\":1052,\"caption\":\"Moderne slike za zid - ZEN Kameni (Copy) (Copy) (Copy) (Copy) (Copy) (Copy) (Copy) (Copy) (Copy) (Copy) (Copy) (Copy) (Copy)\"},{\"@type\":\"BreadcrumbList\",\"@id\":\"https:\/\/svetslik.si\/hr\/roberto-budicin\/roberto-budicin-snow-in-the-karst\/#breadcrumb\",\"itemListElement\":[{\"@type\":\"ListItem\",\"position\":1,\"name\":\"Umjetni\u010dke zidne slike na platnu\",\"item\":\"https:\/\/svetslik.si\/hr\/\"},{\"@type\":\"ListItem\",\"position\":2,\"name\":\"Prodaja slika\",\"item\":\"https:\/\/svetslik.si\/prodaja-slik\/\"},{\"@type\":\"ListItem\",\"position\":3,\"name\":\"Roberto Budicin &#8211; Snow in the Karst\"}]},{\"@type\":\"WebSite\",\"@id\":\"https:\/\/svetslik.si\/hr\/#website\",\"url\":\"https:\/\/svetslik.si\/hr\/\",\"name\":\"SVETSLIK.SI\",\"description\":\"100% ru\u010dno naslikane reprodukcije slika poznatih slikara in umjetni\u010dke zidne slike na platnu.\",\"publisher\":{\"@id\":\"https:\/\/svetslik.si\/hr\/#organization\"},\"potentialAction\":[{\"@type\":\"SearchAction\",\"target\":{\"@type\":\"EntryPoint\",\"urlTemplate\":\"https:\/\/svetslik.si\/hr\/?s={search_term_string}\"},\"query-input\":{\"@type\":\"PropertyValueSpecification\",\"valueRequired\":true,\"valueName\":\"search_term_string\"}}],\"inLanguage\":\"hr\"},{\"@type\":\"Organization\",\"@id\":\"https:\/\/svetslik.si\/hr\/#organization\",\"name\":\"SvetSlik.si\",\"url\":\"https:\/\/svetslik.si\/hr\/\",\"logo\":{\"@type\":\"ImageObject\",\"inLanguage\":\"hr\",\"@id\":\"https:\/\/svetslik.si\/hr\/#\/schema\/logo\/image\/\",\"url\":\"https:\/\/svetslik.si\/wp-content\/uploads\/2020\/12\/logo-512.png\",\"contentUrl\":\"https:\/\/svetslik.si\/wp-content\/uploads\/2020\/12\/logo-512.png\",\"width\":512,\"height\":512,\"caption\":\"SvetSlik.si\"},\"image\":{\"@id\":\"https:\/\/svetslik.si\/hr\/#\/schema\/logo\/image\/\"},\"sameAs\":[\"https:\/\/www.facebook.com\/svetslik.si\",\"https:\/\/x.com\/svetslik\",\"https:\/\/www.instagram.com\/svetslik.si\/\",\"https:\/\/www.linkedin.com\/company\/svetslik-si\"]}]}<\/script>\n<meta property=\"og:availability\" content=\"backorder\" \/>\n<meta property=\"product:availability\" content=\"available for order\" \/>\n<meta property=\"product:retailer_item_id\" content=\"649__-1-1-1-1-1-2-1-3-1-1-1-1-1-1\" \/>\n<meta property=\"product:condition\" content=\"new\" \/>\n<!-- \/ Yoast SEO Premium plugin. -->","yoast_head_json":{"title":"Roberto Budicin - Snow in the Karst - SVETSLIK.SI - 100% ru\u010dno naslikano","description":"Roberto Budicin - Snow in the Karst - 100 % ru\u010dno naslikane umjetni\u010dke zidne slike na platnu. Prodaja reprodukcija poznatih slikara, izrada slika po naru\u0111bi i okviri za slike.","robots":{"index":"index","follow":"follow","max-snippet":"max-snippet:-1","max-image-preview":"max-image-preview:large","max-video-preview":"max-video-preview:-1"},"canonical":"https:\/\/svetslik.si\/hr\/roberto-budicin\/roberto-budicin-snow-in-the-karst\/","og_locale":"hr_HR","og_type":"article","og_title":"Roberto Budicin - Snow in the Karst","og_description":"100% ro\u010dno naslikane slike na platnu, reprodukcije znanih slikarjev in umetni\u0161ke slike po naro\u010dilu.","og_url":"https:\/\/svetslik.si\/hr\/roberto-budicin\/roberto-budicin-snow-in-the-karst\/","og_site_name":"SVETSLIK.SI","article_publisher":"https:\/\/www.facebook.com\/svetslik.si","article_modified_time":"2026-03-22T12:50:28+00:00","og_image":[{"width":1500,"height":1052,"url":"https:\/\/svetslik.si\/wp-content\/uploads\/2026\/01\/12-Snow-in-the-Karst.jpg","type":"image\/jpeg"}],"twitter_card":"summary_large_image","twitter_site":"@svetslik","twitter_misc":{"Availability":"On backorder"},"schema":{"@context":"https:\/\/schema.org","@graph":[{"@type":["WebPage","ItemPage"],"@id":"https:\/\/svetslik.si\/hr\/roberto-budicin\/roberto-budicin-snow-in-the-karst\/","url":"https:\/\/svetslik.si\/hr\/roberto-budicin\/roberto-budicin-snow-in-the-karst\/","name":"Roberto Budicin - Snow in the Karst - SVETSLIK.SI - 100% ru\u010dno naslikano","isPartOf":{"@id":"https:\/\/svetslik.si\/hr\/#website"},"primaryImageOfPage":{"@id":"https:\/\/svetslik.si\/hr\/roberto-budicin\/roberto-budicin-snow-in-the-karst\/#primaryimage"},"image":{"@id":"https:\/\/svetslik.si\/hr\/roberto-budicin\/roberto-budicin-snow-in-the-karst\/#primaryimage"},"thumbnailUrl":"https:\/\/svetslik.si\/wp-content\/uploads\/2026\/01\/12-Snow-in-the-Karst.jpg","datePublished":"2026-01-31T22:06:58+00:00","dateModified":"2026-03-22T12:50:28+00:00","description":"Roberto Budicin - Snow in the Karst - 100 % ru\u010dno naslikane umjetni\u010dke zidne slike na platnu. Prodaja reprodukcija poznatih slikara, izrada slika po naru\u0111bi i okviri za slike.","breadcrumb":{"@id":"https:\/\/svetslik.si\/hr\/roberto-budicin\/roberto-budicin-snow-in-the-karst\/#breadcrumb"},"inLanguage":"hr","potentialAction":[{"@type":"ReadAction","target":["https:\/\/svetslik.si\/hr\/roberto-budicin\/roberto-budicin-snow-in-the-karst\/"]}]},{"@type":"ImageObject","inLanguage":"hr","@id":"https:\/\/svetslik.si\/hr\/roberto-budicin\/roberto-budicin-snow-in-the-karst\/#primaryimage","url":"https:\/\/svetslik.si\/wp-content\/uploads\/2026\/01\/12-Snow-in-the-Karst.jpg","contentUrl":"https:\/\/svetslik.si\/wp-content\/uploads\/2026\/01\/12-Snow-in-the-Karst.jpg","width":1500,"height":1052,"caption":"Moderne slike za zid - ZEN Kameni (Copy) (Copy) (Copy) (Copy) (Copy) (Copy) (Copy) (Copy) (Copy) (Copy) (Copy) (Copy) (Copy)"},{"@type":"BreadcrumbList","@id":"https:\/\/svetslik.si\/hr\/roberto-budicin\/roberto-budicin-snow-in-the-karst\/#breadcrumb","itemListElement":[{"@type":"ListItem","position":1,"name":"Umjetni\u010dke zidne slike na platnu","item":"https:\/\/svetslik.si\/hr\/"},{"@type":"ListItem","position":2,"name":"Prodaja slika","item":"https:\/\/svetslik.si\/prodaja-slik\/"},{"@type":"ListItem","position":3,"name":"Roberto Budicin &#8211; Snow in the Karst"}]},{"@type":"WebSite","@id":"https:\/\/svetslik.si\/hr\/#website","url":"https:\/\/svetslik.si\/hr\/","name":"SVETSLIK.SI","description":"100% ru\u010dno naslikane reprodukcije slika poznatih slikara in umjetni\u010dke zidne slike na platnu.","publisher":{"@id":"https:\/\/svetslik.si\/hr\/#organization"},"potentialAction":[{"@type":"SearchAction","target":{"@type":"EntryPoint","urlTemplate":"https:\/\/svetslik.si\/hr\/?s={search_term_string}"},"query-input":{"@type":"PropertyValueSpecification","valueRequired":true,"valueName":"search_term_string"}}],"inLanguage":"hr"},{"@type":"Organization","@id":"https:\/\/svetslik.si\/hr\/#organization","name":"SvetSlik.si","url":"https:\/\/svetslik.si\/hr\/","logo":{"@type":"ImageObject","inLanguage":"hr","@id":"https:\/\/svetslik.si\/hr\/#\/schema\/logo\/image\/","url":"https:\/\/svetslik.si\/wp-content\/uploads\/2020\/12\/logo-512.png","contentUrl":"https:\/\/svetslik.si\/wp-content\/uploads\/2020\/12\/logo-512.png","width":512,"height":512,"caption":"SvetSlik.si"},"image":{"@id":"https:\/\/svetslik.si\/hr\/#\/schema\/logo\/image\/"},"sameAs":["https:\/\/www.facebook.com\/svetslik.si","https:\/\/x.com\/svetslik","https:\/\/www.instagram.com\/svetslik.si\/","https:\/\/www.linkedin.com\/company\/svetslik-si"]}]},"og_availability":"backorder","product_availability":"available for order","product_retailer_item_id":"649__-1-1-1-1-1-2-1-3-1-1-1-1-1-1","product_condition":"new"},"jetpack_sharing_enabled":true,"_links":{"self":[{"href":"https:\/\/svetslik.si\/hr\/wp-json\/wp\/v2\/product\/114332","targetHints":{"allow":["GET"]}}],"collection":[{"href":"https:\/\/svetslik.si\/hr\/wp-json\/wp\/v2\/product"}],"about":[{"href":"https:\/\/svetslik.si\/hr\/wp-json\/wp\/v2\/types\/product"}],"wp:featuredmedia":[{"embeddable":true,"href":"https:\/\/svetslik.si\/hr\/wp-json\/wp\/v2\/media\/114345"}],"wp:attachment":[{"href":"https:\/\/svetslik.si\/hr\/wp-json\/wp\/v2\/media?parent=114332"}],"wp:term":[{"taxonomy":"product_brand","embeddable":true,"href":"https:\/\/svetslik.si\/hr\/wp-json\/wp\/v2\/product_brand?post=114332"},{"taxonomy":"product_cat","embeddable":true,"href":"https:\/\/svetslik.si\/hr\/wp-json\/wp\/v2\/product_cat?post=114332"},{"taxonomy":"product_tag","embeddable":true,"href":"https:\/\/svetslik.si\/hr\/wp-json\/wp\/v2\/product_tag?post=114332"}],"curies":[{"name":"wp","href":"https:\/\/api.w.org\/{rel}","templated":true}]}}