{"id":114574,"date":"2026-02-10T18:56:13","date_gmt":"2026-02-10T17:56:13","guid":{"rendered":"https:\/\/svetslik.si\/?post_type=product&#038;p=114574"},"modified":"2026-02-24T11:41:03","modified_gmt":"2026-02-24T10:41:03","slug":"slike-za-zid-e400","status":"publish","type":"product","link":"https:\/\/svetslik.si\/hr\/slike-na-platnu-jednodijelne\/slike-za-zid-e400\/","title":{"rendered":"Slike za zid &#8211; E400"},"content":{"rendered":"<div class=\"wpb-content-wrapper\">[vc_row css=&#8221;.vc_custom_1719477861596{margin-bottom: 15px !important;}&#8221;][vc_column]\t<div class=\"et-image-442 et-image     et_image_link\">\n\t\t<div class=\"et-image-inner \">\n\t\t\t\t\t\t\t<div class=\"et-image-thumb \">\n\t\t\t\t\t<img decoding=\"async\" width=\"1500\" height=\"1869\" src=\"https:\/\/svetslik.si\/wp-content\/uploads\/2026\/02\/umetniska-slika-e4002.webp\" class=\"attachment-full\" alt=\"Slike za zid - E400\" title=\"Slike za zid - E400\" srcset=\"https:\/\/svetslik.si\/wp-content\/uploads\/2026\/02\/umetniska-slika-e4002.webp 1500w, https:\/\/svetslik.si\/wp-content\/uploads\/2026\/02\/umetniska-slika-e4002-241x300.webp 241w, https:\/\/svetslik.si\/wp-content\/uploads\/2026\/02\/umetniska-slika-e4002-822x1024.webp 822w, https:\/\/svetslik.si\/wp-content\/uploads\/2026\/02\/umetniska-slika-e4002-768x957.webp 768w, https:\/\/svetslik.si\/wp-content\/uploads\/2026\/02\/umetniska-slika-e4002-1233x1536.webp 1233w, https:\/\/svetslik.si\/wp-content\/uploads\/2026\/02\/umetniska-slika-e4002-120x150.webp 120w, https:\/\/svetslik.si\/wp-content\/uploads\/2026\/02\/umetniska-slika-e4002-600x748.webp 600w, https:\/\/svetslik.si\/wp-content\/uploads\/2026\/02\/umetniska-slika-e4002-1200x1495.webp 1200w\" sizes=\"(max-width: 1500px) 100vw, 1500px\" \/>\t\t\t\t<\/div>\n\t\t\t\t\t\t\t\t\t\t\t<\/div>\n\t<\/div>\n  [\/vc_column][\/vc_row][vc_row css=&#8221;.vc_custom_1719477861596{margin-bottom: 15px !important;}&#8221;][vc_column]\t<div class=\"et-image-889 et-image     et_image_link\">\n\t\t<div class=\"et-image-inner \">\n\t\t\t\t\t\t\t<div class=\"et-image-thumb \">\n\t\t\t\t\t<img decoding=\"async\" width=\"1500\" height=\"2099\" src=\"https:\/\/svetslik.si\/wp-content\/uploads\/2026\/02\/umetniska-slika-e400-1.webp\" class=\"attachment-full\" alt=\"umetniska slika e400\" title=\"Slike za zid - E400\" srcset=\"https:\/\/svetslik.si\/wp-content\/uploads\/2026\/02\/umetniska-slika-e400-1.webp 1500w, https:\/\/svetslik.si\/wp-content\/uploads\/2026\/02\/umetniska-slika-e400-1-214x300.webp 214w, https:\/\/svetslik.si\/wp-content\/uploads\/2026\/02\/umetniska-slika-e400-1-732x1024.webp 732w, https:\/\/svetslik.si\/wp-content\/uploads\/2026\/02\/umetniska-slika-e400-1-768x1075.webp 768w, https:\/\/svetslik.si\/wp-content\/uploads\/2026\/02\/umetniska-slika-e400-1-1098x1536.webp 1098w, https:\/\/svetslik.si\/wp-content\/uploads\/2026\/02\/umetniska-slika-e400-1-1464x2048.webp 1464w, https:\/\/svetslik.si\/wp-content\/uploads\/2026\/02\/umetniska-slika-e400-1-107x150.webp 107w, https:\/\/svetslik.si\/wp-content\/uploads\/2026\/02\/umetniska-slika-e400-1-600x840.webp 600w, https:\/\/svetslik.si\/wp-content\/uploads\/2026\/02\/umetniska-slika-e400-1-1200x1679.webp 1200w\" sizes=\"(max-width: 1500px) 100vw, 1500px\" \/>\t\t\t\t<\/div>\n\t\t\t\t\t\t\t\t\t\t\t<\/div>\n\t<\/div>\n  [\/vc_column][\/vc_row][vc_row css=&#8221;.vc_custom_1719477861596{margin-bottom: 15px !important;}&#8221;][vc_column]\t<div class=\"et-image-782 et-image     et_image_link\">\n\t\t<div class=\"et-image-inner \">\n\t\t\t\t\t\t\t<div class=\"et-image-thumb \">\n\t\t\t\t\t<img decoding=\"async\" width=\"1500\" height=\"2048\" src=\"https:\/\/svetslik.si\/wp-content\/uploads\/2026\/02\/umetniska-slika-e400-3.webp\" class=\"attachment-full\" alt=\"umetniska slika e400\" title=\"Slike za zid - E400\" srcset=\"https:\/\/svetslik.si\/wp-content\/uploads\/2026\/02\/umetniska-slika-e400-3.webp 1500w, https:\/\/svetslik.si\/wp-content\/uploads\/2026\/02\/umetniska-slika-e400-3-220x300.webp 220w, https:\/\/svetslik.si\/wp-content\/uploads\/2026\/02\/umetniska-slika-e400-3-750x1024.webp 750w, https:\/\/svetslik.si\/wp-content\/uploads\/2026\/02\/umetniska-slika-e400-3-768x1049.webp 768w, https:\/\/svetslik.si\/wp-content\/uploads\/2026\/02\/umetniska-slika-e400-3-1125x1536.webp 1125w, https:\/\/svetslik.si\/wp-content\/uploads\/2026\/02\/umetniska-slika-e400-3-110x150.webp 110w, https:\/\/svetslik.si\/wp-content\/uploads\/2026\/02\/umetniska-slika-e400-3-600x819.webp 600w, https:\/\/svetslik.si\/wp-content\/uploads\/2026\/02\/umetniska-slika-e400-3-1200x1638.webp 1200w\" sizes=\"(max-width: 1500px) 100vw, 1500px\" \/>\t\t\t\t<\/div>\n\t\t\t\t\t\t\t\t\t\t\t<\/div>\n\t<\/div>\n  [\/vc_column][\/vc_row][vc_row css=&#8221;.vc_custom_1719477861596{margin-bottom: 15px !important;}&#8221;][vc_column]\t<div class=\"et-image-286 et-image     et_image_link\">\n\t\t<div class=\"et-image-inner \">\n\t\t\t\t\t\t\t<div class=\"et-image-thumb \">\n\t\t\t\t\t<img decoding=\"async\" width=\"1500\" height=\"2000\" src=\"https:\/\/svetslik.si\/wp-content\/uploads\/2026\/02\/umetniska-slika-e400-4.webp\" class=\"attachment-full\" alt=\"umetniska slika e400\" title=\"Slike za zid - E400\" srcset=\"https:\/\/svetslik.si\/wp-content\/uploads\/2026\/02\/umetniska-slika-e400-4.webp 1500w, https:\/\/svetslik.si\/wp-content\/uploads\/2026\/02\/umetniska-slika-e400-4-225x300.webp 225w, https:\/\/svetslik.si\/wp-content\/uploads\/2026\/02\/umetniska-slika-e400-4-768x1024.webp 768w, https:\/\/svetslik.si\/wp-content\/uploads\/2026\/02\/umetniska-slika-e400-4-1152x1536.webp 1152w, https:\/\/svetslik.si\/wp-content\/uploads\/2026\/02\/umetniska-slika-e400-4-113x150.webp 113w, https:\/\/svetslik.si\/wp-content\/uploads\/2026\/02\/umetniska-slika-e400-4-600x800.webp 600w, https:\/\/svetslik.si\/wp-content\/uploads\/2026\/02\/umetniska-slika-e400-4-1200x1600.webp 1200w\" sizes=\"(max-width: 1500px) 100vw, 1500px\" \/>\t\t\t\t<\/div>\n\t\t\t\t\t\t\t\t\t\t\t<\/div>\n\t<\/div>\n  [\/vc_column][\/vc_row]\n<\/div>","protected":false},"excerpt":{"rendered":"<p>[vc_row css=&#8221;.vc_custom_1719477861596{margin-bottom: 15px !important;}&#8221;][vc_column][\/vc_column][\/vc_row][vc_row css=&#8221;.vc_custom_1719477861596{margin-bottom: 15px !important;}&#8221;][vc_column][\/vc_column][\/vc_row][vc_row css=&#8221;.vc_custom_1719477861596{margin-bottom: 15px !important;}&#8221;][vc_column][\/vc_column][\/vc_row][vc_row css=&#8221;.vc_custom_1719477861596{margin-bottom: 15px !important;}&#8221;][vc_column][\/vc_column][\/vc_row]<\/p>\n","protected":false},"featured_media":114596,"template":"","meta":{"_acf_changed":false},"product_brand":[],"product_cat":[3384],"product_tag":[3399,3405,3413,3408,3409,3412,3410,3411,3400,3416,3414,3415],"class_list":{"0":"post-114574","1":"product","2":"type-product","3":"status-publish","4":"has-post-thumbnail","6":"product_cat-slike-na-platnu-jednodijelne","7":"product_tag-apstraktne-slike","8":"product_tag-moderne-slike-hr","9":"product_tag-online-galerija","10":"product_tag-prodaja-slika","11":"product_tag-slike-na-platnu-hr","12":"product_tag-slike-za-dnevni-boravak-hr","13":"product_tag-slike-za-dnevni-boravak","14":"product_tag-slike-za-zid","15":"product_tag-ukrasne-slike","16":"product_tag-umjetnicke-slike","17":"product_tag-zidna-dekoracija","18":"product_tag-zidne-slike","19":"pa_dimenzija-100-x-140-cm","20":"pa_dimenzija-40-x-60-cm","21":"pa_dimenzija-60-x-80-cm","22":"pa_dimenzija-80-x-110-cm","23":"pa_oblika-okomito","24":"pa_okvir-bez-okvira","25":"pa_podokvir-bez-podokvira","26":"pa_podokvir-sa-podokvirom","28":"first","29":"instock","30":"purchasable","31":"product-type-variable","32":"has-default-attributes"},"acf":[],"yoast_head":"<!-- This site is optimized with the Yoast SEO Premium plugin v26.0 (Yoast SEO v27.2) - https:\/\/yoast.com\/product\/yoast-seo-premium-wordpress\/ -->\n<title>Slike za zid - E400 - SVETSLIK.SI - 100% ru\u010dno naslikano<\/title>\n<meta name=\"description\" content=\"Slike za zid - E400 - 100 % ru\u010dno naslikane umjetni\u010dke zidne slike na platnu. Prodaja reprodukcija poznatih slikara, izrada slika po naru\u0111bi i okviri za slike.\" \/>\n<meta name=\"robots\" content=\"index, follow, max-snippet:-1, max-image-preview:large, max-video-preview:-1\" \/>\n<link rel=\"canonical\" href=\"https:\/\/svetslik.si\/hr\/slike-na-platnu-jednodijelne\/slike-za-zid-e400\/\" \/>\n<meta property=\"og:locale\" content=\"hr_HR\" \/>\n<meta property=\"og:type\" content=\"article\" \/>\n<meta property=\"og:title\" content=\"Slike za zid - E400\" \/>\n<meta property=\"og:description\" content=\"100% ro\u010dno naslikane slike na platnu, reprodukcije znanih slikarjev in umetni\u0161ke slike po naro\u010dilu.\" \/>\n<meta property=\"og:url\" content=\"https:\/\/svetslik.si\/hr\/slike-na-platnu-jednodijelne\/slike-za-zid-e400\/\" \/>\n<meta property=\"og:site_name\" content=\"SVETSLIK.SI\" \/>\n<meta property=\"article:publisher\" content=\"https:\/\/www.facebook.com\/svetslik.si\" \/>\n<meta property=\"article:modified_time\" content=\"2026-02-24T10:41:03+00:00\" \/>\n<meta property=\"og:image\" content=\"https:\/\/svetslik.si\/wp-content\/uploads\/2026\/02\/umetniska-slika-e400.webp\" \/>\n\t<meta property=\"og:image:width\" content=\"1452\" \/>\n\t<meta property=\"og:image:height\" content=\"1994\" \/>\n\t<meta property=\"og:image:type\" content=\"image\/webp\" \/>\n<meta name=\"twitter:card\" content=\"summary_large_image\" \/>\n<meta name=\"twitter:site\" content=\"@svetslik\" \/>\n<meta name=\"twitter:label1\" content=\"Availability\" \/>\n\t<meta name=\"twitter:data1\" content=\"Na zalihi\" \/>\n<script type=\"application\/ld+json\" class=\"yoast-schema-graph\">{\"@context\":\"https:\/\/schema.org\",\"@graph\":[{\"@type\":[\"WebPage\",\"ItemPage\"],\"@id\":\"https:\/\/svetslik.si\/hr\/slike-na-platnu-jednodijelne\/slike-za-zid-e400\/\",\"url\":\"https:\/\/svetslik.si\/hr\/slike-na-platnu-jednodijelne\/slike-za-zid-e400\/\",\"name\":\"Slike za zid - E400 - SVETSLIK.SI - 100% ru\u010dno naslikano\",\"isPartOf\":{\"@id\":\"https:\/\/svetslik.si\/hr\/#website\"},\"primaryImageOfPage\":{\"@id\":\"https:\/\/svetslik.si\/hr\/slike-na-platnu-jednodijelne\/slike-za-zid-e400\/#primaryimage\"},\"image\":{\"@id\":\"https:\/\/svetslik.si\/hr\/slike-na-platnu-jednodijelne\/slike-za-zid-e400\/#primaryimage\"},\"thumbnailUrl\":\"https:\/\/svetslik.si\/wp-content\/uploads\/2026\/02\/umetniska-slika-e400.webp\",\"datePublished\":\"2026-02-10T17:56:13+00:00\",\"dateModified\":\"2026-02-24T10:41:03+00:00\",\"description\":\"Slike za zid - E400 - 100 % ru\u010dno naslikane umjetni\u010dke zidne slike na platnu. Prodaja reprodukcija poznatih slikara, izrada slika po naru\u0111bi i okviri za slike.\",\"breadcrumb\":{\"@id\":\"https:\/\/svetslik.si\/hr\/slike-na-platnu-jednodijelne\/slike-za-zid-e400\/#breadcrumb\"},\"inLanguage\":\"hr\",\"potentialAction\":[{\"@type\":\"ReadAction\",\"target\":[\"https:\/\/svetslik.si\/hr\/slike-na-platnu-jednodijelne\/slike-za-zid-e400\/\"]}]},{\"@type\":\"ImageObject\",\"inLanguage\":\"hr\",\"@id\":\"https:\/\/svetslik.si\/hr\/slike-na-platnu-jednodijelne\/slike-za-zid-e400\/#primaryimage\",\"url\":\"https:\/\/svetslik.si\/wp-content\/uploads\/2026\/02\/umetniska-slika-e400.webp\",\"contentUrl\":\"https:\/\/svetslik.si\/wp-content\/uploads\/2026\/02\/umetniska-slika-e400.webp\",\"width\":1452,\"height\":1994,\"caption\":\"umetni\u010dka slika e400\"},{\"@type\":\"BreadcrumbList\",\"@id\":\"https:\/\/svetslik.si\/hr\/slike-na-platnu-jednodijelne\/slike-za-zid-e400\/#breadcrumb\",\"itemListElement\":[{\"@type\":\"ListItem\",\"position\":1,\"name\":\"Umjetni\u010dke zidne slike na platnu\",\"item\":\"https:\/\/svetslik.si\/hr\/\"},{\"@type\":\"ListItem\",\"position\":2,\"name\":\"Prodaja slika\",\"item\":\"https:\/\/svetslik.si\/prodaja-slik\/\"},{\"@type\":\"ListItem\",\"position\":3,\"name\":\"Slike za zid &#8211; E400\"}]},{\"@type\":\"WebSite\",\"@id\":\"https:\/\/svetslik.si\/hr\/#website\",\"url\":\"https:\/\/svetslik.si\/hr\/\",\"name\":\"SVETSLIK.SI\",\"description\":\"100% ru\u010dno naslikane reprodukcije slika poznatih slikara in umjetni\u010dke zidne slike na platnu.\",\"publisher\":{\"@id\":\"https:\/\/svetslik.si\/hr\/#organization\"},\"potentialAction\":[{\"@type\":\"SearchAction\",\"target\":{\"@type\":\"EntryPoint\",\"urlTemplate\":\"https:\/\/svetslik.si\/hr\/?s={search_term_string}\"},\"query-input\":{\"@type\":\"PropertyValueSpecification\",\"valueRequired\":true,\"valueName\":\"search_term_string\"}}],\"inLanguage\":\"hr\"},{\"@type\":\"Organization\",\"@id\":\"https:\/\/svetslik.si\/hr\/#organization\",\"name\":\"SvetSlik.si\",\"url\":\"https:\/\/svetslik.si\/hr\/\",\"logo\":{\"@type\":\"ImageObject\",\"inLanguage\":\"hr\",\"@id\":\"https:\/\/svetslik.si\/hr\/#\/schema\/logo\/image\/\",\"url\":\"https:\/\/svetslik.si\/wp-content\/uploads\/2020\/12\/logo-512.png\",\"contentUrl\":\"https:\/\/svetslik.si\/wp-content\/uploads\/2020\/12\/logo-512.png\",\"width\":512,\"height\":512,\"caption\":\"SvetSlik.si\"},\"image\":{\"@id\":\"https:\/\/svetslik.si\/hr\/#\/schema\/logo\/image\/\"},\"sameAs\":[\"https:\/\/www.facebook.com\/svetslik.si\",\"https:\/\/x.com\/svetslik\",\"https:\/\/www.instagram.com\/svetslik.si\/\",\"https:\/\/www.linkedin.com\/company\/svetslik-si\"]}]}<\/script>\n<meta property=\"og:availability\" content=\"instock\" \/>\n<meta property=\"product:availability\" content=\"instock\" \/>\n<meta property=\"product:retailer_item_id\" content=\"996__-1\" \/>\n<meta property=\"product:condition\" content=\"new\" \/>\n<!-- \/ Yoast SEO Premium plugin. -->","yoast_head_json":{"title":"Slike za zid - E400 - SVETSLIK.SI - 100% ru\u010dno naslikano","description":"Slike za zid - E400 - 100 % ru\u010dno naslikane umjetni\u010dke zidne slike na platnu. Prodaja reprodukcija poznatih slikara, izrada slika po naru\u0111bi i okviri za slike.","robots":{"index":"index","follow":"follow","max-snippet":"max-snippet:-1","max-image-preview":"max-image-preview:large","max-video-preview":"max-video-preview:-1"},"canonical":"https:\/\/svetslik.si\/hr\/slike-na-platnu-jednodijelne\/slike-za-zid-e400\/","og_locale":"hr_HR","og_type":"article","og_title":"Slike za zid - E400","og_description":"100% ro\u010dno naslikane slike na platnu, reprodukcije znanih slikarjev in umetni\u0161ke slike po naro\u010dilu.","og_url":"https:\/\/svetslik.si\/hr\/slike-na-platnu-jednodijelne\/slike-za-zid-e400\/","og_site_name":"SVETSLIK.SI","article_publisher":"https:\/\/www.facebook.com\/svetslik.si","article_modified_time":"2026-02-24T10:41:03+00:00","og_image":[{"width":1452,"height":1994,"url":"https:\/\/svetslik.si\/wp-content\/uploads\/2026\/02\/umetniska-slika-e400.webp","type":"image\/webp"}],"twitter_card":"summary_large_image","twitter_site":"@svetslik","twitter_misc":{"Availability":"Na zalihi"},"schema":{"@context":"https:\/\/schema.org","@graph":[{"@type":["WebPage","ItemPage"],"@id":"https:\/\/svetslik.si\/hr\/slike-na-platnu-jednodijelne\/slike-za-zid-e400\/","url":"https:\/\/svetslik.si\/hr\/slike-na-platnu-jednodijelne\/slike-za-zid-e400\/","name":"Slike za zid - E400 - SVETSLIK.SI - 100% ru\u010dno naslikano","isPartOf":{"@id":"https:\/\/svetslik.si\/hr\/#website"},"primaryImageOfPage":{"@id":"https:\/\/svetslik.si\/hr\/slike-na-platnu-jednodijelne\/slike-za-zid-e400\/#primaryimage"},"image":{"@id":"https:\/\/svetslik.si\/hr\/slike-na-platnu-jednodijelne\/slike-za-zid-e400\/#primaryimage"},"thumbnailUrl":"https:\/\/svetslik.si\/wp-content\/uploads\/2026\/02\/umetniska-slika-e400.webp","datePublished":"2026-02-10T17:56:13+00:00","dateModified":"2026-02-24T10:41:03+00:00","description":"Slike za zid - E400 - 100 % ru\u010dno naslikane umjetni\u010dke zidne slike na platnu. Prodaja reprodukcija poznatih slikara, izrada slika po naru\u0111bi i okviri za slike.","breadcrumb":{"@id":"https:\/\/svetslik.si\/hr\/slike-na-platnu-jednodijelne\/slike-za-zid-e400\/#breadcrumb"},"inLanguage":"hr","potentialAction":[{"@type":"ReadAction","target":["https:\/\/svetslik.si\/hr\/slike-na-platnu-jednodijelne\/slike-za-zid-e400\/"]}]},{"@type":"ImageObject","inLanguage":"hr","@id":"https:\/\/svetslik.si\/hr\/slike-na-platnu-jednodijelne\/slike-za-zid-e400\/#primaryimage","url":"https:\/\/svetslik.si\/wp-content\/uploads\/2026\/02\/umetniska-slika-e400.webp","contentUrl":"https:\/\/svetslik.si\/wp-content\/uploads\/2026\/02\/umetniska-slika-e400.webp","width":1452,"height":1994,"caption":"umetni\u010dka slika e400"},{"@type":"BreadcrumbList","@id":"https:\/\/svetslik.si\/hr\/slike-na-platnu-jednodijelne\/slike-za-zid-e400\/#breadcrumb","itemListElement":[{"@type":"ListItem","position":1,"name":"Umjetni\u010dke zidne slike na platnu","item":"https:\/\/svetslik.si\/hr\/"},{"@type":"ListItem","position":2,"name":"Prodaja slika","item":"https:\/\/svetslik.si\/prodaja-slik\/"},{"@type":"ListItem","position":3,"name":"Slike za zid &#8211; E400"}]},{"@type":"WebSite","@id":"https:\/\/svetslik.si\/hr\/#website","url":"https:\/\/svetslik.si\/hr\/","name":"SVETSLIK.SI","description":"100% ru\u010dno naslikane reprodukcije slika poznatih slikara in umjetni\u010dke zidne slike na platnu.","publisher":{"@id":"https:\/\/svetslik.si\/hr\/#organization"},"potentialAction":[{"@type":"SearchAction","target":{"@type":"EntryPoint","urlTemplate":"https:\/\/svetslik.si\/hr\/?s={search_term_string}"},"query-input":{"@type":"PropertyValueSpecification","valueRequired":true,"valueName":"search_term_string"}}],"inLanguage":"hr"},{"@type":"Organization","@id":"https:\/\/svetslik.si\/hr\/#organization","name":"SvetSlik.si","url":"https:\/\/svetslik.si\/hr\/","logo":{"@type":"ImageObject","inLanguage":"hr","@id":"https:\/\/svetslik.si\/hr\/#\/schema\/logo\/image\/","url":"https:\/\/svetslik.si\/wp-content\/uploads\/2020\/12\/logo-512.png","contentUrl":"https:\/\/svetslik.si\/wp-content\/uploads\/2020\/12\/logo-512.png","width":512,"height":512,"caption":"SvetSlik.si"},"image":{"@id":"https:\/\/svetslik.si\/hr\/#\/schema\/logo\/image\/"},"sameAs":["https:\/\/www.facebook.com\/svetslik.si","https:\/\/x.com\/svetslik","https:\/\/www.instagram.com\/svetslik.si\/","https:\/\/www.linkedin.com\/company\/svetslik-si"]}]},"og_availability":"instock","product_availability":"instock","product_retailer_item_id":"996__-1","product_condition":"new"},"jetpack_sharing_enabled":true,"_links":{"self":[{"href":"https:\/\/svetslik.si\/hr\/wp-json\/wp\/v2\/product\/114574","targetHints":{"allow":["GET"]}}],"collection":[{"href":"https:\/\/svetslik.si\/hr\/wp-json\/wp\/v2\/product"}],"about":[{"href":"https:\/\/svetslik.si\/hr\/wp-json\/wp\/v2\/types\/product"}],"wp:featuredmedia":[{"embeddable":true,"href":"https:\/\/svetslik.si\/hr\/wp-json\/wp\/v2\/media\/114596"}],"wp:attachment":[{"href":"https:\/\/svetslik.si\/hr\/wp-json\/wp\/v2\/media?parent=114574"}],"wp:term":[{"taxonomy":"product_brand","embeddable":true,"href":"https:\/\/svetslik.si\/hr\/wp-json\/wp\/v2\/product_brand?post=114574"},{"taxonomy":"product_cat","embeddable":true,"href":"https:\/\/svetslik.si\/hr\/wp-json\/wp\/v2\/product_cat?post=114574"},{"taxonomy":"product_tag","embeddable":true,"href":"https:\/\/svetslik.si\/hr\/wp-json\/wp\/v2\/product_tag?post=114574"}],"curies":[{"name":"wp","href":"https:\/\/api.w.org\/{rel}","templated":true}]}}