{"id":117080,"date":"2026-03-21T12:22:41","date_gmt":"2026-03-21T11:22:41","guid":{"rendered":"https:\/\/svetslik.si\/?post_type=product&#038;p=117080"},"modified":"2026-04-14T13:41:11","modified_gmt":"2026-04-14T11:41:11","slug":"slike-na-platnu-e422","status":"publish","type":"product","link":"https:\/\/svetslik.si\/hr\/slike-na-platnu-jednodijelne\/slike-na-platnu-e422\/","title":{"rendered":"Slike na platnu &#8211; E422"},"content":{"rendered":"<div class=\"wpb-content-wrapper\">[vc_row css=&#8221;.vc_custom_1774091421264{margin-bottom: 10px !important;}&#8221;][vc_column]\t<div class=\"et-image-492 et-image     et_image_link\">\n\t\t<div class=\"et-image-inner \">\n\t\t\t\t\t\t\t<div class=\"et-image-thumb \">\n\t\t\t\t\t<img decoding=\"async\" width=\"1500\" height=\"1401\" src=\"https:\/\/svetslik.si\/wp-content\/uploads\/2026\/03\/moderne-slike-E422.jpg\" class=\"attachment-full\" alt=\"moderne slike E422\" title=\"moderne slike E422\" srcset=\"https:\/\/svetslik.si\/wp-content\/uploads\/2026\/03\/moderne-slike-E422.jpg 1500w, https:\/\/svetslik.si\/wp-content\/uploads\/2026\/03\/moderne-slike-E422-300x280.jpg 300w, https:\/\/svetslik.si\/wp-content\/uploads\/2026\/03\/moderne-slike-E422-1024x956.jpg 1024w, https:\/\/svetslik.si\/wp-content\/uploads\/2026\/03\/moderne-slike-E422-768x717.jpg 768w, https:\/\/svetslik.si\/wp-content\/uploads\/2026\/03\/moderne-slike-E422-150x140.jpg 150w, https:\/\/svetslik.si\/wp-content\/uploads\/2026\/03\/moderne-slike-E422-600x560.jpg 600w, https:\/\/svetslik.si\/wp-content\/uploads\/2026\/03\/moderne-slike-E422-1200x1121.jpg 1200w\" sizes=\"(max-width: 1500px) 100vw, 1500px\" \/>\t\t\t\t<\/div>\n\t\t\t\t\t\t\t\t\t\t\t<\/div>\n\t<\/div>\n  [\/vc_column][\/vc_row][vc_row css=&#8221;.vc_custom_1774091421264{margin-bottom: 10px !important;}&#8221;][vc_column]\t<div class=\"et-image-460 et-image     et_image_link\">\n\t\t<div class=\"et-image-inner \">\n\t\t\t\t\t\t\t<div class=\"et-image-thumb \">\n\t\t\t\t\t<img decoding=\"async\" width=\"1500\" height=\"1539\" src=\"https:\/\/svetslik.si\/wp-content\/uploads\/2026\/03\/moderne-slike-E422v.jpg\" class=\"attachment-full\" alt=\"moderne slike E422\" title=\"moderne slike E422v\" srcset=\"https:\/\/svetslik.si\/wp-content\/uploads\/2026\/03\/moderne-slike-E422v.jpg 1500w, https:\/\/svetslik.si\/wp-content\/uploads\/2026\/03\/moderne-slike-E422v-292x300.jpg 292w, https:\/\/svetslik.si\/wp-content\/uploads\/2026\/03\/moderne-slike-E422v-998x1024.jpg 998w, https:\/\/svetslik.si\/wp-content\/uploads\/2026\/03\/moderne-slike-E422v-768x788.jpg 768w, https:\/\/svetslik.si\/wp-content\/uploads\/2026\/03\/moderne-slike-E422v-1497x1536.jpg 1497w, https:\/\/svetslik.si\/wp-content\/uploads\/2026\/03\/moderne-slike-E422v-146x150.jpg 146w, https:\/\/svetslik.si\/wp-content\/uploads\/2026\/03\/moderne-slike-E422v-600x616.jpg 600w, https:\/\/svetslik.si\/wp-content\/uploads\/2026\/03\/moderne-slike-E422v-1200x1231.jpg 1200w\" sizes=\"(max-width: 1500px) 100vw, 1500px\" \/>\t\t\t\t<\/div>\n\t\t\t\t\t\t\t\t\t\t\t<\/div>\n\t<\/div>\n  [\/vc_column][\/vc_row][vc_row css=&#8221;.vc_custom_1774091421264{margin-bottom: 10px !important;}&#8221;][vc_column]\t<div class=\"et-image-444 et-image     et_image_link\">\n\t\t<div class=\"et-image-inner \">\n\t\t\t\t\t\t\t<div class=\"et-image-thumb \">\n\t\t\t\t\t<img decoding=\"async\" width=\"1500\" height=\"1816\" src=\"https:\/\/svetslik.si\/wp-content\/uploads\/2026\/03\/moderne-slike-E422-c.jpg\" class=\"attachment-full\" alt=\"moderne slike E422\" title=\"moderne slike E422 c\" srcset=\"https:\/\/svetslik.si\/wp-content\/uploads\/2026\/03\/moderne-slike-E422-c.jpg 1500w, https:\/\/svetslik.si\/wp-content\/uploads\/2026\/03\/moderne-slike-E422-c-248x300.jpg 248w, https:\/\/svetslik.si\/wp-content\/uploads\/2026\/03\/moderne-slike-E422-c-846x1024.jpg 846w, https:\/\/svetslik.si\/wp-content\/uploads\/2026\/03\/moderne-slike-E422-c-768x930.jpg 768w, https:\/\/svetslik.si\/wp-content\/uploads\/2026\/03\/moderne-slike-E422-c-1269x1536.jpg 1269w, https:\/\/svetslik.si\/wp-content\/uploads\/2026\/03\/moderne-slike-E422-c-124x150.jpg 124w, https:\/\/svetslik.si\/wp-content\/uploads\/2026\/03\/moderne-slike-E422-c-600x726.jpg 600w, https:\/\/svetslik.si\/wp-content\/uploads\/2026\/03\/moderne-slike-E422-c-1200x1453.jpg 1200w\" sizes=\"(max-width: 1500px) 100vw, 1500px\" \/>\t\t\t\t<\/div>\n\t\t\t\t\t\t\t\t\t\t\t<\/div>\n\t<\/div>\n  [\/vc_column][\/vc_row][vc_row css=&#8221;.vc_custom_1774091421264{margin-bottom: 10px !important;}&#8221;][vc_column]\t<div class=\"et-image-853 et-image     et_image_link\">\n\t\t<div class=\"et-image-inner \">\n\t\t\t\t\t\t\t<div class=\"et-image-thumb \">\n\t\t\t\t\t<img decoding=\"async\" width=\"1500\" height=\"1125\" src=\"https:\/\/svetslik.si\/wp-content\/uploads\/2026\/03\/moderne-slike-E422r.webp\" class=\"attachment-full\" alt=\"moderne slike E422\" title=\"moderne slike E422r\" srcset=\"https:\/\/svetslik.si\/wp-content\/uploads\/2026\/03\/moderne-slike-E422r.webp 1500w, https:\/\/svetslik.si\/wp-content\/uploads\/2026\/03\/moderne-slike-E422r-300x225.webp 300w, https:\/\/svetslik.si\/wp-content\/uploads\/2026\/03\/moderne-slike-E422r-1024x768.webp 1024w, https:\/\/svetslik.si\/wp-content\/uploads\/2026\/03\/moderne-slike-E422r-768x576.webp 768w, https:\/\/svetslik.si\/wp-content\/uploads\/2026\/03\/moderne-slike-E422r-150x113.webp 150w, https:\/\/svetslik.si\/wp-content\/uploads\/2026\/03\/moderne-slike-E422r-600x450.webp 600w, https:\/\/svetslik.si\/wp-content\/uploads\/2026\/03\/moderne-slike-E422r-1200x900.webp 1200w\" sizes=\"(max-width: 1500px) 100vw, 1500px\" \/>\t\t\t\t<\/div>\n\t\t\t\t\t\t\t\t\t\t\t<\/div>\n\t<\/div>\n  [\/vc_column][\/vc_row][vc_row][vc_column][vc_column_text css=&#8221;&#8221;]Moderna slika na platnu E422 predstavlja dovr\u0161eno kombinacijo umetni\u0161ke izraze in sodobnega estetskega okusa. Ta ro\u010dno naslikana umetni\u0161ka slika na kakovostnem platnu je rezultat predanega umetnikovega dela, ki prena\u0161a bogato vizualno izku\u0161njo neposredno v va\u0161 prostor. Abstraktna kompozicija z dinami\u010dnimi barvnimi prehodoma in prefinjenimi detajli ustvari fascinantno vizualno prizori\u0161\u010de, ki privablja pogled in pritegne pozornost vsakega obiskovalca. Vsaka pote\u017ea \u010dopi\u010da je skrbno postavljena, da dosegne popolno harmonijo med barvami in strukturo. Slika na platnu E422 je idealna izbira za tiste, ki cenijo moderno umetnost in \u017eelijo svoj prostor obnoviti z nekoliko posebnega. Barve, ki jih je umetnik uporabil, se lep\u0161e razgrnejo v naravni svetlobi, pri \u010demer slika postane pravo \u017eari\u0161\u010de pogovora v dnevni sobi ali elegantnem hodniki. Ta moderna slika je primerna za razli\u010dne notranje prostore, od dnevne sobe do pisarne ali spalnice. Glede na va\u0161e preference in razpolo\u017eljivega prostora, je ta ro\u010dno naslikana umetni\u0161ka slika razpolo\u017eljiva v ve\u010d dimenzijah po naro\u010dilu. Dodatno ponujamo tudi izbiro razli\u010dnih okvirov, ki harmoni\u010dno dopolnijo va\u0161o izbiro in celoten videz prostora. Dekorativna slika na platnu E422 je edinstvena investicija v umetnost in lepoto va\u0161ega doma. Abstraktna slika, ki jo vidite na na\u0161em spletnem mestu, je 100% ro\u010dno naslikana na kakovostnem platnu z uporabo profesionalnih barv, ki zagotavljajo dolgo trajnost in obstojnost barv. \u010ce ste v iskanju slike na platnu, ki bo naredila razliko v va\u0161i notranjosti, je ta moderna umetni\u0161ka slika odli\u010den izbor. Izberite svojo idealno dimenzijo in podokvir ter naro\u010dite danes. Svetslik.si vam nudi izredno izbiro slik na platnu, ki so vse 100% ro\u010dno naslikane.[\/vc_column_text][\/vc_column][\/vc_row]\n<\/div>","protected":false},"excerpt":{"rendered":"<p>[vc_row css=&#8221;.vc_custom_1774091421264{margin-bottom: 10px !important;}&#8221;][vc_column][\/vc_column][\/vc_row][vc_row css=&#8221;.vc_custom_1774091421264{margin-bottom: 10px !important;}&#8221;][vc_column][\/vc_column][\/vc_row][vc_row css=&#8221;.vc_custom_1774091421264{margin-bottom: 10px !important;}&#8221;][vc_column][\/vc_column][\/vc_row][vc_row css=&#8221;.vc_custom_1774091421264{margin-bottom: 10px !important;}&#8221;][vc_column][\/vc_column][\/vc_row][vc_row][vc_column][vc_column_text css=&#8221;&#8221;]Moderna slika na platnu E422 predstavlja dovr\u0161eno kombinacijo umetni\u0161ke izraze in sodobnega estetskega okusa. Ta ro\u010dno naslikana umetni\u0161ka slika na kakovostnem platnu je rezultat predanega umetnikovega dela, ki prena\u0161a bogato vizualno izku\u0161njo neposredno v va\u0161 prostor. Abstraktna [&hellip;]<\/p>\n","protected":false},"featured_media":117114,"template":"","meta":{"_acf_changed":false},"product_brand":[],"product_cat":[3384],"product_tag":[3399,3405,3413,3408,3409,3412,3410,3411,3400,3416,3414,3415],"class_list":{"0":"post-117080","1":"product","2":"type-product","3":"status-publish","4":"has-post-thumbnail","6":"product_cat-slike-na-platnu-jednodijelne","7":"product_tag-apstraktne-slike","8":"product_tag-moderne-slike-hr","9":"product_tag-online-galerija","10":"product_tag-prodaja-slika","11":"product_tag-slike-na-platnu-hr","12":"product_tag-slike-za-dnevni-boravak-hr","13":"product_tag-slike-za-dnevni-boravak","14":"product_tag-slike-za-zid","15":"product_tag-ukrasne-slike","16":"product_tag-umjetnicke-slike","17":"product_tag-zidna-dekoracija","18":"product_tag-zidne-slike","19":"pa_dimenzija-100-x-100-cm","20":"pa_dimenzija-120-x-120-cm","21":"pa_dimenzija-150-x-150-cm","22":"pa_dimenzija-200-x-200-cm","23":"pa_dimenzija-50-x-50-cm","24":"pa_dimenzija-60-x-60-cm","25":"pa_dimenzija-70-x-70-cm","26":"pa_dimenzija-80-x-80-cm","27":"pa_oblika-kvadrat-hr-2","28":"pa_okvir-bez-okvira","29":"pa_podokvir-bez-podokvira","30":"pa_podokvir-sa-podokvirom","32":"first","33":"onbackorder","34":"purchasable","35":"product-type-variable","36":"has-default-attributes"},"acf":[],"yoast_head":"<!-- This site is optimized with the Yoast SEO Premium plugin v26.0 (Yoast SEO v27.2) - https:\/\/yoast.com\/product\/yoast-seo-premium-wordpress\/ -->\n<title>Slike na platnu - E422 - SVETSLIK.SI - 100% ru\u010dno naslikano<\/title>\n<meta name=\"description\" content=\"Slike na platnu - E422 - 100 % ru\u010dno naslikane umjetni\u010dke zidne slike na platnu. Prodaja reprodukcija poznatih slikara, izradnja slika po narud\u017ebi in okvirivanje.\" \/>\n<meta name=\"robots\" content=\"index, follow, max-snippet:-1, max-image-preview:large, max-video-preview:-1\" \/>\n<link rel=\"canonical\" href=\"https:\/\/svetslik.si\/hr\/slike-na-platnu-jednodijelne\/slike-na-platnu-e422\/\" \/>\n<meta property=\"og:locale\" content=\"hr_HR\" \/>\n<meta property=\"og:type\" content=\"article\" \/>\n<meta property=\"og:title\" content=\"Slike na platnu - E422\" \/>\n<meta property=\"og:description\" content=\"100% ro\u010dno naslikane slike na platnu, reprodukcije znanih slikarjev in umetni\u0161ke slike po naro\u010dilu.\" \/>\n<meta property=\"og:url\" content=\"https:\/\/svetslik.si\/hr\/slike-na-platnu-jednodijelne\/slike-na-platnu-e422\/\" \/>\n<meta property=\"og:site_name\" content=\"SVETSLIK.SI\" \/>\n<meta property=\"article:publisher\" content=\"https:\/\/www.facebook.com\/svetslik.si\" \/>\n<meta property=\"article:modified_time\" content=\"2026-04-14T11:41:11+00:00\" \/>\n<meta property=\"og:image\" content=\"https:\/\/svetslik.si\/wp-content\/uploads\/2026\/03\/moderne-slike-E422.webp\" \/>\n\t<meta property=\"og:image:width\" content=\"1500\" \/>\n\t<meta property=\"og:image:height\" content=\"1484\" \/>\n\t<meta property=\"og:image:type\" content=\"image\/webp\" \/>\n<meta name=\"twitter:card\" content=\"summary_large_image\" \/>\n<meta name=\"twitter:site\" content=\"@svetslik\" \/>\n<meta name=\"twitter:label1\" content=\"Availability\" \/>\n\t<meta name=\"twitter:data1\" content=\"On backorder\" \/>\n<script type=\"application\/ld+json\" class=\"yoast-schema-graph\">{\"@context\":\"https:\/\/schema.org\",\"@graph\":[{\"@type\":[\"WebPage\",\"ItemPage\"],\"@id\":\"https:\/\/svetslik.si\/hr\/slike-na-platnu-jednodijelne\/slike-na-platnu-e422\/\",\"url\":\"https:\/\/svetslik.si\/hr\/slike-na-platnu-jednodijelne\/slike-na-platnu-e422\/\",\"name\":\"Slike na platnu - E422 - SVETSLIK.SI - 100% ru\u010dno naslikano\",\"isPartOf\":{\"@id\":\"https:\/\/svetslik.si\/hr\/#website\"},\"primaryImageOfPage\":{\"@id\":\"https:\/\/svetslik.si\/hr\/slike-na-platnu-jednodijelne\/slike-na-platnu-e422\/#primaryimage\"},\"image\":{\"@id\":\"https:\/\/svetslik.si\/hr\/slike-na-platnu-jednodijelne\/slike-na-platnu-e422\/#primaryimage\"},\"thumbnailUrl\":\"https:\/\/svetslik.si\/wp-content\/uploads\/2026\/03\/moderne-slike-E422.webp\",\"datePublished\":\"2026-03-21T11:22:41+00:00\",\"dateModified\":\"2026-04-14T11:41:11+00:00\",\"description\":\"Slike na platnu - E422 - 100 % ru\u010dno naslikane umjetni\u010dke zidne slike na platnu. Prodaja reprodukcija poznatih slikara, izradnja slika po narud\u017ebi in okvirivanje.\",\"breadcrumb\":{\"@id\":\"https:\/\/svetslik.si\/hr\/slike-na-platnu-jednodijelne\/slike-na-platnu-e422\/#breadcrumb\"},\"inLanguage\":\"hr\",\"potentialAction\":[{\"@type\":\"ReadAction\",\"target\":[\"https:\/\/svetslik.si\/hr\/slike-na-platnu-jednodijelne\/slike-na-platnu-e422\/\"]}]},{\"@type\":\"ImageObject\",\"inLanguage\":\"hr\",\"@id\":\"https:\/\/svetslik.si\/hr\/slike-na-platnu-jednodijelne\/slike-na-platnu-e422\/#primaryimage\",\"url\":\"https:\/\/svetslik.si\/wp-content\/uploads\/2026\/03\/moderne-slike-E422.webp\",\"contentUrl\":\"https:\/\/svetslik.si\/wp-content\/uploads\/2026\/03\/moderne-slike-E422.webp\",\"width\":1500,\"height\":1484,\"caption\":\"moderne slike E422\"},{\"@type\":\"BreadcrumbList\",\"@id\":\"https:\/\/svetslik.si\/hr\/slike-na-platnu-jednodijelne\/slike-na-platnu-e422\/#breadcrumb\",\"itemListElement\":[{\"@type\":\"ListItem\",\"position\":1,\"name\":\"Umjetni\u010dke zidne slike na platnu\",\"item\":\"https:\/\/svetslik.si\/hr\/\"},{\"@type\":\"ListItem\",\"position\":2,\"name\":\"Prodaja slika\",\"item\":\"https:\/\/svetslik.si\/prodaja-slik\/\"},{\"@type\":\"ListItem\",\"position\":3,\"name\":\"Slike na platnu &#8211; E422\"}]},{\"@type\":\"WebSite\",\"@id\":\"https:\/\/svetslik.si\/hr\/#website\",\"url\":\"https:\/\/svetslik.si\/hr\/\",\"name\":\"SVETSLIK.SI\",\"description\":\"100% ru\u010dno naslikane reprodukcije slika poznatih slikara in umjetni\u010dke zidne slike na platnu.\",\"publisher\":{\"@id\":\"https:\/\/svetslik.si\/hr\/#organization\"},\"potentialAction\":[{\"@type\":\"SearchAction\",\"target\":{\"@type\":\"EntryPoint\",\"urlTemplate\":\"https:\/\/svetslik.si\/hr\/?s={search_term_string}\"},\"query-input\":{\"@type\":\"PropertyValueSpecification\",\"valueRequired\":true,\"valueName\":\"search_term_string\"}}],\"inLanguage\":\"hr\"},{\"@type\":\"Organization\",\"@id\":\"https:\/\/svetslik.si\/hr\/#organization\",\"name\":\"SvetSlik.si\",\"url\":\"https:\/\/svetslik.si\/hr\/\",\"logo\":{\"@type\":\"ImageObject\",\"inLanguage\":\"hr\",\"@id\":\"https:\/\/svetslik.si\/hr\/#\/schema\/logo\/image\/\",\"url\":\"https:\/\/svetslik.si\/wp-content\/uploads\/2020\/12\/logo-512.png\",\"contentUrl\":\"https:\/\/svetslik.si\/wp-content\/uploads\/2020\/12\/logo-512.png\",\"width\":512,\"height\":512,\"caption\":\"SvetSlik.si\"},\"image\":{\"@id\":\"https:\/\/svetslik.si\/hr\/#\/schema\/logo\/image\/\"},\"sameAs\":[\"https:\/\/www.facebook.com\/svetslik.si\",\"https:\/\/x.com\/svetslik\",\"https:\/\/www.instagram.com\/svetslik.si\/\",\"https:\/\/www.linkedin.com\/company\/svetslik-si\"]}]}<\/script>\n<meta property=\"og:availability\" content=\"backorder\" \/>\n<meta property=\"product:availability\" content=\"available for order\" \/>\n<meta property=\"product:retailer_item_id\" content=\"1162_g-165\" \/>\n<meta property=\"product:condition\" content=\"new\" \/>\n<!-- \/ Yoast SEO Premium plugin. -->","yoast_head_json":{"title":"Slike na platnu - E422 - SVETSLIK.SI - 100% ru\u010dno naslikano","description":"Slike na platnu - E422 - 100 % ru\u010dno naslikane umjetni\u010dke zidne slike na platnu. Prodaja reprodukcija poznatih slikara, izradnja slika po narud\u017ebi in okvirivanje.","robots":{"index":"index","follow":"follow","max-snippet":"max-snippet:-1","max-image-preview":"max-image-preview:large","max-video-preview":"max-video-preview:-1"},"canonical":"https:\/\/svetslik.si\/hr\/slike-na-platnu-jednodijelne\/slike-na-platnu-e422\/","og_locale":"hr_HR","og_type":"article","og_title":"Slike na platnu - E422","og_description":"100% ro\u010dno naslikane slike na platnu, reprodukcije znanih slikarjev in umetni\u0161ke slike po naro\u010dilu.","og_url":"https:\/\/svetslik.si\/hr\/slike-na-platnu-jednodijelne\/slike-na-platnu-e422\/","og_site_name":"SVETSLIK.SI","article_publisher":"https:\/\/www.facebook.com\/svetslik.si","article_modified_time":"2026-04-14T11:41:11+00:00","og_image":[{"width":1500,"height":1484,"url":"https:\/\/svetslik.si\/wp-content\/uploads\/2026\/03\/moderne-slike-E422.webp","type":"image\/webp"}],"twitter_card":"summary_large_image","twitter_site":"@svetslik","twitter_misc":{"Availability":"On backorder"},"schema":{"@context":"https:\/\/schema.org","@graph":[{"@type":["WebPage","ItemPage"],"@id":"https:\/\/svetslik.si\/hr\/slike-na-platnu-jednodijelne\/slike-na-platnu-e422\/","url":"https:\/\/svetslik.si\/hr\/slike-na-platnu-jednodijelne\/slike-na-platnu-e422\/","name":"Slike na platnu - E422 - SVETSLIK.SI - 100% ru\u010dno naslikano","isPartOf":{"@id":"https:\/\/svetslik.si\/hr\/#website"},"primaryImageOfPage":{"@id":"https:\/\/svetslik.si\/hr\/slike-na-platnu-jednodijelne\/slike-na-platnu-e422\/#primaryimage"},"image":{"@id":"https:\/\/svetslik.si\/hr\/slike-na-platnu-jednodijelne\/slike-na-platnu-e422\/#primaryimage"},"thumbnailUrl":"https:\/\/svetslik.si\/wp-content\/uploads\/2026\/03\/moderne-slike-E422.webp","datePublished":"2026-03-21T11:22:41+00:00","dateModified":"2026-04-14T11:41:11+00:00","description":"Slike na platnu - E422 - 100 % ru\u010dno naslikane umjetni\u010dke zidne slike na platnu. Prodaja reprodukcija poznatih slikara, izradnja slika po narud\u017ebi in okvirivanje.","breadcrumb":{"@id":"https:\/\/svetslik.si\/hr\/slike-na-platnu-jednodijelne\/slike-na-platnu-e422\/#breadcrumb"},"inLanguage":"hr","potentialAction":[{"@type":"ReadAction","target":["https:\/\/svetslik.si\/hr\/slike-na-platnu-jednodijelne\/slike-na-platnu-e422\/"]}]},{"@type":"ImageObject","inLanguage":"hr","@id":"https:\/\/svetslik.si\/hr\/slike-na-platnu-jednodijelne\/slike-na-platnu-e422\/#primaryimage","url":"https:\/\/svetslik.si\/wp-content\/uploads\/2026\/03\/moderne-slike-E422.webp","contentUrl":"https:\/\/svetslik.si\/wp-content\/uploads\/2026\/03\/moderne-slike-E422.webp","width":1500,"height":1484,"caption":"moderne slike E422"},{"@type":"BreadcrumbList","@id":"https:\/\/svetslik.si\/hr\/slike-na-platnu-jednodijelne\/slike-na-platnu-e422\/#breadcrumb","itemListElement":[{"@type":"ListItem","position":1,"name":"Umjetni\u010dke zidne slike na platnu","item":"https:\/\/svetslik.si\/hr\/"},{"@type":"ListItem","position":2,"name":"Prodaja slika","item":"https:\/\/svetslik.si\/prodaja-slik\/"},{"@type":"ListItem","position":3,"name":"Slike na platnu &#8211; E422"}]},{"@type":"WebSite","@id":"https:\/\/svetslik.si\/hr\/#website","url":"https:\/\/svetslik.si\/hr\/","name":"SVETSLIK.SI","description":"100% ru\u010dno naslikane reprodukcije slika poznatih slikara in umjetni\u010dke zidne slike na platnu.","publisher":{"@id":"https:\/\/svetslik.si\/hr\/#organization"},"potentialAction":[{"@type":"SearchAction","target":{"@type":"EntryPoint","urlTemplate":"https:\/\/svetslik.si\/hr\/?s={search_term_string}"},"query-input":{"@type":"PropertyValueSpecification","valueRequired":true,"valueName":"search_term_string"}}],"inLanguage":"hr"},{"@type":"Organization","@id":"https:\/\/svetslik.si\/hr\/#organization","name":"SvetSlik.si","url":"https:\/\/svetslik.si\/hr\/","logo":{"@type":"ImageObject","inLanguage":"hr","@id":"https:\/\/svetslik.si\/hr\/#\/schema\/logo\/image\/","url":"https:\/\/svetslik.si\/wp-content\/uploads\/2020\/12\/logo-512.png","contentUrl":"https:\/\/svetslik.si\/wp-content\/uploads\/2020\/12\/logo-512.png","width":512,"height":512,"caption":"SvetSlik.si"},"image":{"@id":"https:\/\/svetslik.si\/hr\/#\/schema\/logo\/image\/"},"sameAs":["https:\/\/www.facebook.com\/svetslik.si","https:\/\/x.com\/svetslik","https:\/\/www.instagram.com\/svetslik.si\/","https:\/\/www.linkedin.com\/company\/svetslik-si"]}]},"og_availability":"backorder","product_availability":"available for order","product_retailer_item_id":"1162_g-165","product_condition":"new"},"jetpack_sharing_enabled":true,"_links":{"self":[{"href":"https:\/\/svetslik.si\/hr\/wp-json\/wp\/v2\/product\/117080","targetHints":{"allow":["GET"]}}],"collection":[{"href":"https:\/\/svetslik.si\/hr\/wp-json\/wp\/v2\/product"}],"about":[{"href":"https:\/\/svetslik.si\/hr\/wp-json\/wp\/v2\/types\/product"}],"wp:featuredmedia":[{"embeddable":true,"href":"https:\/\/svetslik.si\/hr\/wp-json\/wp\/v2\/media\/117114"}],"wp:attachment":[{"href":"https:\/\/svetslik.si\/hr\/wp-json\/wp\/v2\/media?parent=117080"}],"wp:term":[{"taxonomy":"product_brand","embeddable":true,"href":"https:\/\/svetslik.si\/hr\/wp-json\/wp\/v2\/product_brand?post=117080"},{"taxonomy":"product_cat","embeddable":true,"href":"https:\/\/svetslik.si\/hr\/wp-json\/wp\/v2\/product_cat?post=117080"},{"taxonomy":"product_tag","embeddable":true,"href":"https:\/\/svetslik.si\/hr\/wp-json\/wp\/v2\/product_tag?post=117080"}],"curies":[{"name":"wp","href":"https:\/\/api.w.org\/{rel}","templated":true}]}}