{"id":12078,"date":"2021-09-20T15:12:19","date_gmt":"2021-09-20T13:12:19","guid":{"rendered":"https:\/\/svetslik.erzo.eu\/uncategorized\/adam-and-eve-2\/"},"modified":"2026-03-22T17:48:43","modified_gmt":"2026-03-22T16:48:43","slug":"adam-and-eve-2","status":"publish","type":"product","link":"https:\/\/svetslik.si\/hr\/gustav-klimt\/adam-and-eve-2\/","title":{"rendered":"Gustav Klimt &#8211; Adam and Eve"},"content":{"rendered":"<div class=\"wpb-content-wrapper\">[vc_row][vc_column][vc_column_text]\n<h1>Gustav Klimt &#8211; Adam and Eve<\/h1>\n<p>&#8220;Adam in Eva&#8221;, ki ju je naslikal avstrijski umetnik Gustav Klimt v letih 1913-1914, velja za eno umetnikovih najbolj kontroverznih in razmi\u0161ljajo\u010dih del. Na sliki sta upodobljena svetopisemska lika Adama in Eve v rajskem vrtu, pri \u010demer Eva Adamu ponudi jabolko, dogodek, ki v svetopisemski pripovedi zaznamuje padec \u010dlove\u0161tva.<\/p>\n<p>Slika je odli\u010den primer Klimtovega secesijskega sloga, za katerega je bila zna\u010dilna uporaba okra\u0161enih vzorcev, drznih barv in \u010dutne teme. Adam in Eva sta upodobljena visoko stilizirano, s podolgovatimi udi in poenostavljenimi potezami obraza, kar daje sliki nezemeljsko in sanjsko kvaliteto.<\/p>\n<p>Ena najbolj presenetljivih lastnosti &#8220;Adam in Eva&#8221; je uporaba drznih barv in zapletenih vzorcev. Slika je nered barv, z Adamom, Evo in ozadjem, vse sestavljeno iz vrtin\u010dastih, prepletenih vzorcev. Uporaba barve in vzorca ustvarja ob\u010dutek gibanja in preto\u010dnosti, kar je primerno glede na temo slike prvega greha in njegovih posledic.<\/p>\n<p>Bogata je tudi simbolika slike. Adam in Eva pogosto veljata za simbola nedol\u017enosti, sku\u0161njave in padca \u010dlove\u0161tva. Jabolko, ki ga Eva ponudi Adamu, bi lahko predstavljalo sku\u0161njavo znanja in \u017eeljo po prepovedanem sadju. Tudi ozadje slike je napolnjeno s simboli narave, kot sta ka\u010da in drevo, ki imata tudi v svetopisemski zgodbi globok simbolni pomen.<\/p>\n<p>Kritiki ob prvi razstavi niso naleteli na dober sprejem zaradi \u010dutne in eroti\u010dne narave, ki je bila ocenjena kot neprimerna za upodobitev svetopisemskih osebnosti. Bil je tudi mo\u010dno kritiziran zaradi upodobitve golote in odstopanja od tradicionalne verske umetnosti. Kljub polemikam je slika od takrat postala eno najbolj prepoznavnih in opevanih Klimtovih del. Trenutno se nahaja v Neue Galerie v New Yorku.<\/p>\n<p>Skratka, &#8220;Adam in Eva&#8221; je kontroverzna slika, ki spodbuja razmi\u0161ljanje in prikazuje bogato okra\u0161ene vzorce, drzne barve in \u010dutno temo, ki so za\u0161\u010ditni znaki secesijskega sloga Gustava Klimta. Uporaba barve in vzorca na sliki ustvarja ob\u010dutek gibanja in fluidnosti, medtem ko Adam in Eva simbolizirata nedol\u017enost, sku\u0161njavo in padec \u010dlove\u0161tva. Kritiki slike niso dobro sprejeli, ko je bila prvi\u010d razstavljena zaradi svoje \u010dutne in eroti\u010dne narave, vendar je od takrat postala eno najbolj prepoznavnih in opevanih Klimtovih del in je trenutno shranjena v Neue Galerie v New Yorku.[\/vc_column_text][\/vc_column][\/vc_row]\n<\/div>","protected":false},"excerpt":{"rendered":"<p>[vc_row][vc_column][vc_column_text] Gustav Klimt &#8211; Adam and Eve &#8220;Adam in Eva&#8221;, ki ju je naslikal avstrijski umetnik Gustav Klimt v letih 1913-1914, velja za eno umetnikovih najbolj kontroverznih in razmi\u0161ljajo\u010dih del. Na sliki sta upodobljena svetopisemska lika Adama in Eve v rajskem vrtu, pri \u010demer Eva Adamu ponudi jabolko, dogodek, ki [&hellip;]<\/p>\n","protected":false},"featured_media":2606,"template":"","meta":{"_acf_changed":false},"product_brand":[],"product_cat":[137],"product_tag":[1336,4067,4066,4064,4065],"class_list":{"0":"post-12078","1":"product","2":"type-product","3":"status-publish","4":"has-post-thumbnail","6":"product_cat-gustav-klimt","7":"product_tag-gustav-klimt","8":"product_tag-klimt","9":"product_tag-reprodukcija","10":"product_tag-reprodukcije","11":"product_tag-slikar","12":"pa_dimenzija-30-x-90-cm","13":"pa_dimenzija-40-x-110-cm","14":"pa_dimenzija-50-x-140-cm","15":"pa_dimenzija-60-x-173-cm","16":"pa_dimenzija-70-x-200-cm","17":"pa_dimenzija-75-x-210-cm","18":"pa_dimenzija-80-x-230-cm","19":"pa_dimenzija-90-x-260-cm","20":"pa_oblika-pokoncna","21":"pa_okvir-brez-okvirja","22":"pa_podokvir-da","23":"pa_podokvir-ne","25":"first","26":"onbackorder","27":"purchasable","28":"product-type-variable","29":"has-default-attributes"},"acf":[],"yoast_head":"<!-- This site is optimized with the Yoast SEO Premium plugin v26.0 (Yoast SEO v27.2) - https:\/\/yoast.com\/product\/yoast-seo-premium-wordpress\/ -->\n<title>Gustav Klimt - Adam and Eve - SVETSLIK.SI - 100% ro\u010dno naslikano<\/title>\n<meta name=\"description\" content=\"Gustav Klimt - Adam and Eve - 100 % ro\u010dno naslikane reprodukcije umetni\u0161ke stenske slike na platnu. Okvirjanje slik, prodaja in izdelava dimenzij po naro\u010dilu.\" \/>\n<meta name=\"robots\" content=\"index, follow, max-snippet:-1, max-image-preview:large, max-video-preview:-1\" \/>\n<link rel=\"canonical\" href=\"https:\/\/svetslik.si\/hr\/gustav-klimt\/adam-and-eve-2\/\" \/>\n<meta property=\"og:locale\" content=\"hr_HR\" \/>\n<meta property=\"og:type\" content=\"article\" \/>\n<meta property=\"og:title\" content=\"Gustav Klimt - Adam and Eve\" \/>\n<meta property=\"og:description\" content=\"100% ro\u010dno naslikane slike na platnu, reprodukcije znanih slikarjev in umetni\u0161ke slike po naro\u010dilu.\" \/>\n<meta property=\"og:url\" content=\"https:\/\/svetslik.si\/hr\/gustav-klimt\/adam-and-eve-2\/\" \/>\n<meta property=\"og:site_name\" content=\"SVETSLIK.SI\" \/>\n<meta property=\"article:publisher\" content=\"https:\/\/www.facebook.com\/svetslik.si\" \/>\n<meta property=\"article:modified_time\" content=\"2026-03-22T16:48:43+00:00\" \/>\n<meta property=\"og:image\" content=\"https:\/\/svetslik.si\/wp-content\/uploads\/2021\/08\/image_Adam-and-Eve-Gustva-Klimt_680.jpg\" \/>\n\t<meta property=\"og:image:width\" content=\"671\" \/>\n\t<meta property=\"og:image:height\" content=\"2049\" \/>\n\t<meta property=\"og:image:type\" content=\"image\/jpeg\" \/>\n<meta name=\"twitter:card\" content=\"summary_large_image\" \/>\n<meta name=\"twitter:site\" content=\"@svetslik\" \/>\n<meta name=\"twitter:label1\" content=\"Availability\" \/>\n\t<meta name=\"twitter:data1\" content=\"On backorder\" \/>\n<script type=\"application\/ld+json\" class=\"yoast-schema-graph\">{\"@context\":\"https:\/\/schema.org\",\"@graph\":[{\"@type\":[\"WebPage\",\"ItemPage\"],\"@id\":\"https:\/\/svetslik.si\/hr\/gustav-klimt\/adam-and-eve-2\/\",\"url\":\"https:\/\/svetslik.si\/hr\/gustav-klimt\/adam-and-eve-2\/\",\"name\":\"Gustav Klimt - Adam and Eve - SVETSLIK.SI - 100% ro\u010dno naslikano\",\"isPartOf\":{\"@id\":\"https:\/\/svetslik.si\/hr\/#website\"},\"primaryImageOfPage\":{\"@id\":\"https:\/\/svetslik.si\/hr\/gustav-klimt\/adam-and-eve-2\/#primaryimage\"},\"image\":{\"@id\":\"https:\/\/svetslik.si\/hr\/gustav-klimt\/adam-and-eve-2\/#primaryimage\"},\"thumbnailUrl\":\"https:\/\/svetslik.si\/wp-content\/uploads\/2021\/08\/image_Adam-and-Eve-Gustva-Klimt_680.jpg\",\"datePublished\":\"2021-09-20T13:12:19+00:00\",\"dateModified\":\"2026-03-22T16:48:43+00:00\",\"description\":\"Gustav Klimt - Adam and Eve - 100 % ro\u010dno naslikane reprodukcije umetni\u0161ke stenske slike na platnu. Okvirjanje slik, prodaja in izdelava dimenzij po naro\u010dilu.\",\"breadcrumb\":{\"@id\":\"https:\/\/svetslik.si\/hr\/gustav-klimt\/adam-and-eve-2\/#breadcrumb\"},\"inLanguage\":\"hr\",\"potentialAction\":[{\"@type\":\"ReadAction\",\"target\":[\"https:\/\/svetslik.si\/hr\/gustav-klimt\/adam-and-eve-2\/\"]}]},{\"@type\":\"ImageObject\",\"inLanguage\":\"hr\",\"@id\":\"https:\/\/svetslik.si\/hr\/gustav-klimt\/adam-and-eve-2\/#primaryimage\",\"url\":\"https:\/\/svetslik.si\/wp-content\/uploads\/2021\/08\/image_Adam-and-Eve-Gustva-Klimt_680.jpg\",\"contentUrl\":\"https:\/\/svetslik.si\/wp-content\/uploads\/2021\/08\/image_Adam-and-Eve-Gustva-Klimt_680.jpg\",\"width\":671,\"height\":2049,\"caption\":\"Fernando Botero - Adam i Eva - Reprodukcije slikara, ru\u010dno slikane zidne slike, ulje na platnu, uljane slike, umjetni\u010dke slike, moderne slike za zid, ambijentalne slike, apstraktne slike, dekorativne slike\"},{\"@type\":\"BreadcrumbList\",\"@id\":\"https:\/\/svetslik.si\/hr\/gustav-klimt\/adam-and-eve-2\/#breadcrumb\",\"itemListElement\":[{\"@type\":\"ListItem\",\"position\":1,\"name\":\"Umjetni\u010dke zidne slike na platnu\",\"item\":\"https:\/\/svetslik.si\/hr\/\"},{\"@type\":\"ListItem\",\"position\":2,\"name\":\"Prodaja slika\",\"item\":\"https:\/\/svetslik.si\/prodaja-slik\/\"},{\"@type\":\"ListItem\",\"position\":3,\"name\":\"Gustav Klimt &#8211; Adam and Eve\"}]},{\"@type\":\"WebSite\",\"@id\":\"https:\/\/svetslik.si\/hr\/#website\",\"url\":\"https:\/\/svetslik.si\/hr\/\",\"name\":\"SVETSLIK.SI\",\"description\":\"100% ru\u010dno naslikane reprodukcije slika poznatih slikara in umjetni\u010dke zidne slike na platnu.\",\"publisher\":{\"@id\":\"https:\/\/svetslik.si\/hr\/#organization\"},\"potentialAction\":[{\"@type\":\"SearchAction\",\"target\":{\"@type\":\"EntryPoint\",\"urlTemplate\":\"https:\/\/svetslik.si\/hr\/?s={search_term_string}\"},\"query-input\":{\"@type\":\"PropertyValueSpecification\",\"valueRequired\":true,\"valueName\":\"search_term_string\"}}],\"inLanguage\":\"hr\"},{\"@type\":\"Organization\",\"@id\":\"https:\/\/svetslik.si\/hr\/#organization\",\"name\":\"SvetSlik.si\",\"url\":\"https:\/\/svetslik.si\/hr\/\",\"logo\":{\"@type\":\"ImageObject\",\"inLanguage\":\"hr\",\"@id\":\"https:\/\/svetslik.si\/hr\/#\/schema\/logo\/image\/\",\"url\":\"https:\/\/svetslik.si\/wp-content\/uploads\/2020\/12\/logo-512.png\",\"contentUrl\":\"https:\/\/svetslik.si\/wp-content\/uploads\/2020\/12\/logo-512.png\",\"width\":512,\"height\":512,\"caption\":\"SvetSlik.si\"},\"image\":{\"@id\":\"https:\/\/svetslik.si\/hr\/#\/schema\/logo\/image\/\"},\"sameAs\":[\"https:\/\/www.facebook.com\/svetslik.si\",\"https:\/\/x.com\/svetslik\",\"https:\/\/www.instagram.com\/svetslik.si\/\",\"https:\/\/www.linkedin.com\/company\/svetslik-si\"]}]}<\/script>\n<meta property=\"og:availability\" content=\"backorder\" \/>\n<meta property=\"product:availability\" content=\"available for order\" \/>\n<meta property=\"product:retailer_item_id\" content=\"556__\" \/>\n<meta property=\"product:condition\" content=\"new\" \/>\n<!-- \/ Yoast SEO Premium plugin. -->","yoast_head_json":{"title":"Gustav Klimt - Adam and Eve - SVETSLIK.SI - 100% ro\u010dno naslikano","description":"Gustav Klimt - Adam and Eve - 100 % ro\u010dno naslikane reprodukcije umetni\u0161ke stenske slike na platnu. Okvirjanje slik, prodaja in izdelava dimenzij po naro\u010dilu.","robots":{"index":"index","follow":"follow","max-snippet":"max-snippet:-1","max-image-preview":"max-image-preview:large","max-video-preview":"max-video-preview:-1"},"canonical":"https:\/\/svetslik.si\/hr\/gustav-klimt\/adam-and-eve-2\/","og_locale":"hr_HR","og_type":"article","og_title":"Gustav Klimt - Adam and Eve","og_description":"100% ro\u010dno naslikane slike na platnu, reprodukcije znanih slikarjev in umetni\u0161ke slike po naro\u010dilu.","og_url":"https:\/\/svetslik.si\/hr\/gustav-klimt\/adam-and-eve-2\/","og_site_name":"SVETSLIK.SI","article_publisher":"https:\/\/www.facebook.com\/svetslik.si","article_modified_time":"2026-03-22T16:48:43+00:00","og_image":[{"width":671,"height":2049,"url":"https:\/\/svetslik.si\/wp-content\/uploads\/2021\/08\/image_Adam-and-Eve-Gustva-Klimt_680.jpg","type":"image\/jpeg"}],"twitter_card":"summary_large_image","twitter_site":"@svetslik","twitter_misc":{"Availability":"On backorder"},"schema":{"@context":"https:\/\/schema.org","@graph":[{"@type":["WebPage","ItemPage"],"@id":"https:\/\/svetslik.si\/hr\/gustav-klimt\/adam-and-eve-2\/","url":"https:\/\/svetslik.si\/hr\/gustav-klimt\/adam-and-eve-2\/","name":"Gustav Klimt - Adam and Eve - SVETSLIK.SI - 100% ro\u010dno naslikano","isPartOf":{"@id":"https:\/\/svetslik.si\/hr\/#website"},"primaryImageOfPage":{"@id":"https:\/\/svetslik.si\/hr\/gustav-klimt\/adam-and-eve-2\/#primaryimage"},"image":{"@id":"https:\/\/svetslik.si\/hr\/gustav-klimt\/adam-and-eve-2\/#primaryimage"},"thumbnailUrl":"https:\/\/svetslik.si\/wp-content\/uploads\/2021\/08\/image_Adam-and-Eve-Gustva-Klimt_680.jpg","datePublished":"2021-09-20T13:12:19+00:00","dateModified":"2026-03-22T16:48:43+00:00","description":"Gustav Klimt - Adam and Eve - 100 % ro\u010dno naslikane reprodukcije umetni\u0161ke stenske slike na platnu. Okvirjanje slik, prodaja in izdelava dimenzij po naro\u010dilu.","breadcrumb":{"@id":"https:\/\/svetslik.si\/hr\/gustav-klimt\/adam-and-eve-2\/#breadcrumb"},"inLanguage":"hr","potentialAction":[{"@type":"ReadAction","target":["https:\/\/svetslik.si\/hr\/gustav-klimt\/adam-and-eve-2\/"]}]},{"@type":"ImageObject","inLanguage":"hr","@id":"https:\/\/svetslik.si\/hr\/gustav-klimt\/adam-and-eve-2\/#primaryimage","url":"https:\/\/svetslik.si\/wp-content\/uploads\/2021\/08\/image_Adam-and-Eve-Gustva-Klimt_680.jpg","contentUrl":"https:\/\/svetslik.si\/wp-content\/uploads\/2021\/08\/image_Adam-and-Eve-Gustva-Klimt_680.jpg","width":671,"height":2049,"caption":"Fernando Botero - Adam i Eva - Reprodukcije slikara, ru\u010dno slikane zidne slike, ulje na platnu, uljane slike, umjetni\u010dke slike, moderne slike za zid, ambijentalne slike, apstraktne slike, dekorativne slike"},{"@type":"BreadcrumbList","@id":"https:\/\/svetslik.si\/hr\/gustav-klimt\/adam-and-eve-2\/#breadcrumb","itemListElement":[{"@type":"ListItem","position":1,"name":"Umjetni\u010dke zidne slike na platnu","item":"https:\/\/svetslik.si\/hr\/"},{"@type":"ListItem","position":2,"name":"Prodaja slika","item":"https:\/\/svetslik.si\/prodaja-slik\/"},{"@type":"ListItem","position":3,"name":"Gustav Klimt &#8211; Adam and Eve"}]},{"@type":"WebSite","@id":"https:\/\/svetslik.si\/hr\/#website","url":"https:\/\/svetslik.si\/hr\/","name":"SVETSLIK.SI","description":"100% ru\u010dno naslikane reprodukcije slika poznatih slikara in umjetni\u010dke zidne slike na platnu.","publisher":{"@id":"https:\/\/svetslik.si\/hr\/#organization"},"potentialAction":[{"@type":"SearchAction","target":{"@type":"EntryPoint","urlTemplate":"https:\/\/svetslik.si\/hr\/?s={search_term_string}"},"query-input":{"@type":"PropertyValueSpecification","valueRequired":true,"valueName":"search_term_string"}}],"inLanguage":"hr"},{"@type":"Organization","@id":"https:\/\/svetslik.si\/hr\/#organization","name":"SvetSlik.si","url":"https:\/\/svetslik.si\/hr\/","logo":{"@type":"ImageObject","inLanguage":"hr","@id":"https:\/\/svetslik.si\/hr\/#\/schema\/logo\/image\/","url":"https:\/\/svetslik.si\/wp-content\/uploads\/2020\/12\/logo-512.png","contentUrl":"https:\/\/svetslik.si\/wp-content\/uploads\/2020\/12\/logo-512.png","width":512,"height":512,"caption":"SvetSlik.si"},"image":{"@id":"https:\/\/svetslik.si\/hr\/#\/schema\/logo\/image\/"},"sameAs":["https:\/\/www.facebook.com\/svetslik.si","https:\/\/x.com\/svetslik","https:\/\/www.instagram.com\/svetslik.si\/","https:\/\/www.linkedin.com\/company\/svetslik-si"]}]},"og_availability":"backorder","product_availability":"available for order","product_retailer_item_id":"556__","product_condition":"new"},"jetpack_sharing_enabled":true,"_links":{"self":[{"href":"https:\/\/svetslik.si\/hr\/wp-json\/wp\/v2\/product\/12078","targetHints":{"allow":["GET"]}}],"collection":[{"href":"https:\/\/svetslik.si\/hr\/wp-json\/wp\/v2\/product"}],"about":[{"href":"https:\/\/svetslik.si\/hr\/wp-json\/wp\/v2\/types\/product"}],"wp:featuredmedia":[{"embeddable":true,"href":"https:\/\/svetslik.si\/hr\/wp-json\/wp\/v2\/media\/2606"}],"wp:attachment":[{"href":"https:\/\/svetslik.si\/hr\/wp-json\/wp\/v2\/media?parent=12078"}],"wp:term":[{"taxonomy":"product_brand","embeddable":true,"href":"https:\/\/svetslik.si\/hr\/wp-json\/wp\/v2\/product_brand?post=12078"},{"taxonomy":"product_cat","embeddable":true,"href":"https:\/\/svetslik.si\/hr\/wp-json\/wp\/v2\/product_cat?post=12078"},{"taxonomy":"product_tag","embeddable":true,"href":"https:\/\/svetslik.si\/hr\/wp-json\/wp\/v2\/product_tag?post=12078"}],"curies":[{"name":"wp","href":"https:\/\/api.w.org\/{rel}","templated":true}]}}