{"id":22764,"date":"2021-09-02T18:17:52","date_gmt":"2021-09-02T16:17:52","guid":{"rendered":"https:\/\/svetslik.si\/nekategorizirano\/henri-rousseau-bouquet-of-flowers\/"},"modified":"2024-07-11T17:19:48","modified_gmt":"2024-07-11T15:19:48","slug":"bouquet-of-flowers","status":"publish","type":"product","link":"https:\/\/svetslik.si\/hr\/henri-rousseau\/bouquet-of-flowers\/","title":{"rendered":"Henri Rousseau &#8211; Bouquet of Flowers"},"content":{"rendered":"<div class=\"wpb-content-wrapper\">[vc_row][vc_column][vc_column_text]\n<h1>Henri Rousseau &#8211; Bouquet of Flowers<\/h1>\n<p>&nbsp;<\/p>\n<table style=\"width: 673px;\" border=\"0\" width=\"673\" cellspacing=\"0\" cellpadding=\"0\">\n<tbody>\n<tr>\n<td style=\"width: 180px; height: 21px;\" height=\"21\">Godina nastanka:<\/td>\n<td style=\"width: 493px;\">1910<\/td>\n<\/tr>\n<tr>\n<td style=\"width: 180px; height: 21px;\" height=\"21\">Izvorna veli\u010dina:<\/td>\n<td style=\"width: 493px;\">49,5 cm x 61 cm<\/td>\n<\/tr>\n<tr>\n<td style=\"width: 180px; height: 21px;\" height=\"21\">Stil slikanja:<\/td>\n<td style=\"width: 493px;\">Postimpresionizam<\/td>\n<\/tr>\n<tr>\n<td style=\"width: 180px; height: 21px;\" height=\"21\">Izvorna tehnika:<\/td>\n<td>Ulje na platnu<\/td>\n<\/tr>\n<tr>\n<td style=\"width: 180px; height: 21px;\" height=\"21\">Nalazi se:<\/td>\n<td>Galerija Tate, London<\/td>\n<\/tr>\n<\/tbody>\n<colgroup>\n<col>\n<col> <\/colgroup>\n<\/table>\n<p>Rousseau je bio postimpresionisti\u010dki slikar koji je slikao u stilu naive ili primitivizma. Na ovoj je slici u svom karakteristi\u010dnom stilu prikazao buket cvije\u0107a u vazi. Slika je prikladna kao poklon za svaku priliku.<\/p>\n<p>&#8220;Buket cvije\u0107a&#8221; Henrija Rousseaua: remek-djelo postimpresionizma<\/p>\n<p>Henri Rousseau bio je francuski postimpresionisti\u010dki slikar koji je \u017eivio izme\u0111u 1844. i 1910. godine. Bio je poznat po svom jedinstvenom stilu koji je spajao elemente narodne umjetnosti i naivnosti s modernim tehnikama. Jedno od njegovih najpoznatijih djela je &#8220;Buket cvije\u0107a&#8221;, \u017eivahno i privla\u010dno djelo koje prikazuje Rousseauovo majstorstvo boja i oblika.<\/p>\n<p>Slika prikazuje bujni buket cvije\u0107a u vazi na pozadini tropske d\u017eungle. Cvije\u0107e je prikazano jarkim nijansama crvene, \u017eute i plave, a d\u017eungla bujnom zelenom bojom s visokim drve\u0107em i egzoti\u010dnim biljkama u pozadini. Sveukupni u\u010dinak je \u017eivopisan i \u017eivahan, odra\u017eavaju\u0107i bit bujnog tropskog krajolika koji je inspirirao Rousseaua.<\/p>\n<p>Unato\u010d prividnoj jednostavnosti, &#8220;Buket cvije\u0107a&#8221; zapravo je maestralno umjetni\u010dko djelo s mno\u0161tvom detalja koji odaju umjetni\u010dino umije\u0107e i pa\u017enju na detalje. Cvjetovi su, na primjer, izvedeni s iznimnom precizno\u0161\u0107u, od nje\u017enih latica do zamr\u0161enih \u017eilica na li\u0161\u0107u. Pozadina d\u017eungle je jednako bogata, o\u017eivljavaju\u0107i scenu svojim zamr\u0161enim detaljima.<\/p>\n<p>No, &#8220;Buket cvije\u0107a&#8221; je uistinu poseban po na\u010dinu na koji Rousseau spaja realizam i apstrakciju. Slika je i realisti\u010dna i fantasti\u010dna, jer hvata bit prirodnog svijeta i istovremeno stvara imaginarni krajolik iz snova. Zbog ovakvog spoja stvarnih i imaginarnih elemenata, &#8220;Buket cvije\u0107a&#8221; je pravo remek-djelo postimpresionisti\u010dke umjetnosti, hvata esenciju prirodnog svijeta i istovremeno stvara imaginarni krajolik iz snova.<\/p>\n<p>Ako \u017eelite saznati vi\u0161e o djelu Henrija Rousseaua ili postimpresionisti\u010dkom pokretu, &#8220;Buket cvije\u0107a&#8221; odli\u010dno je mjesto za po\u010detak. Sa svojim jarkim bojama, zamr\u0161enim detaljima i majstorskim ispreplitanjem realizma i apstrakcije, ova \u0107e slika zasigurno fascinirati i nadahnuti. Pa za\u0161to ne biste odvojili trenutak da danas cijenite ovo remek-djelo postimpresionisti\u010dke umjetnosti?<\/p>\n[\/vc_column_text][\/vc_column][\/vc_row][vc_row css=&#8221;.vc_custom_1675011465606{margin-bottom: 10px !important;}&#8221;][vc_column]\t<div class=\"et-image-504 et-image     et_image_link\">\n\t\t<div class=\"et-image-inner \">\n\t\t\t\t\t\t\t<div class=\"et-image-thumb \">\n\t\t\t\t\t<img decoding=\"async\" width=\"1904\" height=\"2252\" src=\"https:\/\/svetslik.si\/wp-content\/uploads\/2021\/09\/Henri-Rousseau-\u2013-Bouquet-of-Flowers-5.jpg\" class=\"attachment-full\" alt=\"Henri Rousseau - Buket cvetja - Reprodukcija slike za zid\" title=\"Henri Rousseau - Buket cvetja - Reprodukcija slike za zid\" srcset=\"https:\/\/svetslik.si\/wp-content\/uploads\/2021\/09\/Henri-Rousseau-\u2013-Bouquet-of-Flowers-5.jpg 1904w, https:\/\/svetslik.si\/wp-content\/uploads\/2021\/09\/Henri-Rousseau-\u2013-Bouquet-of-Flowers-5-600x710.jpg 600w, https:\/\/svetslik.si\/wp-content\/uploads\/2021\/09\/Henri-Rousseau-\u2013-Bouquet-of-Flowers-5-1200x1419.jpg 1200w, https:\/\/svetslik.si\/wp-content\/uploads\/2021\/09\/Henri-Rousseau-\u2013-Bouquet-of-Flowers-5-254x300.jpg 254w, https:\/\/svetslik.si\/wp-content\/uploads\/2021\/09\/Henri-Rousseau-\u2013-Bouquet-of-Flowers-5-866x1024.jpg 866w, https:\/\/svetslik.si\/wp-content\/uploads\/2021\/09\/Henri-Rousseau-\u2013-Bouquet-of-Flowers-5-768x908.jpg 768w, https:\/\/svetslik.si\/wp-content\/uploads\/2021\/09\/Henri-Rousseau-\u2013-Bouquet-of-Flowers-5-1299x1536.jpg 1299w, https:\/\/svetslik.si\/wp-content\/uploads\/2021\/09\/Henri-Rousseau-\u2013-Bouquet-of-Flowers-5-1732x2048.jpg 1732w, https:\/\/svetslik.si\/wp-content\/uploads\/2021\/09\/Henri-Rousseau-\u2013-Bouquet-of-Flowers-5-10x12.jpg 10w, https:\/\/svetslik.si\/wp-content\/uploads\/2021\/09\/Henri-Rousseau-\u2013-Bouquet-of-Flowers-5-127x150.jpg 127w, https:\/\/svetslik.si\/wp-content\/uploads\/2021\/09\/Henri-Rousseau-\u2013-Bouquet-of-Flowers-5-1320x1561.jpg 1320w\" sizes=\"(max-width: 1904px) 100vw, 1904px\" \/>\t\t\t\t<\/div>\n\t\t\t\t\t\t\t\t\t\t\t<\/div>\n\t<\/div>\n  [\/vc_column][\/vc_row][vc_row css=&#8221;.vc_custom_1675011465606{margin-bottom: 10px !important;}&#8221;][vc_column]\t<div class=\"et-image-818 et-image     et_image_link\">\n\t\t<div class=\"et-image-inner \">\n\t\t\t\t\t\t\t<div class=\"et-image-thumb \">\n\t\t\t\t\t<img decoding=\"async\" width=\"1680\" height=\"2252\" src=\"https:\/\/svetslik.si\/wp-content\/uploads\/2021\/09\/Henri-Rousseau-\u2013-Bouquet-of-Flowers-3.jpg\" class=\"attachment-full\" alt=\"Henri Rousseau - Buket cvetja - Reprodukcija slike za zid\" title=\"Henri Rousseau - Buket cvetja - Reprodukcija slike za zid\" srcset=\"https:\/\/svetslik.si\/wp-content\/uploads\/2021\/09\/Henri-Rousseau-\u2013-Bouquet-of-Flowers-3.jpg 1680w, https:\/\/svetslik.si\/wp-content\/uploads\/2021\/09\/Henri-Rousseau-\u2013-Bouquet-of-Flowers-3-600x804.jpg 600w, https:\/\/svetslik.si\/wp-content\/uploads\/2021\/09\/Henri-Rousseau-\u2013-Bouquet-of-Flowers-3-1200x1609.jpg 1200w, https:\/\/svetslik.si\/wp-content\/uploads\/2021\/09\/Henri-Rousseau-\u2013-Bouquet-of-Flowers-3-224x300.jpg 224w, https:\/\/svetslik.si\/wp-content\/uploads\/2021\/09\/Henri-Rousseau-\u2013-Bouquet-of-Flowers-3-764x1024.jpg 764w, https:\/\/svetslik.si\/wp-content\/uploads\/2021\/09\/Henri-Rousseau-\u2013-Bouquet-of-Flowers-3-768x1029.jpg 768w, https:\/\/svetslik.si\/wp-content\/uploads\/2021\/09\/Henri-Rousseau-\u2013-Bouquet-of-Flowers-3-1146x1536.jpg 1146w, https:\/\/svetslik.si\/wp-content\/uploads\/2021\/09\/Henri-Rousseau-\u2013-Bouquet-of-Flowers-3-1528x2048.jpg 1528w, https:\/\/svetslik.si\/wp-content\/uploads\/2021\/09\/Henri-Rousseau-\u2013-Bouquet-of-Flowers-3-9x12.jpg 9w, https:\/\/svetslik.si\/wp-content\/uploads\/2021\/09\/Henri-Rousseau-\u2013-Bouquet-of-Flowers-3-112x150.jpg 112w, https:\/\/svetslik.si\/wp-content\/uploads\/2021\/09\/Henri-Rousseau-\u2013-Bouquet-of-Flowers-3-1320x1769.jpg 1320w\" sizes=\"(max-width: 1680px) 100vw, 1680px\" \/>\t\t\t\t<\/div>\n\t\t\t\t\t\t\t\t\t\t\t<\/div>\n\t<\/div>\n  [\/vc_column][\/vc_row][vc_row css=&#8221;.vc_custom_1675011465606{margin-bottom: 10px !important;}&#8221;][vc_column]\t<div class=\"et-image-523 et-image     et_image_link\">\n\t\t<div class=\"et-image-inner \">\n\t\t\t\t\t\t\t<div class=\"et-image-thumb \">\n\t\t\t\t\t<img decoding=\"async\" width=\"1592\" height=\"2252\" src=\"https:\/\/svetslik.si\/wp-content\/uploads\/2021\/09\/Henri-Rousseau-\u2013-Bouquet-of-Flowers-1.jpg\" class=\"attachment-full\" alt=\"Henri Rousseau - Buket cvetja - Reprodukcija slike za zid\" title=\"Henri Rousseau - Buket cvetja - Reprodukcija slike za zid\" srcset=\"https:\/\/svetslik.si\/wp-content\/uploads\/2021\/09\/Henri-Rousseau-\u2013-Bouquet-of-Flowers-1.jpg 1592w, https:\/\/svetslik.si\/wp-content\/uploads\/2021\/09\/Henri-Rousseau-\u2013-Bouquet-of-Flowers-1-600x849.jpg 600w, https:\/\/svetslik.si\/wp-content\/uploads\/2021\/09\/Henri-Rousseau-\u2013-Bouquet-of-Flowers-1-1200x1697.jpg 1200w, https:\/\/svetslik.si\/wp-content\/uploads\/2021\/09\/Henri-Rousseau-\u2013-Bouquet-of-Flowers-1-212x300.jpg 212w, https:\/\/svetslik.si\/wp-content\/uploads\/2021\/09\/Henri-Rousseau-\u2013-Bouquet-of-Flowers-1-724x1024.jpg 724w, https:\/\/svetslik.si\/wp-content\/uploads\/2021\/09\/Henri-Rousseau-\u2013-Bouquet-of-Flowers-1-768x1086.jpg 768w, https:\/\/svetslik.si\/wp-content\/uploads\/2021\/09\/Henri-Rousseau-\u2013-Bouquet-of-Flowers-1-1086x1536.jpg 1086w, https:\/\/svetslik.si\/wp-content\/uploads\/2021\/09\/Henri-Rousseau-\u2013-Bouquet-of-Flowers-1-1448x2048.jpg 1448w, https:\/\/svetslik.si\/wp-content\/uploads\/2021\/09\/Henri-Rousseau-\u2013-Bouquet-of-Flowers-1-8x12.jpg 8w, https:\/\/svetslik.si\/wp-content\/uploads\/2021\/09\/Henri-Rousseau-\u2013-Bouquet-of-Flowers-1-106x150.jpg 106w, https:\/\/svetslik.si\/wp-content\/uploads\/2021\/09\/Henri-Rousseau-\u2013-Bouquet-of-Flowers-1-1320x1867.jpg 1320w\" sizes=\"(max-width: 1592px) 100vw, 1592px\" \/>\t\t\t\t<\/div>\n\t\t\t\t\t\t\t\t\t\t\t<\/div>\n\t<\/div>\n  [\/vc_column][\/vc_row][vc_row css=&#8221;.vc_custom_1675011465606{margin-bottom: 10px !important;}&#8221;][vc_column]\t<div class=\"et-image-579 et-image     et_image_link\">\n\t\t<div class=\"et-image-inner \">\n\t\t\t\t\t\t\t<div class=\"et-image-thumb \">\n\t\t\t\t\t<img decoding=\"async\" width=\"2560\" height=\"1441\" src=\"https:\/\/svetslik.si\/wp-content\/uploads\/2021\/09\/Henri-Rousseau-\u2013-Bouquet-of-Flowers-scaled.jpg\" class=\"attachment-full\" alt=\"Henri Rousseau - Buket cvetja - Reprodukcija slike za zid\" title=\"Henri Rousseau - Buket cvetja - Reprodukcija slike za zid\" srcset=\"https:\/\/svetslik.si\/wp-content\/uploads\/2021\/09\/Henri-Rousseau-\u2013-Bouquet-of-Flowers-scaled.jpg 2560w, https:\/\/svetslik.si\/wp-content\/uploads\/2021\/09\/Henri-Rousseau-\u2013-Bouquet-of-Flowers-scaled-600x338.jpg 600w, https:\/\/svetslik.si\/wp-content\/uploads\/2021\/09\/Henri-Rousseau-\u2013-Bouquet-of-Flowers-scaled-1200x675.jpg 1200w, https:\/\/svetslik.si\/wp-content\/uploads\/2021\/09\/Henri-Rousseau-\u2013-Bouquet-of-Flowers-300x169.jpg 300w, https:\/\/svetslik.si\/wp-content\/uploads\/2021\/09\/Henri-Rousseau-\u2013-Bouquet-of-Flowers-1024x577.jpg 1024w, https:\/\/svetslik.si\/wp-content\/uploads\/2021\/09\/Henri-Rousseau-\u2013-Bouquet-of-Flowers-768x432.jpg 768w, https:\/\/svetslik.si\/wp-content\/uploads\/2021\/09\/Henri-Rousseau-\u2013-Bouquet-of-Flowers-1536x865.jpg 1536w, https:\/\/svetslik.si\/wp-content\/uploads\/2021\/09\/Henri-Rousseau-\u2013-Bouquet-of-Flowers-2048x1153.jpg 2048w, https:\/\/svetslik.si\/wp-content\/uploads\/2021\/09\/Henri-Rousseau-\u2013-Bouquet-of-Flowers-18x10.jpg 18w, https:\/\/svetslik.si\/wp-content\/uploads\/2021\/09\/Henri-Rousseau-\u2013-Bouquet-of-Flowers-150x84.jpg 150w, https:\/\/svetslik.si\/wp-content\/uploads\/2021\/09\/Henri-Rousseau-\u2013-Bouquet-of-Flowers-1320x743.jpg 1320w\" sizes=\"(max-width: 2560px) 100vw, 2560px\" \/>\t\t\t\t<\/div>\n\t\t\t\t\t\t\t\t\t\t\t<\/div>\n\t<\/div>\n  [\/vc_column][\/vc_row]\n<\/div>","protected":false},"excerpt":{"rendered":"<p>[vc_row][vc_column][vc_column_text] Henri Rousseau &#8211; Bouquet of Flowers &nbsp; Godina nastanka: 1910 Izvorna veli\u010dina: 49,5 cm x 61 cm Stil slikanja: Postimpresionizam Izvorna tehnika: Ulje na platnu Nalazi se: Galerija Tate, London Rousseau je bio postimpresionisti\u010dki slikar koji je slikao u stilu naive ili primitivizma. Na ovoj je slici u svom [&hellip;]<\/p>\n","protected":false},"featured_media":20070,"template":"","meta":{"_acf_changed":false},"product_brand":[],"product_cat":[3375],"product_tag":[4069,4070,4077,4071],"class_list":{"0":"post-22764","1":"product","2":"type-product","3":"status-publish","4":"has-post-thumbnail","6":"product_cat-henri-rousseau","7":"product_tag-reprodukcija-hr","8":"product_tag-reprodukcije-hr","9":"product_tag-rousseau-hr","10":"product_tag-slikar-hr","11":"pa_dimenzija-110-x-140-cm-hr","12":"pa_dimenzija-130-x-160-cm-hr","13":"pa_dimenzija-150-x-180-cm-hr","14":"pa_dimenzija-50-x-61-cm-hr","15":"pa_dimenzija-60-x-75-cm-hr","16":"pa_dimenzija-70-x-90-cm-hr","17":"pa_dimenzija-80-x-100-cm-hr","18":"pa_dimenzija-90-x-110-cm-hr","19":"pa_oblika-okomito","20":"pa_okvir-bez-okvira","21":"pa_podokvir-bez-podokvira","22":"pa_podokvir-sa-podokvirom","24":"first","25":"onbackorder","26":"purchasable","27":"product-type-variable","28":"has-default-attributes"},"acf":[],"yoast_head":"<!-- This site is optimized with the Yoast SEO Premium plugin v26.0 (Yoast SEO v27.2) - https:\/\/yoast.com\/product\/yoast-seo-premium-wordpress\/ -->\n<title>Henri Rousseau - Bouquet of Flowers - SVETSLIK.SI - 100% ru\u010dno naslikano<\/title>\n<meta name=\"description\" content=\"Henri Rousseau - Bouquet of Flowers - 100% ru\u010dno naslikane reprodukcije slika na platnu. Uokvirivanje slika, prodaja i izrada slika u dimenzijama po narud\u017ebi.\" \/>\n<meta name=\"robots\" content=\"index, follow, max-snippet:-1, max-image-preview:large, max-video-preview:-1\" \/>\n<link rel=\"canonical\" href=\"https:\/\/svetslik.si\/hr\/henri-rousseau\/bouquet-of-flowers\/\" \/>\n<meta property=\"og:locale\" content=\"hr_HR\" \/>\n<meta property=\"og:type\" content=\"article\" \/>\n<meta property=\"og:title\" content=\"Henri Rousseau - Bouquet of Flowers\" \/>\n<meta property=\"og:description\" content=\"100% ro\u010dno naslikane slike na platnu, reprodukcije znanih slikarjev in umetni\u0161ke slike po naro\u010dilu.\" \/>\n<meta property=\"og:url\" content=\"https:\/\/svetslik.si\/hr\/henri-rousseau\/bouquet-of-flowers\/\" \/>\n<meta property=\"og:site_name\" content=\"SVETSLIK.SI\" \/>\n<meta property=\"article:publisher\" content=\"https:\/\/www.facebook.com\/svetslik.si\" \/>\n<meta property=\"article:modified_time\" content=\"2024-07-11T15:19:48+00:00\" \/>\n<meta property=\"og:image\" content=\"https:\/\/svetslik.si\/wp-content\/uploads\/2021\/08\/image_Bouquet-of-Flowers-Henri-Rousseau_680.jpg\" \/>\n\t<meta property=\"og:image:width\" content=\"1280\" \/>\n\t<meta property=\"og:image:height\" content=\"1730\" \/>\n\t<meta property=\"og:image:type\" content=\"image\/jpeg\" \/>\n<meta name=\"twitter:card\" content=\"summary_large_image\" \/>\n<meta name=\"twitter:site\" content=\"@svetslik\" \/>\n<meta name=\"twitter:label1\" content=\"Availability\" \/>\n\t<meta name=\"twitter:data1\" content=\"On backorder\" \/>\n<script type=\"application\/ld+json\" class=\"yoast-schema-graph\">{\"@context\":\"https:\/\/schema.org\",\"@graph\":[{\"@type\":[\"WebPage\",\"ItemPage\"],\"@id\":\"https:\/\/svetslik.si\/hr\/henri-rousseau\/bouquet-of-flowers\/\",\"url\":\"https:\/\/svetslik.si\/hr\/henri-rousseau\/bouquet-of-flowers\/\",\"name\":\"Henri Rousseau - Bouquet of Flowers - SVETSLIK.SI - 100% ru\u010dno naslikano\",\"isPartOf\":{\"@id\":\"https:\/\/svetslik.si\/hr\/#website\"},\"primaryImageOfPage\":{\"@id\":\"https:\/\/svetslik.si\/hr\/henri-rousseau\/bouquet-of-flowers\/#primaryimage\"},\"image\":{\"@id\":\"https:\/\/svetslik.si\/hr\/henri-rousseau\/bouquet-of-flowers\/#primaryimage\"},\"thumbnailUrl\":\"https:\/\/svetslik.si\/wp-content\/uploads\/2021\/08\/image_Bouquet-of-Flowers-Henri-Rousseau_680.jpg\",\"datePublished\":\"2021-09-02T16:17:52+00:00\",\"dateModified\":\"2024-07-11T15:19:48+00:00\",\"description\":\"Henri Rousseau - Bouquet of Flowers - 100% ru\u010dno naslikane reprodukcije slika na platnu. Uokvirivanje slika, prodaja i izrada slika u dimenzijama po narud\u017ebi.\",\"breadcrumb\":{\"@id\":\"https:\/\/svetslik.si\/hr\/henri-rousseau\/bouquet-of-flowers\/#breadcrumb\"},\"inLanguage\":\"hr\",\"potentialAction\":[{\"@type\":\"ReadAction\",\"target\":[\"https:\/\/svetslik.si\/hr\/henri-rousseau\/bouquet-of-flowers\/\"]}]},{\"@type\":\"ImageObject\",\"inLanguage\":\"hr\",\"@id\":\"https:\/\/svetslik.si\/hr\/henri-rousseau\/bouquet-of-flowers\/#primaryimage\",\"url\":\"https:\/\/svetslik.si\/wp-content\/uploads\/2021\/08\/image_Bouquet-of-Flowers-Henri-Rousseau_680.jpg\",\"contentUrl\":\"https:\/\/svetslik.si\/wp-content\/uploads\/2021\/08\/image_Bouquet-of-Flowers-Henri-Rousseau_680.jpg\",\"width\":1280,\"height\":1730,\"caption\":\"Henri Rousseau - Buket cvije\u0107a - Reprodukcije slika, ru\u010dno slikane zidne slike, ulje na platnu, uljane slike, umjetni\u010dke slike, moderne slike za zid, ambijentalne slike, apstraktne slike, dekorativne slike\"},{\"@type\":\"BreadcrumbList\",\"@id\":\"https:\/\/svetslik.si\/hr\/henri-rousseau\/bouquet-of-flowers\/#breadcrumb\",\"itemListElement\":[{\"@type\":\"ListItem\",\"position\":1,\"name\":\"Umjetni\u010dke zidne slike na platnu\",\"item\":\"https:\/\/svetslik.si\/hr\/\"},{\"@type\":\"ListItem\",\"position\":2,\"name\":\"Prodaja slika\",\"item\":\"https:\/\/svetslik.si\/prodaja-slik\/\"},{\"@type\":\"ListItem\",\"position\":3,\"name\":\"Henri Rousseau &#8211; Bouquet of Flowers\"}]},{\"@type\":\"WebSite\",\"@id\":\"https:\/\/svetslik.si\/hr\/#website\",\"url\":\"https:\/\/svetslik.si\/hr\/\",\"name\":\"SVETSLIK.SI\",\"description\":\"100% ru\u010dno naslikane reprodukcije slika poznatih slikara in umjetni\u010dke zidne slike na platnu.\",\"publisher\":{\"@id\":\"https:\/\/svetslik.si\/hr\/#organization\"},\"potentialAction\":[{\"@type\":\"SearchAction\",\"target\":{\"@type\":\"EntryPoint\",\"urlTemplate\":\"https:\/\/svetslik.si\/hr\/?s={search_term_string}\"},\"query-input\":{\"@type\":\"PropertyValueSpecification\",\"valueRequired\":true,\"valueName\":\"search_term_string\"}}],\"inLanguage\":\"hr\"},{\"@type\":\"Organization\",\"@id\":\"https:\/\/svetslik.si\/hr\/#organization\",\"name\":\"SvetSlik.si\",\"url\":\"https:\/\/svetslik.si\/hr\/\",\"logo\":{\"@type\":\"ImageObject\",\"inLanguage\":\"hr\",\"@id\":\"https:\/\/svetslik.si\/hr\/#\/schema\/logo\/image\/\",\"url\":\"https:\/\/svetslik.si\/wp-content\/uploads\/2020\/12\/logo-512.png\",\"contentUrl\":\"https:\/\/svetslik.si\/wp-content\/uploads\/2020\/12\/logo-512.png\",\"width\":512,\"height\":512,\"caption\":\"SvetSlik.si\"},\"image\":{\"@id\":\"https:\/\/svetslik.si\/hr\/#\/schema\/logo\/image\/\"},\"sameAs\":[\"https:\/\/www.facebook.com\/svetslik.si\",\"https:\/\/x.com\/svetslik\",\"https:\/\/www.instagram.com\/svetslik.si\/\",\"https:\/\/www.linkedin.com\/company\/svetslik-si\"]}]}<\/script>\n<meta property=\"og:availability\" content=\"backorder\" \/>\n<meta property=\"product:availability\" content=\"available for order\" \/>\n<meta property=\"product:retailer_item_id\" content=\"511__\" \/>\n<meta property=\"product:condition\" content=\"new\" \/>\n<!-- \/ Yoast SEO Premium plugin. -->","yoast_head_json":{"title":"Henri Rousseau - Bouquet of Flowers - SVETSLIK.SI - 100% ru\u010dno naslikano","description":"Henri Rousseau - Bouquet of Flowers - 100% ru\u010dno naslikane reprodukcije slika na platnu. Uokvirivanje slika, prodaja i izrada slika u dimenzijama po narud\u017ebi.","robots":{"index":"index","follow":"follow","max-snippet":"max-snippet:-1","max-image-preview":"max-image-preview:large","max-video-preview":"max-video-preview:-1"},"canonical":"https:\/\/svetslik.si\/hr\/henri-rousseau\/bouquet-of-flowers\/","og_locale":"hr_HR","og_type":"article","og_title":"Henri Rousseau - Bouquet of Flowers","og_description":"100% ro\u010dno naslikane slike na platnu, reprodukcije znanih slikarjev in umetni\u0161ke slike po naro\u010dilu.","og_url":"https:\/\/svetslik.si\/hr\/henri-rousseau\/bouquet-of-flowers\/","og_site_name":"SVETSLIK.SI","article_publisher":"https:\/\/www.facebook.com\/svetslik.si","article_modified_time":"2024-07-11T15:19:48+00:00","og_image":[{"width":1280,"height":1730,"url":"https:\/\/svetslik.si\/wp-content\/uploads\/2021\/08\/image_Bouquet-of-Flowers-Henri-Rousseau_680.jpg","type":"image\/jpeg"}],"twitter_card":"summary_large_image","twitter_site":"@svetslik","twitter_misc":{"Availability":"On backorder"},"schema":{"@context":"https:\/\/schema.org","@graph":[{"@type":["WebPage","ItemPage"],"@id":"https:\/\/svetslik.si\/hr\/henri-rousseau\/bouquet-of-flowers\/","url":"https:\/\/svetslik.si\/hr\/henri-rousseau\/bouquet-of-flowers\/","name":"Henri Rousseau - Bouquet of Flowers - SVETSLIK.SI - 100% ru\u010dno naslikano","isPartOf":{"@id":"https:\/\/svetslik.si\/hr\/#website"},"primaryImageOfPage":{"@id":"https:\/\/svetslik.si\/hr\/henri-rousseau\/bouquet-of-flowers\/#primaryimage"},"image":{"@id":"https:\/\/svetslik.si\/hr\/henri-rousseau\/bouquet-of-flowers\/#primaryimage"},"thumbnailUrl":"https:\/\/svetslik.si\/wp-content\/uploads\/2021\/08\/image_Bouquet-of-Flowers-Henri-Rousseau_680.jpg","datePublished":"2021-09-02T16:17:52+00:00","dateModified":"2024-07-11T15:19:48+00:00","description":"Henri Rousseau - Bouquet of Flowers - 100% ru\u010dno naslikane reprodukcije slika na platnu. Uokvirivanje slika, prodaja i izrada slika u dimenzijama po narud\u017ebi.","breadcrumb":{"@id":"https:\/\/svetslik.si\/hr\/henri-rousseau\/bouquet-of-flowers\/#breadcrumb"},"inLanguage":"hr","potentialAction":[{"@type":"ReadAction","target":["https:\/\/svetslik.si\/hr\/henri-rousseau\/bouquet-of-flowers\/"]}]},{"@type":"ImageObject","inLanguage":"hr","@id":"https:\/\/svetslik.si\/hr\/henri-rousseau\/bouquet-of-flowers\/#primaryimage","url":"https:\/\/svetslik.si\/wp-content\/uploads\/2021\/08\/image_Bouquet-of-Flowers-Henri-Rousseau_680.jpg","contentUrl":"https:\/\/svetslik.si\/wp-content\/uploads\/2021\/08\/image_Bouquet-of-Flowers-Henri-Rousseau_680.jpg","width":1280,"height":1730,"caption":"Henri Rousseau - Buket cvije\u0107a - Reprodukcije slika, ru\u010dno slikane zidne slike, ulje na platnu, uljane slike, umjetni\u010dke slike, moderne slike za zid, ambijentalne slike, apstraktne slike, dekorativne slike"},{"@type":"BreadcrumbList","@id":"https:\/\/svetslik.si\/hr\/henri-rousseau\/bouquet-of-flowers\/#breadcrumb","itemListElement":[{"@type":"ListItem","position":1,"name":"Umjetni\u010dke zidne slike na platnu","item":"https:\/\/svetslik.si\/hr\/"},{"@type":"ListItem","position":2,"name":"Prodaja slika","item":"https:\/\/svetslik.si\/prodaja-slik\/"},{"@type":"ListItem","position":3,"name":"Henri Rousseau &#8211; Bouquet of Flowers"}]},{"@type":"WebSite","@id":"https:\/\/svetslik.si\/hr\/#website","url":"https:\/\/svetslik.si\/hr\/","name":"SVETSLIK.SI","description":"100% ru\u010dno naslikane reprodukcije slika poznatih slikara in umjetni\u010dke zidne slike na platnu.","publisher":{"@id":"https:\/\/svetslik.si\/hr\/#organization"},"potentialAction":[{"@type":"SearchAction","target":{"@type":"EntryPoint","urlTemplate":"https:\/\/svetslik.si\/hr\/?s={search_term_string}"},"query-input":{"@type":"PropertyValueSpecification","valueRequired":true,"valueName":"search_term_string"}}],"inLanguage":"hr"},{"@type":"Organization","@id":"https:\/\/svetslik.si\/hr\/#organization","name":"SvetSlik.si","url":"https:\/\/svetslik.si\/hr\/","logo":{"@type":"ImageObject","inLanguage":"hr","@id":"https:\/\/svetslik.si\/hr\/#\/schema\/logo\/image\/","url":"https:\/\/svetslik.si\/wp-content\/uploads\/2020\/12\/logo-512.png","contentUrl":"https:\/\/svetslik.si\/wp-content\/uploads\/2020\/12\/logo-512.png","width":512,"height":512,"caption":"SvetSlik.si"},"image":{"@id":"https:\/\/svetslik.si\/hr\/#\/schema\/logo\/image\/"},"sameAs":["https:\/\/www.facebook.com\/svetslik.si","https:\/\/x.com\/svetslik","https:\/\/www.instagram.com\/svetslik.si\/","https:\/\/www.linkedin.com\/company\/svetslik-si"]}]},"og_availability":"backorder","product_availability":"available for order","product_retailer_item_id":"511__","product_condition":"new"},"jetpack_sharing_enabled":true,"_links":{"self":[{"href":"https:\/\/svetslik.si\/hr\/wp-json\/wp\/v2\/product\/22764","targetHints":{"allow":["GET"]}}],"collection":[{"href":"https:\/\/svetslik.si\/hr\/wp-json\/wp\/v2\/product"}],"about":[{"href":"https:\/\/svetslik.si\/hr\/wp-json\/wp\/v2\/types\/product"}],"wp:featuredmedia":[{"embeddable":true,"href":"https:\/\/svetslik.si\/hr\/wp-json\/wp\/v2\/media\/20070"}],"wp:attachment":[{"href":"https:\/\/svetslik.si\/hr\/wp-json\/wp\/v2\/media?parent=22764"}],"wp:term":[{"taxonomy":"product_brand","embeddable":true,"href":"https:\/\/svetslik.si\/hr\/wp-json\/wp\/v2\/product_brand?post=22764"},{"taxonomy":"product_cat","embeddable":true,"href":"https:\/\/svetslik.si\/hr\/wp-json\/wp\/v2\/product_cat?post=22764"},{"taxonomy":"product_tag","embeddable":true,"href":"https:\/\/svetslik.si\/hr\/wp-json\/wp\/v2\/product_tag?post=22764"}],"curies":[{"name":"wp","href":"https:\/\/api.w.org\/{rel}","templated":true}]}}