{"id":22808,"date":"2021-09-02T17:44:04","date_gmt":"2021-09-02T15:44:04","guid":{"rendered":"https:\/\/svetslik.si\/nekategorizirano\/vasilij-kandinski-yellow-red-blue\/"},"modified":"2026-03-13T19:39:39","modified_gmt":"2026-03-13T18:39:39","slug":"yellow-red-blue","status":"publish","type":"product","link":"https:\/\/svetslik.si\/hr\/vasilij-kandinski\/yellow-red-blue\/","title":{"rendered":"Vasilij Kandinski &#8211; Yellow Red Blue"},"content":{"rendered":"<div class=\"wpb-content-wrapper\">[vc_row][vc_column][vc_column_text css=&#8221;&#8221;]\n<p data-pm-slice=\"1 1 []\"><div class=\"yt-lazy-video ratio-square\" data-id=\"7S4O6PDvsE0\"><\/div>\n[\/vc_column][\/vc_row][vc_row css=&#8221;.vc_custom_1705662340566{margin-bottom: 10px !important;}&#8221;][vc_column]\t<div class=\"et-image-92 et-image     et_image_link\">\n\t\t<div class=\"et-image-inner \">\n\t\t\t\t\t\t\t<div class=\"et-image-thumb \">\n\t\t\t\t\t<img decoding=\"async\" width=\"1000\" height=\"647\" src=\"https:\/\/svetslik.si\/wp-content\/uploads\/2021\/09\/Vasilij-Kandinski-\u2013-Yellow-Red-Blue-reprodukcije-slik-5.jpg\" class=\"attachment-full\" alt=\"Vasilij Kandinski \u2013 Yellow Red Blue reprodukcije slik\" title=\"Vasilij-Kandinski-\u2013-Yellow-Red-Blue-reprodukcije-slik-5\" srcset=\"https:\/\/svetslik.si\/wp-content\/uploads\/2021\/09\/Vasilij-Kandinski-\u2013-Yellow-Red-Blue-reprodukcije-slik-5.jpg 1000w, https:\/\/svetslik.si\/wp-content\/uploads\/2021\/09\/Vasilij-Kandinski-\u2013-Yellow-Red-Blue-reprodukcije-slik-5-600x388.jpg 600w, https:\/\/svetslik.si\/wp-content\/uploads\/2021\/09\/Vasilij-Kandinski-\u2013-Yellow-Red-Blue-reprodukcije-slik-5-300x194.jpg 300w, https:\/\/svetslik.si\/wp-content\/uploads\/2021\/09\/Vasilij-Kandinski-\u2013-Yellow-Red-Blue-reprodukcije-slik-5-768x497.jpg 768w, https:\/\/svetslik.si\/wp-content\/uploads\/2021\/09\/Vasilij-Kandinski-\u2013-Yellow-Red-Blue-reprodukcije-slik-5-150x97.jpg 150w, https:\/\/svetslik.si\/wp-content\/uploads\/2021\/09\/Vasilij-Kandinski-\u2013-Yellow-Red-Blue-reprodukcije-slik-5-900x582.jpg 900w\" sizes=\"(max-width: 1000px) 100vw, 1000px\" \/>\t\t\t\t<\/div>\n\t\t\t\t\t\t\t\t\t\t\t<\/div>\n\t<\/div>\n  [\/vc_column][\/vc_row][vc_row css=&#8221;.vc_custom_1705662340566{margin-bottom: 10px !important;}&#8221;][vc_column]\t<div class=\"et-image-209 et-image     et_image_link\">\n\t\t<div class=\"et-image-inner \">\n\t\t\t\t\t\t\t<div class=\"et-image-thumb \">\n\t\t\t\t\t<img decoding=\"async\" width=\"1000\" height=\"1246\" src=\"https:\/\/svetslik.si\/wp-content\/uploads\/2021\/09\/Vasilij-Kandinski-\u2013-Yellow-Red-Blue-reprodukcije-slik-4.jpg\" class=\"attachment-full\" alt=\"Vasilij Kandinski \u2013 Yellow Red Blue reprodukcije slik\" title=\"Vasilij-Kandinski-\u2013-Yellow-Red-Blue-reprodukcije-slik-4\" srcset=\"https:\/\/svetslik.si\/wp-content\/uploads\/2021\/09\/Vasilij-Kandinski-\u2013-Yellow-Red-Blue-reprodukcije-slik-4.jpg 1000w, https:\/\/svetslik.si\/wp-content\/uploads\/2021\/09\/Vasilij-Kandinski-\u2013-Yellow-Red-Blue-reprodukcije-slik-4-600x748.jpg 600w, https:\/\/svetslik.si\/wp-content\/uploads\/2021\/09\/Vasilij-Kandinski-\u2013-Yellow-Red-Blue-reprodukcije-slik-4-241x300.jpg 241w, https:\/\/svetslik.si\/wp-content\/uploads\/2021\/09\/Vasilij-Kandinski-\u2013-Yellow-Red-Blue-reprodukcije-slik-4-822x1024.jpg 822w, https:\/\/svetslik.si\/wp-content\/uploads\/2021\/09\/Vasilij-Kandinski-\u2013-Yellow-Red-Blue-reprodukcije-slik-4-768x957.jpg 768w, https:\/\/svetslik.si\/wp-content\/uploads\/2021\/09\/Vasilij-Kandinski-\u2013-Yellow-Red-Blue-reprodukcije-slik-4-120x150.jpg 120w, https:\/\/svetslik.si\/wp-content\/uploads\/2021\/09\/Vasilij-Kandinski-\u2013-Yellow-Red-Blue-reprodukcije-slik-4-900x1121.jpg 900w\" sizes=\"(max-width: 1000px) 100vw, 1000px\" \/>\t\t\t\t<\/div>\n\t\t\t\t\t\t\t\t\t\t\t<\/div>\n\t<\/div>\n  [\/vc_column][\/vc_row][vc_row css=&#8221;.vc_custom_1705662340566{margin-bottom: 10px !important;}&#8221;][vc_column]\t<div class=\"et-image-647 et-image     et_image_link\">\n\t\t<div class=\"et-image-inner \">\n\t\t\t\t\t\t\t<div class=\"et-image-thumb \">\n\t\t\t\t\t<img decoding=\"async\" width=\"1000\" height=\"984\" src=\"https:\/\/svetslik.si\/wp-content\/uploads\/2021\/09\/Vasilij-Kandinski-\u2013-Yellow-Red-Blue-reprodukcije-slik-3.jpg\" class=\"attachment-full\" alt=\"Vasilij Kandinski \u2013 Yellow Red Blue reprodukcije slik\" title=\"Vasilij-Kandinski-\u2013-Yellow-Red-Blue-reprodukcije-slik-3\" srcset=\"https:\/\/svetslik.si\/wp-content\/uploads\/2021\/09\/Vasilij-Kandinski-\u2013-Yellow-Red-Blue-reprodukcije-slik-3.jpg 1000w, https:\/\/svetslik.si\/wp-content\/uploads\/2021\/09\/Vasilij-Kandinski-\u2013-Yellow-Red-Blue-reprodukcije-slik-3-600x590.jpg 600w, https:\/\/svetslik.si\/wp-content\/uploads\/2021\/09\/Vasilij-Kandinski-\u2013-Yellow-Red-Blue-reprodukcije-slik-3-300x295.jpg 300w, https:\/\/svetslik.si\/wp-content\/uploads\/2021\/09\/Vasilij-Kandinski-\u2013-Yellow-Red-Blue-reprodukcije-slik-3-768x756.jpg 768w, https:\/\/svetslik.si\/wp-content\/uploads\/2021\/09\/Vasilij-Kandinski-\u2013-Yellow-Red-Blue-reprodukcije-slik-3-150x148.jpg 150w, https:\/\/svetslik.si\/wp-content\/uploads\/2021\/09\/Vasilij-Kandinski-\u2013-Yellow-Red-Blue-reprodukcije-slik-3-900x886.jpg 900w\" sizes=\"(max-width: 1000px) 100vw, 1000px\" \/>\t\t\t\t<\/div>\n\t\t\t\t\t\t\t\t\t\t\t<\/div>\n\t<\/div>\n  [\/vc_column][\/vc_row][vc_row css=&#8221;.vc_custom_1705662340566{margin-bottom: 10px !important;}&#8221;][vc_column]\t<div class=\"et-image-683 et-image     et_image_link\">\n\t\t<div class=\"et-image-inner \">\n\t\t\t\t\t\t\t<div class=\"et-image-thumb \">\n\t\t\t\t\t<img decoding=\"async\" width=\"1000\" height=\"622\" src=\"https:\/\/svetslik.si\/wp-content\/uploads\/2021\/09\/Vasilij-Kandinski-\u2013-Yellow-Red-Blue-reprodukcije-slik-2.jpg\" class=\"attachment-full\" alt=\"Vasilij Kandinski \u2013 Yellow Red Blue reprodukcije slik\" title=\"Vasilij-Kandinski-\u2013-Yellow-Red-Blue-reprodukcije-slik-2\" srcset=\"https:\/\/svetslik.si\/wp-content\/uploads\/2021\/09\/Vasilij-Kandinski-\u2013-Yellow-Red-Blue-reprodukcije-slik-2.jpg 1000w, https:\/\/svetslik.si\/wp-content\/uploads\/2021\/09\/Vasilij-Kandinski-\u2013-Yellow-Red-Blue-reprodukcije-slik-2-600x373.jpg 600w, https:\/\/svetslik.si\/wp-content\/uploads\/2021\/09\/Vasilij-Kandinski-\u2013-Yellow-Red-Blue-reprodukcije-slik-2-300x187.jpg 300w, https:\/\/svetslik.si\/wp-content\/uploads\/2021\/09\/Vasilij-Kandinski-\u2013-Yellow-Red-Blue-reprodukcije-slik-2-768x478.jpg 768w, https:\/\/svetslik.si\/wp-content\/uploads\/2021\/09\/Vasilij-Kandinski-\u2013-Yellow-Red-Blue-reprodukcije-slik-2-150x93.jpg 150w, https:\/\/svetslik.si\/wp-content\/uploads\/2021\/09\/Vasilij-Kandinski-\u2013-Yellow-Red-Blue-reprodukcije-slik-2-900x560.jpg 900w\" sizes=\"(max-width: 1000px) 100vw, 1000px\" \/>\t\t\t\t<\/div>\n\t\t\t\t\t\t\t\t\t\t\t<\/div>\n\t<\/div>\n  [\/vc_column][\/vc_row][vc_row css=&#8221;.vc_custom_1705662340566{margin-bottom: 10px !important;}&#8221;][vc_column]\t<div class=\"et-image-475 et-image     et_image_link\">\n\t\t<div class=\"et-image-inner \">\n\t\t\t\t\t\t\t<div class=\"et-image-thumb \">\n\t\t\t\t\t<img decoding=\"async\" width=\"1000\" height=\"563\" src=\"https:\/\/svetslik.si\/wp-content\/uploads\/2021\/09\/Vasilij-Kandinski-\u2013-Yellow-Red-Blue-reprodukcije-slik.jpg\" class=\"attachment-full\" alt=\"Vasilij Kandinski \u2013 Yellow Red Blue reprodukcije slik\" title=\"Vasilij-Kandinski-\u2013-Yellow-Red-Blue-reprodukcije-slik\" srcset=\"https:\/\/svetslik.si\/wp-content\/uploads\/2021\/09\/Vasilij-Kandinski-\u2013-Yellow-Red-Blue-reprodukcije-slik.jpg 1000w, https:\/\/svetslik.si\/wp-content\/uploads\/2021\/09\/Vasilij-Kandinski-\u2013-Yellow-Red-Blue-reprodukcije-slik-600x338.jpg 600w, https:\/\/svetslik.si\/wp-content\/uploads\/2021\/09\/Vasilij-Kandinski-\u2013-Yellow-Red-Blue-reprodukcije-slik-300x169.jpg 300w, https:\/\/svetslik.si\/wp-content\/uploads\/2021\/09\/Vasilij-Kandinski-\u2013-Yellow-Red-Blue-reprodukcije-slik-768x432.jpg 768w, https:\/\/svetslik.si\/wp-content\/uploads\/2021\/09\/Vasilij-Kandinski-\u2013-Yellow-Red-Blue-reprodukcije-slik-150x84.jpg 150w, https:\/\/svetslik.si\/wp-content\/uploads\/2021\/09\/Vasilij-Kandinski-\u2013-Yellow-Red-Blue-reprodukcije-slik-900x507.jpg 900w\" sizes=\"(max-width: 1000px) 100vw, 1000px\" \/>\t\t\t\t<\/div>\n\t\t\t\t\t\t\t\t\t\t\t<\/div>\n\t<\/div>\n  [\/vc_column][\/vc_row][vc_row][vc_column][vc_column_text]\n<h1>Vasilij Kandinski &#8211; \u017euto crveno plavo<\/h1>\n<table border=\"0\" width=\"673\" cellspacing=\"0\" cellpadding=\"0\">\n<colgroup>\n<col style=\"width: 135pt;\" width=\"180\" \/>\n<col style=\"width: 370pt;\" width=\"493\" \/> <\/colgroup>\n<tbody>\n<tr style=\"height: 15.75pt;\">\n<td class=\"xl24\" width=\"180\" height=\"21\">Godina stvaranja:<\/td>\n<td class=\"xl25\" style=\"width: 370pt;\" width=\"493\">1925<\/td>\n<\/tr>\n<tr style=\"height: 15.75pt;\">\n<td class=\"xl24\" width=\"180\" height=\"21\">Izvorna veli\u010dina:<\/td>\n<td class=\"xl24\" style=\"width: 370pt;\" width=\"493\">200 cm x 127 cm<\/td>\n<\/tr>\n<tr style=\"height: 15.75pt;\">\n<td class=\"xl24\" width=\"180\" height=\"21\">Stil bojanja:<\/td>\n<td class=\"xl24\" style=\"width: 370pt;\" width=\"493\">Apstraktna umjetnost<\/td>\n<\/tr>\n<tr style=\"height: 15.75pt;\">\n<td class=\"xl24\" width=\"180\" height=\"21\">Izvorna tehnika:<\/td>\n<td>Ulje na platnu<\/td>\n<\/tr>\n<tr style=\"height: 15.75pt;\">\n<td class=\"xl24\" width=\"180\" height=\"21\">Lokacija:<\/td>\n<td>Muzej moderne umjetnosti Pariz<\/td>\n<\/tr>\n<\/tbody>\n<\/table>\n<p>&nbsp;<\/p>\n<p>Jedno od njegovih najpoznatijih djela je &#8220;\u017duto-crveno-plavo&#8221;, poznato i kao &#8220;Kompozicija VII&#8221;.<\/p>\n<p>&#8220;\u017duto-crveno-plavo&#8221; je slika slo\u017eene kompozicije apstraktnih oblika i formi. Sliku karakterizira hrabra upotreba boja, a prevladavaju \u017euta, crvena i plava. Oblici i oblici raspore\u0111eni su u dinami\u010dnu i proto\u010dnu kompoziciju, stvaraju\u0107i osje\u0107aj kretanja i energije. Slika se smatra jednim od najambicioznijih i najambicioznijih djela Kandinskog i izvrstan je primjer njegova zrelog apstraktnog stila.<\/p>\n<p>Djela Kandinskog poznata su po upotrebi boja i oblika za izazivanje emocija i osje\u0107aja. Slika &#8220;\u017duto-crveno-plavo&#8221; nije iznimka, jer hrabra upotreba boja i dinami\u010dna kompozicija stvaraju osje\u0107aj pokreta i energije u slici. To je izvrstan primjer zrelog apstraktnog stila Kandinskog.<\/p>\n<p>Slika &#8220;\u017duto-crveno-plavo&#8221; nastala je 1913. godine i trenutno se nalazi u zbirci muzeja Ermita\u017e u Sankt Peterburgu u Rusiji. Jo\u0161 uvijek ga slave i obo\u017eavaju ga ljubitelji umjetnosti i kriti\u010dari, a smatra se jednim od najva\u017enijih djela u karijeri Kandinskog.<\/p>\n<p>Na kraju, recimo da je &#8220;\u017duto-crveno-plavo&#8221; slika Vasilija Kandinskog, ruskog slikara i teoreti\u010dara umjetnosti koji se smatra jednim od pionira apstraktne umjetnosti. To je jedno od njegovih najpoznatijih djela, poznato po njegovoj odva\u017enoj upotrebi boja, dinami\u010dnoj kompoziciji i sposobnosti da izazove emocije i osje\u0107aje kori\u0161tenjem boja i oblika. Jo\u0161 uvijek ga slave i dive mu se ljubitelji umjetnosti i kriti\u010dari, a smatra se jednim od najva\u017enijih djela u karijeri Kandinskog.[\/vc_column_text][\/vc_column][\/vc_row]\n<\/div>","protected":false},"excerpt":{"rendered":"<p>[vc_row][vc_column][vc_column_text css=&#8221;&#8221;] [\/vc_column][\/vc_row][vc_row css=&#8221;.vc_custom_1705662340566{margin-bottom: 10px !important;}&#8221;][vc_column][\/vc_column][\/vc_row][vc_row css=&#8221;.vc_custom_1705662340566{margin-bottom: 10px !important;}&#8221;][vc_column][\/vc_column][\/vc_row][vc_row css=&#8221;.vc_custom_1705662340566{margin-bottom: 10px !important;}&#8221;][vc_column][\/vc_column][\/vc_row][vc_row css=&#8221;.vc_custom_1705662340566{margin-bottom: 10px !important;}&#8221;][vc_column][\/vc_column][\/vc_row][vc_row css=&#8221;.vc_custom_1705662340566{margin-bottom: 10px !important;}&#8221;][vc_column][\/vc_column][\/vc_row][vc_row][vc_column][vc_column_text] Vasilij Kandinski &#8211; \u017euto crveno plavo Godina stvaranja: 1925 Izvorna veli\u010dina: 200 cm x 127 cm Stil bojanja: Apstraktna umjetnost Izvorna tehnika: Ulje na platnu Lokacija: Muzej moderne umjetnosti Pariz &nbsp; Jedno [&hellip;]<\/p>\n","protected":false},"featured_media":20944,"template":"","meta":{"_acf_changed":false},"product_brand":[],"product_cat":[3380],"product_tag":[4086,4087,4069,4070,4071],"class_list":{"0":"post-22808","1":"product","2":"type-product","3":"status-publish","4":"has-post-thumbnail","6":"product_cat-vasilij-kandinski","7":"product_tag-kandinski-hr","8":"product_tag-kandinsky-hr","9":"product_tag-reprodukcija-hr","10":"product_tag-reprodukcije-hr","11":"product_tag-slikar-hr","12":"pa_dimenzija-120-x-80-cm-hr","13":"pa_dimenzija-140-x-80-cm-hr","14":"pa_dimenzija-200-x-127-cm-hr","15":"pa_dimenzija-40-x-30-cm-hr","16":"pa_dimenzija-50-x-30-cm-hr","17":"pa_dimenzija-60-x-40-cm-hr","18":"pa_dimenzija-70-x-40-cm-hr","19":"pa_dimenzija-80-x-50-cm-hr","20":"pa_dimenzija-90-x-60-cm-hr","21":"pa_oblika-horizontalno","22":"pa_okvir-bez-okvira","23":"pa_podokvir-bez-podokvira","24":"pa_podokvir-sa-podokvirom","26":"first","27":"instock","28":"purchasable","29":"product-type-variable","30":"has-default-attributes"},"acf":[],"yoast_head":"<!-- This site is optimized with the Yoast SEO Premium plugin v26.0 (Yoast SEO v27.2) - https:\/\/yoast.com\/product\/yoast-seo-premium-wordpress\/ -->\n<title>Vasilij Kandinski - Yellow Red Blue - SVETSLIK.SI - 100% ru\u010dno naslikano<\/title>\n<meta name=\"description\" content=\"Vasilij Kandinski - Yellow Red Blue - 100% ru\u010dno naslikane reprodukcije slika na platnu. Okvirivanje slika, prodaja i izrada slika u dimenzijama po narud\u017ebi.\" \/>\n<meta name=\"robots\" content=\"index, follow, max-snippet:-1, max-image-preview:large, max-video-preview:-1\" \/>\n<link rel=\"canonical\" href=\"https:\/\/svetslik.si\/hr\/vasilij-kandinski\/yellow-red-blue\/\" \/>\n<meta property=\"og:locale\" content=\"hr_HR\" \/>\n<meta property=\"og:type\" content=\"article\" \/>\n<meta property=\"og:title\" content=\"Vasilij Kandinski - Yellow Red Blue\" \/>\n<meta property=\"og:description\" content=\"100% ro\u010dno naslikane slike na platnu, reprodukcije znanih slikarjev in umetni\u0161ke slike po naro\u010dilu.\" \/>\n<meta property=\"og:url\" content=\"https:\/\/svetslik.si\/hr\/vasilij-kandinski\/yellow-red-blue\/\" \/>\n<meta property=\"og:site_name\" content=\"SVETSLIK.SI\" \/>\n<meta property=\"article:publisher\" content=\"https:\/\/www.facebook.com\/svetslik.si\" \/>\n<meta property=\"article:modified_time\" content=\"2026-03-13T18:39:39+00:00\" \/>\n<meta property=\"og:image\" content=\"https:\/\/svetslik.si\/wp-content\/uploads\/2021\/08\/image_umetniska-slika-Vasilij-Kandinski-Yellow-Red-Blue_680-scaled.jpg\" \/>\n\t<meta property=\"og:image:width\" content=\"2560\" \/>\n\t<meta property=\"og:image:height\" content=\"1594\" \/>\n\t<meta property=\"og:image:type\" content=\"image\/jpeg\" \/>\n<meta name=\"twitter:card\" content=\"summary_large_image\" \/>\n<meta name=\"twitter:site\" content=\"@svetslik\" \/>\n<meta name=\"twitter:label1\" content=\"Availability\" \/>\n\t<meta name=\"twitter:data1\" content=\"Na zalihi\" \/>\n<script type=\"application\/ld+json\" class=\"yoast-schema-graph\">{\"@context\":\"https:\/\/schema.org\",\"@graph\":[{\"@type\":[\"WebPage\",\"ItemPage\"],\"@id\":\"https:\/\/svetslik.si\/hr\/vasilij-kandinski\/yellow-red-blue\/\",\"url\":\"https:\/\/svetslik.si\/hr\/vasilij-kandinski\/yellow-red-blue\/\",\"name\":\"Vasilij Kandinski - Yellow Red Blue - SVETSLIK.SI - 100% ru\u010dno naslikano\",\"isPartOf\":{\"@id\":\"https:\/\/svetslik.si\/hr\/#website\"},\"primaryImageOfPage\":{\"@id\":\"https:\/\/svetslik.si\/hr\/vasilij-kandinski\/yellow-red-blue\/#primaryimage\"},\"image\":{\"@id\":\"https:\/\/svetslik.si\/hr\/vasilij-kandinski\/yellow-red-blue\/#primaryimage\"},\"thumbnailUrl\":\"https:\/\/svetslik.si\/wp-content\/uploads\/2021\/08\/image_umetniska-slika-Vasilij-Kandinski-Yellow-Red-Blue_680-scaled.jpg\",\"datePublished\":\"2021-09-02T15:44:04+00:00\",\"dateModified\":\"2026-03-13T18:39:39+00:00\",\"description\":\"Vasilij Kandinski - Yellow Red Blue - 100% ru\u010dno naslikane reprodukcije slika na platnu. Okvirivanje slika, prodaja i izrada slika u dimenzijama po narud\u017ebi.\",\"breadcrumb\":{\"@id\":\"https:\/\/svetslik.si\/hr\/vasilij-kandinski\/yellow-red-blue\/#breadcrumb\"},\"inLanguage\":\"hr\",\"potentialAction\":[{\"@type\":\"ReadAction\",\"target\":[\"https:\/\/svetslik.si\/hr\/vasilij-kandinski\/yellow-red-blue\/\"]}]},{\"@type\":\"ImageObject\",\"inLanguage\":\"hr\",\"@id\":\"https:\/\/svetslik.si\/hr\/vasilij-kandinski\/yellow-red-blue\/#primaryimage\",\"url\":\"https:\/\/svetslik.si\/wp-content\/uploads\/2021\/08\/image_umetniska-slika-Vasilij-Kandinski-Yellow-Red-Blue_680-scaled.jpg\",\"contentUrl\":\"https:\/\/svetslik.si\/wp-content\/uploads\/2021\/08\/image_umetniska-slika-Vasilij-Kandinski-Yellow-Red-Blue_680-scaled.jpg\",\"width\":2560,\"height\":1594,\"caption\":\"Kandinski - Jaune Rouge Bleu Ru\u010dno naslikane reprodukcije poznatih slikara, moderna zidna umjetnost, zidne umjetni\u010dke slike\"},{\"@type\":\"BreadcrumbList\",\"@id\":\"https:\/\/svetslik.si\/hr\/vasilij-kandinski\/yellow-red-blue\/#breadcrumb\",\"itemListElement\":[{\"@type\":\"ListItem\",\"position\":1,\"name\":\"Umjetni\u010dke zidne slike na platnu\",\"item\":\"https:\/\/svetslik.si\/hr\/\"},{\"@type\":\"ListItem\",\"position\":2,\"name\":\"Prodaja slika\",\"item\":\"https:\/\/svetslik.si\/prodaja-slik\/\"},{\"@type\":\"ListItem\",\"position\":3,\"name\":\"Vasilij Kandinski &#8211; Yellow Red Blue\"}]},{\"@type\":\"WebSite\",\"@id\":\"https:\/\/svetslik.si\/hr\/#website\",\"url\":\"https:\/\/svetslik.si\/hr\/\",\"name\":\"SVETSLIK.SI\",\"description\":\"100% ru\u010dno naslikane reprodukcije slika poznatih slikara in umjetni\u010dke zidne slike na platnu.\",\"publisher\":{\"@id\":\"https:\/\/svetslik.si\/hr\/#organization\"},\"potentialAction\":[{\"@type\":\"SearchAction\",\"target\":{\"@type\":\"EntryPoint\",\"urlTemplate\":\"https:\/\/svetslik.si\/hr\/?s={search_term_string}\"},\"query-input\":{\"@type\":\"PropertyValueSpecification\",\"valueRequired\":true,\"valueName\":\"search_term_string\"}}],\"inLanguage\":\"hr\"},{\"@type\":\"Organization\",\"@id\":\"https:\/\/svetslik.si\/hr\/#organization\",\"name\":\"SvetSlik.si\",\"url\":\"https:\/\/svetslik.si\/hr\/\",\"logo\":{\"@type\":\"ImageObject\",\"inLanguage\":\"hr\",\"@id\":\"https:\/\/svetslik.si\/hr\/#\/schema\/logo\/image\/\",\"url\":\"https:\/\/svetslik.si\/wp-content\/uploads\/2020\/12\/logo-512.png\",\"contentUrl\":\"https:\/\/svetslik.si\/wp-content\/uploads\/2020\/12\/logo-512.png\",\"width\":512,\"height\":512,\"caption\":\"SvetSlik.si\"},\"image\":{\"@id\":\"https:\/\/svetslik.si\/hr\/#\/schema\/logo\/image\/\"},\"sameAs\":[\"https:\/\/www.facebook.com\/svetslik.si\",\"https:\/\/x.com\/svetslik\",\"https:\/\/www.instagram.com\/svetslik.si\/\",\"https:\/\/www.linkedin.com\/company\/svetslik-si\"]}]}<\/script>\n<meta property=\"og:availability\" content=\"instock\" \/>\n<meta property=\"product:availability\" content=\"instock\" \/>\n<meta property=\"product:retailer_item_id\" content=\"95__\" \/>\n<meta property=\"product:condition\" content=\"new\" \/>\n<!-- \/ Yoast SEO Premium plugin. -->","yoast_head_json":{"title":"Vasilij Kandinski - Yellow Red Blue - SVETSLIK.SI - 100% ru\u010dno naslikano","description":"Vasilij Kandinski - Yellow Red Blue - 100% ru\u010dno naslikane reprodukcije slika na platnu. Okvirivanje slika, prodaja i izrada slika u dimenzijama po narud\u017ebi.","robots":{"index":"index","follow":"follow","max-snippet":"max-snippet:-1","max-image-preview":"max-image-preview:large","max-video-preview":"max-video-preview:-1"},"canonical":"https:\/\/svetslik.si\/hr\/vasilij-kandinski\/yellow-red-blue\/","og_locale":"hr_HR","og_type":"article","og_title":"Vasilij Kandinski - Yellow Red Blue","og_description":"100% ro\u010dno naslikane slike na platnu, reprodukcije znanih slikarjev in umetni\u0161ke slike po naro\u010dilu.","og_url":"https:\/\/svetslik.si\/hr\/vasilij-kandinski\/yellow-red-blue\/","og_site_name":"SVETSLIK.SI","article_publisher":"https:\/\/www.facebook.com\/svetslik.si","article_modified_time":"2026-03-13T18:39:39+00:00","og_image":[{"width":2560,"height":1594,"url":"https:\/\/svetslik.si\/wp-content\/uploads\/2021\/08\/image_umetniska-slika-Vasilij-Kandinski-Yellow-Red-Blue_680-scaled.jpg","type":"image\/jpeg"}],"twitter_card":"summary_large_image","twitter_site":"@svetslik","twitter_misc":{"Availability":"Na zalihi"},"schema":{"@context":"https:\/\/schema.org","@graph":[{"@type":["WebPage","ItemPage"],"@id":"https:\/\/svetslik.si\/hr\/vasilij-kandinski\/yellow-red-blue\/","url":"https:\/\/svetslik.si\/hr\/vasilij-kandinski\/yellow-red-blue\/","name":"Vasilij Kandinski - Yellow Red Blue - SVETSLIK.SI - 100% ru\u010dno naslikano","isPartOf":{"@id":"https:\/\/svetslik.si\/hr\/#website"},"primaryImageOfPage":{"@id":"https:\/\/svetslik.si\/hr\/vasilij-kandinski\/yellow-red-blue\/#primaryimage"},"image":{"@id":"https:\/\/svetslik.si\/hr\/vasilij-kandinski\/yellow-red-blue\/#primaryimage"},"thumbnailUrl":"https:\/\/svetslik.si\/wp-content\/uploads\/2021\/08\/image_umetniska-slika-Vasilij-Kandinski-Yellow-Red-Blue_680-scaled.jpg","datePublished":"2021-09-02T15:44:04+00:00","dateModified":"2026-03-13T18:39:39+00:00","description":"Vasilij Kandinski - Yellow Red Blue - 100% ru\u010dno naslikane reprodukcije slika na platnu. Okvirivanje slika, prodaja i izrada slika u dimenzijama po narud\u017ebi.","breadcrumb":{"@id":"https:\/\/svetslik.si\/hr\/vasilij-kandinski\/yellow-red-blue\/#breadcrumb"},"inLanguage":"hr","potentialAction":[{"@type":"ReadAction","target":["https:\/\/svetslik.si\/hr\/vasilij-kandinski\/yellow-red-blue\/"]}]},{"@type":"ImageObject","inLanguage":"hr","@id":"https:\/\/svetslik.si\/hr\/vasilij-kandinski\/yellow-red-blue\/#primaryimage","url":"https:\/\/svetslik.si\/wp-content\/uploads\/2021\/08\/image_umetniska-slika-Vasilij-Kandinski-Yellow-Red-Blue_680-scaled.jpg","contentUrl":"https:\/\/svetslik.si\/wp-content\/uploads\/2021\/08\/image_umetniska-slika-Vasilij-Kandinski-Yellow-Red-Blue_680-scaled.jpg","width":2560,"height":1594,"caption":"Kandinski - Jaune Rouge Bleu Ru\u010dno naslikane reprodukcije poznatih slikara, moderna zidna umjetnost, zidne umjetni\u010dke slike"},{"@type":"BreadcrumbList","@id":"https:\/\/svetslik.si\/hr\/vasilij-kandinski\/yellow-red-blue\/#breadcrumb","itemListElement":[{"@type":"ListItem","position":1,"name":"Umjetni\u010dke zidne slike na platnu","item":"https:\/\/svetslik.si\/hr\/"},{"@type":"ListItem","position":2,"name":"Prodaja slika","item":"https:\/\/svetslik.si\/prodaja-slik\/"},{"@type":"ListItem","position":3,"name":"Vasilij Kandinski &#8211; Yellow Red Blue"}]},{"@type":"WebSite","@id":"https:\/\/svetslik.si\/hr\/#website","url":"https:\/\/svetslik.si\/hr\/","name":"SVETSLIK.SI","description":"100% ru\u010dno naslikane reprodukcije slika poznatih slikara in umjetni\u010dke zidne slike na platnu.","publisher":{"@id":"https:\/\/svetslik.si\/hr\/#organization"},"potentialAction":[{"@type":"SearchAction","target":{"@type":"EntryPoint","urlTemplate":"https:\/\/svetslik.si\/hr\/?s={search_term_string}"},"query-input":{"@type":"PropertyValueSpecification","valueRequired":true,"valueName":"search_term_string"}}],"inLanguage":"hr"},{"@type":"Organization","@id":"https:\/\/svetslik.si\/hr\/#organization","name":"SvetSlik.si","url":"https:\/\/svetslik.si\/hr\/","logo":{"@type":"ImageObject","inLanguage":"hr","@id":"https:\/\/svetslik.si\/hr\/#\/schema\/logo\/image\/","url":"https:\/\/svetslik.si\/wp-content\/uploads\/2020\/12\/logo-512.png","contentUrl":"https:\/\/svetslik.si\/wp-content\/uploads\/2020\/12\/logo-512.png","width":512,"height":512,"caption":"SvetSlik.si"},"image":{"@id":"https:\/\/svetslik.si\/hr\/#\/schema\/logo\/image\/"},"sameAs":["https:\/\/www.facebook.com\/svetslik.si","https:\/\/x.com\/svetslik","https:\/\/www.instagram.com\/svetslik.si\/","https:\/\/www.linkedin.com\/company\/svetslik-si"]}]},"og_availability":"instock","product_availability":"instock","product_retailer_item_id":"95__","product_condition":"new"},"jetpack_sharing_enabled":true,"_links":{"self":[{"href":"https:\/\/svetslik.si\/hr\/wp-json\/wp\/v2\/product\/22808","targetHints":{"allow":["GET"]}}],"collection":[{"href":"https:\/\/svetslik.si\/hr\/wp-json\/wp\/v2\/product"}],"about":[{"href":"https:\/\/svetslik.si\/hr\/wp-json\/wp\/v2\/types\/product"}],"wp:featuredmedia":[{"embeddable":true,"href":"https:\/\/svetslik.si\/hr\/wp-json\/wp\/v2\/media\/20944"}],"wp:attachment":[{"href":"https:\/\/svetslik.si\/hr\/wp-json\/wp\/v2\/media?parent=22808"}],"wp:term":[{"taxonomy":"product_brand","embeddable":true,"href":"https:\/\/svetslik.si\/hr\/wp-json\/wp\/v2\/product_brand?post=22808"},{"taxonomy":"product_cat","embeddable":true,"href":"https:\/\/svetslik.si\/hr\/wp-json\/wp\/v2\/product_cat?post=22808"},{"taxonomy":"product_tag","embeddable":true,"href":"https:\/\/svetslik.si\/hr\/wp-json\/wp\/v2\/product_tag?post=22808"}],"curies":[{"name":"wp","href":"https:\/\/api.w.org\/{rel}","templated":true}]}}