{"id":23041,"date":"2021-12-26T11:58:36","date_gmt":"2021-12-26T10:58:36","guid":{"rendered":"https:\/\/svetslik.si\/nekategorizirano\/gustav-klimt-judith-ii-salome\/"},"modified":"2026-03-22T14:11:23","modified_gmt":"2026-03-22T13:11:23","slug":"gustav-klimt-judith-ii-salome","status":"publish","type":"product","link":"https:\/\/svetslik.si\/hr\/gustav-klimt\/gustav-klimt-judith-ii-salome\/","title":{"rendered":"Gustav Klimt &#8211; Judith II Salom\u00e8"},"content":{"rendered":"<div class=\"wpb-content-wrapper\">[vc_row][vc_column][vc_column_text]\n<h1>Gustav Klimt &#8211; Judith II Salom\u00e8<\/h1>\n<p>&#8220;Judita II (Saloma)&#8221;, koju je 1909. godine naslikao austrijski umjetnik Gustav Klimt, smatra se jednim od umjetnikovih najkontroverznijih i najprovokativnijih djela. Slika prikazuje biblijsku figuru Judite na odrubljivanju glave Holofernu, prizor koji se u kr\u0161\u0107anskoj i \u017eidovskoj tradiciji tako\u0111er povezuje sa Salomonom, Herodijadinom k\u0107eri.<\/p>\n<p>Slika je izvrstan primjer Klimtovog secesijskog stila, koji je karakterizirala upotreba kitnjastih uzoraka, odva\u017ene borbe i senzualnih tema. Judita je prikazana na visoko stiliziran na\u010din, s izdu\u017eenim udovima i pojednostavljenim crtama lica, \u0161to slici daje nezemaljski i iz snova kvalitet.<\/p>\n<p>Jedna od najupe\u010datljivijih zna\u010dajki &#8220;Judith II (Salome)&#8221; je kori\u0161tenje hrabrih boja i zamr\u0161enih uzoraka. Slika je nemir boja, s Juditom, Holofernom i pozadinom sa\u010dinjenom od uskovitlanih, isprepletenih uzoraka. Kori\u0161tenje boje i uzorka stvara osje\u0107aj pokreta i fluidnosti, \u0161to je prikladno s obzirom na temu nasilja i smrti na slici.<\/p>\n<p>Bogata je i simbolika slike. Judita se \u010desto do\u017eivljava kao simbol hrabrosti, snage i oslobo\u0111enja, dok se Holofern do\u017eivljava kao simbol tiranije i ugnjetavanja. \u010cin odrubljivanja glave na slici mogao bi predstavljati trijumf dobra nad zlom i pobjedu potla\u010denog nad tla\u010diteljem.<\/p>\n<p>Slika nije bila dobro primljena od strane kritike kada je prvi put izlo\u017eena, ali je zbog svoje erotske i nasilne prirode smatrana previ\u0161e kontroverznom. Tako\u0111er je bio \u017eestoko kritiziran zbog portretiranja biblijskog lika na tako senzualan i provokativan na\u010din. Unato\u010d kontroverzama, slika je od tada postala jedno od najprepoznatljivijih i najslavljenijih Klimtovih djela. Trenutno se nalazi u \u00d6sterreichische Galerie Belvedere u Be\u010du, Austrija.<\/p>\n<p>Ukratko, &#8220;Judita II (Saloma)&#8221; je kontroverzna i provokativna slika koja prikazuje kitnjaste uzorke, hrabre boje i senzualnu temu koji su obilje\u017eja secesijskog stila Gustava Klimta. Kori\u0161tenje boje i uzorka na slici stvara osje\u0107aj pokreta i fluidnosti, dok scena odrubljivanja glave simbolizira pobjedu dobra nad zlom i pobjedu potla\u010denog nad tla\u010diteljem. Unato\u010d kontroverzama, slika je od tada postala jedno od Klimtovih najprepoznatljivijih i najslavljenijih djela i trenutno se nalazi u \u00d6sterreichische Galerie Belvedere u Be\u010du, Austrija.<\/p>\n[\/vc_column_text][\/vc_column][\/vc_row]\n<\/div>","protected":false},"excerpt":{"rendered":"<p>[vc_row][vc_column][vc_column_text] Gustav Klimt &#8211; Judith II Salom\u00e8 &#8220;Judita II (Saloma)&#8221;, koju je 1909. godine naslikao austrijski umjetnik Gustav Klimt, smatra se jednim od umjetnikovih najkontroverznijih i najprovokativnijih djela. Slika prikazuje biblijsku figuru Judite na odrubljivanju glave Holofernu, prizor koji se u kr\u0161\u0107anskoj i \u017eidovskoj tradiciji tako\u0111er povezuje sa Salomonom, Herodijadinom [&hellip;]<\/p>\n","protected":false},"featured_media":20361,"template":"","meta":{"_acf_changed":false},"product_brand":[],"product_cat":[3374],"product_tag":[3402,4068,4069,4070,4071],"class_list":{"0":"post-23041","1":"product","2":"type-product","3":"status-publish","4":"has-post-thumbnail","6":"product_cat-gustav-klimt","7":"product_tag-gustav-klimt-hr","8":"product_tag-klimt-hr","9":"product_tag-reprodukcija-hr","10":"product_tag-reprodukcije-hr","11":"product_tag-slikar-hr","12":"pa_dimenzija-100-x-270-cm","13":"pa_dimenzija-30-x-80-cm","14":"pa_dimenzija-40-x-110-cm","15":"pa_dimenzija-50-x-140-cm","16":"pa_dimenzija-60-x-165-cm","17":"pa_dimenzija-66-x-181-cm","18":"pa_dimenzija-80-x-220-cm","19":"pa_dimenzija-90-x-250-cm","20":"pa_oblika-okomito","21":"pa_okvir-bez-okvira","22":"pa_podokvir-bez-podokvira","23":"pa_podokvir-sa-podokvirom","25":"first","26":"instock","27":"purchasable","28":"product-type-variable","29":"has-default-attributes"},"acf":[],"yoast_head":"<!-- This site is optimized with the Yoast SEO Premium plugin v26.0 (Yoast SEO v27.2) - https:\/\/yoast.com\/product\/yoast-seo-premium-wordpress\/ -->\n<title>Gustav Klimt - Judith II Salom\u00e8 - SVETSLIK.SI - 100% ru\u010dno naslikano<\/title>\n<meta name=\"description\" content=\"Gustav Klimt - Judith II Salom\u00e8 - 100% ru\u010dno naslikane reprodukcije slika na platnu. Uramljivanje slika, prodaja i izrada slika u dimenzijama po narud\u017ebi.\" \/>\n<meta name=\"robots\" content=\"index, follow, max-snippet:-1, max-image-preview:large, max-video-preview:-1\" \/>\n<link rel=\"canonical\" href=\"https:\/\/svetslik.si\/hr\/gustav-klimt\/gustav-klimt-judith-ii-salome\/\" \/>\n<meta property=\"og:locale\" content=\"hr_HR\" \/>\n<meta property=\"og:type\" content=\"article\" \/>\n<meta property=\"og:title\" content=\"Gustav Klimt - Judith II Salom\u00e8\" \/>\n<meta property=\"og:description\" content=\"100% ro\u010dno naslikane slike na platnu, reprodukcije znanih slikarjev in umetni\u0161ke slike po naro\u010dilu.\" \/>\n<meta property=\"og:url\" content=\"https:\/\/svetslik.si\/hr\/gustav-klimt\/gustav-klimt-judith-ii-salome\/\" \/>\n<meta property=\"og:site_name\" content=\"SVETSLIK.SI\" \/>\n<meta property=\"article:publisher\" content=\"https:\/\/www.facebook.com\/svetslik.si\" \/>\n<meta property=\"article:modified_time\" content=\"2026-03-22T13:11:23+00:00\" \/>\n<meta property=\"og:image\" content=\"https:\/\/svetslik.si\/wp-content\/uploads\/2021\/08\/image_Judith-II-Salome_680-e1640515975286.jpg\" \/>\n\t<meta property=\"og:image:width\" content=\"297\" \/>\n\t<meta property=\"og:image:height\" content=\"1143\" \/>\n\t<meta property=\"og:image:type\" content=\"image\/jpeg\" \/>\n<meta name=\"twitter:card\" content=\"summary_large_image\" \/>\n<meta name=\"twitter:site\" content=\"@svetslik\" \/>\n<meta name=\"twitter:label1\" content=\"Availability\" \/>\n\t<meta name=\"twitter:data1\" content=\"Na zalihi\" \/>\n<script type=\"application\/ld+json\" class=\"yoast-schema-graph\">{\"@context\":\"https:\/\/schema.org\",\"@graph\":[{\"@type\":[\"WebPage\",\"ItemPage\"],\"@id\":\"https:\/\/svetslik.si\/hr\/gustav-klimt\/gustav-klimt-judith-ii-salome\/\",\"url\":\"https:\/\/svetslik.si\/hr\/gustav-klimt\/gustav-klimt-judith-ii-salome\/\",\"name\":\"Gustav Klimt - Judith II Salom\u00e8 - SVETSLIK.SI - 100% ru\u010dno naslikano\",\"isPartOf\":{\"@id\":\"https:\/\/svetslik.si\/hr\/#website\"},\"primaryImageOfPage\":{\"@id\":\"https:\/\/svetslik.si\/hr\/gustav-klimt\/gustav-klimt-judith-ii-salome\/#primaryimage\"},\"image\":{\"@id\":\"https:\/\/svetslik.si\/hr\/gustav-klimt\/gustav-klimt-judith-ii-salome\/#primaryimage\"},\"thumbnailUrl\":\"https:\/\/svetslik.si\/wp-content\/uploads\/2021\/08\/image_Judith-II-Salome_680-e1640515975286.jpg\",\"datePublished\":\"2021-12-26T10:58:36+00:00\",\"dateModified\":\"2026-03-22T13:11:23+00:00\",\"description\":\"Gustav Klimt - Judith II Salom\u00e8 - 100% ru\u010dno naslikane reprodukcije slika na platnu. Uramljivanje slika, prodaja i izrada slika u dimenzijama po narud\u017ebi.\",\"breadcrumb\":{\"@id\":\"https:\/\/svetslik.si\/hr\/gustav-klimt\/gustav-klimt-judith-ii-salome\/#breadcrumb\"},\"inLanguage\":\"hr\",\"potentialAction\":[{\"@type\":\"ReadAction\",\"target\":[\"https:\/\/svetslik.si\/hr\/gustav-klimt\/gustav-klimt-judith-ii-salome\/\"]}]},{\"@type\":\"ImageObject\",\"inLanguage\":\"hr\",\"@id\":\"https:\/\/svetslik.si\/hr\/gustav-klimt\/gustav-klimt-judith-ii-salome\/#primaryimage\",\"url\":\"https:\/\/svetslik.si\/wp-content\/uploads\/2021\/08\/image_Judith-II-Salome_680-e1640515975286.jpg\",\"contentUrl\":\"https:\/\/svetslik.si\/wp-content\/uploads\/2021\/08\/image_Judith-II-Salome_680-e1640515975286.jpg\",\"width\":297,\"height\":1143,\"caption\":\"zidne slike na platnu - Gustav Klimt - Judith-II-Salome - Ru\u010dno slikane slike, reprodukcije slika poznatih slikara, ulje na platnu, uljne slike, moderne zidne slike, umjetni\u010dke slike za zid, ambijentalne, apstraktne, dekorativne zidne slike\"},{\"@type\":\"BreadcrumbList\",\"@id\":\"https:\/\/svetslik.si\/hr\/gustav-klimt\/gustav-klimt-judith-ii-salome\/#breadcrumb\",\"itemListElement\":[{\"@type\":\"ListItem\",\"position\":1,\"name\":\"Umjetni\u010dke zidne slike na platnu\",\"item\":\"https:\/\/svetslik.si\/hr\/\"},{\"@type\":\"ListItem\",\"position\":2,\"name\":\"Prodaja slika\",\"item\":\"https:\/\/svetslik.si\/prodaja-slik\/\"},{\"@type\":\"ListItem\",\"position\":3,\"name\":\"Gustav Klimt &#8211; Judith II Salom\u00e8\"}]},{\"@type\":\"WebSite\",\"@id\":\"https:\/\/svetslik.si\/hr\/#website\",\"url\":\"https:\/\/svetslik.si\/hr\/\",\"name\":\"SVETSLIK.SI\",\"description\":\"100% ru\u010dno naslikane reprodukcije slika poznatih slikara in umjetni\u010dke zidne slike na platnu.\",\"publisher\":{\"@id\":\"https:\/\/svetslik.si\/hr\/#organization\"},\"potentialAction\":[{\"@type\":\"SearchAction\",\"target\":{\"@type\":\"EntryPoint\",\"urlTemplate\":\"https:\/\/svetslik.si\/hr\/?s={search_term_string}\"},\"query-input\":{\"@type\":\"PropertyValueSpecification\",\"valueRequired\":true,\"valueName\":\"search_term_string\"}}],\"inLanguage\":\"hr\"},{\"@type\":\"Organization\",\"@id\":\"https:\/\/svetslik.si\/hr\/#organization\",\"name\":\"SvetSlik.si\",\"url\":\"https:\/\/svetslik.si\/hr\/\",\"logo\":{\"@type\":\"ImageObject\",\"inLanguage\":\"hr\",\"@id\":\"https:\/\/svetslik.si\/hr\/#\/schema\/logo\/image\/\",\"url\":\"https:\/\/svetslik.si\/wp-content\/uploads\/2020\/12\/logo-512.png\",\"contentUrl\":\"https:\/\/svetslik.si\/wp-content\/uploads\/2020\/12\/logo-512.png\",\"width\":512,\"height\":512,\"caption\":\"SvetSlik.si\"},\"image\":{\"@id\":\"https:\/\/svetslik.si\/hr\/#\/schema\/logo\/image\/\"},\"sameAs\":[\"https:\/\/www.facebook.com\/svetslik.si\",\"https:\/\/x.com\/svetslik\",\"https:\/\/www.instagram.com\/svetslik.si\/\",\"https:\/\/www.linkedin.com\/company\/svetslik-si\"]}]}<\/script>\n<meta property=\"og:availability\" content=\"instock\" \/>\n<meta property=\"product:availability\" content=\"instock\" \/>\n<meta property=\"product:retailer_item_id\" content=\"558__-1\" \/>\n<meta property=\"product:condition\" content=\"new\" \/>\n<!-- \/ Yoast SEO Premium plugin. -->","yoast_head_json":{"title":"Gustav Klimt - Judith II Salom\u00e8 - SVETSLIK.SI - 100% ru\u010dno naslikano","description":"Gustav Klimt - Judith II Salom\u00e8 - 100% ru\u010dno naslikane reprodukcije slika na platnu. Uramljivanje slika, prodaja i izrada slika u dimenzijama po narud\u017ebi.","robots":{"index":"index","follow":"follow","max-snippet":"max-snippet:-1","max-image-preview":"max-image-preview:large","max-video-preview":"max-video-preview:-1"},"canonical":"https:\/\/svetslik.si\/hr\/gustav-klimt\/gustav-klimt-judith-ii-salome\/","og_locale":"hr_HR","og_type":"article","og_title":"Gustav Klimt - Judith II Salom\u00e8","og_description":"100% ro\u010dno naslikane slike na platnu, reprodukcije znanih slikarjev in umetni\u0161ke slike po naro\u010dilu.","og_url":"https:\/\/svetslik.si\/hr\/gustav-klimt\/gustav-klimt-judith-ii-salome\/","og_site_name":"SVETSLIK.SI","article_publisher":"https:\/\/www.facebook.com\/svetslik.si","article_modified_time":"2026-03-22T13:11:23+00:00","og_image":[{"width":297,"height":1143,"url":"https:\/\/svetslik.si\/wp-content\/uploads\/2021\/08\/image_Judith-II-Salome_680-e1640515975286.jpg","type":"image\/jpeg"}],"twitter_card":"summary_large_image","twitter_site":"@svetslik","twitter_misc":{"Availability":"Na zalihi"},"schema":{"@context":"https:\/\/schema.org","@graph":[{"@type":["WebPage","ItemPage"],"@id":"https:\/\/svetslik.si\/hr\/gustav-klimt\/gustav-klimt-judith-ii-salome\/","url":"https:\/\/svetslik.si\/hr\/gustav-klimt\/gustav-klimt-judith-ii-salome\/","name":"Gustav Klimt - Judith II Salom\u00e8 - SVETSLIK.SI - 100% ru\u010dno naslikano","isPartOf":{"@id":"https:\/\/svetslik.si\/hr\/#website"},"primaryImageOfPage":{"@id":"https:\/\/svetslik.si\/hr\/gustav-klimt\/gustav-klimt-judith-ii-salome\/#primaryimage"},"image":{"@id":"https:\/\/svetslik.si\/hr\/gustav-klimt\/gustav-klimt-judith-ii-salome\/#primaryimage"},"thumbnailUrl":"https:\/\/svetslik.si\/wp-content\/uploads\/2021\/08\/image_Judith-II-Salome_680-e1640515975286.jpg","datePublished":"2021-12-26T10:58:36+00:00","dateModified":"2026-03-22T13:11:23+00:00","description":"Gustav Klimt - Judith II Salom\u00e8 - 100% ru\u010dno naslikane reprodukcije slika na platnu. Uramljivanje slika, prodaja i izrada slika u dimenzijama po narud\u017ebi.","breadcrumb":{"@id":"https:\/\/svetslik.si\/hr\/gustav-klimt\/gustav-klimt-judith-ii-salome\/#breadcrumb"},"inLanguage":"hr","potentialAction":[{"@type":"ReadAction","target":["https:\/\/svetslik.si\/hr\/gustav-klimt\/gustav-klimt-judith-ii-salome\/"]}]},{"@type":"ImageObject","inLanguage":"hr","@id":"https:\/\/svetslik.si\/hr\/gustav-klimt\/gustav-klimt-judith-ii-salome\/#primaryimage","url":"https:\/\/svetslik.si\/wp-content\/uploads\/2021\/08\/image_Judith-II-Salome_680-e1640515975286.jpg","contentUrl":"https:\/\/svetslik.si\/wp-content\/uploads\/2021\/08\/image_Judith-II-Salome_680-e1640515975286.jpg","width":297,"height":1143,"caption":"zidne slike na platnu - Gustav Klimt - Judith-II-Salome - Ru\u010dno slikane slike, reprodukcije slika poznatih slikara, ulje na platnu, uljne slike, moderne zidne slike, umjetni\u010dke slike za zid, ambijentalne, apstraktne, dekorativne zidne slike"},{"@type":"BreadcrumbList","@id":"https:\/\/svetslik.si\/hr\/gustav-klimt\/gustav-klimt-judith-ii-salome\/#breadcrumb","itemListElement":[{"@type":"ListItem","position":1,"name":"Umjetni\u010dke zidne slike na platnu","item":"https:\/\/svetslik.si\/hr\/"},{"@type":"ListItem","position":2,"name":"Prodaja slika","item":"https:\/\/svetslik.si\/prodaja-slik\/"},{"@type":"ListItem","position":3,"name":"Gustav Klimt &#8211; Judith II Salom\u00e8"}]},{"@type":"WebSite","@id":"https:\/\/svetslik.si\/hr\/#website","url":"https:\/\/svetslik.si\/hr\/","name":"SVETSLIK.SI","description":"100% ru\u010dno naslikane reprodukcije slika poznatih slikara in umjetni\u010dke zidne slike na platnu.","publisher":{"@id":"https:\/\/svetslik.si\/hr\/#organization"},"potentialAction":[{"@type":"SearchAction","target":{"@type":"EntryPoint","urlTemplate":"https:\/\/svetslik.si\/hr\/?s={search_term_string}"},"query-input":{"@type":"PropertyValueSpecification","valueRequired":true,"valueName":"search_term_string"}}],"inLanguage":"hr"},{"@type":"Organization","@id":"https:\/\/svetslik.si\/hr\/#organization","name":"SvetSlik.si","url":"https:\/\/svetslik.si\/hr\/","logo":{"@type":"ImageObject","inLanguage":"hr","@id":"https:\/\/svetslik.si\/hr\/#\/schema\/logo\/image\/","url":"https:\/\/svetslik.si\/wp-content\/uploads\/2020\/12\/logo-512.png","contentUrl":"https:\/\/svetslik.si\/wp-content\/uploads\/2020\/12\/logo-512.png","width":512,"height":512,"caption":"SvetSlik.si"},"image":{"@id":"https:\/\/svetslik.si\/hr\/#\/schema\/logo\/image\/"},"sameAs":["https:\/\/www.facebook.com\/svetslik.si","https:\/\/x.com\/svetslik","https:\/\/www.instagram.com\/svetslik.si\/","https:\/\/www.linkedin.com\/company\/svetslik-si"]}]},"og_availability":"instock","product_availability":"instock","product_retailer_item_id":"558__-1","product_condition":"new"},"jetpack_sharing_enabled":true,"_links":{"self":[{"href":"https:\/\/svetslik.si\/hr\/wp-json\/wp\/v2\/product\/23041","targetHints":{"allow":["GET"]}}],"collection":[{"href":"https:\/\/svetslik.si\/hr\/wp-json\/wp\/v2\/product"}],"about":[{"href":"https:\/\/svetslik.si\/hr\/wp-json\/wp\/v2\/types\/product"}],"wp:featuredmedia":[{"embeddable":true,"href":"https:\/\/svetslik.si\/hr\/wp-json\/wp\/v2\/media\/20361"}],"wp:attachment":[{"href":"https:\/\/svetslik.si\/hr\/wp-json\/wp\/v2\/media?parent=23041"}],"wp:term":[{"taxonomy":"product_brand","embeddable":true,"href":"https:\/\/svetslik.si\/hr\/wp-json\/wp\/v2\/product_brand?post=23041"},{"taxonomy":"product_cat","embeddable":true,"href":"https:\/\/svetslik.si\/hr\/wp-json\/wp\/v2\/product_cat?post=23041"},{"taxonomy":"product_tag","embeddable":true,"href":"https:\/\/svetslik.si\/hr\/wp-json\/wp\/v2\/product_tag?post=23041"}],"curies":[{"name":"wp","href":"https:\/\/api.w.org\/{rel}","templated":true}]}}