{"id":23059,"date":"2021-09-02T18:38:36","date_gmt":"2021-09-02T16:38:36","guid":{"rendered":"https:\/\/svetslik.si\/nekategorizirano\/gustav-klimt-beethoven-frieze-ii-detail\/"},"modified":"2024-08-22T08:09:54","modified_gmt":"2024-08-22T06:09:54","slug":"gustav-klimt-beethoven-frieze-ii-detail","status":"publish","type":"product","link":"https:\/\/svetslik.si\/hr\/gustav-klimt\/gustav-klimt-beethoven-frieze-ii-detail\/","title":{"rendered":"Gustav Klimt &#8211; Beethoven frieze-II (detail)"},"content":{"rendered":"<div class=\"wpb-content-wrapper\">[vc_row][vc_column][vc_column_text]\n<h1>Gustav Klimt &#8211; Beethoven frieze-II (detail)<\/h1>\n<p>&nbsp;<\/p>\n<table style=\"width: 593px\" border=\"0\" width=\"593\" cellspacing=\"0\" cellpadding=\"0\">\n<tbody>\n<tr>\n<td style=\"width: 155px;height: 21px\" height=\"21\">Godina nastanka:<\/td>\n<td style=\"width: 439px\">1902<\/td>\n<\/tr>\n<tr>\n<td style=\"width: 155px;height: 21px\" height=\"21\">Izvorna veli\u010dina:<\/td>\n<td style=\"width: 439px\">636 cm x 220 cm<\/td>\n<\/tr>\n<tr>\n<td style=\"width: 155px;height: 21px\" height=\"21\">Stil slikanja:<\/td>\n<td style=\"width: 439px\">Secesija<\/td>\n<\/tr>\n<tr>\n<td style=\"width: 155px;height: 21px\" height=\"21\">Izvorna tehnika:<\/td>\n<td style=\"width: 439px\">Ulje na platnu<\/td>\n<\/tr>\n<tr>\n<td style=\"width: 155px;height: 21px\" height=\"21\">Nalazi se:<\/td>\n<td style=\"width: 439px\">Secesijska pala\u010da, Be\u010d<\/td>\n<\/tr>\n<\/tbody>\n<colgroup>\n<col>\n<col> <\/colgroup>\n<\/table>\n<p>Godine 1902. Klimt je stvorio jedno od svojih najpoznatijih djela, <em>Beethovenov friz<\/em>, za izlo\u017ebu u stilu Art Nouveau u Be\u010du. Cijela izlo\u017eba bila je posve\u0107ena skladatelju Ludwigu van Beethovenu, a Klimtov divovski friz krasio je zid ulaznog hodnika. Ova ukrasna simfonija mjerila je 34 metra u \u0161irinu i 2 metra u visinu. Na njoj je Klimt \u017eelio prikazati i ovjekovje\u010diti Beethovenovu Devetu simfoniju prema Wagnerovoj interpretaciji.<\/p>\n<p>&#8220;Beethovenov friz II (detalj)&#8221;, koji je 1902. godine naslikao austrijski umjetnik Gustav Klimt, smatra se jednim od umjetnikovih najva\u017enijih i najambicioznijih djela. Slika je dio ve\u0107eg ciklusa likovne umjetnosti poznatog kao Beethovenov friz, stvorenog za 14. stolje\u0107e. Izlo\u017eba be\u010dke secesije. Beethovenov friz bio je posveta skladatelju Ludwigu van Beethovenu i prikazuje scene iz njegove Devete simfonije, temeljene na &#8220;Odi radosti&#8221; Friedricha Schillera.<\/p>\n<p>Slika je izvrstan primjer Klimtovog secesijskog stila, koji je karakterizirala upotreba kitnjastih uzoraka, hrabrih boja i senzualne teme Likovi na slici prikazani su na visoko stiliziran na\u010din, s izdu\u017eenim udovima i pojednostavljenim crtama lica, \u0161to slici daje nezemaljski i snoviti karakter. Kori\u0161tenje ki\u0107enih uzoraka, hrabrih boja i senzualnih tema<\/p>\n<p>Jedna od najupe\u010datljivijih zna\u010dajki &#8220;Beethovenovog friza II (detalj)&#8221; je kori\u0161tenje hrabrih boja i zamr\u0161enih uzoraka. Slika je bujna boja, s figurama, pozadinom i ukrasnim elementima koji se sastoje od uskovitlanih, isprepletenih uzoraka. Kori\u0161tenje boje i uzorka stvara osje\u0107aj pokreta i fluidnosti, \u0161to je prikladno s obzirom na temu slike, glazbu i slavlje.<\/p>\n<p>Bogata je i simbolika slike. Likovi na slici \u010desto se vide kao simboli humanosti, jedinstva i slavljenja \u017eivota. Ornamentalni elementi na slici mogli bi predstavljati vezu izme\u0111u glazbe i prirode, kao i vezu izme\u0111u umjetnosti i \u017eivota. Pozadina slike tako\u0111er je ispunjena simbolima prirode, poput cvije\u0107a, koje tako\u0111er ima duboko simboli\u010dko zna\u010denje na slici.<\/p>\n<p>Sliku su kriti\u010dari dobro prihvatili na prvoj izlo\u017ebi i smatrali su je remek-djelom secesije. Beethovenov friz smatran je Klimtovim najambicioznijim i najva\u017enijim djelom te se smatra jednim od najva\u017enijih djela be\u010dkog secesionisti\u010dkog pokreta. Na\u017ealost, slika je uni\u0161tena 1945. godine tijekom bombardiranja Be\u010da, ali postoje njene reprodukcije i fotografije.[\/vc_column_text][\/vc_column][\/vc_row]\n<\/div>","protected":false},"excerpt":{"rendered":"<p>[vc_row][vc_column][vc_column_text] Gustav Klimt &#8211; Beethoven frieze-II (detail) &nbsp; Godina nastanka: 1902 Izvorna veli\u010dina: 636 cm x 220 cm Stil slikanja: Secesija Izvorna tehnika: Ulje na platnu Nalazi se: Secesijska pala\u010da, Be\u010d Godine 1902. Klimt je stvorio jedno od svojih najpoznatijih djela, Beethovenov friz, za izlo\u017ebu u stilu Art Nouveau u [&hellip;]<\/p>\n","protected":false},"featured_media":20055,"template":"","meta":{"_acf_changed":false},"product_brand":[],"product_cat":[3374],"product_tag":[3402,4068,4069,4070,4071],"class_list":{"0":"post-23059","1":"product","2":"type-product","3":"status-publish","4":"has-post-thumbnail","6":"product_cat-gustav-klimt","7":"product_tag-gustav-klimt-hr","8":"product_tag-klimt-hr","9":"product_tag-reprodukcija-hr","10":"product_tag-reprodukcije-hr","11":"product_tag-slikar-hr","12":"pa_dimenzija-100-x-120-cm","13":"pa_dimenzija-120-x-150-cm","14":"pa_dimenzija-150-x-190-cm","15":"pa_dimenzija-50-x-60-cm","16":"pa_dimenzija-60-x-75-cm","17":"pa_dimenzija-70-x-90-cm","18":"pa_dimenzija-80-x-100-cm","19":"pa_dimenzija-90-x-110-cm","20":"pa_oblika-okomito","21":"pa_okvir-bez-okvira","22":"pa_podokvir-bez-podokvira","23":"pa_podokvir-sa-podokvirom","25":"first","26":"onbackorder","27":"purchasable","28":"product-type-variable","29":"has-default-attributes"},"acf":[],"yoast_head":"<!-- This site is optimized with the Yoast SEO Premium plugin v26.0 (Yoast SEO v27.2) - https:\/\/yoast.com\/product\/yoast-seo-premium-wordpress\/ -->\n<title>Gustav Klimt - Beethoven frieze-II (detail) - SVETSLIK.SI - 100% ru\u010dno naslikano<\/title>\n<meta name=\"description\" content=\"Gustav Klimt - Beethoven frieze-II (detail) - 100% ru\u010dno naslikane reprodukcije slika na platnu. Uramljivanje slika, prodaja i izrada slika u dimenzijama po narud\u017ebi.\" \/>\n<meta name=\"robots\" content=\"index, follow, max-snippet:-1, max-image-preview:large, max-video-preview:-1\" \/>\n<link rel=\"canonical\" href=\"https:\/\/svetslik.si\/hr\/gustav-klimt\/gustav-klimt-beethoven-frieze-ii-detail\/\" \/>\n<meta property=\"og:locale\" content=\"hr_HR\" \/>\n<meta property=\"og:type\" content=\"article\" \/>\n<meta property=\"og:title\" content=\"Gustav Klimt - Beethoven frieze-II (detail)\" \/>\n<meta property=\"og:description\" content=\"100% ro\u010dno naslikane slike na platnu, reprodukcije znanih slikarjev in umetni\u0161ke slike po naro\u010dilu.\" \/>\n<meta property=\"og:url\" content=\"https:\/\/svetslik.si\/hr\/gustav-klimt\/gustav-klimt-beethoven-frieze-ii-detail\/\" \/>\n<meta property=\"og:site_name\" content=\"SVETSLIK.SI\" \/>\n<meta property=\"article:publisher\" content=\"https:\/\/www.facebook.com\/svetslik.si\" \/>\n<meta property=\"article:modified_time\" content=\"2024-08-22T06:09:54+00:00\" \/>\n<meta property=\"og:image\" content=\"https:\/\/svetslik.si\/wp-content\/uploads\/2021\/08\/image_Beethoven-frieze-detail-II-Gustav-Klimt_680.jpg\" \/>\n\t<meta property=\"og:image:width\" content=\"551\" \/>\n\t<meta property=\"og:image:height\" content=\"680\" \/>\n\t<meta property=\"og:image:type\" content=\"image\/jpeg\" \/>\n<meta name=\"twitter:card\" content=\"summary_large_image\" \/>\n<meta name=\"twitter:site\" content=\"@svetslik\" \/>\n<meta name=\"twitter:label1\" content=\"Availability\" \/>\n\t<meta name=\"twitter:data1\" content=\"On backorder\" \/>\n<script type=\"application\/ld+json\" class=\"yoast-schema-graph\">{\"@context\":\"https:\/\/schema.org\",\"@graph\":[{\"@type\":[\"WebPage\",\"ItemPage\"],\"@id\":\"https:\/\/svetslik.si\/hr\/gustav-klimt\/gustav-klimt-beethoven-frieze-ii-detail\/\",\"url\":\"https:\/\/svetslik.si\/hr\/gustav-klimt\/gustav-klimt-beethoven-frieze-ii-detail\/\",\"name\":\"Gustav Klimt - Beethoven frieze-II (detail) - SVETSLIK.SI - 100% ru\u010dno naslikano\",\"isPartOf\":{\"@id\":\"https:\/\/svetslik.si\/hr\/#website\"},\"primaryImageOfPage\":{\"@id\":\"https:\/\/svetslik.si\/hr\/gustav-klimt\/gustav-klimt-beethoven-frieze-ii-detail\/#primaryimage\"},\"image\":{\"@id\":\"https:\/\/svetslik.si\/hr\/gustav-klimt\/gustav-klimt-beethoven-frieze-ii-detail\/#primaryimage\"},\"thumbnailUrl\":\"https:\/\/svetslik.si\/wp-content\/uploads\/2021\/08\/image_Beethoven-frieze-detail-II-Gustav-Klimt_680.jpg\",\"datePublished\":\"2021-09-02T16:38:36+00:00\",\"dateModified\":\"2024-08-22T06:09:54+00:00\",\"description\":\"Gustav Klimt - Beethoven frieze-II (detail) - 100% ru\u010dno naslikane reprodukcije slika na platnu. Uramljivanje slika, prodaja i izrada slika u dimenzijama po narud\u017ebi.\",\"breadcrumb\":{\"@id\":\"https:\/\/svetslik.si\/hr\/gustav-klimt\/gustav-klimt-beethoven-frieze-ii-detail\/#breadcrumb\"},\"inLanguage\":\"hr\",\"potentialAction\":[{\"@type\":\"ReadAction\",\"target\":[\"https:\/\/svetslik.si\/hr\/gustav-klimt\/gustav-klimt-beethoven-frieze-ii-detail\/\"]}]},{\"@type\":\"ImageObject\",\"inLanguage\":\"hr\",\"@id\":\"https:\/\/svetslik.si\/hr\/gustav-klimt\/gustav-klimt-beethoven-frieze-ii-detail\/#primaryimage\",\"url\":\"https:\/\/svetslik.si\/wp-content\/uploads\/2021\/08\/image_Beethoven-frieze-detail-II-Gustav-Klimt_680.jpg\",\"contentUrl\":\"https:\/\/svetslik.si\/wp-content\/uploads\/2021\/08\/image_Beethoven-frieze-detail-II-Gustav-Klimt_680.jpg\",\"width\":551,\"height\":680,\"caption\":\"Gustav Klimt - Beethovenov fri\u017e I (detalj) - Reprodukcije slikara, ru\u010dno slikane zidne slike, ulje na platnu, uljane slike, umjetni\u010dke slike, moderne slike za zid, ambijentalne slike, apstraktne slike, dekorativne slike\"},{\"@type\":\"BreadcrumbList\",\"@id\":\"https:\/\/svetslik.si\/hr\/gustav-klimt\/gustav-klimt-beethoven-frieze-ii-detail\/#breadcrumb\",\"itemListElement\":[{\"@type\":\"ListItem\",\"position\":1,\"name\":\"Umjetni\u010dke zidne slike na platnu\",\"item\":\"https:\/\/svetslik.si\/hr\/\"},{\"@type\":\"ListItem\",\"position\":2,\"name\":\"Prodaja slika\",\"item\":\"https:\/\/svetslik.si\/prodaja-slik\/\"},{\"@type\":\"ListItem\",\"position\":3,\"name\":\"Gustav Klimt &#8211; Beethoven frieze-II (detail)\"}]},{\"@type\":\"WebSite\",\"@id\":\"https:\/\/svetslik.si\/hr\/#website\",\"url\":\"https:\/\/svetslik.si\/hr\/\",\"name\":\"SVETSLIK.SI\",\"description\":\"100% ru\u010dno naslikane reprodukcije slika poznatih slikara in umjetni\u010dke zidne slike na platnu.\",\"publisher\":{\"@id\":\"https:\/\/svetslik.si\/hr\/#organization\"},\"potentialAction\":[{\"@type\":\"SearchAction\",\"target\":{\"@type\":\"EntryPoint\",\"urlTemplate\":\"https:\/\/svetslik.si\/hr\/?s={search_term_string}\"},\"query-input\":{\"@type\":\"PropertyValueSpecification\",\"valueRequired\":true,\"valueName\":\"search_term_string\"}}],\"inLanguage\":\"hr\"},{\"@type\":\"Organization\",\"@id\":\"https:\/\/svetslik.si\/hr\/#organization\",\"name\":\"SvetSlik.si\",\"url\":\"https:\/\/svetslik.si\/hr\/\",\"logo\":{\"@type\":\"ImageObject\",\"inLanguage\":\"hr\",\"@id\":\"https:\/\/svetslik.si\/hr\/#\/schema\/logo\/image\/\",\"url\":\"https:\/\/svetslik.si\/wp-content\/uploads\/2020\/12\/logo-512.png\",\"contentUrl\":\"https:\/\/svetslik.si\/wp-content\/uploads\/2020\/12\/logo-512.png\",\"width\":512,\"height\":512,\"caption\":\"SvetSlik.si\"},\"image\":{\"@id\":\"https:\/\/svetslik.si\/hr\/#\/schema\/logo\/image\/\"},\"sameAs\":[\"https:\/\/www.facebook.com\/svetslik.si\",\"https:\/\/x.com\/svetslik\",\"https:\/\/www.instagram.com\/svetslik.si\/\",\"https:\/\/www.linkedin.com\/company\/svetslik-si\"]}]}<\/script>\n<meta property=\"og:availability\" content=\"backorder\" \/>\n<meta property=\"product:availability\" content=\"available for order\" \/>\n<meta property=\"product:retailer_item_id\" content=\"678__\" \/>\n<meta property=\"product:condition\" content=\"new\" \/>\n<!-- \/ Yoast SEO Premium plugin. -->","yoast_head_json":{"title":"Gustav Klimt - Beethoven frieze-II (detail) - SVETSLIK.SI - 100% ru\u010dno naslikano","description":"Gustav Klimt - Beethoven frieze-II (detail) - 100% ru\u010dno naslikane reprodukcije slika na platnu. Uramljivanje slika, prodaja i izrada slika u dimenzijama po narud\u017ebi.","robots":{"index":"index","follow":"follow","max-snippet":"max-snippet:-1","max-image-preview":"max-image-preview:large","max-video-preview":"max-video-preview:-1"},"canonical":"https:\/\/svetslik.si\/hr\/gustav-klimt\/gustav-klimt-beethoven-frieze-ii-detail\/","og_locale":"hr_HR","og_type":"article","og_title":"Gustav Klimt - Beethoven frieze-II (detail)","og_description":"100% ro\u010dno naslikane slike na platnu, reprodukcije znanih slikarjev in umetni\u0161ke slike po naro\u010dilu.","og_url":"https:\/\/svetslik.si\/hr\/gustav-klimt\/gustav-klimt-beethoven-frieze-ii-detail\/","og_site_name":"SVETSLIK.SI","article_publisher":"https:\/\/www.facebook.com\/svetslik.si","article_modified_time":"2024-08-22T06:09:54+00:00","og_image":[{"width":551,"height":680,"url":"https:\/\/svetslik.si\/wp-content\/uploads\/2021\/08\/image_Beethoven-frieze-detail-II-Gustav-Klimt_680.jpg","type":"image\/jpeg"}],"twitter_card":"summary_large_image","twitter_site":"@svetslik","twitter_misc":{"Availability":"On backorder"},"schema":{"@context":"https:\/\/schema.org","@graph":[{"@type":["WebPage","ItemPage"],"@id":"https:\/\/svetslik.si\/hr\/gustav-klimt\/gustav-klimt-beethoven-frieze-ii-detail\/","url":"https:\/\/svetslik.si\/hr\/gustav-klimt\/gustav-klimt-beethoven-frieze-ii-detail\/","name":"Gustav Klimt - Beethoven frieze-II (detail) - SVETSLIK.SI - 100% ru\u010dno naslikano","isPartOf":{"@id":"https:\/\/svetslik.si\/hr\/#website"},"primaryImageOfPage":{"@id":"https:\/\/svetslik.si\/hr\/gustav-klimt\/gustav-klimt-beethoven-frieze-ii-detail\/#primaryimage"},"image":{"@id":"https:\/\/svetslik.si\/hr\/gustav-klimt\/gustav-klimt-beethoven-frieze-ii-detail\/#primaryimage"},"thumbnailUrl":"https:\/\/svetslik.si\/wp-content\/uploads\/2021\/08\/image_Beethoven-frieze-detail-II-Gustav-Klimt_680.jpg","datePublished":"2021-09-02T16:38:36+00:00","dateModified":"2024-08-22T06:09:54+00:00","description":"Gustav Klimt - Beethoven frieze-II (detail) - 100% ru\u010dno naslikane reprodukcije slika na platnu. Uramljivanje slika, prodaja i izrada slika u dimenzijama po narud\u017ebi.","breadcrumb":{"@id":"https:\/\/svetslik.si\/hr\/gustav-klimt\/gustav-klimt-beethoven-frieze-ii-detail\/#breadcrumb"},"inLanguage":"hr","potentialAction":[{"@type":"ReadAction","target":["https:\/\/svetslik.si\/hr\/gustav-klimt\/gustav-klimt-beethoven-frieze-ii-detail\/"]}]},{"@type":"ImageObject","inLanguage":"hr","@id":"https:\/\/svetslik.si\/hr\/gustav-klimt\/gustav-klimt-beethoven-frieze-ii-detail\/#primaryimage","url":"https:\/\/svetslik.si\/wp-content\/uploads\/2021\/08\/image_Beethoven-frieze-detail-II-Gustav-Klimt_680.jpg","contentUrl":"https:\/\/svetslik.si\/wp-content\/uploads\/2021\/08\/image_Beethoven-frieze-detail-II-Gustav-Klimt_680.jpg","width":551,"height":680,"caption":"Gustav Klimt - Beethovenov fri\u017e I (detalj) - Reprodukcije slikara, ru\u010dno slikane zidne slike, ulje na platnu, uljane slike, umjetni\u010dke slike, moderne slike za zid, ambijentalne slike, apstraktne slike, dekorativne slike"},{"@type":"BreadcrumbList","@id":"https:\/\/svetslik.si\/hr\/gustav-klimt\/gustav-klimt-beethoven-frieze-ii-detail\/#breadcrumb","itemListElement":[{"@type":"ListItem","position":1,"name":"Umjetni\u010dke zidne slike na platnu","item":"https:\/\/svetslik.si\/hr\/"},{"@type":"ListItem","position":2,"name":"Prodaja slika","item":"https:\/\/svetslik.si\/prodaja-slik\/"},{"@type":"ListItem","position":3,"name":"Gustav Klimt &#8211; Beethoven frieze-II (detail)"}]},{"@type":"WebSite","@id":"https:\/\/svetslik.si\/hr\/#website","url":"https:\/\/svetslik.si\/hr\/","name":"SVETSLIK.SI","description":"100% ru\u010dno naslikane reprodukcije slika poznatih slikara in umjetni\u010dke zidne slike na platnu.","publisher":{"@id":"https:\/\/svetslik.si\/hr\/#organization"},"potentialAction":[{"@type":"SearchAction","target":{"@type":"EntryPoint","urlTemplate":"https:\/\/svetslik.si\/hr\/?s={search_term_string}"},"query-input":{"@type":"PropertyValueSpecification","valueRequired":true,"valueName":"search_term_string"}}],"inLanguage":"hr"},{"@type":"Organization","@id":"https:\/\/svetslik.si\/hr\/#organization","name":"SvetSlik.si","url":"https:\/\/svetslik.si\/hr\/","logo":{"@type":"ImageObject","inLanguage":"hr","@id":"https:\/\/svetslik.si\/hr\/#\/schema\/logo\/image\/","url":"https:\/\/svetslik.si\/wp-content\/uploads\/2020\/12\/logo-512.png","contentUrl":"https:\/\/svetslik.si\/wp-content\/uploads\/2020\/12\/logo-512.png","width":512,"height":512,"caption":"SvetSlik.si"},"image":{"@id":"https:\/\/svetslik.si\/hr\/#\/schema\/logo\/image\/"},"sameAs":["https:\/\/www.facebook.com\/svetslik.si","https:\/\/x.com\/svetslik","https:\/\/www.instagram.com\/svetslik.si\/","https:\/\/www.linkedin.com\/company\/svetslik-si"]}]},"og_availability":"backorder","product_availability":"available for order","product_retailer_item_id":"678__","product_condition":"new"},"jetpack_sharing_enabled":true,"_links":{"self":[{"href":"https:\/\/svetslik.si\/hr\/wp-json\/wp\/v2\/product\/23059","targetHints":{"allow":["GET"]}}],"collection":[{"href":"https:\/\/svetslik.si\/hr\/wp-json\/wp\/v2\/product"}],"about":[{"href":"https:\/\/svetslik.si\/hr\/wp-json\/wp\/v2\/types\/product"}],"wp:featuredmedia":[{"embeddable":true,"href":"https:\/\/svetslik.si\/hr\/wp-json\/wp\/v2\/media\/20055"}],"wp:attachment":[{"href":"https:\/\/svetslik.si\/hr\/wp-json\/wp\/v2\/media?parent=23059"}],"wp:term":[{"taxonomy":"product_brand","embeddable":true,"href":"https:\/\/svetslik.si\/hr\/wp-json\/wp\/v2\/product_brand?post=23059"},{"taxonomy":"product_cat","embeddable":true,"href":"https:\/\/svetslik.si\/hr\/wp-json\/wp\/v2\/product_cat?post=23059"},{"taxonomy":"product_tag","embeddable":true,"href":"https:\/\/svetslik.si\/hr\/wp-json\/wp\/v2\/product_tag?post=23059"}],"curies":[{"name":"wp","href":"https:\/\/api.w.org\/{rel}","templated":true}]}}