{"id":23102,"date":"2021-09-02T18:24:39","date_gmt":"2021-09-02T16:24:39","guid":{"rendered":"https:\/\/svetslik.si\/nekategorizirano\/gustav-klimt-farm-garden-with-crucifix\/"},"modified":"2025-11-02T21:28:35","modified_gmt":"2025-11-02T20:28:35","slug":"gustav-klimt-farm-garden-with-crucifix","status":"publish","type":"product","link":"https:\/\/svetslik.si\/hr\/gustav-klimt\/gustav-klimt-farm-garden-with-crucifix\/","title":{"rendered":"Gustav Klimt &#8211; Farm Garden with Crucifix"},"content":{"rendered":"<div class=\"wpb-content-wrapper\">[vc_row][vc_column][vc_column_text css=&#8221;&#8221;]\n<p data-pm-slice=\"1 1 []\"><div class=\"yt-lazy-video ratio-square\" data-id=\"HQsAbKgLeZs\"><\/div>\n[\/vc_column][\/vc_row][vc_row css=&#8221;.vc_custom_1714248151655{margin-bottom: 10px !important;}&#8221;][vc_column]\t<div class=\"et-image-354 et-image     et_image_link\">\n\t\t<div class=\"et-image-inner \">\n\t\t\t\t\t\t\t<div class=\"et-image-thumb \">\n\t\t\t\t\t<img decoding=\"async\" width=\"1000\" height=\"1004\" src=\"https:\/\/svetslik.si\/wp-content\/uploads\/2021\/09\/Gustav-Klimt-Farm-Garden-with-crucifix-reprodukcija1.jpg\" class=\"attachment-full\" alt=\"Gustav Klimt \u2013 Farm Garden with Crucifix\" title=\"Gustav-Klimt---Farm-Garden-with-crucifix-reprodukcija1\" srcset=\"https:\/\/svetslik.si\/wp-content\/uploads\/2021\/09\/Gustav-Klimt-Farm-Garden-with-crucifix-reprodukcija1.jpg 1000w, https:\/\/svetslik.si\/wp-content\/uploads\/2021\/09\/Gustav-Klimt-Farm-Garden-with-crucifix-reprodukcija1-600x602.jpg 600w, https:\/\/svetslik.si\/wp-content\/uploads\/2021\/09\/Gustav-Klimt-Farm-Garden-with-crucifix-reprodukcija1-100x100.jpg 100w, https:\/\/svetslik.si\/wp-content\/uploads\/2021\/09\/Gustav-Klimt-Farm-Garden-with-crucifix-reprodukcija1-300x300.jpg 300w, https:\/\/svetslik.si\/wp-content\/uploads\/2021\/09\/Gustav-Klimt-Farm-Garden-with-crucifix-reprodukcija1-150x150.jpg 150w, https:\/\/svetslik.si\/wp-content\/uploads\/2021\/09\/Gustav-Klimt-Farm-Garden-with-crucifix-reprodukcija1-768x771.jpg 768w, https:\/\/svetslik.si\/wp-content\/uploads\/2021\/09\/Gustav-Klimt-Farm-Garden-with-crucifix-reprodukcija1-900x904.jpg 900w\" sizes=\"(max-width: 1000px) 100vw, 1000px\" \/>\t\t\t\t<\/div>\n\t\t\t\t\t\t\t\t\t\t\t<\/div>\n\t<\/div>\n  [\/vc_column][\/vc_row][vc_row css=&#8221;.vc_custom_1714248151655{margin-bottom: 10px !important;}&#8221;][vc_column]\t<div class=\"et-image-166 et-image     et_image_link\">\n\t\t<div class=\"et-image-inner \">\n\t\t\t\t\t\t\t<div class=\"et-image-thumb \">\n\t\t\t\t\t<img decoding=\"async\" width=\"1000\" height=\"1314\" src=\"https:\/\/svetslik.si\/wp-content\/uploads\/2021\/09\/Gustav-Klimt-Farm-Garden-with-crucifix-reprodukcija.jpg\" class=\"attachment-full\" alt=\"Gustav Klimt \u2013 Farm Garden with Crucifix\" title=\"Gustav-Klimt---Farm-Garden-with-crucifix-reprodukcija\" srcset=\"https:\/\/svetslik.si\/wp-content\/uploads\/2021\/09\/Gustav-Klimt-Farm-Garden-with-crucifix-reprodukcija.jpg 1000w, https:\/\/svetslik.si\/wp-content\/uploads\/2021\/09\/Gustav-Klimt-Farm-Garden-with-crucifix-reprodukcija-600x788.jpg 600w, https:\/\/svetslik.si\/wp-content\/uploads\/2021\/09\/Gustav-Klimt-Farm-Garden-with-crucifix-reprodukcija-228x300.jpg 228w, https:\/\/svetslik.si\/wp-content\/uploads\/2021\/09\/Gustav-Klimt-Farm-Garden-with-crucifix-reprodukcija-779x1024.jpg 779w, https:\/\/svetslik.si\/wp-content\/uploads\/2021\/09\/Gustav-Klimt-Farm-Garden-with-crucifix-reprodukcija-768x1009.jpg 768w, https:\/\/svetslik.si\/wp-content\/uploads\/2021\/09\/Gustav-Klimt-Farm-Garden-with-crucifix-reprodukcija-114x150.jpg 114w, https:\/\/svetslik.si\/wp-content\/uploads\/2021\/09\/Gustav-Klimt-Farm-Garden-with-crucifix-reprodukcija-900x1183.jpg 900w\" sizes=\"(max-width: 1000px) 100vw, 1000px\" \/>\t\t\t\t<\/div>\n\t\t\t\t\t\t\t\t\t\t\t<\/div>\n\t<\/div>\n  [\/vc_column][\/vc_row][vc_row css=&#8221;.vc_custom_1714248151655{margin-bottom: 10px !important;}&#8221;][vc_column]\t<div class=\"et-image-76 et-image     et_image_link\">\n\t\t<div class=\"et-image-inner \">\n\t\t\t\t\t\t\t<div class=\"et-image-thumb \">\n\t\t\t\t\t<img decoding=\"async\" width=\"1000\" height=\"709\" src=\"https:\/\/svetslik.si\/wp-content\/uploads\/2021\/09\/Gustav-Klimt-Farm-Garden-with-crucifix-reprodukcija4.jpg\" class=\"attachment-full\" alt=\"Gustav Klimt \u2013 Farm Garden with Crucifix\" title=\"Gustav-Klimt---Farm-Garden-with-crucifix-reprodukcija4\" srcset=\"https:\/\/svetslik.si\/wp-content\/uploads\/2021\/09\/Gustav-Klimt-Farm-Garden-with-crucifix-reprodukcija4.jpg 1000w, https:\/\/svetslik.si\/wp-content\/uploads\/2021\/09\/Gustav-Klimt-Farm-Garden-with-crucifix-reprodukcija4-600x425.jpg 600w, https:\/\/svetslik.si\/wp-content\/uploads\/2021\/09\/Gustav-Klimt-Farm-Garden-with-crucifix-reprodukcija4-300x213.jpg 300w, https:\/\/svetslik.si\/wp-content\/uploads\/2021\/09\/Gustav-Klimt-Farm-Garden-with-crucifix-reprodukcija4-768x545.jpg 768w, https:\/\/svetslik.si\/wp-content\/uploads\/2021\/09\/Gustav-Klimt-Farm-Garden-with-crucifix-reprodukcija4-150x106.jpg 150w, https:\/\/svetslik.si\/wp-content\/uploads\/2021\/09\/Gustav-Klimt-Farm-Garden-with-crucifix-reprodukcija4-900x638.jpg 900w\" sizes=\"(max-width: 1000px) 100vw, 1000px\" \/>\t\t\t\t<\/div>\n\t\t\t\t\t\t\t\t\t\t\t<\/div>\n\t<\/div>\n  [\/vc_column][\/vc_row][vc_row css=&#8221;.vc_custom_1714248151655{margin-bottom: 10px !important;}&#8221;][vc_column]\t<div class=\"et-image-789 et-image     et_image_link\">\n\t\t<div class=\"et-image-inner \">\n\t\t\t\t\t\t\t<div class=\"et-image-thumb \">\n\t\t\t\t\t<img decoding=\"async\" width=\"1000\" height=\"563\" src=\"https:\/\/svetslik.si\/wp-content\/uploads\/2021\/09\/Gustav-Klimt-Farm-Garden-with-crucifix-reprodukcija2.jpg\" class=\"attachment-full\" alt=\"Gustav Klimt \u2013 Farm Garden with Crucifix\" title=\"Gustav-Klimt---Farm-Garden-with-crucifix-reprodukcija2\" srcset=\"https:\/\/svetslik.si\/wp-content\/uploads\/2021\/09\/Gustav-Klimt-Farm-Garden-with-crucifix-reprodukcija2.jpg 1000w, https:\/\/svetslik.si\/wp-content\/uploads\/2021\/09\/Gustav-Klimt-Farm-Garden-with-crucifix-reprodukcija2-600x338.jpg 600w, https:\/\/svetslik.si\/wp-content\/uploads\/2021\/09\/Gustav-Klimt-Farm-Garden-with-crucifix-reprodukcija2-300x169.jpg 300w, https:\/\/svetslik.si\/wp-content\/uploads\/2021\/09\/Gustav-Klimt-Farm-Garden-with-crucifix-reprodukcija2-768x432.jpg 768w, https:\/\/svetslik.si\/wp-content\/uploads\/2021\/09\/Gustav-Klimt-Farm-Garden-with-crucifix-reprodukcija2-150x84.jpg 150w, https:\/\/svetslik.si\/wp-content\/uploads\/2021\/09\/Gustav-Klimt-Farm-Garden-with-crucifix-reprodukcija2-900x507.jpg 900w\" sizes=\"(max-width: 1000px) 100vw, 1000px\" \/>\t\t\t\t<\/div>\n\t\t\t\t\t\t\t\t\t\t\t<\/div>\n\t<\/div>\n  [\/vc_column][\/vc_row][vc_row][vc_column][vc_column_text]\n<h1>Gustav Klimt &#8211; Farm Garden with Crucifix<\/h1>\n<p>&nbsp;<\/p>\n<table style=\"width: 593px;\" border=\"0\" width=\"593\" cellspacing=\"0\" cellpadding=\"0\">\n<tbody>\n<tr>\n<td style=\"width: 155px; height: 21px;\" height=\"21\">Godina nastanka:<\/td>\n<td style=\"width: 439px;\">1911-1912<\/td>\n<\/tr>\n<tr>\n<td style=\"width: 155px; height: 21px;\" height=\"21\">Izvorna veli\u010dina:<\/td>\n<td style=\"width: 439px;\">110 cm x 110 cm<\/td>\n<\/tr>\n<tr>\n<td style=\"width: 155px; height: 21px;\" height=\"21\">Stil slikanja:<\/td>\n<td style=\"width: 439px;\">Secesija<\/td>\n<\/tr>\n<tr>\n<td style=\"width: 155px; height: 21px;\" height=\"21\">Izvorna tehnika:<\/td>\n<td style=\"width: 439px;\">Ulje na platnu<\/td>\n<\/tr>\n<tr>\n<td style=\"width: 155px; height: 21px;\" height=\"21\">Nalazi se:<\/td>\n<td style=\"width: 439px;\">Izvornik je uni\u0161ten 1945<\/td>\n<\/tr>\n<\/tbody>\n<colgroup>\n<col \/>\n<col \/> <\/colgroup>\n<\/table>\n<p>Kompozicija ulja na platnu <em>Seoski vrt s raspelom<\/em> je jednostavna, linije su prirodne. Me\u0111utim, slika je puna detalja i odaje prekrasnu atmosferu. Zamu\u0107ena stara zgrada u pozadini ulja na platnu i kri\u017e zarastao u cvije\u0107e i raslinje daje dojam da je Klimt naletio na ovo godinama netaknuto imanje.[\/vc_column_text][\/vc_column][\/vc_row][vc_row][vc_column][vc_column_text]&#8221;Vrt farme s raspelom&#8221;, koji je 1910. godine naslikao austrijski umjetnik Gustav Klimt, smatra se jednim od umjetnikovih najprovokativnijih i najkontroverznijih djela. Slika prikazuje seoski vrt pun bujnog zelenila i veliko raspelo u sredi\u0161tu kompozicije. Raspelo je glavni fokus slike i prikazano je u izrazito stiliziranom, pojednostavljenom i gotovo apstraktnom obliku.<\/p>\n<p>Slika je izvrstan primjer Klimtovog secesijskog stila, koji je karakterizirala upotreba kitnjastih uzoraka, odva\u017ene borbe i senzualnih tema. Raspelo je prikazano na visoko stiliziran na\u010din, s izdu\u017eenim udovima i pojednostavljenim crtama, \u0161to slici daje nezemaljsku i snoliku kvalitetu.<\/p>\n<p>Jedna od najupe\u010datljivijih zna\u010dajki &#8220;Farm Garden with Crucifix&#8221; je njegova upotreba hrabrih boja i zamr\u0161enih uzoraka. Slika je bujna boja, s raspelom, pozadinom i ukrasnim elementima koji se sastoje od uskovitlanih, isprepletenih uzoraka. Kori\u0161tenje boje i uzorka stvara osje\u0107aj pokreta i fluidnosti, \u0161to je prikladno s obzirom na temu duhovnosti i prirode na slici.<\/p>\n<p>Bogata je i simbolika slike. Raspelo na slici je simbol kr\u0161\u0107anstva i \u017ertve Isusa Krista. Bujno zelenilo i dekorativni elementi na slici mogli bi predstavljati vezu izme\u0111u prirode i duhovnosti. Me\u0111utim, slika je dobila kritike zbog prikaza raspe\u0107a, jer su ga neki smatrali bogohulnim i bez po\u0161tovanja.<\/p>\n<p>Sliku nisu dobro prihvatili kriti\u010dari kada je prvi put izlo\u017eena, a od tada je postala jedno od Klimtovih najkontroverznijih djela. Trenutno je shranjen v muzeju Leopold na Dunaju v Avstriji.<\/p>\n<p>Sve u svemu, &#8220;Vrt na farmi s raspelom&#8221; je kontroverzna slika koja poti\u010de na razmi\u0161ljanje i prikazuje bogato ukra\u0161ene uzorke, hrabre boje i senzualnu temu koji su obilje\u017eja secesijskog stila Gustava Klimta. Uporaba barve in vzorca na sliki ustvarja ob\u010dutek gibanja in fluidnosti, medtem ko razpelo simbolizira kr\u0161\u010danstvo in \u017ertev Jezusa Kristusa. Upodobitev razpela na sliki kritiki niso dobro sprejeli in ostaja eno Klimtovih najbolj kontroverznih del. Trenutno se \u010duva u Muzeju Leopold u Be\u010du, Austrija.[\/vc_column_text][\/vc_column][\/vc_row]\n<\/div>","protected":false},"excerpt":{"rendered":"<p>[vc_row][vc_column][vc_column_text css=&#8221;&#8221;] [\/vc_column][\/vc_row][vc_row css=&#8221;.vc_custom_1714248151655{margin-bottom: 10px !important;}&#8221;][vc_column][\/vc_column][\/vc_row][vc_row css=&#8221;.vc_custom_1714248151655{margin-bottom: 10px !important;}&#8221;][vc_column][\/vc_column][\/vc_row][vc_row css=&#8221;.vc_custom_1714248151655{margin-bottom: 10px !important;}&#8221;][vc_column][\/vc_column][\/vc_row][vc_row css=&#8221;.vc_custom_1714248151655{margin-bottom: 10px !important;}&#8221;][vc_column][\/vc_column][\/vc_row][vc_row][vc_column][vc_column_text] Gustav Klimt &#8211; Farm Garden with Crucifix &nbsp; Godina nastanka: 1911-1912 Izvorna veli\u010dina: 110 cm x 110 cm Stil slikanja: Secesija Izvorna tehnika: Ulje na platnu Nalazi se: Izvornik je uni\u0161ten 1945 Kompozicija ulja na [&hellip;]<\/p>\n","protected":false},"featured_media":94361,"template":"","meta":{"_acf_changed":false},"product_brand":[],"product_cat":[3374],"product_tag":[3402,4068,4069,4070,4071],"class_list":{"0":"post-23102","1":"product","2":"type-product","3":"status-publish","4":"has-post-thumbnail","6":"product_cat-gustav-klimt","7":"product_tag-gustav-klimt-hr","8":"product_tag-klimt-hr","9":"product_tag-reprodukcija-hr","10":"product_tag-reprodukcije-hr","11":"product_tag-slikar-hr","12":"pa_dimenzija-100-x-100-cm","13":"pa_dimenzija-110-x-110-cm","14":"pa_dimenzija-120-x-120-cm","15":"pa_dimenzija-150-x-150-cm","16":"pa_dimenzija-60-x-60-cm","17":"pa_dimenzija-70-x-70-cm","18":"pa_dimenzija-80-x-80-cm","19":"pa_dimenzija-90-x-90-cm","20":"pa_oblika-kvadrat-hr-2","21":"pa_okvir-bez-okvira","22":"pa_podokvir-bez-podokvira","23":"pa_podokvir-sa-podokvirom","25":"first","26":"onbackorder","27":"purchasable","28":"product-type-variable","29":"has-default-attributes"},"acf":[],"yoast_head":"<!-- This site is optimized with the Yoast SEO Premium plugin v26.0 (Yoast SEO v27.2) - https:\/\/yoast.com\/product\/yoast-seo-premium-wordpress\/ -->\n<title>Gustav Klimt - Farm Garden with Crucifix - SVETSLIK.SI - 100% ru\u010dno naslikano<\/title>\n<meta name=\"description\" content=\"Gustav Klimt - Farm Garden with Crucifix - 100% ru\u010dno naslikane reprodukcije slika na platnu. Okvirivanje slika, prodaja i izrada slika u dimenzijama po narud\u017ebi.\" \/>\n<meta name=\"robots\" content=\"index, follow, max-snippet:-1, max-image-preview:large, max-video-preview:-1\" \/>\n<link rel=\"canonical\" href=\"https:\/\/svetslik.si\/hr\/gustav-klimt\/gustav-klimt-farm-garden-with-crucifix\/\" \/>\n<meta property=\"og:locale\" content=\"hr_HR\" \/>\n<meta property=\"og:type\" content=\"article\" \/>\n<meta property=\"og:title\" content=\"Gustav Klimt - Farm Garden with Crucifix\" \/>\n<meta property=\"og:description\" content=\"100% ro\u010dno naslikane slike na platnu, reprodukcije znanih slikarjev in umetni\u0161ke slike po naro\u010dilu.\" \/>\n<meta property=\"og:url\" content=\"https:\/\/svetslik.si\/hr\/gustav-klimt\/gustav-klimt-farm-garden-with-crucifix\/\" \/>\n<meta property=\"og:site_name\" content=\"SVETSLIK.SI\" \/>\n<meta property=\"article:publisher\" content=\"https:\/\/www.facebook.com\/svetslik.si\" \/>\n<meta property=\"article:modified_time\" content=\"2025-11-02T20:28:35+00:00\" \/>\n<meta property=\"og:image\" content=\"https:\/\/svetslik.si\/wp-content\/uploads\/2021\/09\/Reprodukcija-slike-Gustav-Klimt-Farm-Garden-With-Crucifix.jpeg\" \/>\n\t<meta property=\"og:image:width\" content=\"1000\" \/>\n\t<meta property=\"og:image:height\" content=\"1000\" \/>\n\t<meta property=\"og:image:type\" content=\"image\/jpeg\" \/>\n<meta name=\"twitter:card\" content=\"summary_large_image\" \/>\n<meta name=\"twitter:site\" content=\"@svetslik\" \/>\n<meta name=\"twitter:label1\" content=\"Availability\" \/>\n\t<meta name=\"twitter:data1\" content=\"On backorder\" \/>\n<script type=\"application\/ld+json\" class=\"yoast-schema-graph\">{\"@context\":\"https:\/\/schema.org\",\"@graph\":[{\"@type\":[\"WebPage\",\"ItemPage\"],\"@id\":\"https:\/\/svetslik.si\/hr\/gustav-klimt\/gustav-klimt-farm-garden-with-crucifix\/\",\"url\":\"https:\/\/svetslik.si\/hr\/gustav-klimt\/gustav-klimt-farm-garden-with-crucifix\/\",\"name\":\"Gustav Klimt - Farm Garden with Crucifix - SVETSLIK.SI - 100% ru\u010dno naslikano\",\"isPartOf\":{\"@id\":\"https:\/\/svetslik.si\/hr\/#website\"},\"primaryImageOfPage\":{\"@id\":\"https:\/\/svetslik.si\/hr\/gustav-klimt\/gustav-klimt-farm-garden-with-crucifix\/#primaryimage\"},\"image\":{\"@id\":\"https:\/\/svetslik.si\/hr\/gustav-klimt\/gustav-klimt-farm-garden-with-crucifix\/#primaryimage\"},\"thumbnailUrl\":\"https:\/\/svetslik.si\/wp-content\/uploads\/2021\/09\/Reprodukcija-slike-Gustav-Klimt-Farm-Garden-With-Crucifix.jpeg\",\"datePublished\":\"2021-09-02T16:24:39+00:00\",\"dateModified\":\"2025-11-02T20:28:35+00:00\",\"description\":\"Gustav Klimt - Farm Garden with Crucifix - 100% ru\u010dno naslikane reprodukcije slika na platnu. Okvirivanje slika, prodaja i izrada slika u dimenzijama po narud\u017ebi.\",\"breadcrumb\":{\"@id\":\"https:\/\/svetslik.si\/hr\/gustav-klimt\/gustav-klimt-farm-garden-with-crucifix\/#breadcrumb\"},\"inLanguage\":\"hr\",\"potentialAction\":[{\"@type\":\"ReadAction\",\"target\":[\"https:\/\/svetslik.si\/hr\/gustav-klimt\/gustav-klimt-farm-garden-with-crucifix\/\"]}]},{\"@type\":\"ImageObject\",\"inLanguage\":\"hr\",\"@id\":\"https:\/\/svetslik.si\/hr\/gustav-klimt\/gustav-klimt-farm-garden-with-crucifix\/#primaryimage\",\"url\":\"https:\/\/svetslik.si\/wp-content\/uploads\/2021\/09\/Reprodukcija-slike-Gustav-Klimt-Farm-Garden-With-Crucifix.jpeg\",\"contentUrl\":\"https:\/\/svetslik.si\/wp-content\/uploads\/2021\/09\/Reprodukcija-slike-Gustav-Klimt-Farm-Garden-With-Crucifix.jpeg\",\"width\":1000,\"height\":1000,\"caption\":\"Reprodukcija slike Gustav Klimt - Farm Garden With Crucifix\"},{\"@type\":\"BreadcrumbList\",\"@id\":\"https:\/\/svetslik.si\/hr\/gustav-klimt\/gustav-klimt-farm-garden-with-crucifix\/#breadcrumb\",\"itemListElement\":[{\"@type\":\"ListItem\",\"position\":1,\"name\":\"Umjetni\u010dke zidne slike na platnu\",\"item\":\"https:\/\/svetslik.si\/hr\/\"},{\"@type\":\"ListItem\",\"position\":2,\"name\":\"Prodaja slika\",\"item\":\"https:\/\/svetslik.si\/prodaja-slik\/\"},{\"@type\":\"ListItem\",\"position\":3,\"name\":\"Gustav Klimt &#8211; Farm Garden with Crucifix\"}]},{\"@type\":\"WebSite\",\"@id\":\"https:\/\/svetslik.si\/hr\/#website\",\"url\":\"https:\/\/svetslik.si\/hr\/\",\"name\":\"SVETSLIK.SI\",\"description\":\"100% ru\u010dno naslikane reprodukcije slika poznatih slikara in umjetni\u010dke zidne slike na platnu.\",\"publisher\":{\"@id\":\"https:\/\/svetslik.si\/hr\/#organization\"},\"potentialAction\":[{\"@type\":\"SearchAction\",\"target\":{\"@type\":\"EntryPoint\",\"urlTemplate\":\"https:\/\/svetslik.si\/hr\/?s={search_term_string}\"},\"query-input\":{\"@type\":\"PropertyValueSpecification\",\"valueRequired\":true,\"valueName\":\"search_term_string\"}}],\"inLanguage\":\"hr\"},{\"@type\":\"Organization\",\"@id\":\"https:\/\/svetslik.si\/hr\/#organization\",\"name\":\"SvetSlik.si\",\"url\":\"https:\/\/svetslik.si\/hr\/\",\"logo\":{\"@type\":\"ImageObject\",\"inLanguage\":\"hr\",\"@id\":\"https:\/\/svetslik.si\/hr\/#\/schema\/logo\/image\/\",\"url\":\"https:\/\/svetslik.si\/wp-content\/uploads\/2020\/12\/logo-512.png\",\"contentUrl\":\"https:\/\/svetslik.si\/wp-content\/uploads\/2020\/12\/logo-512.png\",\"width\":512,\"height\":512,\"caption\":\"SvetSlik.si\"},\"image\":{\"@id\":\"https:\/\/svetslik.si\/hr\/#\/schema\/logo\/image\/\"},\"sameAs\":[\"https:\/\/www.facebook.com\/svetslik.si\",\"https:\/\/x.com\/svetslik\",\"https:\/\/www.instagram.com\/svetslik.si\/\",\"https:\/\/www.linkedin.com\/company\/svetslik-si\"]}]}<\/script>\n<meta property=\"og:availability\" content=\"backorder\" \/>\n<meta property=\"product:availability\" content=\"available for order\" \/>\n<meta property=\"product:retailer_item_id\" content=\"563__\" \/>\n<meta property=\"product:condition\" content=\"new\" \/>\n<!-- \/ Yoast SEO Premium plugin. -->","yoast_head_json":{"title":"Gustav Klimt - Farm Garden with Crucifix - SVETSLIK.SI - 100% ru\u010dno naslikano","description":"Gustav Klimt - Farm Garden with Crucifix - 100% ru\u010dno naslikane reprodukcije slika na platnu. Okvirivanje slika, prodaja i izrada slika u dimenzijama po narud\u017ebi.","robots":{"index":"index","follow":"follow","max-snippet":"max-snippet:-1","max-image-preview":"max-image-preview:large","max-video-preview":"max-video-preview:-1"},"canonical":"https:\/\/svetslik.si\/hr\/gustav-klimt\/gustav-klimt-farm-garden-with-crucifix\/","og_locale":"hr_HR","og_type":"article","og_title":"Gustav Klimt - Farm Garden with Crucifix","og_description":"100% ro\u010dno naslikane slike na platnu, reprodukcije znanih slikarjev in umetni\u0161ke slike po naro\u010dilu.","og_url":"https:\/\/svetslik.si\/hr\/gustav-klimt\/gustav-klimt-farm-garden-with-crucifix\/","og_site_name":"SVETSLIK.SI","article_publisher":"https:\/\/www.facebook.com\/svetslik.si","article_modified_time":"2025-11-02T20:28:35+00:00","og_image":[{"width":1000,"height":1000,"url":"https:\/\/svetslik.si\/wp-content\/uploads\/2021\/09\/Reprodukcija-slike-Gustav-Klimt-Farm-Garden-With-Crucifix.jpeg","type":"image\/jpeg"}],"twitter_card":"summary_large_image","twitter_site":"@svetslik","twitter_misc":{"Availability":"On backorder"},"schema":{"@context":"https:\/\/schema.org","@graph":[{"@type":["WebPage","ItemPage"],"@id":"https:\/\/svetslik.si\/hr\/gustav-klimt\/gustav-klimt-farm-garden-with-crucifix\/","url":"https:\/\/svetslik.si\/hr\/gustav-klimt\/gustav-klimt-farm-garden-with-crucifix\/","name":"Gustav Klimt - Farm Garden with Crucifix - SVETSLIK.SI - 100% ru\u010dno naslikano","isPartOf":{"@id":"https:\/\/svetslik.si\/hr\/#website"},"primaryImageOfPage":{"@id":"https:\/\/svetslik.si\/hr\/gustav-klimt\/gustav-klimt-farm-garden-with-crucifix\/#primaryimage"},"image":{"@id":"https:\/\/svetslik.si\/hr\/gustav-klimt\/gustav-klimt-farm-garden-with-crucifix\/#primaryimage"},"thumbnailUrl":"https:\/\/svetslik.si\/wp-content\/uploads\/2021\/09\/Reprodukcija-slike-Gustav-Klimt-Farm-Garden-With-Crucifix.jpeg","datePublished":"2021-09-02T16:24:39+00:00","dateModified":"2025-11-02T20:28:35+00:00","description":"Gustav Klimt - Farm Garden with Crucifix - 100% ru\u010dno naslikane reprodukcije slika na platnu. Okvirivanje slika, prodaja i izrada slika u dimenzijama po narud\u017ebi.","breadcrumb":{"@id":"https:\/\/svetslik.si\/hr\/gustav-klimt\/gustav-klimt-farm-garden-with-crucifix\/#breadcrumb"},"inLanguage":"hr","potentialAction":[{"@type":"ReadAction","target":["https:\/\/svetslik.si\/hr\/gustav-klimt\/gustav-klimt-farm-garden-with-crucifix\/"]}]},{"@type":"ImageObject","inLanguage":"hr","@id":"https:\/\/svetslik.si\/hr\/gustav-klimt\/gustav-klimt-farm-garden-with-crucifix\/#primaryimage","url":"https:\/\/svetslik.si\/wp-content\/uploads\/2021\/09\/Reprodukcija-slike-Gustav-Klimt-Farm-Garden-With-Crucifix.jpeg","contentUrl":"https:\/\/svetslik.si\/wp-content\/uploads\/2021\/09\/Reprodukcija-slike-Gustav-Klimt-Farm-Garden-With-Crucifix.jpeg","width":1000,"height":1000,"caption":"Reprodukcija slike Gustav Klimt - Farm Garden With Crucifix"},{"@type":"BreadcrumbList","@id":"https:\/\/svetslik.si\/hr\/gustav-klimt\/gustav-klimt-farm-garden-with-crucifix\/#breadcrumb","itemListElement":[{"@type":"ListItem","position":1,"name":"Umjetni\u010dke zidne slike na platnu","item":"https:\/\/svetslik.si\/hr\/"},{"@type":"ListItem","position":2,"name":"Prodaja slika","item":"https:\/\/svetslik.si\/prodaja-slik\/"},{"@type":"ListItem","position":3,"name":"Gustav Klimt &#8211; Farm Garden with Crucifix"}]},{"@type":"WebSite","@id":"https:\/\/svetslik.si\/hr\/#website","url":"https:\/\/svetslik.si\/hr\/","name":"SVETSLIK.SI","description":"100% ru\u010dno naslikane reprodukcije slika poznatih slikara in umjetni\u010dke zidne slike na platnu.","publisher":{"@id":"https:\/\/svetslik.si\/hr\/#organization"},"potentialAction":[{"@type":"SearchAction","target":{"@type":"EntryPoint","urlTemplate":"https:\/\/svetslik.si\/hr\/?s={search_term_string}"},"query-input":{"@type":"PropertyValueSpecification","valueRequired":true,"valueName":"search_term_string"}}],"inLanguage":"hr"},{"@type":"Organization","@id":"https:\/\/svetslik.si\/hr\/#organization","name":"SvetSlik.si","url":"https:\/\/svetslik.si\/hr\/","logo":{"@type":"ImageObject","inLanguage":"hr","@id":"https:\/\/svetslik.si\/hr\/#\/schema\/logo\/image\/","url":"https:\/\/svetslik.si\/wp-content\/uploads\/2020\/12\/logo-512.png","contentUrl":"https:\/\/svetslik.si\/wp-content\/uploads\/2020\/12\/logo-512.png","width":512,"height":512,"caption":"SvetSlik.si"},"image":{"@id":"https:\/\/svetslik.si\/hr\/#\/schema\/logo\/image\/"},"sameAs":["https:\/\/www.facebook.com\/svetslik.si","https:\/\/x.com\/svetslik","https:\/\/www.instagram.com\/svetslik.si\/","https:\/\/www.linkedin.com\/company\/svetslik-si"]}]},"og_availability":"backorder","product_availability":"available for order","product_retailer_item_id":"563__","product_condition":"new"},"jetpack_sharing_enabled":true,"_links":{"self":[{"href":"https:\/\/svetslik.si\/hr\/wp-json\/wp\/v2\/product\/23102","targetHints":{"allow":["GET"]}}],"collection":[{"href":"https:\/\/svetslik.si\/hr\/wp-json\/wp\/v2\/product"}],"about":[{"href":"https:\/\/svetslik.si\/hr\/wp-json\/wp\/v2\/types\/product"}],"wp:featuredmedia":[{"embeddable":true,"href":"https:\/\/svetslik.si\/hr\/wp-json\/wp\/v2\/media\/94361"}],"wp:attachment":[{"href":"https:\/\/svetslik.si\/hr\/wp-json\/wp\/v2\/media?parent=23102"}],"wp:term":[{"taxonomy":"product_brand","embeddable":true,"href":"https:\/\/svetslik.si\/hr\/wp-json\/wp\/v2\/product_brand?post=23102"},{"taxonomy":"product_cat","embeddable":true,"href":"https:\/\/svetslik.si\/hr\/wp-json\/wp\/v2\/product_cat?post=23102"},{"taxonomy":"product_tag","embeddable":true,"href":"https:\/\/svetslik.si\/hr\/wp-json\/wp\/v2\/product_tag?post=23102"}],"curies":[{"name":"wp","href":"https:\/\/api.w.org\/{rel}","templated":true}]}}