{"id":23129,"date":"2021-09-02T18:23:58","date_gmt":"2021-09-02T16:23:58","guid":{"rendered":"https:\/\/svetslik.si\/nekategorizirano\/gustav-klimt-the-bride\/"},"modified":"2024-07-04T15:49:55","modified_gmt":"2024-07-04T13:49:55","slug":"the-bride","status":"publish","type":"product","link":"https:\/\/svetslik.si\/hr\/gustav-klimt\/the-bride\/","title":{"rendered":"Gustav Klimt &#8211; The Bride"},"content":{"rendered":"<h1>Gustav Klimt &#8211; Nevjesta<\/h1>\n<p>&nbsp;<\/p>\n<table style=\"width: 593px\" border=\"0\" width=\"593\" cellspacing=\"0\" cellpadding=\"0\">\n<tbody>\n<tr>\n<td style=\"width: 155px;height: 21px\" height=\"21\">Godina stvaranja:<\/td>\n<td style=\"width: 439px\">1917.-1918.<\/td>\n<\/tr>\n<tr>\n<td style=\"width: 155px;height: 21px\" height=\"21\">Izvorna veli\u010dina:<\/td>\n<td style=\"width: 439px\">190 cm x 166 cm<\/td>\n<\/tr>\n<tr>\n<td style=\"width: 155px;height: 21px\" height=\"21\">Stil bojanja:<\/td>\n<td style=\"width: 439px\">Secesija<\/td>\n<\/tr>\n<tr>\n<td style=\"width: 155px;height: 21px\" height=\"21\">Izvorna tehnika:<\/td>\n<td style=\"width: 439px\">Ulje na platnu<\/td>\n<\/tr>\n<tr>\n<td style=\"width: 155px;height: 21px\" height=\"21\">Lokacija:<\/td>\n<td style=\"width: 439px\">Privatna zbirka<\/td>\n<\/tr>\n<\/tbody>\n<colgroup>\n<col>\n<col> <\/colgroup>\n<\/table>\n<p>Ulje na platnu <em>Nevjesta<\/em> je nedovr\u0161ena slika. Kompozicija na ovoj slici vrlo je neobi\u010dna, jer je Klimt rasporedio \u017eenske figure u ulju na platnu u vrlo nasumi\u010dnom uzorku koji djeluje gotovo biolo\u0161ki. Odje\u0107a figure ukra\u0161ena je geometrijskim detaljima, ali je pozadina slike vrlo tamna &#8211; slika prikazuje nastanak \u017eivota i proces formiranja \u017eenstvenosti i povezanosti s prirodom.Slika Nevjesta Gustava Klimta remek-djelo je secesije i jedno od najpoznatijih i najprepoznatljivijih djela austrijskog slikara. Slika predstavlja ljepotu \u017eenskih oblina i sklad svemira.&#8221;Nevjesta&#8221; je ulje na platnu dimenzija cca 100cm x 100cm. Prikazuje mladu \u017eenu odjevenu u bijelo i ukra\u0161enu zlatom, kako stoji ispred bujnog krajolika. \u017dena je sredi\u0161nja to\u010dka slike, okru\u017eena raznolikim cvije\u0107em, travom i grmljem. Sliku karakterizira hrabra upotreba borbe i jedinstven osje\u0107aj pokreta i emocija. \u017dena je naslikana u nijansama bijele, zlatne i srebrne, cvije\u0107e u nijansama ru\u017ei\u010daste i \u017eute, a pozadina u nijansama plave i ljubi\u010daste, \u0161to slici daje osje\u0107aj dubine i pokreta.Lik nevjeste na ovoj slici predstavlja \u017eenski oblik, a slika se smatra simbolom \u017eenstvenosti i plodnosti. Lik mladenke na naslovnici slike predstavlja \u017eensku figuru, ali se slika smatra simbolom \u017eenstvenosti i plodnosti. Slika budi osje\u0107aje ljepote, \u010disto\u0107e i plodnosti koji su karakteristi\u010dni za Klimtovu umjetnost.Klimtova slika &#8220;Nevjesta&#8221; remek je djelo secesije i smatra se jednim od najzna\u010dajnijih umjetnikovih djela. Predstavlja ljepotu \u017eenskih oblina, \u017eenstvenost i plodnost. Slika je ono \u0161to ljubitelji umjetnosti moraju vidjeti i izvrstan je dodatak svakoj kolekciji umjetnina.Ukratko, slika &#8220;Nevjesta&#8221; Gustava Klimta remek je djelo secesije i jedno od najpoznatijih i najprepoznatljivijih djela austrijskog slikara. Slika predstavlja ljepotu \u017eenskih oblina, \u017eenstvenost i plodnost. Slika je ono \u0161to ljubitelji umjetnosti moraju vidjeti i izvrstan je dodatak svakoj kolekciji umjetnina. Ovo je sjajan na\u010din da svakoj prostoriji dodate da\u0161ak ljepote i elegancije. Slika je jedinstvena po svojoj sposobnosti da izazove osje\u0107aj ljepote, \u010disto\u0107e i plodnosti, \u0161to je \u010dini izvrsnim dodatkom svakoj prostoriji kojoj je potreban da\u0161ak \u017eenstvenosti i senzualnosti.&nbsp;<\/p>\n","protected":false},"excerpt":{"rendered":"<p>Gustav Klimt &#8211; Nevjesta &nbsp; Godina stvaranja: 1917.-1918. Izvorna veli\u010dina: 190 cm x 166 cm Stil bojanja: Secesija Izvorna tehnika: Ulje na platnu Lokacija: Privatna zbirka Ulje na platnu Nevjesta je nedovr\u0161ena slika. Kompozicija na ovoj slici vrlo je neobi\u010dna, jer je Klimt rasporedio \u017eenske figure u ulju na platnu [&hellip;]<\/p>\n","protected":false},"featured_media":20805,"template":"","meta":{"_acf_changed":false},"product_brand":[],"product_cat":[3374],"product_tag":[3402,4068,4069,4070,4071],"class_list":{"0":"post-23129","1":"product","2":"type-product","3":"status-publish","4":"has-post-thumbnail","6":"product_cat-gustav-klimt","7":"product_tag-gustav-klimt-hr","8":"product_tag-klimt-hr","9":"product_tag-reprodukcija-hr","10":"product_tag-reprodukcije-hr","11":"product_tag-slikar-hr","12":"pa_dimenzija-100-x-110-cm-hr","13":"pa_dimenzija-110-x-130-cm-hr","14":"pa_dimenzija-130-x-150-cm-hr","15":"pa_dimenzija-150-x-170-cm-hr","16":"pa_dimenzija-166-x-190-cm-hr","17":"pa_dimenzija-70-x-80-cm-hr","18":"pa_dimenzija-80-x-90-cm-hr","19":"pa_dimenzija-90-x-100-cm-hr","20":"pa_oblika-horizontalno","21":"pa_okvir-bez-okvira","22":"pa_podokvir-bez-podokvira","23":"pa_podokvir-sa-podokvirom","25":"first","26":"onbackorder","27":"purchasable","28":"product-type-variable","29":"has-default-attributes"},"acf":[],"yoast_head":"<!-- This site is optimized with the Yoast SEO Premium plugin v26.0 (Yoast SEO v27.2) - https:\/\/yoast.com\/product\/yoast-seo-premium-wordpress\/ -->\n<title>Gustav Klimt - The Bride - SVETSLIK.SI - 100% ru\u010dno naslikano<\/title>\n<meta name=\"description\" content=\"Gustav Klimt - The Bride - 100% ru\u010dno naslikane reprodukcije slika na platnu. Uramljivanje slika, prodaja i izrada slika u dimenzijama po narud\u017ebi.\" \/>\n<meta name=\"robots\" content=\"index, follow, max-snippet:-1, max-image-preview:large, max-video-preview:-1\" \/>\n<link rel=\"canonical\" href=\"https:\/\/svetslik.si\/hr\/gustav-klimt\/the-bride\/\" \/>\n<meta property=\"og:locale\" content=\"hr_HR\" \/>\n<meta property=\"og:type\" content=\"article\" \/>\n<meta property=\"og:title\" content=\"Gustav Klimt - The Bride\" \/>\n<meta property=\"og:description\" content=\"100% ro\u010dno naslikane slike na platnu, reprodukcije znanih slikarjev in umetni\u0161ke slike po naro\u010dilu.\" \/>\n<meta property=\"og:url\" content=\"https:\/\/svetslik.si\/hr\/gustav-klimt\/the-bride\/\" \/>\n<meta property=\"og:site_name\" content=\"SVETSLIK.SI\" \/>\n<meta property=\"article:publisher\" content=\"https:\/\/www.facebook.com\/svetslik.si\" \/>\n<meta property=\"article:modified_time\" content=\"2024-07-04T13:49:55+00:00\" \/>\n<meta property=\"og:image\" content=\"https:\/\/svetslik.si\/wp-content\/uploads\/2021\/08\/image_The-Bride-Gustav-Klimt_680.jpg\" \/>\n\t<meta property=\"og:image:width\" content=\"1164\" \/>\n\t<meta property=\"og:image:height\" content=\"1024\" \/>\n\t<meta property=\"og:image:type\" content=\"image\/jpeg\" \/>\n<meta name=\"twitter:card\" content=\"summary_large_image\" \/>\n<meta name=\"twitter:site\" content=\"@svetslik\" \/>\n<meta name=\"twitter:label1\" content=\"Availability\" \/>\n\t<meta name=\"twitter:data1\" content=\"On backorder\" \/>\n<script type=\"application\/ld+json\" class=\"yoast-schema-graph\">{\"@context\":\"https:\/\/schema.org\",\"@graph\":[{\"@type\":[\"WebPage\",\"ItemPage\"],\"@id\":\"https:\/\/svetslik.si\/hr\/gustav-klimt\/the-bride\/\",\"url\":\"https:\/\/svetslik.si\/hr\/gustav-klimt\/the-bride\/\",\"name\":\"Gustav Klimt - The Bride - SVETSLIK.SI - 100% ru\u010dno naslikano\",\"isPartOf\":{\"@id\":\"https:\/\/svetslik.si\/hr\/#website\"},\"primaryImageOfPage\":{\"@id\":\"https:\/\/svetslik.si\/hr\/gustav-klimt\/the-bride\/#primaryimage\"},\"image\":{\"@id\":\"https:\/\/svetslik.si\/hr\/gustav-klimt\/the-bride\/#primaryimage\"},\"thumbnailUrl\":\"https:\/\/svetslik.si\/wp-content\/uploads\/2021\/08\/image_The-Bride-Gustav-Klimt_680.jpg\",\"datePublished\":\"2021-09-02T16:23:58+00:00\",\"dateModified\":\"2024-07-04T13:49:55+00:00\",\"description\":\"Gustav Klimt - The Bride - 100% ru\u010dno naslikane reprodukcije slika na platnu. Uramljivanje slika, prodaja i izrada slika u dimenzijama po narud\u017ebi.\",\"breadcrumb\":{\"@id\":\"https:\/\/svetslik.si\/hr\/gustav-klimt\/the-bride\/#breadcrumb\"},\"inLanguage\":\"hr\",\"potentialAction\":[{\"@type\":\"ReadAction\",\"target\":[\"https:\/\/svetslik.si\/hr\/gustav-klimt\/the-bride\/\"]}]},{\"@type\":\"ImageObject\",\"inLanguage\":\"hr\",\"@id\":\"https:\/\/svetslik.si\/hr\/gustav-klimt\/the-bride\/#primaryimage\",\"url\":\"https:\/\/svetslik.si\/wp-content\/uploads\/2021\/08\/image_The-Bride-Gustav-Klimt_680.jpg\",\"contentUrl\":\"https:\/\/svetslik.si\/wp-content\/uploads\/2021\/08\/image_The-Bride-Gustav-Klimt_680.jpg\",\"width\":1164,\"height\":1024,\"caption\":\"Gustav Klimt - Mlada - Ru\u010dno naslikane reprodukcije poznatih slikara, moderne zidne slike, umjetni\u010dke slike za zid\"},{\"@type\":\"BreadcrumbList\",\"@id\":\"https:\/\/svetslik.si\/hr\/gustav-klimt\/the-bride\/#breadcrumb\",\"itemListElement\":[{\"@type\":\"ListItem\",\"position\":1,\"name\":\"Umjetni\u010dke zidne slike na platnu\",\"item\":\"https:\/\/svetslik.si\/hr\/\"},{\"@type\":\"ListItem\",\"position\":2,\"name\":\"Prodaja slika\",\"item\":\"https:\/\/svetslik.si\/prodaja-slik\/\"},{\"@type\":\"ListItem\",\"position\":3,\"name\":\"Gustav Klimt &#8211; The Bride\"}]},{\"@type\":\"WebSite\",\"@id\":\"https:\/\/svetslik.si\/hr\/#website\",\"url\":\"https:\/\/svetslik.si\/hr\/\",\"name\":\"SVETSLIK.SI\",\"description\":\"100% ru\u010dno naslikane reprodukcije slika poznatih slikara in umjetni\u010dke zidne slike na platnu.\",\"publisher\":{\"@id\":\"https:\/\/svetslik.si\/hr\/#organization\"},\"potentialAction\":[{\"@type\":\"SearchAction\",\"target\":{\"@type\":\"EntryPoint\",\"urlTemplate\":\"https:\/\/svetslik.si\/hr\/?s={search_term_string}\"},\"query-input\":{\"@type\":\"PropertyValueSpecification\",\"valueRequired\":true,\"valueName\":\"search_term_string\"}}],\"inLanguage\":\"hr\"},{\"@type\":\"Organization\",\"@id\":\"https:\/\/svetslik.si\/hr\/#organization\",\"name\":\"SvetSlik.si\",\"url\":\"https:\/\/svetslik.si\/hr\/\",\"logo\":{\"@type\":\"ImageObject\",\"inLanguage\":\"hr\",\"@id\":\"https:\/\/svetslik.si\/hr\/#\/schema\/logo\/image\/\",\"url\":\"https:\/\/svetslik.si\/wp-content\/uploads\/2020\/12\/logo-512.png\",\"contentUrl\":\"https:\/\/svetslik.si\/wp-content\/uploads\/2020\/12\/logo-512.png\",\"width\":512,\"height\":512,\"caption\":\"SvetSlik.si\"},\"image\":{\"@id\":\"https:\/\/svetslik.si\/hr\/#\/schema\/logo\/image\/\"},\"sameAs\":[\"https:\/\/www.facebook.com\/svetslik.si\",\"https:\/\/x.com\/svetslik\",\"https:\/\/www.instagram.com\/svetslik.si\/\",\"https:\/\/www.linkedin.com\/company\/svetslik-si\"]}]}<\/script>\n<meta property=\"og:availability\" content=\"backorder\" \/>\n<meta property=\"product:availability\" content=\"available for order\" \/>\n<meta property=\"product:retailer_item_id\" content=\"560__\" \/>\n<meta property=\"product:condition\" content=\"new\" \/>\n<!-- \/ Yoast SEO Premium plugin. -->","yoast_head_json":{"title":"Gustav Klimt - The Bride - SVETSLIK.SI - 100% ru\u010dno naslikano","description":"Gustav Klimt - The Bride - 100% ru\u010dno naslikane reprodukcije slika na platnu. Uramljivanje slika, prodaja i izrada slika u dimenzijama po narud\u017ebi.","robots":{"index":"index","follow":"follow","max-snippet":"max-snippet:-1","max-image-preview":"max-image-preview:large","max-video-preview":"max-video-preview:-1"},"canonical":"https:\/\/svetslik.si\/hr\/gustav-klimt\/the-bride\/","og_locale":"hr_HR","og_type":"article","og_title":"Gustav Klimt - The Bride","og_description":"100% ro\u010dno naslikane slike na platnu, reprodukcije znanih slikarjev in umetni\u0161ke slike po naro\u010dilu.","og_url":"https:\/\/svetslik.si\/hr\/gustav-klimt\/the-bride\/","og_site_name":"SVETSLIK.SI","article_publisher":"https:\/\/www.facebook.com\/svetslik.si","article_modified_time":"2024-07-04T13:49:55+00:00","og_image":[{"width":1164,"height":1024,"url":"https:\/\/svetslik.si\/wp-content\/uploads\/2021\/08\/image_The-Bride-Gustav-Klimt_680.jpg","type":"image\/jpeg"}],"twitter_card":"summary_large_image","twitter_site":"@svetslik","twitter_misc":{"Availability":"On backorder"},"schema":{"@context":"https:\/\/schema.org","@graph":[{"@type":["WebPage","ItemPage"],"@id":"https:\/\/svetslik.si\/hr\/gustav-klimt\/the-bride\/","url":"https:\/\/svetslik.si\/hr\/gustav-klimt\/the-bride\/","name":"Gustav Klimt - The Bride - SVETSLIK.SI - 100% ru\u010dno naslikano","isPartOf":{"@id":"https:\/\/svetslik.si\/hr\/#website"},"primaryImageOfPage":{"@id":"https:\/\/svetslik.si\/hr\/gustav-klimt\/the-bride\/#primaryimage"},"image":{"@id":"https:\/\/svetslik.si\/hr\/gustav-klimt\/the-bride\/#primaryimage"},"thumbnailUrl":"https:\/\/svetslik.si\/wp-content\/uploads\/2021\/08\/image_The-Bride-Gustav-Klimt_680.jpg","datePublished":"2021-09-02T16:23:58+00:00","dateModified":"2024-07-04T13:49:55+00:00","description":"Gustav Klimt - The Bride - 100% ru\u010dno naslikane reprodukcije slika na platnu. Uramljivanje slika, prodaja i izrada slika u dimenzijama po narud\u017ebi.","breadcrumb":{"@id":"https:\/\/svetslik.si\/hr\/gustav-klimt\/the-bride\/#breadcrumb"},"inLanguage":"hr","potentialAction":[{"@type":"ReadAction","target":["https:\/\/svetslik.si\/hr\/gustav-klimt\/the-bride\/"]}]},{"@type":"ImageObject","inLanguage":"hr","@id":"https:\/\/svetslik.si\/hr\/gustav-klimt\/the-bride\/#primaryimage","url":"https:\/\/svetslik.si\/wp-content\/uploads\/2021\/08\/image_The-Bride-Gustav-Klimt_680.jpg","contentUrl":"https:\/\/svetslik.si\/wp-content\/uploads\/2021\/08\/image_The-Bride-Gustav-Klimt_680.jpg","width":1164,"height":1024,"caption":"Gustav Klimt - Mlada - Ru\u010dno naslikane reprodukcije poznatih slikara, moderne zidne slike, umjetni\u010dke slike za zid"},{"@type":"BreadcrumbList","@id":"https:\/\/svetslik.si\/hr\/gustav-klimt\/the-bride\/#breadcrumb","itemListElement":[{"@type":"ListItem","position":1,"name":"Umjetni\u010dke zidne slike na platnu","item":"https:\/\/svetslik.si\/hr\/"},{"@type":"ListItem","position":2,"name":"Prodaja slika","item":"https:\/\/svetslik.si\/prodaja-slik\/"},{"@type":"ListItem","position":3,"name":"Gustav Klimt &#8211; The Bride"}]},{"@type":"WebSite","@id":"https:\/\/svetslik.si\/hr\/#website","url":"https:\/\/svetslik.si\/hr\/","name":"SVETSLIK.SI","description":"100% ru\u010dno naslikane reprodukcije slika poznatih slikara in umjetni\u010dke zidne slike na platnu.","publisher":{"@id":"https:\/\/svetslik.si\/hr\/#organization"},"potentialAction":[{"@type":"SearchAction","target":{"@type":"EntryPoint","urlTemplate":"https:\/\/svetslik.si\/hr\/?s={search_term_string}"},"query-input":{"@type":"PropertyValueSpecification","valueRequired":true,"valueName":"search_term_string"}}],"inLanguage":"hr"},{"@type":"Organization","@id":"https:\/\/svetslik.si\/hr\/#organization","name":"SvetSlik.si","url":"https:\/\/svetslik.si\/hr\/","logo":{"@type":"ImageObject","inLanguage":"hr","@id":"https:\/\/svetslik.si\/hr\/#\/schema\/logo\/image\/","url":"https:\/\/svetslik.si\/wp-content\/uploads\/2020\/12\/logo-512.png","contentUrl":"https:\/\/svetslik.si\/wp-content\/uploads\/2020\/12\/logo-512.png","width":512,"height":512,"caption":"SvetSlik.si"},"image":{"@id":"https:\/\/svetslik.si\/hr\/#\/schema\/logo\/image\/"},"sameAs":["https:\/\/www.facebook.com\/svetslik.si","https:\/\/x.com\/svetslik","https:\/\/www.instagram.com\/svetslik.si\/","https:\/\/www.linkedin.com\/company\/svetslik-si"]}]},"og_availability":"backorder","product_availability":"available for order","product_retailer_item_id":"560__","product_condition":"new"},"jetpack_sharing_enabled":true,"_links":{"self":[{"href":"https:\/\/svetslik.si\/hr\/wp-json\/wp\/v2\/product\/23129","targetHints":{"allow":["GET"]}}],"collection":[{"href":"https:\/\/svetslik.si\/hr\/wp-json\/wp\/v2\/product"}],"about":[{"href":"https:\/\/svetslik.si\/hr\/wp-json\/wp\/v2\/types\/product"}],"wp:featuredmedia":[{"embeddable":true,"href":"https:\/\/svetslik.si\/hr\/wp-json\/wp\/v2\/media\/20805"}],"wp:attachment":[{"href":"https:\/\/svetslik.si\/hr\/wp-json\/wp\/v2\/media?parent=23129"}],"wp:term":[{"taxonomy":"product_brand","embeddable":true,"href":"https:\/\/svetslik.si\/hr\/wp-json\/wp\/v2\/product_brand?post=23129"},{"taxonomy":"product_cat","embeddable":true,"href":"https:\/\/svetslik.si\/hr\/wp-json\/wp\/v2\/product_cat?post=23129"},{"taxonomy":"product_tag","embeddable":true,"href":"https:\/\/svetslik.si\/hr\/wp-json\/wp\/v2\/product_tag?post=23129"}],"curies":[{"name":"wp","href":"https:\/\/api.w.org\/{rel}","templated":true}]}}