{"id":23156,"date":"2021-09-02T18:23:39","date_gmt":"2021-09-02T16:23:39","guid":{"rendered":"https:\/\/svetslik.si\/nekategorizirano\/gustav-klimt-girlfriends\/"},"modified":"2024-07-04T15:50:05","modified_gmt":"2024-07-04T13:50:05","slug":"girlfriends","status":"publish","type":"product","link":"https:\/\/svetslik.si\/hr\/gustav-klimt\/girlfriends\/","title":{"rendered":"Gustav Klimt &#8211; Girlfriends"},"content":{"rendered":"<h1>Gustav Klimt &#8211; Djevojke<\/h1>\n<p>&nbsp;<\/p>\n<table style=\"width: 497px\" border=\"0\" width=\"497\" cellspacing=\"0\" cellpadding=\"0\">\n<tbody>\n<tr>\n<td style=\"width: 155px;height: 21px\" height=\"21\">Godina stvaranja:<\/td>\n<td style=\"width: 343px\">1916.-1917.<\/td>\n<\/tr>\n<tr>\n<td style=\"width: 155px;height: 21px\" height=\"21\">Izvorna veli\u010dina:<\/td>\n<td style=\"width: 343px\">99 cm x 99 cm<\/td>\n<\/tr>\n<tr>\n<td style=\"width: 155px;height: 21px\" height=\"21\">Stil bojanja:<\/td>\n<td style=\"width: 343px\">Secesija<\/td>\n<\/tr>\n<tr>\n<td style=\"width: 155px;height: 21px\" height=\"21\">Izvorna tehnika:<\/td>\n<td style=\"width: 343px\">Ulje na platnu<\/td>\n<\/tr>\n<tr>\n<td style=\"width: 155px;height: 21px\" height=\"21\">Lokacija:<\/td>\n<td style=\"width: 343px\">Original je uni\u0161ten 1945.<\/td>\n<\/tr>\n<\/tbody>\n<colgroup>\n<col>\n<col> <\/colgroup>\n<\/table>\n<p>Ulje na platnu prikazuje dvije \u017eene, jednu u crvenoj haljini, drugu golu. Klimt je preferirao japansku umjetnost, gdje erotska napetost proizlazi iz odnosa vidljivog i skrivenog. U ulju na platnu <em>Prijatelji<\/em> vidimo ruku nage \u017eene i dio ruke odjevene \u017eene. Klimt je, me\u0111utim, prekrio druge dvije ruke; jesu li kombinirani, isprepli\u0107u li se? Nitko sa sigurno\u0161\u0107u ne zna \u0161to je u isto vrijeme uzbudljivo i zanimljivo. Kao i druge Klimtove slike, ovo ulje na platnu puno je ironije Klimtove slike, ovo ulje na platnu tako\u0111er je puno ironije. U ovom slu\u010daju, zna\u010denje slike skriveno je u zamagljenim detaljima.Slika Gustava Klimta &#8220;Djevojka&#8221; jedno je od manje poznatih djela austrijskog slikara, ali je ipak remek-djelo secesije. Slika prikazuje ljepotu i povezanost \u017eenskih prijateljstava.&#8221;Djevojke&#8221; je ulje na platnu dimenzija cca 100cm x 100cm. Prikazuje dvije mlade \u017eene kako sjede zajedno, odjevene u elegantnu odje\u0107u, okru\u017eene raznim cvije\u0107em i biljkama. Sliku karakterizira hrabra upotreba borbe i jedinstven osje\u0107aj pokreta i emocija. \u017dene su naslikane u nijansama ru\u017ei\u010daste, bijele i zlatne, cvije\u0107e u nijansama ru\u017ei\u010daste, \u017eute i ljubi\u010daste, a pozadina u nijansama zelene, \u0161to slici daje osje\u0107aj dubine i pokreta.Slika predstavlja ljepotu i povezanost \u017eenskih prijateljstava, jer prikazuje dvije \u017eene koje sjede zajedno u opu\u0161tenom i intimnom okru\u017eenju. Cvije\u0107e i biljke koje ga okru\u017euju simboli su rasta, ljepote i povezanosti me\u0111u njima. Elegantna odje\u0107a \u017eena i zamr\u0161eni uzorci u pozadini predstavljaju sklad i red u svemiru. Slika budi osje\u0107aje ljepote, vedrine i povezanosti koji su karakteristi\u010dni za Klimtovu umjetnost.Klimtova slika \u201cPrijatelji\u201d, iako manje poznata, ipak je remek-djelo secesije i predstavlja ljepotu i povezanost \u017eenskih prijateljstava. Slika predstavlja ljepotu i povezanost \u017eenskih prijateljstava i harmonije i reda u svemiru. Slika je izvrstan dodatak svakoj umjetni\u010dkoj kolekciji i jedinstven je i prekrasan prikaz veze izme\u0111u \u017eena.Ukratko, slika &#8220;Prijatelji&#8221; Gustava Klimta manje je poznata, ali je svejedno remek-djelo secesije. Predstavlja ljepotu i povezanost \u017eenskih prijateljstava te sklad i red u svemiru. Slika budi osje\u0107aj ljepote, mira i povezanosti te je odli\u010dan dodatak svakoj prostoriji kojoj je potreban da\u0161ak ljepote i prijateljstva. Slika je jedinstven i prekrasan prikaz veze izme\u0111u \u017eena i izvrstan na\u010din da slavimo i po\u0161tujemo prijateljstva u na\u0161im \u017eivotima.&nbsp;<\/p>\n","protected":false},"excerpt":{"rendered":"<p>Gustav Klimt &#8211; Djevojke &nbsp; Godina stvaranja: 1916.-1917. Izvorna veli\u010dina: 99 cm x 99 cm Stil bojanja: Secesija Izvorna tehnika: Ulje na platnu Lokacija: Original je uni\u0161ten 1945. Ulje na platnu prikazuje dvije \u017eene, jednu u crvenoj haljini, drugu golu. Klimt je preferirao japansku umjetnost, gdje erotska napetost proizlazi iz [&hellip;]<\/p>\n","protected":false},"featured_media":20296,"template":"","meta":{"_acf_changed":false},"product_brand":[],"product_cat":[3374],"product_tag":[3402,4068,4069,4070,4071],"class_list":{"0":"post-23156","1":"product","2":"type-product","3":"status-publish","4":"has-post-thumbnail","6":"product_cat-gustav-klimt","7":"product_tag-gustav-klimt-hr","8":"product_tag-klimt-hr","9":"product_tag-reprodukcija-hr","10":"product_tag-reprodukcije-hr","11":"product_tag-slikar-hr","12":"pa_dimenzija-120-x-120-cm-hr","13":"pa_dimenzija-150-x-150-cm-hr","14":"pa_dimenzija-50-x-50-cm-hr","15":"pa_dimenzija-60-x-60-cm-hr","16":"pa_dimenzija-70-x-70-cm-hr","17":"pa_dimenzija-80-x-80-cm-hr","18":"pa_dimenzija-90-x-90-cm-hr","19":"pa_dimenzija-99-x-99-cm-hr","20":"pa_oblika-kvadrat-hr-2","21":"pa_okvir-bez-okvira","22":"pa_podokvir-bez-podokvira","23":"pa_podokvir-sa-podokvirom","25":"first","26":"onbackorder","27":"purchasable","28":"product-type-variable","29":"has-default-attributes"},"acf":[],"yoast_head":"<!-- This site is optimized with the Yoast SEO Premium plugin v26.0 (Yoast SEO v27.2) - https:\/\/yoast.com\/product\/yoast-seo-premium-wordpress\/ -->\n<title>Gustav Klimt - Girlfriends - SVETSLIK.SI - 100% ru\u010dno naslikano<\/title>\n<meta name=\"description\" content=\"Gustav Klimt - Girlfriends - 100% ru\u010dno naslikane reprodukcije slika na platnu. Uramljivanje slika, prodaja i izrada slika u dimenzijama po narud\u017ebi.\" \/>\n<meta name=\"robots\" content=\"index, follow, max-snippet:-1, max-image-preview:large, max-video-preview:-1\" \/>\n<link rel=\"canonical\" href=\"https:\/\/svetslik.si\/hr\/gustav-klimt\/girlfriends\/\" \/>\n<meta property=\"og:locale\" content=\"hr_HR\" \/>\n<meta property=\"og:type\" content=\"article\" \/>\n<meta property=\"og:title\" content=\"Gustav Klimt - Girlfriends\" \/>\n<meta property=\"og:description\" content=\"100% ro\u010dno naslikane slike na platnu, reprodukcije znanih slikarjev in umetni\u0161ke slike po naro\u010dilu.\" \/>\n<meta property=\"og:url\" content=\"https:\/\/svetslik.si\/hr\/gustav-klimt\/girlfriends\/\" \/>\n<meta property=\"og:site_name\" content=\"SVETSLIK.SI\" \/>\n<meta property=\"article:publisher\" content=\"https:\/\/www.facebook.com\/svetslik.si\" \/>\n<meta property=\"article:modified_time\" content=\"2024-07-04T13:50:05+00:00\" \/>\n<meta property=\"og:image\" content=\"https:\/\/svetslik.si\/wp-content\/uploads\/2021\/08\/image_Girlfriends-Gustav-Klimt_680.jpg\" \/>\n\t<meta property=\"og:image:width\" content=\"2024\" \/>\n\t<meta property=\"og:image:height\" content=\"2049\" \/>\n\t<meta property=\"og:image:type\" content=\"image\/jpeg\" \/>\n<meta name=\"twitter:card\" content=\"summary_large_image\" \/>\n<meta name=\"twitter:site\" content=\"@svetslik\" \/>\n<meta name=\"twitter:label1\" content=\"Availability\" \/>\n\t<meta name=\"twitter:data1\" content=\"On backorder\" \/>\n<script type=\"application\/ld+json\" class=\"yoast-schema-graph\">{\"@context\":\"https:\/\/schema.org\",\"@graph\":[{\"@type\":[\"WebPage\",\"ItemPage\"],\"@id\":\"https:\/\/svetslik.si\/hr\/gustav-klimt\/girlfriends\/\",\"url\":\"https:\/\/svetslik.si\/hr\/gustav-klimt\/girlfriends\/\",\"name\":\"Gustav Klimt - Girlfriends - SVETSLIK.SI - 100% ru\u010dno naslikano\",\"isPartOf\":{\"@id\":\"https:\/\/svetslik.si\/hr\/#website\"},\"primaryImageOfPage\":{\"@id\":\"https:\/\/svetslik.si\/hr\/gustav-klimt\/girlfriends\/#primaryimage\"},\"image\":{\"@id\":\"https:\/\/svetslik.si\/hr\/gustav-klimt\/girlfriends\/#primaryimage\"},\"thumbnailUrl\":\"https:\/\/svetslik.si\/wp-content\/uploads\/2021\/08\/image_Girlfriends-Gustav-Klimt_680.jpg\",\"datePublished\":\"2021-09-02T16:23:39+00:00\",\"dateModified\":\"2024-07-04T13:50:05+00:00\",\"description\":\"Gustav Klimt - Girlfriends - 100% ru\u010dno naslikane reprodukcije slika na platnu. Uramljivanje slika, prodaja i izrada slika u dimenzijama po narud\u017ebi.\",\"breadcrumb\":{\"@id\":\"https:\/\/svetslik.si\/hr\/gustav-klimt\/girlfriends\/#breadcrumb\"},\"inLanguage\":\"hr\",\"potentialAction\":[{\"@type\":\"ReadAction\",\"target\":[\"https:\/\/svetslik.si\/hr\/gustav-klimt\/girlfriends\/\"]}]},{\"@type\":\"ImageObject\",\"inLanguage\":\"hr\",\"@id\":\"https:\/\/svetslik.si\/hr\/gustav-klimt\/girlfriends\/#primaryimage\",\"url\":\"https:\/\/svetslik.si\/wp-content\/uploads\/2021\/08\/image_Girlfriends-Gustav-Klimt_680.jpg\",\"contentUrl\":\"https:\/\/svetslik.si\/wp-content\/uploads\/2021\/08\/image_Girlfriends-Gustav-Klimt_680.jpg\",\"width\":2024,\"height\":2049,\"caption\":\"Slikane slike na platnu - Gustav Klimt - Djevojke - Ru\u010dno slikane slike, reprodukcije slika poznatih slikara, ulje na platnu, uljane slike, moderne slike za zid, umjetni\u010dke slike za zid, ambijentalne, apstraktne, dekorativne slike za zid\"},{\"@type\":\"BreadcrumbList\",\"@id\":\"https:\/\/svetslik.si\/hr\/gustav-klimt\/girlfriends\/#breadcrumb\",\"itemListElement\":[{\"@type\":\"ListItem\",\"position\":1,\"name\":\"Umjetni\u010dke zidne slike na platnu\",\"item\":\"https:\/\/svetslik.si\/hr\/\"},{\"@type\":\"ListItem\",\"position\":2,\"name\":\"Prodaja slika\",\"item\":\"https:\/\/svetslik.si\/prodaja-slik\/\"},{\"@type\":\"ListItem\",\"position\":3,\"name\":\"Gustav Klimt &#8211; Girlfriends\"}]},{\"@type\":\"WebSite\",\"@id\":\"https:\/\/svetslik.si\/hr\/#website\",\"url\":\"https:\/\/svetslik.si\/hr\/\",\"name\":\"SVETSLIK.SI\",\"description\":\"100% ru\u010dno naslikane reprodukcije slika poznatih slikara in umjetni\u010dke zidne slike na platnu.\",\"publisher\":{\"@id\":\"https:\/\/svetslik.si\/hr\/#organization\"},\"potentialAction\":[{\"@type\":\"SearchAction\",\"target\":{\"@type\":\"EntryPoint\",\"urlTemplate\":\"https:\/\/svetslik.si\/hr\/?s={search_term_string}\"},\"query-input\":{\"@type\":\"PropertyValueSpecification\",\"valueRequired\":true,\"valueName\":\"search_term_string\"}}],\"inLanguage\":\"hr\"},{\"@type\":\"Organization\",\"@id\":\"https:\/\/svetslik.si\/hr\/#organization\",\"name\":\"SvetSlik.si\",\"url\":\"https:\/\/svetslik.si\/hr\/\",\"logo\":{\"@type\":\"ImageObject\",\"inLanguage\":\"hr\",\"@id\":\"https:\/\/svetslik.si\/hr\/#\/schema\/logo\/image\/\",\"url\":\"https:\/\/svetslik.si\/wp-content\/uploads\/2020\/12\/logo-512.png\",\"contentUrl\":\"https:\/\/svetslik.si\/wp-content\/uploads\/2020\/12\/logo-512.png\",\"width\":512,\"height\":512,\"caption\":\"SvetSlik.si\"},\"image\":{\"@id\":\"https:\/\/svetslik.si\/hr\/#\/schema\/logo\/image\/\"},\"sameAs\":[\"https:\/\/www.facebook.com\/svetslik.si\",\"https:\/\/x.com\/svetslik\",\"https:\/\/www.instagram.com\/svetslik.si\/\",\"https:\/\/www.linkedin.com\/company\/svetslik-si\"]}]}<\/script>\n<meta property=\"og:availability\" content=\"backorder\" \/>\n<meta property=\"product:availability\" content=\"available for order\" \/>\n<meta property=\"product:retailer_item_id\" content=\"557__\" \/>\n<meta property=\"product:condition\" content=\"new\" \/>\n<!-- \/ Yoast SEO Premium plugin. -->","yoast_head_json":{"title":"Gustav Klimt - Girlfriends - SVETSLIK.SI - 100% ru\u010dno naslikano","description":"Gustav Klimt - Girlfriends - 100% ru\u010dno naslikane reprodukcije slika na platnu. Uramljivanje slika, prodaja i izrada slika u dimenzijama po narud\u017ebi.","robots":{"index":"index","follow":"follow","max-snippet":"max-snippet:-1","max-image-preview":"max-image-preview:large","max-video-preview":"max-video-preview:-1"},"canonical":"https:\/\/svetslik.si\/hr\/gustav-klimt\/girlfriends\/","og_locale":"hr_HR","og_type":"article","og_title":"Gustav Klimt - Girlfriends","og_description":"100% ro\u010dno naslikane slike na platnu, reprodukcije znanih slikarjev in umetni\u0161ke slike po naro\u010dilu.","og_url":"https:\/\/svetslik.si\/hr\/gustav-klimt\/girlfriends\/","og_site_name":"SVETSLIK.SI","article_publisher":"https:\/\/www.facebook.com\/svetslik.si","article_modified_time":"2024-07-04T13:50:05+00:00","og_image":[{"width":2024,"height":2049,"url":"https:\/\/svetslik.si\/wp-content\/uploads\/2021\/08\/image_Girlfriends-Gustav-Klimt_680.jpg","type":"image\/jpeg"}],"twitter_card":"summary_large_image","twitter_site":"@svetslik","twitter_misc":{"Availability":"On backorder"},"schema":{"@context":"https:\/\/schema.org","@graph":[{"@type":["WebPage","ItemPage"],"@id":"https:\/\/svetslik.si\/hr\/gustav-klimt\/girlfriends\/","url":"https:\/\/svetslik.si\/hr\/gustav-klimt\/girlfriends\/","name":"Gustav Klimt - Girlfriends - SVETSLIK.SI - 100% ru\u010dno naslikano","isPartOf":{"@id":"https:\/\/svetslik.si\/hr\/#website"},"primaryImageOfPage":{"@id":"https:\/\/svetslik.si\/hr\/gustav-klimt\/girlfriends\/#primaryimage"},"image":{"@id":"https:\/\/svetslik.si\/hr\/gustav-klimt\/girlfriends\/#primaryimage"},"thumbnailUrl":"https:\/\/svetslik.si\/wp-content\/uploads\/2021\/08\/image_Girlfriends-Gustav-Klimt_680.jpg","datePublished":"2021-09-02T16:23:39+00:00","dateModified":"2024-07-04T13:50:05+00:00","description":"Gustav Klimt - Girlfriends - 100% ru\u010dno naslikane reprodukcije slika na platnu. Uramljivanje slika, prodaja i izrada slika u dimenzijama po narud\u017ebi.","breadcrumb":{"@id":"https:\/\/svetslik.si\/hr\/gustav-klimt\/girlfriends\/#breadcrumb"},"inLanguage":"hr","potentialAction":[{"@type":"ReadAction","target":["https:\/\/svetslik.si\/hr\/gustav-klimt\/girlfriends\/"]}]},{"@type":"ImageObject","inLanguage":"hr","@id":"https:\/\/svetslik.si\/hr\/gustav-klimt\/girlfriends\/#primaryimage","url":"https:\/\/svetslik.si\/wp-content\/uploads\/2021\/08\/image_Girlfriends-Gustav-Klimt_680.jpg","contentUrl":"https:\/\/svetslik.si\/wp-content\/uploads\/2021\/08\/image_Girlfriends-Gustav-Klimt_680.jpg","width":2024,"height":2049,"caption":"Slikane slike na platnu - Gustav Klimt - Djevojke - Ru\u010dno slikane slike, reprodukcije slika poznatih slikara, ulje na platnu, uljane slike, moderne slike za zid, umjetni\u010dke slike za zid, ambijentalne, apstraktne, dekorativne slike za zid"},{"@type":"BreadcrumbList","@id":"https:\/\/svetslik.si\/hr\/gustav-klimt\/girlfriends\/#breadcrumb","itemListElement":[{"@type":"ListItem","position":1,"name":"Umjetni\u010dke zidne slike na platnu","item":"https:\/\/svetslik.si\/hr\/"},{"@type":"ListItem","position":2,"name":"Prodaja slika","item":"https:\/\/svetslik.si\/prodaja-slik\/"},{"@type":"ListItem","position":3,"name":"Gustav Klimt &#8211; Girlfriends"}]},{"@type":"WebSite","@id":"https:\/\/svetslik.si\/hr\/#website","url":"https:\/\/svetslik.si\/hr\/","name":"SVETSLIK.SI","description":"100% ru\u010dno naslikane reprodukcije slika poznatih slikara in umjetni\u010dke zidne slike na platnu.","publisher":{"@id":"https:\/\/svetslik.si\/hr\/#organization"},"potentialAction":[{"@type":"SearchAction","target":{"@type":"EntryPoint","urlTemplate":"https:\/\/svetslik.si\/hr\/?s={search_term_string}"},"query-input":{"@type":"PropertyValueSpecification","valueRequired":true,"valueName":"search_term_string"}}],"inLanguage":"hr"},{"@type":"Organization","@id":"https:\/\/svetslik.si\/hr\/#organization","name":"SvetSlik.si","url":"https:\/\/svetslik.si\/hr\/","logo":{"@type":"ImageObject","inLanguage":"hr","@id":"https:\/\/svetslik.si\/hr\/#\/schema\/logo\/image\/","url":"https:\/\/svetslik.si\/wp-content\/uploads\/2020\/12\/logo-512.png","contentUrl":"https:\/\/svetslik.si\/wp-content\/uploads\/2020\/12\/logo-512.png","width":512,"height":512,"caption":"SvetSlik.si"},"image":{"@id":"https:\/\/svetslik.si\/hr\/#\/schema\/logo\/image\/"},"sameAs":["https:\/\/www.facebook.com\/svetslik.si","https:\/\/x.com\/svetslik","https:\/\/www.instagram.com\/svetslik.si\/","https:\/\/www.linkedin.com\/company\/svetslik-si"]}]},"og_availability":"backorder","product_availability":"available for order","product_retailer_item_id":"557__","product_condition":"new"},"jetpack_sharing_enabled":true,"_links":{"self":[{"href":"https:\/\/svetslik.si\/hr\/wp-json\/wp\/v2\/product\/23156","targetHints":{"allow":["GET"]}}],"collection":[{"href":"https:\/\/svetslik.si\/hr\/wp-json\/wp\/v2\/product"}],"about":[{"href":"https:\/\/svetslik.si\/hr\/wp-json\/wp\/v2\/types\/product"}],"wp:featuredmedia":[{"embeddable":true,"href":"https:\/\/svetslik.si\/hr\/wp-json\/wp\/v2\/media\/20296"}],"wp:attachment":[{"href":"https:\/\/svetslik.si\/hr\/wp-json\/wp\/v2\/media?parent=23156"}],"wp:term":[{"taxonomy":"product_brand","embeddable":true,"href":"https:\/\/svetslik.si\/hr\/wp-json\/wp\/v2\/product_brand?post=23156"},{"taxonomy":"product_cat","embeddable":true,"href":"https:\/\/svetslik.si\/hr\/wp-json\/wp\/v2\/product_cat?post=23156"},{"taxonomy":"product_tag","embeddable":true,"href":"https:\/\/svetslik.si\/hr\/wp-json\/wp\/v2\/product_tag?post=23156"}],"curies":[{"name":"wp","href":"https:\/\/api.w.org\/{rel}","templated":true}]}}