{"id":23201,"date":"2021-09-02T18:22:20","date_gmt":"2021-09-02T16:22:20","guid":{"rendered":"https:\/\/svetslik.si\/nekategorizirano\/gustav-klimt-avenue-in-the-park-of-krammer-castle\/"},"modified":"2024-07-04T15:50:15","modified_gmt":"2024-07-04T13:50:15","slug":"avenue-in-the-park-of-krammer-castle","status":"publish","type":"product","link":"https:\/\/svetslik.si\/hr\/gustav-klimt\/avenue-in-the-park-of-krammer-castle\/","title":{"rendered":"Gustav Klimt &#8211; Avenue in the Park of Krammer Castle"},"content":{"rendered":"<h1>Gustav Klimt &#8211; Avenija u parku dvorca Krammer<\/h1>\n<p>&nbsp;<\/p>\n<table style=\"width: 497px\" border=\"0\" width=\"497\" cellspacing=\"0\" cellpadding=\"0\">\n<tbody>\n<tr>\n<td style=\"width: 155px;height: 21px\" height=\"21\">Godina stvaranja:<\/td>\n<td style=\"width: 343px\">1912.<\/td>\n<\/tr>\n<tr>\n<td style=\"width: 155px;height: 21px\" height=\"21\">Izvorna veli\u010dina:<\/td>\n<td style=\"width: 343px\">110 cm x 110 cm<\/td>\n<\/tr>\n<tr>\n<td style=\"width: 155px;height: 21px\" height=\"21\">Stil bojanja:<\/td>\n<td style=\"width: 343px\">Secesija<\/td>\n<\/tr>\n<tr>\n<td style=\"width: 155px;height: 21px\" height=\"21\">Izvorna tehnika:<\/td>\n<td style=\"width: 343px\">Ulje na platnu<\/td>\n<\/tr>\n<tr>\n<td style=\"width: 155px;height: 21px\" height=\"21\">Lokacija:<\/td>\n<td style=\"width: 343px\">Belvedere, Be\u010d<\/td>\n<\/tr>\n<\/tbody>\n<colgroup>\n<col>\n<col> <\/colgroup>\n<\/table>\n<p>&nbsp;<\/p>\n<div>Ulje na platnu <em>Avenija u parku dvorca Krammer<\/em> pripada Klimtovim kasnijim radovima, jer je naslikano prema slikarevom zlatotisku. Slika prikazuje drvored koji vodi do dvorca Kammer. Ovo ulje na platnu donekle je neobi\u010dno za Klimta jer ne sadr\u017ei nijedan od o\u010ditih simbola koji ina\u010de dominiraju na umjetnikovim slikama. Slika je svakako Van Goghova, ali je u isto vrijeme vi\u0161e postimpresionisti\u010dka od ve\u0107ine ostalih Klimtovih slika.<\/div>\n<div><\/div>\n<div>Slika Gustava Klimta &#8220;Aleja u parku dvorca Krammer&#8221; remek je djelo secesije i jedno je od manje poznatih djela austrijskog slikara. Slika predstavlja prirodu i harmoniju svemira.&#8221;Aleja u parku dvorca Krammer&#8221; je ulje na platnu dimenzija cca 100 cm x 100 cm. Prikazuje drvored sa stazom koja vodi do vile u daljini okru\u017eenoj prekrasnim prirodnim krajolikom. Sliku karakterizira hrabra upotreba borbe i jedinstven osje\u0107aj pokreta i emocija. Stabla su obojena u nijanse zelene, a nebo u nijanse plave i ljubi\u010daste, daju\u0107i slici osje\u0107aj dubine i pokreta.Slika predstavlja prirodu i njenu ljepotu. Drvored i put koji vodi do vile simboliziraju sklad i red u svemiru. Tapeta sa svojim slo\u017eenim geometrijskim uzorcima predstavlja sklad u crvenom svemiru. Slika budi osje\u0107aje mira i spokoja koji su karakteristi\u010dni za Klimtovu umjetnost.Klimtova slika &#8220;Aleja u parku dvorca Krammer&#8221;, iako manje poznata, ipak je remek-djelo secesije i predstavlja ljepotu prirode te sklad i red u svemiru. Slika je izvrstan dodatak svakoj umjetni\u010dkoj zbirci te jedinstven i prekrasan prikaz ljepote prirode.Na licu mjesta da ka\u017eem da je slika Gustava Klimta &#8220;Aleja u parku pala\u010de Krammer&#8221; manje poznata, ali ipak remek-djelo secesije. Predstavlja ljepotu prirode te sklad i red u svemiru. Slika budi osje\u0107aj mira i spokoja i odli\u010dan je dodatak svakoj prostoriji kojoj je potreban da\u0161ak prirode. Slika je jedinstven i prekrasan prikaz ljepote prirode i odli\u010dan je na\u010din da vanj\u0161tinu unesete u svoj interijer.<\/div>\n<div><\/div>\n","protected":false},"excerpt":{"rendered":"<p>Gustav Klimt &#8211; Avenija u parku dvorca Krammer &nbsp; Godina stvaranja: 1912. Izvorna veli\u010dina: 110 cm x 110 cm Stil bojanja: Secesija Izvorna tehnika: Ulje na platnu Lokacija: Belvedere, Be\u010d &nbsp; Ulje na platnu Avenija u parku dvorca Krammer pripada Klimtovim kasnijim radovima, jer je naslikano prema slikarevom zlatotisku. Slika [&hellip;]<\/p>\n","protected":false},"featured_media":20039,"template":"","meta":{"_acf_changed":false},"product_brand":[],"product_cat":[3374],"product_tag":[3402,4068,4069,4070,4071],"class_list":{"0":"post-23201","1":"product","2":"type-product","3":"status-publish","4":"has-post-thumbnail","6":"product_cat-gustav-klimt","7":"product_tag-gustav-klimt-hr","8":"product_tag-klimt-hr","9":"product_tag-reprodukcija-hr","10":"product_tag-reprodukcije-hr","11":"product_tag-slikar-hr","12":"pa_dimenzija-100-x-100-cm-hr","13":"pa_dimenzija-110-x-110-cm-hr","14":"pa_dimenzija-120-x-120-cm-hr","15":"pa_dimenzija-150-x-150-cm-hr","16":"pa_dimenzija-60-x-60-cm-hr","17":"pa_dimenzija-70-x-70-cm-hr","18":"pa_dimenzija-80-x-80-cm-hr","19":"pa_dimenzija-90-x-90-cm-hr","20":"pa_oblika-kvadrat-hr-2","21":"pa_okvir-bez-okvira","22":"pa_podokvir-bez-podokvira","23":"pa_podokvir-sa-podokvirom","25":"first","26":"onbackorder","27":"purchasable","28":"product-type-variable","29":"has-default-attributes"},"acf":[],"yoast_head":"<!-- This site is optimized with the Yoast SEO Premium plugin v26.0 (Yoast SEO v27.2) - https:\/\/yoast.com\/product\/yoast-seo-premium-wordpress\/ -->\n<title>Gustav Klimt - Avenue in the Park of Krammer Castle - SVETSLIK.SI - 100% ru\u010dno naslikano<\/title>\n<meta name=\"description\" content=\"Gustav Klimt - Avenue in the Park of Krammer Castle - 100% ru\u010dno naslikane reprodukcije slika na platnu. Okvirivanje slika, prodaja i izrada slika u dimenzijama po narud\u017ebi.\" \/>\n<meta name=\"robots\" content=\"index, follow, max-snippet:-1, max-image-preview:large, max-video-preview:-1\" \/>\n<link rel=\"canonical\" href=\"https:\/\/svetslik.si\/hr\/gustav-klimt\/avenue-in-the-park-of-krammer-castle\/\" \/>\n<meta property=\"og:locale\" content=\"hr_HR\" \/>\n<meta property=\"og:type\" content=\"article\" \/>\n<meta property=\"og:title\" content=\"Gustav Klimt - Avenue in the Park of Krammer Castle\" \/>\n<meta property=\"og:description\" content=\"100% ro\u010dno naslikane slike na platnu, reprodukcije znanih slikarjev in umetni\u0161ke slike po naro\u010dilu.\" \/>\n<meta property=\"og:url\" content=\"https:\/\/svetslik.si\/hr\/gustav-klimt\/avenue-in-the-park-of-krammer-castle\/\" \/>\n<meta property=\"og:site_name\" content=\"SVETSLIK.SI\" \/>\n<meta property=\"article:publisher\" content=\"https:\/\/www.facebook.com\/svetslik.si\" \/>\n<meta property=\"article:modified_time\" content=\"2024-07-04T13:50:15+00:00\" \/>\n<meta property=\"og:image\" content=\"https:\/\/svetslik.si\/wp-content\/uploads\/2021\/08\/image_Avenue-in-the-Park-of-Krammer-Castle-Gustav-Klimt_680.jpg\" \/>\n\t<meta property=\"og:image:width\" content=\"1122\" \/>\n\t<meta property=\"og:image:height\" content=\"1123\" \/>\n\t<meta property=\"og:image:type\" content=\"image\/jpeg\" \/>\n<meta name=\"twitter:card\" content=\"summary_large_image\" \/>\n<meta name=\"twitter:site\" content=\"@svetslik\" \/>\n<meta name=\"twitter:label1\" content=\"Availability\" \/>\n\t<meta name=\"twitter:data1\" content=\"On backorder\" \/>\n<script type=\"application\/ld+json\" class=\"yoast-schema-graph\">{\"@context\":\"https:\/\/schema.org\",\"@graph\":[{\"@type\":[\"WebPage\",\"ItemPage\"],\"@id\":\"https:\/\/svetslik.si\/hr\/gustav-klimt\/avenue-in-the-park-of-krammer-castle\/\",\"url\":\"https:\/\/svetslik.si\/hr\/gustav-klimt\/avenue-in-the-park-of-krammer-castle\/\",\"name\":\"Gustav Klimt - Avenue in the Park of Krammer Castle - SVETSLIK.SI - 100% ru\u010dno naslikano\",\"isPartOf\":{\"@id\":\"https:\/\/svetslik.si\/hr\/#website\"},\"primaryImageOfPage\":{\"@id\":\"https:\/\/svetslik.si\/hr\/gustav-klimt\/avenue-in-the-park-of-krammer-castle\/#primaryimage\"},\"image\":{\"@id\":\"https:\/\/svetslik.si\/hr\/gustav-klimt\/avenue-in-the-park-of-krammer-castle\/#primaryimage\"},\"thumbnailUrl\":\"https:\/\/svetslik.si\/wp-content\/uploads\/2021\/08\/image_Avenue-in-the-Park-of-Krammer-Castle-Gustav-Klimt_680.jpg\",\"datePublished\":\"2021-09-02T16:22:20+00:00\",\"dateModified\":\"2024-07-04T13:50:15+00:00\",\"description\":\"Gustav Klimt - Avenue in the Park of Krammer Castle - 100% ru\u010dno naslikane reprodukcije slika na platnu. Okvirivanje slika, prodaja i izrada slika u dimenzijama po narud\u017ebi.\",\"breadcrumb\":{\"@id\":\"https:\/\/svetslik.si\/hr\/gustav-klimt\/avenue-in-the-park-of-krammer-castle\/#breadcrumb\"},\"inLanguage\":\"hr\",\"potentialAction\":[{\"@type\":\"ReadAction\",\"target\":[\"https:\/\/svetslik.si\/hr\/gustav-klimt\/avenue-in-the-park-of-krammer-castle\/\"]}]},{\"@type\":\"ImageObject\",\"inLanguage\":\"hr\",\"@id\":\"https:\/\/svetslik.si\/hr\/gustav-klimt\/avenue-in-the-park-of-krammer-castle\/#primaryimage\",\"url\":\"https:\/\/svetslik.si\/wp-content\/uploads\/2021\/08\/image_Avenue-in-the-Park-of-Krammer-Castle-Gustav-Klimt_680.jpg\",\"contentUrl\":\"https:\/\/svetslik.si\/wp-content\/uploads\/2021\/08\/image_Avenue-in-the-Park-of-Krammer-Castle-Gustav-Klimt_680.jpg\",\"width\":1122,\"height\":1123,\"caption\":\"Gustav Klimt - Avenija u parku Krammer - Reprodukcije slikara, ru\u010dno slikane zidne slike, ulje na platnu, uljane slike, umjetni\u010dke slike, moderne slike za zid, ambijentalne slike, apstraktne slike, dekorativne slike\"},{\"@type\":\"BreadcrumbList\",\"@id\":\"https:\/\/svetslik.si\/hr\/gustav-klimt\/avenue-in-the-park-of-krammer-castle\/#breadcrumb\",\"itemListElement\":[{\"@type\":\"ListItem\",\"position\":1,\"name\":\"Umjetni\u010dke zidne slike na platnu\",\"item\":\"https:\/\/svetslik.si\/hr\/\"},{\"@type\":\"ListItem\",\"position\":2,\"name\":\"Prodaja slika\",\"item\":\"https:\/\/svetslik.si\/prodaja-slik\/\"},{\"@type\":\"ListItem\",\"position\":3,\"name\":\"Gustav Klimt &#8211; Avenue in the Park of Krammer Castle\"}]},{\"@type\":\"WebSite\",\"@id\":\"https:\/\/svetslik.si\/hr\/#website\",\"url\":\"https:\/\/svetslik.si\/hr\/\",\"name\":\"SVETSLIK.SI\",\"description\":\"100% ru\u010dno naslikane reprodukcije slika poznatih slikara in umjetni\u010dke zidne slike na platnu.\",\"publisher\":{\"@id\":\"https:\/\/svetslik.si\/hr\/#organization\"},\"potentialAction\":[{\"@type\":\"SearchAction\",\"target\":{\"@type\":\"EntryPoint\",\"urlTemplate\":\"https:\/\/svetslik.si\/hr\/?s={search_term_string}\"},\"query-input\":{\"@type\":\"PropertyValueSpecification\",\"valueRequired\":true,\"valueName\":\"search_term_string\"}}],\"inLanguage\":\"hr\"},{\"@type\":\"Organization\",\"@id\":\"https:\/\/svetslik.si\/hr\/#organization\",\"name\":\"SvetSlik.si\",\"url\":\"https:\/\/svetslik.si\/hr\/\",\"logo\":{\"@type\":\"ImageObject\",\"inLanguage\":\"hr\",\"@id\":\"https:\/\/svetslik.si\/hr\/#\/schema\/logo\/image\/\",\"url\":\"https:\/\/svetslik.si\/wp-content\/uploads\/2020\/12\/logo-512.png\",\"contentUrl\":\"https:\/\/svetslik.si\/wp-content\/uploads\/2020\/12\/logo-512.png\",\"width\":512,\"height\":512,\"caption\":\"SvetSlik.si\"},\"image\":{\"@id\":\"https:\/\/svetslik.si\/hr\/#\/schema\/logo\/image\/\"},\"sameAs\":[\"https:\/\/www.facebook.com\/svetslik.si\",\"https:\/\/x.com\/svetslik\",\"https:\/\/www.instagram.com\/svetslik.si\/\",\"https:\/\/www.linkedin.com\/company\/svetslik-si\"]}]}<\/script>\n<meta property=\"og:availability\" content=\"backorder\" \/>\n<meta property=\"product:availability\" content=\"available for order\" \/>\n<meta property=\"product:retailer_item_id\" content=\"549__\" \/>\n<meta property=\"product:condition\" content=\"new\" \/>\n<!-- \/ Yoast SEO Premium plugin. -->","yoast_head_json":{"title":"Gustav Klimt - Avenue in the Park of Krammer Castle - SVETSLIK.SI - 100% ru\u010dno naslikano","description":"Gustav Klimt - Avenue in the Park of Krammer Castle - 100% ru\u010dno naslikane reprodukcije slika na platnu. Okvirivanje slika, prodaja i izrada slika u dimenzijama po narud\u017ebi.","robots":{"index":"index","follow":"follow","max-snippet":"max-snippet:-1","max-image-preview":"max-image-preview:large","max-video-preview":"max-video-preview:-1"},"canonical":"https:\/\/svetslik.si\/hr\/gustav-klimt\/avenue-in-the-park-of-krammer-castle\/","og_locale":"hr_HR","og_type":"article","og_title":"Gustav Klimt - Avenue in the Park of Krammer Castle","og_description":"100% ro\u010dno naslikane slike na platnu, reprodukcije znanih slikarjev in umetni\u0161ke slike po naro\u010dilu.","og_url":"https:\/\/svetslik.si\/hr\/gustav-klimt\/avenue-in-the-park-of-krammer-castle\/","og_site_name":"SVETSLIK.SI","article_publisher":"https:\/\/www.facebook.com\/svetslik.si","article_modified_time":"2024-07-04T13:50:15+00:00","og_image":[{"width":1122,"height":1123,"url":"https:\/\/svetslik.si\/wp-content\/uploads\/2021\/08\/image_Avenue-in-the-Park-of-Krammer-Castle-Gustav-Klimt_680.jpg","type":"image\/jpeg"}],"twitter_card":"summary_large_image","twitter_site":"@svetslik","twitter_misc":{"Availability":"On backorder"},"schema":{"@context":"https:\/\/schema.org","@graph":[{"@type":["WebPage","ItemPage"],"@id":"https:\/\/svetslik.si\/hr\/gustav-klimt\/avenue-in-the-park-of-krammer-castle\/","url":"https:\/\/svetslik.si\/hr\/gustav-klimt\/avenue-in-the-park-of-krammer-castle\/","name":"Gustav Klimt - Avenue in the Park of Krammer Castle - SVETSLIK.SI - 100% ru\u010dno naslikano","isPartOf":{"@id":"https:\/\/svetslik.si\/hr\/#website"},"primaryImageOfPage":{"@id":"https:\/\/svetslik.si\/hr\/gustav-klimt\/avenue-in-the-park-of-krammer-castle\/#primaryimage"},"image":{"@id":"https:\/\/svetslik.si\/hr\/gustav-klimt\/avenue-in-the-park-of-krammer-castle\/#primaryimage"},"thumbnailUrl":"https:\/\/svetslik.si\/wp-content\/uploads\/2021\/08\/image_Avenue-in-the-Park-of-Krammer-Castle-Gustav-Klimt_680.jpg","datePublished":"2021-09-02T16:22:20+00:00","dateModified":"2024-07-04T13:50:15+00:00","description":"Gustav Klimt - Avenue in the Park of Krammer Castle - 100% ru\u010dno naslikane reprodukcije slika na platnu. Okvirivanje slika, prodaja i izrada slika u dimenzijama po narud\u017ebi.","breadcrumb":{"@id":"https:\/\/svetslik.si\/hr\/gustav-klimt\/avenue-in-the-park-of-krammer-castle\/#breadcrumb"},"inLanguage":"hr","potentialAction":[{"@type":"ReadAction","target":["https:\/\/svetslik.si\/hr\/gustav-klimt\/avenue-in-the-park-of-krammer-castle\/"]}]},{"@type":"ImageObject","inLanguage":"hr","@id":"https:\/\/svetslik.si\/hr\/gustav-klimt\/avenue-in-the-park-of-krammer-castle\/#primaryimage","url":"https:\/\/svetslik.si\/wp-content\/uploads\/2021\/08\/image_Avenue-in-the-Park-of-Krammer-Castle-Gustav-Klimt_680.jpg","contentUrl":"https:\/\/svetslik.si\/wp-content\/uploads\/2021\/08\/image_Avenue-in-the-Park-of-Krammer-Castle-Gustav-Klimt_680.jpg","width":1122,"height":1123,"caption":"Gustav Klimt - Avenija u parku Krammer - Reprodukcije slikara, ru\u010dno slikane zidne slike, ulje na platnu, uljane slike, umjetni\u010dke slike, moderne slike za zid, ambijentalne slike, apstraktne slike, dekorativne slike"},{"@type":"BreadcrumbList","@id":"https:\/\/svetslik.si\/hr\/gustav-klimt\/avenue-in-the-park-of-krammer-castle\/#breadcrumb","itemListElement":[{"@type":"ListItem","position":1,"name":"Umjetni\u010dke zidne slike na platnu","item":"https:\/\/svetslik.si\/hr\/"},{"@type":"ListItem","position":2,"name":"Prodaja slika","item":"https:\/\/svetslik.si\/prodaja-slik\/"},{"@type":"ListItem","position":3,"name":"Gustav Klimt &#8211; Avenue in the Park of Krammer Castle"}]},{"@type":"WebSite","@id":"https:\/\/svetslik.si\/hr\/#website","url":"https:\/\/svetslik.si\/hr\/","name":"SVETSLIK.SI","description":"100% ru\u010dno naslikane reprodukcije slika poznatih slikara in umjetni\u010dke zidne slike na platnu.","publisher":{"@id":"https:\/\/svetslik.si\/hr\/#organization"},"potentialAction":[{"@type":"SearchAction","target":{"@type":"EntryPoint","urlTemplate":"https:\/\/svetslik.si\/hr\/?s={search_term_string}"},"query-input":{"@type":"PropertyValueSpecification","valueRequired":true,"valueName":"search_term_string"}}],"inLanguage":"hr"},{"@type":"Organization","@id":"https:\/\/svetslik.si\/hr\/#organization","name":"SvetSlik.si","url":"https:\/\/svetslik.si\/hr\/","logo":{"@type":"ImageObject","inLanguage":"hr","@id":"https:\/\/svetslik.si\/hr\/#\/schema\/logo\/image\/","url":"https:\/\/svetslik.si\/wp-content\/uploads\/2020\/12\/logo-512.png","contentUrl":"https:\/\/svetslik.si\/wp-content\/uploads\/2020\/12\/logo-512.png","width":512,"height":512,"caption":"SvetSlik.si"},"image":{"@id":"https:\/\/svetslik.si\/hr\/#\/schema\/logo\/image\/"},"sameAs":["https:\/\/www.facebook.com\/svetslik.si","https:\/\/x.com\/svetslik","https:\/\/www.instagram.com\/svetslik.si\/","https:\/\/www.linkedin.com\/company\/svetslik-si"]}]},"og_availability":"backorder","product_availability":"available for order","product_retailer_item_id":"549__","product_condition":"new"},"jetpack_sharing_enabled":true,"_links":{"self":[{"href":"https:\/\/svetslik.si\/hr\/wp-json\/wp\/v2\/product\/23201","targetHints":{"allow":["GET"]}}],"collection":[{"href":"https:\/\/svetslik.si\/hr\/wp-json\/wp\/v2\/product"}],"about":[{"href":"https:\/\/svetslik.si\/hr\/wp-json\/wp\/v2\/types\/product"}],"wp:featuredmedia":[{"embeddable":true,"href":"https:\/\/svetslik.si\/hr\/wp-json\/wp\/v2\/media\/20039"}],"wp:attachment":[{"href":"https:\/\/svetslik.si\/hr\/wp-json\/wp\/v2\/media?parent=23201"}],"wp:term":[{"taxonomy":"product_brand","embeddable":true,"href":"https:\/\/svetslik.si\/hr\/wp-json\/wp\/v2\/product_brand?post=23201"},{"taxonomy":"product_cat","embeddable":true,"href":"https:\/\/svetslik.si\/hr\/wp-json\/wp\/v2\/product_cat?post=23201"},{"taxonomy":"product_tag","embeddable":true,"href":"https:\/\/svetslik.si\/hr\/wp-json\/wp\/v2\/product_tag?post=23201"}],"curies":[{"name":"wp","href":"https:\/\/api.w.org\/{rel}","templated":true}]}}