{"id":23220,"date":"2021-09-02T17:51:44","date_gmt":"2021-09-02T15:51:44","guid":{"rendered":"https:\/\/svetslik.si\/nekategorizirano\/gustav-klimt-hope-i\/"},"modified":"2024-07-04T15:50:25","modified_gmt":"2024-07-04T13:50:25","slug":"hope-i","status":"publish","type":"product","link":"https:\/\/svetslik.si\/hr\/gustav-klimt\/hope-i\/","title":{"rendered":"Gustav Klimt &#8211; Hope I"},"content":{"rendered":"<h1>Gustav Klimt &#8211; Hope I<\/h1>\n<p>&nbsp;<\/p>\n<table id=\"slikainfo\" border=\"0\" width=\"96%\" cellspacing=\"0\" cellpadding=\"2\">\n<tbody>\n<tr>\n<td width=\"120\">Godina nastanka:<\/td>\n<td>  1903<\/td>\n<\/tr>\n<tr>\n<td>Izvorna veli\u010dina:<\/td>\n<td> 67 cm x 189 cm<\/td>\n<\/tr>\n<tr>\n<td>Stil slikanja:<\/td>\n<td>Secesija<\/td>\n<\/tr>\n<tr>\n<td>Izvorna tehnika:<\/td>\n<td>Ulje na platnu<\/td>\n<\/tr>\n<tr>\n<td>Nalazi se:<\/td>\n<td> Nacionalna galerija u Ottawi, Kanada<\/td>\n<\/tr>\n<\/tbody>\n<\/table>\n<p>Ulje na platnu <em>Nada I<\/em> intenzivno je lirski prikaz trudne \u017eene, smje\u0161ten u kontekst maskiranih figura, mrtva\u010dkih glava i alegorijskih \u010dudovi\u0161ta poput grijeha, bolesti, siroma\u0161tva i smrti, koji zauzvrat prijete novom \u017eivotu koji dolazi . Naslov ove slike i besramni prikaz tijela trudnice svjedo\u010de o slikarevom \u0161tovanju \u017eivotu i tijelu.Slika Gustava Klimta &#8220;Nada I&#8221; remek-djelo je secesije i jedno od najpoznatijih i najprepoznatljivijih djela austrijskog slikara. Slika predstavlja ljudsko stanje i nadu koja le\u017ei u njemu.&#8221;Nadam se ja&#8221; je ulje na platnu dimenzija cca 100cm x 100cm. Prikazuje trudnicu koja sjedi na klupi zatvorenih o\u010diju i u rukama dr\u017ei veliko zlatno jaje. Sliku karakterizira hrabra upotreba borbe i jedinstven osje\u0107aj pokreta i emocija. \u017denska je naslikana u smanjenim bijelim, zlatnim i srebrnim bojama, ozlije\u0111ena u smanjenim modrim i vijoli\u010dnim bojama, \u0161to daje sli\u010dan osje\u0107aj dubine i gibanja. Ova slika tako\u0111er sadr\u017ei kori\u0161tenje zlatnih listi\u0107a, koje je Klimt koristio u mnogim svojim djelima.Slika je prikaz ljudskog stanja i nade koja le\u017ei u njemu. Trudna \u017eena simbolizira mogu\u0107nost novog \u017eivota i nadu koju on donosi. Zlatno jaje koje dr\u017ei simbolizira mogu\u0107nost novih po\u010detaka, a pozadina sa zamr\u0161enim geometrijskim uzorcima predstavlja sklad i red u svemiru. Slika evocira osje\u0107aje nade i potencijala koji karakteriziraju Klimtovu umjetnost.Klimtova slika &#8220;Hope I&#8221; remek-djelo je secesijskog pokreta i smatra se jednim od umjetnikovih najzna\u010dajnijih djela. Predstavlja ljudsko stanje i nadu koja le\u017ei u njemu. Slika je obavezna za ljubitelje umjetnosti i izvrstan je dodatak svakoj kolekciji umjetnina.Ukratko, slika Gustava Klimta &#8220;Nada I&#8221; remek-djelo je secesije i jedno od najpoznatijih i najprepoznatljivijih djela austrijskog slikara. To je prikaz ljudskog stanja i nade koja le\u017ei u njemu. Slika budi osje\u0107aje nade, potencijala i novih po\u010detaka, \u0161to je \u010dini izvrsnim dodatkom svakom prostoru koji treba da\u0161ak inspiracije. Kori\u0161tenje zlatnih listi\u0107a i zapletenih geometrijskih zorci u ozadju slike dodaju jedinstven i presenetljiv element, zbog \u010dega je stvarno predstavljen. To je sjajan na\u010din da svakoj prostoriji dodate da\u0161ak nade i inspiracije.<\/p>\n","protected":false},"excerpt":{"rendered":"<p>Gustav Klimt &#8211; Hope I &nbsp; Godina nastanka: 1903 Izvorna veli\u010dina: 67 cm x 189 cm Stil slikanja: Secesija Izvorna tehnika: Ulje na platnu Nalazi se: Nacionalna galerija u Ottawi, Kanada Ulje na platnu Nada I intenzivno je lirski prikaz trudne \u017eene, smje\u0161ten u kontekst maskiranih figura, mrtva\u010dkih glava i [&hellip;]<\/p>\n","protected":false},"featured_media":20318,"template":"","meta":{"_acf_changed":false},"product_brand":[],"product_cat":[3374],"product_tag":[3402,4068,4069,4070,4071],"class_list":{"0":"post-23220","1":"product","2":"type-product","3":"status-publish","4":"has-post-thumbnail","6":"product_cat-gustav-klimt","7":"product_tag-gustav-klimt-hr","8":"product_tag-klimt-hr","9":"product_tag-reprodukcija-hr","10":"product_tag-reprodukcije-hr","11":"product_tag-slikar-hr","12":"pa_dimenzija-100-x-280-cm-hr","13":"pa_dimenzija-30-x-80-cm-hr","14":"pa_dimenzija-40-x-110-cm-hr","15":"pa_dimenzija-50-x-140-cm-hr","16":"pa_dimenzija-60-x-170-cm-hr","17":"pa_dimenzija-67-x-189-cm-hr","18":"pa_dimenzija-80-x-220-cm-hr","19":"pa_oblika-okomito","20":"pa_okvir-bez-okvira","21":"pa_podokvir-bez-podokvira","22":"pa_podokvir-sa-podokvirom","24":"first","25":"onbackorder","26":"purchasable","27":"product-type-variable","28":"has-default-attributes"},"acf":[],"yoast_head":"<!-- This site is optimized with the Yoast SEO Premium plugin v26.0 (Yoast SEO v27.2) - https:\/\/yoast.com\/product\/yoast-seo-premium-wordpress\/ -->\n<title>Gustav Klimt - Hope I - SVETSLIK.SI - 100% ru\u010dno naslikano<\/title>\n<meta name=\"description\" content=\"Gustav Klimt - Hope I - 100% ru\u010dno naslikane reprodukcije slika na platnu. Uramljivanje slika, prodaja i izrada slika u dimenzijama po narud\u017ebi.\" \/>\n<meta name=\"robots\" content=\"index, follow, max-snippet:-1, max-image-preview:large, max-video-preview:-1\" \/>\n<link rel=\"canonical\" href=\"https:\/\/svetslik.si\/hr\/gustav-klimt\/hope-i\/\" \/>\n<meta property=\"og:locale\" content=\"hr_HR\" \/>\n<meta property=\"og:type\" content=\"article\" \/>\n<meta property=\"og:title\" content=\"Gustav Klimt - Hope I\" \/>\n<meta property=\"og:description\" content=\"100% ro\u010dno naslikane slike na platnu, reprodukcije znanih slikarjev in umetni\u0161ke slike po naro\u010dilu.\" \/>\n<meta property=\"og:url\" content=\"https:\/\/svetslik.si\/hr\/gustav-klimt\/hope-i\/\" \/>\n<meta property=\"og:site_name\" content=\"SVETSLIK.SI\" \/>\n<meta property=\"article:publisher\" content=\"https:\/\/www.facebook.com\/svetslik.si\" \/>\n<meta property=\"article:modified_time\" content=\"2024-07-04T13:50:25+00:00\" \/>\n<meta property=\"og:image\" content=\"https:\/\/svetslik.si\/wp-content\/uploads\/2021\/08\/image_Hope-I-Gustav-Klimt_680.jpg\" \/>\n\t<meta property=\"og:image:width\" content=\"242\" \/>\n\t<meta property=\"og:image:height\" content=\"680\" \/>\n\t<meta property=\"og:image:type\" content=\"image\/jpeg\" \/>\n<meta name=\"twitter:card\" content=\"summary_large_image\" \/>\n<meta name=\"twitter:site\" content=\"@svetslik\" \/>\n<meta name=\"twitter:label1\" content=\"Availability\" \/>\n\t<meta name=\"twitter:data1\" content=\"On backorder\" \/>\n<script type=\"application\/ld+json\" class=\"yoast-schema-graph\">{\"@context\":\"https:\/\/schema.org\",\"@graph\":[{\"@type\":[\"WebPage\",\"ItemPage\"],\"@id\":\"https:\/\/svetslik.si\/hr\/gustav-klimt\/hope-i\/\",\"url\":\"https:\/\/svetslik.si\/hr\/gustav-klimt\/hope-i\/\",\"name\":\"Gustav Klimt - Hope I - SVETSLIK.SI - 100% ru\u010dno naslikano\",\"isPartOf\":{\"@id\":\"https:\/\/svetslik.si\/hr\/#website\"},\"primaryImageOfPage\":{\"@id\":\"https:\/\/svetslik.si\/hr\/gustav-klimt\/hope-i\/#primaryimage\"},\"image\":{\"@id\":\"https:\/\/svetslik.si\/hr\/gustav-klimt\/hope-i\/#primaryimage\"},\"thumbnailUrl\":\"https:\/\/svetslik.si\/wp-content\/uploads\/2021\/08\/image_Hope-I-Gustav-Klimt_680.jpg\",\"datePublished\":\"2021-09-02T15:51:44+00:00\",\"dateModified\":\"2024-07-04T13:50:25+00:00\",\"description\":\"Gustav Klimt - Hope I - 100% ru\u010dno naslikane reprodukcije slika na platnu. Uramljivanje slika, prodaja i izrada slika u dimenzijama po narud\u017ebi.\",\"breadcrumb\":{\"@id\":\"https:\/\/svetslik.si\/hr\/gustav-klimt\/hope-i\/#breadcrumb\"},\"inLanguage\":\"hr\",\"potentialAction\":[{\"@type\":\"ReadAction\",\"target\":[\"https:\/\/svetslik.si\/hr\/gustav-klimt\/hope-i\/\"]}]},{\"@type\":\"ImageObject\",\"inLanguage\":\"hr\",\"@id\":\"https:\/\/svetslik.si\/hr\/gustav-klimt\/hope-i\/#primaryimage\",\"url\":\"https:\/\/svetslik.si\/wp-content\/uploads\/2021\/08\/image_Hope-I-Gustav-Klimt_680.jpg\",\"contentUrl\":\"https:\/\/svetslik.si\/wp-content\/uploads\/2021\/08\/image_Hope-I-Gustav-Klimt_680.jpg\",\"width\":242,\"height\":680,\"caption\":\"Zidne slike na platnu - Gustav Klimt - Nada I - Ru\u010dno slikane slike, reprodukcije slika poznatih slikara, ulje na platnu, uljne slike, moderne zidne slike, umjetni\u010dke slike za na zid, ambijentalne, apstraktne, dekorativne zidne slike\"},{\"@type\":\"BreadcrumbList\",\"@id\":\"https:\/\/svetslik.si\/hr\/gustav-klimt\/hope-i\/#breadcrumb\",\"itemListElement\":[{\"@type\":\"ListItem\",\"position\":1,\"name\":\"Umjetni\u010dke zidne slike na platnu\",\"item\":\"https:\/\/svetslik.si\/hr\/\"},{\"@type\":\"ListItem\",\"position\":2,\"name\":\"Prodaja slika\",\"item\":\"https:\/\/svetslik.si\/prodaja-slik\/\"},{\"@type\":\"ListItem\",\"position\":3,\"name\":\"Gustav Klimt &#8211; Hope I\"}]},{\"@type\":\"WebSite\",\"@id\":\"https:\/\/svetslik.si\/hr\/#website\",\"url\":\"https:\/\/svetslik.si\/hr\/\",\"name\":\"SVETSLIK.SI\",\"description\":\"100% ru\u010dno naslikane reprodukcije slika poznatih slikara in umjetni\u010dke zidne slike na platnu.\",\"publisher\":{\"@id\":\"https:\/\/svetslik.si\/hr\/#organization\"},\"potentialAction\":[{\"@type\":\"SearchAction\",\"target\":{\"@type\":\"EntryPoint\",\"urlTemplate\":\"https:\/\/svetslik.si\/hr\/?s={search_term_string}\"},\"query-input\":{\"@type\":\"PropertyValueSpecification\",\"valueRequired\":true,\"valueName\":\"search_term_string\"}}],\"inLanguage\":\"hr\"},{\"@type\":\"Organization\",\"@id\":\"https:\/\/svetslik.si\/hr\/#organization\",\"name\":\"SvetSlik.si\",\"url\":\"https:\/\/svetslik.si\/hr\/\",\"logo\":{\"@type\":\"ImageObject\",\"inLanguage\":\"hr\",\"@id\":\"https:\/\/svetslik.si\/hr\/#\/schema\/logo\/image\/\",\"url\":\"https:\/\/svetslik.si\/wp-content\/uploads\/2020\/12\/logo-512.png\",\"contentUrl\":\"https:\/\/svetslik.si\/wp-content\/uploads\/2020\/12\/logo-512.png\",\"width\":512,\"height\":512,\"caption\":\"SvetSlik.si\"},\"image\":{\"@id\":\"https:\/\/svetslik.si\/hr\/#\/schema\/logo\/image\/\"},\"sameAs\":[\"https:\/\/www.facebook.com\/svetslik.si\",\"https:\/\/x.com\/svetslik\",\"https:\/\/www.instagram.com\/svetslik.si\/\",\"https:\/\/www.linkedin.com\/company\/svetslik-si\"]}]}<\/script>\n<meta property=\"og:availability\" content=\"backorder\" \/>\n<meta property=\"product:availability\" content=\"available for order\" \/>\n<meta property=\"product:retailer_item_id\" content=\"240__\" \/>\n<meta property=\"product:condition\" content=\"new\" \/>\n<!-- \/ Yoast SEO Premium plugin. -->","yoast_head_json":{"title":"Gustav Klimt - Hope I - SVETSLIK.SI - 100% ru\u010dno naslikano","description":"Gustav Klimt - Hope I - 100% ru\u010dno naslikane reprodukcije slika na platnu. Uramljivanje slika, prodaja i izrada slika u dimenzijama po narud\u017ebi.","robots":{"index":"index","follow":"follow","max-snippet":"max-snippet:-1","max-image-preview":"max-image-preview:large","max-video-preview":"max-video-preview:-1"},"canonical":"https:\/\/svetslik.si\/hr\/gustav-klimt\/hope-i\/","og_locale":"hr_HR","og_type":"article","og_title":"Gustav Klimt - Hope I","og_description":"100% ro\u010dno naslikane slike na platnu, reprodukcije znanih slikarjev in umetni\u0161ke slike po naro\u010dilu.","og_url":"https:\/\/svetslik.si\/hr\/gustav-klimt\/hope-i\/","og_site_name":"SVETSLIK.SI","article_publisher":"https:\/\/www.facebook.com\/svetslik.si","article_modified_time":"2024-07-04T13:50:25+00:00","og_image":[{"width":242,"height":680,"url":"https:\/\/svetslik.si\/wp-content\/uploads\/2021\/08\/image_Hope-I-Gustav-Klimt_680.jpg","type":"image\/jpeg"}],"twitter_card":"summary_large_image","twitter_site":"@svetslik","twitter_misc":{"Availability":"On backorder"},"schema":{"@context":"https:\/\/schema.org","@graph":[{"@type":["WebPage","ItemPage"],"@id":"https:\/\/svetslik.si\/hr\/gustav-klimt\/hope-i\/","url":"https:\/\/svetslik.si\/hr\/gustav-klimt\/hope-i\/","name":"Gustav Klimt - Hope I - SVETSLIK.SI - 100% ru\u010dno naslikano","isPartOf":{"@id":"https:\/\/svetslik.si\/hr\/#website"},"primaryImageOfPage":{"@id":"https:\/\/svetslik.si\/hr\/gustav-klimt\/hope-i\/#primaryimage"},"image":{"@id":"https:\/\/svetslik.si\/hr\/gustav-klimt\/hope-i\/#primaryimage"},"thumbnailUrl":"https:\/\/svetslik.si\/wp-content\/uploads\/2021\/08\/image_Hope-I-Gustav-Klimt_680.jpg","datePublished":"2021-09-02T15:51:44+00:00","dateModified":"2024-07-04T13:50:25+00:00","description":"Gustav Klimt - Hope I - 100% ru\u010dno naslikane reprodukcije slika na platnu. Uramljivanje slika, prodaja i izrada slika u dimenzijama po narud\u017ebi.","breadcrumb":{"@id":"https:\/\/svetslik.si\/hr\/gustav-klimt\/hope-i\/#breadcrumb"},"inLanguage":"hr","potentialAction":[{"@type":"ReadAction","target":["https:\/\/svetslik.si\/hr\/gustav-klimt\/hope-i\/"]}]},{"@type":"ImageObject","inLanguage":"hr","@id":"https:\/\/svetslik.si\/hr\/gustav-klimt\/hope-i\/#primaryimage","url":"https:\/\/svetslik.si\/wp-content\/uploads\/2021\/08\/image_Hope-I-Gustav-Klimt_680.jpg","contentUrl":"https:\/\/svetslik.si\/wp-content\/uploads\/2021\/08\/image_Hope-I-Gustav-Klimt_680.jpg","width":242,"height":680,"caption":"Zidne slike na platnu - Gustav Klimt - Nada I - Ru\u010dno slikane slike, reprodukcije slika poznatih slikara, ulje na platnu, uljne slike, moderne zidne slike, umjetni\u010dke slike za na zid, ambijentalne, apstraktne, dekorativne zidne slike"},{"@type":"BreadcrumbList","@id":"https:\/\/svetslik.si\/hr\/gustav-klimt\/hope-i\/#breadcrumb","itemListElement":[{"@type":"ListItem","position":1,"name":"Umjetni\u010dke zidne slike na platnu","item":"https:\/\/svetslik.si\/hr\/"},{"@type":"ListItem","position":2,"name":"Prodaja slika","item":"https:\/\/svetslik.si\/prodaja-slik\/"},{"@type":"ListItem","position":3,"name":"Gustav Klimt &#8211; Hope I"}]},{"@type":"WebSite","@id":"https:\/\/svetslik.si\/hr\/#website","url":"https:\/\/svetslik.si\/hr\/","name":"SVETSLIK.SI","description":"100% ru\u010dno naslikane reprodukcije slika poznatih slikara in umjetni\u010dke zidne slike na platnu.","publisher":{"@id":"https:\/\/svetslik.si\/hr\/#organization"},"potentialAction":[{"@type":"SearchAction","target":{"@type":"EntryPoint","urlTemplate":"https:\/\/svetslik.si\/hr\/?s={search_term_string}"},"query-input":{"@type":"PropertyValueSpecification","valueRequired":true,"valueName":"search_term_string"}}],"inLanguage":"hr"},{"@type":"Organization","@id":"https:\/\/svetslik.si\/hr\/#organization","name":"SvetSlik.si","url":"https:\/\/svetslik.si\/hr\/","logo":{"@type":"ImageObject","inLanguage":"hr","@id":"https:\/\/svetslik.si\/hr\/#\/schema\/logo\/image\/","url":"https:\/\/svetslik.si\/wp-content\/uploads\/2020\/12\/logo-512.png","contentUrl":"https:\/\/svetslik.si\/wp-content\/uploads\/2020\/12\/logo-512.png","width":512,"height":512,"caption":"SvetSlik.si"},"image":{"@id":"https:\/\/svetslik.si\/hr\/#\/schema\/logo\/image\/"},"sameAs":["https:\/\/www.facebook.com\/svetslik.si","https:\/\/x.com\/svetslik","https:\/\/www.instagram.com\/svetslik.si\/","https:\/\/www.linkedin.com\/company\/svetslik-si"]}]},"og_availability":"backorder","product_availability":"available for order","product_retailer_item_id":"240__","product_condition":"new"},"jetpack_sharing_enabled":true,"_links":{"self":[{"href":"https:\/\/svetslik.si\/hr\/wp-json\/wp\/v2\/product\/23220","targetHints":{"allow":["GET"]}}],"collection":[{"href":"https:\/\/svetslik.si\/hr\/wp-json\/wp\/v2\/product"}],"about":[{"href":"https:\/\/svetslik.si\/hr\/wp-json\/wp\/v2\/types\/product"}],"wp:featuredmedia":[{"embeddable":true,"href":"https:\/\/svetslik.si\/hr\/wp-json\/wp\/v2\/media\/20318"}],"wp:attachment":[{"href":"https:\/\/svetslik.si\/hr\/wp-json\/wp\/v2\/media?parent=23220"}],"wp:term":[{"taxonomy":"product_brand","embeddable":true,"href":"https:\/\/svetslik.si\/hr\/wp-json\/wp\/v2\/product_brand?post=23220"},{"taxonomy":"product_cat","embeddable":true,"href":"https:\/\/svetslik.si\/hr\/wp-json\/wp\/v2\/product_cat?post=23220"},{"taxonomy":"product_tag","embeddable":true,"href":"https:\/\/svetslik.si\/hr\/wp-json\/wp\/v2\/product_tag?post=23220"}],"curies":[{"name":"wp","href":"https:\/\/api.w.org\/{rel}","templated":true}]}}