{"id":23248,"date":"2021-09-02T17:51:34","date_gmt":"2021-09-02T15:51:34","guid":{"rendered":"https:\/\/svetslik.si\/nekategorizirano\/gustav-klimt-death-and-life\/"},"modified":"2024-07-04T15:50:25","modified_gmt":"2024-07-04T13:50:25","slug":"death-and-life","status":"publish","type":"product","link":"https:\/\/svetslik.si\/hr\/gustav-klimt\/death-and-life\/","title":{"rendered":"Gustav Klimt &#8211; Death and Life"},"content":{"rendered":"<h1>Gustav Klimt &#8211; Smrt i \u017eivot<\/h1>\n<p>&nbsp;<\/p>\n<table id=\"imageinfo\" border=\"0\" width=\"96%\" cellspacing=\"0\" cellpadding=\"2\">\n<tbody>\n<tr>\n<td width=\"120\">Godina stvaranja:<\/td>\n<td>1916<\/td>\n<\/tr>\n<tr>\n<td>Izvorna veli\u010dina:<\/td>\n<td>178 cm x 198 cm<\/td>\n<\/tr>\n<tr>\n<td>Stil bojanja:<\/td>\n<td>Secesija<\/td>\n<\/tr>\n<tr>\n<td>Izvorna tehnika:<\/td>\n<td>Ulje na platnu<\/td>\n<\/tr>\n<tr>\n<td>Lokacija:<\/td>\n<td>Privatna zbirka, Dr. Rudolf Leopold, Be\u010d<\/td>\n<\/tr>\n<\/tbody>\n<\/table>\n<p>&nbsp;<\/p>\n<div>Ulje na platnu <em>Smrt i \u017eivot<\/em> jasno je podijeljeno u dva dijela. Na lijevoj strani slike prikazana je Smrt s nasmijanom lubanjom, odjevena u tamni ogrta\u010d prekriven simbolima. Na desnoj strani slike Klimt je prikazao \u017divot s ne\u0161to mladom \u017eenom koja le\u017ei na postelji od cvije\u0107a. Mu\u0161ka figura dr\u017ei jednu od \u017eena, au sredini skupine le\u017ei starija \u017eena, a iznad nje beba. I u ovom dijelu slike naslikani likovi prekriveni su simbolima.<\/div>\n<div><\/div>\n<div>Slika Smrt i \u017eivot Gustava Klimta remek-djelo je secesije i jedno od najpoznatijih i najprepoznatljivijih djela austrijskog slikara. Slika predstavlja ciklus \u017eivota i smrti i dualnost postojanja.<\/div>\n<div>&#8220;Smrt i \u017eivot&#8221; je ulje na platnu dimenzija cca 150cm x 150cm. Prikazuje grupu ljudi, neki ple\u0161u i vesele se, dok drugi le\u017ee na zemlji, simboliziraju\u0107i smrt. Sliku karakterizira hrabra upotreba borbe i jedinstven osje\u0107aj pokreta i emocija. Likovi su naslikani u tonovima zlatne, srebrne i bijele, dok je pozadina u nijansama plave i ljubi\u010daste, \u0161to slici daje osje\u0107aj dubine i pokreta. Ova slika tako\u0111er sadr\u017ei kori\u0161tenje zlatnih listi\u0107a, koje je Klimt koristio u mnogim svojim djelima.Slika predstavlja ciklus \u017eivota i smrti i dualnost postojanja. Ple\u0161u\u0107e i radosne figure predstavljaju \u017eivost i vitalnost \u017eivota, dok figure koje le\u017ee na zemlji predstavljaju kona\u010dnost smrti. Pozadina sa zamr\u0161enim geometrijskim uzorcima predstavlja sklad i red u svemiru. Slika evocira osje\u0107aje o ciklusu \u017eivota i smrti i dualnosti postojanja.Klimtova slika &#8220;Smrt i \u017eivot&#8221; remek je djelo secesije i smatra se jednim od najzna\u010dajnijih umjetnikovih djela. Predstavlja ciklus \u017eivota i smrti i dualnost postojanja. Slika je ono \u0161to ljubitelji umjetnosti moraju vidjeti i izvrstan je dodatak svakoj kolekciji umjetnina.Ukratko, slika &#8220;Smrt i \u017eivot&#8221; Gustava Klimta remek je djelo secesije i jedno od najpoznatijih i najprepoznatljivijih djela austrijskog slikara. Rije\u010d je o ciklusu \u017eivota i smrti i dualnosti postojanja. Slika budi osje\u0107aje o ciklusu \u017eivota i smrti i dualnosti postojanja, \u0161to je \u010dini sna\u017enim i poticajnim djelom. Kori\u0161tenje zlatnih listi\u0107a i zamr\u0161enih geometrijskih uzoraka u pozadini dodaju jedinstven i upe\u010datljiv element slici, \u010dine\u0107i sliku istinski istaknutom. To je sjajan na\u010din da svakoj prostoriji dodate da\u0161ak zna\u010denja i emocija. Slika tako\u0111er predstavlja ljepotu, eleganciju i prosperitet, pa je odli\u010dan komad za one koji \u017eele unijeti da\u0161ak luksuza u svoj dom. Slika je podsjetnik na prolaznost \u017eivota i neizbje\u017enost smrti, ali nas istovremeno podsje\u0107a da cijenimo i slavimo \u017eivot koji imamo. To je sna\u017ean podsjetnik da \u017eivimo u sada\u0161njosti, cijenimo svaki trenutak i maksimalno iskoristimo vrijeme koje imamo. Slika Gustava Klimta &#8220;Smrt i \u017eivot&#8221; op\u0107enito je obavezna za ljubitelje umjetnosti i odli\u010dan je dodatak svakoj umjetni\u010dkoj kolekciji. Slu\u017eit \u0107e kao stalni podsjetnik na ciklus \u017eivota i smrti i dualnost postojanja, kao i lijep i upe\u010datljiv dodatak svakom dekoru doma.<\/div>\n<div><\/div>\n<div><\/div>\n","protected":false},"excerpt":{"rendered":"<p>Gustav Klimt &#8211; Smrt i \u017eivot &nbsp; Godina stvaranja: 1916 Izvorna veli\u010dina: 178 cm x 198 cm Stil bojanja: Secesija Izvorna tehnika: Ulje na platnu Lokacija: Privatna zbirka, Dr. Rudolf Leopold, Be\u010d &nbsp; Ulje na platnu Smrt i \u017eivot jasno je podijeljeno u dva dijela. Na lijevoj strani slike prikazana [&hellip;]<\/p>\n","protected":false},"featured_media":20135,"template":"","meta":{"_acf_changed":false},"product_brand":[],"product_cat":[3374],"product_tag":[3402,4068,4069,4070,4071],"class_list":{"0":"post-23248","1":"product","2":"type-product","3":"status-publish","4":"has-post-thumbnail","6":"product_cat-gustav-klimt","7":"product_tag-gustav-klimt-hr","8":"product_tag-klimt-hr","9":"product_tag-reprodukcija-hr","10":"product_tag-reprodukcije-hr","11":"product_tag-slikar-hr","12":"pa_dimenzija-100-x-90-cm","13":"pa_dimenzija-120-x-110-cm","14":"pa_dimenzija-140-x-130-cm","15":"pa_dimenzija-160-x-140-cm","16":"pa_dimenzija-180-x-160-cm","17":"pa_dimenzija-198-x-178-cm","18":"pa_dimenzija-250-x-225-cm","19":"pa_dimenzija-60-x-55-cm","20":"pa_dimenzija-80-x-70-cm","21":"pa_dimenzija-90-x-80-cm","22":"pa_oblika-horizontalno","23":"pa_okvir-bez-okvira","24":"pa_podokvir-bez-podokvira","25":"pa_podokvir-sa-podokvirom","27":"first","28":"onbackorder","29":"purchasable","30":"product-type-variable","31":"has-default-attributes"},"acf":[],"yoast_head":"<!-- This site is optimized with the Yoast SEO Premium plugin v27.5 (Yoast SEO v27.6) - https:\/\/yoast.com\/product\/yoast-seo-premium-wordpress\/ -->\n<title>Gustav Klimt - Death and Life - SVETSLIK.SI - 100% ru\u010dno naslikano<\/title>\n<meta name=\"description\" content=\"Gustav Klimt - Death and Life - 100% ru\u010dno naslikane reprodukcije slika na platnu. Okvirivanje slika, prodaja i izrada slika u dimenzijama po narud\u017ebi.\" \/>\n<meta name=\"robots\" content=\"index, follow, max-snippet:-1, max-image-preview:large, max-video-preview:-1\" \/>\n<link rel=\"canonical\" href=\"https:\/\/svetslik.si\/hr\/gustav-klimt\/death-and-life\/\" \/>\n<meta property=\"og:locale\" content=\"hr_HR\" \/>\n<meta property=\"og:type\" content=\"article\" \/>\n<meta property=\"og:title\" content=\"Gustav Klimt - Death and Life\" \/>\n<meta property=\"og:description\" content=\"100% ro\u010dno naslikane slike na platnu, reprodukcije znanih slikarjev in umetni\u0161ke slike po naro\u010dilu.\" \/>\n<meta property=\"og:url\" content=\"https:\/\/svetslik.si\/hr\/gustav-klimt\/death-and-life\/\" \/>\n<meta property=\"og:site_name\" content=\"SVETSLIK.SI\" \/>\n<meta property=\"article:publisher\" content=\"https:\/\/www.facebook.com\/svetslik.si\" \/>\n<meta property=\"article:modified_time\" content=\"2024-07-04T13:50:25+00:00\" \/>\n<meta property=\"og:image\" content=\"https:\/\/svetslik.si\/wp-content\/uploads\/2021\/08\/image_Death-and-Life-Gustav-Klimt_680.jpg\" \/>\n\t<meta property=\"og:image:width\" content=\"1200\" \/>\n\t<meta property=\"og:image:height\" content=\"848\" \/>\n\t<meta property=\"og:image:type\" content=\"image\/jpeg\" \/>\n<meta name=\"twitter:card\" content=\"summary_large_image\" \/>\n<meta name=\"twitter:site\" content=\"@svetslik\" \/>\n<meta name=\"twitter:label1\" content=\"Availability\" \/>\n\t<meta name=\"twitter:data1\" content=\"On backorder\" \/>\n<script type=\"application\/ld+json\" class=\"yoast-schema-graph\">{\"@context\":\"https:\\\/\\\/schema.org\",\"@graph\":[{\"@type\":[\"WebPage\",\"ItemPage\"],\"@id\":\"https:\\\/\\\/svetslik.si\\\/hr\\\/gustav-klimt\\\/death-and-life\\\/\",\"url\":\"https:\\\/\\\/svetslik.si\\\/hr\\\/gustav-klimt\\\/death-and-life\\\/\",\"name\":\"Gustav Klimt - Death and Life - SVETSLIK.SI - 100% ru\u010dno naslikano\",\"isPartOf\":{\"@id\":\"https:\\\/\\\/svetslik.si\\\/hr\\\/#website\"},\"primaryImageOfPage\":{\"@id\":\"https:\\\/\\\/svetslik.si\\\/hr\\\/gustav-klimt\\\/death-and-life\\\/#primaryimage\"},\"image\":{\"@id\":\"https:\\\/\\\/svetslik.si\\\/hr\\\/gustav-klimt\\\/death-and-life\\\/#primaryimage\"},\"thumbnailUrl\":\"https:\\\/\\\/svetslik.si\\\/wp-content\\\/uploads\\\/2021\\\/08\\\/image_Death-and-Life-Gustav-Klimt_680.jpg\",\"datePublished\":\"2021-09-02T15:51:34+00:00\",\"dateModified\":\"2024-07-04T13:50:25+00:00\",\"description\":\"Gustav Klimt - Death and Life - 100% ru\u010dno naslikane reprodukcije slika na platnu. Okvirivanje slika, prodaja i izrada slika u dimenzijama po narud\u017ebi.\",\"breadcrumb\":{\"@id\":\"https:\\\/\\\/svetslik.si\\\/hr\\\/gustav-klimt\\\/death-and-life\\\/#breadcrumb\"},\"inLanguage\":\"hr\",\"potentialAction\":[{\"@type\":\"ReadAction\",\"target\":[\"https:\\\/\\\/svetslik.si\\\/hr\\\/gustav-klimt\\\/death-and-life\\\/\"]}]},{\"@type\":\"ImageObject\",\"inLanguage\":\"hr\",\"@id\":\"https:\\\/\\\/svetslik.si\\\/hr\\\/gustav-klimt\\\/death-and-life\\\/#primaryimage\",\"url\":\"https:\\\/\\\/svetslik.si\\\/wp-content\\\/uploads\\\/2021\\\/08\\\/image_Death-and-Life-Gustav-Klimt_680.jpg\",\"contentUrl\":\"https:\\\/\\\/svetslik.si\\\/wp-content\\\/uploads\\\/2021\\\/08\\\/image_Death-and-Life-Gustav-Klimt_680.jpg\",\"width\":1200,\"height\":848,\"caption\":\"Gustav Klimt - Smrt i \u017eivot - Reprodukcija - ru\u010dno slikane zidne slike, ulje na platnu, uljane slike, umjetni\u010dke slike, moderne slike za zid, ambijentalne slike, apstraktne slike, dekorativne slike\"},{\"@type\":\"BreadcrumbList\",\"@id\":\"https:\\\/\\\/svetslik.si\\\/hr\\\/gustav-klimt\\\/death-and-life\\\/#breadcrumb\",\"itemListElement\":[{\"@type\":\"ListItem\",\"position\":1,\"name\":\"Umjetni\u010dke zidne slike na platnu\",\"item\":\"https:\\\/\\\/svetslik.si\\\/hr\\\/\"},{\"@type\":\"ListItem\",\"position\":2,\"name\":\"Prodaja slika\",\"item\":\"https:\\\/\\\/svetslik.si\\\/prodaja-slik\\\/\"},{\"@type\":\"ListItem\",\"position\":3,\"name\":\"Gustav Klimt &#8211; Death and Life\"}]},{\"@type\":\"WebSite\",\"@id\":\"https:\\\/\\\/svetslik.si\\\/hr\\\/#website\",\"url\":\"https:\\\/\\\/svetslik.si\\\/hr\\\/\",\"name\":\"SVETSLIK.SI\",\"description\":\"100% ru\u010dno naslikane reprodukcije slika poznatih slikara in umjetni\u010dke zidne slike na platnu.\",\"publisher\":{\"@id\":\"https:\\\/\\\/svetslik.si\\\/hr\\\/#organization\"},\"potentialAction\":[{\"@type\":\"SearchAction\",\"target\":{\"@type\":\"EntryPoint\",\"urlTemplate\":\"https:\\\/\\\/svetslik.si\\\/hr\\\/?s={search_term_string}\"},\"query-input\":{\"@type\":\"PropertyValueSpecification\",\"valueRequired\":true,\"valueName\":\"search_term_string\"}}],\"inLanguage\":\"hr\"},{\"@type\":\"Organization\",\"@id\":\"https:\\\/\\\/svetslik.si\\\/hr\\\/#organization\",\"name\":\"SvetSlik.si\",\"url\":\"https:\\\/\\\/svetslik.si\\\/hr\\\/\",\"logo\":{\"@type\":\"ImageObject\",\"inLanguage\":\"hr\",\"@id\":\"https:\\\/\\\/svetslik.si\\\/hr\\\/#\\\/schema\\\/logo\\\/image\\\/\",\"url\":\"https:\\\/\\\/svetslik.si\\\/wp-content\\\/uploads\\\/2020\\\/12\\\/logo-512.png\",\"contentUrl\":\"https:\\\/\\\/svetslik.si\\\/wp-content\\\/uploads\\\/2020\\\/12\\\/logo-512.png\",\"width\":512,\"height\":512,\"caption\":\"SvetSlik.si\"},\"image\":{\"@id\":\"https:\\\/\\\/svetslik.si\\\/hr\\\/#\\\/schema\\\/logo\\\/image\\\/\"},\"sameAs\":[\"https:\\\/\\\/www.facebook.com\\\/svetslik.si\",\"https:\\\/\\\/x.com\\\/svetslik\",\"https:\\\/\\\/www.instagram.com\\\/svetslik.si\\\/\",\"https:\\\/\\\/www.linkedin.com\\\/company\\\/svetslik-si\"]}]}<\/script>\n<meta property=\"og:availability\" content=\"backorder\" \/>\n<meta property=\"product:availability\" content=\"available for order\" \/>\n<meta property=\"product:retailer_item_id\" content=\"238__\" \/>\n<meta property=\"product:condition\" content=\"new\" \/>\n<!-- \/ Yoast SEO Premium plugin. -->","yoast_head_json":{"title":"Gustav Klimt - Death and Life - SVETSLIK.SI - 100% ru\u010dno naslikano","description":"Gustav Klimt - Death and Life - 100% ru\u010dno naslikane reprodukcije slika na platnu. Okvirivanje slika, prodaja i izrada slika u dimenzijama po narud\u017ebi.","robots":{"index":"index","follow":"follow","max-snippet":"max-snippet:-1","max-image-preview":"max-image-preview:large","max-video-preview":"max-video-preview:-1"},"canonical":"https:\/\/svetslik.si\/hr\/gustav-klimt\/death-and-life\/","og_locale":"hr_HR","og_type":"article","og_title":"Gustav Klimt - Death and Life","og_description":"100% ro\u010dno naslikane slike na platnu, reprodukcije znanih slikarjev in umetni\u0161ke slike po naro\u010dilu.","og_url":"https:\/\/svetslik.si\/hr\/gustav-klimt\/death-and-life\/","og_site_name":"SVETSLIK.SI","article_publisher":"https:\/\/www.facebook.com\/svetslik.si","article_modified_time":"2024-07-04T13:50:25+00:00","og_image":[{"width":1200,"height":848,"url":"https:\/\/svetslik.si\/wp-content\/uploads\/2021\/08\/image_Death-and-Life-Gustav-Klimt_680.jpg","type":"image\/jpeg"}],"twitter_card":"summary_large_image","twitter_site":"@svetslik","twitter_misc":{"Availability":"On backorder"},"schema":{"@context":"https:\/\/schema.org","@graph":[{"@type":["WebPage","ItemPage"],"@id":"https:\/\/svetslik.si\/hr\/gustav-klimt\/death-and-life\/","url":"https:\/\/svetslik.si\/hr\/gustav-klimt\/death-and-life\/","name":"Gustav Klimt - Death and Life - SVETSLIK.SI - 100% ru\u010dno naslikano","isPartOf":{"@id":"https:\/\/svetslik.si\/hr\/#website"},"primaryImageOfPage":{"@id":"https:\/\/svetslik.si\/hr\/gustav-klimt\/death-and-life\/#primaryimage"},"image":{"@id":"https:\/\/svetslik.si\/hr\/gustav-klimt\/death-and-life\/#primaryimage"},"thumbnailUrl":"https:\/\/svetslik.si\/wp-content\/uploads\/2021\/08\/image_Death-and-Life-Gustav-Klimt_680.jpg","datePublished":"2021-09-02T15:51:34+00:00","dateModified":"2024-07-04T13:50:25+00:00","description":"Gustav Klimt - Death and Life - 100% ru\u010dno naslikane reprodukcije slika na platnu. Okvirivanje slika, prodaja i izrada slika u dimenzijama po narud\u017ebi.","breadcrumb":{"@id":"https:\/\/svetslik.si\/hr\/gustav-klimt\/death-and-life\/#breadcrumb"},"inLanguage":"hr","potentialAction":[{"@type":"ReadAction","target":["https:\/\/svetslik.si\/hr\/gustav-klimt\/death-and-life\/"]}]},{"@type":"ImageObject","inLanguage":"hr","@id":"https:\/\/svetslik.si\/hr\/gustav-klimt\/death-and-life\/#primaryimage","url":"https:\/\/svetslik.si\/wp-content\/uploads\/2021\/08\/image_Death-and-Life-Gustav-Klimt_680.jpg","contentUrl":"https:\/\/svetslik.si\/wp-content\/uploads\/2021\/08\/image_Death-and-Life-Gustav-Klimt_680.jpg","width":1200,"height":848,"caption":"Gustav Klimt - Smrt i \u017eivot - Reprodukcija - ru\u010dno slikane zidne slike, ulje na platnu, uljane slike, umjetni\u010dke slike, moderne slike za zid, ambijentalne slike, apstraktne slike, dekorativne slike"},{"@type":"BreadcrumbList","@id":"https:\/\/svetslik.si\/hr\/gustav-klimt\/death-and-life\/#breadcrumb","itemListElement":[{"@type":"ListItem","position":1,"name":"Umjetni\u010dke zidne slike na platnu","item":"https:\/\/svetslik.si\/hr\/"},{"@type":"ListItem","position":2,"name":"Prodaja slika","item":"https:\/\/svetslik.si\/prodaja-slik\/"},{"@type":"ListItem","position":3,"name":"Gustav Klimt &#8211; Death and Life"}]},{"@type":"WebSite","@id":"https:\/\/svetslik.si\/hr\/#website","url":"https:\/\/svetslik.si\/hr\/","name":"SVETSLIK.SI","description":"100% ru\u010dno naslikane reprodukcije slika poznatih slikara in umjetni\u010dke zidne slike na platnu.","publisher":{"@id":"https:\/\/svetslik.si\/hr\/#organization"},"potentialAction":[{"@type":"SearchAction","target":{"@type":"EntryPoint","urlTemplate":"https:\/\/svetslik.si\/hr\/?s={search_term_string}"},"query-input":{"@type":"PropertyValueSpecification","valueRequired":true,"valueName":"search_term_string"}}],"inLanguage":"hr"},{"@type":"Organization","@id":"https:\/\/svetslik.si\/hr\/#organization","name":"SvetSlik.si","url":"https:\/\/svetslik.si\/hr\/","logo":{"@type":"ImageObject","inLanguage":"hr","@id":"https:\/\/svetslik.si\/hr\/#\/schema\/logo\/image\/","url":"https:\/\/svetslik.si\/wp-content\/uploads\/2020\/12\/logo-512.png","contentUrl":"https:\/\/svetslik.si\/wp-content\/uploads\/2020\/12\/logo-512.png","width":512,"height":512,"caption":"SvetSlik.si"},"image":{"@id":"https:\/\/svetslik.si\/hr\/#\/schema\/logo\/image\/"},"sameAs":["https:\/\/www.facebook.com\/svetslik.si","https:\/\/x.com\/svetslik","https:\/\/www.instagram.com\/svetslik.si\/","https:\/\/www.linkedin.com\/company\/svetslik-si"]}]},"og_availability":"backorder","product_availability":"available for order","product_retailer_item_id":"238__","product_condition":"new"},"jetpack_sharing_enabled":true,"_links":{"self":[{"href":"https:\/\/svetslik.si\/hr\/wp-json\/wp\/v2\/product\/23248","targetHints":{"allow":["GET"]}}],"collection":[{"href":"https:\/\/svetslik.si\/hr\/wp-json\/wp\/v2\/product"}],"about":[{"href":"https:\/\/svetslik.si\/hr\/wp-json\/wp\/v2\/types\/product"}],"wp:featuredmedia":[{"embeddable":true,"href":"https:\/\/svetslik.si\/hr\/wp-json\/wp\/v2\/media\/20135"}],"wp:attachment":[{"href":"https:\/\/svetslik.si\/hr\/wp-json\/wp\/v2\/media?parent=23248"}],"wp:term":[{"taxonomy":"product_brand","embeddable":true,"href":"https:\/\/svetslik.si\/hr\/wp-json\/wp\/v2\/product_brand?post=23248"},{"taxonomy":"product_cat","embeddable":true,"href":"https:\/\/svetslik.si\/hr\/wp-json\/wp\/v2\/product_cat?post=23248"},{"taxonomy":"product_tag","embeddable":true,"href":"https:\/\/svetslik.si\/hr\/wp-json\/wp\/v2\/product_tag?post=23248"}],"curies":[{"name":"wp","href":"https:\/\/api.w.org\/{rel}","templated":true}]}}