{"id":23394,"date":"2021-09-02T17:42:01","date_gmt":"2021-09-02T15:42:01","guid":{"rendered":"https:\/\/svetslik.si\/nekategorizirano\/gustav-klimt-hygiea\/"},"modified":"2025-01-04T10:33:57","modified_gmt":"2025-01-04T09:33:57","slug":"hygiea","status":"publish","type":"product","link":"https:\/\/svetslik.si\/hr\/gustav-klimt\/hygiea\/","title":{"rendered":"Gustav Klimt &#8211; Hygiea"},"content":{"rendered":"<div class=\"wpb-content-wrapper\">[vc_row css=&#8221;.vc_custom_1735983081203{margin-bottom: 10px !important;}&#8221;][vc_column]\t<div class=\"et-image-71 et-image     et_image_link\">\n\t\t<div class=\"et-image-inner \">\n\t\t\t\t\t\t\t<div class=\"et-image-thumb \">\n\t\t\t\t\t<img decoding=\"async\" width=\"1000\" height=\"1301\" src=\"https:\/\/svetslik.si\/wp-content\/uploads\/2021\/09\/Gustav-Klimt-\u2013-Hygiea-reprodukcija-slike-na-platnu.jpg\" class=\"attachment-full\" alt=\"Gustav Klimt - Hygiea\" title=\"Gustav Klimt - Hygiea\" srcset=\"https:\/\/svetslik.si\/wp-content\/uploads\/2021\/09\/Gustav-Klimt-\u2013-Hygiea-reprodukcija-slike-na-platnu.jpg 1000w, https:\/\/svetslik.si\/wp-content\/uploads\/2021\/09\/Gustav-Klimt-\u2013-Hygiea-reprodukcija-slike-na-platnu-600x781.jpg 600w, https:\/\/svetslik.si\/wp-content\/uploads\/2021\/09\/Gustav-Klimt-\u2013-Hygiea-reprodukcija-slike-na-platnu-231x300.jpg 231w, https:\/\/svetslik.si\/wp-content\/uploads\/2021\/09\/Gustav-Klimt-\u2013-Hygiea-reprodukcija-slike-na-platnu-787x1024.jpg 787w, https:\/\/svetslik.si\/wp-content\/uploads\/2021\/09\/Gustav-Klimt-\u2013-Hygiea-reprodukcija-slike-na-platnu-768x999.jpg 768w, https:\/\/svetslik.si\/wp-content\/uploads\/2021\/09\/Gustav-Klimt-\u2013-Hygiea-reprodukcija-slike-na-platnu-115x150.jpg 115w, https:\/\/svetslik.si\/wp-content\/uploads\/2021\/09\/Gustav-Klimt-\u2013-Hygiea-reprodukcija-slike-na-platnu-900x1171.jpg 900w\" sizes=\"(max-width: 1000px) 100vw, 1000px\" \/>\t\t\t\t<\/div>\n\t\t\t\t\t\t\t\t\t\t\t<\/div>\n\t<\/div>\n  [\/vc_column][\/vc_row][vc_row css=&#8221;.vc_custom_1735983081203{margin-bottom: 10px !important;}&#8221;][vc_column]\t<div class=\"et-image-333 et-image     et_image_link\">\n\t\t<div class=\"et-image-inner \">\n\t\t\t\t\t\t\t<div class=\"et-image-thumb \">\n\t\t\t\t\t<img decoding=\"async\" width=\"1000\" height=\"1647\" src=\"https:\/\/svetslik.si\/wp-content\/uploads\/2021\/09\/Gustav-Klimt-\u2013-Hygiea-reprodukcija-slike-na-platnu-5.jpg\" class=\"attachment-full\" alt=\"Gustav Klimt - Hygiea\" title=\"Gustav Klimt - Hygiea\" srcset=\"https:\/\/svetslik.si\/wp-content\/uploads\/2021\/09\/Gustav-Klimt-\u2013-Hygiea-reprodukcija-slike-na-platnu-5.jpg 1000w, https:\/\/svetslik.si\/wp-content\/uploads\/2021\/09\/Gustav-Klimt-\u2013-Hygiea-reprodukcija-slike-na-platnu-5-600x988.jpg 600w, https:\/\/svetslik.si\/wp-content\/uploads\/2021\/09\/Gustav-Klimt-\u2013-Hygiea-reprodukcija-slike-na-platnu-5-182x300.jpg 182w, https:\/\/svetslik.si\/wp-content\/uploads\/2021\/09\/Gustav-Klimt-\u2013-Hygiea-reprodukcija-slike-na-platnu-5-622x1024.jpg 622w, https:\/\/svetslik.si\/wp-content\/uploads\/2021\/09\/Gustav-Klimt-\u2013-Hygiea-reprodukcija-slike-na-platnu-5-768x1265.jpg 768w, https:\/\/svetslik.si\/wp-content\/uploads\/2021\/09\/Gustav-Klimt-\u2013-Hygiea-reprodukcija-slike-na-platnu-5-933x1536.jpg 933w, https:\/\/svetslik.si\/wp-content\/uploads\/2021\/09\/Gustav-Klimt-\u2013-Hygiea-reprodukcija-slike-na-platnu-5-91x150.jpg 91w, https:\/\/svetslik.si\/wp-content\/uploads\/2021\/09\/Gustav-Klimt-\u2013-Hygiea-reprodukcija-slike-na-platnu-5-900x1482.jpg 900w\" sizes=\"(max-width: 1000px) 100vw, 1000px\" \/>\t\t\t\t<\/div>\n\t\t\t\t\t\t\t\t\t\t\t<\/div>\n\t<\/div>\n  [\/vc_column][\/vc_row][vc_row css=&#8221;.vc_custom_1735983081203{margin-bottom: 10px !important;}&#8221;][vc_column]\t<div class=\"et-image-440 et-image     et_image_link\">\n\t\t<div class=\"et-image-inner \">\n\t\t\t\t\t\t\t<div class=\"et-image-thumb \">\n\t\t\t\t\t<img decoding=\"async\" width=\"1000\" height=\"1605\" src=\"https:\/\/svetslik.si\/wp-content\/uploads\/2021\/09\/Gustav-Klimt-\u2013-Hygiea-reprodukcija-slike-na-platnu-4.jpg\" class=\"attachment-full\" alt=\"Gustav Klimt - Hygiea\" title=\"Gustav Klimt - Hygiea\" srcset=\"https:\/\/svetslik.si\/wp-content\/uploads\/2021\/09\/Gustav-Klimt-\u2013-Hygiea-reprodukcija-slike-na-platnu-4.jpg 1000w, https:\/\/svetslik.si\/wp-content\/uploads\/2021\/09\/Gustav-Klimt-\u2013-Hygiea-reprodukcija-slike-na-platnu-4-600x963.jpg 600w, https:\/\/svetslik.si\/wp-content\/uploads\/2021\/09\/Gustav-Klimt-\u2013-Hygiea-reprodukcija-slike-na-platnu-4-187x300.jpg 187w, https:\/\/svetslik.si\/wp-content\/uploads\/2021\/09\/Gustav-Klimt-\u2013-Hygiea-reprodukcija-slike-na-platnu-4-638x1024.jpg 638w, https:\/\/svetslik.si\/wp-content\/uploads\/2021\/09\/Gustav-Klimt-\u2013-Hygiea-reprodukcija-slike-na-platnu-4-768x1233.jpg 768w, https:\/\/svetslik.si\/wp-content\/uploads\/2021\/09\/Gustav-Klimt-\u2013-Hygiea-reprodukcija-slike-na-platnu-4-957x1536.jpg 957w, https:\/\/svetslik.si\/wp-content\/uploads\/2021\/09\/Gustav-Klimt-\u2013-Hygiea-reprodukcija-slike-na-platnu-4-93x150.jpg 93w, https:\/\/svetslik.si\/wp-content\/uploads\/2021\/09\/Gustav-Klimt-\u2013-Hygiea-reprodukcija-slike-na-platnu-4-900x1445.jpg 900w\" sizes=\"(max-width: 1000px) 100vw, 1000px\" \/>\t\t\t\t<\/div>\n\t\t\t\t\t\t\t\t\t\t\t<\/div>\n\t<\/div>\n  [\/vc_column][\/vc_row][vc_row css=&#8221;.vc_custom_1735983081203{margin-bottom: 10px !important;}&#8221;][vc_column]\t<div class=\"et-image-492 et-image     et_image_link\">\n\t\t<div class=\"et-image-inner \">\n\t\t\t\t\t\t\t<div class=\"et-image-thumb \">\n\t\t\t\t\t<img decoding=\"async\" width=\"1000\" height=\"762\" src=\"https:\/\/svetslik.si\/wp-content\/uploads\/2021\/09\/Gustav-Klimt-\u2013-Hygiea-reprodukcija-slike-na-platnu3.jpg\" class=\"attachment-full\" alt=\"Gustav Klimt - Hygiea\" title=\"Gustav Klimt - Hygiea\" srcset=\"https:\/\/svetslik.si\/wp-content\/uploads\/2021\/09\/Gustav-Klimt-\u2013-Hygiea-reprodukcija-slike-na-platnu3.jpg 1000w, https:\/\/svetslik.si\/wp-content\/uploads\/2021\/09\/Gustav-Klimt-\u2013-Hygiea-reprodukcija-slike-na-platnu3-600x457.jpg 600w, https:\/\/svetslik.si\/wp-content\/uploads\/2021\/09\/Gustav-Klimt-\u2013-Hygiea-reprodukcija-slike-na-platnu3-300x229.jpg 300w, https:\/\/svetslik.si\/wp-content\/uploads\/2021\/09\/Gustav-Klimt-\u2013-Hygiea-reprodukcija-slike-na-platnu3-768x585.jpg 768w, https:\/\/svetslik.si\/wp-content\/uploads\/2021\/09\/Gustav-Klimt-\u2013-Hygiea-reprodukcija-slike-na-platnu3-150x114.jpg 150w, https:\/\/svetslik.si\/wp-content\/uploads\/2021\/09\/Gustav-Klimt-\u2013-Hygiea-reprodukcija-slike-na-platnu3-900x686.jpg 900w\" sizes=\"(max-width: 1000px) 100vw, 1000px\" \/>\t\t\t\t<\/div>\n\t\t\t\t\t\t\t\t\t\t\t<\/div>\n\t<\/div>\n  [\/vc_column][\/vc_row][vc_row css=&#8221;.vc_custom_1735983081203{margin-bottom: 10px !important;}&#8221;][vc_column]\t<div class=\"et-image-473 et-image     et_image_link\">\n\t\t<div class=\"et-image-inner \">\n\t\t\t\t\t\t\t<div class=\"et-image-thumb \">\n\t\t\t\t\t<img decoding=\"async\" width=\"1000\" height=\"750\" src=\"https:\/\/svetslik.si\/wp-content\/uploads\/2021\/09\/Gustav-Klimt-\u2013-Hygiea-reprodukcija-slike-na-platnu-2.jpg\" class=\"attachment-full\" alt=\"Gustav Klimt - Hygiea\" title=\"Gustav Klimt - Hygiea\" srcset=\"https:\/\/svetslik.si\/wp-content\/uploads\/2021\/09\/Gustav-Klimt-\u2013-Hygiea-reprodukcija-slike-na-platnu-2.jpg 1000w, https:\/\/svetslik.si\/wp-content\/uploads\/2021\/09\/Gustav-Klimt-\u2013-Hygiea-reprodukcija-slike-na-platnu-2-600x450.jpg 600w, https:\/\/svetslik.si\/wp-content\/uploads\/2021\/09\/Gustav-Klimt-\u2013-Hygiea-reprodukcija-slike-na-platnu-2-300x225.jpg 300w, https:\/\/svetslik.si\/wp-content\/uploads\/2021\/09\/Gustav-Klimt-\u2013-Hygiea-reprodukcija-slike-na-platnu-2-768x576.jpg 768w, https:\/\/svetslik.si\/wp-content\/uploads\/2021\/09\/Gustav-Klimt-\u2013-Hygiea-reprodukcija-slike-na-platnu-2-150x113.jpg 150w, https:\/\/svetslik.si\/wp-content\/uploads\/2021\/09\/Gustav-Klimt-\u2013-Hygiea-reprodukcija-slike-na-platnu-2-900x675.jpg 900w\" sizes=\"(max-width: 1000px) 100vw, 1000px\" \/>\t\t\t\t<\/div>\n\t\t\t\t\t\t\t\t\t\t\t<\/div>\n\t<\/div>\n  [\/vc_column][\/vc_row][vc_row][vc_column][vc_column_text]\n<h1>Gustav Klimt &#8211; Hygiea<\/h1>\n<p>&nbsp;<\/p>\n<table id=\"slikainfo\" border=\"0\" width=\"96%\" cellspacing=\"0\" cellpadding=\"2\">\n<tbody>\n<tr>\n<td width=\"120\">Godina nastanka:<\/td>\n<td>1897-1898<\/td>\n<\/tr>\n<tr>\n<td>Izvorna veli\u010dina:<\/td>\n<td>55 cm x 72 cm<\/td>\n<\/tr>\n<tr>\n<td>Stil slikanja:<\/td>\n<td>Secesija<\/td>\n<\/tr>\n<tr>\n<td>Izvorna tehnika:<\/td>\n<td>Ulje na platnu<\/td>\n<\/tr>\n<tr>\n<td>Nalazi se:<\/td>\n<td>Izvornik je uni\u0161ten 1945<\/td>\n<\/tr>\n<\/tbody>\n<\/table>\n<p>Ulje na platnu <em>Hygieaje<\/em> detalj ve\u0107eg djela <em>Medicina.<\/em> Na desnoj strani originalne slike slikar je prikazao kolonu nagih figura koje predstavljaju rijeku \u017eivota. Uz ovaj stup stoji mlada naga \u017eena koja lebdi nad novoro\u0111en\u010detom \u2013 \u017eivotom. Kostur u rijeci \u017eivota predstavlja smrt. Jedina poveznica izme\u0111u plutaju\u0107e \u017eene i rijeke tijela su \u017eenska i mu\u0161ka ruka u pozadini. U dnu slike, Hygiea stoji sa zmijom oko jedne ruke i vremenom s vodom iz rijeke L\u00e9te (rijeka zaborava) u drugoj ruci, okre\u0107u\u0107i se od \u010dovje\u010danstva. Ulje na platnu <em>Medicine<\/em> bilo je jedno od tri djela koja su trebala krasiti strop velike dvorane Be\u010dkog sveu\u010dili\u0161ta.Slika &#8220;Hygiea&#8221; Gustava Klimta remek-djelo je secesije i jedno od najpoznatijih i najprepoznatljivijih djela austrijskog slikara. Slika je prikaz Higije, gr\u010dke bo\u017eice zdravlja, \u010disto\u0107e i higijene i k\u0107eri boga medicine Asklepija.&#8221;Hygiea&#8221; je ulje na platnu. Prikazuje lijepu \u017eenu koja sjedi na prijestolju, dr\u017ei zmiju i okru\u017eena je raznim predmetima vezanim uz zdravlje, \u010disto\u0107u i higijenu. Sliku karakterizira hrabra upotreba borbe i jedinstven osje\u0107aj pokreta i emocija. \u017denska je naslikana u smanjenim bijelim, zlatnim i srebrnim bojama, ozlije\u0111ena u smanjenim modrim i vijoli\u010dnim bojama, \u0161to daje sli\u010dan osje\u0107aj dubine i gibanja. Ova slika tako\u0111er sadr\u017ei kori\u0161tenje zlatnih listi\u0107a, koje je Klimt koristio u mnogim svojim djelima.Slika je prikaz Higije, gr\u010dke bo\u017eice zdravlja, \u010disto\u0107e i higijene. U gr\u010dkoj mitologiji, Hygiea je bila k\u0107i boga medicine Asklepija i bila je odgovorna za sprje\u010davanje bolesti i promicanje zdravlja. \u010cesto se povezuje sa zmijom, simbolom ozdravljenja i obnove. Predmeti koji je okru\u017euju povezani su sa zdravljem, \u010disto\u0107om i higijenom, poput vr\u010da vode, zdjele vo\u0107a i ogledala. Pozadina sa zamr\u0161enim geometrijskim uzorcima predstavlja sklad i red u svemiru. Slika budi osje\u0107aje ljepote, zdravlja i \u010disto\u0107e koji su karakteristi\u010dni za Klimtovu umjetnost.Klimtova slika &#8220;Hygiea&#8221; remek-djelo je pokreta secesije i smatra se jednim od umjetnikovih najzna\u010dajnijih djela. Prikaz je Higije, gr\u010dke bo\u017eice zdravlja, \u010disto\u0107e i higijene, te simbol va\u017enosti brige o zdravlju. Slika je ono \u0161to ljubitelji umjetnosti moraju vidjeti i izvrstan je dodatak svakoj kolekciji umjetnina.Ukratko, slika &#8220;Hygiea&#8221; Gustava Klimta remek-djelo je secesije i jedno od najpoznatijih i najprepoznatljivijih djela austrijskog slikara. Prikaz je Higije, gr\u010dke bo\u017eice zdravlja, \u010disto\u0107e i higijene, te simbol va\u017enosti brige o zdravlju. Slika budi osje\u0107aje ljepote, zdravlja i \u010disto\u0107e, \u0161to je \u010dini sna\u017enim i poticajnim djelom. Kori\u0161tenje zlatnih listi\u0107a i zamr\u0161enih geometrijskih uzoraka u pozadini dodaju jedinstven i upe\u010datljiv element slici, \u010dine\u0107i sliku istinski istaknutom. Slikanje je izvrstan na\u010din dodavanja da\u0161ka ljepote, zdravlja i \u010disto\u0107e svakom prostoru, \u0161to ga \u010dini izvrsnim dodatkom bilo kojoj kolekciji umjetnina.<\/p>\n<\/div>","protected":false},"excerpt":{"rendered":"<p>[vc_row css=&#8221;.vc_custom_1735983081203{margin-bottom: 10px !important;}&#8221;][vc_column][\/vc_column][\/vc_row][vc_row css=&#8221;.vc_custom_1735983081203{margin-bottom: 10px !important;}&#8221;][vc_column][\/vc_column][\/vc_row][vc_row css=&#8221;.vc_custom_1735983081203{margin-bottom: 10px !important;}&#8221;][vc_column][\/vc_column][\/vc_row][vc_row css=&#8221;.vc_custom_1735983081203{margin-bottom: 10px !important;}&#8221;][vc_column][\/vc_column][\/vc_row][vc_row css=&#8221;.vc_custom_1735983081203{margin-bottom: 10px !important;}&#8221;][vc_column][\/vc_column][\/vc_row][vc_row][vc_column][vc_column_text] Gustav Klimt &#8211; Hygiea &nbsp; Godina nastanka: 1897-1898 Izvorna veli\u010dina: 55 cm x 72 cm Stil slikanja: Secesija Izvorna tehnika: Ulje na platnu Nalazi se: Izvornik je uni\u0161ten 1945 Ulje na platnu Hygieaje detalj [&hellip;]<\/p>\n","protected":false},"featured_media":20323,"template":"","meta":{"_acf_changed":false},"product_brand":[],"product_cat":[3374],"product_tag":[3402,4068,4069,4070,4071],"class_list":{"0":"post-23394","1":"product","2":"type-product","3":"status-publish","4":"has-post-thumbnail","6":"product_cat-gustav-klimt","7":"product_tag-gustav-klimt-hr","8":"product_tag-klimt-hr","9":"product_tag-reprodukcija-hr","10":"product_tag-reprodukcije-hr","11":"product_tag-slikar-hr","12":"pa_dimenzija-100-x-150-cm","13":"pa_dimenzija-40-x-60-cm","14":"pa_dimenzija-50-x-60-cm","15":"pa_dimenzija-50-x-70-cm","16":"pa_dimenzija-60-x-90-cm","17":"pa_dimenzija-70-x-100-cm","18":"pa_dimenzija-80-x-120-cm","19":"pa_oblika-okomito","20":"pa_okvir-bez-okvira","21":"pa_podokvir-bez-podokvira","22":"pa_podokvir-sa-podokvirom","24":"first","25":"onbackorder","26":"purchasable","27":"product-type-variable","28":"has-default-attributes"},"acf":[],"yoast_head":"<!-- This site is optimized with the Yoast SEO Premium plugin v26.0 (Yoast SEO v27.2) - https:\/\/yoast.com\/product\/yoast-seo-premium-wordpress\/ -->\n<title>Gustav Klimt - Hygiea - SVETSLIK.SI - 100% ru\u010dno naslikano<\/title>\n<meta name=\"description\" content=\"Gustav Klimt - Hygiea - 100% ru\u010dno naslikane reprodukcije slika na platnu. Uokvirivanje slika, prodaja i izrada slika u dimenzijama po narud\u017ebi.\" \/>\n<meta name=\"robots\" content=\"index, follow, max-snippet:-1, max-image-preview:large, max-video-preview:-1\" \/>\n<link rel=\"canonical\" href=\"https:\/\/svetslik.si\/hr\/gustav-klimt\/hygiea\/\" \/>\n<meta property=\"og:locale\" content=\"hr_HR\" \/>\n<meta property=\"og:type\" content=\"article\" \/>\n<meta property=\"og:title\" content=\"Gustav Klimt - Hygiea\" \/>\n<meta property=\"og:description\" content=\"100% ro\u010dno naslikane slike na platnu, reprodukcije znanih slikarjev in umetni\u0161ke slike po naro\u010dilu.\" \/>\n<meta property=\"og:url\" content=\"https:\/\/svetslik.si\/hr\/gustav-klimt\/hygiea\/\" \/>\n<meta property=\"og:site_name\" content=\"SVETSLIK.SI\" \/>\n<meta property=\"article:publisher\" content=\"https:\/\/www.facebook.com\/svetslik.si\" \/>\n<meta property=\"article:modified_time\" content=\"2025-01-04T09:33:57+00:00\" \/>\n<meta property=\"og:image\" content=\"https:\/\/svetslik.si\/wp-content\/uploads\/2021\/08\/image_Hygiea-Gustav-Klimt_680-scaled.jpg\" \/>\n\t<meta property=\"og:image:width\" content=\"1772\" \/>\n\t<meta property=\"og:image:height\" content=\"2560\" \/>\n\t<meta property=\"og:image:type\" content=\"image\/jpeg\" \/>\n<meta name=\"twitter:card\" content=\"summary_large_image\" \/>\n<meta name=\"twitter:site\" content=\"@svetslik\" \/>\n<meta name=\"twitter:label1\" content=\"Availability\" \/>\n\t<meta name=\"twitter:data1\" content=\"On backorder\" \/>\n<script type=\"application\/ld+json\" class=\"yoast-schema-graph\">{\"@context\":\"https:\/\/schema.org\",\"@graph\":[{\"@type\":[\"WebPage\",\"ItemPage\"],\"@id\":\"https:\/\/svetslik.si\/hr\/gustav-klimt\/hygiea\/\",\"url\":\"https:\/\/svetslik.si\/hr\/gustav-klimt\/hygiea\/\",\"name\":\"Gustav Klimt - Hygiea - SVETSLIK.SI - 100% ru\u010dno naslikano\",\"isPartOf\":{\"@id\":\"https:\/\/svetslik.si\/hr\/#website\"},\"primaryImageOfPage\":{\"@id\":\"https:\/\/svetslik.si\/hr\/gustav-klimt\/hygiea\/#primaryimage\"},\"image\":{\"@id\":\"https:\/\/svetslik.si\/hr\/gustav-klimt\/hygiea\/#primaryimage\"},\"thumbnailUrl\":\"https:\/\/svetslik.si\/wp-content\/uploads\/2021\/08\/image_Hygiea-Gustav-Klimt_680-scaled.jpg\",\"datePublished\":\"2021-09-02T15:42:01+00:00\",\"dateModified\":\"2025-01-04T09:33:57+00:00\",\"description\":\"Gustav Klimt - Hygiea - 100% ru\u010dno naslikane reprodukcije slika na platnu. Uokvirivanje slika, prodaja i izrada slika u dimenzijama po narud\u017ebi.\",\"breadcrumb\":{\"@id\":\"https:\/\/svetslik.si\/hr\/gustav-klimt\/hygiea\/#breadcrumb\"},\"inLanguage\":\"hr\",\"potentialAction\":[{\"@type\":\"ReadAction\",\"target\":[\"https:\/\/svetslik.si\/hr\/gustav-klimt\/hygiea\/\"]}]},{\"@type\":\"ImageObject\",\"inLanguage\":\"hr\",\"@id\":\"https:\/\/svetslik.si\/hr\/gustav-klimt\/hygiea\/#primaryimage\",\"url\":\"https:\/\/svetslik.si\/wp-content\/uploads\/2021\/08\/image_Hygiea-Gustav-Klimt_680-scaled.jpg\",\"contentUrl\":\"https:\/\/svetslik.si\/wp-content\/uploads\/2021\/08\/image_Hygiea-Gustav-Klimt_680-scaled.jpg\",\"width\":1772,\"height\":2560,\"caption\":\"Zidne slike na platnu - Gustav Klimt - Hygiea - Ru\u010dno slikane slike, reprodukcije slika poznatih slikara, ulje na platnu, uljne slike, moderne zidne slike, umjetni\u010dke slike za na zid, ambijentalne, apstraktne, dekorativne zidne slike\"},{\"@type\":\"BreadcrumbList\",\"@id\":\"https:\/\/svetslik.si\/hr\/gustav-klimt\/hygiea\/#breadcrumb\",\"itemListElement\":[{\"@type\":\"ListItem\",\"position\":1,\"name\":\"Umjetni\u010dke zidne slike na platnu\",\"item\":\"https:\/\/svetslik.si\/hr\/\"},{\"@type\":\"ListItem\",\"position\":2,\"name\":\"Prodaja slika\",\"item\":\"https:\/\/svetslik.si\/prodaja-slik\/\"},{\"@type\":\"ListItem\",\"position\":3,\"name\":\"Gustav Klimt &#8211; Hygiea\"}]},{\"@type\":\"WebSite\",\"@id\":\"https:\/\/svetslik.si\/hr\/#website\",\"url\":\"https:\/\/svetslik.si\/hr\/\",\"name\":\"SVETSLIK.SI\",\"description\":\"100% ru\u010dno naslikane reprodukcije slika poznatih slikara in umjetni\u010dke zidne slike na platnu.\",\"publisher\":{\"@id\":\"https:\/\/svetslik.si\/hr\/#organization\"},\"potentialAction\":[{\"@type\":\"SearchAction\",\"target\":{\"@type\":\"EntryPoint\",\"urlTemplate\":\"https:\/\/svetslik.si\/hr\/?s={search_term_string}\"},\"query-input\":{\"@type\":\"PropertyValueSpecification\",\"valueRequired\":true,\"valueName\":\"search_term_string\"}}],\"inLanguage\":\"hr\"},{\"@type\":\"Organization\",\"@id\":\"https:\/\/svetslik.si\/hr\/#organization\",\"name\":\"SvetSlik.si\",\"url\":\"https:\/\/svetslik.si\/hr\/\",\"logo\":{\"@type\":\"ImageObject\",\"inLanguage\":\"hr\",\"@id\":\"https:\/\/svetslik.si\/hr\/#\/schema\/logo\/image\/\",\"url\":\"https:\/\/svetslik.si\/wp-content\/uploads\/2020\/12\/logo-512.png\",\"contentUrl\":\"https:\/\/svetslik.si\/wp-content\/uploads\/2020\/12\/logo-512.png\",\"width\":512,\"height\":512,\"caption\":\"SvetSlik.si\"},\"image\":{\"@id\":\"https:\/\/svetslik.si\/hr\/#\/schema\/logo\/image\/\"},\"sameAs\":[\"https:\/\/www.facebook.com\/svetslik.si\",\"https:\/\/x.com\/svetslik\",\"https:\/\/www.instagram.com\/svetslik.si\/\",\"https:\/\/www.linkedin.com\/company\/svetslik-si\"]}]}<\/script>\n<meta property=\"og:availability\" content=\"backorder\" \/>\n<meta property=\"product:availability\" content=\"available for order\" \/>\n<meta property=\"product:retailer_item_id\" content=\"25__\" \/>\n<meta property=\"product:condition\" content=\"new\" \/>\n<!-- \/ Yoast SEO Premium plugin. -->","yoast_head_json":{"title":"Gustav Klimt - Hygiea - SVETSLIK.SI - 100% ru\u010dno naslikano","description":"Gustav Klimt - Hygiea - 100% ru\u010dno naslikane reprodukcije slika na platnu. Uokvirivanje slika, prodaja i izrada slika u dimenzijama po narud\u017ebi.","robots":{"index":"index","follow":"follow","max-snippet":"max-snippet:-1","max-image-preview":"max-image-preview:large","max-video-preview":"max-video-preview:-1"},"canonical":"https:\/\/svetslik.si\/hr\/gustav-klimt\/hygiea\/","og_locale":"hr_HR","og_type":"article","og_title":"Gustav Klimt - Hygiea","og_description":"100% ro\u010dno naslikane slike na platnu, reprodukcije znanih slikarjev in umetni\u0161ke slike po naro\u010dilu.","og_url":"https:\/\/svetslik.si\/hr\/gustav-klimt\/hygiea\/","og_site_name":"SVETSLIK.SI","article_publisher":"https:\/\/www.facebook.com\/svetslik.si","article_modified_time":"2025-01-04T09:33:57+00:00","og_image":[{"width":1772,"height":2560,"url":"https:\/\/svetslik.si\/wp-content\/uploads\/2021\/08\/image_Hygiea-Gustav-Klimt_680-scaled.jpg","type":"image\/jpeg"}],"twitter_card":"summary_large_image","twitter_site":"@svetslik","twitter_misc":{"Availability":"On backorder"},"schema":{"@context":"https:\/\/schema.org","@graph":[{"@type":["WebPage","ItemPage"],"@id":"https:\/\/svetslik.si\/hr\/gustav-klimt\/hygiea\/","url":"https:\/\/svetslik.si\/hr\/gustav-klimt\/hygiea\/","name":"Gustav Klimt - Hygiea - SVETSLIK.SI - 100% ru\u010dno naslikano","isPartOf":{"@id":"https:\/\/svetslik.si\/hr\/#website"},"primaryImageOfPage":{"@id":"https:\/\/svetslik.si\/hr\/gustav-klimt\/hygiea\/#primaryimage"},"image":{"@id":"https:\/\/svetslik.si\/hr\/gustav-klimt\/hygiea\/#primaryimage"},"thumbnailUrl":"https:\/\/svetslik.si\/wp-content\/uploads\/2021\/08\/image_Hygiea-Gustav-Klimt_680-scaled.jpg","datePublished":"2021-09-02T15:42:01+00:00","dateModified":"2025-01-04T09:33:57+00:00","description":"Gustav Klimt - Hygiea - 100% ru\u010dno naslikane reprodukcije slika na platnu. Uokvirivanje slika, prodaja i izrada slika u dimenzijama po narud\u017ebi.","breadcrumb":{"@id":"https:\/\/svetslik.si\/hr\/gustav-klimt\/hygiea\/#breadcrumb"},"inLanguage":"hr","potentialAction":[{"@type":"ReadAction","target":["https:\/\/svetslik.si\/hr\/gustav-klimt\/hygiea\/"]}]},{"@type":"ImageObject","inLanguage":"hr","@id":"https:\/\/svetslik.si\/hr\/gustav-klimt\/hygiea\/#primaryimage","url":"https:\/\/svetslik.si\/wp-content\/uploads\/2021\/08\/image_Hygiea-Gustav-Klimt_680-scaled.jpg","contentUrl":"https:\/\/svetslik.si\/wp-content\/uploads\/2021\/08\/image_Hygiea-Gustav-Klimt_680-scaled.jpg","width":1772,"height":2560,"caption":"Zidne slike na platnu - Gustav Klimt - Hygiea - Ru\u010dno slikane slike, reprodukcije slika poznatih slikara, ulje na platnu, uljne slike, moderne zidne slike, umjetni\u010dke slike za na zid, ambijentalne, apstraktne, dekorativne zidne slike"},{"@type":"BreadcrumbList","@id":"https:\/\/svetslik.si\/hr\/gustav-klimt\/hygiea\/#breadcrumb","itemListElement":[{"@type":"ListItem","position":1,"name":"Umjetni\u010dke zidne slike na platnu","item":"https:\/\/svetslik.si\/hr\/"},{"@type":"ListItem","position":2,"name":"Prodaja slika","item":"https:\/\/svetslik.si\/prodaja-slik\/"},{"@type":"ListItem","position":3,"name":"Gustav Klimt &#8211; Hygiea"}]},{"@type":"WebSite","@id":"https:\/\/svetslik.si\/hr\/#website","url":"https:\/\/svetslik.si\/hr\/","name":"SVETSLIK.SI","description":"100% ru\u010dno naslikane reprodukcije slika poznatih slikara in umjetni\u010dke zidne slike na platnu.","publisher":{"@id":"https:\/\/svetslik.si\/hr\/#organization"},"potentialAction":[{"@type":"SearchAction","target":{"@type":"EntryPoint","urlTemplate":"https:\/\/svetslik.si\/hr\/?s={search_term_string}"},"query-input":{"@type":"PropertyValueSpecification","valueRequired":true,"valueName":"search_term_string"}}],"inLanguage":"hr"},{"@type":"Organization","@id":"https:\/\/svetslik.si\/hr\/#organization","name":"SvetSlik.si","url":"https:\/\/svetslik.si\/hr\/","logo":{"@type":"ImageObject","inLanguage":"hr","@id":"https:\/\/svetslik.si\/hr\/#\/schema\/logo\/image\/","url":"https:\/\/svetslik.si\/wp-content\/uploads\/2020\/12\/logo-512.png","contentUrl":"https:\/\/svetslik.si\/wp-content\/uploads\/2020\/12\/logo-512.png","width":512,"height":512,"caption":"SvetSlik.si"},"image":{"@id":"https:\/\/svetslik.si\/hr\/#\/schema\/logo\/image\/"},"sameAs":["https:\/\/www.facebook.com\/svetslik.si","https:\/\/x.com\/svetslik","https:\/\/www.instagram.com\/svetslik.si\/","https:\/\/www.linkedin.com\/company\/svetslik-si"]}]},"og_availability":"backorder","product_availability":"available for order","product_retailer_item_id":"25__","product_condition":"new"},"jetpack_sharing_enabled":true,"_links":{"self":[{"href":"https:\/\/svetslik.si\/hr\/wp-json\/wp\/v2\/product\/23394","targetHints":{"allow":["GET"]}}],"collection":[{"href":"https:\/\/svetslik.si\/hr\/wp-json\/wp\/v2\/product"}],"about":[{"href":"https:\/\/svetslik.si\/hr\/wp-json\/wp\/v2\/types\/product"}],"wp:featuredmedia":[{"embeddable":true,"href":"https:\/\/svetslik.si\/hr\/wp-json\/wp\/v2\/media\/20323"}],"wp:attachment":[{"href":"https:\/\/svetslik.si\/hr\/wp-json\/wp\/v2\/media?parent=23394"}],"wp:term":[{"taxonomy":"product_brand","embeddable":true,"href":"https:\/\/svetslik.si\/hr\/wp-json\/wp\/v2\/product_brand?post=23394"},{"taxonomy":"product_cat","embeddable":true,"href":"https:\/\/svetslik.si\/hr\/wp-json\/wp\/v2\/product_cat?post=23394"},{"taxonomy":"product_tag","embeddable":true,"href":"https:\/\/svetslik.si\/hr\/wp-json\/wp\/v2\/product_tag?post=23394"}],"curies":[{"name":"wp","href":"https:\/\/api.w.org\/{rel}","templated":true}]}}