{"id":23410,"date":"2021-09-02T17:41:58","date_gmt":"2021-09-02T15:41:58","guid":{"rendered":"https:\/\/svetslik.si\/nekategorizirano\/gustav-klimt-danae\/"},"modified":"2024-07-04T15:50:55","modified_gmt":"2024-07-04T13:50:55","slug":"danae","status":"publish","type":"product","link":"https:\/\/svetslik.si\/hr\/gustav-klimt\/danae\/","title":{"rendered":"Gustav Klimt &#8211; Danae"},"content":{"rendered":"<h1>Gustav Klimt &#8211; Danae<\/h1>\n<p>&nbsp;<\/p>\n<table id=\"imageinfo\" border=\"0\" width=\"96%\" cellspacing=\"0\" cellpadding=\"2\">\n<tbody>\n<tr>\n<td width=\"120\">Godina stvaranja:<\/td>\n<td>1907-1908<\/td>\n<\/tr>\n<tr>\n<td>Izvorna veli\u010dina:<\/td>\n<td>77 x 83 cm<\/td>\n<\/tr>\n<tr>\n<td>Stil bojanja:<\/td>\n<td>Secesija<\/td>\n<\/tr>\n<tr>\n<td>Izvorna tehnika:<\/td>\n<td>Ulje na platnu<\/td>\n<\/tr>\n<tr>\n<td>Lokacija:<\/td>\n<td>Nacionalna galerija moderne umjetnosti (GNAM), Rim<\/td>\n<\/tr>\n<\/tbody>\n<\/table>\n<p>Danaja je bila legendarna princeza Argosa. Zbog proro\u010danstva da \u0107e ga unuk ubiti, njezin otac Akrisije ih je zatvorio u bron\u010danu podzemnu tamnicu, daleko od mu\u0161kih prosaca. Zeus, koji je volio Danaju, stigao je do princeze kroz palubu u obliku zlatne ki\u0161e. Zlatna ki\u0161a pala je Danaji u krilo i ona je zatrudnjela i rodila sina. Kad je Akrisije saznao za svoju unuku, zatvorio je nju i dijete u \u0161krinju i ostavio ih moru. Danaja i njen sin Perzej su se spasili na mjestu.U svom senzualnom portretu <em>Danae<\/em>, Klimt prikazuje zato\u010denu princezu u ljubavnom zagrljaju sa Zeusom. Kao iu legendi, Zeus je prikazan kao amorfna ki\u0161a zlata.Slika Danaja Gustava Klimta remek-djelo je secesije i jedno je od najpoznatijih i najprepoznatljivijih djela austrijskog slikara. Slika je prikaz gr\u010dkog mita o Danaji, smrtnoj \u017eeni koju je Zeus oplodio u obliku zlatne ki\u0161e.\u201eDanae je ulje na platnu dimenzija cca 150cm x 150cm. Prikazuje Danaju, prelijepu \u017eenu kako le\u017ei na kau\u010du okru\u017eena zlatnom ki\u0161om. Sliku karakterizira hrabra upotreba borbe i jedinstven osje\u0107aj pokreta i emocija. \u017dena je naslikana u nijansama zlatne i bijele, dok je pozadina u nijansama plave i ljubi\u010daste, \u0161to slici daje osje\u0107aj dubine i pokreta. Ova slika tako\u0111er sadr\u017ei kori\u0161tenje zlatnih listi\u0107a, koje je Klimt koristio u mnogim svojim djelima.Slika je prikaz gr\u010dkog mita o Danaji, smrtnoj \u017eeni koju je Zeus oplodio u obliku zlatne ki\u0161e. U mitu je njezin otac, kralj Akrisije, zato\u010dio Danaju u \u0161pilji kako ne bi rodila sina koji bi ispunio proro\u010danstvo da \u0107e Akriziju ubiti njegov unuk. Me\u0111utim, Zeus joj je do\u0161ao u obliku zlatne ki\u0161e i oplodio je. Zlatna ki\u0161a na slici predstavlja posjet Boga i ro\u0111enog djeteta, Perzeja. Pozadina sa zamr\u0161enim geometrijskim uzorcima predstavlja sklad i red u svemiru. Slika evocira osje\u0107aje ljepote, senzualnosti i bo\u017eanstvenosti koji su karakteristi\u010dni za Klimtovu umjetnost.Klimtova slika &#8220;Danae&#8221; remek je djelo secesije i smatra se jednim od najzna\u010dajnijih umjetnikovih djela. Ovo je prikaz gr\u010dkog mita o Danaji, smrtnoj \u017eeni koju je Zeus oplodio u obliku zlatne ki\u0161e i simbol je snage ljubavi i po\u017eude. Slika je ono \u0161to ljubitelji umjetnosti moraju vidjeti i izvrstan je dodatak svakoj kolekciji umjetnina.Ukratko, slika &#8220;Danae&#8221; Gustava Klimta remek je djelo secesije i jedno od najpoznatijih i najprepoznatljivijih djela austrijskog slikara. Ovo je prikaz gr\u010dkog mita o Danaji, smrtnoj \u017eeni koju je Zeus oplodio u obliku zlatne ki\u0161e i simbol je snage ljubavi i po\u017eude. Slika budi osje\u0107aje ljepote, senzualnosti i bo\u017eanstvenosti, \u0161to je \u010dini sna\u017enim i poticajnim djelom. Kori\u0161tenje zlatnih listi\u0107a i zamr\u0161enih geometrijskih uzoraka u pozadini dodaju jedinstven i upe\u010datljiv element slici, \u010dine\u0107i sliku istinski istaknutom. Slikarstvo je izvrstan na\u010din dodavanja da\u0161ka ljepote, senzualnosti i bo\u017eanstvenosti svakoj prostoriji, \u0161to ga \u010dini izvrsnim dodatkom bilo kojoj kolekciji umjetnina.<\/p>\n","protected":false},"excerpt":{"rendered":"<p>Gustav Klimt &#8211; Danae &nbsp; Godina stvaranja: 1907-1908 Izvorna veli\u010dina: 77 x 83 cm Stil bojanja: Secesija Izvorna tehnika: Ulje na platnu Lokacija: Nacionalna galerija moderne umjetnosti (GNAM), Rim Danaja je bila legendarna princeza Argosa. Zbog proro\u010danstva da \u0107e ga unuk ubiti, njezin otac Akrisije ih je zatvorio u bron\u010danu [&hellip;]<\/p>\n","protected":false},"featured_media":21029,"template":"","meta":{"_acf_changed":false},"product_brand":[],"product_cat":[3374],"product_tag":[3402,4068,4069,4070,4071],"class_list":{"0":"post-23410","1":"product","2":"type-product","3":"status-publish","4":"has-post-thumbnail","6":"product_cat-gustav-klimt","7":"product_tag-gustav-klimt-hr","8":"product_tag-klimt-hr","9":"product_tag-reprodukcija-hr","10":"product_tag-reprodukcije-hr","11":"product_tag-slikar-hr","12":"pa_dimenzija-100-x-100-cm-hr","13":"pa_dimenzija-120-x-120-cm-hr","14":"pa_dimenzija-150-x-150-cm-hr","15":"pa_dimenzija-50-x-50-cm-hr","16":"pa_dimenzija-60-x-60-cm-hr","17":"pa_dimenzija-80-x-80-cm-hr","18":"pa_dimenzija-83-x-77-cm-hr","19":"pa_dimenzija-90-x-90-cm-hr","20":"pa_oblika-kvadrat-hr-2","21":"pa_okvir-bez-okvira","22":"pa_podokvir-bez-podokvira","23":"pa_podokvir-sa-podokvirom","25":"first","26":"onbackorder","27":"purchasable","28":"product-type-variable","29":"has-default-attributes"},"acf":[],"yoast_head":"<!-- This site is optimized with the Yoast SEO Premium plugin v26.0 (Yoast SEO v27.2) - https:\/\/yoast.com\/product\/yoast-seo-premium-wordpress\/ -->\n<title>Gustav Klimt - Danae - SVETSLIK.SI - 100% ru\u010dno naslikano<\/title>\n<meta name=\"description\" content=\"Gustav Klimt - Danae - 100% ru\u010dno naslikane reprodukcije slika na platnu. Uokvirivanje slika, prodaja i izrada slika u dimenzijama po narud\u017ebi.\" \/>\n<meta name=\"robots\" content=\"index, follow, max-snippet:-1, max-image-preview:large, max-video-preview:-1\" \/>\n<link rel=\"canonical\" href=\"https:\/\/svetslik.si\/hr\/gustav-klimt\/danae\/\" \/>\n<meta property=\"og:locale\" content=\"hr_HR\" \/>\n<meta property=\"og:type\" content=\"article\" \/>\n<meta property=\"og:title\" content=\"Gustav Klimt - Danae\" \/>\n<meta property=\"og:description\" content=\"100% ro\u010dno naslikane slike na platnu, reprodukcije znanih slikarjev in umetni\u0161ke slike po naro\u010dilu.\" \/>\n<meta property=\"og:url\" content=\"https:\/\/svetslik.si\/hr\/gustav-klimt\/danae\/\" \/>\n<meta property=\"og:site_name\" content=\"SVETSLIK.SI\" \/>\n<meta property=\"article:publisher\" content=\"https:\/\/www.facebook.com\/svetslik.si\" \/>\n<meta property=\"article:modified_time\" content=\"2024-07-04T13:50:55+00:00\" \/>\n<meta property=\"og:image\" content=\"https:\/\/svetslik.si\/wp-content\/uploads\/2021\/09\/image_Danae-Gustav-Klimt_680.jpg\" \/>\n\t<meta property=\"og:image:width\" content=\"2024\" \/>\n\t<meta property=\"og:image:height\" content=\"1960\" \/>\n\t<meta property=\"og:image:type\" content=\"image\/jpeg\" \/>\n<meta name=\"twitter:card\" content=\"summary_large_image\" \/>\n<meta name=\"twitter:site\" content=\"@svetslik\" \/>\n<meta name=\"twitter:label1\" content=\"Availability\" \/>\n\t<meta name=\"twitter:data1\" content=\"On backorder\" \/>\n<script type=\"application\/ld+json\" class=\"yoast-schema-graph\">{\"@context\":\"https:\/\/schema.org\",\"@graph\":[{\"@type\":[\"WebPage\",\"ItemPage\"],\"@id\":\"https:\/\/svetslik.si\/hr\/gustav-klimt\/danae\/\",\"url\":\"https:\/\/svetslik.si\/hr\/gustav-klimt\/danae\/\",\"name\":\"Gustav Klimt - Danae - SVETSLIK.SI - 100% ru\u010dno naslikano\",\"isPartOf\":{\"@id\":\"https:\/\/svetslik.si\/hr\/#website\"},\"primaryImageOfPage\":{\"@id\":\"https:\/\/svetslik.si\/hr\/gustav-klimt\/danae\/#primaryimage\"},\"image\":{\"@id\":\"https:\/\/svetslik.si\/hr\/gustav-klimt\/danae\/#primaryimage\"},\"thumbnailUrl\":\"https:\/\/svetslik.si\/wp-content\/uploads\/2021\/09\/image_Danae-Gustav-Klimt_680.jpg\",\"datePublished\":\"2021-09-02T15:41:58+00:00\",\"dateModified\":\"2024-07-04T13:50:55+00:00\",\"description\":\"Gustav Klimt - Danae - 100% ru\u010dno naslikane reprodukcije slika na platnu. Uokvirivanje slika, prodaja i izrada slika u dimenzijama po narud\u017ebi.\",\"breadcrumb\":{\"@id\":\"https:\/\/svetslik.si\/hr\/gustav-klimt\/danae\/#breadcrumb\"},\"inLanguage\":\"hr\",\"potentialAction\":[{\"@type\":\"ReadAction\",\"target\":[\"https:\/\/svetslik.si\/hr\/gustav-klimt\/danae\/\"]}]},{\"@type\":\"ImageObject\",\"inLanguage\":\"hr\",\"@id\":\"https:\/\/svetslik.si\/hr\/gustav-klimt\/danae\/#primaryimage\",\"url\":\"https:\/\/svetslik.si\/wp-content\/uploads\/2021\/09\/image_Danae-Gustav-Klimt_680.jpg\",\"contentUrl\":\"https:\/\/svetslik.si\/wp-content\/uploads\/2021\/09\/image_Danae-Gustav-Klimt_680.jpg\",\"width\":2024,\"height\":1960,\"caption\":\"Danae Gustav Klimt - Reprodukcije poznatih slikara, moderne zidne slike, umjetni\u010dke slike za zid\"},{\"@type\":\"BreadcrumbList\",\"@id\":\"https:\/\/svetslik.si\/hr\/gustav-klimt\/danae\/#breadcrumb\",\"itemListElement\":[{\"@type\":\"ListItem\",\"position\":1,\"name\":\"Umjetni\u010dke zidne slike na platnu\",\"item\":\"https:\/\/svetslik.si\/hr\/\"},{\"@type\":\"ListItem\",\"position\":2,\"name\":\"Prodaja slika\",\"item\":\"https:\/\/svetslik.si\/prodaja-slik\/\"},{\"@type\":\"ListItem\",\"position\":3,\"name\":\"Gustav Klimt &#8211; Danae\"}]},{\"@type\":\"WebSite\",\"@id\":\"https:\/\/svetslik.si\/hr\/#website\",\"url\":\"https:\/\/svetslik.si\/hr\/\",\"name\":\"SVETSLIK.SI\",\"description\":\"100% ru\u010dno naslikane reprodukcije slika poznatih slikara in umjetni\u010dke zidne slike na platnu.\",\"publisher\":{\"@id\":\"https:\/\/svetslik.si\/hr\/#organization\"},\"potentialAction\":[{\"@type\":\"SearchAction\",\"target\":{\"@type\":\"EntryPoint\",\"urlTemplate\":\"https:\/\/svetslik.si\/hr\/?s={search_term_string}\"},\"query-input\":{\"@type\":\"PropertyValueSpecification\",\"valueRequired\":true,\"valueName\":\"search_term_string\"}}],\"inLanguage\":\"hr\"},{\"@type\":\"Organization\",\"@id\":\"https:\/\/svetslik.si\/hr\/#organization\",\"name\":\"SvetSlik.si\",\"url\":\"https:\/\/svetslik.si\/hr\/\",\"logo\":{\"@type\":\"ImageObject\",\"inLanguage\":\"hr\",\"@id\":\"https:\/\/svetslik.si\/hr\/#\/schema\/logo\/image\/\",\"url\":\"https:\/\/svetslik.si\/wp-content\/uploads\/2020\/12\/logo-512.png\",\"contentUrl\":\"https:\/\/svetslik.si\/wp-content\/uploads\/2020\/12\/logo-512.png\",\"width\":512,\"height\":512,\"caption\":\"SvetSlik.si\"},\"image\":{\"@id\":\"https:\/\/svetslik.si\/hr\/#\/schema\/logo\/image\/\"},\"sameAs\":[\"https:\/\/www.facebook.com\/svetslik.si\",\"https:\/\/x.com\/svetslik\",\"https:\/\/www.instagram.com\/svetslik.si\/\",\"https:\/\/www.linkedin.com\/company\/svetslik-si\"]}]}<\/script>\n<meta property=\"og:availability\" content=\"backorder\" \/>\n<meta property=\"product:availability\" content=\"available for order\" \/>\n<meta property=\"product:retailer_item_id\" content=\"23__\" \/>\n<meta property=\"product:condition\" content=\"new\" \/>\n<!-- \/ Yoast SEO Premium plugin. -->","yoast_head_json":{"title":"Gustav Klimt - Danae - SVETSLIK.SI - 100% ru\u010dno naslikano","description":"Gustav Klimt - Danae - 100% ru\u010dno naslikane reprodukcije slika na platnu. Uokvirivanje slika, prodaja i izrada slika u dimenzijama po narud\u017ebi.","robots":{"index":"index","follow":"follow","max-snippet":"max-snippet:-1","max-image-preview":"max-image-preview:large","max-video-preview":"max-video-preview:-1"},"canonical":"https:\/\/svetslik.si\/hr\/gustav-klimt\/danae\/","og_locale":"hr_HR","og_type":"article","og_title":"Gustav Klimt - Danae","og_description":"100% ro\u010dno naslikane slike na platnu, reprodukcije znanih slikarjev in umetni\u0161ke slike po naro\u010dilu.","og_url":"https:\/\/svetslik.si\/hr\/gustav-klimt\/danae\/","og_site_name":"SVETSLIK.SI","article_publisher":"https:\/\/www.facebook.com\/svetslik.si","article_modified_time":"2024-07-04T13:50:55+00:00","og_image":[{"width":2024,"height":1960,"url":"https:\/\/svetslik.si\/wp-content\/uploads\/2021\/09\/image_Danae-Gustav-Klimt_680.jpg","type":"image\/jpeg"}],"twitter_card":"summary_large_image","twitter_site":"@svetslik","twitter_misc":{"Availability":"On backorder"},"schema":{"@context":"https:\/\/schema.org","@graph":[{"@type":["WebPage","ItemPage"],"@id":"https:\/\/svetslik.si\/hr\/gustav-klimt\/danae\/","url":"https:\/\/svetslik.si\/hr\/gustav-klimt\/danae\/","name":"Gustav Klimt - Danae - SVETSLIK.SI - 100% ru\u010dno naslikano","isPartOf":{"@id":"https:\/\/svetslik.si\/hr\/#website"},"primaryImageOfPage":{"@id":"https:\/\/svetslik.si\/hr\/gustav-klimt\/danae\/#primaryimage"},"image":{"@id":"https:\/\/svetslik.si\/hr\/gustav-klimt\/danae\/#primaryimage"},"thumbnailUrl":"https:\/\/svetslik.si\/wp-content\/uploads\/2021\/09\/image_Danae-Gustav-Klimt_680.jpg","datePublished":"2021-09-02T15:41:58+00:00","dateModified":"2024-07-04T13:50:55+00:00","description":"Gustav Klimt - Danae - 100% ru\u010dno naslikane reprodukcije slika na platnu. Uokvirivanje slika, prodaja i izrada slika u dimenzijama po narud\u017ebi.","breadcrumb":{"@id":"https:\/\/svetslik.si\/hr\/gustav-klimt\/danae\/#breadcrumb"},"inLanguage":"hr","potentialAction":[{"@type":"ReadAction","target":["https:\/\/svetslik.si\/hr\/gustav-klimt\/danae\/"]}]},{"@type":"ImageObject","inLanguage":"hr","@id":"https:\/\/svetslik.si\/hr\/gustav-klimt\/danae\/#primaryimage","url":"https:\/\/svetslik.si\/wp-content\/uploads\/2021\/09\/image_Danae-Gustav-Klimt_680.jpg","contentUrl":"https:\/\/svetslik.si\/wp-content\/uploads\/2021\/09\/image_Danae-Gustav-Klimt_680.jpg","width":2024,"height":1960,"caption":"Danae Gustav Klimt - Reprodukcije poznatih slikara, moderne zidne slike, umjetni\u010dke slike za zid"},{"@type":"BreadcrumbList","@id":"https:\/\/svetslik.si\/hr\/gustav-klimt\/danae\/#breadcrumb","itemListElement":[{"@type":"ListItem","position":1,"name":"Umjetni\u010dke zidne slike na platnu","item":"https:\/\/svetslik.si\/hr\/"},{"@type":"ListItem","position":2,"name":"Prodaja slika","item":"https:\/\/svetslik.si\/prodaja-slik\/"},{"@type":"ListItem","position":3,"name":"Gustav Klimt &#8211; Danae"}]},{"@type":"WebSite","@id":"https:\/\/svetslik.si\/hr\/#website","url":"https:\/\/svetslik.si\/hr\/","name":"SVETSLIK.SI","description":"100% ru\u010dno naslikane reprodukcije slika poznatih slikara in umjetni\u010dke zidne slike na platnu.","publisher":{"@id":"https:\/\/svetslik.si\/hr\/#organization"},"potentialAction":[{"@type":"SearchAction","target":{"@type":"EntryPoint","urlTemplate":"https:\/\/svetslik.si\/hr\/?s={search_term_string}"},"query-input":{"@type":"PropertyValueSpecification","valueRequired":true,"valueName":"search_term_string"}}],"inLanguage":"hr"},{"@type":"Organization","@id":"https:\/\/svetslik.si\/hr\/#organization","name":"SvetSlik.si","url":"https:\/\/svetslik.si\/hr\/","logo":{"@type":"ImageObject","inLanguage":"hr","@id":"https:\/\/svetslik.si\/hr\/#\/schema\/logo\/image\/","url":"https:\/\/svetslik.si\/wp-content\/uploads\/2020\/12\/logo-512.png","contentUrl":"https:\/\/svetslik.si\/wp-content\/uploads\/2020\/12\/logo-512.png","width":512,"height":512,"caption":"SvetSlik.si"},"image":{"@id":"https:\/\/svetslik.si\/hr\/#\/schema\/logo\/image\/"},"sameAs":["https:\/\/www.facebook.com\/svetslik.si","https:\/\/x.com\/svetslik","https:\/\/www.instagram.com\/svetslik.si\/","https:\/\/www.linkedin.com\/company\/svetslik-si"]}]},"og_availability":"backorder","product_availability":"available for order","product_retailer_item_id":"23__","product_condition":"new"},"jetpack_sharing_enabled":true,"_links":{"self":[{"href":"https:\/\/svetslik.si\/hr\/wp-json\/wp\/v2\/product\/23410","targetHints":{"allow":["GET"]}}],"collection":[{"href":"https:\/\/svetslik.si\/hr\/wp-json\/wp\/v2\/product"}],"about":[{"href":"https:\/\/svetslik.si\/hr\/wp-json\/wp\/v2\/types\/product"}],"wp:featuredmedia":[{"embeddable":true,"href":"https:\/\/svetslik.si\/hr\/wp-json\/wp\/v2\/media\/21029"}],"wp:attachment":[{"href":"https:\/\/svetslik.si\/hr\/wp-json\/wp\/v2\/media?parent=23410"}],"wp:term":[{"taxonomy":"product_brand","embeddable":true,"href":"https:\/\/svetslik.si\/hr\/wp-json\/wp\/v2\/product_brand?post=23410"},{"taxonomy":"product_cat","embeddable":true,"href":"https:\/\/svetslik.si\/hr\/wp-json\/wp\/v2\/product_cat?post=23410"},{"taxonomy":"product_tag","embeddable":true,"href":"https:\/\/svetslik.si\/hr\/wp-json\/wp\/v2\/product_tag?post=23410"}],"curies":[{"name":"wp","href":"https:\/\/api.w.org\/{rel}","templated":true}]}}