{"id":23679,"date":"2021-09-02T17:48:50","date_gmt":"2021-09-02T15:48:50","guid":{"rendered":"https:\/\/svetslik.si\/Bez%20kategorije\/portrait-of-jeanne-hebuterne-i\/"},"modified":"2024-07-04T15:51:55","modified_gmt":"2024-07-04T13:51:55","slug":"portrait-of-jeanne-hebuterne-i","status":"publish","type":"product","link":"https:\/\/svetslik.si\/hr\/amedeo-modigliani\/portrait-of-jeanne-hebuterne-i\/","title":{"rendered":"Amedeo Modigliani &#8211; Portrait of Jeanne H\u00e9buterne I"},"content":{"rendered":"<div class=\"wpb-content-wrapper\">[vc_row css=&#8221;.vc_custom_1719478547817{margin-bottom: 15px !important;}&#8221;][vc_column]\t<div class=\"et-image-30 et-image     et_image_link\">\n\t\t<div class=\"et-image-inner \">\n\t\t\t\t\t\t\t<div class=\"et-image-thumb \">\n\t\t\t\t\t<img decoding=\"async\" width=\"1000\" height=\"1297\" src=\"https:\/\/svetslik.si\/wp-content\/uploads\/2021\/09\/Amedeo-Modigliani-\u2013-Portrait-of-Jeanne-Hebuterne-I-reprodukcija-slike-na-platnu.jpg\" class=\"attachment-full\" alt=\"Amedeo Modigliani - Portrait of Jeanne H\u00e9buterne I\" title=\"Amedeo Modigliani - Portrait of Jeanne H\u00e9buterne I\" srcset=\"https:\/\/svetslik.si\/wp-content\/uploads\/2021\/09\/Amedeo-Modigliani-\u2013-Portrait-of-Jeanne-Hebuterne-I-reprodukcija-slike-na-platnu.jpg 1000w, https:\/\/svetslik.si\/wp-content\/uploads\/2021\/09\/Amedeo-Modigliani-\u2013-Portrait-of-Jeanne-Hebuterne-I-reprodukcija-slike-na-platnu-600x778.jpg 600w, https:\/\/svetslik.si\/wp-content\/uploads\/2021\/09\/Amedeo-Modigliani-\u2013-Portrait-of-Jeanne-Hebuterne-I-reprodukcija-slike-na-platnu-231x300.jpg 231w, https:\/\/svetslik.si\/wp-content\/uploads\/2021\/09\/Amedeo-Modigliani-\u2013-Portrait-of-Jeanne-Hebuterne-I-reprodukcija-slike-na-platnu-790x1024.jpg 790w, https:\/\/svetslik.si\/wp-content\/uploads\/2021\/09\/Amedeo-Modigliani-\u2013-Portrait-of-Jeanne-Hebuterne-I-reprodukcija-slike-na-platnu-768x996.jpg 768w, https:\/\/svetslik.si\/wp-content\/uploads\/2021\/09\/Amedeo-Modigliani-\u2013-Portrait-of-Jeanne-Hebuterne-I-reprodukcija-slike-na-platnu-116x150.jpg 116w, https:\/\/svetslik.si\/wp-content\/uploads\/2021\/09\/Amedeo-Modigliani-\u2013-Portrait-of-Jeanne-Hebuterne-I-reprodukcija-slike-na-platnu-900x1167.jpg 900w\" sizes=\"(max-width: 1000px) 100vw, 1000px\" \/>\t\t\t\t<\/div>\n\t\t\t\t\t\t\t\t\t\t\t<\/div>\n\t<\/div>\n  [\/vc_column][\/vc_row][vc_row css=&#8221;.vc_custom_1719478547817{margin-bottom: 15px !important;}&#8221;][vc_column]\t<div class=\"et-image-422 et-image     et_image_link\">\n\t\t<div class=\"et-image-inner \">\n\t\t\t\t\t\t\t<div class=\"et-image-thumb \">\n\t\t\t\t\t<img decoding=\"async\" width=\"1000\" height=\"1624\" src=\"https:\/\/svetslik.si\/wp-content\/uploads\/2021\/09\/Amedeo-Modigliani-\u2013-Portrait-of-Jeanne-Hebuterne-I-reprodukcija-slike-na-platnu-2.jpg\" class=\"attachment-full\" alt=\"Amedeo Modigliani - Portrait of Jeanne H\u00e9buterne I\" title=\"Amedeo Modigliani - Portrait of Jeanne H\u00e9buterne I\" srcset=\"https:\/\/svetslik.si\/wp-content\/uploads\/2021\/09\/Amedeo-Modigliani-\u2013-Portrait-of-Jeanne-Hebuterne-I-reprodukcija-slike-na-platnu-2.jpg 1000w, https:\/\/svetslik.si\/wp-content\/uploads\/2021\/09\/Amedeo-Modigliani-\u2013-Portrait-of-Jeanne-Hebuterne-I-reprodukcija-slike-na-platnu-2-600x974.jpg 600w, https:\/\/svetslik.si\/wp-content\/uploads\/2021\/09\/Amedeo-Modigliani-\u2013-Portrait-of-Jeanne-Hebuterne-I-reprodukcija-slike-na-platnu-2-185x300.jpg 185w, https:\/\/svetslik.si\/wp-content\/uploads\/2021\/09\/Amedeo-Modigliani-\u2013-Portrait-of-Jeanne-Hebuterne-I-reprodukcija-slike-na-platnu-2-631x1024.jpg 631w, https:\/\/svetslik.si\/wp-content\/uploads\/2021\/09\/Amedeo-Modigliani-\u2013-Portrait-of-Jeanne-Hebuterne-I-reprodukcija-slike-na-platnu-2-768x1247.jpg 768w, https:\/\/svetslik.si\/wp-content\/uploads\/2021\/09\/Amedeo-Modigliani-\u2013-Portrait-of-Jeanne-Hebuterne-I-reprodukcija-slike-na-platnu-2-946x1536.jpg 946w, https:\/\/svetslik.si\/wp-content\/uploads\/2021\/09\/Amedeo-Modigliani-\u2013-Portrait-of-Jeanne-Hebuterne-I-reprodukcija-slike-na-platnu-2-92x150.jpg 92w, https:\/\/svetslik.si\/wp-content\/uploads\/2021\/09\/Amedeo-Modigliani-\u2013-Portrait-of-Jeanne-Hebuterne-I-reprodukcija-slike-na-platnu-2-900x1462.jpg 900w\" sizes=\"(max-width: 1000px) 100vw, 1000px\" \/>\t\t\t\t<\/div>\n\t\t\t\t\t\t\t\t\t\t\t<\/div>\n\t<\/div>\n  [\/vc_column][\/vc_row][vc_row css=&#8221;.vc_custom_1719478547817{margin-bottom: 15px !important;}&#8221;][vc_column]\t<div class=\"et-image-178 et-image     et_image_link\">\n\t\t<div class=\"et-image-inner \">\n\t\t\t\t\t\t\t<div class=\"et-image-thumb \">\n\t\t\t\t\t<img decoding=\"async\" width=\"1000\" height=\"1597\" src=\"https:\/\/svetslik.si\/wp-content\/uploads\/2021\/09\/Amedeo-Modigliani-\u2013-Portrait-of-Jeanne-Hebuterne-I-reprodukcija-slike-na-platnu-3.jpg\" class=\"attachment-full\" alt=\"Amedeo Modigliani - Portrait of Jeanne H\u00e9buterne I\" title=\"Amedeo Modigliani - Portrait of Jeanne H\u00e9buterne I\" srcset=\"https:\/\/svetslik.si\/wp-content\/uploads\/2021\/09\/Amedeo-Modigliani-\u2013-Portrait-of-Jeanne-Hebuterne-I-reprodukcija-slike-na-platnu-3.jpg 1000w, https:\/\/svetslik.si\/wp-content\/uploads\/2021\/09\/Amedeo-Modigliani-\u2013-Portrait-of-Jeanne-Hebuterne-I-reprodukcija-slike-na-platnu-3-600x958.jpg 600w, https:\/\/svetslik.si\/wp-content\/uploads\/2021\/09\/Amedeo-Modigliani-\u2013-Portrait-of-Jeanne-Hebuterne-I-reprodukcija-slike-na-platnu-3-188x300.jpg 188w, https:\/\/svetslik.si\/wp-content\/uploads\/2021\/09\/Amedeo-Modigliani-\u2013-Portrait-of-Jeanne-Hebuterne-I-reprodukcija-slike-na-platnu-3-641x1024.jpg 641w, https:\/\/svetslik.si\/wp-content\/uploads\/2021\/09\/Amedeo-Modigliani-\u2013-Portrait-of-Jeanne-Hebuterne-I-reprodukcija-slike-na-platnu-3-768x1226.jpg 768w, https:\/\/svetslik.si\/wp-content\/uploads\/2021\/09\/Amedeo-Modigliani-\u2013-Portrait-of-Jeanne-Hebuterne-I-reprodukcija-slike-na-platnu-3-962x1536.jpg 962w, https:\/\/svetslik.si\/wp-content\/uploads\/2021\/09\/Amedeo-Modigliani-\u2013-Portrait-of-Jeanne-Hebuterne-I-reprodukcija-slike-na-platnu-3-94x150.jpg 94w, https:\/\/svetslik.si\/wp-content\/uploads\/2021\/09\/Amedeo-Modigliani-\u2013-Portrait-of-Jeanne-Hebuterne-I-reprodukcija-slike-na-platnu-3-900x1437.jpg 900w\" sizes=\"(max-width: 1000px) 100vw, 1000px\" \/>\t\t\t\t<\/div>\n\t\t\t\t\t\t\t\t\t\t\t<\/div>\n\t<\/div>\n  [\/vc_column][\/vc_row][vc_row css=&#8221;.vc_custom_1719478547817{margin-bottom: 15px !important;}&#8221;][vc_column]\t<div class=\"et-image-714 et-image     et_image_link\">\n\t\t<div class=\"et-image-inner \">\n\t\t\t\t\t\t\t<div class=\"et-image-thumb \">\n\t\t\t\t\t<img decoding=\"async\" width=\"1000\" height=\"563\" src=\"https:\/\/svetslik.si\/wp-content\/uploads\/2021\/09\/Amedeo-Modigliani-\u2013-Portrait-of-Jeanne-Hebuterne-I-reprodukcija-slike-na-platnu-5.jpg\" class=\"attachment-full\" alt=\"Amedeo Modigliani - Portrait of Jeanne H\u00e9buterne I\" title=\"Amedeo Modigliani - Portrait of Jeanne H\u00e9buterne I\" srcset=\"https:\/\/svetslik.si\/wp-content\/uploads\/2021\/09\/Amedeo-Modigliani-\u2013-Portrait-of-Jeanne-Hebuterne-I-reprodukcija-slike-na-platnu-5.jpg 1000w, https:\/\/svetslik.si\/wp-content\/uploads\/2021\/09\/Amedeo-Modigliani-\u2013-Portrait-of-Jeanne-Hebuterne-I-reprodukcija-slike-na-platnu-5-600x338.jpg 600w, https:\/\/svetslik.si\/wp-content\/uploads\/2021\/09\/Amedeo-Modigliani-\u2013-Portrait-of-Jeanne-Hebuterne-I-reprodukcija-slike-na-platnu-5-300x169.jpg 300w, https:\/\/svetslik.si\/wp-content\/uploads\/2021\/09\/Amedeo-Modigliani-\u2013-Portrait-of-Jeanne-Hebuterne-I-reprodukcija-slike-na-platnu-5-768x432.jpg 768w, https:\/\/svetslik.si\/wp-content\/uploads\/2021\/09\/Amedeo-Modigliani-\u2013-Portrait-of-Jeanne-Hebuterne-I-reprodukcija-slike-na-platnu-5-150x84.jpg 150w, https:\/\/svetslik.si\/wp-content\/uploads\/2021\/09\/Amedeo-Modigliani-\u2013-Portrait-of-Jeanne-Hebuterne-I-reprodukcija-slike-na-platnu-5-900x507.jpg 900w\" sizes=\"(max-width: 1000px) 100vw, 1000px\" \/>\t\t\t\t<\/div>\n\t\t\t\t\t\t\t\t\t\t\t<\/div>\n\t<\/div>\n  [\/vc_column][\/vc_row][vc_row css=&#8221;.vc_custom_1719478547817{margin-bottom: 15px !important;}&#8221;][vc_column]\t<div class=\"et-image-106 et-image     et_image_link\">\n\t\t<div class=\"et-image-inner \">\n\t\t\t\t\t\t\t<div class=\"et-image-thumb \">\n\t\t\t\t\t<img decoding=\"async\" width=\"1000\" height=\"563\" src=\"https:\/\/svetslik.si\/wp-content\/uploads\/2021\/09\/Amedeo-Modigliani-\u2013-Portrait-of-Jeanne-Hebuterne-I-reprodukcija-slike-na-platnu-4.jpg\" class=\"attachment-full\" alt=\"Amedeo Modigliani - Portrait of Jeanne H\u00e9buterne I\" title=\"Amedeo Modigliani - Portrait of Jeanne H\u00e9buterne I\" srcset=\"https:\/\/svetslik.si\/wp-content\/uploads\/2021\/09\/Amedeo-Modigliani-\u2013-Portrait-of-Jeanne-Hebuterne-I-reprodukcija-slike-na-platnu-4.jpg 1000w, https:\/\/svetslik.si\/wp-content\/uploads\/2021\/09\/Amedeo-Modigliani-\u2013-Portrait-of-Jeanne-Hebuterne-I-reprodukcija-slike-na-platnu-4-600x338.jpg 600w, https:\/\/svetslik.si\/wp-content\/uploads\/2021\/09\/Amedeo-Modigliani-\u2013-Portrait-of-Jeanne-Hebuterne-I-reprodukcija-slike-na-platnu-4-300x169.jpg 300w, https:\/\/svetslik.si\/wp-content\/uploads\/2021\/09\/Amedeo-Modigliani-\u2013-Portrait-of-Jeanne-Hebuterne-I-reprodukcija-slike-na-platnu-4-768x432.jpg 768w, https:\/\/svetslik.si\/wp-content\/uploads\/2021\/09\/Amedeo-Modigliani-\u2013-Portrait-of-Jeanne-Hebuterne-I-reprodukcija-slike-na-platnu-4-150x84.jpg 150w, https:\/\/svetslik.si\/wp-content\/uploads\/2021\/09\/Amedeo-Modigliani-\u2013-Portrait-of-Jeanne-Hebuterne-I-reprodukcija-slike-na-platnu-4-900x507.jpg 900w\" sizes=\"(max-width: 1000px) 100vw, 1000px\" \/>\t\t\t\t<\/div>\n\t\t\t\t\t\t\t\t\t\t\t<\/div>\n\t<\/div>\n  [\/vc_column][\/vc_row][vc_row][vc_column][vc_column_text]\n<h1>Amedeo Modigliani &#8211; Portret Jeanne H\u00e9buterne I<\/h1>\n<p>&nbsp;<\/p>\n<table style=\"width: 632px;\" border=\"0\" width=\"632\" cellspacing=\"0\" cellpadding=\"0\">\n<tbody>\n<tr>\n<td style=\"width: 180px; height: 21px;\" height=\"21\">Godina nastanka:<\/td>\n<td style=\"width: 452px;\">1919.<\/td>\n<\/tr>\n<tr>\n<td style=\"width: 180px; height: 21px;\" height=\"21\">Izvorna veli\u010dina:<\/td>\n<td style=\"width: 452px;\">38 cm x 55 cm<\/td>\n<\/tr>\n<tr>\n<td style=\"width: 180px; height: 21px;\" height=\"21\">Stil slikanja:<\/td>\n<td style=\"width: 452px;\">Ekspresionizam<\/td>\n<\/tr>\n<tr>\n<td style=\"width: 180px; height: 21px;\" height=\"21\">Izvorna tehnika:<\/td>\n<td>Ulje na platnu<\/td>\n<\/tr>\n<tr>\n<td style=\"width: 180px; height: 21px;\" height=\"21\">Nalazi se:<\/td>\n<td style=\"width: 452px;\">Privatna zbirka<\/td>\n<\/tr>\n<\/tbody>\n<colgroup><\/colgroup>\n<\/table>\n<p>Jeanne H\u00e9buterne, koju je pisac Charles-Albert Cingria opisao kao nje\u017enu, stidljivu, tihu i delikatnu, bila je Modiglianijeva sredi\u0161nja muza, ali i njegova dru\u017eica. Nakon \u0161to je Modigliani obolio od tuberkuloze i umro 1920. godine, samo dan kasnije trudna Jeanne bacila se s petog kata.[\/vc_column_text][\/vc_column][\/vc_row]\n<\/div>","protected":false},"excerpt":{"rendered":"<p>[vc_row css=&#8221;.vc_custom_1719478547817{margin-bottom: 15px !important;}&#8221;][vc_column][\/vc_column][\/vc_row][vc_row css=&#8221;.vc_custom_1719478547817{margin-bottom: 15px !important;}&#8221;][vc_column][\/vc_column][\/vc_row][vc_row css=&#8221;.vc_custom_1719478547817{margin-bottom: 15px !important;}&#8221;][vc_column][\/vc_column][\/vc_row][vc_row css=&#8221;.vc_custom_1719478547817{margin-bottom: 15px !important;}&#8221;][vc_column][\/vc_column][\/vc_row][vc_row css=&#8221;.vc_custom_1719478547817{margin-bottom: 15px !important;}&#8221;][vc_column][\/vc_column][\/vc_row][vc_row][vc_column][vc_column_text] Amedeo Modigliani &#8211; Portret Jeanne H\u00e9buterne I &nbsp; Godina nastanka: 1919. Izvorna veli\u010dina: 38 cm x 55 cm Stil slikanja: Ekspresionizam Izvorna tehnika: Ulje na platnu Nalazi se: Privatna zbirka Jeanne H\u00e9buterne, koju je [&hellip;]<\/p>\n","protected":false},"featured_media":107285,"template":"","meta":{"_acf_changed":false},"product_brand":[],"product_cat":[3368],"product_tag":[4101,4069,4070,4071],"class_list":{"0":"post-23679","1":"product","2":"type-product","3":"status-publish","4":"has-post-thumbnail","6":"product_cat-amedeo-modigliani","7":"product_tag-modigliani-hr","8":"product_tag-reprodukcija-hr","9":"product_tag-reprodukcije-hr","10":"product_tag-slikar-hr","11":"pa_dimenzija-100-x-150-cm-hr","12":"pa_dimenzija-120-x-170-cm-hr","13":"pa_dimenzija-38-x-55-cm-hr","14":"pa_dimenzija-50-x-70-cm-hr","15":"pa_dimenzija-60-x-90-cm-hr","16":"pa_dimenzija-70-x-100-cm-hr","17":"pa_dimenzija-80-x-120-cm-hr","18":"pa_dimenzija-90-x-130-cm-hr","19":"pa_oblika-okomito","20":"pa_okvir-bez-okvira","21":"pa_podokvir-bez-podokvira","22":"pa_podokvir-sa-podokvirom","24":"first","25":"onbackorder","26":"purchasable","27":"product-type-variable","28":"has-default-attributes"},"acf":[],"yoast_head":"<!-- This site is optimized with the Yoast SEO Premium plugin v26.0 (Yoast SEO v27.2) - https:\/\/yoast.com\/product\/yoast-seo-premium-wordpress\/ -->\n<title>Amedeo Modigliani - Portrait of Jeanne H\u00e9buterne I - SVETSLIK.SI - 100% ru\u010dno naslikano<\/title>\n<meta name=\"description\" content=\"Amedeo Modigliani - Portrait of Jeanne H\u00e9buterne I - 100% ru\u010dno naslikane reprodukcije slika na platnu. Uramljivanje slika, prodaja i izrada slika u dimenzijama po narud\u017ebi.\" \/>\n<meta name=\"robots\" content=\"index, follow, max-snippet:-1, max-image-preview:large, max-video-preview:-1\" \/>\n<link rel=\"canonical\" href=\"https:\/\/svetslik.si\/hr\/amedeo-modigliani\/portrait-of-jeanne-hebuterne-i\/\" \/>\n<meta property=\"og:locale\" content=\"hr_HR\" \/>\n<meta property=\"og:type\" content=\"article\" \/>\n<meta property=\"og:title\" content=\"Amedeo Modigliani - Portrait of Jeanne H\u00e9buterne I\" \/>\n<meta property=\"og:description\" content=\"100% ro\u010dno naslikane slike na platnu, reprodukcije znanih slikarjev in umetni\u0161ke slike po naro\u010dilu.\" \/>\n<meta property=\"og:url\" content=\"https:\/\/svetslik.si\/hr\/amedeo-modigliani\/portrait-of-jeanne-hebuterne-i\/\" \/>\n<meta property=\"og:site_name\" content=\"SVETSLIK.SI\" \/>\n<meta property=\"article:publisher\" content=\"https:\/\/www.facebook.com\/svetslik.si\" \/>\n<meta property=\"article:modified_time\" content=\"2024-07-04T13:51:55+00:00\" \/>\n<meta property=\"og:image\" content=\"https:\/\/svetslik.si\/wp-content\/uploads\/2021\/09\/Amedeo-Modigliani-\u2013-Portrait-of-Jeanne-Hebuterne-I.jpg\" \/>\n\t<meta property=\"og:image:width\" content=\"750\" \/>\n\t<meta property=\"og:image:height\" content=\"1125\" \/>\n\t<meta property=\"og:image:type\" content=\"image\/jpeg\" \/>\n<meta name=\"twitter:card\" content=\"summary_large_image\" \/>\n<meta name=\"twitter:site\" content=\"@svetslik\" \/>\n<meta name=\"twitter:label1\" content=\"Availability\" \/>\n\t<meta name=\"twitter:data1\" content=\"On backorder\" \/>\n<script type=\"application\/ld+json\" class=\"yoast-schema-graph\">{\"@context\":\"https:\/\/schema.org\",\"@graph\":[{\"@type\":[\"WebPage\",\"ItemPage\"],\"@id\":\"https:\/\/svetslik.si\/hr\/amedeo-modigliani\/portrait-of-jeanne-hebuterne-i\/\",\"url\":\"https:\/\/svetslik.si\/hr\/amedeo-modigliani\/portrait-of-jeanne-hebuterne-i\/\",\"name\":\"Amedeo Modigliani - Portrait of Jeanne H\u00e9buterne I - SVETSLIK.SI - 100% ru\u010dno naslikano\",\"isPartOf\":{\"@id\":\"https:\/\/svetslik.si\/hr\/#website\"},\"primaryImageOfPage\":{\"@id\":\"https:\/\/svetslik.si\/hr\/amedeo-modigliani\/portrait-of-jeanne-hebuterne-i\/#primaryimage\"},\"image\":{\"@id\":\"https:\/\/svetslik.si\/hr\/amedeo-modigliani\/portrait-of-jeanne-hebuterne-i\/#primaryimage\"},\"thumbnailUrl\":\"https:\/\/svetslik.si\/wp-content\/uploads\/2021\/09\/Amedeo-Modigliani-\u2013-Portrait-of-Jeanne-Hebuterne-I.jpg\",\"datePublished\":\"2021-09-02T15:48:50+00:00\",\"dateModified\":\"2024-07-04T13:51:55+00:00\",\"description\":\"Amedeo Modigliani - Portrait of Jeanne H\u00e9buterne I - 100% ru\u010dno naslikane reprodukcije slika na platnu. Uramljivanje slika, prodaja i izrada slika u dimenzijama po narud\u017ebi.\",\"breadcrumb\":{\"@id\":\"https:\/\/svetslik.si\/hr\/amedeo-modigliani\/portrait-of-jeanne-hebuterne-i\/#breadcrumb\"},\"inLanguage\":\"hr\",\"potentialAction\":[{\"@type\":\"ReadAction\",\"target\":[\"https:\/\/svetslik.si\/hr\/amedeo-modigliani\/portrait-of-jeanne-hebuterne-i\/\"]}]},{\"@type\":\"ImageObject\",\"inLanguage\":\"hr\",\"@id\":\"https:\/\/svetslik.si\/hr\/amedeo-modigliani\/portrait-of-jeanne-hebuterne-i\/#primaryimage\",\"url\":\"https:\/\/svetslik.si\/wp-content\/uploads\/2021\/09\/Amedeo-Modigliani-\u2013-Portrait-of-Jeanne-Hebuterne-I.jpg\",\"contentUrl\":\"https:\/\/svetslik.si\/wp-content\/uploads\/2021\/09\/Amedeo-Modigliani-\u2013-Portrait-of-Jeanne-Hebuterne-I.jpg\",\"width\":750,\"height\":1125,\"caption\":\"Amedeo Modigliani - Portrait of Jeanne H\u00e9buterne I\"},{\"@type\":\"BreadcrumbList\",\"@id\":\"https:\/\/svetslik.si\/hr\/amedeo-modigliani\/portrait-of-jeanne-hebuterne-i\/#breadcrumb\",\"itemListElement\":[{\"@type\":\"ListItem\",\"position\":1,\"name\":\"Umjetni\u010dke zidne slike na platnu\",\"item\":\"https:\/\/svetslik.si\/hr\/\"},{\"@type\":\"ListItem\",\"position\":2,\"name\":\"Prodaja slika\",\"item\":\"https:\/\/svetslik.si\/prodaja-slik\/\"},{\"@type\":\"ListItem\",\"position\":3,\"name\":\"Amedeo Modigliani &#8211; Portrait of Jeanne H\u00e9buterne I\"}]},{\"@type\":\"WebSite\",\"@id\":\"https:\/\/svetslik.si\/hr\/#website\",\"url\":\"https:\/\/svetslik.si\/hr\/\",\"name\":\"SVETSLIK.SI\",\"description\":\"100% ru\u010dno naslikane reprodukcije slika poznatih slikara in umjetni\u010dke zidne slike na platnu.\",\"publisher\":{\"@id\":\"https:\/\/svetslik.si\/hr\/#organization\"},\"potentialAction\":[{\"@type\":\"SearchAction\",\"target\":{\"@type\":\"EntryPoint\",\"urlTemplate\":\"https:\/\/svetslik.si\/hr\/?s={search_term_string}\"},\"query-input\":{\"@type\":\"PropertyValueSpecification\",\"valueRequired\":true,\"valueName\":\"search_term_string\"}}],\"inLanguage\":\"hr\"},{\"@type\":\"Organization\",\"@id\":\"https:\/\/svetslik.si\/hr\/#organization\",\"name\":\"SvetSlik.si\",\"url\":\"https:\/\/svetslik.si\/hr\/\",\"logo\":{\"@type\":\"ImageObject\",\"inLanguage\":\"hr\",\"@id\":\"https:\/\/svetslik.si\/hr\/#\/schema\/logo\/image\/\",\"url\":\"https:\/\/svetslik.si\/wp-content\/uploads\/2020\/12\/logo-512.png\",\"contentUrl\":\"https:\/\/svetslik.si\/wp-content\/uploads\/2020\/12\/logo-512.png\",\"width\":512,\"height\":512,\"caption\":\"SvetSlik.si\"},\"image\":{\"@id\":\"https:\/\/svetslik.si\/hr\/#\/schema\/logo\/image\/\"},\"sameAs\":[\"https:\/\/www.facebook.com\/svetslik.si\",\"https:\/\/x.com\/svetslik\",\"https:\/\/www.instagram.com\/svetslik.si\/\",\"https:\/\/www.linkedin.com\/company\/svetslik-si\"]}]}<\/script>\n<meta property=\"og:availability\" content=\"backorder\" \/>\n<meta property=\"product:availability\" content=\"available for order\" \/>\n<meta property=\"product:retailer_item_id\" content=\"194__\" \/>\n<meta property=\"product:condition\" content=\"new\" \/>\n<!-- \/ Yoast SEO Premium plugin. -->","yoast_head_json":{"title":"Amedeo Modigliani - Portrait of Jeanne H\u00e9buterne I - SVETSLIK.SI - 100% ru\u010dno naslikano","description":"Amedeo Modigliani - Portrait of Jeanne H\u00e9buterne I - 100% ru\u010dno naslikane reprodukcije slika na platnu. Uramljivanje slika, prodaja i izrada slika u dimenzijama po narud\u017ebi.","robots":{"index":"index","follow":"follow","max-snippet":"max-snippet:-1","max-image-preview":"max-image-preview:large","max-video-preview":"max-video-preview:-1"},"canonical":"https:\/\/svetslik.si\/hr\/amedeo-modigliani\/portrait-of-jeanne-hebuterne-i\/","og_locale":"hr_HR","og_type":"article","og_title":"Amedeo Modigliani - Portrait of Jeanne H\u00e9buterne I","og_description":"100% ro\u010dno naslikane slike na platnu, reprodukcije znanih slikarjev in umetni\u0161ke slike po naro\u010dilu.","og_url":"https:\/\/svetslik.si\/hr\/amedeo-modigliani\/portrait-of-jeanne-hebuterne-i\/","og_site_name":"SVETSLIK.SI","article_publisher":"https:\/\/www.facebook.com\/svetslik.si","article_modified_time":"2024-07-04T13:51:55+00:00","og_image":[{"width":750,"height":1125,"url":"https:\/\/svetslik.si\/wp-content\/uploads\/2021\/09\/Amedeo-Modigliani-\u2013-Portrait-of-Jeanne-Hebuterne-I.jpg","type":"image\/jpeg"}],"twitter_card":"summary_large_image","twitter_site":"@svetslik","twitter_misc":{"Availability":"On backorder"},"schema":{"@context":"https:\/\/schema.org","@graph":[{"@type":["WebPage","ItemPage"],"@id":"https:\/\/svetslik.si\/hr\/amedeo-modigliani\/portrait-of-jeanne-hebuterne-i\/","url":"https:\/\/svetslik.si\/hr\/amedeo-modigliani\/portrait-of-jeanne-hebuterne-i\/","name":"Amedeo Modigliani - Portrait of Jeanne H\u00e9buterne I - SVETSLIK.SI - 100% ru\u010dno naslikano","isPartOf":{"@id":"https:\/\/svetslik.si\/hr\/#website"},"primaryImageOfPage":{"@id":"https:\/\/svetslik.si\/hr\/amedeo-modigliani\/portrait-of-jeanne-hebuterne-i\/#primaryimage"},"image":{"@id":"https:\/\/svetslik.si\/hr\/amedeo-modigliani\/portrait-of-jeanne-hebuterne-i\/#primaryimage"},"thumbnailUrl":"https:\/\/svetslik.si\/wp-content\/uploads\/2021\/09\/Amedeo-Modigliani-\u2013-Portrait-of-Jeanne-Hebuterne-I.jpg","datePublished":"2021-09-02T15:48:50+00:00","dateModified":"2024-07-04T13:51:55+00:00","description":"Amedeo Modigliani - Portrait of Jeanne H\u00e9buterne I - 100% ru\u010dno naslikane reprodukcije slika na platnu. Uramljivanje slika, prodaja i izrada slika u dimenzijama po narud\u017ebi.","breadcrumb":{"@id":"https:\/\/svetslik.si\/hr\/amedeo-modigliani\/portrait-of-jeanne-hebuterne-i\/#breadcrumb"},"inLanguage":"hr","potentialAction":[{"@type":"ReadAction","target":["https:\/\/svetslik.si\/hr\/amedeo-modigliani\/portrait-of-jeanne-hebuterne-i\/"]}]},{"@type":"ImageObject","inLanguage":"hr","@id":"https:\/\/svetslik.si\/hr\/amedeo-modigliani\/portrait-of-jeanne-hebuterne-i\/#primaryimage","url":"https:\/\/svetslik.si\/wp-content\/uploads\/2021\/09\/Amedeo-Modigliani-\u2013-Portrait-of-Jeanne-Hebuterne-I.jpg","contentUrl":"https:\/\/svetslik.si\/wp-content\/uploads\/2021\/09\/Amedeo-Modigliani-\u2013-Portrait-of-Jeanne-Hebuterne-I.jpg","width":750,"height":1125,"caption":"Amedeo Modigliani - Portrait of Jeanne H\u00e9buterne I"},{"@type":"BreadcrumbList","@id":"https:\/\/svetslik.si\/hr\/amedeo-modigliani\/portrait-of-jeanne-hebuterne-i\/#breadcrumb","itemListElement":[{"@type":"ListItem","position":1,"name":"Umjetni\u010dke zidne slike na platnu","item":"https:\/\/svetslik.si\/hr\/"},{"@type":"ListItem","position":2,"name":"Prodaja slika","item":"https:\/\/svetslik.si\/prodaja-slik\/"},{"@type":"ListItem","position":3,"name":"Amedeo Modigliani &#8211; Portrait of Jeanne H\u00e9buterne I"}]},{"@type":"WebSite","@id":"https:\/\/svetslik.si\/hr\/#website","url":"https:\/\/svetslik.si\/hr\/","name":"SVETSLIK.SI","description":"100% ru\u010dno naslikane reprodukcije slika poznatih slikara in umjetni\u010dke zidne slike na platnu.","publisher":{"@id":"https:\/\/svetslik.si\/hr\/#organization"},"potentialAction":[{"@type":"SearchAction","target":{"@type":"EntryPoint","urlTemplate":"https:\/\/svetslik.si\/hr\/?s={search_term_string}"},"query-input":{"@type":"PropertyValueSpecification","valueRequired":true,"valueName":"search_term_string"}}],"inLanguage":"hr"},{"@type":"Organization","@id":"https:\/\/svetslik.si\/hr\/#organization","name":"SvetSlik.si","url":"https:\/\/svetslik.si\/hr\/","logo":{"@type":"ImageObject","inLanguage":"hr","@id":"https:\/\/svetslik.si\/hr\/#\/schema\/logo\/image\/","url":"https:\/\/svetslik.si\/wp-content\/uploads\/2020\/12\/logo-512.png","contentUrl":"https:\/\/svetslik.si\/wp-content\/uploads\/2020\/12\/logo-512.png","width":512,"height":512,"caption":"SvetSlik.si"},"image":{"@id":"https:\/\/svetslik.si\/hr\/#\/schema\/logo\/image\/"},"sameAs":["https:\/\/www.facebook.com\/svetslik.si","https:\/\/x.com\/svetslik","https:\/\/www.instagram.com\/svetslik.si\/","https:\/\/www.linkedin.com\/company\/svetslik-si"]}]},"og_availability":"backorder","product_availability":"available for order","product_retailer_item_id":"194__","product_condition":"new"},"jetpack_sharing_enabled":true,"_links":{"self":[{"href":"https:\/\/svetslik.si\/hr\/wp-json\/wp\/v2\/product\/23679","targetHints":{"allow":["GET"]}}],"collection":[{"href":"https:\/\/svetslik.si\/hr\/wp-json\/wp\/v2\/product"}],"about":[{"href":"https:\/\/svetslik.si\/hr\/wp-json\/wp\/v2\/types\/product"}],"wp:featuredmedia":[{"embeddable":true,"href":"https:\/\/svetslik.si\/hr\/wp-json\/wp\/v2\/media\/107285"}],"wp:attachment":[{"href":"https:\/\/svetslik.si\/hr\/wp-json\/wp\/v2\/media?parent=23679"}],"wp:term":[{"taxonomy":"product_brand","embeddable":true,"href":"https:\/\/svetslik.si\/hr\/wp-json\/wp\/v2\/product_brand?post=23679"},{"taxonomy":"product_cat","embeddable":true,"href":"https:\/\/svetslik.si\/hr\/wp-json\/wp\/v2\/product_cat?post=23679"},{"taxonomy":"product_tag","embeddable":true,"href":"https:\/\/svetslik.si\/hr\/wp-json\/wp\/v2\/product_tag?post=23679"}],"curies":[{"name":"wp","href":"https:\/\/api.w.org\/{rel}","templated":true}]}}