{"id":23922,"date":"2021-09-02T17:42:32","date_gmt":"2021-09-02T15:42:32","guid":{"rendered":"https:\/\/svetslik.si\/Bez%20kategorije\/impression-sunrise\/"},"modified":"2026-03-13T17:36:42","modified_gmt":"2026-03-13T16:36:42","slug":"impression-sunrise","status":"publish","type":"product","link":"https:\/\/svetslik.si\/hr\/claude-monet\/impression-sunrise\/","title":{"rendered":"Claude Monet &#8211; Impression Sunrise"},"content":{"rendered":"<div class=\"wpb-content-wrapper\">[vc_row][vc_column][vc_column_text][vc_red][vc_stupac][vc_stupac_tekst]\n<h1>Claude Monet &#8211; Impression Sunrise<\/h1>\n<p>&nbsp;<\/p>\n<table style=\"width: 632px;\" border=\"0\" width=\"632\" cellspacing=\"0\" cellpadding=\"0\">\n<tbody>\n<tr>\n<td style=\"width: 180px; height: 21px;\" height=\"21\">Godina stvaranja:<\/td>\n<td style=\"width: 452px;\">1872<\/td>\n<\/tr>\n<tr>\n<td style=\"width: 180px; height: 21px;\" height=\"21\">Izvorna veli\u010dina:<\/td>\n<td style=\"width: 452px;\">63 cm x 48 cm<\/td>\n<\/tr>\n<tr>\n<td style=\"width: 180px; height: 21px;\" height=\"21\">Stil bojanja:<\/td>\n<td style=\"width: 452px;\">Impresionizam<\/td>\n<\/tr>\n<tr>\n<td style=\"width: 180px; height: 21px;\" height=\"21\">Izvorna tehnika:<\/td>\n<td>Ulje na platnu<\/td>\n<\/tr>\n<tr>\n<td style=\"width: 180px; height: 21px;\" height=\"21\">Lokacija:<\/td>\n<td style=\"width: 452px;\">Muzej Marmottan, Pariz<\/td>\n<\/tr>\n<\/tbody>\n<colgroup>\n<col \/>\n<col \/> <\/colgroup>\n<\/table>\n<p>Ulje na platnu <em>Impression Sunrise<\/em> tipi\u010dan je primjer tada novog slikarskog stila, impresionizma. Na ovoj slici Monet je prikazao luku Le Havre u Francuskoj. <em>Impresija<\/em><em>Izlazak sunca<\/em> je va\u017ena slika, jer je pokret impresionizma dobio ime po njoj.Uljana slika prikazuje pogled na izlazak sunca iznad luke Havre kroz maglu. Ravni potezi kistom prikazuju zamu\u0107enu pozadinu u jutarnjoj magli, a vi\u0161ebojne boje daju vodi beskrajni sjaj. Ona doista pokazuje vizualni dojam koji je slikaru dala svjetlost i boja francuskog lu\u010dkog grada u izlasku sunca. Ru\u0161e\u0107i okove tradicionalnih slikarskih metoda, kao kriti\u010dar posudio je naslov ove slike kako bi se narugao skupini mladih slikara koju je predstavljao Monet, a koji su zahtijevali inovativnost i kreativnost pod nazivom &#8220;impresionizam&#8221;, kako se naziva ova slikarska \u0161kola. Slika je bila izlo\u017eena na 1. zajedni\u010dkoj izlo\u017ebi impresionista, koja je otvorena 25. o\u017eujka 1874., a ovo je djelo najtipi\u010dnije od Monetovih slika.Autor: Claude Monet (1840.-1926.), francuski impresionisti\u010dki slikar, tipi\u010dan je slikar ambijentalnog svjetla i ve\u0107inu svojih djela dovr\u0161ava na licu mjesta. Kako bi prou\u010davao promjene sun\u010deve svjetlosti, vi\u0161e je puta slikao istu scenu, poput svojih serija &#8220;Stogovi sijena&#8221; i &#8220;Crkva&#8221;. Tijekom francusko-pruskog rata sklonio se u Nizozemsku i prou\u010davao japanske ukiyo-e grafike, \u0161to je dovelo do promjene u njegovom slikarskom stilu. U kasnijem razdoblju izradio je goleme svitke &#8220;Lopo\u010di&#8221;, koji su postali najve\u0107e remek-djelo impresionisti\u010dkog pejza\u017enog slikarstva. [\/vc_column_text][\/vc_column][\/vc_row][vc_row css=&#8221;.vc_custom_1680541229682{margin-bottom: 10px !important;}&#8221;][vc_column]\t<div class=\"et-image-102 et-image     et_image_link\">\n\t\t<div class=\"et-image-inner \">\n\t\t\t\t\t\t\t<div class=\"et-image-thumb \">\n\t\t\t\t\t<img decoding=\"async\" width=\"2560\" height=\"1996\" src=\"https:\/\/svetslik.si\/wp-content\/uploads\/2021\/09\/claude-monet-Impression-sunrise-scaled.jpg\" class=\"attachment-full\" alt=\"Claude Monet - Impression Sunrise - Reprodukcija slike za zid\" title=\"Claude Monet - Impression Sunrise - Reprodukcija slike za zid\" srcset=\"https:\/\/svetslik.si\/wp-content\/uploads\/2021\/09\/claude-monet-Impression-sunrise-scaled.jpg 2560w, https:\/\/svetslik.si\/wp-content\/uploads\/2021\/09\/claude-monet-Impression-sunrise-scaled-600x468.jpg 600w, https:\/\/svetslik.si\/wp-content\/uploads\/2021\/09\/claude-monet-Impression-sunrise-scaled-1200x936.jpg 1200w, https:\/\/svetslik.si\/wp-content\/uploads\/2021\/09\/claude-monet-Impression-sunrise-300x234.jpg 300w, https:\/\/svetslik.si\/wp-content\/uploads\/2021\/09\/claude-monet-Impression-sunrise-1024x798.jpg 1024w, https:\/\/svetslik.si\/wp-content\/uploads\/2021\/09\/claude-monet-Impression-sunrise-768x599.jpg 768w, https:\/\/svetslik.si\/wp-content\/uploads\/2021\/09\/claude-monet-Impression-sunrise-1536x1198.jpg 1536w, https:\/\/svetslik.si\/wp-content\/uploads\/2021\/09\/claude-monet-Impression-sunrise-2048x1597.jpg 2048w, https:\/\/svetslik.si\/wp-content\/uploads\/2021\/09\/claude-monet-Impression-sunrise-15x12.jpg 15w, https:\/\/svetslik.si\/wp-content\/uploads\/2021\/09\/claude-monet-Impression-sunrise-150x117.jpg 150w\" sizes=\"(max-width: 2560px) 100vw, 2560px\" \/>\t\t\t\t<\/div>\n\t\t\t\t\t\t\t\t\t\t\t<\/div>\n\t<\/div>\n  [\/vc_column][\/vc_row][vc_row css=&#8221;.vc_custom_1680541229682{margin-bottom: 10px !important;}&#8221;][vc_column]\t<div class=\"et-image-644 et-image     et_image_link\">\n\t\t<div class=\"et-image-inner \">\n\t\t\t\t\t\t\t<div class=\"et-image-thumb \">\n\t\t\t\t\t<img decoding=\"async\" width=\"1808\" height=\"2108\" src=\"https:\/\/svetslik.si\/wp-content\/uploads\/2021\/09\/claude-monet-Impression-sunrise-1.jpg\" class=\"attachment-full\" alt=\"Claude Monet - Impression Sunrise - Reprodukcija slike za zid\" title=\"Claude Monet - Impression Sunrise - Reprodukcija slike za zid\" srcset=\"https:\/\/svetslik.si\/wp-content\/uploads\/2021\/09\/claude-monet-Impression-sunrise-1.jpg 1808w, https:\/\/svetslik.si\/wp-content\/uploads\/2021\/09\/claude-monet-Impression-sunrise-1-600x700.jpg 600w, https:\/\/svetslik.si\/wp-content\/uploads\/2021\/09\/claude-monet-Impression-sunrise-1-1200x1399.jpg 1200w, https:\/\/svetslik.si\/wp-content\/uploads\/2021\/09\/claude-monet-Impression-sunrise-1-257x300.jpg 257w, https:\/\/svetslik.si\/wp-content\/uploads\/2021\/09\/claude-monet-Impression-sunrise-1-878x1024.jpg 878w, https:\/\/svetslik.si\/wp-content\/uploads\/2021\/09\/claude-monet-Impression-sunrise-1-768x895.jpg 768w, https:\/\/svetslik.si\/wp-content\/uploads\/2021\/09\/claude-monet-Impression-sunrise-1-1317x1536.jpg 1317w, https:\/\/svetslik.si\/wp-content\/uploads\/2021\/09\/claude-monet-Impression-sunrise-1-1757x2048.jpg 1757w, https:\/\/svetslik.si\/wp-content\/uploads\/2021\/09\/claude-monet-Impression-sunrise-1-10x12.jpg 10w, https:\/\/svetslik.si\/wp-content\/uploads\/2021\/09\/claude-monet-Impression-sunrise-1-129x150.jpg 129w\" sizes=\"(max-width: 1808px) 100vw, 1808px\" \/>\t\t\t\t<\/div>\n\t\t\t\t\t\t\t\t\t\t\t<\/div>\n\t<\/div>\n  [\/vc_column][\/vc_row][vc_row css=&#8221;.vc_custom_1680541229682{margin-bottom: 10px !important;}&#8221;][vc_column]\t<div class=\"et-image-955 et-image     et_image_link\">\n\t\t<div class=\"et-image-inner \">\n\t\t\t\t\t\t\t<div class=\"et-image-thumb \">\n\t\t\t\t\t<img decoding=\"async\" width=\"2560\" height=\"1441\" src=\"https:\/\/svetslik.si\/wp-content\/uploads\/2021\/09\/claude-monet-Impression-sunrise-2-scaled.jpg\" class=\"attachment-full\" alt=\"Claude Monet - Impression Sunrise - Reprodukcija slike za zid\" title=\"Claude Monet - Impression Sunrise - Reprodukcija slike za zid\" srcset=\"https:\/\/svetslik.si\/wp-content\/uploads\/2021\/09\/claude-monet-Impression-sunrise-2-scaled.jpg 2560w, https:\/\/svetslik.si\/wp-content\/uploads\/2021\/09\/claude-monet-Impression-sunrise-2-scaled-600x338.jpg 600w, https:\/\/svetslik.si\/wp-content\/uploads\/2021\/09\/claude-monet-Impression-sunrise-2-scaled-1200x675.jpg 1200w, https:\/\/svetslik.si\/wp-content\/uploads\/2021\/09\/claude-monet-Impression-sunrise-2-300x169.jpg 300w, https:\/\/svetslik.si\/wp-content\/uploads\/2021\/09\/claude-monet-Impression-sunrise-2-1024x577.jpg 1024w, https:\/\/svetslik.si\/wp-content\/uploads\/2021\/09\/claude-monet-Impression-sunrise-2-768x432.jpg 768w, https:\/\/svetslik.si\/wp-content\/uploads\/2021\/09\/claude-monet-Impression-sunrise-2-1536x865.jpg 1536w, https:\/\/svetslik.si\/wp-content\/uploads\/2021\/09\/claude-monet-Impression-sunrise-2-2048x1153.jpg 2048w, https:\/\/svetslik.si\/wp-content\/uploads\/2021\/09\/claude-monet-Impression-sunrise-2-18x10.jpg 18w, https:\/\/svetslik.si\/wp-content\/uploads\/2021\/09\/claude-monet-Impression-sunrise-2-150x84.jpg 150w\" sizes=\"(max-width: 2560px) 100vw, 2560px\" \/>\t\t\t\t<\/div>\n\t\t\t\t\t\t\t\t\t\t\t<\/div>\n\t<\/div>\n  [\/vc_column][\/vc_row][vc_row css=&#8221;.vc_custom_1680541229682{margin-bottom: 10px !important;}&#8221;][vc_column]\t<div class=\"et-image-569 et-image     et_image_link\">\n\t\t<div class=\"et-image-inner \">\n\t\t\t\t\t\t\t<div class=\"et-image-thumb \">\n\t\t\t\t\t<img decoding=\"async\" width=\"2560\" height=\"1441\" src=\"https:\/\/svetslik.si\/wp-content\/uploads\/2021\/09\/claude-monet-Impression-sunrise-3-scaled.jpg\" class=\"attachment-full\" alt=\"Claude Monet - Impression Sunrise - Reprodukcija slike za zid\" title=\"Claude Monet - Impression Sunrise - Reprodukcija slike za zid\" srcset=\"https:\/\/svetslik.si\/wp-content\/uploads\/2021\/09\/claude-monet-Impression-sunrise-3-scaled.jpg 2560w, https:\/\/svetslik.si\/wp-content\/uploads\/2021\/09\/claude-monet-Impression-sunrise-3-scaled-600x338.jpg 600w, https:\/\/svetslik.si\/wp-content\/uploads\/2021\/09\/claude-monet-Impression-sunrise-3-scaled-1200x675.jpg 1200w, https:\/\/svetslik.si\/wp-content\/uploads\/2021\/09\/claude-monet-Impression-sunrise-3-300x169.jpg 300w, https:\/\/svetslik.si\/wp-content\/uploads\/2021\/09\/claude-monet-Impression-sunrise-3-1024x577.jpg 1024w, https:\/\/svetslik.si\/wp-content\/uploads\/2021\/09\/claude-monet-Impression-sunrise-3-768x432.jpg 768w, https:\/\/svetslik.si\/wp-content\/uploads\/2021\/09\/claude-monet-Impression-sunrise-3-1536x865.jpg 1536w, https:\/\/svetslik.si\/wp-content\/uploads\/2021\/09\/claude-monet-Impression-sunrise-3-2048x1153.jpg 2048w, https:\/\/svetslik.si\/wp-content\/uploads\/2021\/09\/claude-monet-Impression-sunrise-3-18x10.jpg 18w, https:\/\/svetslik.si\/wp-content\/uploads\/2021\/09\/claude-monet-Impression-sunrise-3-150x84.jpg 150w\" sizes=\"(max-width: 2560px) 100vw, 2560px\" \/>\t\t\t\t<\/div>\n\t\t\t\t\t\t\t\t\t\t\t<\/div>\n\t<\/div>\n  [\/vc_column][\/vc_row]\n<\/div>","protected":false},"excerpt":{"rendered":"<p>[vc_row][vc_column][vc_column_text][vc_red][vc_stupac][vc_stupac_tekst] Claude Monet &#8211; Impression Sunrise &nbsp; Godina stvaranja: 1872 Izvorna veli\u010dina: 63 cm x 48 cm Stil bojanja: Impresionizam Izvorna tehnika: Ulje na platnu Lokacija: Muzej Marmottan, Pariz Ulje na platnu Impression Sunrise tipi\u010dan je primjer tada novog slikarskog stila, impresionizma. Na ovoj slici Monet je prikazao luku Le [&hellip;]<\/p>\n","protected":false},"featured_media":21013,"template":"","meta":{"_acf_changed":false},"product_brand":[],"product_cat":[3369],"product_tag":[4075,4069,4070,4071],"class_list":{"0":"post-23922","1":"product","2":"type-product","3":"status-publish","4":"has-post-thumbnail","6":"product_cat-claude-monet","7":"product_tag-monet-hr","8":"product_tag-reprodukcija-hr","9":"product_tag-reprodukcije-hr","10":"product_tag-slikar-hr","11":"pa_dimenzija-120-x-90-cm","12":"pa_dimenzija-150-x-110-cm","13":"pa_dimenzija-40-x-30-cm","14":"pa_dimenzija-50-x-40-cm","15":"pa_dimenzija-63-x-48-cm","16":"pa_dimenzija-70-x-50-cm","17":"pa_dimenzija-80-x-60-cm","18":"pa_dimenzija-90-x-70-cm","19":"pa_oblika-horizontalno","20":"pa_okvir-bez-okvira","21":"pa_podokvir-bez-podokvira","22":"pa_podokvir-sa-podokvirom","24":"first","25":"onbackorder","26":"purchasable","27":"product-type-variable","28":"has-default-attributes"},"acf":[],"yoast_head":"<!-- This site is optimized with the Yoast SEO Premium plugin v26.0 (Yoast SEO v27.2) - https:\/\/yoast.com\/product\/yoast-seo-premium-wordpress\/ -->\n<title>Claude Monet - Impression Sunrise - SVETSLIK.SI - 100% ru\u010dno naslikano<\/title>\n<meta name=\"description\" content=\"Claude Monet - Impression Sunrise - 100% ru\u010dno naslikane reprodukcije slika na platnu. Uramljivanje slika, prodaja i izrada slika u dimenzijama po narud\u017ebi.\" \/>\n<meta name=\"robots\" content=\"index, follow, max-snippet:-1, max-image-preview:large, max-video-preview:-1\" \/>\n<link rel=\"canonical\" href=\"https:\/\/svetslik.si\/hr\/claude-monet\/impression-sunrise\/\" \/>\n<meta property=\"og:locale\" content=\"hr_HR\" \/>\n<meta property=\"og:type\" content=\"article\" \/>\n<meta property=\"og:title\" content=\"Claude Monet - Impression Sunrise\" \/>\n<meta property=\"og:description\" content=\"100% ro\u010dno naslikane slike na platnu, reprodukcije znanih slikarjev in umetni\u0161ke slike po naro\u010dilu.\" \/>\n<meta property=\"og:url\" content=\"https:\/\/svetslik.si\/hr\/claude-monet\/impression-sunrise\/\" \/>\n<meta property=\"og:site_name\" content=\"SVETSLIK.SI\" \/>\n<meta property=\"article:publisher\" content=\"https:\/\/www.facebook.com\/svetslik.si\" \/>\n<meta property=\"article:modified_time\" content=\"2026-03-13T16:36:42+00:00\" \/>\n<meta property=\"og:image\" content=\"https:\/\/svetslik.si\/wp-content\/uploads\/2021\/09\/Monet_-_Impression_Sunrise-scaled.jpg\" \/>\n\t<meta property=\"og:image:width\" content=\"2560\" \/>\n\t<meta property=\"og:image:height\" content=\"1986\" \/>\n\t<meta property=\"og:image:type\" content=\"image\/jpeg\" \/>\n<meta name=\"twitter:card\" content=\"summary_large_image\" \/>\n<meta name=\"twitter:site\" content=\"@svetslik\" \/>\n<meta name=\"twitter:label1\" content=\"Availability\" \/>\n\t<meta name=\"twitter:data1\" content=\"On backorder\" \/>\n<script type=\"application\/ld+json\" class=\"yoast-schema-graph\">{\"@context\":\"https:\/\/schema.org\",\"@graph\":[{\"@type\":[\"WebPage\",\"ItemPage\"],\"@id\":\"https:\/\/svetslik.si\/hr\/claude-monet\/impression-sunrise\/\",\"url\":\"https:\/\/svetslik.si\/hr\/claude-monet\/impression-sunrise\/\",\"name\":\"Claude Monet - Impression Sunrise - SVETSLIK.SI - 100% ru\u010dno naslikano\",\"isPartOf\":{\"@id\":\"https:\/\/svetslik.si\/hr\/#website\"},\"primaryImageOfPage\":{\"@id\":\"https:\/\/svetslik.si\/hr\/claude-monet\/impression-sunrise\/#primaryimage\"},\"image\":{\"@id\":\"https:\/\/svetslik.si\/hr\/claude-monet\/impression-sunrise\/#primaryimage\"},\"thumbnailUrl\":\"https:\/\/svetslik.si\/wp-content\/uploads\/2021\/09\/Monet_-_Impression_Sunrise-scaled.jpg\",\"datePublished\":\"2021-09-02T15:42:32+00:00\",\"dateModified\":\"2026-03-13T16:36:42+00:00\",\"description\":\"Claude Monet - Impression Sunrise - 100% ru\u010dno naslikane reprodukcije slika na platnu. Uramljivanje slika, prodaja i izrada slika u dimenzijama po narud\u017ebi.\",\"breadcrumb\":{\"@id\":\"https:\/\/svetslik.si\/hr\/claude-monet\/impression-sunrise\/#breadcrumb\"},\"inLanguage\":\"hr\",\"potentialAction\":[{\"@type\":\"ReadAction\",\"target\":[\"https:\/\/svetslik.si\/hr\/claude-monet\/impression-sunrise\/\"]}]},{\"@type\":\"ImageObject\",\"inLanguage\":\"hr\",\"@id\":\"https:\/\/svetslik.si\/hr\/claude-monet\/impression-sunrise\/#primaryimage\",\"url\":\"https:\/\/svetslik.si\/wp-content\/uploads\/2021\/09\/Monet_-_Impression_Sunrise-scaled.jpg\",\"contentUrl\":\"https:\/\/svetslik.si\/wp-content\/uploads\/2021\/09\/Monet_-_Impression_Sunrise-scaled.jpg\",\"width\":2560,\"height\":1986,\"caption\":\"Monet - Impresija, Izlazak sunca - Reprodukcije poznatih slikarjev, moderne zidne slike, umjetni\u010dke slike za zid\"},{\"@type\":\"BreadcrumbList\",\"@id\":\"https:\/\/svetslik.si\/hr\/claude-monet\/impression-sunrise\/#breadcrumb\",\"itemListElement\":[{\"@type\":\"ListItem\",\"position\":1,\"name\":\"Umjetni\u010dke zidne slike na platnu\",\"item\":\"https:\/\/svetslik.si\/hr\/\"},{\"@type\":\"ListItem\",\"position\":2,\"name\":\"Prodaja slika\",\"item\":\"https:\/\/svetslik.si\/prodaja-slik\/\"},{\"@type\":\"ListItem\",\"position\":3,\"name\":\"Claude Monet &#8211; Impression Sunrise\"}]},{\"@type\":\"WebSite\",\"@id\":\"https:\/\/svetslik.si\/hr\/#website\",\"url\":\"https:\/\/svetslik.si\/hr\/\",\"name\":\"SVETSLIK.SI\",\"description\":\"100% ru\u010dno naslikane reprodukcije slika poznatih slikara in umjetni\u010dke zidne slike na platnu.\",\"publisher\":{\"@id\":\"https:\/\/svetslik.si\/hr\/#organization\"},\"potentialAction\":[{\"@type\":\"SearchAction\",\"target\":{\"@type\":\"EntryPoint\",\"urlTemplate\":\"https:\/\/svetslik.si\/hr\/?s={search_term_string}\"},\"query-input\":{\"@type\":\"PropertyValueSpecification\",\"valueRequired\":true,\"valueName\":\"search_term_string\"}}],\"inLanguage\":\"hr\"},{\"@type\":\"Organization\",\"@id\":\"https:\/\/svetslik.si\/hr\/#organization\",\"name\":\"SvetSlik.si\",\"url\":\"https:\/\/svetslik.si\/hr\/\",\"logo\":{\"@type\":\"ImageObject\",\"inLanguage\":\"hr\",\"@id\":\"https:\/\/svetslik.si\/hr\/#\/schema\/logo\/image\/\",\"url\":\"https:\/\/svetslik.si\/wp-content\/uploads\/2020\/12\/logo-512.png\",\"contentUrl\":\"https:\/\/svetslik.si\/wp-content\/uploads\/2020\/12\/logo-512.png\",\"width\":512,\"height\":512,\"caption\":\"SvetSlik.si\"},\"image\":{\"@id\":\"https:\/\/svetslik.si\/hr\/#\/schema\/logo\/image\/\"},\"sameAs\":[\"https:\/\/www.facebook.com\/svetslik.si\",\"https:\/\/x.com\/svetslik\",\"https:\/\/www.instagram.com\/svetslik.si\/\",\"https:\/\/www.linkedin.com\/company\/svetslik-si\"]}]}<\/script>\n<meta property=\"og:availability\" content=\"backorder\" \/>\n<meta property=\"product:availability\" content=\"available for order\" \/>\n<meta property=\"product:retailer_item_id\" content=\"49__\" \/>\n<meta property=\"product:condition\" content=\"new\" \/>\n<!-- \/ Yoast SEO Premium plugin. -->","yoast_head_json":{"title":"Claude Monet - Impression Sunrise - SVETSLIK.SI - 100% ru\u010dno naslikano","description":"Claude Monet - Impression Sunrise - 100% ru\u010dno naslikane reprodukcije slika na platnu. Uramljivanje slika, prodaja i izrada slika u dimenzijama po narud\u017ebi.","robots":{"index":"index","follow":"follow","max-snippet":"max-snippet:-1","max-image-preview":"max-image-preview:large","max-video-preview":"max-video-preview:-1"},"canonical":"https:\/\/svetslik.si\/hr\/claude-monet\/impression-sunrise\/","og_locale":"hr_HR","og_type":"article","og_title":"Claude Monet - Impression Sunrise","og_description":"100% ro\u010dno naslikane slike na platnu, reprodukcije znanih slikarjev in umetni\u0161ke slike po naro\u010dilu.","og_url":"https:\/\/svetslik.si\/hr\/claude-monet\/impression-sunrise\/","og_site_name":"SVETSLIK.SI","article_publisher":"https:\/\/www.facebook.com\/svetslik.si","article_modified_time":"2026-03-13T16:36:42+00:00","og_image":[{"width":2560,"height":1986,"url":"https:\/\/svetslik.si\/wp-content\/uploads\/2021\/09\/Monet_-_Impression_Sunrise-scaled.jpg","type":"image\/jpeg"}],"twitter_card":"summary_large_image","twitter_site":"@svetslik","twitter_misc":{"Availability":"On backorder"},"schema":{"@context":"https:\/\/schema.org","@graph":[{"@type":["WebPage","ItemPage"],"@id":"https:\/\/svetslik.si\/hr\/claude-monet\/impression-sunrise\/","url":"https:\/\/svetslik.si\/hr\/claude-monet\/impression-sunrise\/","name":"Claude Monet - Impression Sunrise - SVETSLIK.SI - 100% ru\u010dno naslikano","isPartOf":{"@id":"https:\/\/svetslik.si\/hr\/#website"},"primaryImageOfPage":{"@id":"https:\/\/svetslik.si\/hr\/claude-monet\/impression-sunrise\/#primaryimage"},"image":{"@id":"https:\/\/svetslik.si\/hr\/claude-monet\/impression-sunrise\/#primaryimage"},"thumbnailUrl":"https:\/\/svetslik.si\/wp-content\/uploads\/2021\/09\/Monet_-_Impression_Sunrise-scaled.jpg","datePublished":"2021-09-02T15:42:32+00:00","dateModified":"2026-03-13T16:36:42+00:00","description":"Claude Monet - Impression Sunrise - 100% ru\u010dno naslikane reprodukcije slika na platnu. Uramljivanje slika, prodaja i izrada slika u dimenzijama po narud\u017ebi.","breadcrumb":{"@id":"https:\/\/svetslik.si\/hr\/claude-monet\/impression-sunrise\/#breadcrumb"},"inLanguage":"hr","potentialAction":[{"@type":"ReadAction","target":["https:\/\/svetslik.si\/hr\/claude-monet\/impression-sunrise\/"]}]},{"@type":"ImageObject","inLanguage":"hr","@id":"https:\/\/svetslik.si\/hr\/claude-monet\/impression-sunrise\/#primaryimage","url":"https:\/\/svetslik.si\/wp-content\/uploads\/2021\/09\/Monet_-_Impression_Sunrise-scaled.jpg","contentUrl":"https:\/\/svetslik.si\/wp-content\/uploads\/2021\/09\/Monet_-_Impression_Sunrise-scaled.jpg","width":2560,"height":1986,"caption":"Monet - Impresija, Izlazak sunca - Reprodukcije poznatih slikarjev, moderne zidne slike, umjetni\u010dke slike za zid"},{"@type":"BreadcrumbList","@id":"https:\/\/svetslik.si\/hr\/claude-monet\/impression-sunrise\/#breadcrumb","itemListElement":[{"@type":"ListItem","position":1,"name":"Umjetni\u010dke zidne slike na platnu","item":"https:\/\/svetslik.si\/hr\/"},{"@type":"ListItem","position":2,"name":"Prodaja slika","item":"https:\/\/svetslik.si\/prodaja-slik\/"},{"@type":"ListItem","position":3,"name":"Claude Monet &#8211; Impression Sunrise"}]},{"@type":"WebSite","@id":"https:\/\/svetslik.si\/hr\/#website","url":"https:\/\/svetslik.si\/hr\/","name":"SVETSLIK.SI","description":"100% ru\u010dno naslikane reprodukcije slika poznatih slikara in umjetni\u010dke zidne slike na platnu.","publisher":{"@id":"https:\/\/svetslik.si\/hr\/#organization"},"potentialAction":[{"@type":"SearchAction","target":{"@type":"EntryPoint","urlTemplate":"https:\/\/svetslik.si\/hr\/?s={search_term_string}"},"query-input":{"@type":"PropertyValueSpecification","valueRequired":true,"valueName":"search_term_string"}}],"inLanguage":"hr"},{"@type":"Organization","@id":"https:\/\/svetslik.si\/hr\/#organization","name":"SvetSlik.si","url":"https:\/\/svetslik.si\/hr\/","logo":{"@type":"ImageObject","inLanguage":"hr","@id":"https:\/\/svetslik.si\/hr\/#\/schema\/logo\/image\/","url":"https:\/\/svetslik.si\/wp-content\/uploads\/2020\/12\/logo-512.png","contentUrl":"https:\/\/svetslik.si\/wp-content\/uploads\/2020\/12\/logo-512.png","width":512,"height":512,"caption":"SvetSlik.si"},"image":{"@id":"https:\/\/svetslik.si\/hr\/#\/schema\/logo\/image\/"},"sameAs":["https:\/\/www.facebook.com\/svetslik.si","https:\/\/x.com\/svetslik","https:\/\/www.instagram.com\/svetslik.si\/","https:\/\/www.linkedin.com\/company\/svetslik-si"]}]},"og_availability":"backorder","product_availability":"available for order","product_retailer_item_id":"49__","product_condition":"new"},"jetpack_sharing_enabled":true,"_links":{"self":[{"href":"https:\/\/svetslik.si\/hr\/wp-json\/wp\/v2\/product\/23922","targetHints":{"allow":["GET"]}}],"collection":[{"href":"https:\/\/svetslik.si\/hr\/wp-json\/wp\/v2\/product"}],"about":[{"href":"https:\/\/svetslik.si\/hr\/wp-json\/wp\/v2\/types\/product"}],"wp:featuredmedia":[{"embeddable":true,"href":"https:\/\/svetslik.si\/hr\/wp-json\/wp\/v2\/media\/21013"}],"wp:attachment":[{"href":"https:\/\/svetslik.si\/hr\/wp-json\/wp\/v2\/media?parent=23922"}],"wp:term":[{"taxonomy":"product_brand","embeddable":true,"href":"https:\/\/svetslik.si\/hr\/wp-json\/wp\/v2\/product_brand?post=23922"},{"taxonomy":"product_cat","embeddable":true,"href":"https:\/\/svetslik.si\/hr\/wp-json\/wp\/v2\/product_cat?post=23922"},{"taxonomy":"product_tag","embeddable":true,"href":"https:\/\/svetslik.si\/hr\/wp-json\/wp\/v2\/product_tag?post=23922"}],"curies":[{"name":"wp","href":"https:\/\/api.w.org\/{rel}","templated":true}]}}