{"id":24246,"date":"2021-09-02T18:02:10","date_gmt":"2021-09-02T16:02:10","guid":{"rendered":"https:\/\/svetslik.si\/Bez%20kategorije\/peasant-woman-seated-in-the-grass-paysanne-assise-dans-lherbe\/"},"modified":"2025-03-17T23:03:15","modified_gmt":"2025-03-17T22:03:15","slug":"peasant-woman-seated-in-the-grass-paysanne-assise-dans-lherbe","status":"publish","type":"product","link":"https:\/\/svetslik.si\/hr\/georges-seurat\/peasant-woman-seated-in-the-grass-paysanne-assise-dans-lherbe\/","title":{"rendered":"Georges Seurat &#8211; Peasant Woman Seated in the Grass (Paysanne assise dans l&#8217;herbe)"},"content":{"rendered":"<div class=\"wpb-content-wrapper\">[vc_row css=&#8221;.vc_custom_1742248879059{margin-bottom: 10px !important;}&#8221;][vc_column]\t<div class=\"et-image-44 et-image     et_image_link\">\n\t\t<div class=\"et-image-inner \">\n\t\t\t\t\t\t\t<div class=\"et-image-thumb \">\n\t\t\t\t\t<img decoding=\"async\" width=\"1500\" height=\"1344\" src=\"https:\/\/svetslik.si\/wp-content\/uploads\/2021\/09\/Georges-Seurat-\u2013-Peasant-Woman-Seated-in-the-Grass-Paysanne-assise-dans-lherbe-slike-na-platnu.jpg\" class=\"attachment-full\" alt=\"Georges Seurat - Peasant Woman Seated in the Grass (Paysanne assise dans l&#039;herbe)\" title=\"Georges Seurat - Peasant Woman Seated in the Grass (Paysanne assise dans l&#039;herbe)\" srcset=\"https:\/\/svetslik.si\/wp-content\/uploads\/2021\/09\/Georges-Seurat-\u2013-Peasant-Woman-Seated-in-the-Grass-Paysanne-assise-dans-lherbe-slike-na-platnu.jpg 1500w, https:\/\/svetslik.si\/wp-content\/uploads\/2021\/09\/Georges-Seurat-\u2013-Peasant-Woman-Seated-in-the-Grass-Paysanne-assise-dans-lherbe-slike-na-platnu-600x538.jpg 600w, https:\/\/svetslik.si\/wp-content\/uploads\/2021\/09\/Georges-Seurat-\u2013-Peasant-Woman-Seated-in-the-Grass-Paysanne-assise-dans-lherbe-slike-na-platnu-1200x1075.jpg 1200w, https:\/\/svetslik.si\/wp-content\/uploads\/2021\/09\/Georges-Seurat-\u2013-Peasant-Woman-Seated-in-the-Grass-Paysanne-assise-dans-lherbe-slike-na-platnu-300x269.jpg 300w, https:\/\/svetslik.si\/wp-content\/uploads\/2021\/09\/Georges-Seurat-\u2013-Peasant-Woman-Seated-in-the-Grass-Paysanne-assise-dans-lherbe-slike-na-platnu-1024x918.jpg 1024w, https:\/\/svetslik.si\/wp-content\/uploads\/2021\/09\/Georges-Seurat-\u2013-Peasant-Woman-Seated-in-the-Grass-Paysanne-assise-dans-lherbe-slike-na-platnu-768x688.jpg 768w, https:\/\/svetslik.si\/wp-content\/uploads\/2021\/09\/Georges-Seurat-\u2013-Peasant-Woman-Seated-in-the-Grass-Paysanne-assise-dans-lherbe-slike-na-platnu-150x134.jpg 150w\" sizes=\"(max-width: 1500px) 100vw, 1500px\" \/>\t\t\t\t<\/div>\n\t\t\t\t\t\t\t\t\t\t\t<\/div>\n\t<\/div>\n  [\/vc_column][\/vc_row][vc_row css=&#8221;.vc_custom_1742248879059{margin-bottom: 10px !important;}&#8221;][vc_column]\t<div class=\"et-image-63 et-image     et_image_link\">\n\t\t<div class=\"et-image-inner \">\n\t\t\t\t\t\t\t<div class=\"et-image-thumb \">\n\t\t\t\t\t<img decoding=\"async\" width=\"1500\" height=\"2054\" src=\"https:\/\/svetslik.si\/wp-content\/uploads\/2021\/09\/Georges-Seurat-\u2013-Peasant-Woman-Seated-in-the-Grass-Paysanne-assise-dans-lherbe-slike-na-platnu-2.jpg\" class=\"attachment-full\" alt=\"Georges Seurat - Peasant Woman Seated in the Grass (Paysanne assise dans l&#039;herbe)\" title=\"Georges Seurat - Peasant Woman Seated in the Grass (Paysanne assise dans l&#039;herbe)\" srcset=\"https:\/\/svetslik.si\/wp-content\/uploads\/2021\/09\/Georges-Seurat-\u2013-Peasant-Woman-Seated-in-the-Grass-Paysanne-assise-dans-lherbe-slike-na-platnu-2.jpg 1500w, https:\/\/svetslik.si\/wp-content\/uploads\/2021\/09\/Georges-Seurat-\u2013-Peasant-Woman-Seated-in-the-Grass-Paysanne-assise-dans-lherbe-slike-na-platnu-2-600x822.jpg 600w, https:\/\/svetslik.si\/wp-content\/uploads\/2021\/09\/Georges-Seurat-\u2013-Peasant-Woman-Seated-in-the-Grass-Paysanne-assise-dans-lherbe-slike-na-platnu-2-1200x1643.jpg 1200w, https:\/\/svetslik.si\/wp-content\/uploads\/2021\/09\/Georges-Seurat-\u2013-Peasant-Woman-Seated-in-the-Grass-Paysanne-assise-dans-lherbe-slike-na-platnu-2-219x300.jpg 219w, https:\/\/svetslik.si\/wp-content\/uploads\/2021\/09\/Georges-Seurat-\u2013-Peasant-Woman-Seated-in-the-Grass-Paysanne-assise-dans-lherbe-slike-na-platnu-2-748x1024.jpg 748w, https:\/\/svetslik.si\/wp-content\/uploads\/2021\/09\/Georges-Seurat-\u2013-Peasant-Woman-Seated-in-the-Grass-Paysanne-assise-dans-lherbe-slike-na-platnu-2-768x1052.jpg 768w, https:\/\/svetslik.si\/wp-content\/uploads\/2021\/09\/Georges-Seurat-\u2013-Peasant-Woman-Seated-in-the-Grass-Paysanne-assise-dans-lherbe-slike-na-platnu-2-1122x1536.jpg 1122w, https:\/\/svetslik.si\/wp-content\/uploads\/2021\/09\/Georges-Seurat-\u2013-Peasant-Woman-Seated-in-the-Grass-Paysanne-assise-dans-lherbe-slike-na-platnu-2-1496x2048.jpg 1496w, https:\/\/svetslik.si\/wp-content\/uploads\/2021\/09\/Georges-Seurat-\u2013-Peasant-Woman-Seated-in-the-Grass-Paysanne-assise-dans-lherbe-slike-na-platnu-2-110x150.jpg 110w\" sizes=\"(max-width: 1500px) 100vw, 1500px\" \/>\t\t\t\t<\/div>\n\t\t\t\t\t\t\t\t\t\t\t<\/div>\n\t<\/div>\n  [\/vc_column][\/vc_row][vc_row css=&#8221;.vc_custom_1742248879059{margin-bottom: 10px !important;}&#8221;][vc_column]\t<div class=\"et-image-700 et-image     et_image_link\">\n\t\t<div class=\"et-image-inner \">\n\t\t\t\t\t\t\t<div class=\"et-image-thumb \">\n\t\t\t\t\t<img decoding=\"async\" width=\"1500\" height=\"1319\" src=\"https:\/\/svetslik.si\/wp-content\/uploads\/2021\/09\/Georges-Seurat-\u2013-Peasant-Woman-Seated-in-the-Grass-Paysanne-assise-dans-lherbe-slike-na-platnu-3.jpg\" class=\"attachment-full\" alt=\"Georges Seurat \u2013 Peasant Woman Seated in the Grass (Paysanne assise dans l\u2019herbe) - slike na platnu\" title=\"Georges Seurat - Peasant Woman Seated in the Grass (Paysanne assise dans l&#039;herbe)\" srcset=\"https:\/\/svetslik.si\/wp-content\/uploads\/2021\/09\/Georges-Seurat-\u2013-Peasant-Woman-Seated-in-the-Grass-Paysanne-assise-dans-lherbe-slike-na-platnu-3.jpg 1500w, https:\/\/svetslik.si\/wp-content\/uploads\/2021\/09\/Georges-Seurat-\u2013-Peasant-Woman-Seated-in-the-Grass-Paysanne-assise-dans-lherbe-slike-na-platnu-3-600x528.jpg 600w, https:\/\/svetslik.si\/wp-content\/uploads\/2021\/09\/Georges-Seurat-\u2013-Peasant-Woman-Seated-in-the-Grass-Paysanne-assise-dans-lherbe-slike-na-platnu-3-1200x1055.jpg 1200w, https:\/\/svetslik.si\/wp-content\/uploads\/2021\/09\/Georges-Seurat-\u2013-Peasant-Woman-Seated-in-the-Grass-Paysanne-assise-dans-lherbe-slike-na-platnu-3-300x264.jpg 300w, https:\/\/svetslik.si\/wp-content\/uploads\/2021\/09\/Georges-Seurat-\u2013-Peasant-Woman-Seated-in-the-Grass-Paysanne-assise-dans-lherbe-slike-na-platnu-3-1024x900.jpg 1024w, https:\/\/svetslik.si\/wp-content\/uploads\/2021\/09\/Georges-Seurat-\u2013-Peasant-Woman-Seated-in-the-Grass-Paysanne-assise-dans-lherbe-slike-na-platnu-3-768x675.jpg 768w, https:\/\/svetslik.si\/wp-content\/uploads\/2021\/09\/Georges-Seurat-\u2013-Peasant-Woman-Seated-in-the-Grass-Paysanne-assise-dans-lherbe-slike-na-platnu-3-150x132.jpg 150w\" sizes=\"(max-width: 1500px) 100vw, 1500px\" \/>\t\t\t\t<\/div>\n\t\t\t\t\t\t\t\t\t\t\t<\/div>\n\t<\/div>\n  [\/vc_column][\/vc_row][vc_row css=&#8221;.vc_custom_1742248879059{margin-bottom: 10px !important;}&#8221;][vc_column]\t<div class=\"et-image-554 et-image     et_image_link\">\n\t\t<div class=\"et-image-inner \">\n\t\t\t\t\t\t\t<div class=\"et-image-thumb \">\n\t\t\t\t\t<img decoding=\"async\" width=\"1500\" height=\"1125\" src=\"https:\/\/svetslik.si\/wp-content\/uploads\/2021\/09\/Georges-Seurat-\u2013-Peasant-Woman-Seated-in-the-Grass-Paysanne-assise-dans-lherbe-slike-na-platnu-4.jpg\" class=\"attachment-full\" alt=\"Georges Seurat \u2013 Peasant Woman Seated in the Grass (Paysanne assise dans l\u2019herbe) - slike na platnu\" title=\"Georges Seurat - Peasant Woman Seated in the Grass (Paysanne assise dans l&#039;herbe)\" srcset=\"https:\/\/svetslik.si\/wp-content\/uploads\/2021\/09\/Georges-Seurat-\u2013-Peasant-Woman-Seated-in-the-Grass-Paysanne-assise-dans-lherbe-slike-na-platnu-4.jpg 1500w, https:\/\/svetslik.si\/wp-content\/uploads\/2021\/09\/Georges-Seurat-\u2013-Peasant-Woman-Seated-in-the-Grass-Paysanne-assise-dans-lherbe-slike-na-platnu-4-600x450.jpg 600w, https:\/\/svetslik.si\/wp-content\/uploads\/2021\/09\/Georges-Seurat-\u2013-Peasant-Woman-Seated-in-the-Grass-Paysanne-assise-dans-lherbe-slike-na-platnu-4-1200x900.jpg 1200w, https:\/\/svetslik.si\/wp-content\/uploads\/2021\/09\/Georges-Seurat-\u2013-Peasant-Woman-Seated-in-the-Grass-Paysanne-assise-dans-lherbe-slike-na-platnu-4-300x225.jpg 300w, https:\/\/svetslik.si\/wp-content\/uploads\/2021\/09\/Georges-Seurat-\u2013-Peasant-Woman-Seated-in-the-Grass-Paysanne-assise-dans-lherbe-slike-na-platnu-4-1024x768.jpg 1024w, https:\/\/svetslik.si\/wp-content\/uploads\/2021\/09\/Georges-Seurat-\u2013-Peasant-Woman-Seated-in-the-Grass-Paysanne-assise-dans-lherbe-slike-na-platnu-4-768x576.jpg 768w, https:\/\/svetslik.si\/wp-content\/uploads\/2021\/09\/Georges-Seurat-\u2013-Peasant-Woman-Seated-in-the-Grass-Paysanne-assise-dans-lherbe-slike-na-platnu-4-150x113.jpg 150w\" sizes=\"(max-width: 1500px) 100vw, 1500px\" \/>\t\t\t\t<\/div>\n\t\t\t\t\t\t\t\t\t\t\t<\/div>\n\t<\/div>\n  [\/vc_column][\/vc_row][vc_row][vc_column][vc_column_text]\n<h1>Georger Seurat &#8211; Seljanka koja sjedi u travi (Paysanne assise dans l&#8217;herbe)<\/h1>\n<p>&nbsp;<\/p>\n<table style=\"width: 673px;\" border=\"0\" width=\"673\" cellspacing=\"0\" cellpadding=\"0\">\n<tbody>\n<tr>\n<td style=\"width: 180px; height: 21px;\" height=\"21\">Godina nastanka:<\/td>\n<td style=\"width: 493px;\">1883<\/td>\n<\/tr>\n<tr>\n<td style=\"width: 180px; height: 21px;\" height=\"21\">Izvorna veli\u010dina:<\/td>\n<td style=\"width: 493px;\">46,2 cm x 38,1 cm<\/td>\n<\/tr>\n<tr>\n<td style=\"width: 180px; height: 21px;\" height=\"21\">Stil slikanja:<\/td>\n<td style=\"width: 493px;\">Pointilizam<\/td>\n<\/tr>\n<tr>\n<td style=\"width: 180px; height: 21px;\" height=\"21\">Izvorna tehnika:<\/td>\n<td>Ulje na platnu<\/td>\n<\/tr>\n<tr>\n<td style=\"width: 180px; height: 21px;\" height=\"21\">Nalazi se:<\/td>\n<td>Guggenheimov muzej, New York<\/td>\n<\/tr>\n<\/tbody>\n<colgroup><\/colgroup>\n<\/table>\n<p>Seuratove \u017eivahne i skladne slike, sastavljene od jasnih to\u010dkica komplementarnih boja, revolucionirale su svijet slikarstva. Umjetnik se \u010desto posve\u0107ivao ruralnim i urbano-socijalnim temama.<\/p>\n<\/div>","protected":false},"excerpt":{"rendered":"<p>[vc_row css=&#8221;.vc_custom_1742248879059{margin-bottom: 10px !important;}&#8221;][vc_column][\/vc_column][\/vc_row][vc_row css=&#8221;.vc_custom_1742248879059{margin-bottom: 10px !important;}&#8221;][vc_column][\/vc_column][\/vc_row][vc_row css=&#8221;.vc_custom_1742248879059{margin-bottom: 10px !important;}&#8221;][vc_column][\/vc_column][\/vc_row][vc_row css=&#8221;.vc_custom_1742248879059{margin-bottom: 10px !important;}&#8221;][vc_column][\/vc_column][\/vc_row][vc_row][vc_column][vc_column_text] Georger Seurat &#8211; Seljanka koja sjedi u travi (Paysanne assise dans l&#8217;herbe) &nbsp; Godina nastanka: 1883 Izvorna veli\u010dina: 46,2 cm x 38,1 cm Stil slikanja: Pointilizam Izvorna tehnika: Ulje na platnu Nalazi se: Guggenheimov muzej, New York [&hellip;]<\/p>\n","protected":false},"featured_media":20576,"template":"","meta":{"_acf_changed":false},"product_brand":[],"product_cat":[3372],"product_tag":[4069,4070,4079,4071],"class_list":{"0":"post-24246","1":"product","2":"type-product","3":"status-publish","4":"has-post-thumbnail","6":"product_cat-georges-seurat","7":"product_tag-reprodukcija-hr","8":"product_tag-reprodukcije-hr","9":"product_tag-seurat-hr","10":"product_tag-slikar-hr","11":"pa_dimenzija-120-x-100-cm-hr","12":"pa_dimenzija-150-x-120-cm-hr","13":"pa_dimenzija-46-x-38-cm-hr","14":"pa_dimenzija-50-x-40-cm-hr","15":"pa_dimenzija-60-x-50-cm-hr","16":"pa_dimenzija-70-x-60-cm-hr","17":"pa_dimenzija-80-x-65-cm-hr","18":"pa_dimenzija-90-x-75-cm-hr","19":"pa_oblika-horizontalno","20":"pa_okvir-bez-okvira","21":"pa_podokvir-bez-podokvira","22":"pa_podokvir-sa-podokvirom","24":"first","25":"onbackorder","26":"purchasable","27":"product-type-variable","28":"has-default-attributes"},"acf":[],"yoast_head":"<!-- This site is optimized with the Yoast SEO Premium plugin v26.0 (Yoast SEO v27.2) - https:\/\/yoast.com\/product\/yoast-seo-premium-wordpress\/ -->\n<title>Georges Seurat - Peasant Woman Seated in the Grass (Paysanne assise dans l&#039;herbe) - SVETSLIK.SI - 100% ru\u010dno naslikano<\/title>\n<meta name=\"description\" content=\"Georges Seurat - Peasant Woman Seated in the Grass (Paysanne assise dans l&#039;herbe) - 100% ru\u010dno naslikane reprodukcije slika na platnu. Okvirivanje slika, prodaja i izrada slika u dimenzijama po narud\u017ebi.\" \/>\n<meta name=\"robots\" content=\"index, follow, max-snippet:-1, max-image-preview:large, max-video-preview:-1\" \/>\n<link rel=\"canonical\" href=\"https:\/\/svetslik.si\/hr\/georges-seurat\/peasant-woman-seated-in-the-grass-paysanne-assise-dans-lherbe\/\" \/>\n<meta property=\"og:locale\" content=\"hr_HR\" \/>\n<meta property=\"og:type\" content=\"article\" \/>\n<meta property=\"og:title\" content=\"Georges Seurat - Peasant Woman Seated in the Grass (Paysanne assise dans l&#039;herbe)\" \/>\n<meta property=\"og:description\" content=\"100% ro\u010dno naslikane slike na platnu, reprodukcije znanih slikarjev in umetni\u0161ke slike po naro\u010dilu.\" \/>\n<meta property=\"og:url\" content=\"https:\/\/svetslik.si\/hr\/georges-seurat\/peasant-woman-seated-in-the-grass-paysanne-assise-dans-lherbe\/\" \/>\n<meta property=\"og:site_name\" content=\"SVETSLIK.SI\" \/>\n<meta property=\"article:publisher\" content=\"https:\/\/www.facebook.com\/svetslik.si\" \/>\n<meta property=\"article:modified_time\" content=\"2025-03-17T22:03:15+00:00\" \/>\n<meta property=\"og:image\" content=\"https:\/\/svetslik.si\/wp-content\/uploads\/2021\/08\/image_Peasant-Woman-Seated-in-the-Grass-Paysanne-assise-dans-l-herbe-Seurat_680.jpg\" \/>\n\t<meta property=\"og:image:width\" content=\"1800\" \/>\n\t<meta property=\"og:image:height\" content=\"1486\" \/>\n\t<meta property=\"og:image:type\" content=\"image\/jpeg\" \/>\n<meta name=\"twitter:card\" content=\"summary_large_image\" \/>\n<meta name=\"twitter:site\" content=\"@svetslik\" \/>\n<meta name=\"twitter:label1\" content=\"Availability\" \/>\n\t<meta name=\"twitter:data1\" content=\"On backorder\" \/>\n<script type=\"application\/ld+json\" class=\"yoast-schema-graph\">{\"@context\":\"https:\/\/schema.org\",\"@graph\":[{\"@type\":[\"WebPage\",\"ItemPage\"],\"@id\":\"https:\/\/svetslik.si\/hr\/georges-seurat\/peasant-woman-seated-in-the-grass-paysanne-assise-dans-lherbe\/\",\"url\":\"https:\/\/svetslik.si\/hr\/georges-seurat\/peasant-woman-seated-in-the-grass-paysanne-assise-dans-lherbe\/\",\"name\":\"Georges Seurat - Peasant Woman Seated in the Grass (Paysanne assise dans l'herbe) - SVETSLIK.SI - 100% ru\u010dno naslikano\",\"isPartOf\":{\"@id\":\"https:\/\/svetslik.si\/hr\/#website\"},\"primaryImageOfPage\":{\"@id\":\"https:\/\/svetslik.si\/hr\/georges-seurat\/peasant-woman-seated-in-the-grass-paysanne-assise-dans-lherbe\/#primaryimage\"},\"image\":{\"@id\":\"https:\/\/svetslik.si\/hr\/georges-seurat\/peasant-woman-seated-in-the-grass-paysanne-assise-dans-lherbe\/#primaryimage\"},\"thumbnailUrl\":\"https:\/\/svetslik.si\/wp-content\/uploads\/2021\/08\/image_Peasant-Woman-Seated-in-the-Grass-Paysanne-assise-dans-l-herbe-Seurat_680.jpg\",\"datePublished\":\"2021-09-02T16:02:10+00:00\",\"dateModified\":\"2025-03-17T22:03:15+00:00\",\"description\":\"Georges Seurat - Peasant Woman Seated in the Grass (Paysanne assise dans l'herbe) - 100% ru\u010dno naslikane reprodukcije slika na platnu. Okvirivanje slika, prodaja i izrada slika u dimenzijama po narud\u017ebi.\",\"breadcrumb\":{\"@id\":\"https:\/\/svetslik.si\/hr\/georges-seurat\/peasant-woman-seated-in-the-grass-paysanne-assise-dans-lherbe\/#breadcrumb\"},\"inLanguage\":\"hr\",\"potentialAction\":[{\"@type\":\"ReadAction\",\"target\":[\"https:\/\/svetslik.si\/hr\/georges-seurat\/peasant-woman-seated-in-the-grass-paysanne-assise-dans-lherbe\/\"]}]},{\"@type\":\"ImageObject\",\"inLanguage\":\"hr\",\"@id\":\"https:\/\/svetslik.si\/hr\/georges-seurat\/peasant-woman-seated-in-the-grass-paysanne-assise-dans-lherbe\/#primaryimage\",\"url\":\"https:\/\/svetslik.si\/wp-content\/uploads\/2021\/08\/image_Peasant-Woman-Seated-in-the-Grass-Paysanne-assise-dans-l-herbe-Seurat_680.jpg\",\"contentUrl\":\"https:\/\/svetslik.si\/wp-content\/uploads\/2021\/08\/image_Peasant-Woman-Seated-in-the-Grass-Paysanne-assise-dans-l-herbe-Seurat_680.jpg\",\"width\":1800,\"height\":1486,\"caption\":\"Georger Seurat - Seoska \u017eena sjedi na travi (Paysanne assise dans l'herbe) - Ru\u010dno naslikane reprodukcije poznatih slikara, moderne zidne slike, umjetni\u010dke slike za zid\"},{\"@type\":\"BreadcrumbList\",\"@id\":\"https:\/\/svetslik.si\/hr\/georges-seurat\/peasant-woman-seated-in-the-grass-paysanne-assise-dans-lherbe\/#breadcrumb\",\"itemListElement\":[{\"@type\":\"ListItem\",\"position\":1,\"name\":\"Umjetni\u010dke zidne slike na platnu\",\"item\":\"https:\/\/svetslik.si\/hr\/\"},{\"@type\":\"ListItem\",\"position\":2,\"name\":\"Prodaja slika\",\"item\":\"https:\/\/svetslik.si\/prodaja-slik\/\"},{\"@type\":\"ListItem\",\"position\":3,\"name\":\"Georges Seurat &#8211; Peasant Woman Seated in the Grass (Paysanne assise dans l&#8217;herbe)\"}]},{\"@type\":\"WebSite\",\"@id\":\"https:\/\/svetslik.si\/hr\/#website\",\"url\":\"https:\/\/svetslik.si\/hr\/\",\"name\":\"SVETSLIK.SI\",\"description\":\"100% ru\u010dno naslikane reprodukcije slika poznatih slikara in umjetni\u010dke zidne slike na platnu.\",\"publisher\":{\"@id\":\"https:\/\/svetslik.si\/hr\/#organization\"},\"potentialAction\":[{\"@type\":\"SearchAction\",\"target\":{\"@type\":\"EntryPoint\",\"urlTemplate\":\"https:\/\/svetslik.si\/hr\/?s={search_term_string}\"},\"query-input\":{\"@type\":\"PropertyValueSpecification\",\"valueRequired\":true,\"valueName\":\"search_term_string\"}}],\"inLanguage\":\"hr\"},{\"@type\":\"Organization\",\"@id\":\"https:\/\/svetslik.si\/hr\/#organization\",\"name\":\"SvetSlik.si\",\"url\":\"https:\/\/svetslik.si\/hr\/\",\"logo\":{\"@type\":\"ImageObject\",\"inLanguage\":\"hr\",\"@id\":\"https:\/\/svetslik.si\/hr\/#\/schema\/logo\/image\/\",\"url\":\"https:\/\/svetslik.si\/wp-content\/uploads\/2020\/12\/logo-512.png\",\"contentUrl\":\"https:\/\/svetslik.si\/wp-content\/uploads\/2020\/12\/logo-512.png\",\"width\":512,\"height\":512,\"caption\":\"SvetSlik.si\"},\"image\":{\"@id\":\"https:\/\/svetslik.si\/hr\/#\/schema\/logo\/image\/\"},\"sameAs\":[\"https:\/\/www.facebook.com\/svetslik.si\",\"https:\/\/x.com\/svetslik\",\"https:\/\/www.instagram.com\/svetslik.si\/\",\"https:\/\/www.linkedin.com\/company\/svetslik-si\"]}]}<\/script>\n<meta property=\"og:availability\" content=\"backorder\" \/>\n<meta property=\"product:availability\" content=\"available for order\" \/>\n<meta property=\"product:retailer_item_id\" content=\"367__\" \/>\n<meta property=\"product:condition\" content=\"new\" \/>\n<!-- \/ Yoast SEO Premium plugin. -->","yoast_head_json":{"title":"Georges Seurat - Peasant Woman Seated in the Grass (Paysanne assise dans l'herbe) - SVETSLIK.SI - 100% ru\u010dno naslikano","description":"Georges Seurat - Peasant Woman Seated in the Grass (Paysanne assise dans l'herbe) - 100% ru\u010dno naslikane reprodukcije slika na platnu. Okvirivanje slika, prodaja i izrada slika u dimenzijama po narud\u017ebi.","robots":{"index":"index","follow":"follow","max-snippet":"max-snippet:-1","max-image-preview":"max-image-preview:large","max-video-preview":"max-video-preview:-1"},"canonical":"https:\/\/svetslik.si\/hr\/georges-seurat\/peasant-woman-seated-in-the-grass-paysanne-assise-dans-lherbe\/","og_locale":"hr_HR","og_type":"article","og_title":"Georges Seurat - Peasant Woman Seated in the Grass (Paysanne assise dans l'herbe)","og_description":"100% ro\u010dno naslikane slike na platnu, reprodukcije znanih slikarjev in umetni\u0161ke slike po naro\u010dilu.","og_url":"https:\/\/svetslik.si\/hr\/georges-seurat\/peasant-woman-seated-in-the-grass-paysanne-assise-dans-lherbe\/","og_site_name":"SVETSLIK.SI","article_publisher":"https:\/\/www.facebook.com\/svetslik.si","article_modified_time":"2025-03-17T22:03:15+00:00","og_image":[{"width":1800,"height":1486,"url":"https:\/\/svetslik.si\/wp-content\/uploads\/2021\/08\/image_Peasant-Woman-Seated-in-the-Grass-Paysanne-assise-dans-l-herbe-Seurat_680.jpg","type":"image\/jpeg"}],"twitter_card":"summary_large_image","twitter_site":"@svetslik","twitter_misc":{"Availability":"On backorder"},"schema":{"@context":"https:\/\/schema.org","@graph":[{"@type":["WebPage","ItemPage"],"@id":"https:\/\/svetslik.si\/hr\/georges-seurat\/peasant-woman-seated-in-the-grass-paysanne-assise-dans-lherbe\/","url":"https:\/\/svetslik.si\/hr\/georges-seurat\/peasant-woman-seated-in-the-grass-paysanne-assise-dans-lherbe\/","name":"Georges Seurat - Peasant Woman Seated in the Grass (Paysanne assise dans l'herbe) - SVETSLIK.SI - 100% ru\u010dno naslikano","isPartOf":{"@id":"https:\/\/svetslik.si\/hr\/#website"},"primaryImageOfPage":{"@id":"https:\/\/svetslik.si\/hr\/georges-seurat\/peasant-woman-seated-in-the-grass-paysanne-assise-dans-lherbe\/#primaryimage"},"image":{"@id":"https:\/\/svetslik.si\/hr\/georges-seurat\/peasant-woman-seated-in-the-grass-paysanne-assise-dans-lherbe\/#primaryimage"},"thumbnailUrl":"https:\/\/svetslik.si\/wp-content\/uploads\/2021\/08\/image_Peasant-Woman-Seated-in-the-Grass-Paysanne-assise-dans-l-herbe-Seurat_680.jpg","datePublished":"2021-09-02T16:02:10+00:00","dateModified":"2025-03-17T22:03:15+00:00","description":"Georges Seurat - Peasant Woman Seated in the Grass (Paysanne assise dans l'herbe) - 100% ru\u010dno naslikane reprodukcije slika na platnu. Okvirivanje slika, prodaja i izrada slika u dimenzijama po narud\u017ebi.","breadcrumb":{"@id":"https:\/\/svetslik.si\/hr\/georges-seurat\/peasant-woman-seated-in-the-grass-paysanne-assise-dans-lherbe\/#breadcrumb"},"inLanguage":"hr","potentialAction":[{"@type":"ReadAction","target":["https:\/\/svetslik.si\/hr\/georges-seurat\/peasant-woman-seated-in-the-grass-paysanne-assise-dans-lherbe\/"]}]},{"@type":"ImageObject","inLanguage":"hr","@id":"https:\/\/svetslik.si\/hr\/georges-seurat\/peasant-woman-seated-in-the-grass-paysanne-assise-dans-lherbe\/#primaryimage","url":"https:\/\/svetslik.si\/wp-content\/uploads\/2021\/08\/image_Peasant-Woman-Seated-in-the-Grass-Paysanne-assise-dans-l-herbe-Seurat_680.jpg","contentUrl":"https:\/\/svetslik.si\/wp-content\/uploads\/2021\/08\/image_Peasant-Woman-Seated-in-the-Grass-Paysanne-assise-dans-l-herbe-Seurat_680.jpg","width":1800,"height":1486,"caption":"Georger Seurat - Seoska \u017eena sjedi na travi (Paysanne assise dans l'herbe) - Ru\u010dno naslikane reprodukcije poznatih slikara, moderne zidne slike, umjetni\u010dke slike za zid"},{"@type":"BreadcrumbList","@id":"https:\/\/svetslik.si\/hr\/georges-seurat\/peasant-woman-seated-in-the-grass-paysanne-assise-dans-lherbe\/#breadcrumb","itemListElement":[{"@type":"ListItem","position":1,"name":"Umjetni\u010dke zidne slike na platnu","item":"https:\/\/svetslik.si\/hr\/"},{"@type":"ListItem","position":2,"name":"Prodaja slika","item":"https:\/\/svetslik.si\/prodaja-slik\/"},{"@type":"ListItem","position":3,"name":"Georges Seurat &#8211; Peasant Woman Seated in the Grass (Paysanne assise dans l&#8217;herbe)"}]},{"@type":"WebSite","@id":"https:\/\/svetslik.si\/hr\/#website","url":"https:\/\/svetslik.si\/hr\/","name":"SVETSLIK.SI","description":"100% ru\u010dno naslikane reprodukcije slika poznatih slikara in umjetni\u010dke zidne slike na platnu.","publisher":{"@id":"https:\/\/svetslik.si\/hr\/#organization"},"potentialAction":[{"@type":"SearchAction","target":{"@type":"EntryPoint","urlTemplate":"https:\/\/svetslik.si\/hr\/?s={search_term_string}"},"query-input":{"@type":"PropertyValueSpecification","valueRequired":true,"valueName":"search_term_string"}}],"inLanguage":"hr"},{"@type":"Organization","@id":"https:\/\/svetslik.si\/hr\/#organization","name":"SvetSlik.si","url":"https:\/\/svetslik.si\/hr\/","logo":{"@type":"ImageObject","inLanguage":"hr","@id":"https:\/\/svetslik.si\/hr\/#\/schema\/logo\/image\/","url":"https:\/\/svetslik.si\/wp-content\/uploads\/2020\/12\/logo-512.png","contentUrl":"https:\/\/svetslik.si\/wp-content\/uploads\/2020\/12\/logo-512.png","width":512,"height":512,"caption":"SvetSlik.si"},"image":{"@id":"https:\/\/svetslik.si\/hr\/#\/schema\/logo\/image\/"},"sameAs":["https:\/\/www.facebook.com\/svetslik.si","https:\/\/x.com\/svetslik","https:\/\/www.instagram.com\/svetslik.si\/","https:\/\/www.linkedin.com\/company\/svetslik-si"]}]},"og_availability":"backorder","product_availability":"available for order","product_retailer_item_id":"367__","product_condition":"new"},"jetpack_sharing_enabled":true,"_links":{"self":[{"href":"https:\/\/svetslik.si\/hr\/wp-json\/wp\/v2\/product\/24246","targetHints":{"allow":["GET"]}}],"collection":[{"href":"https:\/\/svetslik.si\/hr\/wp-json\/wp\/v2\/product"}],"about":[{"href":"https:\/\/svetslik.si\/hr\/wp-json\/wp\/v2\/types\/product"}],"wp:featuredmedia":[{"embeddable":true,"href":"https:\/\/svetslik.si\/hr\/wp-json\/wp\/v2\/media\/20576"}],"wp:attachment":[{"href":"https:\/\/svetslik.si\/hr\/wp-json\/wp\/v2\/media?parent=24246"}],"wp:term":[{"taxonomy":"product_brand","embeddable":true,"href":"https:\/\/svetslik.si\/hr\/wp-json\/wp\/v2\/product_brand?post=24246"},{"taxonomy":"product_cat","embeddable":true,"href":"https:\/\/svetslik.si\/hr\/wp-json\/wp\/v2\/product_cat?post=24246"},{"taxonomy":"product_tag","embeddable":true,"href":"https:\/\/svetslik.si\/hr\/wp-json\/wp\/v2\/product_tag?post=24246"}],"curies":[{"name":"wp","href":"https:\/\/api.w.org\/{rel}","templated":true}]}}