{"id":24255,"date":"2021-09-02T18:01:56","date_gmt":"2021-09-02T16:01:56","guid":{"rendered":"https:\/\/svetslik.si\/Bez%20kategorije\/model-facing-front-study-for-models\/"},"modified":"2025-03-17T22:54:45","modified_gmt":"2025-03-17T21:54:45","slug":"model-facing-front-study-for-models","status":"publish","type":"product","link":"https:\/\/svetslik.si\/hr\/georges-seurat\/model-facing-front-study-for-models\/","title":{"rendered":"Georges Seurat &#8211; Model Facing Front (study for Models)"},"content":{"rendered":"<div class=\"wpb-content-wrapper\">[vc_row css=&#8221;.vc_custom_1742248371667{margin-bottom: 10px !important;}&#8221;][vc_column]\t<div class=\"et-image-830 et-image     et_image_link\">\n\t\t<div class=\"et-image-inner \">\n\t\t\t\t\t\t\t<div class=\"et-image-thumb \">\n\t\t\t\t\t<img decoding=\"async\" width=\"1500\" height=\"1865\" src=\"https:\/\/svetslik.si\/wp-content\/uploads\/2021\/09\/Georges-Seurat-\u2013-Model-Facing-Front-study-for-Models-slike-na-platnu.jpg\" class=\"attachment-full\" alt=\"Georges Seurat \u2013 Model Facing Front (study for Models) - slike na platnu\" title=\"Georges Seurat - Model Facing Front (study for Models)\" srcset=\"https:\/\/svetslik.si\/wp-content\/uploads\/2021\/09\/Georges-Seurat-\u2013-Model-Facing-Front-study-for-Models-slike-na-platnu.jpg 1500w, https:\/\/svetslik.si\/wp-content\/uploads\/2021\/09\/Georges-Seurat-\u2013-Model-Facing-Front-study-for-Models-slike-na-platnu-600x746.jpg 600w, https:\/\/svetslik.si\/wp-content\/uploads\/2021\/09\/Georges-Seurat-\u2013-Model-Facing-Front-study-for-Models-slike-na-platnu-1200x1492.jpg 1200w, https:\/\/svetslik.si\/wp-content\/uploads\/2021\/09\/Georges-Seurat-\u2013-Model-Facing-Front-study-for-Models-slike-na-platnu-241x300.jpg 241w, https:\/\/svetslik.si\/wp-content\/uploads\/2021\/09\/Georges-Seurat-\u2013-Model-Facing-Front-study-for-Models-slike-na-platnu-824x1024.jpg 824w, https:\/\/svetslik.si\/wp-content\/uploads\/2021\/09\/Georges-Seurat-\u2013-Model-Facing-Front-study-for-Models-slike-na-platnu-768x955.jpg 768w, https:\/\/svetslik.si\/wp-content\/uploads\/2021\/09\/Georges-Seurat-\u2013-Model-Facing-Front-study-for-Models-slike-na-platnu-1235x1536.jpg 1235w, https:\/\/svetslik.si\/wp-content\/uploads\/2021\/09\/Georges-Seurat-\u2013-Model-Facing-Front-study-for-Models-slike-na-platnu-121x150.jpg 121w\" sizes=\"(max-width: 1500px) 100vw, 1500px\" \/>\t\t\t\t<\/div>\n\t\t\t\t\t\t\t\t\t\t\t<\/div>\n\t<\/div>\n  [\/vc_column][\/vc_row][vc_row css=&#8221;.vc_custom_1742248371667{margin-bottom: 10px !important;}&#8221;][vc_column]\t<div class=\"et-image-992 et-image     et_image_link\">\n\t\t<div class=\"et-image-inner \">\n\t\t\t\t\t\t\t<div class=\"et-image-thumb \">\n\t\t\t\t\t<img decoding=\"async\" width=\"1500\" height=\"2473\" src=\"https:\/\/svetslik.si\/wp-content\/uploads\/2021\/09\/Georges-Seurat-\u2013-Model-Facing-Front-study-for-Models-slike-na-platnu-2.jpg\" class=\"attachment-full\" alt=\"Georges Seurat \u2013 Model Facing Front (study for Models) - slike na platnu\" title=\"Georges Seurat - Model Facing Front (study for Models)\" srcset=\"https:\/\/svetslik.si\/wp-content\/uploads\/2021\/09\/Georges-Seurat-\u2013-Model-Facing-Front-study-for-Models-slike-na-platnu-2.jpg 1500w, https:\/\/svetslik.si\/wp-content\/uploads\/2021\/09\/Georges-Seurat-\u2013-Model-Facing-Front-study-for-Models-slike-na-platnu-2-600x989.jpg 600w, https:\/\/svetslik.si\/wp-content\/uploads\/2021\/09\/Georges-Seurat-\u2013-Model-Facing-Front-study-for-Models-slike-na-platnu-2-1200x1978.jpg 1200w, https:\/\/svetslik.si\/wp-content\/uploads\/2021\/09\/Georges-Seurat-\u2013-Model-Facing-Front-study-for-Models-slike-na-platnu-2-182x300.jpg 182w, https:\/\/svetslik.si\/wp-content\/uploads\/2021\/09\/Georges-Seurat-\u2013-Model-Facing-Front-study-for-Models-slike-na-platnu-2-621x1024.jpg 621w, https:\/\/svetslik.si\/wp-content\/uploads\/2021\/09\/Georges-Seurat-\u2013-Model-Facing-Front-study-for-Models-slike-na-platnu-2-768x1266.jpg 768w, https:\/\/svetslik.si\/wp-content\/uploads\/2021\/09\/Georges-Seurat-\u2013-Model-Facing-Front-study-for-Models-slike-na-platnu-2-932x1536.jpg 932w, https:\/\/svetslik.si\/wp-content\/uploads\/2021\/09\/Georges-Seurat-\u2013-Model-Facing-Front-study-for-Models-slike-na-platnu-2-1242x2048.jpg 1242w, https:\/\/svetslik.si\/wp-content\/uploads\/2021\/09\/Georges-Seurat-\u2013-Model-Facing-Front-study-for-Models-slike-na-platnu-2-91x150.jpg 91w\" sizes=\"(max-width: 1500px) 100vw, 1500px\" \/>\t\t\t\t<\/div>\n\t\t\t\t\t\t\t\t\t\t\t<\/div>\n\t<\/div>\n  [\/vc_column][\/vc_row][vc_row css=&#8221;.vc_custom_1742248371667{margin-bottom: 10px !important;}&#8221;][vc_column]\t<div class=\"et-image-679 et-image     et_image_link\">\n\t\t<div class=\"et-image-inner \">\n\t\t\t\t\t\t\t<div class=\"et-image-thumb \">\n\t\t\t\t\t<img decoding=\"async\" width=\"1500\" height=\"2371\" src=\"https:\/\/svetslik.si\/wp-content\/uploads\/2021\/09\/Georges-Seurat-\u2013-Model-Facing-Front-study-for-Models-slike-na-platnu-3.jpg\" class=\"attachment-full\" alt=\"Georges Seurat - Model Facing Front (study for Models)\" title=\"Georges Seurat - Model Facing Front (study for Models)\" srcset=\"https:\/\/svetslik.si\/wp-content\/uploads\/2021\/09\/Georges-Seurat-\u2013-Model-Facing-Front-study-for-Models-slike-na-platnu-3.jpg 1500w, https:\/\/svetslik.si\/wp-content\/uploads\/2021\/09\/Georges-Seurat-\u2013-Model-Facing-Front-study-for-Models-slike-na-platnu-3-600x948.jpg 600w, https:\/\/svetslik.si\/wp-content\/uploads\/2021\/09\/Georges-Seurat-\u2013-Model-Facing-Front-study-for-Models-slike-na-platnu-3-1200x1897.jpg 1200w, https:\/\/svetslik.si\/wp-content\/uploads\/2021\/09\/Georges-Seurat-\u2013-Model-Facing-Front-study-for-Models-slike-na-platnu-3-190x300.jpg 190w, https:\/\/svetslik.si\/wp-content\/uploads\/2021\/09\/Georges-Seurat-\u2013-Model-Facing-Front-study-for-Models-slike-na-platnu-3-648x1024.jpg 648w, https:\/\/svetslik.si\/wp-content\/uploads\/2021\/09\/Georges-Seurat-\u2013-Model-Facing-Front-study-for-Models-slike-na-platnu-3-768x1214.jpg 768w, https:\/\/svetslik.si\/wp-content\/uploads\/2021\/09\/Georges-Seurat-\u2013-Model-Facing-Front-study-for-Models-slike-na-platnu-3-972x1536.jpg 972w, https:\/\/svetslik.si\/wp-content\/uploads\/2021\/09\/Georges-Seurat-\u2013-Model-Facing-Front-study-for-Models-slike-na-platnu-3-1296x2048.jpg 1296w, https:\/\/svetslik.si\/wp-content\/uploads\/2021\/09\/Georges-Seurat-\u2013-Model-Facing-Front-study-for-Models-slike-na-platnu-3-95x150.jpg 95w\" sizes=\"(max-width: 1500px) 100vw, 1500px\" \/>\t\t\t\t<\/div>\n\t\t\t\t\t\t\t\t\t\t\t<\/div>\n\t<\/div>\n  [\/vc_column][\/vc_row][vc_row css=&#8221;.vc_custom_1742248371667{margin-bottom: 10px !important;}&#8221;][vc_column]\t<div class=\"et-image-460 et-image     et_image_link\">\n\t\t<div class=\"et-image-inner \">\n\t\t\t\t\t\t\t<div class=\"et-image-thumb \">\n\t\t\t\t\t<img decoding=\"async\" width=\"1500\" height=\"1210\" src=\"https:\/\/svetslik.si\/wp-content\/uploads\/2021\/09\/Georges-Seurat-\u2013-Model-Facing-Front-study-for-Models-slike-na-platnu-4.jpg\" class=\"attachment-full\" alt=\"Georges Seurat - Model Facing Front (study for Models)\" title=\"Georges Seurat - Model Facing Front (study for Models)\" srcset=\"https:\/\/svetslik.si\/wp-content\/uploads\/2021\/09\/Georges-Seurat-\u2013-Model-Facing-Front-study-for-Models-slike-na-platnu-4.jpg 1500w, https:\/\/svetslik.si\/wp-content\/uploads\/2021\/09\/Georges-Seurat-\u2013-Model-Facing-Front-study-for-Models-slike-na-platnu-4-600x484.jpg 600w, https:\/\/svetslik.si\/wp-content\/uploads\/2021\/09\/Georges-Seurat-\u2013-Model-Facing-Front-study-for-Models-slike-na-platnu-4-1200x968.jpg 1200w, https:\/\/svetslik.si\/wp-content\/uploads\/2021\/09\/Georges-Seurat-\u2013-Model-Facing-Front-study-for-Models-slike-na-platnu-4-300x242.jpg 300w, https:\/\/svetslik.si\/wp-content\/uploads\/2021\/09\/Georges-Seurat-\u2013-Model-Facing-Front-study-for-Models-slike-na-platnu-4-1024x826.jpg 1024w, https:\/\/svetslik.si\/wp-content\/uploads\/2021\/09\/Georges-Seurat-\u2013-Model-Facing-Front-study-for-Models-slike-na-platnu-4-768x620.jpg 768w, https:\/\/svetslik.si\/wp-content\/uploads\/2021\/09\/Georges-Seurat-\u2013-Model-Facing-Front-study-for-Models-slike-na-platnu-4-150x121.jpg 150w\" sizes=\"(max-width: 1500px) 100vw, 1500px\" \/>\t\t\t\t<\/div>\n\t\t\t\t\t\t\t\t\t\t\t<\/div>\n\t<\/div>\n  [\/vc_column][\/vc_row][vc_row css=&#8221;.vc_custom_1742248371667{margin-bottom: 10px !important;}&#8221;][vc_column]\t<div class=\"et-image-151 et-image     et_image_link\">\n\t\t<div class=\"et-image-inner \">\n\t\t\t\t\t\t\t<div class=\"et-image-thumb \">\n\t\t\t\t\t<img decoding=\"async\" width=\"1500\" height=\"1125\" src=\"https:\/\/svetslik.si\/wp-content\/uploads\/2021\/09\/Georges-Seurat-\u2013-Model-Facing-Front-study-for-Models-slike-na-platnu-5.jpg\" class=\"attachment-full\" alt=\"Georges Seurat - Model Facing Front (study for Models)\" title=\"Georges Seurat - Model Facing Front (study for Models)\" srcset=\"https:\/\/svetslik.si\/wp-content\/uploads\/2021\/09\/Georges-Seurat-\u2013-Model-Facing-Front-study-for-Models-slike-na-platnu-5.jpg 1500w, https:\/\/svetslik.si\/wp-content\/uploads\/2021\/09\/Georges-Seurat-\u2013-Model-Facing-Front-study-for-Models-slike-na-platnu-5-600x450.jpg 600w, https:\/\/svetslik.si\/wp-content\/uploads\/2021\/09\/Georges-Seurat-\u2013-Model-Facing-Front-study-for-Models-slike-na-platnu-5-1200x900.jpg 1200w, https:\/\/svetslik.si\/wp-content\/uploads\/2021\/09\/Georges-Seurat-\u2013-Model-Facing-Front-study-for-Models-slike-na-platnu-5-300x225.jpg 300w, https:\/\/svetslik.si\/wp-content\/uploads\/2021\/09\/Georges-Seurat-\u2013-Model-Facing-Front-study-for-Models-slike-na-platnu-5-1024x768.jpg 1024w, https:\/\/svetslik.si\/wp-content\/uploads\/2021\/09\/Georges-Seurat-\u2013-Model-Facing-Front-study-for-Models-slike-na-platnu-5-768x576.jpg 768w, https:\/\/svetslik.si\/wp-content\/uploads\/2021\/09\/Georges-Seurat-\u2013-Model-Facing-Front-study-for-Models-slike-na-platnu-5-150x113.jpg 150w\" sizes=\"(max-width: 1500px) 100vw, 1500px\" \/>\t\t\t\t<\/div>\n\t\t\t\t\t\t\t\t\t\t\t<\/div>\n\t<\/div>\n  [\/vc_column][\/vc_row][vc_row][vc_column][vc_column_text]\n<h1>Georger Seurat &#8211; Model okrenut naprijed (studija za modele)<\/h1>\n<p>&nbsp;<\/p>\n<table style=\"width: 673px;\" border=\"0\" width=\"673\" cellspacing=\"0\" cellpadding=\"0\">\n<tbody>\n<tr>\n<td style=\"width: 180px; height: 21px;\" height=\"21\">Godina nastanka:<\/td>\n<td style=\"width: 493px;\">1886<\/td>\n<\/tr>\n<tr>\n<td style=\"width: 180px; height: 21px;\" height=\"21\">Izvorna veli\u010dina:<\/td>\n<td style=\"width: 493px;\">15,7 cm x 26 cm<\/td>\n<\/tr>\n<tr>\n<td style=\"width: 180px; height: 21px;\" height=\"21\">Stil slikanja:<\/td>\n<td style=\"width: 493px;\">Pointilizam<\/td>\n<\/tr>\n<tr>\n<td style=\"width: 180px; height: 21px;\" height=\"21\">Izvorna tehnika:<\/td>\n<td>Ulje na platnu<\/td>\n<\/tr>\n<tr>\n<td style=\"width: 180px; height: 21px;\" height=\"21\">Nalazi se:<\/td>\n<td>Muzej Orsey, Pariz<\/td>\n<\/tr>\n<\/tbody>\n<colgroup><\/colgroup>\n<\/table>\n<p>Slika <em>Model Facing Front<\/em> jedna je od \u010detiri studije za ve\u0107e ulje na platnu <em>The Models<\/em>. U dvije varijante, gdje je model naslikan sprijeda, slikar se posve\u0107uje prou\u010davanju ove krajnje jednostavne poze. Na slici je prva od ovih studija; koljena i gle\u017enjevi \u017eenske figure na slici stisnuti su jedno uz drugo. U\u010dinak je stati\u010dan; slika prikazuje figuru koja se \u010dini gotovo pretpovijesnom.<\/p>\n<\/div>","protected":false},"excerpt":{"rendered":"<p>[vc_row css=&#8221;.vc_custom_1742248371667{margin-bottom: 10px !important;}&#8221;][vc_column][\/vc_column][\/vc_row][vc_row css=&#8221;.vc_custom_1742248371667{margin-bottom: 10px !important;}&#8221;][vc_column][\/vc_column][\/vc_row][vc_row css=&#8221;.vc_custom_1742248371667{margin-bottom: 10px !important;}&#8221;][vc_column][\/vc_column][\/vc_row][vc_row css=&#8221;.vc_custom_1742248371667{margin-bottom: 10px !important;}&#8221;][vc_column][\/vc_column][\/vc_row][vc_row css=&#8221;.vc_custom_1742248371667{margin-bottom: 10px !important;}&#8221;][vc_column][\/vc_column][\/vc_row][vc_row][vc_column][vc_column_text] Georger Seurat &#8211; Model okrenut naprijed (studija za modele) &nbsp; Godina nastanka: 1886 Izvorna veli\u010dina: 15,7 cm x 26 cm Stil slikanja: Pointilizam Izvorna tehnika: Ulje na platnu Nalazi se: Muzej Orsey, Pariz Slika [&hellip;]<\/p>\n","protected":false},"featured_media":20432,"template":"","meta":{"_acf_changed":false},"product_brand":[],"product_cat":[3372],"product_tag":[4069,4070,4079,4071],"class_list":{"0":"post-24255","1":"product","2":"type-product","3":"status-publish","4":"has-post-thumbnail","6":"product_cat-georges-seurat","7":"product_tag-reprodukcija-hr","8":"product_tag-reprodukcije-hr","9":"product_tag-seurat-hr","10":"product_tag-slikar-hr","11":"pa_dimenzija-16-x-26-cm-hr","12":"pa_dimenzija-30-x-50-cm-hr","13":"pa_dimenzija-40-x-65-cm-hr","14":"pa_dimenzija-50-x-85-cm-hr","15":"pa_dimenzija-60-x-100-cm-hr","16":"pa_dimenzija-70-x-120-cm-hr","17":"pa_dimenzija-80-x-130-cm-hr","18":"pa_dimenzija-90-x-150-cm-hr","19":"pa_oblika-okomito","20":"pa_okvir-bez-okvira","21":"pa_podokvir-bez-podokvira","22":"pa_podokvir-sa-podokvirom","24":"first","25":"onbackorder","26":"purchasable","27":"product-type-variable","28":"has-default-attributes"},"acf":[],"yoast_head":"<!-- This site is optimized with the Yoast SEO Premium plugin v26.0 (Yoast SEO v27.2) - https:\/\/yoast.com\/product\/yoast-seo-premium-wordpress\/ -->\n<title>Georges Seurat - Model Facing Front (study for Models) - SVETSLIK.SI - 100% ru\u010dno naslikano<\/title>\n<meta name=\"description\" content=\"Georges Seurat - Model Facing Front (study for Models) - 100% ru\u010dno naslikane reprodukcije slika na platnu. Uramljivanje slika, prodaja i izrada slika u dimenzijama po narud\u017ebi.\" \/>\n<meta name=\"robots\" content=\"index, follow, max-snippet:-1, max-image-preview:large, max-video-preview:-1\" \/>\n<link rel=\"canonical\" href=\"https:\/\/svetslik.si\/hr\/georges-seurat\/model-facing-front-study-for-models\/\" \/>\n<meta property=\"og:locale\" content=\"hr_HR\" \/>\n<meta property=\"og:type\" content=\"article\" \/>\n<meta property=\"og:title\" content=\"Georges Seurat - Model Facing Front (study for Models)\" \/>\n<meta property=\"og:description\" content=\"100% ro\u010dno naslikane slike na platnu, reprodukcije znanih slikarjev in umetni\u0161ke slike po naro\u010dilu.\" \/>\n<meta property=\"og:url\" content=\"https:\/\/svetslik.si\/hr\/georges-seurat\/model-facing-front-study-for-models\/\" \/>\n<meta property=\"og:site_name\" content=\"SVETSLIK.SI\" \/>\n<meta property=\"article:publisher\" content=\"https:\/\/www.facebook.com\/svetslik.si\" \/>\n<meta property=\"article:modified_time\" content=\"2025-03-17T21:54:45+00:00\" \/>\n<meta property=\"og:image\" content=\"https:\/\/svetslik.si\/wp-content\/uploads\/2021\/08\/image_Model-Facing-Front-study-for-Models-Seurat_680.jpg\" \/>\n\t<meta property=\"og:image:width\" content=\"747\" \/>\n\t<meta property=\"og:image:height\" content=\"1200\" \/>\n\t<meta property=\"og:image:type\" content=\"image\/jpeg\" \/>\n<meta name=\"twitter:card\" content=\"summary_large_image\" \/>\n<meta name=\"twitter:site\" content=\"@svetslik\" \/>\n<meta name=\"twitter:label1\" content=\"Availability\" \/>\n\t<meta name=\"twitter:data1\" content=\"On backorder\" \/>\n<script type=\"application\/ld+json\" class=\"yoast-schema-graph\">{\"@context\":\"https:\/\/schema.org\",\"@graph\":[{\"@type\":[\"WebPage\",\"ItemPage\"],\"@id\":\"https:\/\/svetslik.si\/hr\/georges-seurat\/model-facing-front-study-for-models\/\",\"url\":\"https:\/\/svetslik.si\/hr\/georges-seurat\/model-facing-front-study-for-models\/\",\"name\":\"Georges Seurat - Model Facing Front (study for Models) - SVETSLIK.SI - 100% ru\u010dno naslikano\",\"isPartOf\":{\"@id\":\"https:\/\/svetslik.si\/hr\/#website\"},\"primaryImageOfPage\":{\"@id\":\"https:\/\/svetslik.si\/hr\/georges-seurat\/model-facing-front-study-for-models\/#primaryimage\"},\"image\":{\"@id\":\"https:\/\/svetslik.si\/hr\/georges-seurat\/model-facing-front-study-for-models\/#primaryimage\"},\"thumbnailUrl\":\"https:\/\/svetslik.si\/wp-content\/uploads\/2021\/08\/image_Model-Facing-Front-study-for-Models-Seurat_680.jpg\",\"datePublished\":\"2021-09-02T16:01:56+00:00\",\"dateModified\":\"2025-03-17T21:54:45+00:00\",\"description\":\"Georges Seurat - Model Facing Front (study for Models) - 100% ru\u010dno naslikane reprodukcije slika na platnu. Uramljivanje slika, prodaja i izrada slika u dimenzijama po narud\u017ebi.\",\"breadcrumb\":{\"@id\":\"https:\/\/svetslik.si\/hr\/georges-seurat\/model-facing-front-study-for-models\/#breadcrumb\"},\"inLanguage\":\"hr\",\"potentialAction\":[{\"@type\":\"ReadAction\",\"target\":[\"https:\/\/svetslik.si\/hr\/georges-seurat\/model-facing-front-study-for-models\/\"]}]},{\"@type\":\"ImageObject\",\"inLanguage\":\"hr\",\"@id\":\"https:\/\/svetslik.si\/hr\/georges-seurat\/model-facing-front-study-for-models\/#primaryimage\",\"url\":\"https:\/\/svetslik.si\/wp-content\/uploads\/2021\/08\/image_Model-Facing-Front-study-for-Models-Seurat_680.jpg\",\"contentUrl\":\"https:\/\/svetslik.si\/wp-content\/uploads\/2021\/08\/image_Model-Facing-Front-study-for-Models-Seurat_680.jpg\",\"width\":747,\"height\":1200,\"caption\":\"Slika na platnu - Model Frontalno Prikazan (studija za modele) - Georger Seurat. Ru\u010dno slikana slika poznatog slikara, idealna za dekoraciju va\u0161eg zida.\"},{\"@type\":\"BreadcrumbList\",\"@id\":\"https:\/\/svetslik.si\/hr\/georges-seurat\/model-facing-front-study-for-models\/#breadcrumb\",\"itemListElement\":[{\"@type\":\"ListItem\",\"position\":1,\"name\":\"Umjetni\u010dke zidne slike na platnu\",\"item\":\"https:\/\/svetslik.si\/hr\/\"},{\"@type\":\"ListItem\",\"position\":2,\"name\":\"Prodaja slika\",\"item\":\"https:\/\/svetslik.si\/prodaja-slik\/\"},{\"@type\":\"ListItem\",\"position\":3,\"name\":\"Georges Seurat &#8211; Model Facing Front (study for Models)\"}]},{\"@type\":\"WebSite\",\"@id\":\"https:\/\/svetslik.si\/hr\/#website\",\"url\":\"https:\/\/svetslik.si\/hr\/\",\"name\":\"SVETSLIK.SI\",\"description\":\"100% ru\u010dno naslikane reprodukcije slika poznatih slikara in umjetni\u010dke zidne slike na platnu.\",\"publisher\":{\"@id\":\"https:\/\/svetslik.si\/hr\/#organization\"},\"potentialAction\":[{\"@type\":\"SearchAction\",\"target\":{\"@type\":\"EntryPoint\",\"urlTemplate\":\"https:\/\/svetslik.si\/hr\/?s={search_term_string}\"},\"query-input\":{\"@type\":\"PropertyValueSpecification\",\"valueRequired\":true,\"valueName\":\"search_term_string\"}}],\"inLanguage\":\"hr\"},{\"@type\":\"Organization\",\"@id\":\"https:\/\/svetslik.si\/hr\/#organization\",\"name\":\"SvetSlik.si\",\"url\":\"https:\/\/svetslik.si\/hr\/\",\"logo\":{\"@type\":\"ImageObject\",\"inLanguage\":\"hr\",\"@id\":\"https:\/\/svetslik.si\/hr\/#\/schema\/logo\/image\/\",\"url\":\"https:\/\/svetslik.si\/wp-content\/uploads\/2020\/12\/logo-512.png\",\"contentUrl\":\"https:\/\/svetslik.si\/wp-content\/uploads\/2020\/12\/logo-512.png\",\"width\":512,\"height\":512,\"caption\":\"SvetSlik.si\"},\"image\":{\"@id\":\"https:\/\/svetslik.si\/hr\/#\/schema\/logo\/image\/\"},\"sameAs\":[\"https:\/\/www.facebook.com\/svetslik.si\",\"https:\/\/x.com\/svetslik\",\"https:\/\/www.instagram.com\/svetslik.si\/\",\"https:\/\/www.linkedin.com\/company\/svetslik-si\"]}]}<\/script>\n<meta property=\"og:availability\" content=\"backorder\" \/>\n<meta property=\"product:availability\" content=\"available for order\" \/>\n<meta property=\"product:retailer_item_id\" content=\"365__\" \/>\n<meta property=\"product:condition\" content=\"new\" \/>\n<!-- \/ Yoast SEO Premium plugin. -->","yoast_head_json":{"title":"Georges Seurat - Model Facing Front (study for Models) - SVETSLIK.SI - 100% ru\u010dno naslikano","description":"Georges Seurat - Model Facing Front (study for Models) - 100% ru\u010dno naslikane reprodukcije slika na platnu. Uramljivanje slika, prodaja i izrada slika u dimenzijama po narud\u017ebi.","robots":{"index":"index","follow":"follow","max-snippet":"max-snippet:-1","max-image-preview":"max-image-preview:large","max-video-preview":"max-video-preview:-1"},"canonical":"https:\/\/svetslik.si\/hr\/georges-seurat\/model-facing-front-study-for-models\/","og_locale":"hr_HR","og_type":"article","og_title":"Georges Seurat - Model Facing Front (study for Models)","og_description":"100% ro\u010dno naslikane slike na platnu, reprodukcije znanih slikarjev in umetni\u0161ke slike po naro\u010dilu.","og_url":"https:\/\/svetslik.si\/hr\/georges-seurat\/model-facing-front-study-for-models\/","og_site_name":"SVETSLIK.SI","article_publisher":"https:\/\/www.facebook.com\/svetslik.si","article_modified_time":"2025-03-17T21:54:45+00:00","og_image":[{"width":747,"height":1200,"url":"https:\/\/svetslik.si\/wp-content\/uploads\/2021\/08\/image_Model-Facing-Front-study-for-Models-Seurat_680.jpg","type":"image\/jpeg"}],"twitter_card":"summary_large_image","twitter_site":"@svetslik","twitter_misc":{"Availability":"On backorder"},"schema":{"@context":"https:\/\/schema.org","@graph":[{"@type":["WebPage","ItemPage"],"@id":"https:\/\/svetslik.si\/hr\/georges-seurat\/model-facing-front-study-for-models\/","url":"https:\/\/svetslik.si\/hr\/georges-seurat\/model-facing-front-study-for-models\/","name":"Georges Seurat - Model Facing Front (study for Models) - SVETSLIK.SI - 100% ru\u010dno naslikano","isPartOf":{"@id":"https:\/\/svetslik.si\/hr\/#website"},"primaryImageOfPage":{"@id":"https:\/\/svetslik.si\/hr\/georges-seurat\/model-facing-front-study-for-models\/#primaryimage"},"image":{"@id":"https:\/\/svetslik.si\/hr\/georges-seurat\/model-facing-front-study-for-models\/#primaryimage"},"thumbnailUrl":"https:\/\/svetslik.si\/wp-content\/uploads\/2021\/08\/image_Model-Facing-Front-study-for-Models-Seurat_680.jpg","datePublished":"2021-09-02T16:01:56+00:00","dateModified":"2025-03-17T21:54:45+00:00","description":"Georges Seurat - Model Facing Front (study for Models) - 100% ru\u010dno naslikane reprodukcije slika na platnu. Uramljivanje slika, prodaja i izrada slika u dimenzijama po narud\u017ebi.","breadcrumb":{"@id":"https:\/\/svetslik.si\/hr\/georges-seurat\/model-facing-front-study-for-models\/#breadcrumb"},"inLanguage":"hr","potentialAction":[{"@type":"ReadAction","target":["https:\/\/svetslik.si\/hr\/georges-seurat\/model-facing-front-study-for-models\/"]}]},{"@type":"ImageObject","inLanguage":"hr","@id":"https:\/\/svetslik.si\/hr\/georges-seurat\/model-facing-front-study-for-models\/#primaryimage","url":"https:\/\/svetslik.si\/wp-content\/uploads\/2021\/08\/image_Model-Facing-Front-study-for-Models-Seurat_680.jpg","contentUrl":"https:\/\/svetslik.si\/wp-content\/uploads\/2021\/08\/image_Model-Facing-Front-study-for-Models-Seurat_680.jpg","width":747,"height":1200,"caption":"Slika na platnu - Model Frontalno Prikazan (studija za modele) - Georger Seurat. Ru\u010dno slikana slika poznatog slikara, idealna za dekoraciju va\u0161eg zida."},{"@type":"BreadcrumbList","@id":"https:\/\/svetslik.si\/hr\/georges-seurat\/model-facing-front-study-for-models\/#breadcrumb","itemListElement":[{"@type":"ListItem","position":1,"name":"Umjetni\u010dke zidne slike na platnu","item":"https:\/\/svetslik.si\/hr\/"},{"@type":"ListItem","position":2,"name":"Prodaja slika","item":"https:\/\/svetslik.si\/prodaja-slik\/"},{"@type":"ListItem","position":3,"name":"Georges Seurat &#8211; Model Facing Front (study for Models)"}]},{"@type":"WebSite","@id":"https:\/\/svetslik.si\/hr\/#website","url":"https:\/\/svetslik.si\/hr\/","name":"SVETSLIK.SI","description":"100% ru\u010dno naslikane reprodukcije slika poznatih slikara in umjetni\u010dke zidne slike na platnu.","publisher":{"@id":"https:\/\/svetslik.si\/hr\/#organization"},"potentialAction":[{"@type":"SearchAction","target":{"@type":"EntryPoint","urlTemplate":"https:\/\/svetslik.si\/hr\/?s={search_term_string}"},"query-input":{"@type":"PropertyValueSpecification","valueRequired":true,"valueName":"search_term_string"}}],"inLanguage":"hr"},{"@type":"Organization","@id":"https:\/\/svetslik.si\/hr\/#organization","name":"SvetSlik.si","url":"https:\/\/svetslik.si\/hr\/","logo":{"@type":"ImageObject","inLanguage":"hr","@id":"https:\/\/svetslik.si\/hr\/#\/schema\/logo\/image\/","url":"https:\/\/svetslik.si\/wp-content\/uploads\/2020\/12\/logo-512.png","contentUrl":"https:\/\/svetslik.si\/wp-content\/uploads\/2020\/12\/logo-512.png","width":512,"height":512,"caption":"SvetSlik.si"},"image":{"@id":"https:\/\/svetslik.si\/hr\/#\/schema\/logo\/image\/"},"sameAs":["https:\/\/www.facebook.com\/svetslik.si","https:\/\/x.com\/svetslik","https:\/\/www.instagram.com\/svetslik.si\/","https:\/\/www.linkedin.com\/company\/svetslik-si"]}]},"og_availability":"backorder","product_availability":"available for order","product_retailer_item_id":"365__","product_condition":"new"},"jetpack_sharing_enabled":true,"_links":{"self":[{"href":"https:\/\/svetslik.si\/hr\/wp-json\/wp\/v2\/product\/24255","targetHints":{"allow":["GET"]}}],"collection":[{"href":"https:\/\/svetslik.si\/hr\/wp-json\/wp\/v2\/product"}],"about":[{"href":"https:\/\/svetslik.si\/hr\/wp-json\/wp\/v2\/types\/product"}],"wp:featuredmedia":[{"embeddable":true,"href":"https:\/\/svetslik.si\/hr\/wp-json\/wp\/v2\/media\/20432"}],"wp:attachment":[{"href":"https:\/\/svetslik.si\/hr\/wp-json\/wp\/v2\/media?parent=24255"}],"wp:term":[{"taxonomy":"product_brand","embeddable":true,"href":"https:\/\/svetslik.si\/hr\/wp-json\/wp\/v2\/product_brand?post=24255"},{"taxonomy":"product_cat","embeddable":true,"href":"https:\/\/svetslik.si\/hr\/wp-json\/wp\/v2\/product_cat?post=24255"},{"taxonomy":"product_tag","embeddable":true,"href":"https:\/\/svetslik.si\/hr\/wp-json\/wp\/v2\/product_tag?post=24255"}],"curies":[{"name":"wp","href":"https:\/\/api.w.org\/{rel}","templated":true}]}}