{"id":24345,"date":"2021-09-02T18:11:34","date_gmt":"2021-09-02T16:11:34","guid":{"rendered":"https:\/\/svetslik.si\/Bez%20kategorije\/the-autumn\/"},"modified":"2024-07-04T15:54:35","modified_gmt":"2024-07-04T13:54:35","slug":"the-autumn","status":"publish","type":"product","link":"https:\/\/svetslik.si\/hr\/giuseppe-arcimboldo\/the-autumn\/","title":{"rendered":"Giuseppe Arcimboldo &#8211; The Autumn"},"content":{"rendered":"<h1>Giuseppe Arcimboldo &#8211; Jesen<\/h1>\n<p>\n&nbsp;<\/p>\n<p><\/p>\n<div>\n<table border=\"0\" cellpadding=\"0\" cellspacing=\"0\" style=\"width: 593px\" width=\"593\">\n<tbody>\n<tr>\n<td height=\"21\" style=\"width: 155px;height: 21px\">Godina nastanka:<\/td>\n<td style=\"width: 439px\">1573<\/td>\n<\/tr>\n<tr>\n<td height=\"21\" style=\"width: 155px;height: 21px\">Izvorna veli\u010dina:<\/td>\n<td style=\"width: 439px\">76 x 64 cm<\/td>\n<\/tr>\n<tr>\n<td height=\"21\" style=\"width: 155px;height: 21px\">Stil slikanja:<\/td>\n<td style=\"width: 439px\">Manirizam<\/td>\n<\/tr>\n<tr>\n<td height=\"21\" style=\"width: 155px;height: 21px\">Izvorna tehnika:<\/td>\n<td style=\"width: 439px\">Ulje na platnu<\/td>\n<\/tr>\n<tr>\n<td height=\"21\" style=\"width: 155px;height: 21px\">Nalazi se:<\/td>\n<td style=\"width: 439px\">Louvre, Pariz<\/td>\n<\/tr>\n<\/tbody>\n<colgroup><\/colgroup>\n<\/table>\n<p>Arcimboldo je zamislio osobu prikazanu na slici<em>Jesen&nbsp;<\/em>kao kompoziciju ve\u0107 pomalo tro\u0161nog drvenog \u010dempresa, kojega zajedno dr\u017ei nekoliko vrbovih gran\u010dica, iz koje izvire glava koja se moli. Bogatstvo razli\u010ditog vo\u0107a na ovoj slici podsje\u0107a nas na bogatstvo prirode u ovo doba godine.<\/p>\n<\/div>\n","protected":false},"excerpt":{"rendered":"<p>Giuseppe Arcimboldo &#8211; Jesen &nbsp; Godina nastanka: 1573 Izvorna veli\u010dina: 76 x 64 cm Stil slikanja: Manirizam Izvorna tehnika: Ulje na platnu Nalazi se: Louvre, Pariz Arcimboldo je zamislio osobu prikazanu na sliciJesen&nbsp;kao kompoziciju ve\u0107 pomalo tro\u0161nog drvenog \u010dempresa, kojega zajedno dr\u017ei nekoliko vrbovih gran\u010dica, iz koje izvire glava koja [&hellip;]<\/p>\n","protected":false},"featured_media":20790,"template":"","meta":{"_acf_changed":false},"product_brand":[],"product_cat":[3373],"product_tag":[4107,4069,4070,4071],"class_list":{"0":"post-24345","1":"product","2":"type-product","3":"status-publish","4":"has-post-thumbnail","6":"product_cat-giuseppe-arcimboldo","7":"product_tag-arcimboldo-hr","8":"product_tag-reprodukcija-hr","9":"product_tag-reprodukcije-hr","10":"product_tag-slikar-hr","11":"pa_dimenzija-100-x-120-cm-hr","12":"pa_dimenzija-120-x-140-cm-hr","13":"pa_dimenzija-30-x-40-cm-hr","14":"pa_dimenzija-40-x-50-cm-hr","15":"pa_dimenzija-50-x-60-cm-hr","16":"pa_dimenzija-64-x-76-cm-hr","17":"pa_dimenzija-70-x-80-cm-hr","18":"pa_dimenzija-80-x-100-cm-hr","19":"pa_oblika-okomito","20":"pa_okvir-bez-okvira","21":"pa_podokvir-bez-podokvira","22":"pa_podokvir-sa-podokvirom","24":"first","25":"onbackorder","26":"purchasable","27":"product-type-variable","28":"has-default-attributes"},"acf":[],"yoast_head":"<!-- This site is optimized with the Yoast SEO Premium plugin v26.0 (Yoast SEO v27.2) - https:\/\/yoast.com\/product\/yoast-seo-premium-wordpress\/ -->\n<title>Giuseppe Arcimboldo - The Autumn - SVETSLIK.SI - 100% ru\u010dno naslikano<\/title>\n<meta name=\"description\" content=\"Giuseppe Arcimboldo - The Autumn - 100% ru\u010dno naslikane reprodukcije slika na platnu. Uramljivanje slika, prodaja i izrada slika u dimenzijama po narud\u017ebi.\" \/>\n<meta name=\"robots\" content=\"index, follow, max-snippet:-1, max-image-preview:large, max-video-preview:-1\" \/>\n<link rel=\"canonical\" href=\"https:\/\/svetslik.si\/hr\/giuseppe-arcimboldo\/the-autumn\/\" \/>\n<meta property=\"og:locale\" content=\"hr_HR\" \/>\n<meta property=\"og:type\" content=\"article\" \/>\n<meta property=\"og:title\" content=\"Giuseppe Arcimboldo - The Autumn\" \/>\n<meta property=\"og:description\" content=\"100% ro\u010dno naslikane slike na platnu, reprodukcije znanih slikarjev in umetni\u0161ke slike po naro\u010dilu.\" \/>\n<meta property=\"og:url\" content=\"https:\/\/svetslik.si\/hr\/giuseppe-arcimboldo\/the-autumn\/\" \/>\n<meta property=\"og:site_name\" content=\"SVETSLIK.SI\" \/>\n<meta property=\"article:publisher\" content=\"https:\/\/www.facebook.com\/svetslik.si\" \/>\n<meta property=\"article:modified_time\" content=\"2024-07-04T13:54:35+00:00\" \/>\n<meta property=\"og:image\" content=\"https:\/\/svetslik.si\/wp-content\/uploads\/2021\/08\/image_The-Autumn-Giuiseppe-Archimboldo_680.jpg\" \/>\n\t<meta property=\"og:image:width\" content=\"1393\" \/>\n\t<meta property=\"og:image:height\" content=\"1807\" \/>\n\t<meta property=\"og:image:type\" content=\"image\/jpeg\" \/>\n<meta name=\"twitter:card\" content=\"summary_large_image\" \/>\n<meta name=\"twitter:site\" content=\"@svetslik\" \/>\n<meta name=\"twitter:label1\" content=\"Availability\" \/>\n\t<meta name=\"twitter:data1\" content=\"On backorder\" \/>\n<script type=\"application\/ld+json\" class=\"yoast-schema-graph\">{\"@context\":\"https:\/\/schema.org\",\"@graph\":[{\"@type\":[\"WebPage\",\"ItemPage\"],\"@id\":\"https:\/\/svetslik.si\/hr\/giuseppe-arcimboldo\/the-autumn\/\",\"url\":\"https:\/\/svetslik.si\/hr\/giuseppe-arcimboldo\/the-autumn\/\",\"name\":\"Giuseppe Arcimboldo - The Autumn - SVETSLIK.SI - 100% ru\u010dno naslikano\",\"isPartOf\":{\"@id\":\"https:\/\/svetslik.si\/hr\/#website\"},\"primaryImageOfPage\":{\"@id\":\"https:\/\/svetslik.si\/hr\/giuseppe-arcimboldo\/the-autumn\/#primaryimage\"},\"image\":{\"@id\":\"https:\/\/svetslik.si\/hr\/giuseppe-arcimboldo\/the-autumn\/#primaryimage\"},\"thumbnailUrl\":\"https:\/\/svetslik.si\/wp-content\/uploads\/2021\/08\/image_The-Autumn-Giuiseppe-Archimboldo_680.jpg\",\"datePublished\":\"2021-09-02T16:11:34+00:00\",\"dateModified\":\"2024-07-04T13:54:35+00:00\",\"description\":\"Giuseppe Arcimboldo - The Autumn - 100% ru\u010dno naslikane reprodukcije slika na platnu. Uramljivanje slika, prodaja i izrada slika u dimenzijama po narud\u017ebi.\",\"breadcrumb\":{\"@id\":\"https:\/\/svetslik.si\/hr\/giuseppe-arcimboldo\/the-autumn\/#breadcrumb\"},\"inLanguage\":\"hr\",\"potentialAction\":[{\"@type\":\"ReadAction\",\"target\":[\"https:\/\/svetslik.si\/hr\/giuseppe-arcimboldo\/the-autumn\/\"]}]},{\"@type\":\"ImageObject\",\"inLanguage\":\"hr\",\"@id\":\"https:\/\/svetslik.si\/hr\/giuseppe-arcimboldo\/the-autumn\/#primaryimage\",\"url\":\"https:\/\/svetslik.si\/wp-content\/uploads\/2021\/08\/image_The-Autumn-Giuiseppe-Archimboldo_680.jpg\",\"contentUrl\":\"https:\/\/svetslik.si\/wp-content\/uploads\/2021\/08\/image_The-Autumn-Giuiseppe-Archimboldo_680.jpg\",\"width\":1393,\"height\":1807,\"caption\":\"Giuseppe Arcimboldo - Jesen - Ru\u010dno naslikane reprodukcije poznatih slikara, moderna zidna umjetnost, umjetni\u010dke slike za zid\"},{\"@type\":\"BreadcrumbList\",\"@id\":\"https:\/\/svetslik.si\/hr\/giuseppe-arcimboldo\/the-autumn\/#breadcrumb\",\"itemListElement\":[{\"@type\":\"ListItem\",\"position\":1,\"name\":\"Umjetni\u010dke zidne slike na platnu\",\"item\":\"https:\/\/svetslik.si\/hr\/\"},{\"@type\":\"ListItem\",\"position\":2,\"name\":\"Prodaja slika\",\"item\":\"https:\/\/svetslik.si\/prodaja-slik\/\"},{\"@type\":\"ListItem\",\"position\":3,\"name\":\"Giuseppe Arcimboldo &#8211; The Autumn\"}]},{\"@type\":\"WebSite\",\"@id\":\"https:\/\/svetslik.si\/hr\/#website\",\"url\":\"https:\/\/svetslik.si\/hr\/\",\"name\":\"SVETSLIK.SI\",\"description\":\"100% ru\u010dno naslikane reprodukcije slika poznatih slikara in umjetni\u010dke zidne slike na platnu.\",\"publisher\":{\"@id\":\"https:\/\/svetslik.si\/hr\/#organization\"},\"potentialAction\":[{\"@type\":\"SearchAction\",\"target\":{\"@type\":\"EntryPoint\",\"urlTemplate\":\"https:\/\/svetslik.si\/hr\/?s={search_term_string}\"},\"query-input\":{\"@type\":\"PropertyValueSpecification\",\"valueRequired\":true,\"valueName\":\"search_term_string\"}}],\"inLanguage\":\"hr\"},{\"@type\":\"Organization\",\"@id\":\"https:\/\/svetslik.si\/hr\/#organization\",\"name\":\"SvetSlik.si\",\"url\":\"https:\/\/svetslik.si\/hr\/\",\"logo\":{\"@type\":\"ImageObject\",\"inLanguage\":\"hr\",\"@id\":\"https:\/\/svetslik.si\/hr\/#\/schema\/logo\/image\/\",\"url\":\"https:\/\/svetslik.si\/wp-content\/uploads\/2020\/12\/logo-512.png\",\"contentUrl\":\"https:\/\/svetslik.si\/wp-content\/uploads\/2020\/12\/logo-512.png\",\"width\":512,\"height\":512,\"caption\":\"SvetSlik.si\"},\"image\":{\"@id\":\"https:\/\/svetslik.si\/hr\/#\/schema\/logo\/image\/\"},\"sameAs\":[\"https:\/\/www.facebook.com\/svetslik.si\",\"https:\/\/x.com\/svetslik\",\"https:\/\/www.instagram.com\/svetslik.si\/\",\"https:\/\/www.linkedin.com\/company\/svetslik-si\"]}]}<\/script>\n<meta property=\"og:availability\" content=\"backorder\" \/>\n<meta property=\"product:availability\" content=\"available for order\" \/>\n<meta property=\"product:retailer_item_id\" content=\"456__\" \/>\n<meta property=\"product:condition\" content=\"new\" \/>\n<!-- \/ Yoast SEO Premium plugin. -->","yoast_head_json":{"title":"Giuseppe Arcimboldo - The Autumn - SVETSLIK.SI - 100% ru\u010dno naslikano","description":"Giuseppe Arcimboldo - The Autumn - 100% ru\u010dno naslikane reprodukcije slika na platnu. Uramljivanje slika, prodaja i izrada slika u dimenzijama po narud\u017ebi.","robots":{"index":"index","follow":"follow","max-snippet":"max-snippet:-1","max-image-preview":"max-image-preview:large","max-video-preview":"max-video-preview:-1"},"canonical":"https:\/\/svetslik.si\/hr\/giuseppe-arcimboldo\/the-autumn\/","og_locale":"hr_HR","og_type":"article","og_title":"Giuseppe Arcimboldo - The Autumn","og_description":"100% ro\u010dno naslikane slike na platnu, reprodukcije znanih slikarjev in umetni\u0161ke slike po naro\u010dilu.","og_url":"https:\/\/svetslik.si\/hr\/giuseppe-arcimboldo\/the-autumn\/","og_site_name":"SVETSLIK.SI","article_publisher":"https:\/\/www.facebook.com\/svetslik.si","article_modified_time":"2024-07-04T13:54:35+00:00","og_image":[{"width":1393,"height":1807,"url":"https:\/\/svetslik.si\/wp-content\/uploads\/2021\/08\/image_The-Autumn-Giuiseppe-Archimboldo_680.jpg","type":"image\/jpeg"}],"twitter_card":"summary_large_image","twitter_site":"@svetslik","twitter_misc":{"Availability":"On backorder"},"schema":{"@context":"https:\/\/schema.org","@graph":[{"@type":["WebPage","ItemPage"],"@id":"https:\/\/svetslik.si\/hr\/giuseppe-arcimboldo\/the-autumn\/","url":"https:\/\/svetslik.si\/hr\/giuseppe-arcimboldo\/the-autumn\/","name":"Giuseppe Arcimboldo - The Autumn - SVETSLIK.SI - 100% ru\u010dno naslikano","isPartOf":{"@id":"https:\/\/svetslik.si\/hr\/#website"},"primaryImageOfPage":{"@id":"https:\/\/svetslik.si\/hr\/giuseppe-arcimboldo\/the-autumn\/#primaryimage"},"image":{"@id":"https:\/\/svetslik.si\/hr\/giuseppe-arcimboldo\/the-autumn\/#primaryimage"},"thumbnailUrl":"https:\/\/svetslik.si\/wp-content\/uploads\/2021\/08\/image_The-Autumn-Giuiseppe-Archimboldo_680.jpg","datePublished":"2021-09-02T16:11:34+00:00","dateModified":"2024-07-04T13:54:35+00:00","description":"Giuseppe Arcimboldo - The Autumn - 100% ru\u010dno naslikane reprodukcije slika na platnu. Uramljivanje slika, prodaja i izrada slika u dimenzijama po narud\u017ebi.","breadcrumb":{"@id":"https:\/\/svetslik.si\/hr\/giuseppe-arcimboldo\/the-autumn\/#breadcrumb"},"inLanguage":"hr","potentialAction":[{"@type":"ReadAction","target":["https:\/\/svetslik.si\/hr\/giuseppe-arcimboldo\/the-autumn\/"]}]},{"@type":"ImageObject","inLanguage":"hr","@id":"https:\/\/svetslik.si\/hr\/giuseppe-arcimboldo\/the-autumn\/#primaryimage","url":"https:\/\/svetslik.si\/wp-content\/uploads\/2021\/08\/image_The-Autumn-Giuiseppe-Archimboldo_680.jpg","contentUrl":"https:\/\/svetslik.si\/wp-content\/uploads\/2021\/08\/image_The-Autumn-Giuiseppe-Archimboldo_680.jpg","width":1393,"height":1807,"caption":"Giuseppe Arcimboldo - Jesen - Ru\u010dno naslikane reprodukcije poznatih slikara, moderna zidna umjetnost, umjetni\u010dke slike za zid"},{"@type":"BreadcrumbList","@id":"https:\/\/svetslik.si\/hr\/giuseppe-arcimboldo\/the-autumn\/#breadcrumb","itemListElement":[{"@type":"ListItem","position":1,"name":"Umjetni\u010dke zidne slike na platnu","item":"https:\/\/svetslik.si\/hr\/"},{"@type":"ListItem","position":2,"name":"Prodaja slika","item":"https:\/\/svetslik.si\/prodaja-slik\/"},{"@type":"ListItem","position":3,"name":"Giuseppe Arcimboldo &#8211; The Autumn"}]},{"@type":"WebSite","@id":"https:\/\/svetslik.si\/hr\/#website","url":"https:\/\/svetslik.si\/hr\/","name":"SVETSLIK.SI","description":"100% ru\u010dno naslikane reprodukcije slika poznatih slikara in umjetni\u010dke zidne slike na platnu.","publisher":{"@id":"https:\/\/svetslik.si\/hr\/#organization"},"potentialAction":[{"@type":"SearchAction","target":{"@type":"EntryPoint","urlTemplate":"https:\/\/svetslik.si\/hr\/?s={search_term_string}"},"query-input":{"@type":"PropertyValueSpecification","valueRequired":true,"valueName":"search_term_string"}}],"inLanguage":"hr"},{"@type":"Organization","@id":"https:\/\/svetslik.si\/hr\/#organization","name":"SvetSlik.si","url":"https:\/\/svetslik.si\/hr\/","logo":{"@type":"ImageObject","inLanguage":"hr","@id":"https:\/\/svetslik.si\/hr\/#\/schema\/logo\/image\/","url":"https:\/\/svetslik.si\/wp-content\/uploads\/2020\/12\/logo-512.png","contentUrl":"https:\/\/svetslik.si\/wp-content\/uploads\/2020\/12\/logo-512.png","width":512,"height":512,"caption":"SvetSlik.si"},"image":{"@id":"https:\/\/svetslik.si\/hr\/#\/schema\/logo\/image\/"},"sameAs":["https:\/\/www.facebook.com\/svetslik.si","https:\/\/x.com\/svetslik","https:\/\/www.instagram.com\/svetslik.si\/","https:\/\/www.linkedin.com\/company\/svetslik-si"]}]},"og_availability":"backorder","product_availability":"available for order","product_retailer_item_id":"456__","product_condition":"new"},"jetpack_sharing_enabled":true,"_links":{"self":[{"href":"https:\/\/svetslik.si\/hr\/wp-json\/wp\/v2\/product\/24345","targetHints":{"allow":["GET"]}}],"collection":[{"href":"https:\/\/svetslik.si\/hr\/wp-json\/wp\/v2\/product"}],"about":[{"href":"https:\/\/svetslik.si\/hr\/wp-json\/wp\/v2\/types\/product"}],"wp:featuredmedia":[{"embeddable":true,"href":"https:\/\/svetslik.si\/hr\/wp-json\/wp\/v2\/media\/20790"}],"wp:attachment":[{"href":"https:\/\/svetslik.si\/hr\/wp-json\/wp\/v2\/media?parent=24345"}],"wp:term":[{"taxonomy":"product_brand","embeddable":true,"href":"https:\/\/svetslik.si\/hr\/wp-json\/wp\/v2\/product_brand?post=24345"},{"taxonomy":"product_cat","embeddable":true,"href":"https:\/\/svetslik.si\/hr\/wp-json\/wp\/v2\/product_cat?post=24345"},{"taxonomy":"product_tag","embeddable":true,"href":"https:\/\/svetslik.si\/hr\/wp-json\/wp\/v2\/product_tag?post=24345"}],"curies":[{"name":"wp","href":"https:\/\/api.w.org\/{rel}","templated":true}]}}