{"id":24628,"date":"2021-09-02T17:46:07","date_gmt":"2021-09-02T15:46:07","guid":{"rendered":"https:\/\/svetslik.si\/Bez%20kategorije\/the-last-supper\/"},"modified":"2025-11-02T21:58:46","modified_gmt":"2025-11-02T20:58:46","slug":"the-last-supper","status":"publish","type":"product","link":"https:\/\/svetslik.si\/hr\/leonardo-da-vinci\/the-last-supper\/","title":{"rendered":"Leonardo da Vinci &#8211; Posljednja ve\u010dera &#8211; The Last Supper"},"content":{"rendered":"<div class=\"wpb-content-wrapper\">[vc_row][vc_column][vc_column_text css=&#8221;&#8221;]\n<p data-pm-slice=\"1 1 []\"><div class=\"yt-lazy-video ratio-square\" data-id=\"B9hfmKw-86w\"><\/div>\n[\/vc_column][\/vc_row][vc_row][vc_column][vc_column_text]\n<h1>Posljednja ve\u010dera &#8211; Leonardo da Vinci<\/h1>\n<p>&nbsp;<\/p>\n<table style=\"width: 673px;\" border=\"0\" width=\"673\" cellspacing=\"0\" cellpadding=\"0\">\n<tbody>\n<tr>\n<td style=\"width: 180px; height: 21px;\" height=\"21\">Godina stvaranja:<\/td>\n<td style=\"width: 493px;\">oko 1500<\/td>\n<\/tr>\n<tr>\n<td style=\"width: 180px; height: 21px;\" height=\"21\">Izvorna veli\u010dina:<\/td>\n<td style=\"width: 493px;\">794 cm x 418 cm<\/td>\n<\/tr>\n<tr>\n<td style=\"width: 180px; height: 21px;\" height=\"21\">Stil bojanja:<\/td>\n<td style=\"width: 493px;\">Visoka renesansa<\/td>\n<\/tr>\n<tr>\n<td style=\"width: 180px; height: 21px;\" height=\"21\">Izvorna tehnika:<\/td>\n<td>Ulje na platnu<\/td>\n<\/tr>\n<tr>\n<td style=\"width: 180px; height: 21px;\" height=\"21\">Lokacija:<\/td>\n<td>Da Vinci muzej, Tongerlo<\/td>\n<\/tr>\n<\/tbody>\n<colgroup>\n<col \/>\n<col \/> <\/colgroup>\n<\/table>\n<p>Prikazom<strong>Posljednje ve\u010dere<\/strong>u kr\u0161\u0107anskoj umjetnosti bavili su se razli\u010diti slikari<strong>vi\u0161e stolje\u0107a,<\/strong>me\u0111utim, najpoznatija je freska <strong>Leonarda da Vincija<\/strong> iz kasnih 1490-ih u Milanu, Italija.<strong>Posljednja ve\u010dera<\/strong> je, uz <strong>Mona Lisu<\/strong>, najpoznatija slika <strong>Leonarda da Vincija<\/strong>. Rije\u010d je o fresci izvornih dimenzija 460\u00d7880 cm. Nalazi se u dominikanskom samostanu pored crkve Santa Maria della Grazia u Milanu.Slika\/freska pokazuje vidljiva o\u0161te\u0107enja i gubitak boje, \u0161to je rezultat Leonardova poku\u0161aja kori\u0161tenja novorazvijenih boja za slikanje. <strong>Leonardo<\/strong> je naslikao &#8220;Posljednju ve\u010deru&#8221; mje\u0161avinom ulja i tempere. Kombinacija boja je parna brana i sloj boje nije uspio dovoljno ukloniti vlagu sa zida. Rezultat je lju\u0161tenje kore koje je i danas vidljivo i prisutno.Freska je<strong>da Vincijevo<\/strong>va\u017eno i \u010desto analizirano djelo iz njegova milanskog razdoblja. Suprotno uobi\u010dajenom tuma\u010denju <strong>Posljednje ve\u010dere<\/strong>, odabrao je trenutak kada <strong>Isus<\/strong> obavje\u0161tava svoje u\u010denike da \u0107e ga jedan od njih izdati.Grupa na fresci je karakteristi\u010dna i zna\u010dajna po gestikulaciji sudionika i izrazima lica koji nikada prije nisu bili prikazani u ovom obliku.Iako je <strong>Leonardo<\/strong> podijelio apostole u \u010detiri jasne skupine od po tri osobe i na taj na\u010din stvorio u\u010dinak neprisiljenosti, oni su razli\u010ditim gestama ostali povezani u cjelinu.Promatra\u010d freske mo\u017ee osjetiti napetost unutar skupine u kojoj je samo <strong>Krist<\/strong>, izbalansirati situaciju i ponuditi rje\u0161enje.Freska Posljednje ve\u010dere uvelike je utjecala na razvoj i stvaranje kr\u0161\u0107anstva. Misa kakvu danas poznajemo nastala je iz obreda koji su pratili prikaz dru\u017eenja uz ve\u010deru na slici.Slika je kroz povijest inspirirala i druge slikare koji su je interpretirali na svoj na\u010din, ali su ostali vjerni njezinoj izvornoj zamisli.<\/p>\n<\/div>","protected":false},"excerpt":{"rendered":"<p>[vc_row][vc_column][vc_column_text css=&#8221;&#8221;] [\/vc_column][\/vc_row][vc_row][vc_column][vc_column_text] Posljednja ve\u010dera &#8211; Leonardo da Vinci &nbsp; Godina stvaranja: oko 1500 Izvorna veli\u010dina: 794 cm x 418 cm Stil bojanja: Visoka renesansa Izvorna tehnika: Ulje na platnu Lokacija: Da Vinci muzej, Tongerlo PrikazomPosljednje ve\u010dereu kr\u0161\u0107anskoj umjetnosti bavili su se razli\u010diti slikarivi\u0161e stolje\u0107a,me\u0111utim, najpoznatija je freska Leonarda da [&hellip;]<\/p>\n","protected":false},"featured_media":21495,"template":"","meta":{"_acf_changed":false},"product_brand":[],"product_cat":[3376,3387],"product_tag":[4097,4069,4070,4071],"class_list":{"0":"post-24628","1":"product","2":"type-product","3":"status-publish","4":"has-post-thumbnail","6":"product_cat-leonardo-da-vinci","7":"product_cat-religiozne-slike","8":"product_tag-da-vinci-hr","9":"product_tag-reprodukcija-hr","10":"product_tag-reprodukcije-hr","11":"product_tag-slikar-hr","12":"pa_dimenzija-100-x-50-cm-hr","13":"pa_dimenzija-120-x-60-cm-hr","14":"pa_dimenzija-140-x-70-cm-hr","15":"pa_dimenzija-160-x-80-cm-hr","16":"pa_dimenzija-200-x-100-cm-hr","17":"pa_dimenzija-250-x-130-cm-hr","18":"pa_dimenzija-300-x-160-cm-hr","19":"pa_dimenzija-350-x-180-cm-hr","20":"pa_dimenzija-400-x-210-cm-hr","21":"pa_oblika-horizontalno","22":"pa_okvir-bez-okvira","23":"pa_podokvir-bez-podokvira","24":"pa_podokvir-sa-podokvirom","26":"first","27":"onbackorder","28":"purchasable","29":"product-type-variable","30":"has-default-attributes"},"acf":[],"yoast_head":"<!-- This site is optimized with the Yoast SEO Premium plugin v26.0 (Yoast SEO v27.2) - https:\/\/yoast.com\/product\/yoast-seo-premium-wordpress\/ -->\n<title>Leonardo da Vinci - Posljednja ve\u010dera - The Last Supper - SVETSLIK.SI - 100% ru\u010dno naslikano<\/title>\n<meta name=\"description\" content=\"Leonardo da Vinci - Posljednja ve\u010dera - The Last Supper - 100% ru\u010dno naslikane reprodukcije slika na platnu. Uramljivanje slika, prodaja i izrada slika u dimenzijama po narud\u017ebi.\" \/>\n<meta name=\"robots\" content=\"index, follow, max-snippet:-1, max-image-preview:large, max-video-preview:-1\" \/>\n<link rel=\"canonical\" href=\"https:\/\/svetslik.si\/hr\/leonardo-da-vinci\/the-last-supper\/\" \/>\n<meta property=\"og:locale\" content=\"hr_HR\" \/>\n<meta property=\"og:type\" content=\"article\" \/>\n<meta property=\"og:title\" content=\"Leonardo da Vinci - Posljednja ve\u010dera - The Last Supper\" \/>\n<meta property=\"og:description\" content=\"100% ro\u010dno naslikane slike na platnu, reprodukcije znanih slikarjev in umetni\u0161ke slike po naro\u010dilu.\" \/>\n<meta property=\"og:url\" content=\"https:\/\/svetslik.si\/hr\/leonardo-da-vinci\/the-last-supper\/\" \/>\n<meta property=\"og:site_name\" content=\"SVETSLIK.SI\" \/>\n<meta property=\"article:publisher\" content=\"https:\/\/www.facebook.com\/svetslik.si\" \/>\n<meta property=\"article:modified_time\" content=\"2025-11-02T20:58:46+00:00\" \/>\n<meta property=\"og:image\" content=\"https:\/\/svetslik.si\/wp-content\/uploads\/2021\/09\/zadnja-vecerja-The_Last_Supper_-_Leonardo_Da_Vinci_-_High_Resolution_32x16.jpg\" \/>\n\t<meta property=\"og:image:width\" content=\"1000\" \/>\n\t<meta property=\"og:image:height\" content=\"500\" \/>\n\t<meta property=\"og:image:type\" content=\"image\/jpeg\" \/>\n<meta name=\"twitter:card\" content=\"summary_large_image\" \/>\n<meta name=\"twitter:site\" content=\"@svetslik\" \/>\n<meta name=\"twitter:label1\" content=\"Availability\" \/>\n\t<meta name=\"twitter:data1\" content=\"On backorder\" \/>\n<script type=\"application\/ld+json\" class=\"yoast-schema-graph\">{\"@context\":\"https:\/\/schema.org\",\"@graph\":[{\"@type\":[\"WebPage\",\"ItemPage\"],\"@id\":\"https:\/\/svetslik.si\/hr\/leonardo-da-vinci\/the-last-supper\/\",\"url\":\"https:\/\/svetslik.si\/hr\/leonardo-da-vinci\/the-last-supper\/\",\"name\":\"Leonardo da Vinci - Posljednja ve\u010dera - The Last Supper - SVETSLIK.SI - 100% ru\u010dno naslikano\",\"isPartOf\":{\"@id\":\"https:\/\/svetslik.si\/hr\/#website\"},\"primaryImageOfPage\":{\"@id\":\"https:\/\/svetslik.si\/hr\/leonardo-da-vinci\/the-last-supper\/#primaryimage\"},\"image\":{\"@id\":\"https:\/\/svetslik.si\/hr\/leonardo-da-vinci\/the-last-supper\/#primaryimage\"},\"thumbnailUrl\":\"https:\/\/svetslik.si\/wp-content\/uploads\/2021\/09\/zadnja-vecerja-The_Last_Supper_-_Leonardo_Da_Vinci_-_High_Resolution_32x16.jpg\",\"datePublished\":\"2021-09-02T15:46:07+00:00\",\"dateModified\":\"2025-11-02T20:58:46+00:00\",\"description\":\"Leonardo da Vinci - Posljednja ve\u010dera - The Last Supper - 100% ru\u010dno naslikane reprodukcije slika na platnu. Uramljivanje slika, prodaja i izrada slika u dimenzijama po narud\u017ebi.\",\"breadcrumb\":{\"@id\":\"https:\/\/svetslik.si\/hr\/leonardo-da-vinci\/the-last-supper\/#breadcrumb\"},\"inLanguage\":\"hr\",\"potentialAction\":[{\"@type\":\"ReadAction\",\"target\":[\"https:\/\/svetslik.si\/hr\/leonardo-da-vinci\/the-last-supper\/\"]}]},{\"@type\":\"ImageObject\",\"inLanguage\":\"hr\",\"@id\":\"https:\/\/svetslik.si\/hr\/leonardo-da-vinci\/the-last-supper\/#primaryimage\",\"url\":\"https:\/\/svetslik.si\/wp-content\/uploads\/2021\/09\/zadnja-vecerja-The_Last_Supper_-_Leonardo_Da_Vinci_-_High_Resolution_32x16.jpg\",\"contentUrl\":\"https:\/\/svetslik.si\/wp-content\/uploads\/2021\/09\/zadnja-vecerja-The_Last_Supper_-_Leonardo_Da_Vinci_-_High_Resolution_32x16.jpg\",\"width\":1000,\"height\":500,\"caption\":\"Zidne slike na platnu - Leonardo da Vinci - Zadnja ve\u010dera\"},{\"@type\":\"BreadcrumbList\",\"@id\":\"https:\/\/svetslik.si\/hr\/leonardo-da-vinci\/the-last-supper\/#breadcrumb\",\"itemListElement\":[{\"@type\":\"ListItem\",\"position\":1,\"name\":\"Umjetni\u010dke zidne slike na platnu\",\"item\":\"https:\/\/svetslik.si\/hr\/\"},{\"@type\":\"ListItem\",\"position\":2,\"name\":\"Prodaja slika\",\"item\":\"https:\/\/svetslik.si\/prodaja-slik\/\"},{\"@type\":\"ListItem\",\"position\":3,\"name\":\"Leonardo da Vinci &#8211; Posljednja ve\u010dera &#8211; The Last Supper\"}]},{\"@type\":\"WebSite\",\"@id\":\"https:\/\/svetslik.si\/hr\/#website\",\"url\":\"https:\/\/svetslik.si\/hr\/\",\"name\":\"SVETSLIK.SI\",\"description\":\"100% ru\u010dno naslikane reprodukcije slika poznatih slikara in umjetni\u010dke zidne slike na platnu.\",\"publisher\":{\"@id\":\"https:\/\/svetslik.si\/hr\/#organization\"},\"potentialAction\":[{\"@type\":\"SearchAction\",\"target\":{\"@type\":\"EntryPoint\",\"urlTemplate\":\"https:\/\/svetslik.si\/hr\/?s={search_term_string}\"},\"query-input\":{\"@type\":\"PropertyValueSpecification\",\"valueRequired\":true,\"valueName\":\"search_term_string\"}}],\"inLanguage\":\"hr\"},{\"@type\":\"Organization\",\"@id\":\"https:\/\/svetslik.si\/hr\/#organization\",\"name\":\"SvetSlik.si\",\"url\":\"https:\/\/svetslik.si\/hr\/\",\"logo\":{\"@type\":\"ImageObject\",\"inLanguage\":\"hr\",\"@id\":\"https:\/\/svetslik.si\/hr\/#\/schema\/logo\/image\/\",\"url\":\"https:\/\/svetslik.si\/wp-content\/uploads\/2020\/12\/logo-512.png\",\"contentUrl\":\"https:\/\/svetslik.si\/wp-content\/uploads\/2020\/12\/logo-512.png\",\"width\":512,\"height\":512,\"caption\":\"SvetSlik.si\"},\"image\":{\"@id\":\"https:\/\/svetslik.si\/hr\/#\/schema\/logo\/image\/\"},\"sameAs\":[\"https:\/\/www.facebook.com\/svetslik.si\",\"https:\/\/x.com\/svetslik\",\"https:\/\/www.instagram.com\/svetslik.si\/\",\"https:\/\/www.linkedin.com\/company\/svetslik-si\"]}]}<\/script>\n<meta property=\"og:availability\" content=\"backorder\" \/>\n<meta property=\"product:availability\" content=\"available for order\" \/>\n<meta property=\"product:retailer_item_id\" content=\"138__\" \/>\n<meta property=\"product:condition\" content=\"new\" \/>\n<!-- \/ Yoast SEO Premium plugin. -->","yoast_head_json":{"title":"Leonardo da Vinci - Posljednja ve\u010dera - The Last Supper - SVETSLIK.SI - 100% ru\u010dno naslikano","description":"Leonardo da Vinci - Posljednja ve\u010dera - The Last Supper - 100% ru\u010dno naslikane reprodukcije slika na platnu. Uramljivanje slika, prodaja i izrada slika u dimenzijama po narud\u017ebi.","robots":{"index":"index","follow":"follow","max-snippet":"max-snippet:-1","max-image-preview":"max-image-preview:large","max-video-preview":"max-video-preview:-1"},"canonical":"https:\/\/svetslik.si\/hr\/leonardo-da-vinci\/the-last-supper\/","og_locale":"hr_HR","og_type":"article","og_title":"Leonardo da Vinci - Posljednja ve\u010dera - The Last Supper","og_description":"100% ro\u010dno naslikane slike na platnu, reprodukcije znanih slikarjev in umetni\u0161ke slike po naro\u010dilu.","og_url":"https:\/\/svetslik.si\/hr\/leonardo-da-vinci\/the-last-supper\/","og_site_name":"SVETSLIK.SI","article_publisher":"https:\/\/www.facebook.com\/svetslik.si","article_modified_time":"2025-11-02T20:58:46+00:00","og_image":[{"width":1000,"height":500,"url":"https:\/\/svetslik.si\/wp-content\/uploads\/2021\/09\/zadnja-vecerja-The_Last_Supper_-_Leonardo_Da_Vinci_-_High_Resolution_32x16.jpg","type":"image\/jpeg"}],"twitter_card":"summary_large_image","twitter_site":"@svetslik","twitter_misc":{"Availability":"On backorder"},"schema":{"@context":"https:\/\/schema.org","@graph":[{"@type":["WebPage","ItemPage"],"@id":"https:\/\/svetslik.si\/hr\/leonardo-da-vinci\/the-last-supper\/","url":"https:\/\/svetslik.si\/hr\/leonardo-da-vinci\/the-last-supper\/","name":"Leonardo da Vinci - Posljednja ve\u010dera - The Last Supper - SVETSLIK.SI - 100% ru\u010dno naslikano","isPartOf":{"@id":"https:\/\/svetslik.si\/hr\/#website"},"primaryImageOfPage":{"@id":"https:\/\/svetslik.si\/hr\/leonardo-da-vinci\/the-last-supper\/#primaryimage"},"image":{"@id":"https:\/\/svetslik.si\/hr\/leonardo-da-vinci\/the-last-supper\/#primaryimage"},"thumbnailUrl":"https:\/\/svetslik.si\/wp-content\/uploads\/2021\/09\/zadnja-vecerja-The_Last_Supper_-_Leonardo_Da_Vinci_-_High_Resolution_32x16.jpg","datePublished":"2021-09-02T15:46:07+00:00","dateModified":"2025-11-02T20:58:46+00:00","description":"Leonardo da Vinci - Posljednja ve\u010dera - The Last Supper - 100% ru\u010dno naslikane reprodukcije slika na platnu. Uramljivanje slika, prodaja i izrada slika u dimenzijama po narud\u017ebi.","breadcrumb":{"@id":"https:\/\/svetslik.si\/hr\/leonardo-da-vinci\/the-last-supper\/#breadcrumb"},"inLanguage":"hr","potentialAction":[{"@type":"ReadAction","target":["https:\/\/svetslik.si\/hr\/leonardo-da-vinci\/the-last-supper\/"]}]},{"@type":"ImageObject","inLanguage":"hr","@id":"https:\/\/svetslik.si\/hr\/leonardo-da-vinci\/the-last-supper\/#primaryimage","url":"https:\/\/svetslik.si\/wp-content\/uploads\/2021\/09\/zadnja-vecerja-The_Last_Supper_-_Leonardo_Da_Vinci_-_High_Resolution_32x16.jpg","contentUrl":"https:\/\/svetslik.si\/wp-content\/uploads\/2021\/09\/zadnja-vecerja-The_Last_Supper_-_Leonardo_Da_Vinci_-_High_Resolution_32x16.jpg","width":1000,"height":500,"caption":"Zidne slike na platnu - Leonardo da Vinci - Zadnja ve\u010dera"},{"@type":"BreadcrumbList","@id":"https:\/\/svetslik.si\/hr\/leonardo-da-vinci\/the-last-supper\/#breadcrumb","itemListElement":[{"@type":"ListItem","position":1,"name":"Umjetni\u010dke zidne slike na platnu","item":"https:\/\/svetslik.si\/hr\/"},{"@type":"ListItem","position":2,"name":"Prodaja slika","item":"https:\/\/svetslik.si\/prodaja-slik\/"},{"@type":"ListItem","position":3,"name":"Leonardo da Vinci &#8211; Posljednja ve\u010dera &#8211; The Last Supper"}]},{"@type":"WebSite","@id":"https:\/\/svetslik.si\/hr\/#website","url":"https:\/\/svetslik.si\/hr\/","name":"SVETSLIK.SI","description":"100% ru\u010dno naslikane reprodukcije slika poznatih slikara in umjetni\u010dke zidne slike na platnu.","publisher":{"@id":"https:\/\/svetslik.si\/hr\/#organization"},"potentialAction":[{"@type":"SearchAction","target":{"@type":"EntryPoint","urlTemplate":"https:\/\/svetslik.si\/hr\/?s={search_term_string}"},"query-input":{"@type":"PropertyValueSpecification","valueRequired":true,"valueName":"search_term_string"}}],"inLanguage":"hr"},{"@type":"Organization","@id":"https:\/\/svetslik.si\/hr\/#organization","name":"SvetSlik.si","url":"https:\/\/svetslik.si\/hr\/","logo":{"@type":"ImageObject","inLanguage":"hr","@id":"https:\/\/svetslik.si\/hr\/#\/schema\/logo\/image\/","url":"https:\/\/svetslik.si\/wp-content\/uploads\/2020\/12\/logo-512.png","contentUrl":"https:\/\/svetslik.si\/wp-content\/uploads\/2020\/12\/logo-512.png","width":512,"height":512,"caption":"SvetSlik.si"},"image":{"@id":"https:\/\/svetslik.si\/hr\/#\/schema\/logo\/image\/"},"sameAs":["https:\/\/www.facebook.com\/svetslik.si","https:\/\/x.com\/svetslik","https:\/\/www.instagram.com\/svetslik.si\/","https:\/\/www.linkedin.com\/company\/svetslik-si"]}]},"og_availability":"backorder","product_availability":"available for order","product_retailer_item_id":"138__","product_condition":"new"},"jetpack_sharing_enabled":true,"_links":{"self":[{"href":"https:\/\/svetslik.si\/hr\/wp-json\/wp\/v2\/product\/24628","targetHints":{"allow":["GET"]}}],"collection":[{"href":"https:\/\/svetslik.si\/hr\/wp-json\/wp\/v2\/product"}],"about":[{"href":"https:\/\/svetslik.si\/hr\/wp-json\/wp\/v2\/types\/product"}],"wp:featuredmedia":[{"embeddable":true,"href":"https:\/\/svetslik.si\/hr\/wp-json\/wp\/v2\/media\/21495"}],"wp:attachment":[{"href":"https:\/\/svetslik.si\/hr\/wp-json\/wp\/v2\/media?parent=24628"}],"wp:term":[{"taxonomy":"product_brand","embeddable":true,"href":"https:\/\/svetslik.si\/hr\/wp-json\/wp\/v2\/product_brand?post=24628"},{"taxonomy":"product_cat","embeddable":true,"href":"https:\/\/svetslik.si\/hr\/wp-json\/wp\/v2\/product_cat?post=24628"},{"taxonomy":"product_tag","embeddable":true,"href":"https:\/\/svetslik.si\/hr\/wp-json\/wp\/v2\/product_tag?post=24628"}],"curies":[{"name":"wp","href":"https:\/\/api.w.org\/{rel}","templated":true}]}}