{"id":24701,"date":"2021-09-02T18:16:35","date_gmt":"2021-09-02T16:16:35","guid":{"rendered":"https:\/\/svetslik.si\/Bez%20kategorije\/rocks-and-branches-at-bibemus\/"},"modified":"2024-07-04T15:55:55","modified_gmt":"2024-07-04T13:55:55","slug":"rocks-and-branches-at-bibemus","status":"publish","type":"product","link":"https:\/\/svetslik.si\/hr\/paul-cezanne\/rocks-and-branches-at-bibemus\/","title":{"rendered":"Paul Cezanne &#8211; Rocks and Branches at Bib\u00e9mus"},"content":{"rendered":"<h1>Paul Cezanne &#8211; Stijene i grane u Bib\u00e9musu<\/h1>\n<p>\n&nbsp;<\/p>\n<table border=\"0\" cellpadding=\"0\" cellspacing=\"0\" style=\"width: 619px\" width=\"619\">\n<tbody>\n<tr>\n<td height=\"21\" style=\"width: 180px;height: 21px\">Godina nastanka:<\/td>\n<td style=\"width: 439px\">1900-1904<\/td>\n<\/tr>\n<tr>\n<td height=\"21\" style=\"width: 180px;height: 21px\">Izvorna veli\u010dina:<\/td>\n<td style=\"width: 439px\">50,5 cm x 61 cm<\/td>\n<\/tr>\n<tr>\n<td height=\"21\" style=\"width: 180px;height: 21px\">Stil slikanja:<\/td>\n<td style=\"width: 439px\">Postimpresionizam<\/td>\n<\/tr>\n<tr>\n<td height=\"21\" style=\"width: 180px;height: 21px\">Izvorna tehnika:<\/td>\n<td style=\"width: 439px\">Ulje na platnu<\/td>\n<\/tr>\n<tr>\n<td height=\"21\" style=\"width: 180px;height: 21px\">Nalazi se:<\/td>\n<td style=\"width: 439px\">Mus\u00e9e du Petit Palais. Pariz<\/td>\n<\/tr>\n<\/tbody>\n<colgroup><\/colgroup>\n<\/table>\n<p>Ulje na platnu <em>Stijene i grane u Bib\u00e9musu<\/em> prikazuje dio stijene koji se ne mo\u017ee staviti u kontekst, niti se mo\u017ee odrediti \u0161to taj dio zapravo predstavlja. Spu\u0161taju\u0107i se od vrha do dna ove slike je konfiguracija mrtvog, umiru\u0107eg ili na drugi na\u010din sru\u0161enog stabla. C\u00e9zanne je mo\u017eda samo naslikao granu ili je ve\u0107i dio stabla mo\u017eda na slici &#8211; to se nikako ne mo\u017ee dokazati. Sam slikar je nekako odsutan na ovoj slici pa je motiv jo\u0161 zagonetniji iako se u slikarskom stilu prepoznaje C\u00e9zanneov dodir.<\/p>\n","protected":false},"excerpt":{"rendered":"<p>Paul Cezanne &#8211; Stijene i grane u Bib\u00e9musu &nbsp; Godina nastanka: 1900-1904 Izvorna veli\u010dina: 50,5 cm x 61 cm Stil slikanja: Postimpresionizam Izvorna tehnika: Ulje na platnu Nalazi se: Mus\u00e9e du Petit Palais. Pariz Ulje na platnu Stijene i grane u Bib\u00e9musu prikazuje dio stijene koji se ne mo\u017ee staviti [&hellip;]<\/p>\n","protected":false},"featured_media":20645,"template":"","meta":{"_acf_changed":false},"product_brand":[],"product_cat":[3377],"product_tag":[4109,4069,4070,4071],"class_list":{"0":"post-24701","1":"product","2":"type-product","3":"status-publish","4":"has-post-thumbnail","6":"product_cat-paul-cezanne","7":"product_tag-cezanne-hr","8":"product_tag-reprodukcija-hr","9":"product_tag-reprodukcije-hr","10":"product_tag-slikar-hr","11":"pa_dimenzija-100-x-120-cm-hr","12":"pa_dimenzija-120-x-145-cm-hr","13":"pa_dimenzija-150-x-180-cm-hr","14":"pa_dimenzija-51-x-61-cm-hr","15":"pa_dimenzija-60-x-70-cm-hr","16":"pa_dimenzija-70-x-85-cm-hr","17":"pa_dimenzija-80-x-100-cm-hr","18":"pa_dimenzija-90-x-110-cm-hr","19":"pa_oblika-okomito","20":"pa_okvir-bez-okvira","21":"pa_podokvir-bez-podokvira","22":"pa_podokvir-sa-podokvirom","24":"first","25":"onbackorder","26":"purchasable","27":"product-type-variable","28":"has-default-attributes"},"acf":[],"yoast_head":"<!-- This site is optimized with the Yoast SEO Premium plugin v26.0 (Yoast SEO v27.2) - https:\/\/yoast.com\/product\/yoast-seo-premium-wordpress\/ -->\n<title>Paul Cezanne - Rocks and Branches at Bib\u00e9mus - SVETSLIK.SI - 100% ru\u010dno naslikano<\/title>\n<meta name=\"description\" content=\"Paul Cezanne - Rocks and Branches at Bib\u00e9mus - 100% ru\u010dno naslikane reprodukcije slika na platnu. Okvirivanje slika, prodaja i izrada slika u dimenzijama po narud\u017ebi.\" \/>\n<meta name=\"robots\" content=\"index, follow, max-snippet:-1, max-image-preview:large, max-video-preview:-1\" \/>\n<link rel=\"canonical\" href=\"https:\/\/svetslik.si\/hr\/paul-cezanne\/rocks-and-branches-at-bibemus\/\" \/>\n<meta property=\"og:locale\" content=\"hr_HR\" \/>\n<meta property=\"og:type\" content=\"article\" \/>\n<meta property=\"og:title\" content=\"Paul Cezanne - Rocks and Branches at Bib\u00e9mus\" \/>\n<meta property=\"og:description\" content=\"100% ro\u010dno naslikane slike na platnu, reprodukcije znanih slikarjev in umetni\u0161ke slike po naro\u010dilu.\" \/>\n<meta property=\"og:url\" content=\"https:\/\/svetslik.si\/hr\/paul-cezanne\/rocks-and-branches-at-bibemus\/\" \/>\n<meta property=\"og:site_name\" content=\"SVETSLIK.SI\" \/>\n<meta property=\"article:publisher\" content=\"https:\/\/www.facebook.com\/svetslik.si\" \/>\n<meta property=\"article:modified_time\" content=\"2024-07-04T13:55:55+00:00\" \/>\n<meta property=\"og:image\" content=\"https:\/\/svetslik.si\/wp-content\/uploads\/2021\/08\/image_Rocks-and-Branches-at-Bibmus-Paul-Czanne_680.jpg\" \/>\n\t<meta property=\"og:image:width\" content=\"1769\" \/>\n\t<meta property=\"og:image:height\" content=\"2160\" \/>\n\t<meta property=\"og:image:type\" content=\"image\/jpeg\" \/>\n<meta name=\"twitter:card\" content=\"summary_large_image\" \/>\n<meta name=\"twitter:site\" content=\"@svetslik\" \/>\n<meta name=\"twitter:label1\" content=\"Availability\" \/>\n\t<meta name=\"twitter:data1\" content=\"On backorder\" \/>\n<script type=\"application\/ld+json\" class=\"yoast-schema-graph\">{\"@context\":\"https:\/\/schema.org\",\"@graph\":[{\"@type\":[\"WebPage\",\"ItemPage\"],\"@id\":\"https:\/\/svetslik.si\/hr\/paul-cezanne\/rocks-and-branches-at-bibemus\/\",\"url\":\"https:\/\/svetslik.si\/hr\/paul-cezanne\/rocks-and-branches-at-bibemus\/\",\"name\":\"Paul Cezanne - Rocks and Branches at Bib\u00e9mus - SVETSLIK.SI - 100% ru\u010dno naslikano\",\"isPartOf\":{\"@id\":\"https:\/\/svetslik.si\/hr\/#website\"},\"primaryImageOfPage\":{\"@id\":\"https:\/\/svetslik.si\/hr\/paul-cezanne\/rocks-and-branches-at-bibemus\/#primaryimage\"},\"image\":{\"@id\":\"https:\/\/svetslik.si\/hr\/paul-cezanne\/rocks-and-branches-at-bibemus\/#primaryimage\"},\"thumbnailUrl\":\"https:\/\/svetslik.si\/wp-content\/uploads\/2021\/08\/image_Rocks-and-Branches-at-Bibmus-Paul-Czanne_680.jpg\",\"datePublished\":\"2021-09-02T16:16:35+00:00\",\"dateModified\":\"2024-07-04T13:55:55+00:00\",\"description\":\"Paul Cezanne - Rocks and Branches at Bib\u00e9mus - 100% ru\u010dno naslikane reprodukcije slika na platnu. Okvirivanje slika, prodaja i izrada slika u dimenzijama po narud\u017ebi.\",\"breadcrumb\":{\"@id\":\"https:\/\/svetslik.si\/hr\/paul-cezanne\/rocks-and-branches-at-bibemus\/#breadcrumb\"},\"inLanguage\":\"hr\",\"potentialAction\":[{\"@type\":\"ReadAction\",\"target\":[\"https:\/\/svetslik.si\/hr\/paul-cezanne\/rocks-and-branches-at-bibemus\/\"]}]},{\"@type\":\"ImageObject\",\"inLanguage\":\"hr\",\"@id\":\"https:\/\/svetslik.si\/hr\/paul-cezanne\/rocks-and-branches-at-bibemus\/#primaryimage\",\"url\":\"https:\/\/svetslik.si\/wp-content\/uploads\/2021\/08\/image_Rocks-and-Branches-at-Bibmus-Paul-Czanne_680.jpg\",\"contentUrl\":\"https:\/\/svetslik.si\/wp-content\/uploads\/2021\/08\/image_Rocks-and-Branches-at-Bibmus-Paul-Czanne_680.jpg\",\"width\":1769,\"height\":2160,\"caption\":\"Paul Cezanne - Stijene i grane u Bib\u00e9musu - Ru\u010dno naslikane reprodukcije poznatih slikara, moderne zidne slike, umjetni\u010dke slike za zid\"},{\"@type\":\"BreadcrumbList\",\"@id\":\"https:\/\/svetslik.si\/hr\/paul-cezanne\/rocks-and-branches-at-bibemus\/#breadcrumb\",\"itemListElement\":[{\"@type\":\"ListItem\",\"position\":1,\"name\":\"Umjetni\u010dke zidne slike na platnu\",\"item\":\"https:\/\/svetslik.si\/hr\/\"},{\"@type\":\"ListItem\",\"position\":2,\"name\":\"Prodaja slika\",\"item\":\"https:\/\/svetslik.si\/prodaja-slik\/\"},{\"@type\":\"ListItem\",\"position\":3,\"name\":\"Paul Cezanne &#8211; Rocks and Branches at Bib\u00e9mus\"}]},{\"@type\":\"WebSite\",\"@id\":\"https:\/\/svetslik.si\/hr\/#website\",\"url\":\"https:\/\/svetslik.si\/hr\/\",\"name\":\"SVETSLIK.SI\",\"description\":\"100% ru\u010dno naslikane reprodukcije slika poznatih slikara in umjetni\u010dke zidne slike na platnu.\",\"publisher\":{\"@id\":\"https:\/\/svetslik.si\/hr\/#organization\"},\"potentialAction\":[{\"@type\":\"SearchAction\",\"target\":{\"@type\":\"EntryPoint\",\"urlTemplate\":\"https:\/\/svetslik.si\/hr\/?s={search_term_string}\"},\"query-input\":{\"@type\":\"PropertyValueSpecification\",\"valueRequired\":true,\"valueName\":\"search_term_string\"}}],\"inLanguage\":\"hr\"},{\"@type\":\"Organization\",\"@id\":\"https:\/\/svetslik.si\/hr\/#organization\",\"name\":\"SvetSlik.si\",\"url\":\"https:\/\/svetslik.si\/hr\/\",\"logo\":{\"@type\":\"ImageObject\",\"inLanguage\":\"hr\",\"@id\":\"https:\/\/svetslik.si\/hr\/#\/schema\/logo\/image\/\",\"url\":\"https:\/\/svetslik.si\/wp-content\/uploads\/2020\/12\/logo-512.png\",\"contentUrl\":\"https:\/\/svetslik.si\/wp-content\/uploads\/2020\/12\/logo-512.png\",\"width\":512,\"height\":512,\"caption\":\"SvetSlik.si\"},\"image\":{\"@id\":\"https:\/\/svetslik.si\/hr\/#\/schema\/logo\/image\/\"},\"sameAs\":[\"https:\/\/www.facebook.com\/svetslik.si\",\"https:\/\/x.com\/svetslik\",\"https:\/\/www.instagram.com\/svetslik.si\/\",\"https:\/\/www.linkedin.com\/company\/svetslik-si\"]}]}<\/script>\n<meta property=\"og:availability\" content=\"backorder\" \/>\n<meta property=\"product:availability\" content=\"available for order\" \/>\n<meta property=\"product:retailer_item_id\" content=\"501__\" \/>\n<meta property=\"product:condition\" content=\"new\" \/>\n<!-- \/ Yoast SEO Premium plugin. -->","yoast_head_json":{"title":"Paul Cezanne - Rocks and Branches at Bib\u00e9mus - SVETSLIK.SI - 100% ru\u010dno naslikano","description":"Paul Cezanne - Rocks and Branches at Bib\u00e9mus - 100% ru\u010dno naslikane reprodukcije slika na platnu. Okvirivanje slika, prodaja i izrada slika u dimenzijama po narud\u017ebi.","robots":{"index":"index","follow":"follow","max-snippet":"max-snippet:-1","max-image-preview":"max-image-preview:large","max-video-preview":"max-video-preview:-1"},"canonical":"https:\/\/svetslik.si\/hr\/paul-cezanne\/rocks-and-branches-at-bibemus\/","og_locale":"hr_HR","og_type":"article","og_title":"Paul Cezanne - Rocks and Branches at Bib\u00e9mus","og_description":"100% ro\u010dno naslikane slike na platnu, reprodukcije znanih slikarjev in umetni\u0161ke slike po naro\u010dilu.","og_url":"https:\/\/svetslik.si\/hr\/paul-cezanne\/rocks-and-branches-at-bibemus\/","og_site_name":"SVETSLIK.SI","article_publisher":"https:\/\/www.facebook.com\/svetslik.si","article_modified_time":"2024-07-04T13:55:55+00:00","og_image":[{"width":1769,"height":2160,"url":"https:\/\/svetslik.si\/wp-content\/uploads\/2021\/08\/image_Rocks-and-Branches-at-Bibmus-Paul-Czanne_680.jpg","type":"image\/jpeg"}],"twitter_card":"summary_large_image","twitter_site":"@svetslik","twitter_misc":{"Availability":"On backorder"},"schema":{"@context":"https:\/\/schema.org","@graph":[{"@type":["WebPage","ItemPage"],"@id":"https:\/\/svetslik.si\/hr\/paul-cezanne\/rocks-and-branches-at-bibemus\/","url":"https:\/\/svetslik.si\/hr\/paul-cezanne\/rocks-and-branches-at-bibemus\/","name":"Paul Cezanne - Rocks and Branches at Bib\u00e9mus - SVETSLIK.SI - 100% ru\u010dno naslikano","isPartOf":{"@id":"https:\/\/svetslik.si\/hr\/#website"},"primaryImageOfPage":{"@id":"https:\/\/svetslik.si\/hr\/paul-cezanne\/rocks-and-branches-at-bibemus\/#primaryimage"},"image":{"@id":"https:\/\/svetslik.si\/hr\/paul-cezanne\/rocks-and-branches-at-bibemus\/#primaryimage"},"thumbnailUrl":"https:\/\/svetslik.si\/wp-content\/uploads\/2021\/08\/image_Rocks-and-Branches-at-Bibmus-Paul-Czanne_680.jpg","datePublished":"2021-09-02T16:16:35+00:00","dateModified":"2024-07-04T13:55:55+00:00","description":"Paul Cezanne - Rocks and Branches at Bib\u00e9mus - 100% ru\u010dno naslikane reprodukcije slika na platnu. Okvirivanje slika, prodaja i izrada slika u dimenzijama po narud\u017ebi.","breadcrumb":{"@id":"https:\/\/svetslik.si\/hr\/paul-cezanne\/rocks-and-branches-at-bibemus\/#breadcrumb"},"inLanguage":"hr","potentialAction":[{"@type":"ReadAction","target":["https:\/\/svetslik.si\/hr\/paul-cezanne\/rocks-and-branches-at-bibemus\/"]}]},{"@type":"ImageObject","inLanguage":"hr","@id":"https:\/\/svetslik.si\/hr\/paul-cezanne\/rocks-and-branches-at-bibemus\/#primaryimage","url":"https:\/\/svetslik.si\/wp-content\/uploads\/2021\/08\/image_Rocks-and-Branches-at-Bibmus-Paul-Czanne_680.jpg","contentUrl":"https:\/\/svetslik.si\/wp-content\/uploads\/2021\/08\/image_Rocks-and-Branches-at-Bibmus-Paul-Czanne_680.jpg","width":1769,"height":2160,"caption":"Paul Cezanne - Stijene i grane u Bib\u00e9musu - Ru\u010dno naslikane reprodukcije poznatih slikara, moderne zidne slike, umjetni\u010dke slike za zid"},{"@type":"BreadcrumbList","@id":"https:\/\/svetslik.si\/hr\/paul-cezanne\/rocks-and-branches-at-bibemus\/#breadcrumb","itemListElement":[{"@type":"ListItem","position":1,"name":"Umjetni\u010dke zidne slike na platnu","item":"https:\/\/svetslik.si\/hr\/"},{"@type":"ListItem","position":2,"name":"Prodaja slika","item":"https:\/\/svetslik.si\/prodaja-slik\/"},{"@type":"ListItem","position":3,"name":"Paul Cezanne &#8211; Rocks and Branches at Bib\u00e9mus"}]},{"@type":"WebSite","@id":"https:\/\/svetslik.si\/hr\/#website","url":"https:\/\/svetslik.si\/hr\/","name":"SVETSLIK.SI","description":"100% ru\u010dno naslikane reprodukcije slika poznatih slikara in umjetni\u010dke zidne slike na platnu.","publisher":{"@id":"https:\/\/svetslik.si\/hr\/#organization"},"potentialAction":[{"@type":"SearchAction","target":{"@type":"EntryPoint","urlTemplate":"https:\/\/svetslik.si\/hr\/?s={search_term_string}"},"query-input":{"@type":"PropertyValueSpecification","valueRequired":true,"valueName":"search_term_string"}}],"inLanguage":"hr"},{"@type":"Organization","@id":"https:\/\/svetslik.si\/hr\/#organization","name":"SvetSlik.si","url":"https:\/\/svetslik.si\/hr\/","logo":{"@type":"ImageObject","inLanguage":"hr","@id":"https:\/\/svetslik.si\/hr\/#\/schema\/logo\/image\/","url":"https:\/\/svetslik.si\/wp-content\/uploads\/2020\/12\/logo-512.png","contentUrl":"https:\/\/svetslik.si\/wp-content\/uploads\/2020\/12\/logo-512.png","width":512,"height":512,"caption":"SvetSlik.si"},"image":{"@id":"https:\/\/svetslik.si\/hr\/#\/schema\/logo\/image\/"},"sameAs":["https:\/\/www.facebook.com\/svetslik.si","https:\/\/x.com\/svetslik","https:\/\/www.instagram.com\/svetslik.si\/","https:\/\/www.linkedin.com\/company\/svetslik-si"]}]},"og_availability":"backorder","product_availability":"available for order","product_retailer_item_id":"501__","product_condition":"new"},"jetpack_sharing_enabled":true,"_links":{"self":[{"href":"https:\/\/svetslik.si\/hr\/wp-json\/wp\/v2\/product\/24701","targetHints":{"allow":["GET"]}}],"collection":[{"href":"https:\/\/svetslik.si\/hr\/wp-json\/wp\/v2\/product"}],"about":[{"href":"https:\/\/svetslik.si\/hr\/wp-json\/wp\/v2\/types\/product"}],"wp:featuredmedia":[{"embeddable":true,"href":"https:\/\/svetslik.si\/hr\/wp-json\/wp\/v2\/media\/20645"}],"wp:attachment":[{"href":"https:\/\/svetslik.si\/hr\/wp-json\/wp\/v2\/media?parent=24701"}],"wp:term":[{"taxonomy":"product_brand","embeddable":true,"href":"https:\/\/svetslik.si\/hr\/wp-json\/wp\/v2\/product_brand?post=24701"},{"taxonomy":"product_cat","embeddable":true,"href":"https:\/\/svetslik.si\/hr\/wp-json\/wp\/v2\/product_cat?post=24701"},{"taxonomy":"product_tag","embeddable":true,"href":"https:\/\/svetslik.si\/hr\/wp-json\/wp\/v2\/product_tag?post=24701"}],"curies":[{"name":"wp","href":"https:\/\/api.w.org\/{rel}","templated":true}]}}