{"id":24799,"date":"2021-09-02T18:15:03","date_gmt":"2021-09-02T16:15:03","guid":{"rendered":"https:\/\/svetslik.si\/Bez%20kategorije\/jas-de-bouffan-the-pond\/"},"modified":"2024-07-04T15:56:24","modified_gmt":"2024-07-04T13:56:24","slug":"jas-de-bouffan-the-pond","status":"publish","type":"product","link":"https:\/\/svetslik.si\/hr\/paul-cezanne\/jas-de-bouffan-the-pond\/","title":{"rendered":"Paul Cezanne &#8211; Jas de Bouffan, The Pond"},"content":{"rendered":"<div class=\"wpb-content-wrapper\">[vc_row css=&#8221;.vc_custom_1719470309446{margin-bottom: 15px !important;}&#8221;][vc_column]\t<div class=\"et-image-636 et-image     et_image_link\">\n\t\t<div class=\"et-image-inner \">\n\t\t\t\t\t\t\t<div class=\"et-image-thumb \">\n\t\t\t\t\t<img decoding=\"async\" width=\"1000\" height=\"890\" src=\"https:\/\/svetslik.si\/wp-content\/uploads\/2021\/09\/Paul-Cezanne-\u2013-Jas-de-Bouffan-The-Pond-reprodukcija-slike-2.jpg\" class=\"attachment-full\" alt=\"Paul Cezanne - Jas de Bouffan, The Pond\" title=\"Paul Cezanne - Jas de Bouffan, The Pond\" srcset=\"https:\/\/svetslik.si\/wp-content\/uploads\/2021\/09\/Paul-Cezanne-\u2013-Jas-de-Bouffan-The-Pond-reprodukcija-slike-2.jpg 1000w, https:\/\/svetslik.si\/wp-content\/uploads\/2021\/09\/Paul-Cezanne-\u2013-Jas-de-Bouffan-The-Pond-reprodukcija-slike-2-600x534.jpg 600w, https:\/\/svetslik.si\/wp-content\/uploads\/2021\/09\/Paul-Cezanne-\u2013-Jas-de-Bouffan-The-Pond-reprodukcija-slike-2-300x267.jpg 300w, https:\/\/svetslik.si\/wp-content\/uploads\/2021\/09\/Paul-Cezanne-\u2013-Jas-de-Bouffan-The-Pond-reprodukcija-slike-2-768x684.jpg 768w, https:\/\/svetslik.si\/wp-content\/uploads\/2021\/09\/Paul-Cezanne-\u2013-Jas-de-Bouffan-The-Pond-reprodukcija-slike-2-150x134.jpg 150w, https:\/\/svetslik.si\/wp-content\/uploads\/2021\/09\/Paul-Cezanne-\u2013-Jas-de-Bouffan-The-Pond-reprodukcija-slike-2-900x801.jpg 900w\" sizes=\"(max-width: 1000px) 100vw, 1000px\" \/>\t\t\t\t<\/div>\n\t\t\t\t\t\t\t\t\t\t\t<\/div>\n\t<\/div>\n  [\/vc_column][\/vc_row][vc_row css=&#8221;.vc_custom_1719470309446{margin-bottom: 15px !important;}&#8221;][vc_column]\t<div class=\"et-image-689 et-image     et_image_link\">\n\t\t<div class=\"et-image-inner \">\n\t\t\t\t\t\t\t<div class=\"et-image-thumb \">\n\t\t\t\t\t<img decoding=\"async\" width=\"1000\" height=\"996\" src=\"https:\/\/svetslik.si\/wp-content\/uploads\/2021\/09\/Paul-Cezanne-\u2013-Jas-de-Bouffan-The-Pond-reprodukcija-slike-3.jpg\" class=\"attachment-full\" alt=\"Paul Cezanne - Jas de Bouffan, The Pond\" title=\"Paul Cezanne - Jas de Bouffan, The Pond\" srcset=\"https:\/\/svetslik.si\/wp-content\/uploads\/2021\/09\/Paul-Cezanne-\u2013-Jas-de-Bouffan-The-Pond-reprodukcija-slike-3.jpg 1000w, https:\/\/svetslik.si\/wp-content\/uploads\/2021\/09\/Paul-Cezanne-\u2013-Jas-de-Bouffan-The-Pond-reprodukcija-slike-3-600x598.jpg 600w, https:\/\/svetslik.si\/wp-content\/uploads\/2021\/09\/Paul-Cezanne-\u2013-Jas-de-Bouffan-The-Pond-reprodukcija-slike-3-100x100.jpg 100w, https:\/\/svetslik.si\/wp-content\/uploads\/2021\/09\/Paul-Cezanne-\u2013-Jas-de-Bouffan-The-Pond-reprodukcija-slike-3-300x300.jpg 300w, https:\/\/svetslik.si\/wp-content\/uploads\/2021\/09\/Paul-Cezanne-\u2013-Jas-de-Bouffan-The-Pond-reprodukcija-slike-3-150x150.jpg 150w, https:\/\/svetslik.si\/wp-content\/uploads\/2021\/09\/Paul-Cezanne-\u2013-Jas-de-Bouffan-The-Pond-reprodukcija-slike-3-768x765.jpg 768w, https:\/\/svetslik.si\/wp-content\/uploads\/2021\/09\/Paul-Cezanne-\u2013-Jas-de-Bouffan-The-Pond-reprodukcija-slike-3-900x896.jpg 900w\" sizes=\"(max-width: 1000px) 100vw, 1000px\" \/>\t\t\t\t<\/div>\n\t\t\t\t\t\t\t\t\t\t\t<\/div>\n\t<\/div>\n  [\/vc_column][\/vc_row][vc_row css=&#8221;.vc_custom_1719470309446{margin-bottom: 15px !important;}&#8221;][vc_column]\t<div class=\"et-image-201 et-image     et_image_link\">\n\t\t<div class=\"et-image-inner \">\n\t\t\t\t\t\t\t<div class=\"et-image-thumb \">\n\t\t\t\t\t<img decoding=\"async\" width=\"1000\" height=\"903\" src=\"https:\/\/svetslik.si\/wp-content\/uploads\/2021\/09\/Paul-Cezanne-\u2013-Jas-de-Bouffan-The-Pond-reprodukcija-slike.jpg\" class=\"attachment-full\" alt=\"Paul Cezanne - Jas de Bouffan, The Pond\" title=\"Paul Cezanne - Jas de Bouffan, The Pond\" srcset=\"https:\/\/svetslik.si\/wp-content\/uploads\/2021\/09\/Paul-Cezanne-\u2013-Jas-de-Bouffan-The-Pond-reprodukcija-slike.jpg 1000w, https:\/\/svetslik.si\/wp-content\/uploads\/2021\/09\/Paul-Cezanne-\u2013-Jas-de-Bouffan-The-Pond-reprodukcija-slike-600x542.jpg 600w, https:\/\/svetslik.si\/wp-content\/uploads\/2021\/09\/Paul-Cezanne-\u2013-Jas-de-Bouffan-The-Pond-reprodukcija-slike-300x271.jpg 300w, https:\/\/svetslik.si\/wp-content\/uploads\/2021\/09\/Paul-Cezanne-\u2013-Jas-de-Bouffan-The-Pond-reprodukcija-slike-768x694.jpg 768w, https:\/\/svetslik.si\/wp-content\/uploads\/2021\/09\/Paul-Cezanne-\u2013-Jas-de-Bouffan-The-Pond-reprodukcija-slike-150x135.jpg 150w, https:\/\/svetslik.si\/wp-content\/uploads\/2021\/09\/Paul-Cezanne-\u2013-Jas-de-Bouffan-The-Pond-reprodukcija-slike-900x813.jpg 900w\" sizes=\"(max-width: 1000px) 100vw, 1000px\" \/>\t\t\t\t<\/div>\n\t\t\t\t\t\t\t\t\t\t\t<\/div>\n\t<\/div>\n  [\/vc_column][\/vc_row][vc_row css=&#8221;.vc_custom_1719470309446{margin-bottom: 15px !important;}&#8221;][vc_column]\t<div class=\"et-image-784 et-image     et_image_link\">\n\t\t<div class=\"et-image-inner \">\n\t\t\t\t\t\t\t<div class=\"et-image-thumb \">\n\t\t\t\t\t<img decoding=\"async\" width=\"1000\" height=\"563\" src=\"https:\/\/svetslik.si\/wp-content\/uploads\/2021\/09\/Paul-Cezanne-\u2013-Jas-de-Bouffan-The-Pond-reprodukcija-slike-4.jpg\" class=\"attachment-full\" alt=\"Paul Cezanne - Jas de Bouffan, The Pond\" title=\"Paul Cezanne - Jas de Bouffan, The Pond\" srcset=\"https:\/\/svetslik.si\/wp-content\/uploads\/2021\/09\/Paul-Cezanne-\u2013-Jas-de-Bouffan-The-Pond-reprodukcija-slike-4.jpg 1000w, https:\/\/svetslik.si\/wp-content\/uploads\/2021\/09\/Paul-Cezanne-\u2013-Jas-de-Bouffan-The-Pond-reprodukcija-slike-4-600x338.jpg 600w, https:\/\/svetslik.si\/wp-content\/uploads\/2021\/09\/Paul-Cezanne-\u2013-Jas-de-Bouffan-The-Pond-reprodukcija-slike-4-300x169.jpg 300w, https:\/\/svetslik.si\/wp-content\/uploads\/2021\/09\/Paul-Cezanne-\u2013-Jas-de-Bouffan-The-Pond-reprodukcija-slike-4-768x432.jpg 768w, https:\/\/svetslik.si\/wp-content\/uploads\/2021\/09\/Paul-Cezanne-\u2013-Jas-de-Bouffan-The-Pond-reprodukcija-slike-4-150x84.jpg 150w, https:\/\/svetslik.si\/wp-content\/uploads\/2021\/09\/Paul-Cezanne-\u2013-Jas-de-Bouffan-The-Pond-reprodukcija-slike-4-900x507.jpg 900w\" sizes=\"(max-width: 1000px) 100vw, 1000px\" \/>\t\t\t\t<\/div>\n\t\t\t\t\t\t\t\t\t\t\t<\/div>\n\t<\/div>\n  [\/vc_column][\/vc_row][vc_row][vc_column][vc_column_text]\n<h1>Paul Cezanne &#8211; Jas de Bouffan, Ribnjak<\/h1>\n<p>&nbsp;<\/p>\n<table style=\"width: 619px;\" border=\"0\" width=\"619\" cellspacing=\"0\" cellpadding=\"0\">\n<tbody>\n<tr>\n<td style=\"width: 180px; height: 21px;\" height=\"21\">Godina nastanka:<\/td>\n<td style=\"width: 439px;\">u redu 1876<\/td>\n<\/tr>\n<tr>\n<td style=\"width: 180px; height: 21px;\" height=\"21\">Izvorna veli\u010dina:<\/td>\n<td style=\"width: 439px;\">56,3 cm x 46,1 cm<\/td>\n<\/tr>\n<tr>\n<td style=\"width: 180px; height: 21px;\" height=\"21\">Stil slikanja:<\/td>\n<td style=\"width: 439px;\">Postimpresionizam<\/td>\n<\/tr>\n<tr>\n<td style=\"width: 180px; height: 21px;\" height=\"21\">Izvorna tehnika:<\/td>\n<td style=\"width: 439px;\">Ulje na platnu<\/td>\n<\/tr>\n<tr>\n<td style=\"width: 180px; height: 21px;\" height=\"21\">Nalazi se:<\/td>\n<td style=\"width: 439px;\">Muzej Ermita\u017e, St. Petersburg<\/td>\n<\/tr>\n<\/tbody>\n<colgroup><\/colgroup>\n<\/table>\n<p>Jas de Bouffan bila je rezidencija koju je kupio C\u00e9zanneov otac. C\u00e9zanne je u nekoliko ulja na platnu prikazao ku\u0107u i bazen uz nju. Na ovoj slici bazen je prikazan u svom najljep\u0161em liku, jer osim zelenila uz vodu savr\u0161eno je oslikana i arhitektonska dekoracija uz bazen: \u017euti kip lava, delfina, ulaz i stara zgrada. Unato\u010d prili\u010dno impresionisti\u010dkom prikazu vode u bazenu, ovo ulje na platnu ne mo\u017ee se svrstati u impresionisti\u010dke radove &#8211; \u0161iroki planirani potezi kista ne odgovaraju impresionisti\u010dkom stilu. Sklad boja na slici svjedo\u010di o umjetnikovu majstorskom vladanju bojama.<\/p>\n<\/div>","protected":false},"excerpt":{"rendered":"<p>[vc_row css=&#8221;.vc_custom_1719470309446{margin-bottom: 15px !important;}&#8221;][vc_column][\/vc_column][\/vc_row][vc_row css=&#8221;.vc_custom_1719470309446{margin-bottom: 15px !important;}&#8221;][vc_column][\/vc_column][\/vc_row][vc_row css=&#8221;.vc_custom_1719470309446{margin-bottom: 15px !important;}&#8221;][vc_column][\/vc_column][\/vc_row][vc_row css=&#8221;.vc_custom_1719470309446{margin-bottom: 15px !important;}&#8221;][vc_column][\/vc_column][\/vc_row][vc_row][vc_column][vc_column_text] Paul Cezanne &#8211; Jas de Bouffan, Ribnjak &nbsp; Godina nastanka: u redu 1876 Izvorna veli\u010dina: 56,3 cm x 46,1 cm Stil slikanja: Postimpresionizam Izvorna tehnika: Ulje na platnu Nalazi se: Muzej Ermita\u017e, St. Petersburg Jas de Bouffan [&hellip;]<\/p>\n","protected":false},"featured_media":20346,"template":"","meta":{"_acf_changed":false},"product_brand":[],"product_cat":[3377],"product_tag":[4109,4069,4070,4071],"class_list":{"0":"post-24799","1":"product","2":"type-product","3":"status-publish","4":"has-post-thumbnail","6":"product_cat-paul-cezanne","7":"product_tag-cezanne-hr","8":"product_tag-reprodukcija-hr","9":"product_tag-reprodukcije-hr","10":"product_tag-slikar-hr","11":"pa_dimenzija-100-x-80-cm","12":"pa_dimenzija-120-x-100-cm","13":"pa_dimenzija-150-x-120-cm","14":"pa_dimenzija-180-x-150-cm","15":"pa_dimenzija-56-x-46-cm","16":"pa_dimenzija-70-x-60-cm","17":"pa_dimenzija-80-x-70-cm","18":"pa_dimenzija-90-x-75-cm","19":"pa_oblika-horizontalno","20":"pa_okvir-bez-okvira","21":"pa_podokvir-bez-podokvira","22":"pa_podokvir-sa-podokvirom","24":"first","25":"onbackorder","26":"purchasable","27":"product-type-variable","28":"has-default-attributes"},"acf":[],"yoast_head":"<!-- This site is optimized with the Yoast SEO Premium plugin v26.0 (Yoast SEO v27.2) - https:\/\/yoast.com\/product\/yoast-seo-premium-wordpress\/ -->\n<title>Paul Cezanne - Jas de Bouffan, The Pond - SVETSLIK.SI - 100% ru\u010dno naslikano<\/title>\n<meta name=\"description\" content=\"Paul Cezanne - Jas de Bouffan, The Pond - 100% ru\u010dno naslikane reprodukcije slika na platnu. Uokvirivanje slika, prodaja i izrada slika u dimenzijama po narud\u017ebi.\" \/>\n<meta name=\"robots\" content=\"index, follow, max-snippet:-1, max-image-preview:large, max-video-preview:-1\" \/>\n<link rel=\"canonical\" href=\"https:\/\/svetslik.si\/hr\/paul-cezanne\/jas-de-bouffan-the-pond\/\" \/>\n<meta property=\"og:locale\" content=\"hr_HR\" \/>\n<meta property=\"og:type\" content=\"article\" \/>\n<meta property=\"og:title\" content=\"Paul Cezanne - Jas de Bouffan, The Pond\" \/>\n<meta property=\"og:description\" content=\"100% ro\u010dno naslikane slike na platnu, reprodukcije znanih slikarjev in umetni\u0161ke slike po naro\u010dilu.\" \/>\n<meta property=\"og:url\" content=\"https:\/\/svetslik.si\/hr\/paul-cezanne\/jas-de-bouffan-the-pond\/\" \/>\n<meta property=\"og:site_name\" content=\"SVETSLIK.SI\" \/>\n<meta property=\"article:publisher\" content=\"https:\/\/www.facebook.com\/svetslik.si\" \/>\n<meta property=\"article:modified_time\" content=\"2024-07-04T13:56:24+00:00\" \/>\n<meta property=\"og:image\" content=\"https:\/\/svetslik.si\/wp-content\/uploads\/2021\/08\/image_Jas-de-Bouffan-The-Pond-Paul-Cezanne_680.jpg\" \/>\n\t<meta property=\"og:image:width\" content=\"1476\" \/>\n\t<meta property=\"og:image:height\" content=\"1208\" \/>\n\t<meta property=\"og:image:type\" content=\"image\/jpeg\" \/>\n<meta name=\"twitter:card\" content=\"summary_large_image\" \/>\n<meta name=\"twitter:site\" content=\"@svetslik\" \/>\n<meta name=\"twitter:label1\" content=\"Availability\" \/>\n\t<meta name=\"twitter:data1\" content=\"On backorder\" \/>\n<script type=\"application\/ld+json\" class=\"yoast-schema-graph\">{\"@context\":\"https:\/\/schema.org\",\"@graph\":[{\"@type\":[\"WebPage\",\"ItemPage\"],\"@id\":\"https:\/\/svetslik.si\/hr\/paul-cezanne\/jas-de-bouffan-the-pond\/\",\"url\":\"https:\/\/svetslik.si\/hr\/paul-cezanne\/jas-de-bouffan-the-pond\/\",\"name\":\"Paul Cezanne - Jas de Bouffan, The Pond - SVETSLIK.SI - 100% ru\u010dno naslikano\",\"isPartOf\":{\"@id\":\"https:\/\/svetslik.si\/hr\/#website\"},\"primaryImageOfPage\":{\"@id\":\"https:\/\/svetslik.si\/hr\/paul-cezanne\/jas-de-bouffan-the-pond\/#primaryimage\"},\"image\":{\"@id\":\"https:\/\/svetslik.si\/hr\/paul-cezanne\/jas-de-bouffan-the-pond\/#primaryimage\"},\"thumbnailUrl\":\"https:\/\/svetslik.si\/wp-content\/uploads\/2021\/08\/image_Jas-de-Bouffan-The-Pond-Paul-Cezanne_680.jpg\",\"datePublished\":\"2021-09-02T16:15:03+00:00\",\"dateModified\":\"2024-07-04T13:56:24+00:00\",\"description\":\"Paul Cezanne - Jas de Bouffan, The Pond - 100% ru\u010dno naslikane reprodukcije slika na platnu. Uokvirivanje slika, prodaja i izrada slika u dimenzijama po narud\u017ebi.\",\"breadcrumb\":{\"@id\":\"https:\/\/svetslik.si\/hr\/paul-cezanne\/jas-de-bouffan-the-pond\/#breadcrumb\"},\"inLanguage\":\"hr\",\"potentialAction\":[{\"@type\":\"ReadAction\",\"target\":[\"https:\/\/svetslik.si\/hr\/paul-cezanne\/jas-de-bouffan-the-pond\/\"]}]},{\"@type\":\"ImageObject\",\"inLanguage\":\"hr\",\"@id\":\"https:\/\/svetslik.si\/hr\/paul-cezanne\/jas-de-bouffan-the-pond\/#primaryimage\",\"url\":\"https:\/\/svetslik.si\/wp-content\/uploads\/2021\/08\/image_Jas-de-Bouffan-The-Pond-Paul-Cezanne_680.jpg\",\"contentUrl\":\"https:\/\/svetslik.si\/wp-content\/uploads\/2021\/08\/image_Jas-de-Bouffan-The-Pond-Paul-Cezanne_680.jpg\",\"width\":1476,\"height\":1208,\"caption\":\"zidne slike na platnu - Paul Cezanne - Jas de Bouffan, Ribnjak - Ru\u010dno slikane slike, reprodukcije slika poznatih slikara, ulje na platnu, uljne slike, moderne zidne slike, umjetni\u010dke slike za zid, ambijentalne, apstraktne, dekorativne zidne slike\"},{\"@type\":\"BreadcrumbList\",\"@id\":\"https:\/\/svetslik.si\/hr\/paul-cezanne\/jas-de-bouffan-the-pond\/#breadcrumb\",\"itemListElement\":[{\"@type\":\"ListItem\",\"position\":1,\"name\":\"Umjetni\u010dke zidne slike na platnu\",\"item\":\"https:\/\/svetslik.si\/hr\/\"},{\"@type\":\"ListItem\",\"position\":2,\"name\":\"Prodaja slika\",\"item\":\"https:\/\/svetslik.si\/prodaja-slik\/\"},{\"@type\":\"ListItem\",\"position\":3,\"name\":\"Paul Cezanne &#8211; Jas de Bouffan, The Pond\"}]},{\"@type\":\"WebSite\",\"@id\":\"https:\/\/svetslik.si\/hr\/#website\",\"url\":\"https:\/\/svetslik.si\/hr\/\",\"name\":\"SVETSLIK.SI\",\"description\":\"100% ru\u010dno naslikane reprodukcije slika poznatih slikara in umjetni\u010dke zidne slike na platnu.\",\"publisher\":{\"@id\":\"https:\/\/svetslik.si\/hr\/#organization\"},\"potentialAction\":[{\"@type\":\"SearchAction\",\"target\":{\"@type\":\"EntryPoint\",\"urlTemplate\":\"https:\/\/svetslik.si\/hr\/?s={search_term_string}\"},\"query-input\":{\"@type\":\"PropertyValueSpecification\",\"valueRequired\":true,\"valueName\":\"search_term_string\"}}],\"inLanguage\":\"hr\"},{\"@type\":\"Organization\",\"@id\":\"https:\/\/svetslik.si\/hr\/#organization\",\"name\":\"SvetSlik.si\",\"url\":\"https:\/\/svetslik.si\/hr\/\",\"logo\":{\"@type\":\"ImageObject\",\"inLanguage\":\"hr\",\"@id\":\"https:\/\/svetslik.si\/hr\/#\/schema\/logo\/image\/\",\"url\":\"https:\/\/svetslik.si\/wp-content\/uploads\/2020\/12\/logo-512.png\",\"contentUrl\":\"https:\/\/svetslik.si\/wp-content\/uploads\/2020\/12\/logo-512.png\",\"width\":512,\"height\":512,\"caption\":\"SvetSlik.si\"},\"image\":{\"@id\":\"https:\/\/svetslik.si\/hr\/#\/schema\/logo\/image\/\"},\"sameAs\":[\"https:\/\/www.facebook.com\/svetslik.si\",\"https:\/\/x.com\/svetslik\",\"https:\/\/www.instagram.com\/svetslik.si\/\",\"https:\/\/www.linkedin.com\/company\/svetslik-si\"]}]}<\/script>\n<meta property=\"og:availability\" content=\"backorder\" \/>\n<meta property=\"product:availability\" content=\"available for order\" \/>\n<meta property=\"product:retailer_item_id\" content=\"488__\" \/>\n<meta property=\"product:condition\" content=\"new\" \/>\n<!-- \/ Yoast SEO Premium plugin. -->","yoast_head_json":{"title":"Paul Cezanne - Jas de Bouffan, The Pond - SVETSLIK.SI - 100% ru\u010dno naslikano","description":"Paul Cezanne - Jas de Bouffan, The Pond - 100% ru\u010dno naslikane reprodukcije slika na platnu. Uokvirivanje slika, prodaja i izrada slika u dimenzijama po narud\u017ebi.","robots":{"index":"index","follow":"follow","max-snippet":"max-snippet:-1","max-image-preview":"max-image-preview:large","max-video-preview":"max-video-preview:-1"},"canonical":"https:\/\/svetslik.si\/hr\/paul-cezanne\/jas-de-bouffan-the-pond\/","og_locale":"hr_HR","og_type":"article","og_title":"Paul Cezanne - Jas de Bouffan, The Pond","og_description":"100% ro\u010dno naslikane slike na platnu, reprodukcije znanih slikarjev in umetni\u0161ke slike po naro\u010dilu.","og_url":"https:\/\/svetslik.si\/hr\/paul-cezanne\/jas-de-bouffan-the-pond\/","og_site_name":"SVETSLIK.SI","article_publisher":"https:\/\/www.facebook.com\/svetslik.si","article_modified_time":"2024-07-04T13:56:24+00:00","og_image":[{"width":1476,"height":1208,"url":"https:\/\/svetslik.si\/wp-content\/uploads\/2021\/08\/image_Jas-de-Bouffan-The-Pond-Paul-Cezanne_680.jpg","type":"image\/jpeg"}],"twitter_card":"summary_large_image","twitter_site":"@svetslik","twitter_misc":{"Availability":"On backorder"},"schema":{"@context":"https:\/\/schema.org","@graph":[{"@type":["WebPage","ItemPage"],"@id":"https:\/\/svetslik.si\/hr\/paul-cezanne\/jas-de-bouffan-the-pond\/","url":"https:\/\/svetslik.si\/hr\/paul-cezanne\/jas-de-bouffan-the-pond\/","name":"Paul Cezanne - Jas de Bouffan, The Pond - SVETSLIK.SI - 100% ru\u010dno naslikano","isPartOf":{"@id":"https:\/\/svetslik.si\/hr\/#website"},"primaryImageOfPage":{"@id":"https:\/\/svetslik.si\/hr\/paul-cezanne\/jas-de-bouffan-the-pond\/#primaryimage"},"image":{"@id":"https:\/\/svetslik.si\/hr\/paul-cezanne\/jas-de-bouffan-the-pond\/#primaryimage"},"thumbnailUrl":"https:\/\/svetslik.si\/wp-content\/uploads\/2021\/08\/image_Jas-de-Bouffan-The-Pond-Paul-Cezanne_680.jpg","datePublished":"2021-09-02T16:15:03+00:00","dateModified":"2024-07-04T13:56:24+00:00","description":"Paul Cezanne - Jas de Bouffan, The Pond - 100% ru\u010dno naslikane reprodukcije slika na platnu. Uokvirivanje slika, prodaja i izrada slika u dimenzijama po narud\u017ebi.","breadcrumb":{"@id":"https:\/\/svetslik.si\/hr\/paul-cezanne\/jas-de-bouffan-the-pond\/#breadcrumb"},"inLanguage":"hr","potentialAction":[{"@type":"ReadAction","target":["https:\/\/svetslik.si\/hr\/paul-cezanne\/jas-de-bouffan-the-pond\/"]}]},{"@type":"ImageObject","inLanguage":"hr","@id":"https:\/\/svetslik.si\/hr\/paul-cezanne\/jas-de-bouffan-the-pond\/#primaryimage","url":"https:\/\/svetslik.si\/wp-content\/uploads\/2021\/08\/image_Jas-de-Bouffan-The-Pond-Paul-Cezanne_680.jpg","contentUrl":"https:\/\/svetslik.si\/wp-content\/uploads\/2021\/08\/image_Jas-de-Bouffan-The-Pond-Paul-Cezanne_680.jpg","width":1476,"height":1208,"caption":"zidne slike na platnu - Paul Cezanne - Jas de Bouffan, Ribnjak - Ru\u010dno slikane slike, reprodukcije slika poznatih slikara, ulje na platnu, uljne slike, moderne zidne slike, umjetni\u010dke slike za zid, ambijentalne, apstraktne, dekorativne zidne slike"},{"@type":"BreadcrumbList","@id":"https:\/\/svetslik.si\/hr\/paul-cezanne\/jas-de-bouffan-the-pond\/#breadcrumb","itemListElement":[{"@type":"ListItem","position":1,"name":"Umjetni\u010dke zidne slike na platnu","item":"https:\/\/svetslik.si\/hr\/"},{"@type":"ListItem","position":2,"name":"Prodaja slika","item":"https:\/\/svetslik.si\/prodaja-slik\/"},{"@type":"ListItem","position":3,"name":"Paul Cezanne &#8211; Jas de Bouffan, The Pond"}]},{"@type":"WebSite","@id":"https:\/\/svetslik.si\/hr\/#website","url":"https:\/\/svetslik.si\/hr\/","name":"SVETSLIK.SI","description":"100% ru\u010dno naslikane reprodukcije slika poznatih slikara in umjetni\u010dke zidne slike na platnu.","publisher":{"@id":"https:\/\/svetslik.si\/hr\/#organization"},"potentialAction":[{"@type":"SearchAction","target":{"@type":"EntryPoint","urlTemplate":"https:\/\/svetslik.si\/hr\/?s={search_term_string}"},"query-input":{"@type":"PropertyValueSpecification","valueRequired":true,"valueName":"search_term_string"}}],"inLanguage":"hr"},{"@type":"Organization","@id":"https:\/\/svetslik.si\/hr\/#organization","name":"SvetSlik.si","url":"https:\/\/svetslik.si\/hr\/","logo":{"@type":"ImageObject","inLanguage":"hr","@id":"https:\/\/svetslik.si\/hr\/#\/schema\/logo\/image\/","url":"https:\/\/svetslik.si\/wp-content\/uploads\/2020\/12\/logo-512.png","contentUrl":"https:\/\/svetslik.si\/wp-content\/uploads\/2020\/12\/logo-512.png","width":512,"height":512,"caption":"SvetSlik.si"},"image":{"@id":"https:\/\/svetslik.si\/hr\/#\/schema\/logo\/image\/"},"sameAs":["https:\/\/www.facebook.com\/svetslik.si","https:\/\/x.com\/svetslik","https:\/\/www.instagram.com\/svetslik.si\/","https:\/\/www.linkedin.com\/company\/svetslik-si"]}]},"og_availability":"backorder","product_availability":"available for order","product_retailer_item_id":"488__","product_condition":"new"},"jetpack_sharing_enabled":true,"_links":{"self":[{"href":"https:\/\/svetslik.si\/hr\/wp-json\/wp\/v2\/product\/24799","targetHints":{"allow":["GET"]}}],"collection":[{"href":"https:\/\/svetslik.si\/hr\/wp-json\/wp\/v2\/product"}],"about":[{"href":"https:\/\/svetslik.si\/hr\/wp-json\/wp\/v2\/types\/product"}],"wp:featuredmedia":[{"embeddable":true,"href":"https:\/\/svetslik.si\/hr\/wp-json\/wp\/v2\/media\/20346"}],"wp:attachment":[{"href":"https:\/\/svetslik.si\/hr\/wp-json\/wp\/v2\/media?parent=24799"}],"wp:term":[{"taxonomy":"product_brand","embeddable":true,"href":"https:\/\/svetslik.si\/hr\/wp-json\/wp\/v2\/product_brand?post=24799"},{"taxonomy":"product_cat","embeddable":true,"href":"https:\/\/svetslik.si\/hr\/wp-json\/wp\/v2\/product_cat?post=24799"},{"taxonomy":"product_tag","embeddable":true,"href":"https:\/\/svetslik.si\/hr\/wp-json\/wp\/v2\/product_tag?post=24799"}],"curies":[{"name":"wp","href":"https:\/\/api.w.org\/{rel}","templated":true}]}}