{"id":24817,"date":"2021-09-02T18:14:44","date_gmt":"2021-09-02T16:14:44","guid":{"rendered":"https:\/\/svetslik.si\/Bez%20kategorije\/the-cardplayers\/"},"modified":"2024-07-04T15:56:35","modified_gmt":"2024-07-04T13:56:35","slug":"the-cardplayers","status":"publish","type":"product","link":"https:\/\/svetslik.si\/hr\/paul-cezanne\/the-cardplayers\/","title":{"rendered":"Paul Cezanne &#8211; The Cardplayers"},"content":{"rendered":"<h1>Paul Cezanne &#8211; The Cardplayers<\/h1>\n<p>&nbsp;<\/p>\n<table style=\"width: 619px\" border=\"0\" width=\"619\" cellspacing=\"0\" cellpadding=\"0\">\n<tbody>\n<tr>\n<td style=\"width: 180px;height: 21px\" height=\"21\">Godina stvaranja:<\/td>\n<td style=\"width: 439px\">1890.-1892.<\/td>\n<\/tr>\n<tr>\n<td style=\"width: 180px;height: 21px\" height=\"21\">Izvorna veli\u010dina:<\/td>\n<td style=\"width: 439px\">44,4 cm x 56,3 cm<\/td>\n<\/tr>\n<tr>\n<td style=\"width: 180px;height: 21px\" height=\"21\">Stil bojanja:<\/td>\n<td style=\"width: 439px\">Postimpresionizam<\/td>\n<\/tr>\n<tr>\n<td style=\"width: 180px;height: 21px\" height=\"21\">Izvorna tehnika:<\/td>\n<td style=\"width: 439px\">Ulje na platnu<\/td>\n<\/tr>\n<tr>\n<td style=\"width: 180px;height: 21px\" height=\"21\">Lokacija:<\/td>\n<td style=\"width: 439px\">Muzey Orsey, Pariz<\/td>\n<\/tr>\n<\/tbody>\n<colgroup>\n<col \/>\n<col \/> <\/colgroup>\n<\/table>\n<p>Ulje na platnu <em>Karta\u0161i<\/em> samo je jedna od nekoliko Cezanneovih slika s motivom karta\u0161a u kafi\u0107u. Na ovoj slici boca na stolu dijeli kompoziciju na dva dijela, privla\u010de\u0107i pa\u017enju svijetlim i tamnim tonovima odje\u0107e dviju figura. Cezanneovo ulje na platnu <em>The Cardplayers<\/em> nije toliko portret dvojice mu\u0161karaca koliko istra\u017eivanje potencijala nijansi boja.Slika je oborila rekord za najskuplje umjetni\u010dko djelo na svijetu. U velja\u010di 2012. katarska kraljevska obitelj kupila je C\u00e9zanneove <strong>Igra\u010de karte<\/strong> za vi\u0161e od 250 milijuna ameri\u010dkih dolara, nadma\u0161iv\u0161i rekord od 142,7 milijuna ameri\u010dkih dolara postavljen 2006. godine za &#8220;Br. 5 1948&#8221; Jacksona Pollocka i postav\u0161i najskuplja slika. Karta\u0161i su jedno od najzna\u010dajnijih slikarevih reprezentativnih djela, slika prikazuje dva seljaka kako kartaju, precizno do\u010darava izraze lica i pognuta ramena seljaka koji pomno razmi\u0161ljaju dok kartaju, te zorno prikazuje unutarnji svijet i crte li\u010dnosti likovi. Ure\u0111uju\u0107i odnos rasporeda likova i rekvizita prema okoli\u0161u, slikar je namjerno poja\u010dao sjenoviti dio obrisa te je raznim trokutima i promjenama pravih kutova istaknuo kontrast izme\u0111u sme\u0111e-crvenih tonova i plavog, koji ne samo da je naglasio glavni lik, ve\u0107 je dobio i stabilan u\u010dinak struktura povezivanja linija.C\u00e9zanne je naslikao ukupno 5 &#8220;cartara&#8221;, svaki s malo druga\u010dijom slikom, kako bi prou\u010dio u\u010dinak u razli\u010ditim okru\u017eenjima. Ostale \u010detiri slike iz serije Card Players nalaze se u zbirkama velikih muzeja diljem svijeta, uklju\u010duju\u0107i Mus\u00e9e d&#8217;Orsay u Parizu, Metropolitan Museum of Art u New Yorku, Courtold Institute u Londonu i Barnes Art Museum u Philadelphiji. Jedini u privatnoj kolekcionarskoj kolekciji, The Card Players, koji se smatra &#8220;najmra\u010dnijim&#8221; u seriji, nastao je oko 1895. Djelo je neko\u0107 bilo u privatnoj kolekciji gr\u010dkog brodarskog kralja Georgea Amy Biliksa, koji ga je rijetko posu\u0111ivao. Godine 2011. bila je posebna izlo\u017eba za seriju &#8220;Card Player&#8221; u Metropolitan Museum of Art u New Yorku, na kojoj su bile &#8220;prisutne&#8221; sve \u010detiri slike u kolekciji muzeja diljem svijeta, ali je jedino nedostajala njegova ruka. . Od smrti gr\u010dkog brodarskog kralja, najve\u0107i svjetski trgovci umjetninama nadali su se da \u0107e kupiti C\u00e9zanneovog &#8220;Igra\u010da karata&#8221;. Na kraju je katarska kraljevska obitelj za taj posao ponudila 250 milijuna dolara. Ova transakcijska cijena tako\u0111er je oborila rekord za jednu umjetni\u010dku transakciju.<\/p>\n","protected":false},"excerpt":{"rendered":"<p>Paul Cezanne &#8211; The Cardplayers &nbsp; Godina stvaranja: 1890.-1892. Izvorna veli\u010dina: 44,4 cm x 56,3 cm Stil bojanja: Postimpresionizam Izvorna tehnika: Ulje na platnu Lokacija: Muzey Orsey, Pariz Ulje na platnu Karta\u0161i samo je jedna od nekoliko Cezanneovih slika s motivom karta\u0161a u kafi\u0107u. Na ovoj slici boca na stolu [&hellip;]<\/p>\n","protected":false},"featured_media":20809,"template":"","meta":{"_acf_changed":false},"product_brand":[],"product_cat":[3377],"product_tag":[4109,4069,4070,4071],"class_list":{"0":"post-24817","1":"product","2":"type-product","3":"status-publish","4":"has-post-thumbnail","6":"product_cat-paul-cezanne","7":"product_tag-cezanne-hr","8":"product_tag-reprodukcija-hr","9":"product_tag-reprodukcije-hr","10":"product_tag-slikar-hr","11":"pa_dimenzija-100-x-80-cm","12":"pa_dimenzija-120-x-100-cm","13":"pa_dimenzija-150-x-120-cm","14":"pa_dimenzija-50-x-40-cm","15":"pa_dimenzija-56-x-44-cm","16":"pa_dimenzija-70-x-55-cm","17":"pa_dimenzija-80-x-60-cm","18":"pa_dimenzija-90-x-70-cm","19":"pa_oblika-horizontalno","20":"pa_okvir-bez-okvira","21":"pa_podokvir-bez-podokvira","22":"pa_podokvir-sa-podokvirom","24":"first","25":"onbackorder","26":"purchasable","27":"product-type-variable","28":"has-default-attributes"},"acf":[],"yoast_head":"<!-- This site is optimized with the Yoast SEO Premium plugin v26.0 (Yoast SEO v27.2) - https:\/\/yoast.com\/product\/yoast-seo-premium-wordpress\/ -->\n<title>Paul Cezanne - The Cardplayers - SVETSLIK.SI - 100% ru\u010dno naslikano<\/title>\n<meta name=\"description\" content=\"Paul Cezanne - The Cardplayers - 100% ru\u010dno naslikane reprodukcije slika na platnu. Okvirivanje slika, prodaja i izrada slika u dimenzijama po narud\u017ebi.\" \/>\n<meta name=\"robots\" content=\"index, follow, max-snippet:-1, max-image-preview:large, max-video-preview:-1\" \/>\n<link rel=\"canonical\" href=\"https:\/\/svetslik.si\/hr\/paul-cezanne\/the-cardplayers\/\" \/>\n<meta property=\"og:locale\" content=\"hr_HR\" \/>\n<meta property=\"og:type\" content=\"article\" \/>\n<meta property=\"og:title\" content=\"Paul Cezanne - The Cardplayers\" \/>\n<meta property=\"og:description\" content=\"100% ro\u010dno naslikane slike na platnu, reprodukcije znanih slikarjev in umetni\u0161ke slike po naro\u010dilu.\" \/>\n<meta property=\"og:url\" content=\"https:\/\/svetslik.si\/hr\/paul-cezanne\/the-cardplayers\/\" \/>\n<meta property=\"og:site_name\" content=\"SVETSLIK.SI\" \/>\n<meta property=\"article:publisher\" content=\"https:\/\/www.facebook.com\/svetslik.si\" \/>\n<meta property=\"article:modified_time\" content=\"2024-07-04T13:56:35+00:00\" \/>\n<meta property=\"og:image\" content=\"https:\/\/svetslik.si\/wp-content\/uploads\/2021\/08\/image_The-Cardplayers-Paul-Czanne_680.jpg\" \/>\n\t<meta property=\"og:image:width\" content=\"2048\" \/>\n\t<meta property=\"og:image:height\" content=\"1705\" \/>\n\t<meta property=\"og:image:type\" content=\"image\/jpeg\" \/>\n<meta name=\"twitter:card\" content=\"summary_large_image\" \/>\n<meta name=\"twitter:site\" content=\"@svetslik\" \/>\n<meta name=\"twitter:label1\" content=\"Availability\" \/>\n\t<meta name=\"twitter:data1\" content=\"On backorder\" \/>\n<script type=\"application\/ld+json\" class=\"yoast-schema-graph\">{\"@context\":\"https:\/\/schema.org\",\"@graph\":[{\"@type\":[\"WebPage\",\"ItemPage\"],\"@id\":\"https:\/\/svetslik.si\/hr\/paul-cezanne\/the-cardplayers\/\",\"url\":\"https:\/\/svetslik.si\/hr\/paul-cezanne\/the-cardplayers\/\",\"name\":\"Paul Cezanne - The Cardplayers - SVETSLIK.SI - 100% ru\u010dno naslikano\",\"isPartOf\":{\"@id\":\"https:\/\/svetslik.si\/hr\/#website\"},\"primaryImageOfPage\":{\"@id\":\"https:\/\/svetslik.si\/hr\/paul-cezanne\/the-cardplayers\/#primaryimage\"},\"image\":{\"@id\":\"https:\/\/svetslik.si\/hr\/paul-cezanne\/the-cardplayers\/#primaryimage\"},\"thumbnailUrl\":\"https:\/\/svetslik.si\/wp-content\/uploads\/2021\/08\/image_The-Cardplayers-Paul-Czanne_680.jpg\",\"datePublished\":\"2021-09-02T16:14:44+00:00\",\"dateModified\":\"2024-07-04T13:56:35+00:00\",\"description\":\"Paul Cezanne - The Cardplayers - 100% ru\u010dno naslikane reprodukcije slika na platnu. Okvirivanje slika, prodaja i izrada slika u dimenzijama po narud\u017ebi.\",\"breadcrumb\":{\"@id\":\"https:\/\/svetslik.si\/hr\/paul-cezanne\/the-cardplayers\/#breadcrumb\"},\"inLanguage\":\"hr\",\"potentialAction\":[{\"@type\":\"ReadAction\",\"target\":[\"https:\/\/svetslik.si\/hr\/paul-cezanne\/the-cardplayers\/\"]}]},{\"@type\":\"ImageObject\",\"inLanguage\":\"hr\",\"@id\":\"https:\/\/svetslik.si\/hr\/paul-cezanne\/the-cardplayers\/#primaryimage\",\"url\":\"https:\/\/svetslik.si\/wp-content\/uploads\/2021\/08\/image_The-Cardplayers-Paul-Czanne_680.jpg\",\"contentUrl\":\"https:\/\/svetslik.si\/wp-content\/uploads\/2021\/08\/image_The-Cardplayers-Paul-Czanne_680.jpg\",\"width\":2048,\"height\":1705,\"caption\":\"Paul Cezanne - Igra\u010di karata - Ru\u010dno naslikane reprodukcije poznatih slikara, moderne zidne slike, umjetni\u010dke slike za zid\"},{\"@type\":\"BreadcrumbList\",\"@id\":\"https:\/\/svetslik.si\/hr\/paul-cezanne\/the-cardplayers\/#breadcrumb\",\"itemListElement\":[{\"@type\":\"ListItem\",\"position\":1,\"name\":\"Umjetni\u010dke zidne slike na platnu\",\"item\":\"https:\/\/svetslik.si\/hr\/\"},{\"@type\":\"ListItem\",\"position\":2,\"name\":\"Prodaja slika\",\"item\":\"https:\/\/svetslik.si\/prodaja-slik\/\"},{\"@type\":\"ListItem\",\"position\":3,\"name\":\"Paul Cezanne &#8211; The Cardplayers\"}]},{\"@type\":\"WebSite\",\"@id\":\"https:\/\/svetslik.si\/hr\/#website\",\"url\":\"https:\/\/svetslik.si\/hr\/\",\"name\":\"SVETSLIK.SI\",\"description\":\"100% ru\u010dno naslikane reprodukcije slika poznatih slikara in umjetni\u010dke zidne slike na platnu.\",\"publisher\":{\"@id\":\"https:\/\/svetslik.si\/hr\/#organization\"},\"potentialAction\":[{\"@type\":\"SearchAction\",\"target\":{\"@type\":\"EntryPoint\",\"urlTemplate\":\"https:\/\/svetslik.si\/hr\/?s={search_term_string}\"},\"query-input\":{\"@type\":\"PropertyValueSpecification\",\"valueRequired\":true,\"valueName\":\"search_term_string\"}}],\"inLanguage\":\"hr\"},{\"@type\":\"Organization\",\"@id\":\"https:\/\/svetslik.si\/hr\/#organization\",\"name\":\"SvetSlik.si\",\"url\":\"https:\/\/svetslik.si\/hr\/\",\"logo\":{\"@type\":\"ImageObject\",\"inLanguage\":\"hr\",\"@id\":\"https:\/\/svetslik.si\/hr\/#\/schema\/logo\/image\/\",\"url\":\"https:\/\/svetslik.si\/wp-content\/uploads\/2020\/12\/logo-512.png\",\"contentUrl\":\"https:\/\/svetslik.si\/wp-content\/uploads\/2020\/12\/logo-512.png\",\"width\":512,\"height\":512,\"caption\":\"SvetSlik.si\"},\"image\":{\"@id\":\"https:\/\/svetslik.si\/hr\/#\/schema\/logo\/image\/\"},\"sameAs\":[\"https:\/\/www.facebook.com\/svetslik.si\",\"https:\/\/x.com\/svetslik\",\"https:\/\/www.instagram.com\/svetslik.si\/\",\"https:\/\/www.linkedin.com\/company\/svetslik-si\"]}]}<\/script>\n<meta property=\"og:availability\" content=\"backorder\" \/>\n<meta property=\"product:availability\" content=\"available for order\" \/>\n<meta property=\"product:retailer_item_id\" content=\"485__\" \/>\n<meta property=\"product:condition\" content=\"new\" \/>\n<!-- \/ Yoast SEO Premium plugin. -->","yoast_head_json":{"title":"Paul Cezanne - The Cardplayers - SVETSLIK.SI - 100% ru\u010dno naslikano","description":"Paul Cezanne - The Cardplayers - 100% ru\u010dno naslikane reprodukcije slika na platnu. Okvirivanje slika, prodaja i izrada slika u dimenzijama po narud\u017ebi.","robots":{"index":"index","follow":"follow","max-snippet":"max-snippet:-1","max-image-preview":"max-image-preview:large","max-video-preview":"max-video-preview:-1"},"canonical":"https:\/\/svetslik.si\/hr\/paul-cezanne\/the-cardplayers\/","og_locale":"hr_HR","og_type":"article","og_title":"Paul Cezanne - The Cardplayers","og_description":"100% ro\u010dno naslikane slike na platnu, reprodukcije znanih slikarjev in umetni\u0161ke slike po naro\u010dilu.","og_url":"https:\/\/svetslik.si\/hr\/paul-cezanne\/the-cardplayers\/","og_site_name":"SVETSLIK.SI","article_publisher":"https:\/\/www.facebook.com\/svetslik.si","article_modified_time":"2024-07-04T13:56:35+00:00","og_image":[{"width":2048,"height":1705,"url":"https:\/\/svetslik.si\/wp-content\/uploads\/2021\/08\/image_The-Cardplayers-Paul-Czanne_680.jpg","type":"image\/jpeg"}],"twitter_card":"summary_large_image","twitter_site":"@svetslik","twitter_misc":{"Availability":"On backorder"},"schema":{"@context":"https:\/\/schema.org","@graph":[{"@type":["WebPage","ItemPage"],"@id":"https:\/\/svetslik.si\/hr\/paul-cezanne\/the-cardplayers\/","url":"https:\/\/svetslik.si\/hr\/paul-cezanne\/the-cardplayers\/","name":"Paul Cezanne - The Cardplayers - SVETSLIK.SI - 100% ru\u010dno naslikano","isPartOf":{"@id":"https:\/\/svetslik.si\/hr\/#website"},"primaryImageOfPage":{"@id":"https:\/\/svetslik.si\/hr\/paul-cezanne\/the-cardplayers\/#primaryimage"},"image":{"@id":"https:\/\/svetslik.si\/hr\/paul-cezanne\/the-cardplayers\/#primaryimage"},"thumbnailUrl":"https:\/\/svetslik.si\/wp-content\/uploads\/2021\/08\/image_The-Cardplayers-Paul-Czanne_680.jpg","datePublished":"2021-09-02T16:14:44+00:00","dateModified":"2024-07-04T13:56:35+00:00","description":"Paul Cezanne - The Cardplayers - 100% ru\u010dno naslikane reprodukcije slika na platnu. Okvirivanje slika, prodaja i izrada slika u dimenzijama po narud\u017ebi.","breadcrumb":{"@id":"https:\/\/svetslik.si\/hr\/paul-cezanne\/the-cardplayers\/#breadcrumb"},"inLanguage":"hr","potentialAction":[{"@type":"ReadAction","target":["https:\/\/svetslik.si\/hr\/paul-cezanne\/the-cardplayers\/"]}]},{"@type":"ImageObject","inLanguage":"hr","@id":"https:\/\/svetslik.si\/hr\/paul-cezanne\/the-cardplayers\/#primaryimage","url":"https:\/\/svetslik.si\/wp-content\/uploads\/2021\/08\/image_The-Cardplayers-Paul-Czanne_680.jpg","contentUrl":"https:\/\/svetslik.si\/wp-content\/uploads\/2021\/08\/image_The-Cardplayers-Paul-Czanne_680.jpg","width":2048,"height":1705,"caption":"Paul Cezanne - Igra\u010di karata - Ru\u010dno naslikane reprodukcije poznatih slikara, moderne zidne slike, umjetni\u010dke slike za zid"},{"@type":"BreadcrumbList","@id":"https:\/\/svetslik.si\/hr\/paul-cezanne\/the-cardplayers\/#breadcrumb","itemListElement":[{"@type":"ListItem","position":1,"name":"Umjetni\u010dke zidne slike na platnu","item":"https:\/\/svetslik.si\/hr\/"},{"@type":"ListItem","position":2,"name":"Prodaja slika","item":"https:\/\/svetslik.si\/prodaja-slik\/"},{"@type":"ListItem","position":3,"name":"Paul Cezanne &#8211; The Cardplayers"}]},{"@type":"WebSite","@id":"https:\/\/svetslik.si\/hr\/#website","url":"https:\/\/svetslik.si\/hr\/","name":"SVETSLIK.SI","description":"100% ru\u010dno naslikane reprodukcije slika poznatih slikara in umjetni\u010dke zidne slike na platnu.","publisher":{"@id":"https:\/\/svetslik.si\/hr\/#organization"},"potentialAction":[{"@type":"SearchAction","target":{"@type":"EntryPoint","urlTemplate":"https:\/\/svetslik.si\/hr\/?s={search_term_string}"},"query-input":{"@type":"PropertyValueSpecification","valueRequired":true,"valueName":"search_term_string"}}],"inLanguage":"hr"},{"@type":"Organization","@id":"https:\/\/svetslik.si\/hr\/#organization","name":"SvetSlik.si","url":"https:\/\/svetslik.si\/hr\/","logo":{"@type":"ImageObject","inLanguage":"hr","@id":"https:\/\/svetslik.si\/hr\/#\/schema\/logo\/image\/","url":"https:\/\/svetslik.si\/wp-content\/uploads\/2020\/12\/logo-512.png","contentUrl":"https:\/\/svetslik.si\/wp-content\/uploads\/2020\/12\/logo-512.png","width":512,"height":512,"caption":"SvetSlik.si"},"image":{"@id":"https:\/\/svetslik.si\/hr\/#\/schema\/logo\/image\/"},"sameAs":["https:\/\/www.facebook.com\/svetslik.si","https:\/\/x.com\/svetslik","https:\/\/www.instagram.com\/svetslik.si\/","https:\/\/www.linkedin.com\/company\/svetslik-si"]}]},"og_availability":"backorder","product_availability":"available for order","product_retailer_item_id":"485__","product_condition":"new"},"jetpack_sharing_enabled":true,"_links":{"self":[{"href":"https:\/\/svetslik.si\/hr\/wp-json\/wp\/v2\/product\/24817","targetHints":{"allow":["GET"]}}],"collection":[{"href":"https:\/\/svetslik.si\/hr\/wp-json\/wp\/v2\/product"}],"about":[{"href":"https:\/\/svetslik.si\/hr\/wp-json\/wp\/v2\/types\/product"}],"wp:featuredmedia":[{"embeddable":true,"href":"https:\/\/svetslik.si\/hr\/wp-json\/wp\/v2\/media\/20809"}],"wp:attachment":[{"href":"https:\/\/svetslik.si\/hr\/wp-json\/wp\/v2\/media?parent=24817"}],"wp:term":[{"taxonomy":"product_brand","embeddable":true,"href":"https:\/\/svetslik.si\/hr\/wp-json\/wp\/v2\/product_brand?post=24817"},{"taxonomy":"product_cat","embeddable":true,"href":"https:\/\/svetslik.si\/hr\/wp-json\/wp\/v2\/product_cat?post=24817"},{"taxonomy":"product_tag","embeddable":true,"href":"https:\/\/svetslik.si\/hr\/wp-json\/wp\/v2\/product_tag?post=24817"}],"curies":[{"name":"wp","href":"https:\/\/api.w.org\/{rel}","templated":true}]}}