{"id":24917,"date":"2021-09-02T18:05:22","date_gmt":"2021-09-02T16:05:22","guid":{"rendered":"https:\/\/svetslik.si\/Bez%20kategorije\/paul-gauguins-armchair\/"},"modified":"2024-07-04T15:56:55","modified_gmt":"2024-07-04T13:56:55","slug":"paul-gauguins-armchair","status":"publish","type":"product","link":"https:\/\/svetslik.si\/hr\/vincent-van-gogh\/paul-gauguins-armchair\/","title":{"rendered":"Vincent van Gogh &#8211; Paul Gauguin&#8217;s Armchair"},"content":{"rendered":"<h1>Vincent Van Gogh &#8211; fotelja Paula Gauguina<\/h1>\n<p>&nbsp;<\/p>\n<table style=\"width: 367px\" border=\"0\" width=\"366\" cellspacing=\"0\" cellpadding=\"0\">\n<tbody>\n<tr>\n<td style=\"width: 155px;height: 21px\" height=\"21\">Godina stvaranja:<\/td>\n<td style=\"width: 212px\">1882<\/td>\n<\/tr>\n<tr>\n<td style=\"width: 155px;height: 21px\" height=\"21\">Izvorna veli\u010dina:<\/td>\n<td style=\"width: 212px\">91 cm x 73 cm<\/td>\n<\/tr>\n<tr>\n<td style=\"width: 155px;height: 21px\" height=\"21\">Stil bojanja:<\/td>\n<td style=\"width: 212px\">Postimpresionizam<\/td>\n<\/tr>\n<tr>\n<td style=\"width: 155px;height: 21px\" height=\"21\">Izvorna tehnika:<\/td>\n<td style=\"width: 212px\">Ulje na platnu<\/td>\n<\/tr>\n<tr>\n<td style=\"width: 155px;height: 21px\" height=\"21\">Lokacija:<\/td>\n<td style=\"width: 212px\">Muzej Van Gogh, Nizozemska<\/td>\n<\/tr>\n<\/tbody>\n<colgroup>\n<col \/>\n<col \/> <\/colgroup>\n<\/table>\n<p>&nbsp;<\/p>\n<div>Van Gogh je naslikao dvije stolice, Gauguinovu i svoju. Malo je Van Goghovih slika naknadno analizirano tako pomno i sveobuhvatno kao ova dva platna za tuma\u010denje simbolizma u ove dvije slike. Sam slikar \u010desto je spominjao ove dvije slike u svojim pismima, ali nikada nije detaljnije tuma\u010dio zna\u010denje slika u svojim bilje\u0161kama.<\/div>\n<div><\/div>\n<div>Van Gogh je opisao Gauguinovu stolicu u pismu kriti\u010daru Aurieru kao stolicu napravljenu od <em>&#8220;&#8230; ozbiljnog crveno-sme\u0111eg drveta sa sjedi\u0161tem od zelene slame; umjesto odsutne osobe na sjedalu stolca stoji upaljena svije\u0107a i moderan roman.&#8221;<\/em>.<\/div>\n<div><\/div>\n<div>\n<p>&#8220;Stolica Paula Gauguina&#8221; slika je nizozemskog umjetnika Vincenta van Gogha iz 1888. Slika je izvrstan primjer Van Goghove sposobnosti da uhvati bit predmeta na jednostavan, ali sna\u017ean na\u010din. Slika prikazuje jednostavnu drvenu fotelju s jastukom i pokriva\u010dem prekrivenim naslonom na neutralnoj pozadini. Slika je nadaleko poznata po svojim odva\u017enim potezima, emocionalnosti i sna\u017enoj simbolici.<\/p>\n<p>Kompozicija slike je jednostavna, ali efektna, jer fotelja zauzima najve\u0107i dio prostora na platnu. Kori\u0161tenje boje na slici tako\u0111er je vrijedno pa\u017enje, jer Van Gogh stvara osje\u0107aj pokreta i energije koriste\u0107i hrabre, kontrastne boje. Fotelja je prikazana u nijansama sme\u0111e i \u017eute boje, \u0161to stvara osje\u0107aj topline i udobnosti. Potezi kistom na slici su gusti i vidljivi, daju\u0107i slici osje\u0107aj pokreta i energije.<\/p>\n<p>Simbolika na slici je tako\u0111er bogata, jer fotelja predstavlja ideju uto\u010di\u0161ta i mjesta odmora. Za sliku se ka\u017ee da predstavlja Van Goghovo emocionalno stanje u to vrijeme. Slika je nastala dok je Van Gogh \u017eivio u Arlesu u Francuskoj, a na nju je utjecao njegov prijatelj i kolega umjetnik Paul Gauguin, \u010diji je naslonja\u010d prikazan na slici. Slika odra\u017eava umjetni\u010dinu \u010de\u017enju za dru\u017eenjem i povezivanjem s drugim umjetnicima.<\/p>\n<p>Slika &#8220;Naslonja\u010d Paula Gauguina&#8221; smatra se jednim od najslikovitijih i najsna\u017enijih Van Goghovih djela. Nalazi se u Metropolitan Museum of Art u New Yorku, SAD. Rije\u010d je o va\u017enom postimpresionisti\u010dkom djelu kojem se jo\u0161 uvijek dive i prou\u010davaju kako ljubitelji umjetnosti tako i stru\u010dnjaci. Sna\u017ena slikovitost, emocionalnost i bogata simbolika \u010dine ovu sliku neophodnom za svakog ljubitelja umjetnosti ili svakoga tko je zainteresiran za rad Vincenta van Gogha.<\/p>\n<\/div>\n<div><\/div>\n","protected":false},"excerpt":{"rendered":"<p>Vincent Van Gogh &#8211; fotelja Paula Gauguina &nbsp; Godina stvaranja: 1882 Izvorna veli\u010dina: 91 cm x 73 cm Stil bojanja: Postimpresionizam Izvorna tehnika: Ulje na platnu Lokacija: Muzej Van Gogh, Nizozemska &nbsp; Van Gogh je naslikao dvije stolice, Gauguinovu i svoju. Malo je Van Goghovih slika naknadno analizirano tako pomno [&hellip;]<\/p>\n","protected":false},"featured_media":20571,"template":"","meta":{"_acf_changed":false},"product_brand":[],"product_cat":[3381],"product_tag":[4069,4070,4071,4073],"class_list":{"0":"post-24917","1":"product","2":"type-product","3":"status-publish","4":"has-post-thumbnail","6":"product_cat-vincent-van-gogh","7":"product_tag-reprodukcija-hr","8":"product_tag-reprodukcije-hr","9":"product_tag-slikar-hr","10":"product_tag-van-gogh-hr","11":"pa_dimenzija-100-x-130-cm-hr","12":"pa_dimenzija-120-x-150-cm-hr","13":"pa_dimenzija-40-x-50-cm-hr","14":"pa_dimenzija-50-x-60-cm-hr","15":"pa_dimenzija-60-x-80-cm-hr","16":"pa_dimenzija-73-x-92-cm-hr","17":"pa_dimenzija-80-x-100-cm-hr","18":"pa_oblika-okomito","19":"pa_okvir-bez-okvira","20":"pa_podokvir-bez-podokvira","21":"pa_podokvir-sa-podokvirom","23":"first","24":"onbackorder","25":"purchasable","26":"product-type-variable","27":"has-default-attributes"},"acf":[],"yoast_head":"<!-- This site is optimized with the Yoast SEO Premium plugin v26.0 (Yoast SEO v27.2) - https:\/\/yoast.com\/product\/yoast-seo-premium-wordpress\/ -->\n<title>Vincent van Gogh - Paul Gauguin&#039;s Armchair - SVETSLIK.SI - 100% ru\u010dno naslikano<\/title>\n<meta name=\"description\" content=\"Vincent van Gogh - Paul Gauguin&#039;s Armchair - 100% ru\u010dno naslikane reprodukcije slika na platnu. Okvirivanje slika, prodaja i izrada slika u dimenzijama po narud\u017ebi.\" \/>\n<meta name=\"robots\" content=\"index, follow, max-snippet:-1, max-image-preview:large, max-video-preview:-1\" \/>\n<link rel=\"canonical\" href=\"https:\/\/svetslik.si\/hr\/vincent-van-gogh\/paul-gauguins-armchair\/\" \/>\n<meta property=\"og:locale\" content=\"hr_HR\" \/>\n<meta property=\"og:type\" content=\"article\" \/>\n<meta property=\"og:title\" content=\"Vincent van Gogh - Paul Gauguin&#039;s Armchair\" \/>\n<meta property=\"og:description\" content=\"100% ro\u010dno naslikane slike na platnu, reprodukcije znanih slikarjev in umetni\u0161ke slike po naro\u010dilu.\" \/>\n<meta property=\"og:url\" content=\"https:\/\/svetslik.si\/hr\/vincent-van-gogh\/paul-gauguins-armchair\/\" \/>\n<meta property=\"og:site_name\" content=\"SVETSLIK.SI\" \/>\n<meta property=\"article:publisher\" content=\"https:\/\/www.facebook.com\/svetslik.si\" \/>\n<meta property=\"article:modified_time\" content=\"2024-07-04T13:56:55+00:00\" \/>\n<meta property=\"og:image\" content=\"https:\/\/svetslik.si\/wp-content\/uploads\/2021\/08\/image_Paul-Gauguins-Armchair-van-Gogh_680-scaled.jpg\" \/>\n\t<meta property=\"og:image:width\" content=\"2049\" \/>\n\t<meta property=\"og:image:height\" content=\"2560\" \/>\n\t<meta property=\"og:image:type\" content=\"image\/jpeg\" \/>\n<meta name=\"twitter:card\" content=\"summary_large_image\" \/>\n<meta name=\"twitter:site\" content=\"@svetslik\" \/>\n<meta name=\"twitter:label1\" content=\"Availability\" \/>\n\t<meta name=\"twitter:data1\" content=\"On backorder\" \/>\n<script type=\"application\/ld+json\" class=\"yoast-schema-graph\">{\"@context\":\"https:\/\/schema.org\",\"@graph\":[{\"@type\":[\"WebPage\",\"ItemPage\"],\"@id\":\"https:\/\/svetslik.si\/hr\/vincent-van-gogh\/paul-gauguins-armchair\/\",\"url\":\"https:\/\/svetslik.si\/hr\/vincent-van-gogh\/paul-gauguins-armchair\/\",\"name\":\"Vincent van Gogh - Paul Gauguin's Armchair - SVETSLIK.SI - 100% ru\u010dno naslikano\",\"isPartOf\":{\"@id\":\"https:\/\/svetslik.si\/hr\/#website\"},\"primaryImageOfPage\":{\"@id\":\"https:\/\/svetslik.si\/hr\/vincent-van-gogh\/paul-gauguins-armchair\/#primaryimage\"},\"image\":{\"@id\":\"https:\/\/svetslik.si\/hr\/vincent-van-gogh\/paul-gauguins-armchair\/#primaryimage\"},\"thumbnailUrl\":\"https:\/\/svetslik.si\/wp-content\/uploads\/2021\/08\/image_Paul-Gauguins-Armchair-van-Gogh_680-scaled.jpg\",\"datePublished\":\"2021-09-02T16:05:22+00:00\",\"dateModified\":\"2024-07-04T13:56:55+00:00\",\"description\":\"Vincent van Gogh - Paul Gauguin's Armchair - 100% ru\u010dno naslikane reprodukcije slika na platnu. Okvirivanje slika, prodaja i izrada slika u dimenzijama po narud\u017ebi.\",\"breadcrumb\":{\"@id\":\"https:\/\/svetslik.si\/hr\/vincent-van-gogh\/paul-gauguins-armchair\/#breadcrumb\"},\"inLanguage\":\"hr\",\"potentialAction\":[{\"@type\":\"ReadAction\",\"target\":[\"https:\/\/svetslik.si\/hr\/vincent-van-gogh\/paul-gauguins-armchair\/\"]}]},{\"@type\":\"ImageObject\",\"inLanguage\":\"hr\",\"@id\":\"https:\/\/svetslik.si\/hr\/vincent-van-gogh\/paul-gauguins-armchair\/#primaryimage\",\"url\":\"https:\/\/svetslik.si\/wp-content\/uploads\/2021\/08\/image_Paul-Gauguins-Armchair-van-Gogh_680-scaled.jpg\",\"contentUrl\":\"https:\/\/svetslik.si\/wp-content\/uploads\/2021\/08\/image_Paul-Gauguins-Armchair-van-Gogh_680-scaled.jpg\",\"width\":2049,\"height\":2560,\"caption\":\"Vincent Van Gogh - Paul Gauguinova fotelja - Ru\u010dno naslikane reprodukcije poznatih slikara, moderne zidne slike, umjetni\u010dke slike za zid\"},{\"@type\":\"BreadcrumbList\",\"@id\":\"https:\/\/svetslik.si\/hr\/vincent-van-gogh\/paul-gauguins-armchair\/#breadcrumb\",\"itemListElement\":[{\"@type\":\"ListItem\",\"position\":1,\"name\":\"Umjetni\u010dke zidne slike na platnu\",\"item\":\"https:\/\/svetslik.si\/hr\/\"},{\"@type\":\"ListItem\",\"position\":2,\"name\":\"Prodaja slika\",\"item\":\"https:\/\/svetslik.si\/prodaja-slik\/\"},{\"@type\":\"ListItem\",\"position\":3,\"name\":\"Vincent van Gogh &#8211; Paul Gauguin&#8217;s Armchair\"}]},{\"@type\":\"WebSite\",\"@id\":\"https:\/\/svetslik.si\/hr\/#website\",\"url\":\"https:\/\/svetslik.si\/hr\/\",\"name\":\"SVETSLIK.SI\",\"description\":\"100% ru\u010dno naslikane reprodukcije slika poznatih slikara in umjetni\u010dke zidne slike na platnu.\",\"publisher\":{\"@id\":\"https:\/\/svetslik.si\/hr\/#organization\"},\"potentialAction\":[{\"@type\":\"SearchAction\",\"target\":{\"@type\":\"EntryPoint\",\"urlTemplate\":\"https:\/\/svetslik.si\/hr\/?s={search_term_string}\"},\"query-input\":{\"@type\":\"PropertyValueSpecification\",\"valueRequired\":true,\"valueName\":\"search_term_string\"}}],\"inLanguage\":\"hr\"},{\"@type\":\"Organization\",\"@id\":\"https:\/\/svetslik.si\/hr\/#organization\",\"name\":\"SvetSlik.si\",\"url\":\"https:\/\/svetslik.si\/hr\/\",\"logo\":{\"@type\":\"ImageObject\",\"inLanguage\":\"hr\",\"@id\":\"https:\/\/svetslik.si\/hr\/#\/schema\/logo\/image\/\",\"url\":\"https:\/\/svetslik.si\/wp-content\/uploads\/2020\/12\/logo-512.png\",\"contentUrl\":\"https:\/\/svetslik.si\/wp-content\/uploads\/2020\/12\/logo-512.png\",\"width\":512,\"height\":512,\"caption\":\"SvetSlik.si\"},\"image\":{\"@id\":\"https:\/\/svetslik.si\/hr\/#\/schema\/logo\/image\/\"},\"sameAs\":[\"https:\/\/www.facebook.com\/svetslik.si\",\"https:\/\/x.com\/svetslik\",\"https:\/\/www.instagram.com\/svetslik.si\/\",\"https:\/\/www.linkedin.com\/company\/svetslik-si\"]}]}<\/script>\n<meta property=\"og:availability\" content=\"backorder\" \/>\n<meta property=\"product:availability\" content=\"available for order\" \/>\n<meta property=\"product:retailer_item_id\" content=\"398__\" \/>\n<meta property=\"product:condition\" content=\"new\" \/>\n<!-- \/ Yoast SEO Premium plugin. -->","yoast_head_json":{"title":"Vincent van Gogh - Paul Gauguin's Armchair - SVETSLIK.SI - 100% ru\u010dno naslikano","description":"Vincent van Gogh - Paul Gauguin's Armchair - 100% ru\u010dno naslikane reprodukcije slika na platnu. Okvirivanje slika, prodaja i izrada slika u dimenzijama po narud\u017ebi.","robots":{"index":"index","follow":"follow","max-snippet":"max-snippet:-1","max-image-preview":"max-image-preview:large","max-video-preview":"max-video-preview:-1"},"canonical":"https:\/\/svetslik.si\/hr\/vincent-van-gogh\/paul-gauguins-armchair\/","og_locale":"hr_HR","og_type":"article","og_title":"Vincent van Gogh - Paul Gauguin's Armchair","og_description":"100% ro\u010dno naslikane slike na platnu, reprodukcije znanih slikarjev in umetni\u0161ke slike po naro\u010dilu.","og_url":"https:\/\/svetslik.si\/hr\/vincent-van-gogh\/paul-gauguins-armchair\/","og_site_name":"SVETSLIK.SI","article_publisher":"https:\/\/www.facebook.com\/svetslik.si","article_modified_time":"2024-07-04T13:56:55+00:00","og_image":[{"width":2049,"height":2560,"url":"https:\/\/svetslik.si\/wp-content\/uploads\/2021\/08\/image_Paul-Gauguins-Armchair-van-Gogh_680-scaled.jpg","type":"image\/jpeg"}],"twitter_card":"summary_large_image","twitter_site":"@svetslik","twitter_misc":{"Availability":"On backorder"},"schema":{"@context":"https:\/\/schema.org","@graph":[{"@type":["WebPage","ItemPage"],"@id":"https:\/\/svetslik.si\/hr\/vincent-van-gogh\/paul-gauguins-armchair\/","url":"https:\/\/svetslik.si\/hr\/vincent-van-gogh\/paul-gauguins-armchair\/","name":"Vincent van Gogh - Paul Gauguin's Armchair - SVETSLIK.SI - 100% ru\u010dno naslikano","isPartOf":{"@id":"https:\/\/svetslik.si\/hr\/#website"},"primaryImageOfPage":{"@id":"https:\/\/svetslik.si\/hr\/vincent-van-gogh\/paul-gauguins-armchair\/#primaryimage"},"image":{"@id":"https:\/\/svetslik.si\/hr\/vincent-van-gogh\/paul-gauguins-armchair\/#primaryimage"},"thumbnailUrl":"https:\/\/svetslik.si\/wp-content\/uploads\/2021\/08\/image_Paul-Gauguins-Armchair-van-Gogh_680-scaled.jpg","datePublished":"2021-09-02T16:05:22+00:00","dateModified":"2024-07-04T13:56:55+00:00","description":"Vincent van Gogh - Paul Gauguin's Armchair - 100% ru\u010dno naslikane reprodukcije slika na platnu. Okvirivanje slika, prodaja i izrada slika u dimenzijama po narud\u017ebi.","breadcrumb":{"@id":"https:\/\/svetslik.si\/hr\/vincent-van-gogh\/paul-gauguins-armchair\/#breadcrumb"},"inLanguage":"hr","potentialAction":[{"@type":"ReadAction","target":["https:\/\/svetslik.si\/hr\/vincent-van-gogh\/paul-gauguins-armchair\/"]}]},{"@type":"ImageObject","inLanguage":"hr","@id":"https:\/\/svetslik.si\/hr\/vincent-van-gogh\/paul-gauguins-armchair\/#primaryimage","url":"https:\/\/svetslik.si\/wp-content\/uploads\/2021\/08\/image_Paul-Gauguins-Armchair-van-Gogh_680-scaled.jpg","contentUrl":"https:\/\/svetslik.si\/wp-content\/uploads\/2021\/08\/image_Paul-Gauguins-Armchair-van-Gogh_680-scaled.jpg","width":2049,"height":2560,"caption":"Vincent Van Gogh - Paul Gauguinova fotelja - Ru\u010dno naslikane reprodukcije poznatih slikara, moderne zidne slike, umjetni\u010dke slike za zid"},{"@type":"BreadcrumbList","@id":"https:\/\/svetslik.si\/hr\/vincent-van-gogh\/paul-gauguins-armchair\/#breadcrumb","itemListElement":[{"@type":"ListItem","position":1,"name":"Umjetni\u010dke zidne slike na platnu","item":"https:\/\/svetslik.si\/hr\/"},{"@type":"ListItem","position":2,"name":"Prodaja slika","item":"https:\/\/svetslik.si\/prodaja-slik\/"},{"@type":"ListItem","position":3,"name":"Vincent van Gogh &#8211; Paul Gauguin&#8217;s Armchair"}]},{"@type":"WebSite","@id":"https:\/\/svetslik.si\/hr\/#website","url":"https:\/\/svetslik.si\/hr\/","name":"SVETSLIK.SI","description":"100% ru\u010dno naslikane reprodukcije slika poznatih slikara in umjetni\u010dke zidne slike na platnu.","publisher":{"@id":"https:\/\/svetslik.si\/hr\/#organization"},"potentialAction":[{"@type":"SearchAction","target":{"@type":"EntryPoint","urlTemplate":"https:\/\/svetslik.si\/hr\/?s={search_term_string}"},"query-input":{"@type":"PropertyValueSpecification","valueRequired":true,"valueName":"search_term_string"}}],"inLanguage":"hr"},{"@type":"Organization","@id":"https:\/\/svetslik.si\/hr\/#organization","name":"SvetSlik.si","url":"https:\/\/svetslik.si\/hr\/","logo":{"@type":"ImageObject","inLanguage":"hr","@id":"https:\/\/svetslik.si\/hr\/#\/schema\/logo\/image\/","url":"https:\/\/svetslik.si\/wp-content\/uploads\/2020\/12\/logo-512.png","contentUrl":"https:\/\/svetslik.si\/wp-content\/uploads\/2020\/12\/logo-512.png","width":512,"height":512,"caption":"SvetSlik.si"},"image":{"@id":"https:\/\/svetslik.si\/hr\/#\/schema\/logo\/image\/"},"sameAs":["https:\/\/www.facebook.com\/svetslik.si","https:\/\/x.com\/svetslik","https:\/\/www.instagram.com\/svetslik.si\/","https:\/\/www.linkedin.com\/company\/svetslik-si"]}]},"og_availability":"backorder","product_availability":"available for order","product_retailer_item_id":"398__","product_condition":"new"},"jetpack_sharing_enabled":true,"_links":{"self":[{"href":"https:\/\/svetslik.si\/hr\/wp-json\/wp\/v2\/product\/24917","targetHints":{"allow":["GET"]}}],"collection":[{"href":"https:\/\/svetslik.si\/hr\/wp-json\/wp\/v2\/product"}],"about":[{"href":"https:\/\/svetslik.si\/hr\/wp-json\/wp\/v2\/types\/product"}],"wp:featuredmedia":[{"embeddable":true,"href":"https:\/\/svetslik.si\/hr\/wp-json\/wp\/v2\/media\/20571"}],"wp:attachment":[{"href":"https:\/\/svetslik.si\/hr\/wp-json\/wp\/v2\/media?parent=24917"}],"wp:term":[{"taxonomy":"product_brand","embeddable":true,"href":"https:\/\/svetslik.si\/hr\/wp-json\/wp\/v2\/product_brand?post=24917"},{"taxonomy":"product_cat","embeddable":true,"href":"https:\/\/svetslik.si\/hr\/wp-json\/wp\/v2\/product_cat?post=24917"},{"taxonomy":"product_tag","embeddable":true,"href":"https:\/\/svetslik.si\/hr\/wp-json\/wp\/v2\/product_tag?post=24917"}],"curies":[{"name":"wp","href":"https:\/\/api.w.org\/{rel}","templated":true}]}}